{"id":5604,"date":"2023-09-21T11:04:42","date_gmt":"2023-09-21T09:04:42","guid":{"rendered":"http:\/\/localhost\/ins-test\/?post_type=product&#038;p=5604"},"modified":"2026-01-29T08:46:47","modified_gmt":"2026-01-29T07:46:47","slug":"platymeris-biguttatus","status":"publish","type":"product","link":"https:\/\/insektenliebe.com\/de\/shop\/produkt\/platymeris-biguttatus\/","title":{"rendered":"Platymeris biguttatus"},"content":{"rendered":"<h3><span style=\"color: #99cc33\">Erlebe hautnah die Faszination der Zweifleck Raubwanze \u2013 Platymeris biguttatus!<\/span><\/h3>\n<p>Die geheimnisvolle und zugleich aufregende Zweifleck Raubwanze, <strong>Platymeris biguttatus<\/strong>, nimmt uns mit auf eine Reise in die unber\u00fchrte Natur S\u00fcd- und S\u00fcdwestafrikas. Diese r\u00e4uberische Wanze, mit ihrem l\u00e4hmenden Gift, stellt ein au\u00dfergew\u00f6hnliches und faszinierendes Erlebnis f\u00fcr alle Liebhaber exotischer Insekten dar<\/p>\n<p>Wenn du dich f\u00fcr die Haltung von <strong>Platymeris biguttatus<\/strong> entscheidest, begibst du dich auf eine spannende Entdeckungstour. Ein 30\u00d730\u00d730 cm Terrarium, ausgestattet mit einer Mischung aus W\u00fcstensand und Waldhumus im Verh\u00e4ltnis 1:1, schafft den idealen Bodengrund. Eine Luftfeuchtigkeit von 60-70% ist dabei essenziell, um ein wohlwollendes Klima zu erzeugen, in dem die Zweifleck Raubwanze gehalten und sich vermehren kann.<\/p>\n<p>Die F\u00fctterungsh\u00e4ufigkeit kann je nach Alter, Gr\u00f6\u00dfe und individuellen Bed\u00fcrfnissen des Tieres variieren. Bei <strong>Platymeris biguttatus<\/strong>, also der Zweifleck Raubwanze, w\u00e4re es ratsam, alle 3-4 Tage zu f\u00fcttern, insbesondere wenn die Tiere jung sind und wachsen. Es ist wichtig, die Tiere zu beobachten und auf Anzeichen von Hunger zu achten, wie erh\u00f6hte Aktivit\u00e4t und die Suche nach Nahrung. Wenn die Tiere satt sind, ziehen sie sich oft in ihre Verstecke zur\u00fcck. Beachte auch, dass ein \u00dcberangebot an Futter zu Problemen f\u00fchren kann, etwa wenn nicht gefressene Beutetiere im Terrarium verbleiben. Daher ist es wichtig, das Futterangebot an den Bedarf der Tiere anzupassen und das Terrarium regelm\u00e4\u00dfig zu \u00fcberpr\u00fcfen und zu reinigen.<\/p>\n<p>Springschw\u00e4nze erweisen sich als eine hervorragende \u201eBodenpolizei\u201c, da sie aktiv zur Aufrechterhaltung eines gesunden Mikroklimas beitragen. Sie ern\u00e4hren sich von abgestorbenen Pflanzenteilen, Futterresten und anderem organischen Material, wodurch sie dazu beitragen, das Substrat sauber und frei von Schimmel und F\u00e4ulnis zu halten.<\/p>\n<p>Korkr\u00f6hren und Kunstpflanzen k\u00f6nnen ihr Terrarium nicht nur optisch aufwerten, sondern bieten auch dringend ben\u00f6tigte Verstecke. Eine dauerhaft zur Verf\u00fcgung stehende Wasserschale ist unabdingbar.<\/p>\n<p>Es ist ein ausgesprochen ber\u00fchrendes und belohnendes Unterfangen, sich auf die Zucht der <strong>Platymeris biguttatus<\/strong> einzulassen. Die Beobachtung der Larven, die nach der etwa 4-w\u00f6chigen Inkubationszeit aus den im Substrat abgelegten Eiern schl\u00fcpfen, vermag das Herz jedes Tierfreundes zu erw\u00e4rmen.<\/p>\n<p>Beachte bei der Gruppenhaltung von <strong>Platymeris biguttatus<\/strong> die Bereitstellung ausreichender Nahrung und zahlreicher Verstecke, um ein harmonisches Zusammenleben zu gew\u00e4hrleisten. Obwohl das Gift der Raubwanze f\u00fcr den Menschen im Allgemeinen nicht gef\u00e4hrlich ist, sollte man vorsichtig sein. Der Stich ist mit dem Schmerz eines Wespenstichs vergleichbar.<\/p>\n<p>Dein liebevoller Einsatz und deine F\u00fcrsorge in die Pflege und Zucht deiner <strong>Platymeris biguttatus<\/strong> werden dir durch die faszinierenden Lebensweisen und die atemberaubende \u00c4sthetik dieser r\u00e4uberischen Wanzen reichlich zur\u00fcckgegeben. Mit deinem verantwortungsbewussten Engagement f\u00fcr eine nachhaltige Zucht, erlebst du unz\u00e4hlige, unvergessliche und lehrreiche Augenblicke mit dieser erstaunlichen Spezies.<\/p>\n<p><img decoding=\"async\" src=\"https:\/\/insektenliebe.com\/wp-content\/uploads\/2023\/09\/Platymeris-biguttatus-Ast.jpg\" alt=\"Platymeris biguttatus-Ast\" \/><\/p>\n<p><img decoding=\"async\" src=\"https:\/\/insektenliebe.com\/wp-content\/uploads\/2023\/09\/Platymeris-biguttatus-Terrarium.jpg\" alt=\"Platymeris biguttatus-Terrarium\" \/><\/p>\n","protected":false},"excerpt":{"rendered":"<p>Erlebe hautnah die Faszination der Zweifleck Raubwanze \u2013 Platymeris biguttatus! Die geheimnisvolle und zugleich aufregende Zweifleck Raubwanze, Platymeris biguttatus, nimmt uns mit auf eine Reise in die unber\u00fchrte Natur S\u00fcd- und S\u00fcdwestafrikas. Diese r\u00e4uberische Wanze, mit ihrem l\u00e4hmenden Gift, stellt ein au\u00dfergew\u00f6hnliches und faszinierendes Erlebnis f\u00fcr alle Liebhaber exotischer Insekten dar Wenn du dich f\u00fcr [&hellip;]<\/p>\n","protected":false},"featured_media":5633,"template":"","meta":{"_acf_changed":false},"product-supplier":[],"product_brand":[],"product_cat":[143],"product_tag":[],"lce-checkout-addons":[1202],"class_list":{"0":"post-5604","1":"product","2":"type-product","3":"status-publish","4":"has-post-thumbnail","6":"product_cat-sonstige-wirbellose","7":"product_shipping_class-animal-shipping","8":"pa_kontinent-afrika","9":"lce-checkout-addons-winterverpackung","11":"first","12":"outofstock","13":"taxable","14":"shipping-taxable","15":"purchasable","16":"product-type-simple"},"acf":[],"yoast_head":"<!-- This site is optimized with the Yoast SEO Premium plugin v26.8 (Yoast SEO v27.3) - https:\/\/yoast.com\/product\/yoast-seo-premium-wordpress\/ -->\n<title>Platymeris biguttatus - Insektenliebe<\/title>\n<meta name=\"description\" content=\"G\u00fcnstige Platymeris biguttatus direkt online kaufen! Nachzuchten der faszinierenden Raubwanze mit Haltungsbeschreibung und Zubeh\u00f6r.\" \/>\n<meta name=\"robots\" content=\"index, follow, max-snippet:-1, max-image-preview:large, max-video-preview:-1\" \/>\n<link rel=\"canonical\" href=\"https:\/\/insektenliebe.com\/de\/shop\/produkt\/platymeris-biguttatus\/\" \/>\n<meta property=\"og:locale\" content=\"de_DE\" \/>\n<meta property=\"og:type\" content=\"article\" \/>\n<meta property=\"og:title\" content=\"Platymeris biguttatus\" \/>\n<meta property=\"og:description\" content=\"G\u00fcnstige Platymeris biguttatus direkt online kaufen! Nachzuchten der faszinierenden Raubwanze mit Haltungsbeschreibung und Zubeh\u00f6r.\" \/>\n<meta property=\"og:url\" content=\"https:\/\/insektenliebe.com\/de\/shop\/produkt\/platymeris-biguttatus\/\" \/>\n<meta property=\"og:site_name\" content=\"Insektenliebe\" \/>\n<meta property=\"article:modified_time\" content=\"2026-01-29T07:46:47+00:00\" \/>\n<meta property=\"og:image\" content=\"https:\/\/insektenliebe.com\/wp-content\/uploads\/2025\/05\/Platymeris-biguttatus-2.jpg\" \/>\n\t<meta property=\"og:image:width\" content=\"820\" \/>\n\t<meta property=\"og:image:height\" content=\"820\" \/>\n\t<meta property=\"og:image:type\" content=\"image\/jpeg\" \/>\n<meta name=\"twitter:card\" content=\"summary_large_image\" \/>\n<meta name=\"twitter:label1\" content=\"Preis\" \/>\n\t<meta name=\"twitter:data1\" content=\"6,95&nbsp;&euro; inkl. MwSt. zzgl. Versand\" \/>\n\t<meta name=\"twitter:label2\" content=\"Verf\u00fcgbarkeit\" \/>\n\t<meta name=\"twitter:data2\" content=\"ausverkauft\" \/>\n<script type=\"application\/ld+json\" class=\"yoast-schema-graph\">{\"@context\":\"https:\\\/\\\/schema.org\",\"@graph\":[{\"@type\":\"WebPage\",\"@id\":\"https:\\\/\\\/insektenliebe.com\\\/de\\\/shop\\\/produkt\\\/platymeris-biguttatus\\\/\",\"url\":\"https:\\\/\\\/insektenliebe.com\\\/de\\\/shop\\\/produkt\\\/platymeris-biguttatus\\\/\",\"name\":\"Platymeris biguttatus - Insektenliebe\",\"isPartOf\":{\"@id\":\"https:\\\/\\\/insektenliebe.com\\\/de\\\/#website\"},\"primaryImageOfPage\":{\"@id\":\"https:\\\/\\\/insektenliebe.com\\\/de\\\/shop\\\/produkt\\\/platymeris-biguttatus\\\/#primaryimage\"},\"image\":{\"@id\":\"https:\\\/\\\/insektenliebe.com\\\/de\\\/shop\\\/produkt\\\/platymeris-biguttatus\\\/#primaryimage\"},\"thumbnailUrl\":\"https:\\\/\\\/insektenliebe.com\\\/wp-content\\\/uploads\\\/2025\\\/05\\\/Platymeris-biguttatus-2.jpg\",\"datePublished\":\"2023-09-21T09:04:42+00:00\",\"dateModified\":\"2026-01-29T07:46:47+00:00\",\"description\":\"G\u00fcnstige Platymeris biguttatus direkt online kaufen! Nachzuchten der faszinierenden Raubwanze mit Haltungsbeschreibung und Zubeh\u00f6r.\",\"breadcrumb\":{\"@id\":\"https:\\\/\\\/insektenliebe.com\\\/de\\\/shop\\\/produkt\\\/platymeris-biguttatus\\\/#breadcrumb\"},\"inLanguage\":\"de\",\"potentialAction\":[{\"@type\":\"ReadAction\",\"target\":[\"https:\\\/\\\/insektenliebe.com\\\/de\\\/shop\\\/produkt\\\/platymeris-biguttatus\\\/\"]}]},{\"@type\":\"ImageObject\",\"inLanguage\":\"de\",\"@id\":\"https:\\\/\\\/insektenliebe.com\\\/de\\\/shop\\\/produkt\\\/platymeris-biguttatus\\\/#primaryimage\",\"url\":\"https:\\\/\\\/insektenliebe.com\\\/wp-content\\\/uploads\\\/2025\\\/05\\\/Platymeris-biguttatus-2.jpg\",\"contentUrl\":\"https:\\\/\\\/insektenliebe.com\\\/wp-content\\\/uploads\\\/2025\\\/05\\\/Platymeris-biguttatus-2.jpg\",\"width\":820,\"height\":820,\"caption\":\"Platymeris-biguttatus-2.jpg\"},{\"@type\":\"BreadcrumbList\",\"@id\":\"https:\\\/\\\/insektenliebe.com\\\/de\\\/shop\\\/produkt\\\/platymeris-biguttatus\\\/#breadcrumb\",\"itemListElement\":[{\"@type\":\"ListItem\",\"position\":1,\"name\":\"Startseite\",\"item\":\"https:\\\/\\\/insektenliebe.com\\\/de\\\/\"},{\"@type\":\"ListItem\",\"position\":2,\"name\":\"Shop\",\"item\":\"https:\\\/\\\/insektenliebe.com\\\/de\\\/shop\\\/\"},{\"@type\":\"ListItem\",\"position\":3,\"name\":\"Platymeris biguttatus\"}]},{\"@type\":\"WebSite\",\"@id\":\"https:\\\/\\\/insektenliebe.com\\\/de\\\/#website\",\"url\":\"https:\\\/\\\/insektenliebe.com\\\/de\\\/\",\"name\":\"Insektenliebe\",\"description\":\"Dein Zuhause f\u00fcr die kleinen Lebewesen\",\"publisher\":{\"@id\":\"https:\\\/\\\/insektenliebe.com\\\/de\\\/#organization\"},\"potentialAction\":[{\"@type\":\"SearchAction\",\"target\":{\"@type\":\"EntryPoint\",\"urlTemplate\":\"https:\\\/\\\/insektenliebe.com\\\/de\\\/?s={search_term_string}\"},\"query-input\":{\"@type\":\"PropertyValueSpecification\",\"valueRequired\":true,\"valueName\":\"search_term_string\"}}],\"inLanguage\":\"de\"},{\"@type\":\"Organization\",\"@id\":\"https:\\\/\\\/insektenliebe.com\\\/de\\\/#organization\",\"name\":\"Insektenliebe\",\"url\":\"https:\\\/\\\/insektenliebe.com\\\/de\\\/\",\"logo\":{\"@type\":\"ImageObject\",\"inLanguage\":\"de\",\"@id\":\"https:\\\/\\\/insektenliebe.com\\\/de\\\/#\\\/schema\\\/logo\\\/image\\\/\",\"url\":\"https:\\\/\\\/insektenliebe.com\\\/wp-content\\\/uploads\\\/2025\\\/03\\\/logo-white.png\",\"contentUrl\":\"https:\\\/\\\/insektenliebe.com\\\/wp-content\\\/uploads\\\/2025\\\/03\\\/logo-white.png\",\"width\":288,\"height\":188,\"caption\":\"Insektenliebe\"},\"image\":{\"@id\":\"https:\\\/\\\/insektenliebe.com\\\/de\\\/#\\\/schema\\\/logo\\\/image\\\/\"}}]}<\/script>\n<meta property=\"product:price:amount\" content=\"6.95\" \/>\n<meta property=\"product:price:currency\" content=\"EUR\" \/>\n<meta property=\"og:availability\" content=\"out of stock\" \/>\n<meta property=\"product:availability\" content=\"out of stock\" \/>\n<meta property=\"product:retailer_item_id\" content=\"483\" \/>\n<meta property=\"product:condition\" content=\"new\" \/>\n<!-- \/ Yoast SEO Premium plugin. -->","yoast_head_json":{"title":"Platymeris biguttatus - Insektenliebe","description":"G\u00fcnstige Platymeris biguttatus direkt online kaufen! Nachzuchten der faszinierenden Raubwanze mit Haltungsbeschreibung und Zubeh\u00f6r.","robots":{"index":"index","follow":"follow","max-snippet":"max-snippet:-1","max-image-preview":"max-image-preview:large","max-video-preview":"max-video-preview:-1"},"canonical":"https:\/\/insektenliebe.com\/de\/shop\/produkt\/platymeris-biguttatus\/","og_locale":"de_DE","og_type":"article","og_title":"Platymeris biguttatus","og_description":"G\u00fcnstige Platymeris biguttatus direkt online kaufen! Nachzuchten der faszinierenden Raubwanze mit Haltungsbeschreibung und Zubeh\u00f6r.","og_url":"https:\/\/insektenliebe.com\/de\/shop\/produkt\/platymeris-biguttatus\/","og_site_name":"Insektenliebe","article_modified_time":"2026-01-29T07:46:47+00:00","og_image":[{"width":820,"height":820,"url":"https:\/\/insektenliebe.com\/wp-content\/uploads\/2025\/05\/Platymeris-biguttatus-2.jpg","type":"image\/jpeg"}],"twitter_card":"summary_large_image","twitter_misc":{"Preis":"6,95&nbsp;&euro; inkl. MwSt. zzgl. Versand","Verf\u00fcgbarkeit":"ausverkauft"},"schema":{"@context":"https:\/\/schema.org","@graph":[{"@type":"WebPage","@id":"https:\/\/insektenliebe.com\/de\/shop\/produkt\/platymeris-biguttatus\/","url":"https:\/\/insektenliebe.com\/de\/shop\/produkt\/platymeris-biguttatus\/","name":"Platymeris biguttatus - Insektenliebe","isPartOf":{"@id":"https:\/\/insektenliebe.com\/de\/#website"},"primaryImageOfPage":{"@id":"https:\/\/insektenliebe.com\/de\/shop\/produkt\/platymeris-biguttatus\/#primaryimage"},"image":{"@id":"https:\/\/insektenliebe.com\/de\/shop\/produkt\/platymeris-biguttatus\/#primaryimage"},"thumbnailUrl":"https:\/\/insektenliebe.com\/wp-content\/uploads\/2025\/05\/Platymeris-biguttatus-2.jpg","datePublished":"2023-09-21T09:04:42+00:00","dateModified":"2026-01-29T07:46:47+00:00","description":"G\u00fcnstige Platymeris biguttatus direkt online kaufen! Nachzuchten der faszinierenden Raubwanze mit Haltungsbeschreibung und Zubeh\u00f6r.","breadcrumb":{"@id":"https:\/\/insektenliebe.com\/de\/shop\/produkt\/platymeris-biguttatus\/#breadcrumb"},"inLanguage":"de","potentialAction":[{"@type":"ReadAction","target":["https:\/\/insektenliebe.com\/de\/shop\/produkt\/platymeris-biguttatus\/"]}]},{"@type":"ImageObject","inLanguage":"de","@id":"https:\/\/insektenliebe.com\/de\/shop\/produkt\/platymeris-biguttatus\/#primaryimage","url":"https:\/\/insektenliebe.com\/wp-content\/uploads\/2025\/05\/Platymeris-biguttatus-2.jpg","contentUrl":"https:\/\/insektenliebe.com\/wp-content\/uploads\/2025\/05\/Platymeris-biguttatus-2.jpg","width":820,"height":820,"caption":"Platymeris-biguttatus-2.jpg"},{"@type":"BreadcrumbList","@id":"https:\/\/insektenliebe.com\/de\/shop\/produkt\/platymeris-biguttatus\/#breadcrumb","itemListElement":[{"@type":"ListItem","position":1,"name":"Startseite","item":"https:\/\/insektenliebe.com\/de\/"},{"@type":"ListItem","position":2,"name":"Shop","item":"https:\/\/insektenliebe.com\/de\/shop\/"},{"@type":"ListItem","position":3,"name":"Platymeris biguttatus"}]},{"@type":"WebSite","@id":"https:\/\/insektenliebe.com\/de\/#website","url":"https:\/\/insektenliebe.com\/de\/","name":"Insektenliebe","description":"Dein Zuhause f\u00fcr die kleinen Lebewesen","publisher":{"@id":"https:\/\/insektenliebe.com\/de\/#organization"},"potentialAction":[{"@type":"SearchAction","target":{"@type":"EntryPoint","urlTemplate":"https:\/\/insektenliebe.com\/de\/?s={search_term_string}"},"query-input":{"@type":"PropertyValueSpecification","valueRequired":true,"valueName":"search_term_string"}}],"inLanguage":"de"},{"@type":"Organization","@id":"https:\/\/insektenliebe.com\/de\/#organization","name":"Insektenliebe","url":"https:\/\/insektenliebe.com\/de\/","logo":{"@type":"ImageObject","inLanguage":"de","@id":"https:\/\/insektenliebe.com\/de\/#\/schema\/logo\/image\/","url":"https:\/\/insektenliebe.com\/wp-content\/uploads\/2025\/03\/logo-white.png","contentUrl":"https:\/\/insektenliebe.com\/wp-content\/uploads\/2025\/03\/logo-white.png","width":288,"height":188,"caption":"Insektenliebe"},"image":{"@id":"https:\/\/insektenliebe.com\/de\/#\/schema\/logo\/image\/"}}]},"product_price_amount":"6.95","product_price_currency":"EUR","og_availability":"out of stock","product_availability":"out of stock","product_retailer_item_id":"483","product_condition":"new"},"_links":{"self":[{"href":"https:\/\/insektenliebe.com\/de\/wp-json\/wp\/v2\/product\/5604","targetHints":{"allow":["GET"]}}],"collection":[{"href":"https:\/\/insektenliebe.com\/de\/wp-json\/wp\/v2\/product"}],"about":[{"href":"https:\/\/insektenliebe.com\/de\/wp-json\/wp\/v2\/types\/product"}],"wp:featuredmedia":[{"embeddable":true,"href":"https:\/\/insektenliebe.com\/de\/wp-json\/wp\/v2\/media\/5633"}],"wp:attachment":[{"href":"https:\/\/insektenliebe.com\/de\/wp-json\/wp\/v2\/media?parent=5604"}],"wp:term":[{"taxonomy":"product-supplier","embeddable":true,"href":"https:\/\/insektenliebe.com\/de\/wp-json\/wp\/v2\/product-supplier?post=5604"},{"taxonomy":"product_brand","embeddable":true,"href":"https:\/\/insektenliebe.com\/de\/wp-json\/wp\/v2\/product_brand?post=5604"},{"taxonomy":"product_cat","embeddable":true,"href":"https:\/\/insektenliebe.com\/de\/wp-json\/wp\/v2\/product_cat?post=5604"},{"taxonomy":"product_tag","embeddable":true,"href":"https:\/\/insektenliebe.com\/de\/wp-json\/wp\/v2\/product_tag?post=5604"},{"taxonomy":"lce-checkout-addons","embeddable":true,"href":"https:\/\/insektenliebe.com\/de\/wp-json\/wp\/v2\/lce-checkout-addons?post=5604"}],"curies":[{"name":"wp","href":"https:\/\/api.w.org\/{rel}","templated":true}]}}