{"id":5603,"date":"2023-09-13T14:46:38","date_gmt":"2023-09-13T12:46:38","guid":{"rendered":"http:\/\/localhost\/ins-test\/?post_type=product&#038;p=5603"},"modified":"2026-04-18T18:53:20","modified_gmt":"2026-04-18T16:53:20","slug":"reptiplanet-terrarium","status":"publish","type":"product","link":"https:\/\/insektenliebe.com\/de\/shop\/produkt\/reptiplanet-terrarium\/","title":{"rendered":"ReptiPlanet Terrarium"},"content":{"rendered":"<h3><span style=\"color: #99cc33\">ReptiPlanet Terrarium \u2013 Das Zuhause f\u00fcr Deine Exoten:<\/span><\/h3>\n<p>Stell dir vor, du k\u00f6nntest dir ein St\u00fcck unber\u00fchrter Natur direkt nach Hause holen und exotischen Tieren ein Zuhause bieten, das sowohl sicher als auch komfortabel ist. Das <strong>ReptiPlanet Terrarium<\/strong> macht genau das m\u00f6glich. Egal, ob du gerade erst in die Welt der Terrarien einsteigst oder bereits ein erfahrener Halter bist \u2013 dieses Terrarium erf\u00fcllt alle deine Anspr\u00fcche.<\/p>\n<p>Dieses hochwertige <strong>ReptiPlanet Terrarium<\/strong> eignet sich hervorragend f\u00fcr eine Vielzahl von Tieren. Besonders bodenbewohnende Vogelspinnen, Skorpione, Tausendf\u00fc\u00dfer und Asseln f\u00fchlen sich hier wohl. Aber das ist noch nicht alles: Das Design und die Funktionalit\u00e4t sind darauf ausgerichtet, auch vielen anderen exotischen Bewohnern ein behagliches Zuhause zu bieten.<\/p>\n<p>Ein besonderes Feature ist der Gazedeckel, der sich leicht aufschieben l\u00e4sst. Du wirst die praktische Futterluke lieben, die es dir erlaubt, deine Tiere schnell und stressfrei zu f\u00fcttern oder das Innere des Terrariums zu bespr\u00fchen. So minimierst du St\u00f6rungen und h\u00e4ltst gleichzeitig die Bedingungen optimal f\u00fcr deine kleinen Lieblinge.<\/p>\n<p>Dank der speziellen Konstruktion des <strong>ReptiPlanet Terrarium<\/strong> , das ohne Fall- oder Schiebet\u00fcren auskommt, kannst du die Substrath\u00f6he ganz nach deinen Vorstellungen gestalten. Grabende Arten profitieren enorm von dieser Freiheit. Sie haben die M\u00f6glichkeit, tiefer in das Substrat einzudringen und k\u00f6nnen so ihren Grabinstinkten besser nachkommen.<\/p>\n<p>Tiere, die sich haupts\u00e4chlich auf oder im Substrat bewegen, profitieren ebenso von dieser offenen Gestaltung. Es erm\u00f6glicht ihnen, sich v\u00f6llig nat\u00fcrlich zu verhalten, was nicht nur ihr Wohlbefinden steigert. F\u00fcr dich \u00f6ffnet sich damit das Fenster zu einer faszinierenden Welt, in der du die nat\u00fcrlichen Verhaltensweisen deiner Tiere aus n\u00e4chster N\u00e4he beobachten kannst.<\/p>\n<p>Das durchdachte Design h\u00f6rt hier aber nicht auf. Dank der F\u00fc\u00dfe, auf denen das <strong>ReptiPlanet Terrarium<\/strong> steht, kannst du m\u00fchelos eine Heizmatte darunter platzieren. Dies erm\u00f6glicht es dir, die Temperatur je nach Bed\u00fcrfnis deiner Tiere pr\u00e4zise zu steuern und eine ideale Umgebung zu schaffen.<\/p>\n<p>Zusammengefasst bietet das <strong>ReptiPlanet Terrarium<\/strong> dir nicht nur eine optisch ansprechende M\u00f6glichkeit, deine exotischen Tiere zu pr\u00e4sentieren, sondern auch eine technisch ausgereifte L\u00f6sung, die auf die Bed\u00fcrfnisse von Halter und Tier gleicherma\u00dfen abgestimmt ist. Investiere in Qualit\u00e4t und Funktionalit\u00e4t \u2013 mit dem <strong>ReptiPlanet Terrarium<\/strong> machst du alles richtig.<\/p>\n","protected":false},"excerpt":{"rendered":"<p>ReptiPlanet Terrarium \u2013 Das Zuhause f\u00fcr Deine Exoten: Stell dir vor, du k\u00f6nntest dir ein St\u00fcck unber\u00fchrter Natur direkt nach Hause holen und exotischen Tieren ein Zuhause bieten, das sowohl sicher als auch komfortabel ist. Das ReptiPlanet Terrarium macht genau das m\u00f6glich. Egal, ob du gerade erst in die Welt der Terrarien einsteigst oder bereits [&hellip;]<\/p>\n","protected":false},"featured_media":5632,"template":"","meta":{"_acf_changed":false},"product-supplier":[],"product_brand":[],"product_cat":[130],"product_tag":[],"lce-checkout-addons":[],"class_list":{"0":"post-5603","1":"product","2":"type-product","3":"status-publish","4":"has-post-thumbnail","6":"product_cat-terrarien-behaelter","7":"product_shipping_class-equipment-shipping","9":"first","10":"instock","11":"taxable","12":"shipping-taxable","13":"purchasable","14":"product-type-variable","15":"has-default-attributes"},"acf":[],"yoast_head":"<!-- This site is optimized with the Yoast SEO plugin v27.3 - https:\/\/yoast.com\/product\/yoast-seo-wordpress\/ -->\n<title>ReptiPlanet Terrarium - Insektenliebe<\/title>\n<meta name=\"description\" content=\"Hier kannst du ein ReptiPlanet Terrarium direkt online kaufen. Dieses hochwertige Terrarium eignet sich hervorragend f\u00fcr eine Vielzahl von Tieren.\" \/>\n<meta name=\"robots\" content=\"index, follow, max-snippet:-1, max-image-preview:large, max-video-preview:-1\" \/>\n<link rel=\"canonical\" href=\"https:\/\/insektenliebe.com\/de\/shop\/produkt\/reptiplanet-terrarium\/\" \/>\n<meta property=\"og:locale\" content=\"de_DE\" \/>\n<meta property=\"og:type\" content=\"article\" \/>\n<meta property=\"og:title\" content=\"ReptiPlanet Terrarium - Insektenliebe\" \/>\n<meta property=\"og:description\" content=\"Hier kannst du ein ReptiPlanet Terrarium direkt online kaufen. Dieses hochwertige Terrarium eignet sich hervorragend f\u00fcr eine Vielzahl von Tieren.\" \/>\n<meta property=\"og:url\" content=\"https:\/\/insektenliebe.com\/de\/shop\/produkt\/reptiplanet-terrarium\/\" \/>\n<meta property=\"og:site_name\" content=\"Insektenliebe\" \/>\n<meta property=\"article:modified_time\" content=\"2026-04-18T16:53:20+00:00\" \/>\n<meta property=\"og:image\" content=\"https:\/\/insektenliebe.com\/wp-content\/uploads\/2025\/05\/ReptiPlanet-Glasterrarium-1-2.jpg\" \/>\n\t<meta property=\"og:image:width\" content=\"820\" \/>\n\t<meta property=\"og:image:height\" content=\"820\" \/>\n\t<meta property=\"og:image:type\" content=\"image\/jpeg\" \/>\n<meta name=\"twitter:card\" content=\"summary_large_image\" \/>\n<meta name=\"twitter:label1\" content=\"Gesch\u00e4tzte Lesezeit\" \/>\n\t<meta name=\"twitter:data1\" content=\"3\u00a0Minuten\" \/>\n<script type=\"application\/ld+json\" class=\"yoast-schema-graph\">{\"@context\":\"https:\\\/\\\/schema.org\",\"@graph\":[{\"@type\":\"WebPage\",\"@id\":\"https:\\\/\\\/insektenliebe.com\\\/de\\\/shop\\\/produkt\\\/reptiplanet-terrarium\\\/\",\"url\":\"https:\\\/\\\/insektenliebe.com\\\/de\\\/shop\\\/produkt\\\/reptiplanet-terrarium\\\/\",\"name\":\"ReptiPlanet Terrarium - Insektenliebe\",\"isPartOf\":{\"@id\":\"https:\\\/\\\/insektenliebe.com\\\/de\\\/#website\"},\"primaryImageOfPage\":{\"@id\":\"https:\\\/\\\/insektenliebe.com\\\/de\\\/shop\\\/produkt\\\/reptiplanet-terrarium\\\/#primaryimage\"},\"image\":{\"@id\":\"https:\\\/\\\/insektenliebe.com\\\/de\\\/shop\\\/produkt\\\/reptiplanet-terrarium\\\/#primaryimage\"},\"thumbnailUrl\":\"https:\\\/\\\/insektenliebe.com\\\/wp-content\\\/uploads\\\/2025\\\/05\\\/ReptiPlanet-Glasterrarium-1-2.jpg\",\"datePublished\":\"2023-09-13T12:46:38+00:00\",\"dateModified\":\"2026-04-18T16:53:20+00:00\",\"description\":\"Hier kannst du ein ReptiPlanet Terrarium direkt online kaufen. Dieses hochwertige Terrarium eignet sich hervorragend f\u00fcr eine Vielzahl von Tieren.\",\"breadcrumb\":{\"@id\":\"https:\\\/\\\/insektenliebe.com\\\/de\\\/shop\\\/produkt\\\/reptiplanet-terrarium\\\/#breadcrumb\"},\"inLanguage\":\"de\",\"potentialAction\":[{\"@type\":\"ReadAction\",\"target\":[\"https:\\\/\\\/insektenliebe.com\\\/de\\\/shop\\\/produkt\\\/reptiplanet-terrarium\\\/\"]}]},{\"@type\":\"ImageObject\",\"inLanguage\":\"de\",\"@id\":\"https:\\\/\\\/insektenliebe.com\\\/de\\\/shop\\\/produkt\\\/reptiplanet-terrarium\\\/#primaryimage\",\"url\":\"https:\\\/\\\/insektenliebe.com\\\/wp-content\\\/uploads\\\/2025\\\/05\\\/ReptiPlanet-Glasterrarium-1-2.jpg\",\"contentUrl\":\"https:\\\/\\\/insektenliebe.com\\\/wp-content\\\/uploads\\\/2025\\\/05\\\/ReptiPlanet-Glasterrarium-1-2.jpg\",\"width\":820,\"height\":820,\"caption\":\"ReptiPlanet-Glasterrarium-1-2.jpg\"},{\"@type\":\"BreadcrumbList\",\"@id\":\"https:\\\/\\\/insektenliebe.com\\\/de\\\/shop\\\/produkt\\\/reptiplanet-terrarium\\\/#breadcrumb\",\"itemListElement\":[{\"@type\":\"ListItem\",\"position\":1,\"name\":\"Startseite\",\"item\":\"https:\\\/\\\/insektenliebe.com\\\/de\\\/\"},{\"@type\":\"ListItem\",\"position\":2,\"name\":\"Shop\",\"item\":\"https:\\\/\\\/insektenliebe.com\\\/de\\\/shop\\\/\"},{\"@type\":\"ListItem\",\"position\":3,\"name\":\"ReptiPlanet Terrarium\"}]},{\"@type\":\"WebSite\",\"@id\":\"https:\\\/\\\/insektenliebe.com\\\/de\\\/#website\",\"url\":\"https:\\\/\\\/insektenliebe.com\\\/de\\\/\",\"name\":\"Insektenliebe\",\"description\":\"Dein Zuhause f\u00fcr die kleinen Lebewesen\",\"publisher\":{\"@id\":\"https:\\\/\\\/insektenliebe.com\\\/de\\\/#organization\"},\"potentialAction\":[{\"@type\":\"SearchAction\",\"target\":{\"@type\":\"EntryPoint\",\"urlTemplate\":\"https:\\\/\\\/insektenliebe.com\\\/de\\\/?s={search_term_string}\"},\"query-input\":{\"@type\":\"PropertyValueSpecification\",\"valueRequired\":true,\"valueName\":\"search_term_string\"}}],\"inLanguage\":\"de\"},{\"@type\":\"Organization\",\"@id\":\"https:\\\/\\\/insektenliebe.com\\\/de\\\/#organization\",\"name\":\"Insektenliebe\",\"url\":\"https:\\\/\\\/insektenliebe.com\\\/de\\\/\",\"logo\":{\"@type\":\"ImageObject\",\"inLanguage\":\"de\",\"@id\":\"https:\\\/\\\/insektenliebe.com\\\/de\\\/#\\\/schema\\\/logo\\\/image\\\/\",\"url\":\"https:\\\/\\\/insektenliebe.com\\\/wp-content\\\/uploads\\\/2025\\\/03\\\/logo-white.png\",\"contentUrl\":\"https:\\\/\\\/insektenliebe.com\\\/wp-content\\\/uploads\\\/2025\\\/03\\\/logo-white.png\",\"width\":288,\"height\":188,\"caption\":\"Insektenliebe\"},\"image\":{\"@id\":\"https:\\\/\\\/insektenliebe.com\\\/de\\\/#\\\/schema\\\/logo\\\/image\\\/\"}}]}<\/script>\n<!-- \/ Yoast SEO plugin. -->","yoast_head_json":{"title":"ReptiPlanet Terrarium - Insektenliebe","description":"Hier kannst du ein ReptiPlanet Terrarium direkt online kaufen. Dieses hochwertige Terrarium eignet sich hervorragend f\u00fcr eine Vielzahl von Tieren.","robots":{"index":"index","follow":"follow","max-snippet":"max-snippet:-1","max-image-preview":"max-image-preview:large","max-video-preview":"max-video-preview:-1"},"canonical":"https:\/\/insektenliebe.com\/de\/shop\/produkt\/reptiplanet-terrarium\/","og_locale":"de_DE","og_type":"article","og_title":"ReptiPlanet Terrarium - Insektenliebe","og_description":"Hier kannst du ein ReptiPlanet Terrarium direkt online kaufen. Dieses hochwertige Terrarium eignet sich hervorragend f\u00fcr eine Vielzahl von Tieren.","og_url":"https:\/\/insektenliebe.com\/de\/shop\/produkt\/reptiplanet-terrarium\/","og_site_name":"Insektenliebe","article_modified_time":"2026-04-18T16:53:20+00:00","og_image":[{"width":820,"height":820,"url":"https:\/\/insektenliebe.com\/wp-content\/uploads\/2025\/05\/ReptiPlanet-Glasterrarium-1-2.jpg","type":"image\/jpeg"}],"twitter_card":"summary_large_image","twitter_misc":{"Gesch\u00e4tzte Lesezeit":"3\u00a0Minuten"},"schema":{"@context":"https:\/\/schema.org","@graph":[{"@type":"WebPage","@id":"https:\/\/insektenliebe.com\/de\/shop\/produkt\/reptiplanet-terrarium\/","url":"https:\/\/insektenliebe.com\/de\/shop\/produkt\/reptiplanet-terrarium\/","name":"ReptiPlanet Terrarium - Insektenliebe","isPartOf":{"@id":"https:\/\/insektenliebe.com\/de\/#website"},"primaryImageOfPage":{"@id":"https:\/\/insektenliebe.com\/de\/shop\/produkt\/reptiplanet-terrarium\/#primaryimage"},"image":{"@id":"https:\/\/insektenliebe.com\/de\/shop\/produkt\/reptiplanet-terrarium\/#primaryimage"},"thumbnailUrl":"https:\/\/insektenliebe.com\/wp-content\/uploads\/2025\/05\/ReptiPlanet-Glasterrarium-1-2.jpg","datePublished":"2023-09-13T12:46:38+00:00","dateModified":"2026-04-18T16:53:20+00:00","description":"Hier kannst du ein ReptiPlanet Terrarium direkt online kaufen. Dieses hochwertige Terrarium eignet sich hervorragend f\u00fcr eine Vielzahl von Tieren.","breadcrumb":{"@id":"https:\/\/insektenliebe.com\/de\/shop\/produkt\/reptiplanet-terrarium\/#breadcrumb"},"inLanguage":"de","potentialAction":[{"@type":"ReadAction","target":["https:\/\/insektenliebe.com\/de\/shop\/produkt\/reptiplanet-terrarium\/"]}]},{"@type":"ImageObject","inLanguage":"de","@id":"https:\/\/insektenliebe.com\/de\/shop\/produkt\/reptiplanet-terrarium\/#primaryimage","url":"https:\/\/insektenliebe.com\/wp-content\/uploads\/2025\/05\/ReptiPlanet-Glasterrarium-1-2.jpg","contentUrl":"https:\/\/insektenliebe.com\/wp-content\/uploads\/2025\/05\/ReptiPlanet-Glasterrarium-1-2.jpg","width":820,"height":820,"caption":"ReptiPlanet-Glasterrarium-1-2.jpg"},{"@type":"BreadcrumbList","@id":"https:\/\/insektenliebe.com\/de\/shop\/produkt\/reptiplanet-terrarium\/#breadcrumb","itemListElement":[{"@type":"ListItem","position":1,"name":"Startseite","item":"https:\/\/insektenliebe.com\/de\/"},{"@type":"ListItem","position":2,"name":"Shop","item":"https:\/\/insektenliebe.com\/de\/shop\/"},{"@type":"ListItem","position":3,"name":"ReptiPlanet Terrarium"}]},{"@type":"WebSite","@id":"https:\/\/insektenliebe.com\/de\/#website","url":"https:\/\/insektenliebe.com\/de\/","name":"Insektenliebe","description":"Dein Zuhause f\u00fcr die kleinen Lebewesen","publisher":{"@id":"https:\/\/insektenliebe.com\/de\/#organization"},"potentialAction":[{"@type":"SearchAction","target":{"@type":"EntryPoint","urlTemplate":"https:\/\/insektenliebe.com\/de\/?s={search_term_string}"},"query-input":{"@type":"PropertyValueSpecification","valueRequired":true,"valueName":"search_term_string"}}],"inLanguage":"de"},{"@type":"Organization","@id":"https:\/\/insektenliebe.com\/de\/#organization","name":"Insektenliebe","url":"https:\/\/insektenliebe.com\/de\/","logo":{"@type":"ImageObject","inLanguage":"de","@id":"https:\/\/insektenliebe.com\/de\/#\/schema\/logo\/image\/","url":"https:\/\/insektenliebe.com\/wp-content\/uploads\/2025\/03\/logo-white.png","contentUrl":"https:\/\/insektenliebe.com\/wp-content\/uploads\/2025\/03\/logo-white.png","width":288,"height":188,"caption":"Insektenliebe"},"image":{"@id":"https:\/\/insektenliebe.com\/de\/#\/schema\/logo\/image\/"}}]}},"_links":{"self":[{"href":"https:\/\/insektenliebe.com\/de\/wp-json\/wp\/v2\/product\/5603","targetHints":{"allow":["GET"]}}],"collection":[{"href":"https:\/\/insektenliebe.com\/de\/wp-json\/wp\/v2\/product"}],"about":[{"href":"https:\/\/insektenliebe.com\/de\/wp-json\/wp\/v2\/types\/product"}],"wp:featuredmedia":[{"embeddable":true,"href":"https:\/\/insektenliebe.com\/de\/wp-json\/wp\/v2\/media\/5632"}],"wp:attachment":[{"href":"https:\/\/insektenliebe.com\/de\/wp-json\/wp\/v2\/media?parent=5603"}],"wp:term":[{"taxonomy":"product-supplier","embeddable":true,"href":"https:\/\/insektenliebe.com\/de\/wp-json\/wp\/v2\/product-supplier?post=5603"},{"taxonomy":"product_brand","embeddable":true,"href":"https:\/\/insektenliebe.com\/de\/wp-json\/wp\/v2\/product_brand?post=5603"},{"taxonomy":"product_cat","embeddable":true,"href":"https:\/\/insektenliebe.com\/de\/wp-json\/wp\/v2\/product_cat?post=5603"},{"taxonomy":"product_tag","embeddable":true,"href":"https:\/\/insektenliebe.com\/de\/wp-json\/wp\/v2\/product_tag?post=5603"},{"taxonomy":"lce-checkout-addons","embeddable":true,"href":"https:\/\/insektenliebe.com\/de\/wp-json\/wp\/v2\/lce-checkout-addons?post=5603"}],"curies":[{"name":"wp","href":"https:\/\/api.w.org\/{rel}","templated":true}]}}