{"id":5596,"date":"2023-08-14T08:21:00","date_gmt":"2023-08-14T06:21:00","guid":{"rendered":"http:\/\/localhost\/ins-test\/?post_type=product&#038;p=5596"},"modified":"2026-02-10T14:23:43","modified_gmt":"2026-02-10T13:23:43","slug":"aufkleber-the-wald","status":"publish","type":"product","link":"https:\/\/insektenliebe.com\/de\/shop\/produkt\/aufkleber-the-wald\/","title":{"rendered":"Aufkleber \"THE WALD\""},"content":{"rendered":"<p class=\"p1\">Endlich ist es soweit - unsere neuen <strong>Aufkleber \"THE WALD\"<\/strong> sind da!<\/p>\n<p class=\"p1\">Egal ob du in faszinierenden Betonbunkern, traumhaften Bauruinen oder den gro\u00dfartigsten Metropolen unterwegs bist, bei denen du dich einfach nur gl\u00fccklich sch\u00e4tzen kannst, dass du dort nicht leben musst - unsere unschlagbaren<strong> Aufkleber \"THE WALD\u201c<\/strong> begleiten dich auf all deinen \"Abenteuern\".<\/p>\n<p class=\"p1\">Glaub uns, mit diesen Stickern wird jedes noch so belanglose Erlebnis zu einem unvergesslichen H\u00f6hepunkt!<\/p>\n<p class=\"p1\">Oh ja, zeige der Welt doch bitte unbedingt, wie du mit unserem <strong>Aufkleber \"THE WALD\"<\/strong>\u00a0dein \"besonderen\" Moment festh\u00e4ltst. Sie werden so schockiert sein, wenn sie sehen, wie du mit einem einfachen Sticker jeden noch so \u00f6den Ort in ein \"wundervolles\" Erlebnis verwandelst!<\/p>\n<p class=\"p1\">Wer braucht schon echte Abenteuer, wenn man unsere Sticker-Superkr\u00e4fte hat, um alles aufzupeppen?<\/p>\n<p class=\"p1\">Also nichts wie los, schnapp dir deine <strong>Aufkleber \"THE WALD\"<\/strong>\u00a0und halte jeden Moment fest, egal wie unspektakul\u00e4r er auch sein mag. Denn mit <strong>\"THE WALD\"<\/strong> wird einfach alles zu einem au\u00dfergew\u00f6hnlichen \"Abenteuer\"!<\/p>\n<p>Wir wissen, dass du mit deinem unglaublichen Sinn f\u00fcr Abenteuer und Kreativit\u00e4t die perfekten Augenblicke einf\u00e4ngst. Warum diese wertvollen Momente nur f\u00fcr dich behalten, wenn du sie mit der ganzen Welt teilen kannst? Wir wollen alles sehen! Schnapp dir deine magischen Fotos, kreiere eine epische Story und verpasse ihr den Hashtag: <strong>#insektenliebe<\/strong><\/p>\n<p>Falls du kein Instagram-Account hast, keine Panik. Du kannst deine Fotos auch ganz bequem hier bei uns hochladen. Deine genialen Sticker-Kreationen landen nicht im Nirgendwo, sondern direkt in unserer exklusiven Hall of Fame!<\/p>\n","protected":false},"excerpt":{"rendered":"<p>Endlich ist es soweit - unsere neuen Aufkleber \"THE WALD\" sind da! Egal ob du in faszinierenden Betonbunkern, traumhaften Bauruinen oder den gro\u00dfartigsten Metropolen unterwegs bist, bei denen du dich einfach nur gl\u00fccklich sch\u00e4tzen kannst, dass du dort nicht leben musst - unsere unschlagbaren Aufkleber \"THE WALD\u201c begleiten dich auf all deinen \"Abenteuern\". Glaub uns, [&hellip;]<\/p>\n","protected":false},"featured_media":138449,"template":"","meta":{"_acf_changed":false},"product-supplier":[],"product_brand":[],"product_cat":[183],"product_tag":[],"lce-checkout-addons":[],"class_list":{"0":"post-5596","1":"product","2":"type-product","3":"status-publish","4":"has-post-thumbnail","6":"product_cat-merchandising-literatur","7":"product_shipping_class-equipment-shipping","9":"first","10":"instock","11":"taxable","12":"shipping-taxable","13":"purchasable","14":"product-type-simple"},"acf":[],"yoast_head":"<!-- This site is optimized with the Yoast SEO plugin v27.3 - https:\/\/yoast.com\/product\/yoast-seo-wordpress\/ -->\n<title>Aufkleber &quot;THE WALD&quot; - Insektenliebe<\/title>\n<meta name=\"description\" content=\"G\u00fcnstiger Aufkleber &quot;THE WALD&quot; direkt online kaufen! Wer braucht schon echte Abenteuer, wenn man unsere Sticker-Superkr\u00e4fte hat, um alles aufzupeppen?\" \/>\n<meta name=\"robots\" content=\"index, follow, max-snippet:-1, max-image-preview:large, max-video-preview:-1\" \/>\n<link rel=\"canonical\" href=\"https:\/\/insektenliebe.com\/de\/shop\/produkt\/aufkleber-the-wald\/\" \/>\n<meta property=\"og:locale\" content=\"de_DE\" \/>\n<meta property=\"og:type\" content=\"article\" \/>\n<meta property=\"og:title\" content=\"Aufkleber &quot;THE WALD&quot; - Insektenliebe\" \/>\n<meta property=\"og:description\" content=\"G\u00fcnstiger Aufkleber &quot;THE WALD&quot; direkt online kaufen! Wer braucht schon echte Abenteuer, wenn man unsere Sticker-Superkr\u00e4fte hat, um alles aufzupeppen?\" \/>\n<meta property=\"og:url\" content=\"https:\/\/insektenliebe.com\/de\/shop\/produkt\/aufkleber-the-wald\/\" \/>\n<meta property=\"og:site_name\" content=\"Insektenliebe\" \/>\n<meta property=\"article:modified_time\" content=\"2026-02-10T13:23:43+00:00\" \/>\n<meta property=\"og:image\" content=\"https:\/\/insektenliebe.com\/wp-content\/uploads\/2023\/08\/Aufkleber-22Nett-hier22-1.jpg\" \/>\n\t<meta property=\"og:image:width\" content=\"820\" \/>\n\t<meta property=\"og:image:height\" content=\"820\" \/>\n\t<meta property=\"og:image:type\" content=\"image\/jpeg\" \/>\n<meta name=\"twitter:card\" content=\"summary_large_image\" \/>\n<meta name=\"twitter:label1\" content=\"Gesch\u00e4tzte Lesezeit\" \/>\n\t<meta name=\"twitter:data1\" content=\"2\u00a0Minuten\" \/>\n<script type=\"application\/ld+json\" class=\"yoast-schema-graph\">{\"@context\":\"https:\\\/\\\/schema.org\",\"@graph\":[{\"@type\":\"WebPage\",\"@id\":\"https:\\\/\\\/insektenliebe.com\\\/de\\\/shop\\\/produkt\\\/aufkleber-the-wald\\\/\",\"url\":\"https:\\\/\\\/insektenliebe.com\\\/de\\\/shop\\\/produkt\\\/aufkleber-the-wald\\\/\",\"name\":\"Aufkleber \\\"THE WALD\\\" - Insektenliebe\",\"isPartOf\":{\"@id\":\"https:\\\/\\\/insektenliebe.com\\\/de\\\/#website\"},\"primaryImageOfPage\":{\"@id\":\"https:\\\/\\\/insektenliebe.com\\\/de\\\/shop\\\/produkt\\\/aufkleber-the-wald\\\/#primaryimage\"},\"image\":{\"@id\":\"https:\\\/\\\/insektenliebe.com\\\/de\\\/shop\\\/produkt\\\/aufkleber-the-wald\\\/#primaryimage\"},\"thumbnailUrl\":\"https:\\\/\\\/insektenliebe.com\\\/wp-content\\\/uploads\\\/2023\\\/08\\\/Aufkleber-22Nett-hier22-1.jpg\",\"datePublished\":\"2023-08-14T06:21:00+00:00\",\"dateModified\":\"2026-02-10T13:23:43+00:00\",\"description\":\"G\u00fcnstiger Aufkleber \\\"THE WALD\\\" direkt online kaufen! Wer braucht schon echte Abenteuer, wenn man unsere Sticker-Superkr\u00e4fte hat, um alles aufzupeppen?\",\"breadcrumb\":{\"@id\":\"https:\\\/\\\/insektenliebe.com\\\/de\\\/shop\\\/produkt\\\/aufkleber-the-wald\\\/#breadcrumb\"},\"inLanguage\":\"de\",\"potentialAction\":[{\"@type\":\"ReadAction\",\"target\":[\"https:\\\/\\\/insektenliebe.com\\\/de\\\/shop\\\/produkt\\\/aufkleber-the-wald\\\/\"]}]},{\"@type\":\"ImageObject\",\"inLanguage\":\"de\",\"@id\":\"https:\\\/\\\/insektenliebe.com\\\/de\\\/shop\\\/produkt\\\/aufkleber-the-wald\\\/#primaryimage\",\"url\":\"https:\\\/\\\/insektenliebe.com\\\/wp-content\\\/uploads\\\/2023\\\/08\\\/Aufkleber-22Nett-hier22-1.jpg\",\"contentUrl\":\"https:\\\/\\\/insektenliebe.com\\\/wp-content\\\/uploads\\\/2023\\\/08\\\/Aufkleber-22Nett-hier22-1.jpg\",\"width\":820,\"height\":820,\"caption\":\"Aufkleber-22Nett-hier22-1\"},{\"@type\":\"BreadcrumbList\",\"@id\":\"https:\\\/\\\/insektenliebe.com\\\/de\\\/shop\\\/produkt\\\/aufkleber-the-wald\\\/#breadcrumb\",\"itemListElement\":[{\"@type\":\"ListItem\",\"position\":1,\"name\":\"Startseite\",\"item\":\"https:\\\/\\\/insektenliebe.com\\\/de\\\/\"},{\"@type\":\"ListItem\",\"position\":2,\"name\":\"Shop\",\"item\":\"https:\\\/\\\/insektenliebe.com\\\/de\\\/shop\\\/\"},{\"@type\":\"ListItem\",\"position\":3,\"name\":\"Aufkleber &#8222;THE WALD&#8220;\"}]},{\"@type\":\"WebSite\",\"@id\":\"https:\\\/\\\/insektenliebe.com\\\/de\\\/#website\",\"url\":\"https:\\\/\\\/insektenliebe.com\\\/de\\\/\",\"name\":\"Insektenliebe\",\"description\":\"Dein Zuhause f\u00fcr die kleinen Lebewesen\",\"publisher\":{\"@id\":\"https:\\\/\\\/insektenliebe.com\\\/de\\\/#organization\"},\"potentialAction\":[{\"@type\":\"SearchAction\",\"target\":{\"@type\":\"EntryPoint\",\"urlTemplate\":\"https:\\\/\\\/insektenliebe.com\\\/de\\\/?s={search_term_string}\"},\"query-input\":{\"@type\":\"PropertyValueSpecification\",\"valueRequired\":true,\"valueName\":\"search_term_string\"}}],\"inLanguage\":\"de\"},{\"@type\":\"Organization\",\"@id\":\"https:\\\/\\\/insektenliebe.com\\\/de\\\/#organization\",\"name\":\"Insektenliebe\",\"url\":\"https:\\\/\\\/insektenliebe.com\\\/de\\\/\",\"logo\":{\"@type\":\"ImageObject\",\"inLanguage\":\"de\",\"@id\":\"https:\\\/\\\/insektenliebe.com\\\/de\\\/#\\\/schema\\\/logo\\\/image\\\/\",\"url\":\"https:\\\/\\\/insektenliebe.com\\\/wp-content\\\/uploads\\\/2025\\\/03\\\/logo-white.png\",\"contentUrl\":\"https:\\\/\\\/insektenliebe.com\\\/wp-content\\\/uploads\\\/2025\\\/03\\\/logo-white.png\",\"width\":288,\"height\":188,\"caption\":\"Insektenliebe\"},\"image\":{\"@id\":\"https:\\\/\\\/insektenliebe.com\\\/de\\\/#\\\/schema\\\/logo\\\/image\\\/\"}}]}<\/script>\n<!-- \/ Yoast SEO plugin. -->","yoast_head_json":{"title":"Aufkleber \"THE WALD\" - Insektenliebe","description":"G\u00fcnstiger Aufkleber \"THE WALD\" direkt online kaufen! Wer braucht schon echte Abenteuer, wenn man unsere Sticker-Superkr\u00e4fte hat, um alles aufzupeppen?","robots":{"index":"index","follow":"follow","max-snippet":"max-snippet:-1","max-image-preview":"max-image-preview:large","max-video-preview":"max-video-preview:-1"},"canonical":"https:\/\/insektenliebe.com\/de\/shop\/produkt\/aufkleber-the-wald\/","og_locale":"de_DE","og_type":"article","og_title":"Aufkleber \"THE WALD\" - Insektenliebe","og_description":"G\u00fcnstiger Aufkleber \"THE WALD\" direkt online kaufen! Wer braucht schon echte Abenteuer, wenn man unsere Sticker-Superkr\u00e4fte hat, um alles aufzupeppen?","og_url":"https:\/\/insektenliebe.com\/de\/shop\/produkt\/aufkleber-the-wald\/","og_site_name":"Insektenliebe","article_modified_time":"2026-02-10T13:23:43+00:00","og_image":[{"width":820,"height":820,"url":"https:\/\/insektenliebe.com\/wp-content\/uploads\/2023\/08\/Aufkleber-22Nett-hier22-1.jpg","type":"image\/jpeg"}],"twitter_card":"summary_large_image","twitter_misc":{"Gesch\u00e4tzte Lesezeit":"2\u00a0Minuten"},"schema":{"@context":"https:\/\/schema.org","@graph":[{"@type":"WebPage","@id":"https:\/\/insektenliebe.com\/de\/shop\/produkt\/aufkleber-the-wald\/","url":"https:\/\/insektenliebe.com\/de\/shop\/produkt\/aufkleber-the-wald\/","name":"Aufkleber \"THE WALD\" - Insektenliebe","isPartOf":{"@id":"https:\/\/insektenliebe.com\/de\/#website"},"primaryImageOfPage":{"@id":"https:\/\/insektenliebe.com\/de\/shop\/produkt\/aufkleber-the-wald\/#primaryimage"},"image":{"@id":"https:\/\/insektenliebe.com\/de\/shop\/produkt\/aufkleber-the-wald\/#primaryimage"},"thumbnailUrl":"https:\/\/insektenliebe.com\/wp-content\/uploads\/2023\/08\/Aufkleber-22Nett-hier22-1.jpg","datePublished":"2023-08-14T06:21:00+00:00","dateModified":"2026-02-10T13:23:43+00:00","description":"G\u00fcnstiger Aufkleber \"THE WALD\" direkt online kaufen! Wer braucht schon echte Abenteuer, wenn man unsere Sticker-Superkr\u00e4fte hat, um alles aufzupeppen?","breadcrumb":{"@id":"https:\/\/insektenliebe.com\/de\/shop\/produkt\/aufkleber-the-wald\/#breadcrumb"},"inLanguage":"de","potentialAction":[{"@type":"ReadAction","target":["https:\/\/insektenliebe.com\/de\/shop\/produkt\/aufkleber-the-wald\/"]}]},{"@type":"ImageObject","inLanguage":"de","@id":"https:\/\/insektenliebe.com\/de\/shop\/produkt\/aufkleber-the-wald\/#primaryimage","url":"https:\/\/insektenliebe.com\/wp-content\/uploads\/2023\/08\/Aufkleber-22Nett-hier22-1.jpg","contentUrl":"https:\/\/insektenliebe.com\/wp-content\/uploads\/2023\/08\/Aufkleber-22Nett-hier22-1.jpg","width":820,"height":820,"caption":"Aufkleber-22Nett-hier22-1"},{"@type":"BreadcrumbList","@id":"https:\/\/insektenliebe.com\/de\/shop\/produkt\/aufkleber-the-wald\/#breadcrumb","itemListElement":[{"@type":"ListItem","position":1,"name":"Startseite","item":"https:\/\/insektenliebe.com\/de\/"},{"@type":"ListItem","position":2,"name":"Shop","item":"https:\/\/insektenliebe.com\/de\/shop\/"},{"@type":"ListItem","position":3,"name":"Aufkleber &#8222;THE WALD&#8220;"}]},{"@type":"WebSite","@id":"https:\/\/insektenliebe.com\/de\/#website","url":"https:\/\/insektenliebe.com\/de\/","name":"Insektenliebe","description":"Dein Zuhause f\u00fcr die kleinen Lebewesen","publisher":{"@id":"https:\/\/insektenliebe.com\/de\/#organization"},"potentialAction":[{"@type":"SearchAction","target":{"@type":"EntryPoint","urlTemplate":"https:\/\/insektenliebe.com\/de\/?s={search_term_string}"},"query-input":{"@type":"PropertyValueSpecification","valueRequired":true,"valueName":"search_term_string"}}],"inLanguage":"de"},{"@type":"Organization","@id":"https:\/\/insektenliebe.com\/de\/#organization","name":"Insektenliebe","url":"https:\/\/insektenliebe.com\/de\/","logo":{"@type":"ImageObject","inLanguage":"de","@id":"https:\/\/insektenliebe.com\/de\/#\/schema\/logo\/image\/","url":"https:\/\/insektenliebe.com\/wp-content\/uploads\/2025\/03\/logo-white.png","contentUrl":"https:\/\/insektenliebe.com\/wp-content\/uploads\/2025\/03\/logo-white.png","width":288,"height":188,"caption":"Insektenliebe"},"image":{"@id":"https:\/\/insektenliebe.com\/de\/#\/schema\/logo\/image\/"}}]}},"_links":{"self":[{"href":"https:\/\/insektenliebe.com\/de\/wp-json\/wp\/v2\/product\/5596","targetHints":{"allow":["GET"]}}],"collection":[{"href":"https:\/\/insektenliebe.com\/de\/wp-json\/wp\/v2\/product"}],"about":[{"href":"https:\/\/insektenliebe.com\/de\/wp-json\/wp\/v2\/types\/product"}],"wp:featuredmedia":[{"embeddable":true,"href":"https:\/\/insektenliebe.com\/de\/wp-json\/wp\/v2\/media\/138449"}],"wp:attachment":[{"href":"https:\/\/insektenliebe.com\/de\/wp-json\/wp\/v2\/media?parent=5596"}],"wp:term":[{"taxonomy":"product-supplier","embeddable":true,"href":"https:\/\/insektenliebe.com\/de\/wp-json\/wp\/v2\/product-supplier?post=5596"},{"taxonomy":"product_brand","embeddable":true,"href":"https:\/\/insektenliebe.com\/de\/wp-json\/wp\/v2\/product_brand?post=5596"},{"taxonomy":"product_cat","embeddable":true,"href":"https:\/\/insektenliebe.com\/de\/wp-json\/wp\/v2\/product_cat?post=5596"},{"taxonomy":"product_tag","embeddable":true,"href":"https:\/\/insektenliebe.com\/de\/wp-json\/wp\/v2\/product_tag?post=5596"},{"taxonomy":"lce-checkout-addons","embeddable":true,"href":"https:\/\/insektenliebe.com\/de\/wp-json\/wp\/v2\/lce-checkout-addons?post=5596"}],"curies":[{"name":"wp","href":"https:\/\/api.w.org\/{rel}","templated":true}]}}