{"id":5593,"date":"2023-07-28T12:39:44","date_gmt":"2023-07-28T10:39:43","guid":{"rendered":"http:\/\/localhost\/ins-test\/?post_type=product&#038;p=5593"},"modified":"2025-12-25T15:04:40","modified_gmt":"2025-12-25T14:04:40","slug":"bucephalandra-spec-super-blue","status":"publish","type":"product","link":"https:\/\/insektenliebe.com\/de\/shop\/produkt\/bucephalandra-spec-super-blue\/","title":{"rendered":"Bucephalandra spec. \"Super Blue\""},"content":{"rendered":"<h3><span style=\"color: #99cc33\">Kurzbeschreibung Bucephalandra spec. \"Super Blue\":<\/span><\/h3>\n<p>Freue dich auf die faszinierende <strong>Bucephalandra spec. \"Super Blue\"<\/strong> f\u00fcr dein Terrarium! Diese einzigartige Aufsitzerpflanze aus der Gattung Bucephalandra wird dich mit ihrem au\u00dfergew\u00f6hnlichen Erscheinungsbild und ihrer pflegeleichten Art begeistern. Urspr\u00fcnglich aus den \u00fcberfluteten Spritzwasserbereichen von Borneo stammend, ist sie perfekt an das Leben in einem Terrarium angepasst.<\/p>\n<p>Die <strong>Bucephalandra spec. \"Super Blue\"<\/strong> geh\u00f6rt zu den Rheophyten, die sich an die schwankenden Wasserst\u00e4nde anpassen k\u00f6nnen. Obwohl viele Bucephalandra-Arten noch nicht genau bestimmt sind und daher als Bucephalandra spec. gef\u00fchrt werden, ist gerade diese Unbek\u00fcmmertheit das Besondere an ihr. Die Pflanze ist einfach zu halten und erfreut sich immer gr\u00f6\u00dferer Beliebtheit in der Terraristik.<\/p>\n<p>Ihre Bl\u00e4tter sind gewellt und verleihen ihr eine bezaubernde Anmutung. Die dunkelgr\u00fcne Oberseite der Bl\u00e4tter und ihre wellige Struktur machen die <strong>Bucephalandra spec. \"Super Blue\"<\/strong> zu einem echten Blickfang in deinem Terrarium. Die Pflanze kann im Schatten anderer Gew\u00e4chse gut gedeihen. Doch wenn du ihr mehr Licht gibst, wirst du sehen, wie ihre Wachstumsgeschwindigkeit zunimmt und sie sich zu einer wahren Sch\u00f6nheit entwickelt.<\/p>\n<p>Die <strong>Bucephalandra spec. \"Super Blue\"<\/strong> ist eine perfekte Wahl f\u00fcr dich, wenn du nach einer Pflanze suchst, die sich langsam entwickelt und dabei immer mehr an Pracht gewinnt. Ihre starken Haftwurzeln erm\u00f6glichen es ihr, sich \u00fcberall festzuhalten. In deinem Terrarium kannst du sie entweder auf Gestein oder Holz befestigen oder auf dem Bodengrund einpflanzen. Achte dabei darauf, das empfindliche Rhizom nicht einzubuddeln. Die <strong>Bucephalandra spec. \"Super Blue\"<\/strong> wird mit der Zeit zu einer beeindruckenden Gruppe heranwachsen und das Terrarium mit ihrer einzigartigen Ausstrahlung bereichern.<\/p>\n<p>Wenn du neue <strong>Bucephalandra spec. \"Super Blue\"<\/strong> Pflanzen z\u00fcchten m\u00f6chtest, ist das ganz einfach. Trenne einfach ein St\u00fcck des Wurzelstocks ab und binde es auf. Die Vermehrung dieser Pflanze bereitet daher keinerlei Schwierigkeiten.<\/p>\n","protected":false},"excerpt":{"rendered":"<p>Kurzbeschreibung Bucephalandra spec. \"Super Blue\": Freue dich auf die faszinierende Bucephalandra spec. \"Super Blue\" f\u00fcr dein Terrarium! Diese einzigartige Aufsitzerpflanze aus der Gattung Bucephalandra wird dich mit ihrem au\u00dfergew\u00f6hnlichen Erscheinungsbild und ihrer pflegeleichten Art begeistern. Urspr\u00fcnglich aus den \u00fcberfluteten Spritzwasserbereichen von Borneo stammend, ist sie perfekt an das Leben in einem Terrarium angepasst. Die Bucephalandra [&hellip;]<\/p>\n","protected":false},"featured_media":5623,"template":"","meta":{"_acf_changed":false},"product-supplier":[],"product_brand":[],"product_cat":[414],"product_tag":[],"lce-checkout-addons":[1202],"class_list":{"0":"post-5593","1":"product","2":"type-product","3":"status-publish","4":"has-post-thumbnail","6":"product_cat-terrarienpflanzen","7":"product_shipping_class-equipment-shipping","8":"pa_herkunft-borneo","9":"lce-checkout-addons-winterverpackung","11":"first","12":"outofstock","13":"taxable","14":"shipping-taxable","15":"purchasable","16":"product-type-simple"},"acf":[],"yoast_head":"<!-- This site is optimized with the Yoast SEO plugin v27.3 - https:\/\/yoast.com\/product\/yoast-seo-wordpress\/ -->\n<title>Bucephalandra spec. &quot;Super Blue&quot; - Insektenliebe<\/title>\n<meta name=\"description\" content=\"G\u00fcnstige Bucephalandra spec. &quot;Super Blue&quot; direkt online kaufen. Eine Aufsitzerpflanze, die eine nat\u00fcrliche und exotische Umgebung schafft.\" \/>\n<meta name=\"robots\" content=\"index, follow, max-snippet:-1, max-image-preview:large, max-video-preview:-1\" \/>\n<link rel=\"canonical\" href=\"https:\/\/insektenliebe.com\/de\/shop\/produkt\/bucephalandra-spec-super-blue\/\" \/>\n<meta property=\"og:locale\" content=\"de_DE\" \/>\n<meta property=\"og:type\" content=\"article\" \/>\n<meta property=\"og:title\" content=\"Bucephalandra spec. &quot;Super Blue&quot; - Insektenliebe\" \/>\n<meta property=\"og:description\" content=\"G\u00fcnstige Bucephalandra spec. &quot;Super Blue&quot; direkt online kaufen. Eine Aufsitzerpflanze, die eine nat\u00fcrliche und exotische Umgebung schafft.\" \/>\n<meta property=\"og:url\" content=\"https:\/\/insektenliebe.com\/de\/shop\/produkt\/bucephalandra-spec-super-blue\/\" \/>\n<meta property=\"og:site_name\" content=\"Insektenliebe\" \/>\n<meta property=\"article:modified_time\" content=\"2025-12-25T14:04:40+00:00\" \/>\n<meta property=\"og:image\" content=\"https:\/\/insektenliebe.com\/wp-content\/uploads\/2025\/05\/Bucephalandra-spec.-22Super-Blue22-2.jpg\" \/>\n\t<meta property=\"og:image:width\" content=\"820\" \/>\n\t<meta property=\"og:image:height\" content=\"820\" \/>\n\t<meta property=\"og:image:type\" content=\"image\/jpeg\" \/>\n<meta name=\"twitter:card\" content=\"summary_large_image\" \/>\n<meta name=\"twitter:label1\" content=\"Gesch\u00e4tzte Lesezeit\" \/>\n\t<meta name=\"twitter:data1\" content=\"2\u00a0Minuten\" \/>\n<script type=\"application\/ld+json\" class=\"yoast-schema-graph\">{\"@context\":\"https:\\\/\\\/schema.org\",\"@graph\":[{\"@type\":\"WebPage\",\"@id\":\"https:\\\/\\\/insektenliebe.com\\\/de\\\/shop\\\/produkt\\\/bucephalandra-spec-super-blue\\\/\",\"url\":\"https:\\\/\\\/insektenliebe.com\\\/de\\\/shop\\\/produkt\\\/bucephalandra-spec-super-blue\\\/\",\"name\":\"Bucephalandra spec. \\\"Super Blue\\\" - Insektenliebe\",\"isPartOf\":{\"@id\":\"https:\\\/\\\/insektenliebe.com\\\/de\\\/#website\"},\"primaryImageOfPage\":{\"@id\":\"https:\\\/\\\/insektenliebe.com\\\/de\\\/shop\\\/produkt\\\/bucephalandra-spec-super-blue\\\/#primaryimage\"},\"image\":{\"@id\":\"https:\\\/\\\/insektenliebe.com\\\/de\\\/shop\\\/produkt\\\/bucephalandra-spec-super-blue\\\/#primaryimage\"},\"thumbnailUrl\":\"https:\\\/\\\/insektenliebe.com\\\/wp-content\\\/uploads\\\/2025\\\/05\\\/Bucephalandra-spec.-22Super-Blue22-2.jpg\",\"datePublished\":\"2023-07-28T10:39:43+00:00\",\"dateModified\":\"2025-12-25T14:04:40+00:00\",\"description\":\"G\u00fcnstige Bucephalandra spec. \\\"Super Blue\\\" direkt online kaufen. Eine Aufsitzerpflanze, die eine nat\u00fcrliche und exotische Umgebung schafft.\",\"breadcrumb\":{\"@id\":\"https:\\\/\\\/insektenliebe.com\\\/de\\\/shop\\\/produkt\\\/bucephalandra-spec-super-blue\\\/#breadcrumb\"},\"inLanguage\":\"de\",\"potentialAction\":[{\"@type\":\"ReadAction\",\"target\":[\"https:\\\/\\\/insektenliebe.com\\\/de\\\/shop\\\/produkt\\\/bucephalandra-spec-super-blue\\\/\"]}]},{\"@type\":\"ImageObject\",\"inLanguage\":\"de\",\"@id\":\"https:\\\/\\\/insektenliebe.com\\\/de\\\/shop\\\/produkt\\\/bucephalandra-spec-super-blue\\\/#primaryimage\",\"url\":\"https:\\\/\\\/insektenliebe.com\\\/wp-content\\\/uploads\\\/2025\\\/05\\\/Bucephalandra-spec.-22Super-Blue22-2.jpg\",\"contentUrl\":\"https:\\\/\\\/insektenliebe.com\\\/wp-content\\\/uploads\\\/2025\\\/05\\\/Bucephalandra-spec.-22Super-Blue22-2.jpg\",\"width\":820,\"height\":820,\"caption\":\"Bucephalandra-spec.-22Super-Blue22-2.jpg\"},{\"@type\":\"BreadcrumbList\",\"@id\":\"https:\\\/\\\/insektenliebe.com\\\/de\\\/shop\\\/produkt\\\/bucephalandra-spec-super-blue\\\/#breadcrumb\",\"itemListElement\":[{\"@type\":\"ListItem\",\"position\":1,\"name\":\"Startseite\",\"item\":\"https:\\\/\\\/insektenliebe.com\\\/de\\\/\"},{\"@type\":\"ListItem\",\"position\":2,\"name\":\"Shop\",\"item\":\"https:\\\/\\\/insektenliebe.com\\\/de\\\/shop\\\/\"},{\"@type\":\"ListItem\",\"position\":3,\"name\":\"Bucephalandra spec. &#8222;Super Blue&#8220;\"}]},{\"@type\":\"WebSite\",\"@id\":\"https:\\\/\\\/insektenliebe.com\\\/de\\\/#website\",\"url\":\"https:\\\/\\\/insektenliebe.com\\\/de\\\/\",\"name\":\"Insektenliebe\",\"description\":\"Dein Zuhause f\u00fcr die kleinen Lebewesen\",\"publisher\":{\"@id\":\"https:\\\/\\\/insektenliebe.com\\\/de\\\/#organization\"},\"potentialAction\":[{\"@type\":\"SearchAction\",\"target\":{\"@type\":\"EntryPoint\",\"urlTemplate\":\"https:\\\/\\\/insektenliebe.com\\\/de\\\/?s={search_term_string}\"},\"query-input\":{\"@type\":\"PropertyValueSpecification\",\"valueRequired\":true,\"valueName\":\"search_term_string\"}}],\"inLanguage\":\"de\"},{\"@type\":\"Organization\",\"@id\":\"https:\\\/\\\/insektenliebe.com\\\/de\\\/#organization\",\"name\":\"Insektenliebe\",\"url\":\"https:\\\/\\\/insektenliebe.com\\\/de\\\/\",\"logo\":{\"@type\":\"ImageObject\",\"inLanguage\":\"de\",\"@id\":\"https:\\\/\\\/insektenliebe.com\\\/de\\\/#\\\/schema\\\/logo\\\/image\\\/\",\"url\":\"https:\\\/\\\/insektenliebe.com\\\/wp-content\\\/uploads\\\/2025\\\/03\\\/logo-white.png\",\"contentUrl\":\"https:\\\/\\\/insektenliebe.com\\\/wp-content\\\/uploads\\\/2025\\\/03\\\/logo-white.png\",\"width\":288,\"height\":188,\"caption\":\"Insektenliebe\"},\"image\":{\"@id\":\"https:\\\/\\\/insektenliebe.com\\\/de\\\/#\\\/schema\\\/logo\\\/image\\\/\"}}]}<\/script>\n<!-- \/ Yoast SEO plugin. -->","yoast_head_json":{"title":"Bucephalandra spec. \"Super Blue\" - Insektenliebe","description":"G\u00fcnstige Bucephalandra spec. \"Super Blue\" direkt online kaufen. Eine Aufsitzerpflanze, die eine nat\u00fcrliche und exotische Umgebung schafft.","robots":{"index":"index","follow":"follow","max-snippet":"max-snippet:-1","max-image-preview":"max-image-preview:large","max-video-preview":"max-video-preview:-1"},"canonical":"https:\/\/insektenliebe.com\/de\/shop\/produkt\/bucephalandra-spec-super-blue\/","og_locale":"de_DE","og_type":"article","og_title":"Bucephalandra spec. \"Super Blue\" - Insektenliebe","og_description":"G\u00fcnstige Bucephalandra spec. \"Super Blue\" direkt online kaufen. Eine Aufsitzerpflanze, die eine nat\u00fcrliche und exotische Umgebung schafft.","og_url":"https:\/\/insektenliebe.com\/de\/shop\/produkt\/bucephalandra-spec-super-blue\/","og_site_name":"Insektenliebe","article_modified_time":"2025-12-25T14:04:40+00:00","og_image":[{"width":820,"height":820,"url":"https:\/\/insektenliebe.com\/wp-content\/uploads\/2025\/05\/Bucephalandra-spec.-22Super-Blue22-2.jpg","type":"image\/jpeg"}],"twitter_card":"summary_large_image","twitter_misc":{"Gesch\u00e4tzte Lesezeit":"2\u00a0Minuten"},"schema":{"@context":"https:\/\/schema.org","@graph":[{"@type":"WebPage","@id":"https:\/\/insektenliebe.com\/de\/shop\/produkt\/bucephalandra-spec-super-blue\/","url":"https:\/\/insektenliebe.com\/de\/shop\/produkt\/bucephalandra-spec-super-blue\/","name":"Bucephalandra spec. \"Super Blue\" - Insektenliebe","isPartOf":{"@id":"https:\/\/insektenliebe.com\/de\/#website"},"primaryImageOfPage":{"@id":"https:\/\/insektenliebe.com\/de\/shop\/produkt\/bucephalandra-spec-super-blue\/#primaryimage"},"image":{"@id":"https:\/\/insektenliebe.com\/de\/shop\/produkt\/bucephalandra-spec-super-blue\/#primaryimage"},"thumbnailUrl":"https:\/\/insektenliebe.com\/wp-content\/uploads\/2025\/05\/Bucephalandra-spec.-22Super-Blue22-2.jpg","datePublished":"2023-07-28T10:39:43+00:00","dateModified":"2025-12-25T14:04:40+00:00","description":"G\u00fcnstige Bucephalandra spec. \"Super Blue\" direkt online kaufen. Eine Aufsitzerpflanze, die eine nat\u00fcrliche und exotische Umgebung schafft.","breadcrumb":{"@id":"https:\/\/insektenliebe.com\/de\/shop\/produkt\/bucephalandra-spec-super-blue\/#breadcrumb"},"inLanguage":"de","potentialAction":[{"@type":"ReadAction","target":["https:\/\/insektenliebe.com\/de\/shop\/produkt\/bucephalandra-spec-super-blue\/"]}]},{"@type":"ImageObject","inLanguage":"de","@id":"https:\/\/insektenliebe.com\/de\/shop\/produkt\/bucephalandra-spec-super-blue\/#primaryimage","url":"https:\/\/insektenliebe.com\/wp-content\/uploads\/2025\/05\/Bucephalandra-spec.-22Super-Blue22-2.jpg","contentUrl":"https:\/\/insektenliebe.com\/wp-content\/uploads\/2025\/05\/Bucephalandra-spec.-22Super-Blue22-2.jpg","width":820,"height":820,"caption":"Bucephalandra-spec.-22Super-Blue22-2.jpg"},{"@type":"BreadcrumbList","@id":"https:\/\/insektenliebe.com\/de\/shop\/produkt\/bucephalandra-spec-super-blue\/#breadcrumb","itemListElement":[{"@type":"ListItem","position":1,"name":"Startseite","item":"https:\/\/insektenliebe.com\/de\/"},{"@type":"ListItem","position":2,"name":"Shop","item":"https:\/\/insektenliebe.com\/de\/shop\/"},{"@type":"ListItem","position":3,"name":"Bucephalandra spec. &#8222;Super Blue&#8220;"}]},{"@type":"WebSite","@id":"https:\/\/insektenliebe.com\/de\/#website","url":"https:\/\/insektenliebe.com\/de\/","name":"Insektenliebe","description":"Dein Zuhause f\u00fcr die kleinen Lebewesen","publisher":{"@id":"https:\/\/insektenliebe.com\/de\/#organization"},"potentialAction":[{"@type":"SearchAction","target":{"@type":"EntryPoint","urlTemplate":"https:\/\/insektenliebe.com\/de\/?s={search_term_string}"},"query-input":{"@type":"PropertyValueSpecification","valueRequired":true,"valueName":"search_term_string"}}],"inLanguage":"de"},{"@type":"Organization","@id":"https:\/\/insektenliebe.com\/de\/#organization","name":"Insektenliebe","url":"https:\/\/insektenliebe.com\/de\/","logo":{"@type":"ImageObject","inLanguage":"de","@id":"https:\/\/insektenliebe.com\/de\/#\/schema\/logo\/image\/","url":"https:\/\/insektenliebe.com\/wp-content\/uploads\/2025\/03\/logo-white.png","contentUrl":"https:\/\/insektenliebe.com\/wp-content\/uploads\/2025\/03\/logo-white.png","width":288,"height":188,"caption":"Insektenliebe"},"image":{"@id":"https:\/\/insektenliebe.com\/de\/#\/schema\/logo\/image\/"}}]}},"_links":{"self":[{"href":"https:\/\/insektenliebe.com\/de\/wp-json\/wp\/v2\/product\/5593","targetHints":{"allow":["GET"]}}],"collection":[{"href":"https:\/\/insektenliebe.com\/de\/wp-json\/wp\/v2\/product"}],"about":[{"href":"https:\/\/insektenliebe.com\/de\/wp-json\/wp\/v2\/types\/product"}],"wp:featuredmedia":[{"embeddable":true,"href":"https:\/\/insektenliebe.com\/de\/wp-json\/wp\/v2\/media\/5623"}],"wp:attachment":[{"href":"https:\/\/insektenliebe.com\/de\/wp-json\/wp\/v2\/media?parent=5593"}],"wp:term":[{"taxonomy":"product-supplier","embeddable":true,"href":"https:\/\/insektenliebe.com\/de\/wp-json\/wp\/v2\/product-supplier?post=5593"},{"taxonomy":"product_brand","embeddable":true,"href":"https:\/\/insektenliebe.com\/de\/wp-json\/wp\/v2\/product_brand?post=5593"},{"taxonomy":"product_cat","embeddable":true,"href":"https:\/\/insektenliebe.com\/de\/wp-json\/wp\/v2\/product_cat?post=5593"},{"taxonomy":"product_tag","embeddable":true,"href":"https:\/\/insektenliebe.com\/de\/wp-json\/wp\/v2\/product_tag?post=5593"},{"taxonomy":"lce-checkout-addons","embeddable":true,"href":"https:\/\/insektenliebe.com\/de\/wp-json\/wp\/v2\/lce-checkout-addons?post=5593"}],"curies":[{"name":"wp","href":"https:\/\/api.w.org\/{rel}","templated":true}]}}