{"id":5589,"date":"2023-07-28T09:37:10","date_gmt":"2023-07-28T07:37:10","guid":{"rendered":"http:\/\/localhost\/ins-test\/?post_type=product&#038;p=5589"},"modified":"2025-12-25T15:08:08","modified_gmt":"2025-12-25T14:08:08","slug":"bucephalandra-spec-brown-ghost","status":"publish","type":"product","link":"https:\/\/insektenliebe.com\/de\/shop\/produkt\/bucephalandra-spec-brown-ghost\/","title":{"rendered":"Bucephalandra spec. \"Brown Ghost\""},"content":{"rendered":"<h3><span style=\"color: #99cc33\">Kurzbeschreibung Bucephalandra spec. \"Brown Ghost\":<\/span><\/h3>\n<p><strong>Bucephalandra spec. \"Brown Ghost\"<\/strong> ist eine faszinierende Variante, die sich von der kleineren \"Brownie Ghost\" unterscheidet und der Art Bucephalandra akantha \u00e4hnelt. Wie alle Bucephalandras stammt sie von der Insel Borneo, wo sie als Rheophyt auf Felsen in der \u00dcberschwemmungszone von Regenwaldb\u00e4chen w\u00e4chst. <strong>Bucephalandra spec. \"Brown Ghost\"<\/strong>\u00a0ist eine ziemlich gro\u00dfe Variante mit einem starken Rhizom. Die breit elliptischen Bl\u00e4tter weisen eine leichte Variation in Farbe und Form auf, sie sind dunkelgr\u00fcn mit einer blassgr\u00fcnen bis leicht r\u00f6tlichen Unterseite. Zusammen mit dem St\u00e4ngel erreichen sie eine L\u00e4nge von etwa 7-9 cm, und der Blattrand ist gewellt.<\/p>\n<p>Wie andere Bucephalandras sind auch <strong>Bucephalandra spec. \"Brown Ghost\"<\/strong>\u00a0haupts\u00e4chlich Epiphyten, die sich auf Felsen oder Holz festsetzen und mit ihren Wurzeln Halt finden. Sie k\u00f6nnen auch am Boden verankert werden, allerdings sollte das Rhizom nicht eingegraben werden, um F\u00e4ulnis zu vermeiden. Die Pflanze wurzelt von selbst und profitiert von der Luftfeuchtigkeit. Das Wachstum ist im Allgemeinen langsam bis sehr langsam.<\/p>\n<p><strong>Bucephalandra spec. \"Brown Ghost\"<\/strong> gedeihen auch bei schlechten Lichtverh\u00e4ltnissen, entfalten jedoch ihr sch\u00f6nstes Aussehen bei mittlerer Beleuchtung. Der optimale Temperaturbereich liegt bei 22 bis 26\u00b0C.<\/p>\n<p>F\u00fcr ein optimales Wachstum empfehlen wir, die Pflanzen in Ruhe zu lassen, damit sie ungest\u00f6rt wachsen k\u00f6nnen. Pl\u00f6tzliche \u00c4nderungen der Wasserparameter k\u00f6nnen dazu f\u00fchren, dass die Pflanzen Bl\u00e4tter abwerfen. In der Regel wachsen sie jedoch langsam nach und bilden neue Triebe am Rhizom. <strong>Bucephalandra spec. \"Brown Ghost\"<\/strong>\u00a0l\u00e4sst sich leicht vermehren, indem man End- und Seitentriebe abschneidet, was auch die Verzweigung der Pflanze f\u00f6rdert.<\/p>\n<p>Entdecke die einzigartige Sch\u00f6nheit der <strong>Bucephalandra spec. \"Brown Ghost\"<\/strong>\u00a0und bereichere dein Terrarium mit dieser beeindruckenden Pflanze.<\/p>\n","protected":false},"excerpt":{"rendered":"<p>Kurzbeschreibung Bucephalandra spec. \"Brown Ghost\": Bucephalandra spec. \"Brown Ghost\" ist eine faszinierende Variante, die sich von der kleineren \"Brownie Ghost\" unterscheidet und der Art Bucephalandra akantha \u00e4hnelt. Wie alle Bucephalandras stammt sie von der Insel Borneo, wo sie als Rheophyt auf Felsen in der \u00dcberschwemmungszone von Regenwaldb\u00e4chen w\u00e4chst. Bucephalandra spec. \"Brown Ghost\"\u00a0ist eine ziemlich gro\u00dfe [&hellip;]<\/p>\n","protected":false},"featured_media":5619,"template":"","meta":{"_acf_changed":false},"product-supplier":[],"product_brand":[],"product_cat":[414],"product_tag":[],"lce-checkout-addons":[1202],"class_list":{"0":"post-5589","1":"product","2":"type-product","3":"status-publish","4":"has-post-thumbnail","6":"product_cat-terrarienpflanzen","7":"product_shipping_class-equipment-shipping","8":"pa_herkunft-borneo","9":"lce-checkout-addons-winterverpackung","11":"first","12":"outofstock","13":"taxable","14":"shipping-taxable","15":"purchasable","16":"product-type-simple"},"acf":[],"yoast_head":"<!-- This site is optimized with the Yoast SEO plugin v27.3 - https:\/\/yoast.com\/product\/yoast-seo-wordpress\/ -->\n<title>Bucephalandra spec. &quot;Brown Ghost&quot; - Insektenliebe<\/title>\n<meta name=\"description\" content=\"G\u00fcnstige Bucephalandra spec. &quot;Brown Ghost&quot; direkt online kaufen. Eine Aufsitzerpflanze, die eine nat\u00fcrliche und exotische Umgebung schafft.\" \/>\n<meta name=\"robots\" content=\"index, follow, max-snippet:-1, max-image-preview:large, max-video-preview:-1\" \/>\n<link rel=\"canonical\" href=\"https:\/\/insektenliebe.com\/de\/shop\/produkt\/bucephalandra-spec-brown-ghost\/\" \/>\n<meta property=\"og:locale\" content=\"de_DE\" \/>\n<meta property=\"og:type\" content=\"article\" \/>\n<meta property=\"og:title\" content=\"Bucephalandra spec. &quot;Brown Ghost&quot; - Insektenliebe\" \/>\n<meta property=\"og:description\" content=\"G\u00fcnstige Bucephalandra spec. &quot;Brown Ghost&quot; direkt online kaufen. Eine Aufsitzerpflanze, die eine nat\u00fcrliche und exotische Umgebung schafft.\" \/>\n<meta property=\"og:url\" content=\"https:\/\/insektenliebe.com\/de\/shop\/produkt\/bucephalandra-spec-brown-ghost\/\" \/>\n<meta property=\"og:site_name\" content=\"Insektenliebe\" \/>\n<meta property=\"article:modified_time\" content=\"2025-12-25T14:08:08+00:00\" \/>\n<meta property=\"og:image\" content=\"https:\/\/insektenliebe.com\/wp-content\/uploads\/2025\/05\/Bucephalandra-spec.-22Brown-Ghost22-2.jpg\" \/>\n\t<meta property=\"og:image:width\" content=\"820\" \/>\n\t<meta property=\"og:image:height\" content=\"820\" \/>\n\t<meta property=\"og:image:type\" content=\"image\/jpeg\" \/>\n<meta name=\"twitter:card\" content=\"summary_large_image\" \/>\n<meta name=\"twitter:label1\" content=\"Gesch\u00e4tzte Lesezeit\" \/>\n\t<meta name=\"twitter:data1\" content=\"2\u00a0Minuten\" \/>\n<script type=\"application\/ld+json\" class=\"yoast-schema-graph\">{\"@context\":\"https:\\\/\\\/schema.org\",\"@graph\":[{\"@type\":\"WebPage\",\"@id\":\"https:\\\/\\\/insektenliebe.com\\\/de\\\/shop\\\/produkt\\\/bucephalandra-spec-brown-ghost\\\/\",\"url\":\"https:\\\/\\\/insektenliebe.com\\\/de\\\/shop\\\/produkt\\\/bucephalandra-spec-brown-ghost\\\/\",\"name\":\"Bucephalandra spec. \\\"Brown Ghost\\\" - Insektenliebe\",\"isPartOf\":{\"@id\":\"https:\\\/\\\/insektenliebe.com\\\/de\\\/#website\"},\"primaryImageOfPage\":{\"@id\":\"https:\\\/\\\/insektenliebe.com\\\/de\\\/shop\\\/produkt\\\/bucephalandra-spec-brown-ghost\\\/#primaryimage\"},\"image\":{\"@id\":\"https:\\\/\\\/insektenliebe.com\\\/de\\\/shop\\\/produkt\\\/bucephalandra-spec-brown-ghost\\\/#primaryimage\"},\"thumbnailUrl\":\"https:\\\/\\\/insektenliebe.com\\\/wp-content\\\/uploads\\\/2025\\\/05\\\/Bucephalandra-spec.-22Brown-Ghost22-2.jpg\",\"datePublished\":\"2023-07-28T07:37:10+00:00\",\"dateModified\":\"2025-12-25T14:08:08+00:00\",\"description\":\"G\u00fcnstige Bucephalandra spec. \\\"Brown Ghost\\\" direkt online kaufen. Eine Aufsitzerpflanze, die eine nat\u00fcrliche und exotische Umgebung schafft.\",\"breadcrumb\":{\"@id\":\"https:\\\/\\\/insektenliebe.com\\\/de\\\/shop\\\/produkt\\\/bucephalandra-spec-brown-ghost\\\/#breadcrumb\"},\"inLanguage\":\"de\",\"potentialAction\":[{\"@type\":\"ReadAction\",\"target\":[\"https:\\\/\\\/insektenliebe.com\\\/de\\\/shop\\\/produkt\\\/bucephalandra-spec-brown-ghost\\\/\"]}]},{\"@type\":\"ImageObject\",\"inLanguage\":\"de\",\"@id\":\"https:\\\/\\\/insektenliebe.com\\\/de\\\/shop\\\/produkt\\\/bucephalandra-spec-brown-ghost\\\/#primaryimage\",\"url\":\"https:\\\/\\\/insektenliebe.com\\\/wp-content\\\/uploads\\\/2025\\\/05\\\/Bucephalandra-spec.-22Brown-Ghost22-2.jpg\",\"contentUrl\":\"https:\\\/\\\/insektenliebe.com\\\/wp-content\\\/uploads\\\/2025\\\/05\\\/Bucephalandra-spec.-22Brown-Ghost22-2.jpg\",\"width\":820,\"height\":820,\"caption\":\"Bucephalandra-spec.-22Brown-Ghost22-2.jpg\"},{\"@type\":\"BreadcrumbList\",\"@id\":\"https:\\\/\\\/insektenliebe.com\\\/de\\\/shop\\\/produkt\\\/bucephalandra-spec-brown-ghost\\\/#breadcrumb\",\"itemListElement\":[{\"@type\":\"ListItem\",\"position\":1,\"name\":\"Startseite\",\"item\":\"https:\\\/\\\/insektenliebe.com\\\/de\\\/\"},{\"@type\":\"ListItem\",\"position\":2,\"name\":\"Shop\",\"item\":\"https:\\\/\\\/insektenliebe.com\\\/de\\\/shop\\\/\"},{\"@type\":\"ListItem\",\"position\":3,\"name\":\"Bucephalandra spec. &#8222;Brown Ghost&#8220;\"}]},{\"@type\":\"WebSite\",\"@id\":\"https:\\\/\\\/insektenliebe.com\\\/de\\\/#website\",\"url\":\"https:\\\/\\\/insektenliebe.com\\\/de\\\/\",\"name\":\"Insektenliebe\",\"description\":\"Dein Zuhause f\u00fcr die kleinen Lebewesen\",\"publisher\":{\"@id\":\"https:\\\/\\\/insektenliebe.com\\\/de\\\/#organization\"},\"potentialAction\":[{\"@type\":\"SearchAction\",\"target\":{\"@type\":\"EntryPoint\",\"urlTemplate\":\"https:\\\/\\\/insektenliebe.com\\\/de\\\/?s={search_term_string}\"},\"query-input\":{\"@type\":\"PropertyValueSpecification\",\"valueRequired\":true,\"valueName\":\"search_term_string\"}}],\"inLanguage\":\"de\"},{\"@type\":\"Organization\",\"@id\":\"https:\\\/\\\/insektenliebe.com\\\/de\\\/#organization\",\"name\":\"Insektenliebe\",\"url\":\"https:\\\/\\\/insektenliebe.com\\\/de\\\/\",\"logo\":{\"@type\":\"ImageObject\",\"inLanguage\":\"de\",\"@id\":\"https:\\\/\\\/insektenliebe.com\\\/de\\\/#\\\/schema\\\/logo\\\/image\\\/\",\"url\":\"https:\\\/\\\/insektenliebe.com\\\/wp-content\\\/uploads\\\/2025\\\/03\\\/logo-white.png\",\"contentUrl\":\"https:\\\/\\\/insektenliebe.com\\\/wp-content\\\/uploads\\\/2025\\\/03\\\/logo-white.png\",\"width\":288,\"height\":188,\"caption\":\"Insektenliebe\"},\"image\":{\"@id\":\"https:\\\/\\\/insektenliebe.com\\\/de\\\/#\\\/schema\\\/logo\\\/image\\\/\"}}]}<\/script>\n<!-- \/ Yoast SEO plugin. -->","yoast_head_json":{"title":"Bucephalandra spec. \"Brown Ghost\" - Insektenliebe","description":"G\u00fcnstige Bucephalandra spec. \"Brown Ghost\" direkt online kaufen. Eine Aufsitzerpflanze, die eine nat\u00fcrliche und exotische Umgebung schafft.","robots":{"index":"index","follow":"follow","max-snippet":"max-snippet:-1","max-image-preview":"max-image-preview:large","max-video-preview":"max-video-preview:-1"},"canonical":"https:\/\/insektenliebe.com\/de\/shop\/produkt\/bucephalandra-spec-brown-ghost\/","og_locale":"de_DE","og_type":"article","og_title":"Bucephalandra spec. \"Brown Ghost\" - Insektenliebe","og_description":"G\u00fcnstige Bucephalandra spec. \"Brown Ghost\" direkt online kaufen. Eine Aufsitzerpflanze, die eine nat\u00fcrliche und exotische Umgebung schafft.","og_url":"https:\/\/insektenliebe.com\/de\/shop\/produkt\/bucephalandra-spec-brown-ghost\/","og_site_name":"Insektenliebe","article_modified_time":"2025-12-25T14:08:08+00:00","og_image":[{"width":820,"height":820,"url":"https:\/\/insektenliebe.com\/wp-content\/uploads\/2025\/05\/Bucephalandra-spec.-22Brown-Ghost22-2.jpg","type":"image\/jpeg"}],"twitter_card":"summary_large_image","twitter_misc":{"Gesch\u00e4tzte Lesezeit":"2\u00a0Minuten"},"schema":{"@context":"https:\/\/schema.org","@graph":[{"@type":"WebPage","@id":"https:\/\/insektenliebe.com\/de\/shop\/produkt\/bucephalandra-spec-brown-ghost\/","url":"https:\/\/insektenliebe.com\/de\/shop\/produkt\/bucephalandra-spec-brown-ghost\/","name":"Bucephalandra spec. \"Brown Ghost\" - Insektenliebe","isPartOf":{"@id":"https:\/\/insektenliebe.com\/de\/#website"},"primaryImageOfPage":{"@id":"https:\/\/insektenliebe.com\/de\/shop\/produkt\/bucephalandra-spec-brown-ghost\/#primaryimage"},"image":{"@id":"https:\/\/insektenliebe.com\/de\/shop\/produkt\/bucephalandra-spec-brown-ghost\/#primaryimage"},"thumbnailUrl":"https:\/\/insektenliebe.com\/wp-content\/uploads\/2025\/05\/Bucephalandra-spec.-22Brown-Ghost22-2.jpg","datePublished":"2023-07-28T07:37:10+00:00","dateModified":"2025-12-25T14:08:08+00:00","description":"G\u00fcnstige Bucephalandra spec. \"Brown Ghost\" direkt online kaufen. Eine Aufsitzerpflanze, die eine nat\u00fcrliche und exotische Umgebung schafft.","breadcrumb":{"@id":"https:\/\/insektenliebe.com\/de\/shop\/produkt\/bucephalandra-spec-brown-ghost\/#breadcrumb"},"inLanguage":"de","potentialAction":[{"@type":"ReadAction","target":["https:\/\/insektenliebe.com\/de\/shop\/produkt\/bucephalandra-spec-brown-ghost\/"]}]},{"@type":"ImageObject","inLanguage":"de","@id":"https:\/\/insektenliebe.com\/de\/shop\/produkt\/bucephalandra-spec-brown-ghost\/#primaryimage","url":"https:\/\/insektenliebe.com\/wp-content\/uploads\/2025\/05\/Bucephalandra-spec.-22Brown-Ghost22-2.jpg","contentUrl":"https:\/\/insektenliebe.com\/wp-content\/uploads\/2025\/05\/Bucephalandra-spec.-22Brown-Ghost22-2.jpg","width":820,"height":820,"caption":"Bucephalandra-spec.-22Brown-Ghost22-2.jpg"},{"@type":"BreadcrumbList","@id":"https:\/\/insektenliebe.com\/de\/shop\/produkt\/bucephalandra-spec-brown-ghost\/#breadcrumb","itemListElement":[{"@type":"ListItem","position":1,"name":"Startseite","item":"https:\/\/insektenliebe.com\/de\/"},{"@type":"ListItem","position":2,"name":"Shop","item":"https:\/\/insektenliebe.com\/de\/shop\/"},{"@type":"ListItem","position":3,"name":"Bucephalandra spec. &#8222;Brown Ghost&#8220;"}]},{"@type":"WebSite","@id":"https:\/\/insektenliebe.com\/de\/#website","url":"https:\/\/insektenliebe.com\/de\/","name":"Insektenliebe","description":"Dein Zuhause f\u00fcr die kleinen Lebewesen","publisher":{"@id":"https:\/\/insektenliebe.com\/de\/#organization"},"potentialAction":[{"@type":"SearchAction","target":{"@type":"EntryPoint","urlTemplate":"https:\/\/insektenliebe.com\/de\/?s={search_term_string}"},"query-input":{"@type":"PropertyValueSpecification","valueRequired":true,"valueName":"search_term_string"}}],"inLanguage":"de"},{"@type":"Organization","@id":"https:\/\/insektenliebe.com\/de\/#organization","name":"Insektenliebe","url":"https:\/\/insektenliebe.com\/de\/","logo":{"@type":"ImageObject","inLanguage":"de","@id":"https:\/\/insektenliebe.com\/de\/#\/schema\/logo\/image\/","url":"https:\/\/insektenliebe.com\/wp-content\/uploads\/2025\/03\/logo-white.png","contentUrl":"https:\/\/insektenliebe.com\/wp-content\/uploads\/2025\/03\/logo-white.png","width":288,"height":188,"caption":"Insektenliebe"},"image":{"@id":"https:\/\/insektenliebe.com\/de\/#\/schema\/logo\/image\/"}}]}},"_links":{"self":[{"href":"https:\/\/insektenliebe.com\/de\/wp-json\/wp\/v2\/product\/5589","targetHints":{"allow":["GET"]}}],"collection":[{"href":"https:\/\/insektenliebe.com\/de\/wp-json\/wp\/v2\/product"}],"about":[{"href":"https:\/\/insektenliebe.com\/de\/wp-json\/wp\/v2\/types\/product"}],"wp:featuredmedia":[{"embeddable":true,"href":"https:\/\/insektenliebe.com\/de\/wp-json\/wp\/v2\/media\/5619"}],"wp:attachment":[{"href":"https:\/\/insektenliebe.com\/de\/wp-json\/wp\/v2\/media?parent=5589"}],"wp:term":[{"taxonomy":"product-supplier","embeddable":true,"href":"https:\/\/insektenliebe.com\/de\/wp-json\/wp\/v2\/product-supplier?post=5589"},{"taxonomy":"product_brand","embeddable":true,"href":"https:\/\/insektenliebe.com\/de\/wp-json\/wp\/v2\/product_brand?post=5589"},{"taxonomy":"product_cat","embeddable":true,"href":"https:\/\/insektenliebe.com\/de\/wp-json\/wp\/v2\/product_cat?post=5589"},{"taxonomy":"product_tag","embeddable":true,"href":"https:\/\/insektenliebe.com\/de\/wp-json\/wp\/v2\/product_tag?post=5589"},{"taxonomy":"lce-checkout-addons","embeddable":true,"href":"https:\/\/insektenliebe.com\/de\/wp-json\/wp\/v2\/lce-checkout-addons?post=5589"}],"curies":[{"name":"wp","href":"https:\/\/api.w.org\/{rel}","templated":true}]}}