{"id":5558,"date":"2023-07-12T19:18:00","date_gmt":"2023-07-12T17:18:00","guid":{"rendered":"http:\/\/localhost\/ins-test\/?post_type=product&#038;p=5558"},"modified":"2026-04-18T19:51:34","modified_gmt":"2026-04-18T17:51:34","slug":"kokoshumus-tab","status":"publish","type":"product","link":"https:\/\/insektenliebe.com\/de\/shop\/produkt\/kokoshumus-tab\/","title":{"rendered":"Kokoshumus Tab"},"content":{"rendered":"<p>Erlebe die nat\u00fcrliche Kraft der <strong>Kokoshumus Tabs<\/strong> und schaffe eine ideale Umgebung f\u00fcr deine kleinen Terrarienbewohner. Mit nur wenigen Handgriffen verwandelt sich dieser gepresste Kokoshumus durch Zugabe von Wasser in einen lockeren und naturnahen Bodengrund. Seit Jahren ist Kokoshumus in der Vogelspinnenhaltung nicht mehr wegzudenken, dank seiner feuchtigkeitsspendenden Eigenschaften.<\/p>\n<p>Die <strong>Kokoshumus Tabs<\/strong> werden aus den Fasern der Kokosnussschale gewonnen, einem Abfallprodukt der Kokos\u00f6l-Herstellung. Das daraus resultierende Kokossubstrat ist ein nat\u00fcrliche und organisches Substrat, das sich hervorragend f\u00fcr die Vogelspinnenhaltung eignet. Aber nicht nur da, es dient auch zur Anzucht verschiedenster Pflanzenarten. Gleichzeitig ist es eine ausgezeichnete Alternative zu herk\u00f6mmlichem Torf und erfreut sich zunehmender Beliebtheit.<\/p>\n<p>Durch den Einsatz von <strong>Kokoshumus Tabs<\/strong> schonen wir wertvolle Torfvorkommen und erhalten gleichzeitig die wichtigen Lebensr\u00e4ume von Tieren und Pflanzen in den Mooren. Unsere <strong>Kokoshumus Tabs<\/strong> sind zu 100% torffrei und unged\u00fcngt. Sie enthalten weder Steine noch sch\u00e4dliche Bestandteile und sind damit sicher f\u00fcr deine Terrarienbewohner. Dar\u00fcber hinaus sind sie schimmelhemmend und sorgen f\u00fcr eine gesunde und hygienische Umgebung in deinem Terrarium. Zudem sind sie biologisch abbaubar und k\u00f6nnen nach Verwendung einfach und umweltfreundlich in der Restm\u00fclltonne, Biotonne oder im Gartenbeet entsorgt werden. Mit den <strong>Kokoshumus Tabs<\/strong> erh\u00e4ltst du ein nachhaltiges und qualitativ hochwertiges Substrat, das sowohl deinen Terrarienbewohnern als auch der Umwelt zugutekommt.<\/p>\n<p>Vertraue auf die Qualit\u00e4t und Nachhaltigkeit unserer <strong>Kokoshumus Tabs<\/strong>. Sie sind langlebig und haltbar und haben eine lange Lagerf\u00e4higkeit, sodass du sie jederzeit griffbereit hast.<\/p>\n<h3><span style=\"color: #99cc33\">Anwendung:<\/span><\/h3>\n<p>Der Kokoshumus Tab kann durch Zugabe von etwa <strong>75 ml Wasser<\/strong> m\u00fchelos aufquellen und verwandelt sich in den perfekten Bodengrund f\u00fcr kleine Terrarien. Mit einem Kokoshumus Tab lassen sich etwa <strong>250 ml Kokoshumus<\/strong> herstellen, der eine Grundfl\u00e4che von etwa 10 x 10 cm (Heimchendose) bedecken kann und eine H\u00f6he von ungef\u00e4hr 2 cm erreicht. Dies bietet eine ideale Grundlage f\u00fcr Terrarienlandschaften und erm\u00f6glicht ein optimales Wachstum und Wohlbefinden der darin lebenden Pflanzen und Tiere.<\/p>\n<p>Mit <strong>150 ml Wasser<\/strong> kannst du den Kokoshumus Tab spielend leicht aufquellen lassen und ihn in den perfekten Bodengrund f\u00fcr kleine Terrarien verwandeln. Ein einziger Kokoshumus Tab reicht aus, um etwa <strong>400 ml Kokoshumus<\/strong> herzustellen. Dieser Bodengrund bedeckt eine Grundfl\u00e4che von etwa 19 x 19 cm (BraPlast Dose) und erreicht eine H\u00f6he von ungef\u00e4hr 2 cm. Das schafft eine ideale Basis f\u00fcr die Gestaltung deiner Terrarienlandschaft und f\u00f6rdert ein optimales Wachstum sowie das Wohlbefinden der darin lebenden Pflanzen und Tiere.<\/p>\n","protected":false},"excerpt":{"rendered":"<p>Erlebe die nat\u00fcrliche Kraft der Kokoshumus Tabs und schaffe eine ideale Umgebung f\u00fcr deine kleinen Terrarienbewohner. Mit nur wenigen Handgriffen verwandelt sich dieser gepresste Kokoshumus durch Zugabe von Wasser in einen lockeren und naturnahen Bodengrund. Seit Jahren ist Kokoshumus in der Vogelspinnenhaltung nicht mehr wegzudenken, dank seiner feuchtigkeitsspendenden Eigenschaften. Die Kokoshumus Tabs werden aus den [&hellip;]<\/p>\n","protected":false},"featured_media":5583,"template":"","meta":{"_acf_changed":false},"product-supplier":[],"product_brand":[],"product_cat":[127],"product_tag":[],"lce-checkout-addons":[],"class_list":{"0":"post-5558","1":"product","2":"type-product","3":"status-publish","4":"has-post-thumbnail","6":"product_cat-substrate-moose","7":"product_shipping_class-equipment-shipping","9":"first","10":"instock","11":"taxable","12":"shipping-taxable","13":"purchasable","14":"product-type-variable"},"acf":[],"yoast_head":"<!-- This site is optimized with the Yoast SEO Premium plugin v26.8 (Yoast SEO v27.3) - https:\/\/yoast.com\/product\/yoast-seo-premium-wordpress\/ -->\n<title>Kokoshumus Tab - Insektenliebe<\/title>\n<meta name=\"description\" content=\"G\u00fcnstige Kokoshumus Tab direkt online kaufen. Er eignet sich perfekt als nat\u00fcrlicher Bodengrund f\u00fcr alle Vogelspinnen im Terrarium.\" \/>\n<meta name=\"robots\" content=\"index, follow, max-snippet:-1, max-image-preview:large, max-video-preview:-1\" \/>\n<link rel=\"canonical\" href=\"https:\/\/insektenliebe.com\/de\/shop\/produkt\/kokoshumus-tab\/\" \/>\n<meta property=\"og:locale\" content=\"de_DE\" \/>\n<meta property=\"og:type\" content=\"article\" \/>\n<meta property=\"og:title\" content=\"Kokoshumus Tab\" \/>\n<meta property=\"og:description\" content=\"G\u00fcnstige Kokoshumus Tab direkt online kaufen. Er eignet sich perfekt als nat\u00fcrlicher Bodengrund f\u00fcr alle Vogelspinnen im Terrarium.\" \/>\n<meta property=\"og:url\" content=\"https:\/\/insektenliebe.com\/de\/shop\/produkt\/kokoshumus-tab\/\" \/>\n<meta property=\"og:site_name\" content=\"Insektenliebe\" \/>\n<meta property=\"article:modified_time\" content=\"2026-04-18T17:51:34+00:00\" \/>\n<meta property=\"og:image\" content=\"https:\/\/insektenliebe.com\/wp-content\/uploads\/2025\/05\/Kokoshumus-Tab-KT-250-1-2.jpg\" \/>\n\t<meta property=\"og:image:width\" content=\"820\" \/>\n\t<meta property=\"og:image:height\" content=\"820\" \/>\n\t<meta property=\"og:image:type\" content=\"image\/jpeg\" \/>\n<meta name=\"twitter:card\" content=\"summary_large_image\" \/>\n<meta name=\"twitter:label1\" content=\"Verf\u00fcgbarkeit\" \/>\n\t<meta name=\"twitter:data1\" content=\"Auf Lager\" \/>\n<script type=\"application\/ld+json\" class=\"yoast-schema-graph\">{\"@context\":\"https:\\\/\\\/schema.org\",\"@graph\":[{\"@type\":\"WebPage\",\"@id\":\"https:\\\/\\\/insektenliebe.com\\\/de\\\/shop\\\/produkt\\\/kokoshumus-tab\\\/\",\"url\":\"https:\\\/\\\/insektenliebe.com\\\/de\\\/shop\\\/produkt\\\/kokoshumus-tab\\\/\",\"name\":\"Kokoshumus Tab - Insektenliebe\",\"isPartOf\":{\"@id\":\"https:\\\/\\\/insektenliebe.com\\\/de\\\/#website\"},\"primaryImageOfPage\":{\"@id\":\"https:\\\/\\\/insektenliebe.com\\\/de\\\/shop\\\/produkt\\\/kokoshumus-tab\\\/#primaryimage\"},\"image\":{\"@id\":\"https:\\\/\\\/insektenliebe.com\\\/de\\\/shop\\\/produkt\\\/kokoshumus-tab\\\/#primaryimage\"},\"thumbnailUrl\":\"https:\\\/\\\/insektenliebe.com\\\/wp-content\\\/uploads\\\/2025\\\/05\\\/Kokoshumus-Tab-KT-250-1-2.jpg\",\"datePublished\":\"2023-07-12T17:18:00+00:00\",\"dateModified\":\"2026-04-18T17:51:34+00:00\",\"description\":\"G\u00fcnstige Kokoshumus Tab direkt online kaufen. Er eignet sich perfekt als nat\u00fcrlicher Bodengrund f\u00fcr alle Vogelspinnen im Terrarium.\",\"breadcrumb\":{\"@id\":\"https:\\\/\\\/insektenliebe.com\\\/de\\\/shop\\\/produkt\\\/kokoshumus-tab\\\/#breadcrumb\"},\"inLanguage\":\"de\",\"potentialAction\":[{\"@type\":\"ReadAction\",\"target\":[\"https:\\\/\\\/insektenliebe.com\\\/de\\\/shop\\\/produkt\\\/kokoshumus-tab\\\/\"]}]},{\"@type\":\"ImageObject\",\"inLanguage\":\"de\",\"@id\":\"https:\\\/\\\/insektenliebe.com\\\/de\\\/shop\\\/produkt\\\/kokoshumus-tab\\\/#primaryimage\",\"url\":\"https:\\\/\\\/insektenliebe.com\\\/wp-content\\\/uploads\\\/2025\\\/05\\\/Kokoshumus-Tab-KT-250-1-2.jpg\",\"contentUrl\":\"https:\\\/\\\/insektenliebe.com\\\/wp-content\\\/uploads\\\/2025\\\/05\\\/Kokoshumus-Tab-KT-250-1-2.jpg\",\"width\":820,\"height\":820,\"caption\":\"Kokoshumus-Tab-KT-250-1-2.jpg\"},{\"@type\":\"BreadcrumbList\",\"@id\":\"https:\\\/\\\/insektenliebe.com\\\/de\\\/shop\\\/produkt\\\/kokoshumus-tab\\\/#breadcrumb\",\"itemListElement\":[{\"@type\":\"ListItem\",\"position\":1,\"name\":\"Startseite\",\"item\":\"https:\\\/\\\/insektenliebe.com\\\/de\\\/\"},{\"@type\":\"ListItem\",\"position\":2,\"name\":\"Shop\",\"item\":\"https:\\\/\\\/insektenliebe.com\\\/de\\\/shop\\\/\"},{\"@type\":\"ListItem\",\"position\":3,\"name\":\"Kokoshumus Tab\"}]},{\"@type\":\"WebSite\",\"@id\":\"https:\\\/\\\/insektenliebe.com\\\/de\\\/#website\",\"url\":\"https:\\\/\\\/insektenliebe.com\\\/de\\\/\",\"name\":\"Insektenliebe\",\"description\":\"Dein Zuhause f\u00fcr die kleinen Lebewesen\",\"publisher\":{\"@id\":\"https:\\\/\\\/insektenliebe.com\\\/de\\\/#organization\"},\"potentialAction\":[{\"@type\":\"SearchAction\",\"target\":{\"@type\":\"EntryPoint\",\"urlTemplate\":\"https:\\\/\\\/insektenliebe.com\\\/de\\\/?s={search_term_string}\"},\"query-input\":{\"@type\":\"PropertyValueSpecification\",\"valueRequired\":true,\"valueName\":\"search_term_string\"}}],\"inLanguage\":\"de\"},{\"@type\":\"Organization\",\"@id\":\"https:\\\/\\\/insektenliebe.com\\\/de\\\/#organization\",\"name\":\"Insektenliebe\",\"url\":\"https:\\\/\\\/insektenliebe.com\\\/de\\\/\",\"logo\":{\"@type\":\"ImageObject\",\"inLanguage\":\"de\",\"@id\":\"https:\\\/\\\/insektenliebe.com\\\/de\\\/#\\\/schema\\\/logo\\\/image\\\/\",\"url\":\"https:\\\/\\\/insektenliebe.com\\\/wp-content\\\/uploads\\\/2025\\\/03\\\/logo-white.png\",\"contentUrl\":\"https:\\\/\\\/insektenliebe.com\\\/wp-content\\\/uploads\\\/2025\\\/03\\\/logo-white.png\",\"width\":288,\"height\":188,\"caption\":\"Insektenliebe\"},\"image\":{\"@id\":\"https:\\\/\\\/insektenliebe.com\\\/de\\\/#\\\/schema\\\/logo\\\/image\\\/\"}}]}<\/script>\n<meta property=\"og:availability\" content=\"instock\" \/>\n<meta property=\"product:availability\" content=\"instock\" \/>\n<meta property=\"product:retailer_item_id\" content=\"476\" \/>\n<meta property=\"product:condition\" content=\"new\" \/>\n<!-- \/ Yoast SEO Premium plugin. -->","yoast_head_json":{"title":"Kokoshumus Tab - Insektenliebe","description":"G\u00fcnstige Kokoshumus Tab direkt online kaufen. Er eignet sich perfekt als nat\u00fcrlicher Bodengrund f\u00fcr alle Vogelspinnen im Terrarium.","robots":{"index":"index","follow":"follow","max-snippet":"max-snippet:-1","max-image-preview":"max-image-preview:large","max-video-preview":"max-video-preview:-1"},"canonical":"https:\/\/insektenliebe.com\/de\/shop\/produkt\/kokoshumus-tab\/","og_locale":"de_DE","og_type":"article","og_title":"Kokoshumus Tab","og_description":"G\u00fcnstige Kokoshumus Tab direkt online kaufen. Er eignet sich perfekt als nat\u00fcrlicher Bodengrund f\u00fcr alle Vogelspinnen im Terrarium.","og_url":"https:\/\/insektenliebe.com\/de\/shop\/produkt\/kokoshumus-tab\/","og_site_name":"Insektenliebe","article_modified_time":"2026-04-18T17:51:34+00:00","og_image":[{"width":820,"height":820,"url":"https:\/\/insektenliebe.com\/wp-content\/uploads\/2025\/05\/Kokoshumus-Tab-KT-250-1-2.jpg","type":"image\/jpeg"}],"twitter_card":"summary_large_image","twitter_misc":{"Verf\u00fcgbarkeit":"Auf Lager"},"schema":{"@context":"https:\/\/schema.org","@graph":[{"@type":"WebPage","@id":"https:\/\/insektenliebe.com\/de\/shop\/produkt\/kokoshumus-tab\/","url":"https:\/\/insektenliebe.com\/de\/shop\/produkt\/kokoshumus-tab\/","name":"Kokoshumus Tab - Insektenliebe","isPartOf":{"@id":"https:\/\/insektenliebe.com\/de\/#website"},"primaryImageOfPage":{"@id":"https:\/\/insektenliebe.com\/de\/shop\/produkt\/kokoshumus-tab\/#primaryimage"},"image":{"@id":"https:\/\/insektenliebe.com\/de\/shop\/produkt\/kokoshumus-tab\/#primaryimage"},"thumbnailUrl":"https:\/\/insektenliebe.com\/wp-content\/uploads\/2025\/05\/Kokoshumus-Tab-KT-250-1-2.jpg","datePublished":"2023-07-12T17:18:00+00:00","dateModified":"2026-04-18T17:51:34+00:00","description":"G\u00fcnstige Kokoshumus Tab direkt online kaufen. Er eignet sich perfekt als nat\u00fcrlicher Bodengrund f\u00fcr alle Vogelspinnen im Terrarium.","breadcrumb":{"@id":"https:\/\/insektenliebe.com\/de\/shop\/produkt\/kokoshumus-tab\/#breadcrumb"},"inLanguage":"de","potentialAction":[{"@type":"ReadAction","target":["https:\/\/insektenliebe.com\/de\/shop\/produkt\/kokoshumus-tab\/"]}]},{"@type":"ImageObject","inLanguage":"de","@id":"https:\/\/insektenliebe.com\/de\/shop\/produkt\/kokoshumus-tab\/#primaryimage","url":"https:\/\/insektenliebe.com\/wp-content\/uploads\/2025\/05\/Kokoshumus-Tab-KT-250-1-2.jpg","contentUrl":"https:\/\/insektenliebe.com\/wp-content\/uploads\/2025\/05\/Kokoshumus-Tab-KT-250-1-2.jpg","width":820,"height":820,"caption":"Kokoshumus-Tab-KT-250-1-2.jpg"},{"@type":"BreadcrumbList","@id":"https:\/\/insektenliebe.com\/de\/shop\/produkt\/kokoshumus-tab\/#breadcrumb","itemListElement":[{"@type":"ListItem","position":1,"name":"Startseite","item":"https:\/\/insektenliebe.com\/de\/"},{"@type":"ListItem","position":2,"name":"Shop","item":"https:\/\/insektenliebe.com\/de\/shop\/"},{"@type":"ListItem","position":3,"name":"Kokoshumus Tab"}]},{"@type":"WebSite","@id":"https:\/\/insektenliebe.com\/de\/#website","url":"https:\/\/insektenliebe.com\/de\/","name":"Insektenliebe","description":"Dein Zuhause f\u00fcr die kleinen Lebewesen","publisher":{"@id":"https:\/\/insektenliebe.com\/de\/#organization"},"potentialAction":[{"@type":"SearchAction","target":{"@type":"EntryPoint","urlTemplate":"https:\/\/insektenliebe.com\/de\/?s={search_term_string}"},"query-input":{"@type":"PropertyValueSpecification","valueRequired":true,"valueName":"search_term_string"}}],"inLanguage":"de"},{"@type":"Organization","@id":"https:\/\/insektenliebe.com\/de\/#organization","name":"Insektenliebe","url":"https:\/\/insektenliebe.com\/de\/","logo":{"@type":"ImageObject","inLanguage":"de","@id":"https:\/\/insektenliebe.com\/de\/#\/schema\/logo\/image\/","url":"https:\/\/insektenliebe.com\/wp-content\/uploads\/2025\/03\/logo-white.png","contentUrl":"https:\/\/insektenliebe.com\/wp-content\/uploads\/2025\/03\/logo-white.png","width":288,"height":188,"caption":"Insektenliebe"},"image":{"@id":"https:\/\/insektenliebe.com\/de\/#\/schema\/logo\/image\/"}}]},"og_availability":"instock","product_availability":"instock","product_retailer_item_id":"476","product_condition":"new"},"_links":{"self":[{"href":"https:\/\/insektenliebe.com\/de\/wp-json\/wp\/v2\/product\/5558","targetHints":{"allow":["GET"]}}],"collection":[{"href":"https:\/\/insektenliebe.com\/de\/wp-json\/wp\/v2\/product"}],"about":[{"href":"https:\/\/insektenliebe.com\/de\/wp-json\/wp\/v2\/types\/product"}],"wp:featuredmedia":[{"embeddable":true,"href":"https:\/\/insektenliebe.com\/de\/wp-json\/wp\/v2\/media\/5583"}],"wp:attachment":[{"href":"https:\/\/insektenliebe.com\/de\/wp-json\/wp\/v2\/media?parent=5558"}],"wp:term":[{"taxonomy":"product-supplier","embeddable":true,"href":"https:\/\/insektenliebe.com\/de\/wp-json\/wp\/v2\/product-supplier?post=5558"},{"taxonomy":"product_brand","embeddable":true,"href":"https:\/\/insektenliebe.com\/de\/wp-json\/wp\/v2\/product_brand?post=5558"},{"taxonomy":"product_cat","embeddable":true,"href":"https:\/\/insektenliebe.com\/de\/wp-json\/wp\/v2\/product_cat?post=5558"},{"taxonomy":"product_tag","embeddable":true,"href":"https:\/\/insektenliebe.com\/de\/wp-json\/wp\/v2\/product_tag?post=5558"},{"taxonomy":"lce-checkout-addons","embeddable":true,"href":"https:\/\/insektenliebe.com\/de\/wp-json\/wp\/v2\/lce-checkout-addons?post=5558"}],"curies":[{"name":"wp","href":"https:\/\/api.w.org\/{rel}","templated":true}]}}