{"id":5503,"date":"2023-03-28T16:41:29","date_gmt":"2023-03-28T14:41:29","guid":{"rendered":"http:\/\/localhost\/ins-test\/?post_type=product&#038;p=5503"},"modified":"2026-04-02T12:37:57","modified_gmt":"2026-04-02T10:37:57","slug":"phidippus-regius-dos-gardenas","status":"publish","type":"product","link":"https:\/\/insektenliebe.com\/de\/shop\/produkt\/phidippus-regius-dos-gardenas\/","title":{"rendered":"Phidippus regius \"dos Gardenas\""},"content":{"rendered":"<h3><span style=\"color: #99cc33\">Kurzbeschreibung Phidippus regius \u201edos Gardenas\u201c:<\/span><\/h3>\n<p>Bei <strong>Phidippus regius \"dos Gardenas\"<\/strong> handelt es sich um eine lokalform aus Kuba. Die Weibchen von <strong>Phidippus regius \"dos Gardenas\"<\/strong> sind dunkel gef\u00e4rbt und haben rote oder orangefarbene Flecken auf ihrem K\u00f6rper. Die Cheliceren (Kieferklauen) sind ebenfalls rot gef\u00e4rbt und stechen deutlich hervor. Diese Merkmale tragen zur auff\u00e4lligen und lebhaften Erscheinung dieser Spinnenart bei. Im Gegensatz zu den auff\u00e4llig gef\u00e4rbten Weibchen sind die M\u00e4nnchen von <strong>Phidippus regius \"dos Gardenas\"<\/strong> schwarz-wei\u00df gef\u00e4rbt und unauff\u00e4lliger. Sie haben schwarze K\u00f6rper und wei\u00dfe Abzeichen auf den Beinen. Die Cheliceren der M\u00e4nnchen sind gr\u00fcn gef\u00e4rbt. Obwohl die M\u00e4nnchen nicht so auff\u00e4llig aussehen wie die Weibchen, haben sie dennoch ein interessantes und einzigartiges Erscheinungsbild.<\/p>\n<p>Wie die meisten Springspinnen ist auch <strong>Phidippus regius \"dos Gardenas\"<\/strong> eine tagaktive Art, die ihre Beute aktiv mit ihrem scharfen Blick beobachtet. Wenn die Spinne ihre Beute entdeckt hat, schleicht sie sich an sie heran und st\u00fcrzt sich dann auf das Futtertier. Beim Springen spinnen Springspinnen aus Sicherheitsgr\u00fcnden eine Reihe von F\u00e4den, um sicherzustellen, dass sie im Falle eines Fehlsprungs von einer Sicherheitsleine aufgefangen werden, bevor sie fallen.<\/p>\n<p><strong>Phidippus regius \"dos Gardenas\"<\/strong> haben ein ausgepr\u00e4gtes Sehverm\u00f6gen und sind immer auf der Hut vor Beute und Raubtieren. Sie sind sehr aufgeweckt und beobachten ihre Umgebung ausgiebig.<\/p>\n<p>Was die Pflege betrifft, ben\u00f6tigt <strong>Phidippus regius \"dos Gardenas\"<\/strong> keine hohe Luftfeuchtigkeit. Eine Luftfeuchtigkeit zwischen 60% und 70% ist v\u00f6llig ausreichend. Es ist besser, die Umgebung etwas trockener zu halten als zu feucht. Es reicht aus, zweimal in der Woche ein bisschen Wasser an die Scheiben zu spr\u00fchen. Bei Bedarf geht die Spinne an einen Wassertropfen und stillt ihren Durst. Ein Wassernapf ist nicht notwendig.<\/p>\n<p>Insgesamt ist <strong>Phidippus regius \"dos Gardenas\"<\/strong> eine interessante und farbenfrohe Spinnenart, die aufgrund ihrer lebhaften Farben und ihres aktiven Verhaltens bei Terrarienbesitzern sehr beliebt ist. Mit einer geeigneten Umgebung und Pflege kann diese faszinierende Art erfolgreich gehalten und gez\u00fcchtet werden.<\/p>\n","protected":false},"excerpt":{"rendered":"<p>Kurzbeschreibung Phidippus regius \u201edos Gardenas\u201c: Bei Phidippus regius \"dos Gardenas\" handelt es sich um eine lokalform aus Kuba. Die Weibchen von Phidippus regius \"dos Gardenas\" sind dunkel gef\u00e4rbt und haben rote oder orangefarbene Flecken auf ihrem K\u00f6rper. Die Cheliceren (Kieferklauen) sind ebenfalls rot gef\u00e4rbt und stechen deutlich hervor. Diese Merkmale tragen zur auff\u00e4lligen und lebhaften [&hellip;]<\/p>\n","protected":false},"featured_media":5532,"template":"","meta":{"_acf_changed":false},"product-supplier":[],"product_brand":[],"product_cat":[626,49],"product_tag":[],"lce-checkout-addons":[1202],"class_list":{"0":"post-5503","1":"product","2":"type-product","3":"status-publish","4":"has-post-thumbnail","6":"product_cat-spinnen","7":"product_cat-springspinnen","8":"product_shipping_class-animal-shipping","9":"pa_geschlecht-maennlich","10":"pa_geschlecht-unbestimmt","11":"pa_geschlecht-weiblich","12":"pa_herkunft-kuba","13":"pa_kontinent-nordamerika","14":"lce-checkout-addons-winterverpackung","16":"first","17":"instock","18":"sale","19":"taxable","20":"shipping-taxable","21":"purchasable","22":"product-type-variable"},"acf":[],"yoast_head":"<!-- This site is optimized with the Yoast SEO plugin v27.3 - https:\/\/yoast.com\/product\/yoast-seo-wordpress\/ -->\n<title>Phidippus regius &quot;dos Gardenas&quot; - Insektenliebe<\/title>\n<meta name=\"description\" content=\"G\u00fcnstige Phidippus regius &quot;dos Gardenas&quot; direkt online kaufen! Eine wundersch\u00f6ne Springspinne die man hier direkt vom Z\u00fcchter kaufen kann.\" \/>\n<meta name=\"robots\" content=\"index, follow, max-snippet:-1, max-image-preview:large, max-video-preview:-1\" \/>\n<link rel=\"canonical\" href=\"https:\/\/insektenliebe.com\/de\/shop\/produkt\/phidippus-regius-dos-gardenas\/\" \/>\n<meta property=\"og:locale\" content=\"de_DE\" \/>\n<meta property=\"og:type\" content=\"article\" \/>\n<meta property=\"og:title\" content=\"Phidippus regius &quot;dos Gardenas&quot; - Insektenliebe\" \/>\n<meta property=\"og:description\" content=\"G\u00fcnstige Phidippus regius &quot;dos Gardenas&quot; direkt online kaufen! Eine wundersch\u00f6ne Springspinne die man hier direkt vom Z\u00fcchter kaufen kann.\" \/>\n<meta property=\"og:url\" content=\"https:\/\/insektenliebe.com\/de\/shop\/produkt\/phidippus-regius-dos-gardenas\/\" \/>\n<meta property=\"og:site_name\" content=\"Insektenliebe\" \/>\n<meta property=\"article:modified_time\" content=\"2026-04-02T10:37:57+00:00\" \/>\n<meta property=\"og:image\" content=\"https:\/\/insektenliebe.com\/wp-content\/uploads\/2025\/05\/Phidippus-regius-\u201edos-Gardenas-Nahaufnahme-1-2.jpg\" \/>\n\t<meta property=\"og:image:width\" content=\"820\" \/>\n\t<meta property=\"og:image:height\" content=\"820\" \/>\n\t<meta property=\"og:image:type\" content=\"image\/jpeg\" \/>\n<meta name=\"twitter:card\" content=\"summary_large_image\" \/>\n<meta name=\"twitter:label1\" content=\"Gesch\u00e4tzte Lesezeit\" \/>\n\t<meta name=\"twitter:data1\" content=\"2\u00a0Minuten\" \/>\n<script type=\"application\/ld+json\" class=\"yoast-schema-graph\">{\"@context\":\"https:\\\/\\\/schema.org\",\"@graph\":[{\"@type\":\"WebPage\",\"@id\":\"https:\\\/\\\/insektenliebe.com\\\/de\\\/shop\\\/produkt\\\/phidippus-regius-dos-gardenas\\\/\",\"url\":\"https:\\\/\\\/insektenliebe.com\\\/de\\\/shop\\\/produkt\\\/phidippus-regius-dos-gardenas\\\/\",\"name\":\"Phidippus regius \\\"dos Gardenas\\\" - Insektenliebe\",\"isPartOf\":{\"@id\":\"https:\\\/\\\/insektenliebe.com\\\/de\\\/#website\"},\"primaryImageOfPage\":{\"@id\":\"https:\\\/\\\/insektenliebe.com\\\/de\\\/shop\\\/produkt\\\/phidippus-regius-dos-gardenas\\\/#primaryimage\"},\"image\":{\"@id\":\"https:\\\/\\\/insektenliebe.com\\\/de\\\/shop\\\/produkt\\\/phidippus-regius-dos-gardenas\\\/#primaryimage\"},\"thumbnailUrl\":\"https:\\\/\\\/insektenliebe.com\\\/wp-content\\\/uploads\\\/2025\\\/05\\\/Phidippus-regius-\u201edos-Gardenas-Nahaufnahme-1-2.jpg\",\"datePublished\":\"2023-03-28T14:41:29+00:00\",\"dateModified\":\"2026-04-02T10:37:57+00:00\",\"description\":\"G\u00fcnstige Phidippus regius \\\"dos Gardenas\\\" direkt online kaufen! Eine wundersch\u00f6ne Springspinne die man hier direkt vom Z\u00fcchter kaufen kann.\",\"breadcrumb\":{\"@id\":\"https:\\\/\\\/insektenliebe.com\\\/de\\\/shop\\\/produkt\\\/phidippus-regius-dos-gardenas\\\/#breadcrumb\"},\"inLanguage\":\"de\",\"potentialAction\":[{\"@type\":\"ReadAction\",\"target\":[\"https:\\\/\\\/insektenliebe.com\\\/de\\\/shop\\\/produkt\\\/phidippus-regius-dos-gardenas\\\/\"]}]},{\"@type\":\"ImageObject\",\"inLanguage\":\"de\",\"@id\":\"https:\\\/\\\/insektenliebe.com\\\/de\\\/shop\\\/produkt\\\/phidippus-regius-dos-gardenas\\\/#primaryimage\",\"url\":\"https:\\\/\\\/insektenliebe.com\\\/wp-content\\\/uploads\\\/2025\\\/05\\\/Phidippus-regius-\u201edos-Gardenas-Nahaufnahme-1-2.jpg\",\"contentUrl\":\"https:\\\/\\\/insektenliebe.com\\\/wp-content\\\/uploads\\\/2025\\\/05\\\/Phidippus-regius-\u201edos-Gardenas-Nahaufnahme-1-2.jpg\",\"width\":820,\"height\":820,\"caption\":\"Phidippus-regius-\u201edos-Gardenas-Nahaufnahme-1-2.jpg\"},{\"@type\":\"BreadcrumbList\",\"@id\":\"https:\\\/\\\/insektenliebe.com\\\/de\\\/shop\\\/produkt\\\/phidippus-regius-dos-gardenas\\\/#breadcrumb\",\"itemListElement\":[{\"@type\":\"ListItem\",\"position\":1,\"name\":\"Startseite\",\"item\":\"https:\\\/\\\/insektenliebe.com\\\/de\\\/\"},{\"@type\":\"ListItem\",\"position\":2,\"name\":\"Shop\",\"item\":\"https:\\\/\\\/insektenliebe.com\\\/de\\\/shop\\\/\"},{\"@type\":\"ListItem\",\"position\":3,\"name\":\"Phidippus regius &#8222;dos Gardenas&#8220;\"}]},{\"@type\":\"WebSite\",\"@id\":\"https:\\\/\\\/insektenliebe.com\\\/de\\\/#website\",\"url\":\"https:\\\/\\\/insektenliebe.com\\\/de\\\/\",\"name\":\"Insektenliebe\",\"description\":\"Dein Zuhause f\u00fcr die kleinen Lebewesen\",\"publisher\":{\"@id\":\"https:\\\/\\\/insektenliebe.com\\\/de\\\/#organization\"},\"potentialAction\":[{\"@type\":\"SearchAction\",\"target\":{\"@type\":\"EntryPoint\",\"urlTemplate\":\"https:\\\/\\\/insektenliebe.com\\\/de\\\/?s={search_term_string}\"},\"query-input\":{\"@type\":\"PropertyValueSpecification\",\"valueRequired\":true,\"valueName\":\"search_term_string\"}}],\"inLanguage\":\"de\"},{\"@type\":\"Organization\",\"@id\":\"https:\\\/\\\/insektenliebe.com\\\/de\\\/#organization\",\"name\":\"Insektenliebe\",\"url\":\"https:\\\/\\\/insektenliebe.com\\\/de\\\/\",\"logo\":{\"@type\":\"ImageObject\",\"inLanguage\":\"de\",\"@id\":\"https:\\\/\\\/insektenliebe.com\\\/de\\\/#\\\/schema\\\/logo\\\/image\\\/\",\"url\":\"https:\\\/\\\/insektenliebe.com\\\/wp-content\\\/uploads\\\/2025\\\/03\\\/logo-white.png\",\"contentUrl\":\"https:\\\/\\\/insektenliebe.com\\\/wp-content\\\/uploads\\\/2025\\\/03\\\/logo-white.png\",\"width\":288,\"height\":188,\"caption\":\"Insektenliebe\"},\"image\":{\"@id\":\"https:\\\/\\\/insektenliebe.com\\\/de\\\/#\\\/schema\\\/logo\\\/image\\\/\"}}]}<\/script>\n<!-- \/ Yoast SEO plugin. -->","yoast_head_json":{"title":"Phidippus regius \"dos Gardenas\" - Insektenliebe","description":"G\u00fcnstige Phidippus regius \"dos Gardenas\" direkt online kaufen! Eine wundersch\u00f6ne Springspinne die man hier direkt vom Z\u00fcchter kaufen kann.","robots":{"index":"index","follow":"follow","max-snippet":"max-snippet:-1","max-image-preview":"max-image-preview:large","max-video-preview":"max-video-preview:-1"},"canonical":"https:\/\/insektenliebe.com\/de\/shop\/produkt\/phidippus-regius-dos-gardenas\/","og_locale":"de_DE","og_type":"article","og_title":"Phidippus regius \"dos Gardenas\" - Insektenliebe","og_description":"G\u00fcnstige Phidippus regius \"dos Gardenas\" direkt online kaufen! Eine wundersch\u00f6ne Springspinne die man hier direkt vom Z\u00fcchter kaufen kann.","og_url":"https:\/\/insektenliebe.com\/de\/shop\/produkt\/phidippus-regius-dos-gardenas\/","og_site_name":"Insektenliebe","article_modified_time":"2026-04-02T10:37:57+00:00","og_image":[{"width":820,"height":820,"url":"https:\/\/insektenliebe.com\/wp-content\/uploads\/2025\/05\/Phidippus-regius-\u201edos-Gardenas-Nahaufnahme-1-2.jpg","type":"image\/jpeg"}],"twitter_card":"summary_large_image","twitter_misc":{"Gesch\u00e4tzte Lesezeit":"2\u00a0Minuten"},"schema":{"@context":"https:\/\/schema.org","@graph":[{"@type":"WebPage","@id":"https:\/\/insektenliebe.com\/de\/shop\/produkt\/phidippus-regius-dos-gardenas\/","url":"https:\/\/insektenliebe.com\/de\/shop\/produkt\/phidippus-regius-dos-gardenas\/","name":"Phidippus regius \"dos Gardenas\" - Insektenliebe","isPartOf":{"@id":"https:\/\/insektenliebe.com\/de\/#website"},"primaryImageOfPage":{"@id":"https:\/\/insektenliebe.com\/de\/shop\/produkt\/phidippus-regius-dos-gardenas\/#primaryimage"},"image":{"@id":"https:\/\/insektenliebe.com\/de\/shop\/produkt\/phidippus-regius-dos-gardenas\/#primaryimage"},"thumbnailUrl":"https:\/\/insektenliebe.com\/wp-content\/uploads\/2025\/05\/Phidippus-regius-\u201edos-Gardenas-Nahaufnahme-1-2.jpg","datePublished":"2023-03-28T14:41:29+00:00","dateModified":"2026-04-02T10:37:57+00:00","description":"G\u00fcnstige Phidippus regius \"dos Gardenas\" direkt online kaufen! Eine wundersch\u00f6ne Springspinne die man hier direkt vom Z\u00fcchter kaufen kann.","breadcrumb":{"@id":"https:\/\/insektenliebe.com\/de\/shop\/produkt\/phidippus-regius-dos-gardenas\/#breadcrumb"},"inLanguage":"de","potentialAction":[{"@type":"ReadAction","target":["https:\/\/insektenliebe.com\/de\/shop\/produkt\/phidippus-regius-dos-gardenas\/"]}]},{"@type":"ImageObject","inLanguage":"de","@id":"https:\/\/insektenliebe.com\/de\/shop\/produkt\/phidippus-regius-dos-gardenas\/#primaryimage","url":"https:\/\/insektenliebe.com\/wp-content\/uploads\/2025\/05\/Phidippus-regius-\u201edos-Gardenas-Nahaufnahme-1-2.jpg","contentUrl":"https:\/\/insektenliebe.com\/wp-content\/uploads\/2025\/05\/Phidippus-regius-\u201edos-Gardenas-Nahaufnahme-1-2.jpg","width":820,"height":820,"caption":"Phidippus-regius-\u201edos-Gardenas-Nahaufnahme-1-2.jpg"},{"@type":"BreadcrumbList","@id":"https:\/\/insektenliebe.com\/de\/shop\/produkt\/phidippus-regius-dos-gardenas\/#breadcrumb","itemListElement":[{"@type":"ListItem","position":1,"name":"Startseite","item":"https:\/\/insektenliebe.com\/de\/"},{"@type":"ListItem","position":2,"name":"Shop","item":"https:\/\/insektenliebe.com\/de\/shop\/"},{"@type":"ListItem","position":3,"name":"Phidippus regius &#8222;dos Gardenas&#8220;"}]},{"@type":"WebSite","@id":"https:\/\/insektenliebe.com\/de\/#website","url":"https:\/\/insektenliebe.com\/de\/","name":"Insektenliebe","description":"Dein Zuhause f\u00fcr die kleinen Lebewesen","publisher":{"@id":"https:\/\/insektenliebe.com\/de\/#organization"},"potentialAction":[{"@type":"SearchAction","target":{"@type":"EntryPoint","urlTemplate":"https:\/\/insektenliebe.com\/de\/?s={search_term_string}"},"query-input":{"@type":"PropertyValueSpecification","valueRequired":true,"valueName":"search_term_string"}}],"inLanguage":"de"},{"@type":"Organization","@id":"https:\/\/insektenliebe.com\/de\/#organization","name":"Insektenliebe","url":"https:\/\/insektenliebe.com\/de\/","logo":{"@type":"ImageObject","inLanguage":"de","@id":"https:\/\/insektenliebe.com\/de\/#\/schema\/logo\/image\/","url":"https:\/\/insektenliebe.com\/wp-content\/uploads\/2025\/03\/logo-white.png","contentUrl":"https:\/\/insektenliebe.com\/wp-content\/uploads\/2025\/03\/logo-white.png","width":288,"height":188,"caption":"Insektenliebe"},"image":{"@id":"https:\/\/insektenliebe.com\/de\/#\/schema\/logo\/image\/"}}]}},"_links":{"self":[{"href":"https:\/\/insektenliebe.com\/de\/wp-json\/wp\/v2\/product\/5503","targetHints":{"allow":["GET"]}}],"collection":[{"href":"https:\/\/insektenliebe.com\/de\/wp-json\/wp\/v2\/product"}],"about":[{"href":"https:\/\/insektenliebe.com\/de\/wp-json\/wp\/v2\/types\/product"}],"wp:featuredmedia":[{"embeddable":true,"href":"https:\/\/insektenliebe.com\/de\/wp-json\/wp\/v2\/media\/5532"}],"wp:attachment":[{"href":"https:\/\/insektenliebe.com\/de\/wp-json\/wp\/v2\/media?parent=5503"}],"wp:term":[{"taxonomy":"product-supplier","embeddable":true,"href":"https:\/\/insektenliebe.com\/de\/wp-json\/wp\/v2\/product-supplier?post=5503"},{"taxonomy":"product_brand","embeddable":true,"href":"https:\/\/insektenliebe.com\/de\/wp-json\/wp\/v2\/product_brand?post=5503"},{"taxonomy":"product_cat","embeddable":true,"href":"https:\/\/insektenliebe.com\/de\/wp-json\/wp\/v2\/product_cat?post=5503"},{"taxonomy":"product_tag","embeddable":true,"href":"https:\/\/insektenliebe.com\/de\/wp-json\/wp\/v2\/product_tag?post=5503"},{"taxonomy":"lce-checkout-addons","embeddable":true,"href":"https:\/\/insektenliebe.com\/de\/wp-json\/wp\/v2\/lce-checkout-addons?post=5503"}],"curies":[{"name":"wp","href":"https:\/\/api.w.org\/{rel}","templated":true}]}}