{"id":5500,"date":"2023-03-17T10:50:42","date_gmt":"2023-03-17T08:50:42","guid":{"rendered":"http:\/\/localhost\/ins-test\/?post_type=product&#038;p=5500"},"modified":"2026-01-29T08:47:01","modified_gmt":"2026-01-29T07:47:01","slug":"raubmilben-hypoaspis-miles","status":"publish","type":"product","link":"https:\/\/insektenliebe.com\/de\/shop\/produkt\/raubmilben-hypoaspis-miles\/","title":{"rendered":"Raubmilben (Hypoaspis miles)"},"content":{"rendered":"<p><strong>Raubmilben stellen keine Gefahr f\u00fcr Tausendf\u00fc\u00dfer, Asseln oder andere Mitbewohner im Terrarium dar. Sie konzentrieren sich ausschlie\u00dflich auf die Bek\u00e4mpfung von unerw\u00fcnschten Sch\u00e4dlingen wie Milben und Trauerfliegen. Deine Terrarienbewohner bleiben also unbehelligt und sicher.<\/strong><\/p>\n<div>\n<p>Die Raubmilben (Hypoaspis miles) sind eine hervorragende Wahl zur Bek\u00e4mpfung von Milben im Terrarium. Die Raubmilben haben zahlreiche Vorteile gegen\u00fcber anderen Arten und sind in der Lage, die Population der Sch\u00e4dlinge komplett zu beseitigen. Ein weiterer Pluspunkt ist ihre F\u00e4higkeit, l\u00e4ngere Zeit ohne Nahrung auszukommen, was besonders vorteilhaft ist, wenn die Milbenart, die man bek\u00e4mpfen m\u00f6chte, eine lange Inkubationszeit hat. Zudem k\u00f6nnen die Hypoaspis miles auch gegen Trauerm\u00fcckenlarven im Terrarium eingesetzt werden und sind ausgezeichnete J\u00e4ger, die in der Lage sind, alle Larvenstadien der Trauerm\u00fccken zu bek\u00e4mpfen.<\/p>\n<p>Die Raubmilben (Hypoaspis miles) durchsuchen das gesamte Terrarium auf der Suche nach Beute und fressen die Trauerm\u00fcckenlarven, bevor sie sich zu Puppen entwickeln k\u00f6nnen. Jedoch ist zu beachten, dass sie keine Puppen angreifen und somit nicht in der Lage sind, bereits geschl\u00fcpfte Trauerm\u00fccken zu bek\u00e4mpfen. F\u00fcr diesen Fall sollten zus\u00e4tzlich Gelbtafeln angebracht werden, um erwachsene Trauerm\u00fccken zu fangen und die Population zu reduzieren.<\/p>\n<p>Raubmilben (Hypoaspis miles) k\u00f6nnen auch Springschw\u00e4nze als Beute jagen, jedoch sind diese aufgrund ihrer Schnelligkeit und Wehrhaftigkeit schwieriger zu erbeuten. Aus diesem Grund erreichen sie keine vollst\u00e4ndige Ausrottung. F\u00fcr gr\u00f6\u00dfere Arten wie beispielsweise wei\u00dfe Asseln stellen Hypoaspis miles keine Bedrohung dar, da die Jungasseln bereits zu gro\u00df f\u00fcr die Raubmilben sind.<\/p>\n<p>Zusammenfassend sind die Raubmilben (Hypoaspis miles) eine ausgezeichnete Wahl, um Milben und Trauerfliegen im Terrarium effektiv zu bek\u00e4mpfen. Die Hypoaspis miles sind \u00e4u\u00dferst widerstandsf\u00e4hig und k\u00f6nnen in verschiedenen Terrarium-Umgebungen eingesetzt werden. Sie tragen dazu bei, dass das Terrarium frei von Milben und Trauerfliegen bleibt und somit eine gesunde Umgebung f\u00fcr die darin lebenden Tiere bietet.<\/p>\n<p><strong>Inhalt:<\/strong><br \/>\n1.000 Raubmilben in Vermiculite<\/p>\n<p><strong>Anwendung:<\/strong><br \/>\nDer Inhalt kann auf mehrere Terrarien (bis 2 m<sup>2<\/sup>) verteilt werden. Dazu einfach den Inhalt der Pappdose in die Terrarium aufteilen.<\/p>\n<p><strong>Haltbarkeit:<br \/>\n<\/strong>Am besten setzt man die Raubmilben direkt in das Terrarium. Raubmilben sollten bei einer Lagerungstemperatur von 8-10\u00b0C maximal eine Woche aufbewahrt werden. Da sie ohne Futter geliefert werden beginnen sie in der Verpackung sich gegenseitig zu dezimieren.<\/p>\n<p><strong>Lieferbedingung:<\/strong><\/p>\n<p>Bei uns trifft jede Woche eine frische Lieferung ein!<br \/>\nRaubmilben-Bestellungen werden nur dienstags versendet.<\/p>\n<\/div>\n","protected":false},"excerpt":{"rendered":"<p>Raubmilben stellen keine Gefahr f\u00fcr Tausendf\u00fc\u00dfer, Asseln oder andere Mitbewohner im Terrarium dar. Sie konzentrieren sich ausschlie\u00dflich auf die Bek\u00e4mpfung von unerw\u00fcnschten Sch\u00e4dlingen wie Milben und Trauerfliegen. Deine Terrarienbewohner bleiben also unbehelligt und sicher. Die Raubmilben (Hypoaspis miles) sind eine hervorragende Wahl zur Bek\u00e4mpfung von Milben im Terrarium. Die Raubmilben haben zahlreiche Vorteile gegen\u00fcber anderen [&hellip;]<\/p>\n","protected":false},"featured_media":5530,"template":"","meta":{"_acf_changed":false},"product-supplier":[],"product_brand":[],"product_cat":[143],"product_tag":[],"lce-checkout-addons":[],"class_list":{"0":"post-5500","1":"product","2":"type-product","3":"status-publish","4":"has-post-thumbnail","6":"product_cat-sonstige-wirbellose","7":"product_shipping_class-equipment-shipping","8":"pa_herkunft-kosmopolitisch","9":"pa_kontinent-asien","10":"pa_kontinent-europa","12":"first","13":"instock","14":"sale","15":"taxable","16":"shipping-taxable","17":"purchasable","18":"product-type-simple"},"acf":[],"yoast_head":"<!-- This site is optimized with the Yoast SEO Premium plugin v26.8 (Yoast SEO v27.3) - https:\/\/yoast.com\/product\/yoast-seo-premium-wordpress\/ -->\n<title>Raubmilben (Hypoaspis miles) - Insektenliebe<\/title>\n<meta name=\"description\" content=\"G\u00fcnstige Raubmilben (Hypoaspis miles) direkt online kaufen. Ausgezeichnete Wahl, um Milben und Trauerfliegen im Terrarium effektiv zu bek\u00e4mpfen.\" \/>\n<meta name=\"robots\" content=\"index, follow, max-snippet:-1, max-image-preview:large, max-video-preview:-1\" \/>\n<link rel=\"canonical\" href=\"https:\/\/insektenliebe.com\/de\/shop\/produkt\/raubmilben-hypoaspis-miles\/\" \/>\n<meta property=\"og:locale\" content=\"de_DE\" \/>\n<meta property=\"og:type\" content=\"article\" \/>\n<meta property=\"og:title\" content=\"Raubmilben (Hypoaspis miles)\" \/>\n<meta property=\"og:description\" content=\"G\u00fcnstige Raubmilben (Hypoaspis miles) direkt online kaufen. Ausgezeichnete Wahl, um Milben und Trauerfliegen im Terrarium effektiv zu bek\u00e4mpfen.\" \/>\n<meta property=\"og:url\" content=\"https:\/\/insektenliebe.com\/de\/shop\/produkt\/raubmilben-hypoaspis-miles\/\" \/>\n<meta property=\"og:site_name\" content=\"Insektenliebe\" \/>\n<meta property=\"article:modified_time\" content=\"2026-01-29T07:47:01+00:00\" \/>\n<meta property=\"og:image\" content=\"https:\/\/insektenliebe.com\/wp-content\/uploads\/2025\/05\/Raubmilben-Hypoaspis-miles-1-2.jpg\" \/>\n\t<meta property=\"og:image:width\" content=\"820\" \/>\n\t<meta property=\"og:image:height\" content=\"820\" \/>\n\t<meta property=\"og:image:type\" content=\"image\/jpeg\" \/>\n<meta name=\"twitter:card\" content=\"summary_large_image\" \/>\n<meta name=\"twitter:label1\" content=\"Preis\" \/>\n\t<meta name=\"twitter:data1\" content=\"9,90&nbsp;&euro; inkl. MwSt. zzgl. Versand\" \/>\n\t<meta name=\"twitter:label2\" content=\"Verf\u00fcgbarkeit\" \/>\n\t<meta name=\"twitter:data2\" content=\"Auf Lager\" \/>\n<script type=\"application\/ld+json\" class=\"yoast-schema-graph\">{\"@context\":\"https:\\\/\\\/schema.org\",\"@graph\":[{\"@type\":\"WebPage\",\"@id\":\"https:\\\/\\\/insektenliebe.com\\\/de\\\/shop\\\/produkt\\\/raubmilben-hypoaspis-miles\\\/\",\"url\":\"https:\\\/\\\/insektenliebe.com\\\/de\\\/shop\\\/produkt\\\/raubmilben-hypoaspis-miles\\\/\",\"name\":\"Raubmilben (Hypoaspis miles) - Insektenliebe\",\"isPartOf\":{\"@id\":\"https:\\\/\\\/insektenliebe.com\\\/de\\\/#website\"},\"primaryImageOfPage\":{\"@id\":\"https:\\\/\\\/insektenliebe.com\\\/de\\\/shop\\\/produkt\\\/raubmilben-hypoaspis-miles\\\/#primaryimage\"},\"image\":{\"@id\":\"https:\\\/\\\/insektenliebe.com\\\/de\\\/shop\\\/produkt\\\/raubmilben-hypoaspis-miles\\\/#primaryimage\"},\"thumbnailUrl\":\"https:\\\/\\\/insektenliebe.com\\\/wp-content\\\/uploads\\\/2025\\\/05\\\/Raubmilben-Hypoaspis-miles-1-2.jpg\",\"datePublished\":\"2023-03-17T08:50:42+00:00\",\"dateModified\":\"2026-01-29T07:47:01+00:00\",\"description\":\"G\u00fcnstige Raubmilben (Hypoaspis miles) direkt online kaufen. Ausgezeichnete Wahl, um Milben und Trauerfliegen im Terrarium effektiv zu bek\u00e4mpfen.\",\"breadcrumb\":{\"@id\":\"https:\\\/\\\/insektenliebe.com\\\/de\\\/shop\\\/produkt\\\/raubmilben-hypoaspis-miles\\\/#breadcrumb\"},\"inLanguage\":\"de\",\"potentialAction\":[{\"@type\":\"ReadAction\",\"target\":[\"https:\\\/\\\/insektenliebe.com\\\/de\\\/shop\\\/produkt\\\/raubmilben-hypoaspis-miles\\\/\"]}]},{\"@type\":\"ImageObject\",\"inLanguage\":\"de\",\"@id\":\"https:\\\/\\\/insektenliebe.com\\\/de\\\/shop\\\/produkt\\\/raubmilben-hypoaspis-miles\\\/#primaryimage\",\"url\":\"https:\\\/\\\/insektenliebe.com\\\/wp-content\\\/uploads\\\/2025\\\/05\\\/Raubmilben-Hypoaspis-miles-1-2.jpg\",\"contentUrl\":\"https:\\\/\\\/insektenliebe.com\\\/wp-content\\\/uploads\\\/2025\\\/05\\\/Raubmilben-Hypoaspis-miles-1-2.jpg\",\"width\":820,\"height\":820,\"caption\":\"Raubmilben-Hypoaspis-miles-1-2.jpg\"},{\"@type\":\"BreadcrumbList\",\"@id\":\"https:\\\/\\\/insektenliebe.com\\\/de\\\/shop\\\/produkt\\\/raubmilben-hypoaspis-miles\\\/#breadcrumb\",\"itemListElement\":[{\"@type\":\"ListItem\",\"position\":1,\"name\":\"Startseite\",\"item\":\"https:\\\/\\\/insektenliebe.com\\\/de\\\/\"},{\"@type\":\"ListItem\",\"position\":2,\"name\":\"Shop\",\"item\":\"https:\\\/\\\/insektenliebe.com\\\/de\\\/shop\\\/\"},{\"@type\":\"ListItem\",\"position\":3,\"name\":\"Raubmilben (Hypoaspis miles)\"}]},{\"@type\":\"WebSite\",\"@id\":\"https:\\\/\\\/insektenliebe.com\\\/de\\\/#website\",\"url\":\"https:\\\/\\\/insektenliebe.com\\\/de\\\/\",\"name\":\"Insektenliebe\",\"description\":\"Dein Zuhause f\u00fcr die kleinen Lebewesen\",\"publisher\":{\"@id\":\"https:\\\/\\\/insektenliebe.com\\\/de\\\/#organization\"},\"potentialAction\":[{\"@type\":\"SearchAction\",\"target\":{\"@type\":\"EntryPoint\",\"urlTemplate\":\"https:\\\/\\\/insektenliebe.com\\\/de\\\/?s={search_term_string}\"},\"query-input\":{\"@type\":\"PropertyValueSpecification\",\"valueRequired\":true,\"valueName\":\"search_term_string\"}}],\"inLanguage\":\"de\"},{\"@type\":\"Organization\",\"@id\":\"https:\\\/\\\/insektenliebe.com\\\/de\\\/#organization\",\"name\":\"Insektenliebe\",\"url\":\"https:\\\/\\\/insektenliebe.com\\\/de\\\/\",\"logo\":{\"@type\":\"ImageObject\",\"inLanguage\":\"de\",\"@id\":\"https:\\\/\\\/insektenliebe.com\\\/de\\\/#\\\/schema\\\/logo\\\/image\\\/\",\"url\":\"https:\\\/\\\/insektenliebe.com\\\/wp-content\\\/uploads\\\/2025\\\/03\\\/logo-white.png\",\"contentUrl\":\"https:\\\/\\\/insektenliebe.com\\\/wp-content\\\/uploads\\\/2025\\\/03\\\/logo-white.png\",\"width\":288,\"height\":188,\"caption\":\"Insektenliebe\"},\"image\":{\"@id\":\"https:\\\/\\\/insektenliebe.com\\\/de\\\/#\\\/schema\\\/logo\\\/image\\\/\"}}]}<\/script>\n<meta property=\"product:price:amount\" content=\"9.90\" \/>\n<meta property=\"product:price:currency\" content=\"EUR\" \/>\n<meta property=\"og:availability\" content=\"instock\" \/>\n<meta property=\"product:availability\" content=\"instock\" \/>\n<meta property=\"product:retailer_item_id\" content=\"333-1\" \/>\n<meta property=\"product:condition\" content=\"new\" \/>\n<!-- \/ Yoast SEO Premium plugin. -->","yoast_head_json":{"title":"Raubmilben (Hypoaspis miles) - Insektenliebe","description":"G\u00fcnstige Raubmilben (Hypoaspis miles) direkt online kaufen. Ausgezeichnete Wahl, um Milben und Trauerfliegen im Terrarium effektiv zu bek\u00e4mpfen.","robots":{"index":"index","follow":"follow","max-snippet":"max-snippet:-1","max-image-preview":"max-image-preview:large","max-video-preview":"max-video-preview:-1"},"canonical":"https:\/\/insektenliebe.com\/de\/shop\/produkt\/raubmilben-hypoaspis-miles\/","og_locale":"de_DE","og_type":"article","og_title":"Raubmilben (Hypoaspis miles)","og_description":"G\u00fcnstige Raubmilben (Hypoaspis miles) direkt online kaufen. Ausgezeichnete Wahl, um Milben und Trauerfliegen im Terrarium effektiv zu bek\u00e4mpfen.","og_url":"https:\/\/insektenliebe.com\/de\/shop\/produkt\/raubmilben-hypoaspis-miles\/","og_site_name":"Insektenliebe","article_modified_time":"2026-01-29T07:47:01+00:00","og_image":[{"width":820,"height":820,"url":"https:\/\/insektenliebe.com\/wp-content\/uploads\/2025\/05\/Raubmilben-Hypoaspis-miles-1-2.jpg","type":"image\/jpeg"}],"twitter_card":"summary_large_image","twitter_misc":{"Preis":"9,90&nbsp;&euro; inkl. MwSt. zzgl. Versand","Verf\u00fcgbarkeit":"Auf Lager"},"schema":{"@context":"https:\/\/schema.org","@graph":[{"@type":"WebPage","@id":"https:\/\/insektenliebe.com\/de\/shop\/produkt\/raubmilben-hypoaspis-miles\/","url":"https:\/\/insektenliebe.com\/de\/shop\/produkt\/raubmilben-hypoaspis-miles\/","name":"Raubmilben (Hypoaspis miles) - Insektenliebe","isPartOf":{"@id":"https:\/\/insektenliebe.com\/de\/#website"},"primaryImageOfPage":{"@id":"https:\/\/insektenliebe.com\/de\/shop\/produkt\/raubmilben-hypoaspis-miles\/#primaryimage"},"image":{"@id":"https:\/\/insektenliebe.com\/de\/shop\/produkt\/raubmilben-hypoaspis-miles\/#primaryimage"},"thumbnailUrl":"https:\/\/insektenliebe.com\/wp-content\/uploads\/2025\/05\/Raubmilben-Hypoaspis-miles-1-2.jpg","datePublished":"2023-03-17T08:50:42+00:00","dateModified":"2026-01-29T07:47:01+00:00","description":"G\u00fcnstige Raubmilben (Hypoaspis miles) direkt online kaufen. Ausgezeichnete Wahl, um Milben und Trauerfliegen im Terrarium effektiv zu bek\u00e4mpfen.","breadcrumb":{"@id":"https:\/\/insektenliebe.com\/de\/shop\/produkt\/raubmilben-hypoaspis-miles\/#breadcrumb"},"inLanguage":"de","potentialAction":[{"@type":"ReadAction","target":["https:\/\/insektenliebe.com\/de\/shop\/produkt\/raubmilben-hypoaspis-miles\/"]}]},{"@type":"ImageObject","inLanguage":"de","@id":"https:\/\/insektenliebe.com\/de\/shop\/produkt\/raubmilben-hypoaspis-miles\/#primaryimage","url":"https:\/\/insektenliebe.com\/wp-content\/uploads\/2025\/05\/Raubmilben-Hypoaspis-miles-1-2.jpg","contentUrl":"https:\/\/insektenliebe.com\/wp-content\/uploads\/2025\/05\/Raubmilben-Hypoaspis-miles-1-2.jpg","width":820,"height":820,"caption":"Raubmilben-Hypoaspis-miles-1-2.jpg"},{"@type":"BreadcrumbList","@id":"https:\/\/insektenliebe.com\/de\/shop\/produkt\/raubmilben-hypoaspis-miles\/#breadcrumb","itemListElement":[{"@type":"ListItem","position":1,"name":"Startseite","item":"https:\/\/insektenliebe.com\/de\/"},{"@type":"ListItem","position":2,"name":"Shop","item":"https:\/\/insektenliebe.com\/de\/shop\/"},{"@type":"ListItem","position":3,"name":"Raubmilben (Hypoaspis miles)"}]},{"@type":"WebSite","@id":"https:\/\/insektenliebe.com\/de\/#website","url":"https:\/\/insektenliebe.com\/de\/","name":"Insektenliebe","description":"Dein Zuhause f\u00fcr die kleinen Lebewesen","publisher":{"@id":"https:\/\/insektenliebe.com\/de\/#organization"},"potentialAction":[{"@type":"SearchAction","target":{"@type":"EntryPoint","urlTemplate":"https:\/\/insektenliebe.com\/de\/?s={search_term_string}"},"query-input":{"@type":"PropertyValueSpecification","valueRequired":true,"valueName":"search_term_string"}}],"inLanguage":"de"},{"@type":"Organization","@id":"https:\/\/insektenliebe.com\/de\/#organization","name":"Insektenliebe","url":"https:\/\/insektenliebe.com\/de\/","logo":{"@type":"ImageObject","inLanguage":"de","@id":"https:\/\/insektenliebe.com\/de\/#\/schema\/logo\/image\/","url":"https:\/\/insektenliebe.com\/wp-content\/uploads\/2025\/03\/logo-white.png","contentUrl":"https:\/\/insektenliebe.com\/wp-content\/uploads\/2025\/03\/logo-white.png","width":288,"height":188,"caption":"Insektenliebe"},"image":{"@id":"https:\/\/insektenliebe.com\/de\/#\/schema\/logo\/image\/"}}]},"product_price_amount":"9.90","product_price_currency":"EUR","og_availability":"instock","product_availability":"instock","product_retailer_item_id":"333-1","product_condition":"new"},"_links":{"self":[{"href":"https:\/\/insektenliebe.com\/de\/wp-json\/wp\/v2\/product\/5500","targetHints":{"allow":["GET"]}}],"collection":[{"href":"https:\/\/insektenliebe.com\/de\/wp-json\/wp\/v2\/product"}],"about":[{"href":"https:\/\/insektenliebe.com\/de\/wp-json\/wp\/v2\/types\/product"}],"wp:featuredmedia":[{"embeddable":true,"href":"https:\/\/insektenliebe.com\/de\/wp-json\/wp\/v2\/media\/5530"}],"wp:attachment":[{"href":"https:\/\/insektenliebe.com\/de\/wp-json\/wp\/v2\/media?parent=5500"}],"wp:term":[{"taxonomy":"product-supplier","embeddable":true,"href":"https:\/\/insektenliebe.com\/de\/wp-json\/wp\/v2\/product-supplier?post=5500"},{"taxonomy":"product_brand","embeddable":true,"href":"https:\/\/insektenliebe.com\/de\/wp-json\/wp\/v2\/product_brand?post=5500"},{"taxonomy":"product_cat","embeddable":true,"href":"https:\/\/insektenliebe.com\/de\/wp-json\/wp\/v2\/product_cat?post=5500"},{"taxonomy":"product_tag","embeddable":true,"href":"https:\/\/insektenliebe.com\/de\/wp-json\/wp\/v2\/product_tag?post=5500"},{"taxonomy":"lce-checkout-addons","embeddable":true,"href":"https:\/\/insektenliebe.com\/de\/wp-json\/wp\/v2\/lce-checkout-addons?post=5500"}],"curies":[{"name":"wp","href":"https:\/\/api.w.org\/{rel}","templated":true}]}}