{"id":5499,"date":"2023-03-08T15:48:52","date_gmt":"2023-03-08T13:48:52","guid":{"rendered":"http:\/\/localhost\/ins-test\/?post_type=product&#038;p=5499"},"modified":"2026-04-07T00:15:57","modified_gmt":"2026-04-06T22:15:57","slug":"eresus-walckenaeri","status":"publish","type":"product","link":"https:\/\/insektenliebe.com\/de\/shop\/produkt\/eresus-walckenaeri\/","title":{"rendered":"Eresus walckenaeri"},"content":{"rendered":"<h3 class=\"p1\"><span style=\"color: #99cc33\"><strong><span class=\"s1\">Gefahrlos und friedlich: Warum Eresus walckenaeri auch f\u00fcr Einsteiger interessant ist<\/span><\/strong><\/span><\/h3>\n<div>\n<p>Die griechische R\u00f6hrenspinne, auch bekannt als <strong>Eresus walckenaeri<\/strong>, ist ein unglaublich faszinierendes und niedliches Tier, das immer mehr Anerkennung und Beliebtheit unter Spinnenhalter gewinnt. Diese hat eine einzigartige Netzbauweise und ein besonderes Aussehen, das sie zu einer besonderen Bereicherung f\u00fcr jedes Terrarium macht.<\/p>\n<p>Die Weibchen haben eine eher unscheinbare schwarz-graue Grundfarbe. Die M\u00e4nnchen hingegen leuchten in einem starken Orange, wobei nur ihre Beine und K\u00f6pfe schwarz sind. Aufgrund ihres Ursprungsgebiets in Griechenland ben\u00f6tigen sie ein trockeneres und w\u00e4rmeres Habitat mit einer Temperatur von 20-28\u00b0C. Die Flexibilit\u00e4t bei den Temperaturen macht die griechische R\u00f6hrenspinne zu einer einfachen Art f\u00fcr Einsteiger und erfahrene Halter. Ob bei k\u00fchleren 20\u00b0C oder w\u00e4rmeren 28\u00b0C, die Haltung ist f\u00fcr die Tiere kein Problem. So kann man sich ganz auf die Gestaltung des Terrariums und die F\u00fctterung konzentrieren.<\/p>\n<p>Die R\u00f6hrenspinne bezieht ihren Fl\u00fcssigkeitsbedarf haupts\u00e4chlich aus ihren Futtertieren. Es ist jedoch ratsam, den Boden ihres Terrariums ab und zu etwas zu befeuchten, um eine gewisse Feuchtigkeit zu garantieren. Dies sollte jedoch sparsam geschehen, da die R\u00f6hrenspinne ein eher trockenes Habitat bevorzugt.<\/p>\n<\/div>\n<div>\n<p><strong>Eresus walckenaeri<\/strong> ist eine bedingt kommunale Art, die in Gruppen gehalten werden kann, solange gen\u00fcgend Platz und Futter vorhanden ist. Es wird jedoch empfohlen, sie nach einer Gr\u00f6\u00dfe von etwa 1cm zu trennen.<\/p>\n<p>Eine besondere Eigenschaft der griechischen <strong>Eresus walckenaeri<\/strong> ist, dass die Weibchen nach der Kokonpflege und dem Schl\u00fcpfen ihrer Jungen oft aufgrund von Matriphagie sterben. Daher bauen sie oft nur einen Kokon, aus dem viele Jungspinnen schl\u00fcpfen. Matriphagie ist ein Ph\u00e4nomen, bei dem die Mutter nach der Geburt oder dem Schl\u00fcpfen ihrer Nachkommen von diesen gefressen wird. Es tritt bei einigen Arten von Spinnen, Insekten und anderen Tieren auf und kann verschiedene Gr\u00fcnde haben, wie beispielsweise eine Optimierung der Ressourcennutzung oder eine St\u00e4rkung des Nachwuchses durch die zus\u00e4tzliche Nahrung.<\/p>\n<p>Ein Terrarium mit den Ma\u00dfen 15 x 15 x 20 cm ist f\u00fcr ein erwachsenes Tiere ausreichend. Korkrinde und Korkr\u00f6hren sind perfekte Einrichtungsmaterialien f\u00fcr die griechische R\u00f6hrenspinne. <strong>Eresus walckenaeri<\/strong> nutzt gerne Korkr\u00f6hren als Wohnh\u00f6hle und baut ihr R\u00f6hrennetz auch an Korkst\u00fccken, engen Stein- oder Korkspalten. Eine Flusswurzel kann ebenfalls eine tolle Erg\u00e4nzung sein und bietet zus\u00e4tzliche Versteckm\u00f6glichkeiten f\u00fcr die Spinne.<\/p>\n<p>Als Futter eignen sich am Anfang Drosophila hydei. Sp\u00e4ter kann man auf gr\u00f6\u00dfere Tiere umsteigen, die ungef\u00e4hr so gro\u00df wie die Spinne selbst sein sollten. Die orange R\u00f6hrenspinne frisst etwa einmal pro Woche ein solches Futtertier, aber unterbricht das Fressen ein paar Tage vor und nach einer H\u00e4utung.<\/p>\n<p><strong>Aktuelle Gr\u00f6\u00dfe:<br \/>\n<\/strong>Futter: Drosophila hydei<br \/>\nUnterbringung: Tiere werden in gelochten Aufzuchtdosen zugesendet<\/p>\n<\/div>\n","protected":false},"excerpt":{"rendered":"<p>Gefahrlos und friedlich: Warum Eresus walckenaeri auch f\u00fcr Einsteiger interessant ist Die griechische R\u00f6hrenspinne, auch bekannt als Eresus walckenaeri, ist ein unglaublich faszinierendes und niedliches Tier, das immer mehr Anerkennung und Beliebtheit unter Spinnenhalter gewinnt. Diese hat eine einzigartige Netzbauweise und ein besonderes Aussehen, das sie zu einer besonderen Bereicherung f\u00fcr jedes Terrarium macht. Die [&hellip;]<\/p>\n","protected":false},"featured_media":5529,"template":"","meta":{"_acf_changed":false},"product-supplier":[],"product_brand":[],"product_cat":[79,626],"product_tag":[],"lce-checkout-addons":[1202],"class_list":{"0":"post-5499","1":"product","2":"type-product","3":"status-publish","4":"has-post-thumbnail","6":"product_cat-sonstige-spinnen","7":"product_cat-spinnen","8":"product_shipping_class-animal-shipping","9":"pa_herkunft-griechenland","10":"pa_kontinent-europa","11":"lce-checkout-addons-winterverpackung","13":"first","14":"outofstock","15":"taxable","16":"shipping-taxable","17":"purchasable","18":"product-type-variable"},"acf":[],"yoast_head":"<!-- This site is optimized with the Yoast SEO Premium plugin v26.8 (Yoast SEO v27.3) - https:\/\/yoast.com\/product\/yoast-seo-premium-wordpress\/ -->\n<title>Eresus walckenaeri - Insektenliebe<\/title>\n<meta name=\"description\" content=\"G\u00fcnstige Eresus walckenaeri direkt online kaufen! Eine R\u00f6hren-Spinnen aus Griechenland die sehr einfach in der Haltung ist. Direkt online kaufen!\" \/>\n<meta name=\"robots\" content=\"index, follow, max-snippet:-1, max-image-preview:large, max-video-preview:-1\" \/>\n<link rel=\"canonical\" href=\"https:\/\/insektenliebe.com\/de\/shop\/produkt\/eresus-walckenaeri\/\" \/>\n<meta property=\"og:locale\" content=\"de_DE\" \/>\n<meta property=\"og:type\" content=\"article\" \/>\n<meta property=\"og:title\" content=\"Eresus walckenaeri\" \/>\n<meta property=\"og:description\" content=\"G\u00fcnstige Eresus walckenaeri direkt online kaufen! Eine R\u00f6hren-Spinnen aus Griechenland die sehr einfach in der Haltung ist. Direkt online kaufen!\" \/>\n<meta property=\"og:url\" content=\"https:\/\/insektenliebe.com\/de\/shop\/produkt\/eresus-walckenaeri\/\" \/>\n<meta property=\"og:site_name\" content=\"Insektenliebe\" \/>\n<meta property=\"article:modified_time\" content=\"2026-04-06T22:15:57+00:00\" \/>\n<meta property=\"og:image\" content=\"https:\/\/insektenliebe.com\/wp-content\/uploads\/2025\/05\/Eresus-walckenaeri-Kork-2.jpg\" \/>\n\t<meta property=\"og:image:width\" content=\"820\" \/>\n\t<meta property=\"og:image:height\" content=\"820\" \/>\n\t<meta property=\"og:image:type\" content=\"image\/jpeg\" \/>\n<meta name=\"twitter:card\" content=\"summary_large_image\" \/>\n<meta name=\"twitter:label1\" content=\"Verf\u00fcgbarkeit\" \/>\n\t<meta name=\"twitter:data1\" content=\"ausverkauft\" \/>\n<script type=\"application\/ld+json\" class=\"yoast-schema-graph\">{\"@context\":\"https:\\\/\\\/schema.org\",\"@graph\":[{\"@type\":\"WebPage\",\"@id\":\"https:\\\/\\\/insektenliebe.com\\\/de\\\/shop\\\/produkt\\\/eresus-walckenaeri\\\/\",\"url\":\"https:\\\/\\\/insektenliebe.com\\\/de\\\/shop\\\/produkt\\\/eresus-walckenaeri\\\/\",\"name\":\"Eresus walckenaeri - Insektenliebe\",\"isPartOf\":{\"@id\":\"https:\\\/\\\/insektenliebe.com\\\/de\\\/#website\"},\"primaryImageOfPage\":{\"@id\":\"https:\\\/\\\/insektenliebe.com\\\/de\\\/shop\\\/produkt\\\/eresus-walckenaeri\\\/#primaryimage\"},\"image\":{\"@id\":\"https:\\\/\\\/insektenliebe.com\\\/de\\\/shop\\\/produkt\\\/eresus-walckenaeri\\\/#primaryimage\"},\"thumbnailUrl\":\"https:\\\/\\\/insektenliebe.com\\\/wp-content\\\/uploads\\\/2025\\\/05\\\/Eresus-walckenaeri-Kork-2.jpg\",\"datePublished\":\"2023-03-08T13:48:52+00:00\",\"dateModified\":\"2026-04-06T22:15:57+00:00\",\"description\":\"G\u00fcnstige Eresus walckenaeri direkt online kaufen! Eine R\u00f6hren-Spinnen aus Griechenland die sehr einfach in der Haltung ist. Direkt online kaufen!\",\"breadcrumb\":{\"@id\":\"https:\\\/\\\/insektenliebe.com\\\/de\\\/shop\\\/produkt\\\/eresus-walckenaeri\\\/#breadcrumb\"},\"inLanguage\":\"de\",\"potentialAction\":[{\"@type\":\"ReadAction\",\"target\":[\"https:\\\/\\\/insektenliebe.com\\\/de\\\/shop\\\/produkt\\\/eresus-walckenaeri\\\/\"]}]},{\"@type\":\"ImageObject\",\"inLanguage\":\"de\",\"@id\":\"https:\\\/\\\/insektenliebe.com\\\/de\\\/shop\\\/produkt\\\/eresus-walckenaeri\\\/#primaryimage\",\"url\":\"https:\\\/\\\/insektenliebe.com\\\/wp-content\\\/uploads\\\/2025\\\/05\\\/Eresus-walckenaeri-Kork-2.jpg\",\"contentUrl\":\"https:\\\/\\\/insektenliebe.com\\\/wp-content\\\/uploads\\\/2025\\\/05\\\/Eresus-walckenaeri-Kork-2.jpg\",\"width\":820,\"height\":820,\"caption\":\"Eresus-walckenaeri-Kork-2.jpg\"},{\"@type\":\"BreadcrumbList\",\"@id\":\"https:\\\/\\\/insektenliebe.com\\\/de\\\/shop\\\/produkt\\\/eresus-walckenaeri\\\/#breadcrumb\",\"itemListElement\":[{\"@type\":\"ListItem\",\"position\":1,\"name\":\"Startseite\",\"item\":\"https:\\\/\\\/insektenliebe.com\\\/de\\\/\"},{\"@type\":\"ListItem\",\"position\":2,\"name\":\"Shop\",\"item\":\"https:\\\/\\\/insektenliebe.com\\\/de\\\/shop\\\/\"},{\"@type\":\"ListItem\",\"position\":3,\"name\":\"Eresus walckenaeri\"}]},{\"@type\":\"WebSite\",\"@id\":\"https:\\\/\\\/insektenliebe.com\\\/de\\\/#website\",\"url\":\"https:\\\/\\\/insektenliebe.com\\\/de\\\/\",\"name\":\"Insektenliebe\",\"description\":\"Dein Zuhause f\u00fcr die kleinen Lebewesen\",\"publisher\":{\"@id\":\"https:\\\/\\\/insektenliebe.com\\\/de\\\/#organization\"},\"potentialAction\":[{\"@type\":\"SearchAction\",\"target\":{\"@type\":\"EntryPoint\",\"urlTemplate\":\"https:\\\/\\\/insektenliebe.com\\\/de\\\/?s={search_term_string}\"},\"query-input\":{\"@type\":\"PropertyValueSpecification\",\"valueRequired\":true,\"valueName\":\"search_term_string\"}}],\"inLanguage\":\"de\"},{\"@type\":\"Organization\",\"@id\":\"https:\\\/\\\/insektenliebe.com\\\/de\\\/#organization\",\"name\":\"Insektenliebe\",\"url\":\"https:\\\/\\\/insektenliebe.com\\\/de\\\/\",\"logo\":{\"@type\":\"ImageObject\",\"inLanguage\":\"de\",\"@id\":\"https:\\\/\\\/insektenliebe.com\\\/de\\\/#\\\/schema\\\/logo\\\/image\\\/\",\"url\":\"https:\\\/\\\/insektenliebe.com\\\/wp-content\\\/uploads\\\/2025\\\/03\\\/logo-white.png\",\"contentUrl\":\"https:\\\/\\\/insektenliebe.com\\\/wp-content\\\/uploads\\\/2025\\\/03\\\/logo-white.png\",\"width\":288,\"height\":188,\"caption\":\"Insektenliebe\"},\"image\":{\"@id\":\"https:\\\/\\\/insektenliebe.com\\\/de\\\/#\\\/schema\\\/logo\\\/image\\\/\"}}]}<\/script>\n<meta property=\"og:availability\" content=\"out of stock\" \/>\n<meta property=\"product:availability\" content=\"out of stock\" \/>\n<meta property=\"product:retailer_item_id\" content=\"462\" \/>\n<meta property=\"product:condition\" content=\"new\" \/>\n<!-- \/ Yoast SEO Premium plugin. -->","yoast_head_json":{"title":"Eresus walckenaeri - Insektenliebe","description":"G\u00fcnstige Eresus walckenaeri direkt online kaufen! Eine R\u00f6hren-Spinnen aus Griechenland die sehr einfach in der Haltung ist. Direkt online kaufen!","robots":{"index":"index","follow":"follow","max-snippet":"max-snippet:-1","max-image-preview":"max-image-preview:large","max-video-preview":"max-video-preview:-1"},"canonical":"https:\/\/insektenliebe.com\/de\/shop\/produkt\/eresus-walckenaeri\/","og_locale":"de_DE","og_type":"article","og_title":"Eresus walckenaeri","og_description":"G\u00fcnstige Eresus walckenaeri direkt online kaufen! Eine R\u00f6hren-Spinnen aus Griechenland die sehr einfach in der Haltung ist. Direkt online kaufen!","og_url":"https:\/\/insektenliebe.com\/de\/shop\/produkt\/eresus-walckenaeri\/","og_site_name":"Insektenliebe","article_modified_time":"2026-04-06T22:15:57+00:00","og_image":[{"width":820,"height":820,"url":"https:\/\/insektenliebe.com\/wp-content\/uploads\/2025\/05\/Eresus-walckenaeri-Kork-2.jpg","type":"image\/jpeg"}],"twitter_card":"summary_large_image","twitter_misc":{"Verf\u00fcgbarkeit":"ausverkauft"},"schema":{"@context":"https:\/\/schema.org","@graph":[{"@type":"WebPage","@id":"https:\/\/insektenliebe.com\/de\/shop\/produkt\/eresus-walckenaeri\/","url":"https:\/\/insektenliebe.com\/de\/shop\/produkt\/eresus-walckenaeri\/","name":"Eresus walckenaeri - Insektenliebe","isPartOf":{"@id":"https:\/\/insektenliebe.com\/de\/#website"},"primaryImageOfPage":{"@id":"https:\/\/insektenliebe.com\/de\/shop\/produkt\/eresus-walckenaeri\/#primaryimage"},"image":{"@id":"https:\/\/insektenliebe.com\/de\/shop\/produkt\/eresus-walckenaeri\/#primaryimage"},"thumbnailUrl":"https:\/\/insektenliebe.com\/wp-content\/uploads\/2025\/05\/Eresus-walckenaeri-Kork-2.jpg","datePublished":"2023-03-08T13:48:52+00:00","dateModified":"2026-04-06T22:15:57+00:00","description":"G\u00fcnstige Eresus walckenaeri direkt online kaufen! Eine R\u00f6hren-Spinnen aus Griechenland die sehr einfach in der Haltung ist. Direkt online kaufen!","breadcrumb":{"@id":"https:\/\/insektenliebe.com\/de\/shop\/produkt\/eresus-walckenaeri\/#breadcrumb"},"inLanguage":"de","potentialAction":[{"@type":"ReadAction","target":["https:\/\/insektenliebe.com\/de\/shop\/produkt\/eresus-walckenaeri\/"]}]},{"@type":"ImageObject","inLanguage":"de","@id":"https:\/\/insektenliebe.com\/de\/shop\/produkt\/eresus-walckenaeri\/#primaryimage","url":"https:\/\/insektenliebe.com\/wp-content\/uploads\/2025\/05\/Eresus-walckenaeri-Kork-2.jpg","contentUrl":"https:\/\/insektenliebe.com\/wp-content\/uploads\/2025\/05\/Eresus-walckenaeri-Kork-2.jpg","width":820,"height":820,"caption":"Eresus-walckenaeri-Kork-2.jpg"},{"@type":"BreadcrumbList","@id":"https:\/\/insektenliebe.com\/de\/shop\/produkt\/eresus-walckenaeri\/#breadcrumb","itemListElement":[{"@type":"ListItem","position":1,"name":"Startseite","item":"https:\/\/insektenliebe.com\/de\/"},{"@type":"ListItem","position":2,"name":"Shop","item":"https:\/\/insektenliebe.com\/de\/shop\/"},{"@type":"ListItem","position":3,"name":"Eresus walckenaeri"}]},{"@type":"WebSite","@id":"https:\/\/insektenliebe.com\/de\/#website","url":"https:\/\/insektenliebe.com\/de\/","name":"Insektenliebe","description":"Dein Zuhause f\u00fcr die kleinen Lebewesen","publisher":{"@id":"https:\/\/insektenliebe.com\/de\/#organization"},"potentialAction":[{"@type":"SearchAction","target":{"@type":"EntryPoint","urlTemplate":"https:\/\/insektenliebe.com\/de\/?s={search_term_string}"},"query-input":{"@type":"PropertyValueSpecification","valueRequired":true,"valueName":"search_term_string"}}],"inLanguage":"de"},{"@type":"Organization","@id":"https:\/\/insektenliebe.com\/de\/#organization","name":"Insektenliebe","url":"https:\/\/insektenliebe.com\/de\/","logo":{"@type":"ImageObject","inLanguage":"de","@id":"https:\/\/insektenliebe.com\/de\/#\/schema\/logo\/image\/","url":"https:\/\/insektenliebe.com\/wp-content\/uploads\/2025\/03\/logo-white.png","contentUrl":"https:\/\/insektenliebe.com\/wp-content\/uploads\/2025\/03\/logo-white.png","width":288,"height":188,"caption":"Insektenliebe"},"image":{"@id":"https:\/\/insektenliebe.com\/de\/#\/schema\/logo\/image\/"}}]},"og_availability":"out of stock","product_availability":"out of stock","product_retailer_item_id":"462","product_condition":"new"},"_links":{"self":[{"href":"https:\/\/insektenliebe.com\/de\/wp-json\/wp\/v2\/product\/5499","targetHints":{"allow":["GET"]}}],"collection":[{"href":"https:\/\/insektenliebe.com\/de\/wp-json\/wp\/v2\/product"}],"about":[{"href":"https:\/\/insektenliebe.com\/de\/wp-json\/wp\/v2\/types\/product"}],"wp:featuredmedia":[{"embeddable":true,"href":"https:\/\/insektenliebe.com\/de\/wp-json\/wp\/v2\/media\/5529"}],"wp:attachment":[{"href":"https:\/\/insektenliebe.com\/de\/wp-json\/wp\/v2\/media?parent=5499"}],"wp:term":[{"taxonomy":"product-supplier","embeddable":true,"href":"https:\/\/insektenliebe.com\/de\/wp-json\/wp\/v2\/product-supplier?post=5499"},{"taxonomy":"product_brand","embeddable":true,"href":"https:\/\/insektenliebe.com\/de\/wp-json\/wp\/v2\/product_brand?post=5499"},{"taxonomy":"product_cat","embeddable":true,"href":"https:\/\/insektenliebe.com\/de\/wp-json\/wp\/v2\/product_cat?post=5499"},{"taxonomy":"product_tag","embeddable":true,"href":"https:\/\/insektenliebe.com\/de\/wp-json\/wp\/v2\/product_tag?post=5499"},{"taxonomy":"lce-checkout-addons","embeddable":true,"href":"https:\/\/insektenliebe.com\/de\/wp-json\/wp\/v2\/lce-checkout-addons?post=5499"}],"curies":[{"name":"wp","href":"https:\/\/api.w.org\/{rel}","templated":true}]}}