{"id":5494,"date":"2023-02-15T00:40:02","date_gmt":"2023-02-14T22:40:02","guid":{"rendered":"http:\/\/localhost\/ins-test\/?post_type=product&#038;p=5494"},"modified":"2025-12-25T15:46:22","modified_gmt":"2025-12-25T14:46:22","slug":"vriesea-splendens","status":"publish","type":"product","link":"https:\/\/insektenliebe.com\/de\/shop\/produkt\/vriesea-splendens\/","title":{"rendered":"Vriesea splendens"},"content":{"rendered":"<h3><span style=\"color: #99cc33\">Kurzbeschreibung:<\/span><\/h3>\n<p>Vriesea splendens ist eine Pflanzenart aus der Familie der Bromeliengew\u00e4chse (Bromeliaceae). Sie ist auch unter dem Namen Pracht-Vriesea bekannt. Vriesea splendens eine attraktive und pflegeleichte Bromelie, die durch ihre auff\u00e4lligen Hochbl\u00e4tter ein echter Hingucker ist.<\/p>\n<p>Vriesea splendens ist in den tropischen Regionen S\u00fcdamerikas heimisch, insbesondere in Brasilien und Argentinien. Dort w\u00e4chst sie als Epiphyt (Aufsitzerpflanze) in den Baumkronen der tropischen Regenw\u00e4lder, in H\u00f6henlagen zwischen 500 und 1500 Metern \u00fcber dem Meeresspiegel.<\/p>\n<p>Sie bildet eine Rosette aus lanzettlichen Bl\u00e4ttern, die eine L\u00e4nge von bis zu 50 cm erreichen k\u00f6nnen. Aus der Rosette w\u00e4chst ein Bl\u00fctenstand, der eine H\u00f6he von bis zu einem Meter erreichen kann. Die Einzelbl\u00fcten sind klein und unscheinbar, jedoch sind die Hochbl\u00e4tter, die den Bl\u00fctenstand umgeben, sehr auff\u00e4llig und leuchtend rot gef\u00e4rbt.<\/p>\n<p>Vriesea splendens bevorzugt helle bis halbschattige Standorte und ben\u00f6tigt eine hohe Luftfeuchtigkeit. Sie sollte regelm\u00e4\u00dfig gegossen werden, jedoch darf keine Staun\u00e4sse entstehen. Die Pflanze kann auch gelegentlich bespr\u00fcht werden, um die Luftfeuchtigkeit zu erh\u00f6hen.<\/p>\n<p><span class=\"hiddenSpellError\">Vriesea<\/span>\u00a0<span class=\"hiddenSpellError\">splendens<\/span>\u00a0eignet sich sehr gut als\u00a0<span class=\"hiddenSpellError\">Terrarienpflanze<\/span>. In einem Terrarium kann sie f\u00fcr eine tropische Atmosph\u00e4re sorgen und durch ihre auff\u00e4lligen Hochbl\u00e4tter und den langen Bl\u00fctenstand f\u00fcr eine besondere optische Wirkung sorgen.<\/p>\n<p>Um <span class=\"hiddenSpellError\">Vriesea<\/span>\u00a0<span class=\"hiddenSpellError\">splendens<\/span> im Terrarium erfolgreich zu kultivieren, sollte die Luftfeuchtigkeit zwischen 70 und 85 % liegen und die Temperatur sich zwischen 15 und 27 \u00b0C befinden. Die Pflanze bevorzugt also eine relativ hohe Luftfeuchtigkeit, die in einem geschlossenen Terrarium meist schon gegeben ist.<\/p>\n","protected":false},"excerpt":{"rendered":"<p>Kurzbeschreibung: Vriesea splendens ist eine Pflanzenart aus der Familie der Bromeliengew\u00e4chse (Bromeliaceae). Sie ist auch unter dem Namen Pracht-Vriesea bekannt. Vriesea splendens eine attraktive und pflegeleichte Bromelie, die durch ihre auff\u00e4lligen Hochbl\u00e4tter ein echter Hingucker ist. Vriesea splendens ist in den tropischen Regionen S\u00fcdamerikas heimisch, insbesondere in Brasilien und Argentinien. Dort w\u00e4chst sie als Epiphyt [&hellip;]<\/p>\n","protected":false},"featured_media":5524,"template":"","meta":{"_acf_changed":false},"product-supplier":[],"product_brand":[],"product_cat":[414],"product_tag":[],"lce-checkout-addons":[1202],"class_list":{"0":"post-5494","1":"product","2":"type-product","3":"status-publish","4":"has-post-thumbnail","6":"product_cat-terrarienpflanzen","7":"product_shipping_class-equipment-shipping","8":"pa_herkunft-brasilien","9":"lce-checkout-addons-winterverpackung","11":"first","12":"outofstock","13":"taxable","14":"shipping-taxable","15":"purchasable","16":"product-type-simple"},"acf":[],"yoast_head":"<!-- This site is optimized with the Yoast SEO plugin v27.3 - https:\/\/yoast.com\/product\/yoast-seo-wordpress\/ -->\n<title>Vriesea splendens - Insektenliebe<\/title>\n<meta name=\"description\" content=\"G\u00fcnstige Vriesea splendens direkt online kaufen. Eine Bromelien-Art die im Terrarium kultiviert werden kann. Mit Tipps zur Pflege!\" \/>\n<meta name=\"robots\" content=\"index, follow, max-snippet:-1, max-image-preview:large, max-video-preview:-1\" \/>\n<link rel=\"canonical\" href=\"https:\/\/insektenliebe.com\/de\/shop\/produkt\/vriesea-splendens\/\" \/>\n<meta property=\"og:locale\" content=\"de_DE\" \/>\n<meta property=\"og:type\" content=\"article\" \/>\n<meta property=\"og:title\" content=\"Vriesea splendens - Insektenliebe\" \/>\n<meta property=\"og:description\" content=\"G\u00fcnstige Vriesea splendens direkt online kaufen. Eine Bromelien-Art die im Terrarium kultiviert werden kann. Mit Tipps zur Pflege!\" \/>\n<meta property=\"og:url\" content=\"https:\/\/insektenliebe.com\/de\/shop\/produkt\/vriesea-splendens\/\" \/>\n<meta property=\"og:site_name\" content=\"Insektenliebe\" \/>\n<meta property=\"article:modified_time\" content=\"2025-12-25T14:46:22+00:00\" \/>\n<meta property=\"og:image\" content=\"https:\/\/insektenliebe.com\/wp-content\/uploads\/2025\/05\/Vriesea-splendens-2.jpg\" \/>\n\t<meta property=\"og:image:width\" content=\"820\" \/>\n\t<meta property=\"og:image:height\" content=\"820\" \/>\n\t<meta property=\"og:image:type\" content=\"image\/jpeg\" \/>\n<meta name=\"twitter:card\" content=\"summary_large_image\" \/>\n<meta name=\"twitter:label1\" content=\"Gesch\u00e4tzte Lesezeit\" \/>\n\t<meta name=\"twitter:data1\" content=\"2\u00a0Minuten\" \/>\n<script type=\"application\/ld+json\" class=\"yoast-schema-graph\">{\"@context\":\"https:\\\/\\\/schema.org\",\"@graph\":[{\"@type\":\"WebPage\",\"@id\":\"https:\\\/\\\/insektenliebe.com\\\/de\\\/shop\\\/produkt\\\/vriesea-splendens\\\/\",\"url\":\"https:\\\/\\\/insektenliebe.com\\\/de\\\/shop\\\/produkt\\\/vriesea-splendens\\\/\",\"name\":\"Vriesea splendens - Insektenliebe\",\"isPartOf\":{\"@id\":\"https:\\\/\\\/insektenliebe.com\\\/de\\\/#website\"},\"primaryImageOfPage\":{\"@id\":\"https:\\\/\\\/insektenliebe.com\\\/de\\\/shop\\\/produkt\\\/vriesea-splendens\\\/#primaryimage\"},\"image\":{\"@id\":\"https:\\\/\\\/insektenliebe.com\\\/de\\\/shop\\\/produkt\\\/vriesea-splendens\\\/#primaryimage\"},\"thumbnailUrl\":\"https:\\\/\\\/insektenliebe.com\\\/wp-content\\\/uploads\\\/2025\\\/05\\\/Vriesea-splendens-2.jpg\",\"datePublished\":\"2023-02-14T22:40:02+00:00\",\"dateModified\":\"2025-12-25T14:46:22+00:00\",\"description\":\"G\u00fcnstige Vriesea splendens direkt online kaufen. Eine Bromelien-Art die im Terrarium kultiviert werden kann. Mit Tipps zur Pflege!\",\"breadcrumb\":{\"@id\":\"https:\\\/\\\/insektenliebe.com\\\/de\\\/shop\\\/produkt\\\/vriesea-splendens\\\/#breadcrumb\"},\"inLanguage\":\"de\",\"potentialAction\":[{\"@type\":\"ReadAction\",\"target\":[\"https:\\\/\\\/insektenliebe.com\\\/de\\\/shop\\\/produkt\\\/vriesea-splendens\\\/\"]}]},{\"@type\":\"ImageObject\",\"inLanguage\":\"de\",\"@id\":\"https:\\\/\\\/insektenliebe.com\\\/de\\\/shop\\\/produkt\\\/vriesea-splendens\\\/#primaryimage\",\"url\":\"https:\\\/\\\/insektenliebe.com\\\/wp-content\\\/uploads\\\/2025\\\/05\\\/Vriesea-splendens-2.jpg\",\"contentUrl\":\"https:\\\/\\\/insektenliebe.com\\\/wp-content\\\/uploads\\\/2025\\\/05\\\/Vriesea-splendens-2.jpg\",\"width\":820,\"height\":820,\"caption\":\"Vriesea-splendens-2.jpg\"},{\"@type\":\"BreadcrumbList\",\"@id\":\"https:\\\/\\\/insektenliebe.com\\\/de\\\/shop\\\/produkt\\\/vriesea-splendens\\\/#breadcrumb\",\"itemListElement\":[{\"@type\":\"ListItem\",\"position\":1,\"name\":\"Startseite\",\"item\":\"https:\\\/\\\/insektenliebe.com\\\/de\\\/\"},{\"@type\":\"ListItem\",\"position\":2,\"name\":\"Shop\",\"item\":\"https:\\\/\\\/insektenliebe.com\\\/de\\\/shop\\\/\"},{\"@type\":\"ListItem\",\"position\":3,\"name\":\"Vriesea splendens\"}]},{\"@type\":\"WebSite\",\"@id\":\"https:\\\/\\\/insektenliebe.com\\\/de\\\/#website\",\"url\":\"https:\\\/\\\/insektenliebe.com\\\/de\\\/\",\"name\":\"Insektenliebe\",\"description\":\"Dein Zuhause f\u00fcr die kleinen Lebewesen\",\"publisher\":{\"@id\":\"https:\\\/\\\/insektenliebe.com\\\/de\\\/#organization\"},\"potentialAction\":[{\"@type\":\"SearchAction\",\"target\":{\"@type\":\"EntryPoint\",\"urlTemplate\":\"https:\\\/\\\/insektenliebe.com\\\/de\\\/?s={search_term_string}\"},\"query-input\":{\"@type\":\"PropertyValueSpecification\",\"valueRequired\":true,\"valueName\":\"search_term_string\"}}],\"inLanguage\":\"de\"},{\"@type\":\"Organization\",\"@id\":\"https:\\\/\\\/insektenliebe.com\\\/de\\\/#organization\",\"name\":\"Insektenliebe\",\"url\":\"https:\\\/\\\/insektenliebe.com\\\/de\\\/\",\"logo\":{\"@type\":\"ImageObject\",\"inLanguage\":\"de\",\"@id\":\"https:\\\/\\\/insektenliebe.com\\\/de\\\/#\\\/schema\\\/logo\\\/image\\\/\",\"url\":\"https:\\\/\\\/insektenliebe.com\\\/wp-content\\\/uploads\\\/2025\\\/03\\\/logo-white.png\",\"contentUrl\":\"https:\\\/\\\/insektenliebe.com\\\/wp-content\\\/uploads\\\/2025\\\/03\\\/logo-white.png\",\"width\":288,\"height\":188,\"caption\":\"Insektenliebe\"},\"image\":{\"@id\":\"https:\\\/\\\/insektenliebe.com\\\/de\\\/#\\\/schema\\\/logo\\\/image\\\/\"}}]}<\/script>\n<!-- \/ Yoast SEO plugin. -->","yoast_head_json":{"title":"Vriesea splendens - Insektenliebe","description":"G\u00fcnstige Vriesea splendens direkt online kaufen. Eine Bromelien-Art die im Terrarium kultiviert werden kann. Mit Tipps zur Pflege!","robots":{"index":"index","follow":"follow","max-snippet":"max-snippet:-1","max-image-preview":"max-image-preview:large","max-video-preview":"max-video-preview:-1"},"canonical":"https:\/\/insektenliebe.com\/de\/shop\/produkt\/vriesea-splendens\/","og_locale":"de_DE","og_type":"article","og_title":"Vriesea splendens - Insektenliebe","og_description":"G\u00fcnstige Vriesea splendens direkt online kaufen. Eine Bromelien-Art die im Terrarium kultiviert werden kann. Mit Tipps zur Pflege!","og_url":"https:\/\/insektenliebe.com\/de\/shop\/produkt\/vriesea-splendens\/","og_site_name":"Insektenliebe","article_modified_time":"2025-12-25T14:46:22+00:00","og_image":[{"width":820,"height":820,"url":"https:\/\/insektenliebe.com\/wp-content\/uploads\/2025\/05\/Vriesea-splendens-2.jpg","type":"image\/jpeg"}],"twitter_card":"summary_large_image","twitter_misc":{"Gesch\u00e4tzte Lesezeit":"2\u00a0Minuten"},"schema":{"@context":"https:\/\/schema.org","@graph":[{"@type":"WebPage","@id":"https:\/\/insektenliebe.com\/de\/shop\/produkt\/vriesea-splendens\/","url":"https:\/\/insektenliebe.com\/de\/shop\/produkt\/vriesea-splendens\/","name":"Vriesea splendens - Insektenliebe","isPartOf":{"@id":"https:\/\/insektenliebe.com\/de\/#website"},"primaryImageOfPage":{"@id":"https:\/\/insektenliebe.com\/de\/shop\/produkt\/vriesea-splendens\/#primaryimage"},"image":{"@id":"https:\/\/insektenliebe.com\/de\/shop\/produkt\/vriesea-splendens\/#primaryimage"},"thumbnailUrl":"https:\/\/insektenliebe.com\/wp-content\/uploads\/2025\/05\/Vriesea-splendens-2.jpg","datePublished":"2023-02-14T22:40:02+00:00","dateModified":"2025-12-25T14:46:22+00:00","description":"G\u00fcnstige Vriesea splendens direkt online kaufen. Eine Bromelien-Art die im Terrarium kultiviert werden kann. Mit Tipps zur Pflege!","breadcrumb":{"@id":"https:\/\/insektenliebe.com\/de\/shop\/produkt\/vriesea-splendens\/#breadcrumb"},"inLanguage":"de","potentialAction":[{"@type":"ReadAction","target":["https:\/\/insektenliebe.com\/de\/shop\/produkt\/vriesea-splendens\/"]}]},{"@type":"ImageObject","inLanguage":"de","@id":"https:\/\/insektenliebe.com\/de\/shop\/produkt\/vriesea-splendens\/#primaryimage","url":"https:\/\/insektenliebe.com\/wp-content\/uploads\/2025\/05\/Vriesea-splendens-2.jpg","contentUrl":"https:\/\/insektenliebe.com\/wp-content\/uploads\/2025\/05\/Vriesea-splendens-2.jpg","width":820,"height":820,"caption":"Vriesea-splendens-2.jpg"},{"@type":"BreadcrumbList","@id":"https:\/\/insektenliebe.com\/de\/shop\/produkt\/vriesea-splendens\/#breadcrumb","itemListElement":[{"@type":"ListItem","position":1,"name":"Startseite","item":"https:\/\/insektenliebe.com\/de\/"},{"@type":"ListItem","position":2,"name":"Shop","item":"https:\/\/insektenliebe.com\/de\/shop\/"},{"@type":"ListItem","position":3,"name":"Vriesea splendens"}]},{"@type":"WebSite","@id":"https:\/\/insektenliebe.com\/de\/#website","url":"https:\/\/insektenliebe.com\/de\/","name":"Insektenliebe","description":"Dein Zuhause f\u00fcr die kleinen Lebewesen","publisher":{"@id":"https:\/\/insektenliebe.com\/de\/#organization"},"potentialAction":[{"@type":"SearchAction","target":{"@type":"EntryPoint","urlTemplate":"https:\/\/insektenliebe.com\/de\/?s={search_term_string}"},"query-input":{"@type":"PropertyValueSpecification","valueRequired":true,"valueName":"search_term_string"}}],"inLanguage":"de"},{"@type":"Organization","@id":"https:\/\/insektenliebe.com\/de\/#organization","name":"Insektenliebe","url":"https:\/\/insektenliebe.com\/de\/","logo":{"@type":"ImageObject","inLanguage":"de","@id":"https:\/\/insektenliebe.com\/de\/#\/schema\/logo\/image\/","url":"https:\/\/insektenliebe.com\/wp-content\/uploads\/2025\/03\/logo-white.png","contentUrl":"https:\/\/insektenliebe.com\/wp-content\/uploads\/2025\/03\/logo-white.png","width":288,"height":188,"caption":"Insektenliebe"},"image":{"@id":"https:\/\/insektenliebe.com\/de\/#\/schema\/logo\/image\/"}}]}},"_links":{"self":[{"href":"https:\/\/insektenliebe.com\/de\/wp-json\/wp\/v2\/product\/5494","targetHints":{"allow":["GET"]}}],"collection":[{"href":"https:\/\/insektenliebe.com\/de\/wp-json\/wp\/v2\/product"}],"about":[{"href":"https:\/\/insektenliebe.com\/de\/wp-json\/wp\/v2\/types\/product"}],"wp:featuredmedia":[{"embeddable":true,"href":"https:\/\/insektenliebe.com\/de\/wp-json\/wp\/v2\/media\/5524"}],"wp:attachment":[{"href":"https:\/\/insektenliebe.com\/de\/wp-json\/wp\/v2\/media?parent=5494"}],"wp:term":[{"taxonomy":"product-supplier","embeddable":true,"href":"https:\/\/insektenliebe.com\/de\/wp-json\/wp\/v2\/product-supplier?post=5494"},{"taxonomy":"product_brand","embeddable":true,"href":"https:\/\/insektenliebe.com\/de\/wp-json\/wp\/v2\/product_brand?post=5494"},{"taxonomy":"product_cat","embeddable":true,"href":"https:\/\/insektenliebe.com\/de\/wp-json\/wp\/v2\/product_cat?post=5494"},{"taxonomy":"product_tag","embeddable":true,"href":"https:\/\/insektenliebe.com\/de\/wp-json\/wp\/v2\/product_tag?post=5494"},{"taxonomy":"lce-checkout-addons","embeddable":true,"href":"https:\/\/insektenliebe.com\/de\/wp-json\/wp\/v2\/lce-checkout-addons?post=5494"}],"curies":[{"name":"wp","href":"https:\/\/api.w.org\/{rel}","templated":true}]}}