{"id":5492,"date":"2022-11-03T11:49:29","date_gmt":"2022-11-03T09:49:29","guid":{"rendered":"http:\/\/localhost\/ins-test\/?post_type=product&#038;p=5492"},"modified":"2026-04-05T00:51:35","modified_gmt":"2026-04-04T22:51:35","slug":"biorb-air-30","status":"publish","type":"product","link":"https:\/\/insektenliebe.com\/de\/shop\/produkt\/biorb-air-30\/","title":{"rendered":"biOrb AIR 30"},"content":{"rendered":"<p>Pflanzen sind echte Stresskiller. Das biOrb AIR 30 ist ein kleines, automatisiertes Terrarium, in dem Luftfeuchtigkeit, Lichtverh\u00e4ltnisse und Luftzufuhr stets reguliert werden. So k\u00f6nnen tropische Pflanzen gez\u00fcchtet werden, die unter normalen Umst\u00e4nden gar nicht wachsen w\u00fcrden. Das biOrb AIR 30 hat eine H\u00f6he von 46 cm, einen Durchmesser von 40 cm und ein Volumen von 30 Liter. Das biOrb AIR 30 ist fernbedienbar und verschiedene Tages- und Nachtzyklen dadurch bequem simulierbar.<\/p>\n<p><a href=\"https:\/\/insektenliebe.com\/wp-content\/uploads\/2023\/02\/OASE168580-GA-biOrb-AIR.pdf\">biOrb AIR 30 Gebrauchsanleitung<\/a><\/p>\n<div class=\"col col-first\"><\/div>\n<ul>\n<li>Automatisches Terrarium zur bequemen Pflanzenpflege: Beleuchtung, Feuchtigkeit, Bew\u00e4sserung und Luftzirkulation werden automatisch gesteuert<\/li>\n<li>Geeignet f\u00fcr empfindliche, exotische Pflanzen und garantiert einfach aufzubauen<\/li>\n<li>biOrb AIR wird mit gesamter, notwendiger Technik und passendem Zubeh\u00f6r geliefert.<\/li>\n<li>Aus widerstandsf\u00e4higem, klarem Acryl<\/li>\n<li>Einzigartig und wandelbar durch Dekorationsvarianten<\/li>\n<li>24 V Transformator und energieeffiziente LED-Beleuchtung<\/li>\n<li>Freie Standortwahl, biOrb AIR ben\u00f6tigt kein nat\u00fcrliches Tageslicht. Dank der biOrb Moonlight Einheit werden in einem automatisierten 24 Stunden-Zyklus Sonnenaufgang, Tageslicht, Sonnenuntergang und Nachtzeit simuliert<\/li>\n<\/ul>\n<p><strong>Technische Daten<\/strong><\/p>\n<p>Volumen: 30 l<br \/>\nAbmessungen (\u00d8 x H): 40 x 50 cm<br \/>\nLeuchtmittelart: LED<br \/>\nNennspannung: 24 V<br \/>\nLeistungsaufnahme: 3 W<br \/>\nLichtfarbe: Tageslichtwei\u00df<br \/>\nFarbtemperatur: 6000 K<br \/>\nBeleuchtungsst\u00e4rke: 1928 lx<br \/>\nEnergieeffizienzklasse Leuchte: F<br \/>\nNettogewicht: 2,35 kg<br \/>\nGarantie: 2 Jahre<\/p>\n","protected":false},"excerpt":{"rendered":"<p>Pflanzen sind echte Stresskiller. Das biOrb AIR 30 ist ein kleines, automatisiertes Terrarium, in dem Luftfeuchtigkeit, Lichtverh\u00e4ltnisse und Luftzufuhr stets reguliert werden. So k\u00f6nnen tropische Pflanzen gez\u00fcchtet werden, die unter normalen Umst\u00e4nden gar nicht wachsen w\u00fcrden. Das biOrb AIR 30 hat eine H\u00f6he von 46 cm, einen Durchmesser von 40 cm und ein Volumen von [&hellip;]<\/p>\n","protected":false},"featured_media":5522,"template":"","meta":{"_acf_changed":false},"product-supplier":[],"product_brand":[962],"product_cat":[130],"product_tag":[],"lce-checkout-addons":[],"class_list":{"0":"post-5492","1":"product","2":"type-product","3":"status-publish","4":"has-post-thumbnail","6":"product_brand-biorb","7":"product_cat-terrarien-behaelter","8":"product_shipping_class-equipment-shipping","10":"first","11":"instock","12":"sale","13":"taxable","14":"shipping-taxable","15":"purchasable","16":"product-type-variable"},"acf":[],"yoast_head":"<!-- This site is optimized with the Yoast SEO plugin v27.3 - https:\/\/yoast.com\/product\/yoast-seo-wordpress\/ -->\n<title>biOrb AIR 30 - Insektenliebe<\/title>\n<meta name=\"description\" content=\"G\u00fcnstiges biOrb AIR 30 direkt online kaufen. Einzigartiges Terrarium, das nach modernster Technologie entwickelt wurde. Versandkostenfrei!\" \/>\n<meta name=\"robots\" content=\"index, follow, max-snippet:-1, max-image-preview:large, max-video-preview:-1\" \/>\n<link rel=\"canonical\" href=\"https:\/\/insektenliebe.com\/de\/shop\/produkt\/biorb-air-30\/\" \/>\n<meta property=\"og:locale\" content=\"de_DE\" \/>\n<meta property=\"og:type\" content=\"article\" \/>\n<meta property=\"og:title\" content=\"biOrb AIR 30 - Insektenliebe\" \/>\n<meta property=\"og:description\" content=\"G\u00fcnstiges biOrb AIR 30 direkt online kaufen. Einzigartiges Terrarium, das nach modernster Technologie entwickelt wurde. Versandkostenfrei!\" \/>\n<meta property=\"og:url\" content=\"https:\/\/insektenliebe.com\/de\/shop\/produkt\/biorb-air-30\/\" \/>\n<meta property=\"og:site_name\" content=\"Insektenliebe\" \/>\n<meta property=\"article:modified_time\" content=\"2026-04-04T22:51:35+00:00\" \/>\n<meta property=\"og:image\" content=\"https:\/\/insektenliebe.com\/wp-content\/uploads\/2025\/05\/biOrb-AIR-30-weiss-2.jpg\" \/>\n\t<meta property=\"og:image:width\" content=\"820\" \/>\n\t<meta property=\"og:image:height\" content=\"820\" \/>\n\t<meta property=\"og:image:type\" content=\"image\/jpeg\" \/>\n<meta name=\"twitter:card\" content=\"summary_large_image\" \/>\n<meta name=\"twitter:label1\" content=\"Gesch\u00e4tzte Lesezeit\" \/>\n\t<meta name=\"twitter:data1\" content=\"2\u00a0Minuten\" \/>\n<script type=\"application\/ld+json\" class=\"yoast-schema-graph\">{\"@context\":\"https:\\\/\\\/schema.org\",\"@graph\":[{\"@type\":\"WebPage\",\"@id\":\"https:\\\/\\\/insektenliebe.com\\\/de\\\/shop\\\/produkt\\\/biorb-air-30\\\/\",\"url\":\"https:\\\/\\\/insektenliebe.com\\\/de\\\/shop\\\/produkt\\\/biorb-air-30\\\/\",\"name\":\"biOrb AIR 30 - Insektenliebe\",\"isPartOf\":{\"@id\":\"https:\\\/\\\/insektenliebe.com\\\/de\\\/#website\"},\"primaryImageOfPage\":{\"@id\":\"https:\\\/\\\/insektenliebe.com\\\/de\\\/shop\\\/produkt\\\/biorb-air-30\\\/#primaryimage\"},\"image\":{\"@id\":\"https:\\\/\\\/insektenliebe.com\\\/de\\\/shop\\\/produkt\\\/biorb-air-30\\\/#primaryimage\"},\"thumbnailUrl\":\"https:\\\/\\\/insektenliebe.com\\\/wp-content\\\/uploads\\\/2025\\\/05\\\/biOrb-AIR-30-weiss-2.jpg\",\"datePublished\":\"2022-11-03T09:49:29+00:00\",\"dateModified\":\"2026-04-04T22:51:35+00:00\",\"description\":\"G\u00fcnstiges biOrb AIR 30 direkt online kaufen. Einzigartiges Terrarium, das nach modernster Technologie entwickelt wurde. Versandkostenfrei!\",\"breadcrumb\":{\"@id\":\"https:\\\/\\\/insektenliebe.com\\\/de\\\/shop\\\/produkt\\\/biorb-air-30\\\/#breadcrumb\"},\"inLanguage\":\"de\",\"potentialAction\":[{\"@type\":\"ReadAction\",\"target\":[\"https:\\\/\\\/insektenliebe.com\\\/de\\\/shop\\\/produkt\\\/biorb-air-30\\\/\"]}]},{\"@type\":\"ImageObject\",\"inLanguage\":\"de\",\"@id\":\"https:\\\/\\\/insektenliebe.com\\\/de\\\/shop\\\/produkt\\\/biorb-air-30\\\/#primaryimage\",\"url\":\"https:\\\/\\\/insektenliebe.com\\\/wp-content\\\/uploads\\\/2025\\\/05\\\/biOrb-AIR-30-weiss-2.jpg\",\"contentUrl\":\"https:\\\/\\\/insektenliebe.com\\\/wp-content\\\/uploads\\\/2025\\\/05\\\/biOrb-AIR-30-weiss-2.jpg\",\"width\":820,\"height\":820,\"caption\":\"biOrb-AIR-30-weiss-2.jpg\"},{\"@type\":\"BreadcrumbList\",\"@id\":\"https:\\\/\\\/insektenliebe.com\\\/de\\\/shop\\\/produkt\\\/biorb-air-30\\\/#breadcrumb\",\"itemListElement\":[{\"@type\":\"ListItem\",\"position\":1,\"name\":\"Startseite\",\"item\":\"https:\\\/\\\/insektenliebe.com\\\/de\\\/\"},{\"@type\":\"ListItem\",\"position\":2,\"name\":\"Shop\",\"item\":\"https:\\\/\\\/insektenliebe.com\\\/de\\\/shop\\\/\"},{\"@type\":\"ListItem\",\"position\":3,\"name\":\"biOrb AIR 30\"}]},{\"@type\":\"WebSite\",\"@id\":\"https:\\\/\\\/insektenliebe.com\\\/de\\\/#website\",\"url\":\"https:\\\/\\\/insektenliebe.com\\\/de\\\/\",\"name\":\"Insektenliebe\",\"description\":\"Dein Zuhause f\u00fcr die kleinen Lebewesen\",\"publisher\":{\"@id\":\"https:\\\/\\\/insektenliebe.com\\\/de\\\/#organization\"},\"potentialAction\":[{\"@type\":\"SearchAction\",\"target\":{\"@type\":\"EntryPoint\",\"urlTemplate\":\"https:\\\/\\\/insektenliebe.com\\\/de\\\/?s={search_term_string}\"},\"query-input\":{\"@type\":\"PropertyValueSpecification\",\"valueRequired\":true,\"valueName\":\"search_term_string\"}}],\"inLanguage\":\"de\"},{\"@type\":\"Organization\",\"@id\":\"https:\\\/\\\/insektenliebe.com\\\/de\\\/#organization\",\"name\":\"Insektenliebe\",\"url\":\"https:\\\/\\\/insektenliebe.com\\\/de\\\/\",\"logo\":{\"@type\":\"ImageObject\",\"inLanguage\":\"de\",\"@id\":\"https:\\\/\\\/insektenliebe.com\\\/de\\\/#\\\/schema\\\/logo\\\/image\\\/\",\"url\":\"https:\\\/\\\/insektenliebe.com\\\/wp-content\\\/uploads\\\/2025\\\/03\\\/logo-white.png\",\"contentUrl\":\"https:\\\/\\\/insektenliebe.com\\\/wp-content\\\/uploads\\\/2025\\\/03\\\/logo-white.png\",\"width\":288,\"height\":188,\"caption\":\"Insektenliebe\"},\"image\":{\"@id\":\"https:\\\/\\\/insektenliebe.com\\\/de\\\/#\\\/schema\\\/logo\\\/image\\\/\"}}]}<\/script>\n<!-- \/ Yoast SEO plugin. -->","yoast_head_json":{"title":"biOrb AIR 30 - Insektenliebe","description":"G\u00fcnstiges biOrb AIR 30 direkt online kaufen. Einzigartiges Terrarium, das nach modernster Technologie entwickelt wurde. Versandkostenfrei!","robots":{"index":"index","follow":"follow","max-snippet":"max-snippet:-1","max-image-preview":"max-image-preview:large","max-video-preview":"max-video-preview:-1"},"canonical":"https:\/\/insektenliebe.com\/de\/shop\/produkt\/biorb-air-30\/","og_locale":"de_DE","og_type":"article","og_title":"biOrb AIR 30 - Insektenliebe","og_description":"G\u00fcnstiges biOrb AIR 30 direkt online kaufen. Einzigartiges Terrarium, das nach modernster Technologie entwickelt wurde. Versandkostenfrei!","og_url":"https:\/\/insektenliebe.com\/de\/shop\/produkt\/biorb-air-30\/","og_site_name":"Insektenliebe","article_modified_time":"2026-04-04T22:51:35+00:00","og_image":[{"width":820,"height":820,"url":"https:\/\/insektenliebe.com\/wp-content\/uploads\/2025\/05\/biOrb-AIR-30-weiss-2.jpg","type":"image\/jpeg"}],"twitter_card":"summary_large_image","twitter_misc":{"Gesch\u00e4tzte Lesezeit":"2\u00a0Minuten"},"schema":{"@context":"https:\/\/schema.org","@graph":[{"@type":"WebPage","@id":"https:\/\/insektenliebe.com\/de\/shop\/produkt\/biorb-air-30\/","url":"https:\/\/insektenliebe.com\/de\/shop\/produkt\/biorb-air-30\/","name":"biOrb AIR 30 - Insektenliebe","isPartOf":{"@id":"https:\/\/insektenliebe.com\/de\/#website"},"primaryImageOfPage":{"@id":"https:\/\/insektenliebe.com\/de\/shop\/produkt\/biorb-air-30\/#primaryimage"},"image":{"@id":"https:\/\/insektenliebe.com\/de\/shop\/produkt\/biorb-air-30\/#primaryimage"},"thumbnailUrl":"https:\/\/insektenliebe.com\/wp-content\/uploads\/2025\/05\/biOrb-AIR-30-weiss-2.jpg","datePublished":"2022-11-03T09:49:29+00:00","dateModified":"2026-04-04T22:51:35+00:00","description":"G\u00fcnstiges biOrb AIR 30 direkt online kaufen. Einzigartiges Terrarium, das nach modernster Technologie entwickelt wurde. Versandkostenfrei!","breadcrumb":{"@id":"https:\/\/insektenliebe.com\/de\/shop\/produkt\/biorb-air-30\/#breadcrumb"},"inLanguage":"de","potentialAction":[{"@type":"ReadAction","target":["https:\/\/insektenliebe.com\/de\/shop\/produkt\/biorb-air-30\/"]}]},{"@type":"ImageObject","inLanguage":"de","@id":"https:\/\/insektenliebe.com\/de\/shop\/produkt\/biorb-air-30\/#primaryimage","url":"https:\/\/insektenliebe.com\/wp-content\/uploads\/2025\/05\/biOrb-AIR-30-weiss-2.jpg","contentUrl":"https:\/\/insektenliebe.com\/wp-content\/uploads\/2025\/05\/biOrb-AIR-30-weiss-2.jpg","width":820,"height":820,"caption":"biOrb-AIR-30-weiss-2.jpg"},{"@type":"BreadcrumbList","@id":"https:\/\/insektenliebe.com\/de\/shop\/produkt\/biorb-air-30\/#breadcrumb","itemListElement":[{"@type":"ListItem","position":1,"name":"Startseite","item":"https:\/\/insektenliebe.com\/de\/"},{"@type":"ListItem","position":2,"name":"Shop","item":"https:\/\/insektenliebe.com\/de\/shop\/"},{"@type":"ListItem","position":3,"name":"biOrb AIR 30"}]},{"@type":"WebSite","@id":"https:\/\/insektenliebe.com\/de\/#website","url":"https:\/\/insektenliebe.com\/de\/","name":"Insektenliebe","description":"Dein Zuhause f\u00fcr die kleinen Lebewesen","publisher":{"@id":"https:\/\/insektenliebe.com\/de\/#organization"},"potentialAction":[{"@type":"SearchAction","target":{"@type":"EntryPoint","urlTemplate":"https:\/\/insektenliebe.com\/de\/?s={search_term_string}"},"query-input":{"@type":"PropertyValueSpecification","valueRequired":true,"valueName":"search_term_string"}}],"inLanguage":"de"},{"@type":"Organization","@id":"https:\/\/insektenliebe.com\/de\/#organization","name":"Insektenliebe","url":"https:\/\/insektenliebe.com\/de\/","logo":{"@type":"ImageObject","inLanguage":"de","@id":"https:\/\/insektenliebe.com\/de\/#\/schema\/logo\/image\/","url":"https:\/\/insektenliebe.com\/wp-content\/uploads\/2025\/03\/logo-white.png","contentUrl":"https:\/\/insektenliebe.com\/wp-content\/uploads\/2025\/03\/logo-white.png","width":288,"height":188,"caption":"Insektenliebe"},"image":{"@id":"https:\/\/insektenliebe.com\/de\/#\/schema\/logo\/image\/"}}]}},"_links":{"self":[{"href":"https:\/\/insektenliebe.com\/de\/wp-json\/wp\/v2\/product\/5492","targetHints":{"allow":["GET"]}}],"collection":[{"href":"https:\/\/insektenliebe.com\/de\/wp-json\/wp\/v2\/product"}],"about":[{"href":"https:\/\/insektenliebe.com\/de\/wp-json\/wp\/v2\/types\/product"}],"wp:featuredmedia":[{"embeddable":true,"href":"https:\/\/insektenliebe.com\/de\/wp-json\/wp\/v2\/media\/5522"}],"wp:attachment":[{"href":"https:\/\/insektenliebe.com\/de\/wp-json\/wp\/v2\/media?parent=5492"}],"wp:term":[{"taxonomy":"product-supplier","embeddable":true,"href":"https:\/\/insektenliebe.com\/de\/wp-json\/wp\/v2\/product-supplier?post=5492"},{"taxonomy":"product_brand","embeddable":true,"href":"https:\/\/insektenliebe.com\/de\/wp-json\/wp\/v2\/product_brand?post=5492"},{"taxonomy":"product_cat","embeddable":true,"href":"https:\/\/insektenliebe.com\/de\/wp-json\/wp\/v2\/product_cat?post=5492"},{"taxonomy":"product_tag","embeddable":true,"href":"https:\/\/insektenliebe.com\/de\/wp-json\/wp\/v2\/product_tag?post=5492"},{"taxonomy":"lce-checkout-addons","embeddable":true,"href":"https:\/\/insektenliebe.com\/de\/wp-json\/wp\/v2\/lce-checkout-addons?post=5492"}],"curies":[{"name":"wp","href":"https:\/\/api.w.org\/{rel}","templated":true}]}}