{"id":5491,"date":"2023-01-29T12:00:27","date_gmt":"2023-01-29T10:00:27","guid":{"rendered":"http:\/\/localhost\/ins-test\/?post_type=product&#038;p=5491"},"modified":"2026-04-24T13:31:32","modified_gmt":"2026-04-24T11:31:32","slug":"termiten-holz","status":"publish","type":"product","link":"https:\/\/insektenliebe.com\/de\/shop\/produkt\/termiten-holz\/","title":{"rendered":"Termiten Holz"},"content":{"rendered":"<h3><span style=\"color: #99cc33\"><strong>Termiten Holz \u2013 Nat\u00fcrlich zersetztes Holz mit Mehrwert<\/strong><\/span><\/h3>\n<div>\n<p class=\"p1\"><span class=\"s1\"><strong>Termiten Holz<\/strong> ist ein au\u00dfergew\u00f6hnliches Natur-Dekoelement mit einer einzigartigen Oberfl\u00e4chenstruktur. Durch nat\u00fcrliche Einfl\u00fcsse und fr\u00fchere Insektenaktivit\u00e4t entsteht eine markante, detailreiche Textur. Genau diese besondere Struktur macht jedes St\u00fcck zu einem echten Unikat. Kein Element gleicht dem anderen, und genau das sorgt f\u00fcr Authentizit\u00e4t im Terrarium.<\/span><\/p>\n<p class=\"p1\"><span class=\"s1\">Wir bieten <strong>Termiten Holz<\/strong> bewusst als Dekorationsartikel an. Es dient in erster Linie der Gestaltung und Strukturierung von Terrarien, Paludarien oder auch Aquascapes. Die charakteristischen Hohlr\u00e4ume, Rillen und Maserungen schaffen Tiefe im Layout. Dadurch wirkt dein Becken nat\u00fcrlicher und lebendiger.<\/span><\/p>\n<p class=\"p1\"><span class=\"s1\">Das Holz eignet sich hervorragend als Blickfang im Mittel- oder Hintergrund. Gleichzeitig kannst du es mit Moos, Pflanzen oder Ranken kombinieren. Besonders in tropischen Setups entsteht so eine realistische Waldszene. Auch in trockenen Terrarien sorgt die strukturierte Oberfl\u00e4che f\u00fcr spannende Kontraste zwischen Stein, Sand und Pflanze.<\/span><\/p>\n<p class=\"p1\"><span class=\"s1\">Durch das vergleichsweise geringe Gewicht l\u00e4sst sich <strong>Termiten Holz<\/strong> einfach positionieren. Du kannst es auflegen, teilweise eingraben oder mit anderen Hardscape-Elementen kombinieren. Die Oberfl\u00e4che bietet zudem zus\u00e4tzlichen Halt f\u00fcr kletternde Tiere, ohne dass das Holz als aktives Futterelement gedacht ist. Nat\u00fcrlich kann es in feuchten Umgebungen langfristig weiter altern, doch der Fokus liegt klar auf der optischen Wirkung.<\/span><\/p>\n<p class=\"p1\"><span class=\"s1\"><strong>Termiten Holz<\/strong> bringt eine nat\u00fcrliche, organische Linienf\u00fchrung ins Becken. Gerade in minimalistischen Layouts setzt es starke Akzente, w\u00e4hrend es in dicht bepflanzten Setups harmonisch integriert wirkt. Die unregelm\u00e4\u00dfigen Strukturen brechen harte Linien und verleihen dem Terrarium mehr Dynamik.<\/span><\/p>\n<p class=\"p1\"><span class=\"s1\">Wer Wert auf authentische Naturmaterialien legt und seinem Setup mehr Tiefe geben m\u00f6chte, findet mit <strong>Termiten Holz<\/strong> ein au\u00dfergew\u00f6hnliches Dekoelement. Es verbindet Charakter, Struktur und Nat\u00fcrlichkeit \u2013 und macht jedes Terrarium ein St\u00fcck individueller.<\/span><\/p>\n<\/div>\n","protected":false},"excerpt":{"rendered":"<p>Termiten Holz \u2013 Nat\u00fcrlich zersetztes Holz mit Mehrwert Termiten Holz ist ein au\u00dfergew\u00f6hnliches Natur-Dekoelement mit einer einzigartigen Oberfl\u00e4chenstruktur. Durch nat\u00fcrliche Einfl\u00fcsse und fr\u00fchere Insektenaktivit\u00e4t entsteht eine markante, detailreiche Textur. Genau diese besondere Struktur macht jedes St\u00fcck zu einem echten Unikat. Kein Element gleicht dem anderen, und genau das sorgt f\u00fcr Authentizit\u00e4t im Terrarium. Wir bieten [&hellip;]<\/p>\n","protected":false},"featured_media":5521,"template":"","meta":{"_acf_changed":false},"product-supplier":[],"product_brand":[],"product_cat":[253],"product_tag":[],"lce-checkout-addons":[],"class_list":{"0":"post-5491","1":"product","2":"type-product","3":"status-publish","4":"has-post-thumbnail","6":"product_cat-einrichtung-dekoration","7":"product_shipping_class-equipment-shipping","9":"first","10":"instock","11":"sale","12":"taxable","13":"shipping-taxable","14":"purchasable","15":"product-type-variable"},"acf":[],"yoast_head":"<!-- This site is optimized with the Yoast SEO Premium plugin v26.8 (Yoast SEO v27.3) - https:\/\/yoast.com\/product\/yoast-seo-premium-wordpress\/ -->\n<title>Termiten Holz - Insektenliebe<\/title>\n<meta name=\"description\" content=\"Termiten Holz \u2013 nat\u00fcrlich vorzersetztes Strukturholz f\u00fcr Asseln, Tausendf\u00fc\u00dfer und Bioactive-Terrarien. Ideal als Futter- und Dekoelement.\" \/>\n<meta name=\"robots\" content=\"index, follow, max-snippet:-1, max-image-preview:large, max-video-preview:-1\" \/>\n<link rel=\"canonical\" href=\"https:\/\/insektenliebe.com\/de\/shop\/produkt\/termiten-holz\/\" \/>\n<meta property=\"og:locale\" content=\"de_DE\" \/>\n<meta property=\"og:type\" content=\"article\" \/>\n<meta property=\"og:title\" content=\"Termiten Holz\" \/>\n<meta property=\"og:description\" content=\"Termiten Holz \u2013 nat\u00fcrlich vorzersetztes Strukturholz f\u00fcr Asseln, Tausendf\u00fc\u00dfer und Bioactive-Terrarien. Ideal als Futter- und Dekoelement.\" \/>\n<meta property=\"og:url\" content=\"https:\/\/insektenliebe.com\/de\/shop\/produkt\/termiten-holz\/\" \/>\n<meta property=\"og:site_name\" content=\"Insektenliebe\" \/>\n<meta property=\"article:modified_time\" content=\"2026-04-24T11:31:32+00:00\" \/>\n<meta property=\"og:image\" content=\"https:\/\/insektenliebe.com\/wp-content\/uploads\/2025\/05\/Termiten-Holz-2.jpg\" \/>\n\t<meta property=\"og:image:width\" content=\"820\" \/>\n\t<meta property=\"og:image:height\" content=\"820\" \/>\n\t<meta property=\"og:image:type\" content=\"image\/jpeg\" \/>\n<meta name=\"twitter:card\" content=\"summary_large_image\" \/>\n<meta name=\"twitter:label1\" content=\"Verf\u00fcgbarkeit\" \/>\n\t<meta name=\"twitter:data1\" content=\"Auf Lager\" \/>\n<script type=\"application\/ld+json\" class=\"yoast-schema-graph\">{\"@context\":\"https:\\\/\\\/schema.org\",\"@graph\":[{\"@type\":\"WebPage\",\"@id\":\"https:\\\/\\\/insektenliebe.com\\\/de\\\/shop\\\/produkt\\\/termiten-holz\\\/\",\"url\":\"https:\\\/\\\/insektenliebe.com\\\/de\\\/shop\\\/produkt\\\/termiten-holz\\\/\",\"name\":\"Termiten Holz - Insektenliebe\",\"isPartOf\":{\"@id\":\"https:\\\/\\\/insektenliebe.com\\\/de\\\/#website\"},\"primaryImageOfPage\":{\"@id\":\"https:\\\/\\\/insektenliebe.com\\\/de\\\/shop\\\/produkt\\\/termiten-holz\\\/#primaryimage\"},\"image\":{\"@id\":\"https:\\\/\\\/insektenliebe.com\\\/de\\\/shop\\\/produkt\\\/termiten-holz\\\/#primaryimage\"},\"thumbnailUrl\":\"https:\\\/\\\/insektenliebe.com\\\/wp-content\\\/uploads\\\/2025\\\/05\\\/Termiten-Holz-2.jpg\",\"datePublished\":\"2023-01-29T10:00:27+00:00\",\"dateModified\":\"2026-04-24T11:31:32+00:00\",\"description\":\"Termiten Holz \u2013 nat\u00fcrlich vorzersetztes Strukturholz f\u00fcr Asseln, Tausendf\u00fc\u00dfer und Bioactive-Terrarien. Ideal als Futter- und Dekoelement.\",\"breadcrumb\":{\"@id\":\"https:\\\/\\\/insektenliebe.com\\\/de\\\/shop\\\/produkt\\\/termiten-holz\\\/#breadcrumb\"},\"inLanguage\":\"de\",\"potentialAction\":[{\"@type\":\"ReadAction\",\"target\":[\"https:\\\/\\\/insektenliebe.com\\\/de\\\/shop\\\/produkt\\\/termiten-holz\\\/\"]}]},{\"@type\":\"ImageObject\",\"inLanguage\":\"de\",\"@id\":\"https:\\\/\\\/insektenliebe.com\\\/de\\\/shop\\\/produkt\\\/termiten-holz\\\/#primaryimage\",\"url\":\"https:\\\/\\\/insektenliebe.com\\\/wp-content\\\/uploads\\\/2025\\\/05\\\/Termiten-Holz-2.jpg\",\"contentUrl\":\"https:\\\/\\\/insektenliebe.com\\\/wp-content\\\/uploads\\\/2025\\\/05\\\/Termiten-Holz-2.jpg\",\"width\":820,\"height\":820,\"caption\":\"Termiten-Holz-2.jpg\"},{\"@type\":\"BreadcrumbList\",\"@id\":\"https:\\\/\\\/insektenliebe.com\\\/de\\\/shop\\\/produkt\\\/termiten-holz\\\/#breadcrumb\",\"itemListElement\":[{\"@type\":\"ListItem\",\"position\":1,\"name\":\"Startseite\",\"item\":\"https:\\\/\\\/insektenliebe.com\\\/de\\\/\"},{\"@type\":\"ListItem\",\"position\":2,\"name\":\"Shop\",\"item\":\"https:\\\/\\\/insektenliebe.com\\\/de\\\/shop\\\/\"},{\"@type\":\"ListItem\",\"position\":3,\"name\":\"Termiten Holz\"}]},{\"@type\":\"WebSite\",\"@id\":\"https:\\\/\\\/insektenliebe.com\\\/de\\\/#website\",\"url\":\"https:\\\/\\\/insektenliebe.com\\\/de\\\/\",\"name\":\"Insektenliebe\",\"description\":\"Dein Zuhause f\u00fcr die kleinen Lebewesen\",\"publisher\":{\"@id\":\"https:\\\/\\\/insektenliebe.com\\\/de\\\/#organization\"},\"potentialAction\":[{\"@type\":\"SearchAction\",\"target\":{\"@type\":\"EntryPoint\",\"urlTemplate\":\"https:\\\/\\\/insektenliebe.com\\\/de\\\/?s={search_term_string}\"},\"query-input\":{\"@type\":\"PropertyValueSpecification\",\"valueRequired\":true,\"valueName\":\"search_term_string\"}}],\"inLanguage\":\"de\"},{\"@type\":\"Organization\",\"@id\":\"https:\\\/\\\/insektenliebe.com\\\/de\\\/#organization\",\"name\":\"Insektenliebe\",\"url\":\"https:\\\/\\\/insektenliebe.com\\\/de\\\/\",\"logo\":{\"@type\":\"ImageObject\",\"inLanguage\":\"de\",\"@id\":\"https:\\\/\\\/insektenliebe.com\\\/de\\\/#\\\/schema\\\/logo\\\/image\\\/\",\"url\":\"https:\\\/\\\/insektenliebe.com\\\/wp-content\\\/uploads\\\/2025\\\/03\\\/logo-white.png\",\"contentUrl\":\"https:\\\/\\\/insektenliebe.com\\\/wp-content\\\/uploads\\\/2025\\\/03\\\/logo-white.png\",\"width\":288,\"height\":188,\"caption\":\"Insektenliebe\"},\"image\":{\"@id\":\"https:\\\/\\\/insektenliebe.com\\\/de\\\/#\\\/schema\\\/logo\\\/image\\\/\"}}]}<\/script>\n<meta property=\"og:availability\" content=\"instock\" \/>\n<meta property=\"product:availability\" content=\"instock\" \/>\n<meta property=\"product:retailer_item_id\" content=\"457\" \/>\n<meta property=\"product:condition\" content=\"new\" \/>\n<!-- \/ Yoast SEO Premium plugin. -->","yoast_head_json":{"title":"Termiten Holz - Insektenliebe","description":"Termiten Holz \u2013 nat\u00fcrlich vorzersetztes Strukturholz f\u00fcr Asseln, Tausendf\u00fc\u00dfer und Bioactive-Terrarien. Ideal als Futter- und Dekoelement.","robots":{"index":"index","follow":"follow","max-snippet":"max-snippet:-1","max-image-preview":"max-image-preview:large","max-video-preview":"max-video-preview:-1"},"canonical":"https:\/\/insektenliebe.com\/de\/shop\/produkt\/termiten-holz\/","og_locale":"de_DE","og_type":"article","og_title":"Termiten Holz","og_description":"Termiten Holz \u2013 nat\u00fcrlich vorzersetztes Strukturholz f\u00fcr Asseln, Tausendf\u00fc\u00dfer und Bioactive-Terrarien. Ideal als Futter- und Dekoelement.","og_url":"https:\/\/insektenliebe.com\/de\/shop\/produkt\/termiten-holz\/","og_site_name":"Insektenliebe","article_modified_time":"2026-04-24T11:31:32+00:00","og_image":[{"width":820,"height":820,"url":"https:\/\/insektenliebe.com\/wp-content\/uploads\/2025\/05\/Termiten-Holz-2.jpg","type":"image\/jpeg"}],"twitter_card":"summary_large_image","twitter_misc":{"Verf\u00fcgbarkeit":"Auf Lager"},"schema":{"@context":"https:\/\/schema.org","@graph":[{"@type":"WebPage","@id":"https:\/\/insektenliebe.com\/de\/shop\/produkt\/termiten-holz\/","url":"https:\/\/insektenliebe.com\/de\/shop\/produkt\/termiten-holz\/","name":"Termiten Holz - Insektenliebe","isPartOf":{"@id":"https:\/\/insektenliebe.com\/de\/#website"},"primaryImageOfPage":{"@id":"https:\/\/insektenliebe.com\/de\/shop\/produkt\/termiten-holz\/#primaryimage"},"image":{"@id":"https:\/\/insektenliebe.com\/de\/shop\/produkt\/termiten-holz\/#primaryimage"},"thumbnailUrl":"https:\/\/insektenliebe.com\/wp-content\/uploads\/2025\/05\/Termiten-Holz-2.jpg","datePublished":"2023-01-29T10:00:27+00:00","dateModified":"2026-04-24T11:31:32+00:00","description":"Termiten Holz \u2013 nat\u00fcrlich vorzersetztes Strukturholz f\u00fcr Asseln, Tausendf\u00fc\u00dfer und Bioactive-Terrarien. Ideal als Futter- und Dekoelement.","breadcrumb":{"@id":"https:\/\/insektenliebe.com\/de\/shop\/produkt\/termiten-holz\/#breadcrumb"},"inLanguage":"de","potentialAction":[{"@type":"ReadAction","target":["https:\/\/insektenliebe.com\/de\/shop\/produkt\/termiten-holz\/"]}]},{"@type":"ImageObject","inLanguage":"de","@id":"https:\/\/insektenliebe.com\/de\/shop\/produkt\/termiten-holz\/#primaryimage","url":"https:\/\/insektenliebe.com\/wp-content\/uploads\/2025\/05\/Termiten-Holz-2.jpg","contentUrl":"https:\/\/insektenliebe.com\/wp-content\/uploads\/2025\/05\/Termiten-Holz-2.jpg","width":820,"height":820,"caption":"Termiten-Holz-2.jpg"},{"@type":"BreadcrumbList","@id":"https:\/\/insektenliebe.com\/de\/shop\/produkt\/termiten-holz\/#breadcrumb","itemListElement":[{"@type":"ListItem","position":1,"name":"Startseite","item":"https:\/\/insektenliebe.com\/de\/"},{"@type":"ListItem","position":2,"name":"Shop","item":"https:\/\/insektenliebe.com\/de\/shop\/"},{"@type":"ListItem","position":3,"name":"Termiten Holz"}]},{"@type":"WebSite","@id":"https:\/\/insektenliebe.com\/de\/#website","url":"https:\/\/insektenliebe.com\/de\/","name":"Insektenliebe","description":"Dein Zuhause f\u00fcr die kleinen Lebewesen","publisher":{"@id":"https:\/\/insektenliebe.com\/de\/#organization"},"potentialAction":[{"@type":"SearchAction","target":{"@type":"EntryPoint","urlTemplate":"https:\/\/insektenliebe.com\/de\/?s={search_term_string}"},"query-input":{"@type":"PropertyValueSpecification","valueRequired":true,"valueName":"search_term_string"}}],"inLanguage":"de"},{"@type":"Organization","@id":"https:\/\/insektenliebe.com\/de\/#organization","name":"Insektenliebe","url":"https:\/\/insektenliebe.com\/de\/","logo":{"@type":"ImageObject","inLanguage":"de","@id":"https:\/\/insektenliebe.com\/de\/#\/schema\/logo\/image\/","url":"https:\/\/insektenliebe.com\/wp-content\/uploads\/2025\/03\/logo-white.png","contentUrl":"https:\/\/insektenliebe.com\/wp-content\/uploads\/2025\/03\/logo-white.png","width":288,"height":188,"caption":"Insektenliebe"},"image":{"@id":"https:\/\/insektenliebe.com\/de\/#\/schema\/logo\/image\/"}}]},"og_availability":"instock","product_availability":"instock","product_retailer_item_id":"457","product_condition":"new"},"_links":{"self":[{"href":"https:\/\/insektenliebe.com\/de\/wp-json\/wp\/v2\/product\/5491","targetHints":{"allow":["GET"]}}],"collection":[{"href":"https:\/\/insektenliebe.com\/de\/wp-json\/wp\/v2\/product"}],"about":[{"href":"https:\/\/insektenliebe.com\/de\/wp-json\/wp\/v2\/types\/product"}],"wp:featuredmedia":[{"embeddable":true,"href":"https:\/\/insektenliebe.com\/de\/wp-json\/wp\/v2\/media\/5521"}],"wp:attachment":[{"href":"https:\/\/insektenliebe.com\/de\/wp-json\/wp\/v2\/media?parent=5491"}],"wp:term":[{"taxonomy":"product-supplier","embeddable":true,"href":"https:\/\/insektenliebe.com\/de\/wp-json\/wp\/v2\/product-supplier?post=5491"},{"taxonomy":"product_brand","embeddable":true,"href":"https:\/\/insektenliebe.com\/de\/wp-json\/wp\/v2\/product_brand?post=5491"},{"taxonomy":"product_cat","embeddable":true,"href":"https:\/\/insektenliebe.com\/de\/wp-json\/wp\/v2\/product_cat?post=5491"},{"taxonomy":"product_tag","embeddable":true,"href":"https:\/\/insektenliebe.com\/de\/wp-json\/wp\/v2\/product_tag?post=5491"},{"taxonomy":"lce-checkout-addons","embeddable":true,"href":"https:\/\/insektenliebe.com\/de\/wp-json\/wp\/v2\/lce-checkout-addons?post=5491"}],"curies":[{"name":"wp","href":"https:\/\/api.w.org\/{rel}","templated":true}]}}