{"id":5488,"date":"2023-01-20T14:13:26","date_gmt":"2023-01-20T12:13:26","guid":{"rendered":"http:\/\/localhost\/ins-test\/?post_type=product&#038;p=5488"},"modified":"2026-03-06T18:35:15","modified_gmt":"2026-03-06T17:35:15","slug":"avicularia-huriana","status":"publish","type":"product","link":"https:\/\/insektenliebe.com\/de\/shop\/produkt\/avicularia-huriana\/","title":{"rendered":"Avicularia huriana"},"content":{"rendered":"<h3>Mittel<\/h3>\n<h3>Peru,\u00a0Ecuador\u00a0und\u00a0Brasilien<\/h3>\n<h3>8 CM<\/h3>\n<h3>25-29 \u00b0C<\/h3>\n<h3><span style=\"color: #99cc33;\">Kurzbeschreibung Avicularia huriana:<\/span><\/h3>\n<div><strong><span class=\"hiddenSpellError\">Avicularia<\/span>\u00a0<span class=\"hiddenSpellError\">huriana<\/span><\/strong>\u00a0ist der gr\u00f6\u00dfte Vertreter der\u00a0<span class=\"hiddenSpellError\">Avicularia-Arten<\/span>. Es hat den Anschein, je gr\u00f6\u00dfer eine\u00a0<span class=\"hiddenSpellError\">Avicularia-Art<\/span>\u00a0ist, desto ruhiger wird ihr Gem\u00fct. Wir haben selten eine so ruhige Vogelspinne erlebt!<br \/>\nIhr Erscheinungsbild l\u00e4sst einem das Herz h\u00f6her schlagen. Sie ist sehr stark behaart und die am Ende befindlichen wei\u00dfen Spitzen, l\u00e4sst sie fast\u00a0<span class=\"hiddenSpellError\">Igelhaft<\/span>\u00a0aussehen.<\/div>\n<div>\n<p>Wie alle\u00a0<span class=\"hiddenSpellError\">Avicularia-Arten<\/span>\u00a0z\u00e4hlt auch\u00a0<strong><span class=\"hiddenSpellError\">Avicularia<\/span>\u00a0<span class=\"hiddenSpellError\">huriana<\/span><\/strong>\u00a0zu den baumbewohnenden Arten. Durch ihre Gr\u00f6\u00dfe sollte ein 30 \u00d7 30 \u00d7 40 cm Terrarium gew\u00e4hlt werden. Die\u00a0<span class=\"hiddenSpellError\">Substrath\u00f6he<\/span> sollte mindestens 5 cm betragen. So h\u00e4lt sich die Luftfeuchtigkeit, die bei ca. 75 % optimal getroffen wird. Eine senkrecht stehende Korkr\u00f6hre wird sehr gerne als Unterschlupf angenommen. Da die Tiere sehr gerne k<span class=\"hiddenSpellError\">lettern<\/span>, eignen sich zus\u00e4tzlich angebrachte Flusswurzeln sehr gut. Die klimatischen und optischen Bedingungen k\u00f6nnen zus\u00e4tzlich durch echte oder Kunstpflanzen aufgewertet werden. Ausgewachsene Tiere k\u00f6nnen problemlos mit subadulten argentinischen\u00a0<span class=\"hiddenSpellError\">Waldschaben<\/span>\u00a0oder adulten\u00a0<span class=\"hiddenSpellError\">Schokoschaben<\/span>\u00a0gef\u00fcttert werden.<\/p>\n<\/div>\n<div><\/div>\n<h3><span style=\"color: #99cc33;\"><strong>Produkte f\u00fcr Avicularia huriana!<\/strong><\/span><\/h3>\n<p><img decoding=\"async\" src=\"https:\/\/insektenliebe.com\/wp-content\/uploads\/2023\/01\/Avicularia-huriana-auf-Korkroehre.jpg\" alt=\"Avicularia huriana auf Korkro\u0308hre\" \/><\/p>\n","protected":false},"excerpt":{"rendered":"<p>Mittel Peru,\u00a0Ecuador\u00a0und\u00a0Brasilien 8 CM 25-29 \u00b0C Kurzbeschreibung Avicularia huriana: Avicularia\u00a0huriana\u00a0ist der gr\u00f6\u00dfte Vertreter der\u00a0Avicularia-Arten. Es hat den Anschein, je gr\u00f6\u00dfer eine\u00a0Avicularia-Art\u00a0ist, desto ruhiger wird ihr Gem\u00fct. Wir haben selten eine so ruhige Vogelspinne erlebt! Ihr Erscheinungsbild l\u00e4sst einem das Herz h\u00f6her schlagen. Sie ist sehr stark behaart und die am Ende befindlichen wei\u00dfen Spitzen, l\u00e4sst [&hellip;]<\/p>\n","protected":false},"featured_media":5518,"template":"","meta":{"_acf_changed":false},"product-supplier":[],"product_brand":[],"product_cat":[626,48],"product_tag":[],"lce-checkout-addons":[1202],"class_list":{"0":"post-5488","1":"product","2":"type-product","3":"status-publish","4":"has-post-thumbnail","6":"product_cat-spinnen","7":"product_cat-vogelspinnen","8":"product_shipping_class-animal-shipping","9":"pa_geschlecht-maennlich","10":"pa_geschlecht-weiblich","11":"lce-checkout-addons-winterverpackung","13":"first","14":"outofstock","15":"taxable","16":"shipping-taxable","17":"product-type-variable","18":"has-default-attributes"},"acf":[],"yoast_head":"<!-- This site is optimized with the Yoast SEO Premium plugin v26.8 (Yoast SEO v27.3) - https:\/\/yoast.com\/product\/yoast-seo-premium-wordpress\/ -->\n<title>Avicularia huriana - Insektenliebe<\/title>\n<meta name=\"description\" content=\"G\u00fcnstige Avicularia huriana direkt direkt online kaufen! Wundersch\u00f6ne, baumbewohnende Vogelspinne die zur gr\u00f6\u00dften ihrer Art z\u00e4hlt.\" \/>\n<meta name=\"robots\" content=\"index, follow, max-snippet:-1, max-image-preview:large, max-video-preview:-1\" \/>\n<link rel=\"canonical\" href=\"https:\/\/insektenliebe.com\/de\/shop\/produkt\/avicularia-huriana\/\" \/>\n<meta property=\"og:locale\" content=\"de_DE\" \/>\n<meta property=\"og:type\" content=\"article\" \/>\n<meta property=\"og:title\" content=\"Avicularia huriana\" \/>\n<meta property=\"og:description\" content=\"G\u00fcnstige Avicularia huriana direkt direkt online kaufen! Wundersch\u00f6ne, baumbewohnende Vogelspinne die zur gr\u00f6\u00dften ihrer Art z\u00e4hlt.\" \/>\n<meta property=\"og:url\" content=\"https:\/\/insektenliebe.com\/de\/shop\/produkt\/avicularia-huriana\/\" \/>\n<meta property=\"og:site_name\" content=\"Insektenliebe\" \/>\n<meta property=\"article:modified_time\" content=\"2026-03-06T17:35:15+00:00\" \/>\n<meta property=\"og:image\" content=\"https:\/\/insektenliebe.com\/wp-content\/uploads\/2025\/05\/Avicularia-huriana-2.jpg\" \/>\n\t<meta property=\"og:image:width\" content=\"820\" \/>\n\t<meta property=\"og:image:height\" content=\"820\" \/>\n\t<meta property=\"og:image:type\" content=\"image\/jpeg\" \/>\n<meta name=\"twitter:card\" content=\"summary_large_image\" \/>\n<meta name=\"twitter:label1\" content=\"Verf\u00fcgbarkeit\" \/>\n\t<meta name=\"twitter:data1\" content=\"ausverkauft\" \/>\n<script type=\"application\/ld+json\" class=\"yoast-schema-graph\">{\"@context\":\"https:\\\/\\\/schema.org\",\"@graph\":[{\"@type\":\"WebPage\",\"@id\":\"https:\\\/\\\/insektenliebe.com\\\/de\\\/shop\\\/produkt\\\/avicularia-huriana\\\/\",\"url\":\"https:\\\/\\\/insektenliebe.com\\\/de\\\/shop\\\/produkt\\\/avicularia-huriana\\\/\",\"name\":\"Avicularia huriana - Insektenliebe\",\"isPartOf\":{\"@id\":\"https:\\\/\\\/insektenliebe.com\\\/de\\\/#website\"},\"primaryImageOfPage\":{\"@id\":\"https:\\\/\\\/insektenliebe.com\\\/de\\\/shop\\\/produkt\\\/avicularia-huriana\\\/#primaryimage\"},\"image\":{\"@id\":\"https:\\\/\\\/insektenliebe.com\\\/de\\\/shop\\\/produkt\\\/avicularia-huriana\\\/#primaryimage\"},\"thumbnailUrl\":\"https:\\\/\\\/insektenliebe.com\\\/wp-content\\\/uploads\\\/2025\\\/05\\\/Avicularia-huriana-2.jpg\",\"datePublished\":\"2023-01-20T12:13:26+00:00\",\"dateModified\":\"2026-03-06T17:35:15+00:00\",\"description\":\"G\u00fcnstige Avicularia huriana direkt direkt online kaufen! Wundersch\u00f6ne, baumbewohnende Vogelspinne die zur gr\u00f6\u00dften ihrer Art z\u00e4hlt.\",\"breadcrumb\":{\"@id\":\"https:\\\/\\\/insektenliebe.com\\\/de\\\/shop\\\/produkt\\\/avicularia-huriana\\\/#breadcrumb\"},\"inLanguage\":\"de\",\"potentialAction\":[{\"@type\":\"ReadAction\",\"target\":[\"https:\\\/\\\/insektenliebe.com\\\/de\\\/shop\\\/produkt\\\/avicularia-huriana\\\/\"]}]},{\"@type\":\"ImageObject\",\"inLanguage\":\"de\",\"@id\":\"https:\\\/\\\/insektenliebe.com\\\/de\\\/shop\\\/produkt\\\/avicularia-huriana\\\/#primaryimage\",\"url\":\"https:\\\/\\\/insektenliebe.com\\\/wp-content\\\/uploads\\\/2025\\\/05\\\/Avicularia-huriana-2.jpg\",\"contentUrl\":\"https:\\\/\\\/insektenliebe.com\\\/wp-content\\\/uploads\\\/2025\\\/05\\\/Avicularia-huriana-2.jpg\",\"width\":820,\"height\":820,\"caption\":\"Avicularia-huriana-2.jpg\"},{\"@type\":\"BreadcrumbList\",\"@id\":\"https:\\\/\\\/insektenliebe.com\\\/de\\\/shop\\\/produkt\\\/avicularia-huriana\\\/#breadcrumb\",\"itemListElement\":[{\"@type\":\"ListItem\",\"position\":1,\"name\":\"Startseite\",\"item\":\"https:\\\/\\\/insektenliebe.com\\\/de\\\/\"},{\"@type\":\"ListItem\",\"position\":2,\"name\":\"Shop\",\"item\":\"https:\\\/\\\/insektenliebe.com\\\/de\\\/shop\\\/\"},{\"@type\":\"ListItem\",\"position\":3,\"name\":\"Avicularia huriana\"}]},{\"@type\":\"WebSite\",\"@id\":\"https:\\\/\\\/insektenliebe.com\\\/de\\\/#website\",\"url\":\"https:\\\/\\\/insektenliebe.com\\\/de\\\/\",\"name\":\"Insektenliebe\",\"description\":\"Dein Zuhause f\u00fcr die kleinen Lebewesen\",\"publisher\":{\"@id\":\"https:\\\/\\\/insektenliebe.com\\\/de\\\/#organization\"},\"potentialAction\":[{\"@type\":\"SearchAction\",\"target\":{\"@type\":\"EntryPoint\",\"urlTemplate\":\"https:\\\/\\\/insektenliebe.com\\\/de\\\/?s={search_term_string}\"},\"query-input\":{\"@type\":\"PropertyValueSpecification\",\"valueRequired\":true,\"valueName\":\"search_term_string\"}}],\"inLanguage\":\"de\"},{\"@type\":\"Organization\",\"@id\":\"https:\\\/\\\/insektenliebe.com\\\/de\\\/#organization\",\"name\":\"Insektenliebe\",\"url\":\"https:\\\/\\\/insektenliebe.com\\\/de\\\/\",\"logo\":{\"@type\":\"ImageObject\",\"inLanguage\":\"de\",\"@id\":\"https:\\\/\\\/insektenliebe.com\\\/de\\\/#\\\/schema\\\/logo\\\/image\\\/\",\"url\":\"https:\\\/\\\/insektenliebe.com\\\/wp-content\\\/uploads\\\/2025\\\/03\\\/logo-white.png\",\"contentUrl\":\"https:\\\/\\\/insektenliebe.com\\\/wp-content\\\/uploads\\\/2025\\\/03\\\/logo-white.png\",\"width\":288,\"height\":188,\"caption\":\"Insektenliebe\"},\"image\":{\"@id\":\"https:\\\/\\\/insektenliebe.com\\\/de\\\/#\\\/schema\\\/logo\\\/image\\\/\"}}]}<\/script>\n<meta property=\"og:availability\" content=\"out of stock\" \/>\n<meta property=\"product:availability\" content=\"out of stock\" \/>\n<meta property=\"product:retailer_item_id\" content=\"455\" \/>\n<meta property=\"product:condition\" content=\"new\" \/>\n<!-- \/ Yoast SEO Premium plugin. -->","yoast_head_json":{"title":"Avicularia huriana - Insektenliebe","description":"G\u00fcnstige Avicularia huriana direkt direkt online kaufen! Wundersch\u00f6ne, baumbewohnende Vogelspinne die zur gr\u00f6\u00dften ihrer Art z\u00e4hlt.","robots":{"index":"index","follow":"follow","max-snippet":"max-snippet:-1","max-image-preview":"max-image-preview:large","max-video-preview":"max-video-preview:-1"},"canonical":"https:\/\/insektenliebe.com\/de\/shop\/produkt\/avicularia-huriana\/","og_locale":"de_DE","og_type":"article","og_title":"Avicularia huriana","og_description":"G\u00fcnstige Avicularia huriana direkt direkt online kaufen! Wundersch\u00f6ne, baumbewohnende Vogelspinne die zur gr\u00f6\u00dften ihrer Art z\u00e4hlt.","og_url":"https:\/\/insektenliebe.com\/de\/shop\/produkt\/avicularia-huriana\/","og_site_name":"Insektenliebe","article_modified_time":"2026-03-06T17:35:15+00:00","og_image":[{"width":820,"height":820,"url":"https:\/\/insektenliebe.com\/wp-content\/uploads\/2025\/05\/Avicularia-huriana-2.jpg","type":"image\/jpeg"}],"twitter_card":"summary_large_image","twitter_misc":{"Verf\u00fcgbarkeit":"ausverkauft"},"schema":{"@context":"https:\/\/schema.org","@graph":[{"@type":"WebPage","@id":"https:\/\/insektenliebe.com\/de\/shop\/produkt\/avicularia-huriana\/","url":"https:\/\/insektenliebe.com\/de\/shop\/produkt\/avicularia-huriana\/","name":"Avicularia huriana - Insektenliebe","isPartOf":{"@id":"https:\/\/insektenliebe.com\/de\/#website"},"primaryImageOfPage":{"@id":"https:\/\/insektenliebe.com\/de\/shop\/produkt\/avicularia-huriana\/#primaryimage"},"image":{"@id":"https:\/\/insektenliebe.com\/de\/shop\/produkt\/avicularia-huriana\/#primaryimage"},"thumbnailUrl":"https:\/\/insektenliebe.com\/wp-content\/uploads\/2025\/05\/Avicularia-huriana-2.jpg","datePublished":"2023-01-20T12:13:26+00:00","dateModified":"2026-03-06T17:35:15+00:00","description":"G\u00fcnstige Avicularia huriana direkt direkt online kaufen! Wundersch\u00f6ne, baumbewohnende Vogelspinne die zur gr\u00f6\u00dften ihrer Art z\u00e4hlt.","breadcrumb":{"@id":"https:\/\/insektenliebe.com\/de\/shop\/produkt\/avicularia-huriana\/#breadcrumb"},"inLanguage":"de","potentialAction":[{"@type":"ReadAction","target":["https:\/\/insektenliebe.com\/de\/shop\/produkt\/avicularia-huriana\/"]}]},{"@type":"ImageObject","inLanguage":"de","@id":"https:\/\/insektenliebe.com\/de\/shop\/produkt\/avicularia-huriana\/#primaryimage","url":"https:\/\/insektenliebe.com\/wp-content\/uploads\/2025\/05\/Avicularia-huriana-2.jpg","contentUrl":"https:\/\/insektenliebe.com\/wp-content\/uploads\/2025\/05\/Avicularia-huriana-2.jpg","width":820,"height":820,"caption":"Avicularia-huriana-2.jpg"},{"@type":"BreadcrumbList","@id":"https:\/\/insektenliebe.com\/de\/shop\/produkt\/avicularia-huriana\/#breadcrumb","itemListElement":[{"@type":"ListItem","position":1,"name":"Startseite","item":"https:\/\/insektenliebe.com\/de\/"},{"@type":"ListItem","position":2,"name":"Shop","item":"https:\/\/insektenliebe.com\/de\/shop\/"},{"@type":"ListItem","position":3,"name":"Avicularia huriana"}]},{"@type":"WebSite","@id":"https:\/\/insektenliebe.com\/de\/#website","url":"https:\/\/insektenliebe.com\/de\/","name":"Insektenliebe","description":"Dein Zuhause f\u00fcr die kleinen Lebewesen","publisher":{"@id":"https:\/\/insektenliebe.com\/de\/#organization"},"potentialAction":[{"@type":"SearchAction","target":{"@type":"EntryPoint","urlTemplate":"https:\/\/insektenliebe.com\/de\/?s={search_term_string}"},"query-input":{"@type":"PropertyValueSpecification","valueRequired":true,"valueName":"search_term_string"}}],"inLanguage":"de"},{"@type":"Organization","@id":"https:\/\/insektenliebe.com\/de\/#organization","name":"Insektenliebe","url":"https:\/\/insektenliebe.com\/de\/","logo":{"@type":"ImageObject","inLanguage":"de","@id":"https:\/\/insektenliebe.com\/de\/#\/schema\/logo\/image\/","url":"https:\/\/insektenliebe.com\/wp-content\/uploads\/2025\/03\/logo-white.png","contentUrl":"https:\/\/insektenliebe.com\/wp-content\/uploads\/2025\/03\/logo-white.png","width":288,"height":188,"caption":"Insektenliebe"},"image":{"@id":"https:\/\/insektenliebe.com\/de\/#\/schema\/logo\/image\/"}}]},"og_availability":"out of stock","product_availability":"out of stock","product_retailer_item_id":"455","product_condition":"new"},"_links":{"self":[{"href":"https:\/\/insektenliebe.com\/de\/wp-json\/wp\/v2\/product\/5488","targetHints":{"allow":["GET"]}}],"collection":[{"href":"https:\/\/insektenliebe.com\/de\/wp-json\/wp\/v2\/product"}],"about":[{"href":"https:\/\/insektenliebe.com\/de\/wp-json\/wp\/v2\/types\/product"}],"wp:featuredmedia":[{"embeddable":true,"href":"https:\/\/insektenliebe.com\/de\/wp-json\/wp\/v2\/media\/5518"}],"wp:attachment":[{"href":"https:\/\/insektenliebe.com\/de\/wp-json\/wp\/v2\/media?parent=5488"}],"wp:term":[{"taxonomy":"product-supplier","embeddable":true,"href":"https:\/\/insektenliebe.com\/de\/wp-json\/wp\/v2\/product-supplier?post=5488"},{"taxonomy":"product_brand","embeddable":true,"href":"https:\/\/insektenliebe.com\/de\/wp-json\/wp\/v2\/product_brand?post=5488"},{"taxonomy":"product_cat","embeddable":true,"href":"https:\/\/insektenliebe.com\/de\/wp-json\/wp\/v2\/product_cat?post=5488"},{"taxonomy":"product_tag","embeddable":true,"href":"https:\/\/insektenliebe.com\/de\/wp-json\/wp\/v2\/product_tag?post=5488"},{"taxonomy":"lce-checkout-addons","embeddable":true,"href":"https:\/\/insektenliebe.com\/de\/wp-json\/wp\/v2\/lce-checkout-addons?post=5488"}],"curies":[{"name":"wp","href":"https:\/\/api.w.org\/{rel}","templated":true}]}}