{"id":5482,"date":"2022-12-15T14:10:00","date_gmt":"2022-12-15T13:10:00","guid":{"rendered":"http:\/\/localhost\/ins-test\/?post_type=product&#038;p=5482"},"modified":"2026-03-01T02:03:16","modified_gmt":"2026-03-01T01:03:16","slug":"vogelspinnen-im-terrarium","status":"publish","type":"product","link":"https:\/\/insektenliebe.com\/de\/shop\/produkt\/vogelspinnen-im-terrarium\/","title":{"rendered":"Vogelspinnen im Terrarium"},"content":{"rendered":"<div id=\"hikashop_product_bottom_part\" class=\"hikashop_product_bottom_part\">\n<div id=\"hikashop_product_description_main\" class=\"hikashop_product_description_main\">\n<p>Vogelspinnen sind traumhafte Terrarientiere! Ihr attraktives \u00c4u\u00dferes und das spannende Verhalten lassen sie in der Gunst der Spinnenfreunde ganz oben stehen.<\/p>\n<p>Der langj\u00e4hrige und versierte Z\u00fcchter\u00a0<strong>Martin Meinhardt<\/strong> erl\u00e4utert in dieser \u00fcberarbeiteten und um viele Artportr\u00e4ts erweiterten Auflage seines Praxis-Ratgebers alles, was Sie f\u00fcr die artgerechte Pflege und die erfolgreiche Nachzucht der Tiere wissen m\u00fcssen.<\/p>\n<\/div>\n<\/div>\n<ul>\n<li>Systematik - die Verwandtschaft der Vogelspinnen<\/li>\n<li>K\u00f6rperbau - so funktioniert eine Vogelspinne<\/li>\n<li>Gift und Brennhaare - warum Vogelspinnen trotzdem nicht gef\u00e4hrlich sind<\/li>\n<li>Verhalten \u2013 Beuteerwerb, Balz und Fortpflanzung<\/li>\n<li>Artgerechte Pflege - Einrichten und Klimatisieren geeigneter Terrarien; Vogelspinnen richtig f\u00fcttern<\/li>\n<li>Erfolgreich nachz\u00fcchten - Geschlechtsunterschiede, Verpaarung, Aufzucht der Jungtiere<\/li>\n<li>Detaillierte Artportr\u00e4ts - ausf\u00fchrliche Informationen zu besonders geeigneten Arten<\/li>\n<li>Faszinierende Farbfotos<\/li>\n<\/ul>\n<ul>\n<li><b>Autor<\/b>\u00a0Martin Meinhardt<\/li>\n<li><b>Umfang<\/b>\u00a0136 Seiten<\/li>\n<li><b>Einband<\/b>\u00a0Softcover<\/li>\n<li><b>Abbildungen<\/b>\u00a0zahlreiche Abibildungen und Grafiken<\/li>\n<li><b>ISBN<\/b>\u00a0978-3-86659-233-9<\/li>\n<li><b>Auflage<\/b>\u00a04. Auflage<\/li>\n<\/ul>\n","protected":false},"excerpt":{"rendered":"<p>Vogelspinnen sind traumhafte Terrarientiere! Ihr attraktives \u00c4u\u00dferes und das spannende Verhalten lassen sie in der Gunst der Spinnenfreunde ganz oben stehen. Der langj\u00e4hrige und versierte Z\u00fcchter\u00a0Martin Meinhardt erl\u00e4utert in dieser \u00fcberarbeiteten und um viele Artportr\u00e4ts erweiterten Auflage seines Praxis-Ratgebers alles, was Sie f\u00fcr die artgerechte Pflege und die erfolgreiche Nachzucht der Tiere wissen m\u00fcssen. Systematik [&hellip;]<\/p>\n","protected":false},"featured_media":5511,"template":"","meta":{"_acf_changed":false},"product-supplier":[],"product_brand":[],"product_cat":[183],"product_tag":[],"lce-checkout-addons":[],"class_list":{"0":"post-5482","1":"product","2":"type-product","3":"status-publish","4":"has-post-thumbnail","6":"product_cat-merchandising-literatur","7":"product_shipping_class-equipment-shipping","9":"first","10":"outofstock","11":"taxable","12":"shipping-taxable","13":"purchasable","14":"product-type-simple"},"acf":[],"yoast_head":"<!-- This site is optimized with the Yoast SEO Premium plugin v26.8 (Yoast SEO v27.3) - https:\/\/yoast.com\/product\/yoast-seo-premium-wordpress\/ -->\n<title>Vogelspinnen im Terrarium - Insektenliebe<\/title>\n<meta name=\"description\" content=\"Hier k\u00f6nnen sie das Buch Vogelspinnen im Terrarium direkt online kaufen. Das Buch erkl\u00e4rt dir die Welt der Vogelspinnen mit anschaulichen Fotos.\" \/>\n<meta name=\"robots\" content=\"index, follow, max-snippet:-1, max-image-preview:large, max-video-preview:-1\" \/>\n<link rel=\"canonical\" href=\"https:\/\/insektenliebe.com\/de\/shop\/produkt\/vogelspinnen-im-terrarium\/\" \/>\n<meta property=\"og:locale\" content=\"de_DE\" \/>\n<meta property=\"og:type\" content=\"article\" \/>\n<meta property=\"og:title\" content=\"Vogelspinnen im Terrarium\" \/>\n<meta property=\"og:description\" content=\"Hier k\u00f6nnen sie das Buch Vogelspinnen im Terrarium direkt online kaufen. Das Buch erkl\u00e4rt dir die Welt der Vogelspinnen mit anschaulichen Fotos.\" \/>\n<meta property=\"og:url\" content=\"https:\/\/insektenliebe.com\/de\/shop\/produkt\/vogelspinnen-im-terrarium\/\" \/>\n<meta property=\"og:site_name\" content=\"Insektenliebe\" \/>\n<meta property=\"article:modified_time\" content=\"2026-03-01T01:03:16+00:00\" \/>\n<meta property=\"og:image\" content=\"https:\/\/insektenliebe.com\/wp-content\/uploads\/2025\/05\/Vogelspinnen-im-Terrarium-2.jpg\" \/>\n\t<meta property=\"og:image:width\" content=\"820\" \/>\n\t<meta property=\"og:image:height\" content=\"820\" \/>\n\t<meta property=\"og:image:type\" content=\"image\/jpeg\" \/>\n<meta name=\"twitter:card\" content=\"summary_large_image\" \/>\n<meta name=\"twitter:label1\" content=\"Preis\" \/>\n\t<meta name=\"twitter:data1\" content=\"24,80&nbsp;&euro; inkl. MwSt. zzgl. Versand\" \/>\n\t<meta name=\"twitter:label2\" content=\"Verf\u00fcgbarkeit\" \/>\n\t<meta name=\"twitter:data2\" content=\"ausverkauft\" \/>\n<script type=\"application\/ld+json\" class=\"yoast-schema-graph\">{\"@context\":\"https:\\\/\\\/schema.org\",\"@graph\":[{\"@type\":\"WebPage\",\"@id\":\"https:\\\/\\\/insektenliebe.com\\\/de\\\/shop\\\/produkt\\\/vogelspinnen-im-terrarium\\\/\",\"url\":\"https:\\\/\\\/insektenliebe.com\\\/de\\\/shop\\\/produkt\\\/vogelspinnen-im-terrarium\\\/\",\"name\":\"Vogelspinnen im Terrarium - Insektenliebe\",\"isPartOf\":{\"@id\":\"https:\\\/\\\/insektenliebe.com\\\/de\\\/#website\"},\"primaryImageOfPage\":{\"@id\":\"https:\\\/\\\/insektenliebe.com\\\/de\\\/shop\\\/produkt\\\/vogelspinnen-im-terrarium\\\/#primaryimage\"},\"image\":{\"@id\":\"https:\\\/\\\/insektenliebe.com\\\/de\\\/shop\\\/produkt\\\/vogelspinnen-im-terrarium\\\/#primaryimage\"},\"thumbnailUrl\":\"https:\\\/\\\/insektenliebe.com\\\/wp-content\\\/uploads\\\/2025\\\/05\\\/Vogelspinnen-im-Terrarium-2.jpg\",\"datePublished\":\"2022-12-15T13:10:00+00:00\",\"dateModified\":\"2026-03-01T01:03:16+00:00\",\"description\":\"Hier k\u00f6nnen sie das Buch Vogelspinnen im Terrarium direkt online kaufen. Das Buch erkl\u00e4rt dir die Welt der Vogelspinnen mit anschaulichen Fotos.\",\"breadcrumb\":{\"@id\":\"https:\\\/\\\/insektenliebe.com\\\/de\\\/shop\\\/produkt\\\/vogelspinnen-im-terrarium\\\/#breadcrumb\"},\"inLanguage\":\"de\",\"potentialAction\":[{\"@type\":\"ReadAction\",\"target\":[\"https:\\\/\\\/insektenliebe.com\\\/de\\\/shop\\\/produkt\\\/vogelspinnen-im-terrarium\\\/\"]}]},{\"@type\":\"ImageObject\",\"inLanguage\":\"de\",\"@id\":\"https:\\\/\\\/insektenliebe.com\\\/de\\\/shop\\\/produkt\\\/vogelspinnen-im-terrarium\\\/#primaryimage\",\"url\":\"https:\\\/\\\/insektenliebe.com\\\/wp-content\\\/uploads\\\/2025\\\/05\\\/Vogelspinnen-im-Terrarium-2.jpg\",\"contentUrl\":\"https:\\\/\\\/insektenliebe.com\\\/wp-content\\\/uploads\\\/2025\\\/05\\\/Vogelspinnen-im-Terrarium-2.jpg\",\"width\":820,\"height\":820,\"caption\":\"Vogelspinnen-im-Terrarium-2.jpg\"},{\"@type\":\"BreadcrumbList\",\"@id\":\"https:\\\/\\\/insektenliebe.com\\\/de\\\/shop\\\/produkt\\\/vogelspinnen-im-terrarium\\\/#breadcrumb\",\"itemListElement\":[{\"@type\":\"ListItem\",\"position\":1,\"name\":\"Startseite\",\"item\":\"https:\\\/\\\/insektenliebe.com\\\/de\\\/\"},{\"@type\":\"ListItem\",\"position\":2,\"name\":\"Shop\",\"item\":\"https:\\\/\\\/insektenliebe.com\\\/de\\\/shop\\\/\"},{\"@type\":\"ListItem\",\"position\":3,\"name\":\"Vogelspinnen im Terrarium\"}]},{\"@type\":\"WebSite\",\"@id\":\"https:\\\/\\\/insektenliebe.com\\\/de\\\/#website\",\"url\":\"https:\\\/\\\/insektenliebe.com\\\/de\\\/\",\"name\":\"Insektenliebe\",\"description\":\"Dein Zuhause f\u00fcr die kleinen Lebewesen\",\"publisher\":{\"@id\":\"https:\\\/\\\/insektenliebe.com\\\/de\\\/#organization\"},\"potentialAction\":[{\"@type\":\"SearchAction\",\"target\":{\"@type\":\"EntryPoint\",\"urlTemplate\":\"https:\\\/\\\/insektenliebe.com\\\/de\\\/?s={search_term_string}\"},\"query-input\":{\"@type\":\"PropertyValueSpecification\",\"valueRequired\":true,\"valueName\":\"search_term_string\"}}],\"inLanguage\":\"de\"},{\"@type\":\"Organization\",\"@id\":\"https:\\\/\\\/insektenliebe.com\\\/de\\\/#organization\",\"name\":\"Insektenliebe\",\"url\":\"https:\\\/\\\/insektenliebe.com\\\/de\\\/\",\"logo\":{\"@type\":\"ImageObject\",\"inLanguage\":\"de\",\"@id\":\"https:\\\/\\\/insektenliebe.com\\\/de\\\/#\\\/schema\\\/logo\\\/image\\\/\",\"url\":\"https:\\\/\\\/insektenliebe.com\\\/wp-content\\\/uploads\\\/2025\\\/03\\\/logo-white.png\",\"contentUrl\":\"https:\\\/\\\/insektenliebe.com\\\/wp-content\\\/uploads\\\/2025\\\/03\\\/logo-white.png\",\"width\":288,\"height\":188,\"caption\":\"Insektenliebe\"},\"image\":{\"@id\":\"https:\\\/\\\/insektenliebe.com\\\/de\\\/#\\\/schema\\\/logo\\\/image\\\/\"}}]}<\/script>\n<meta property=\"product:price:amount\" content=\"24.80\" \/>\n<meta property=\"product:price:currency\" content=\"EUR\" \/>\n<meta property=\"og:availability\" content=\"out of stock\" \/>\n<meta property=\"product:availability\" content=\"out of stock\" \/>\n<meta property=\"product:retailer_item_id\" content=\"452\" \/>\n<meta property=\"product:condition\" content=\"new\" \/>\n<!-- \/ Yoast SEO Premium plugin. -->","yoast_head_json":{"title":"Vogelspinnen im Terrarium - Insektenliebe","description":"Hier k\u00f6nnen sie das Buch Vogelspinnen im Terrarium direkt online kaufen. Das Buch erkl\u00e4rt dir die Welt der Vogelspinnen mit anschaulichen Fotos.","robots":{"index":"index","follow":"follow","max-snippet":"max-snippet:-1","max-image-preview":"max-image-preview:large","max-video-preview":"max-video-preview:-1"},"canonical":"https:\/\/insektenliebe.com\/de\/shop\/produkt\/vogelspinnen-im-terrarium\/","og_locale":"de_DE","og_type":"article","og_title":"Vogelspinnen im Terrarium","og_description":"Hier k\u00f6nnen sie das Buch Vogelspinnen im Terrarium direkt online kaufen. Das Buch erkl\u00e4rt dir die Welt der Vogelspinnen mit anschaulichen Fotos.","og_url":"https:\/\/insektenliebe.com\/de\/shop\/produkt\/vogelspinnen-im-terrarium\/","og_site_name":"Insektenliebe","article_modified_time":"2026-03-01T01:03:16+00:00","og_image":[{"width":820,"height":820,"url":"https:\/\/insektenliebe.com\/wp-content\/uploads\/2025\/05\/Vogelspinnen-im-Terrarium-2.jpg","type":"image\/jpeg"}],"twitter_card":"summary_large_image","twitter_misc":{"Preis":"24,80&nbsp;&euro; inkl. MwSt. zzgl. Versand","Verf\u00fcgbarkeit":"ausverkauft"},"schema":{"@context":"https:\/\/schema.org","@graph":[{"@type":"WebPage","@id":"https:\/\/insektenliebe.com\/de\/shop\/produkt\/vogelspinnen-im-terrarium\/","url":"https:\/\/insektenliebe.com\/de\/shop\/produkt\/vogelspinnen-im-terrarium\/","name":"Vogelspinnen im Terrarium - Insektenliebe","isPartOf":{"@id":"https:\/\/insektenliebe.com\/de\/#website"},"primaryImageOfPage":{"@id":"https:\/\/insektenliebe.com\/de\/shop\/produkt\/vogelspinnen-im-terrarium\/#primaryimage"},"image":{"@id":"https:\/\/insektenliebe.com\/de\/shop\/produkt\/vogelspinnen-im-terrarium\/#primaryimage"},"thumbnailUrl":"https:\/\/insektenliebe.com\/wp-content\/uploads\/2025\/05\/Vogelspinnen-im-Terrarium-2.jpg","datePublished":"2022-12-15T13:10:00+00:00","dateModified":"2026-03-01T01:03:16+00:00","description":"Hier k\u00f6nnen sie das Buch Vogelspinnen im Terrarium direkt online kaufen. Das Buch erkl\u00e4rt dir die Welt der Vogelspinnen mit anschaulichen Fotos.","breadcrumb":{"@id":"https:\/\/insektenliebe.com\/de\/shop\/produkt\/vogelspinnen-im-terrarium\/#breadcrumb"},"inLanguage":"de","potentialAction":[{"@type":"ReadAction","target":["https:\/\/insektenliebe.com\/de\/shop\/produkt\/vogelspinnen-im-terrarium\/"]}]},{"@type":"ImageObject","inLanguage":"de","@id":"https:\/\/insektenliebe.com\/de\/shop\/produkt\/vogelspinnen-im-terrarium\/#primaryimage","url":"https:\/\/insektenliebe.com\/wp-content\/uploads\/2025\/05\/Vogelspinnen-im-Terrarium-2.jpg","contentUrl":"https:\/\/insektenliebe.com\/wp-content\/uploads\/2025\/05\/Vogelspinnen-im-Terrarium-2.jpg","width":820,"height":820,"caption":"Vogelspinnen-im-Terrarium-2.jpg"},{"@type":"BreadcrumbList","@id":"https:\/\/insektenliebe.com\/de\/shop\/produkt\/vogelspinnen-im-terrarium\/#breadcrumb","itemListElement":[{"@type":"ListItem","position":1,"name":"Startseite","item":"https:\/\/insektenliebe.com\/de\/"},{"@type":"ListItem","position":2,"name":"Shop","item":"https:\/\/insektenliebe.com\/de\/shop\/"},{"@type":"ListItem","position":3,"name":"Vogelspinnen im Terrarium"}]},{"@type":"WebSite","@id":"https:\/\/insektenliebe.com\/de\/#website","url":"https:\/\/insektenliebe.com\/de\/","name":"Insektenliebe","description":"Dein Zuhause f\u00fcr die kleinen Lebewesen","publisher":{"@id":"https:\/\/insektenliebe.com\/de\/#organization"},"potentialAction":[{"@type":"SearchAction","target":{"@type":"EntryPoint","urlTemplate":"https:\/\/insektenliebe.com\/de\/?s={search_term_string}"},"query-input":{"@type":"PropertyValueSpecification","valueRequired":true,"valueName":"search_term_string"}}],"inLanguage":"de"},{"@type":"Organization","@id":"https:\/\/insektenliebe.com\/de\/#organization","name":"Insektenliebe","url":"https:\/\/insektenliebe.com\/de\/","logo":{"@type":"ImageObject","inLanguage":"de","@id":"https:\/\/insektenliebe.com\/de\/#\/schema\/logo\/image\/","url":"https:\/\/insektenliebe.com\/wp-content\/uploads\/2025\/03\/logo-white.png","contentUrl":"https:\/\/insektenliebe.com\/wp-content\/uploads\/2025\/03\/logo-white.png","width":288,"height":188,"caption":"Insektenliebe"},"image":{"@id":"https:\/\/insektenliebe.com\/de\/#\/schema\/logo\/image\/"}}]},"product_price_amount":"24.80","product_price_currency":"EUR","og_availability":"out of stock","product_availability":"out of stock","product_retailer_item_id":"452","product_condition":"new"},"_links":{"self":[{"href":"https:\/\/insektenliebe.com\/de\/wp-json\/wp\/v2\/product\/5482","targetHints":{"allow":["GET"]}}],"collection":[{"href":"https:\/\/insektenliebe.com\/de\/wp-json\/wp\/v2\/product"}],"about":[{"href":"https:\/\/insektenliebe.com\/de\/wp-json\/wp\/v2\/types\/product"}],"wp:featuredmedia":[{"embeddable":true,"href":"https:\/\/insektenliebe.com\/de\/wp-json\/wp\/v2\/media\/5511"}],"wp:attachment":[{"href":"https:\/\/insektenliebe.com\/de\/wp-json\/wp\/v2\/media?parent=5482"}],"wp:term":[{"taxonomy":"product-supplier","embeddable":true,"href":"https:\/\/insektenliebe.com\/de\/wp-json\/wp\/v2\/product-supplier?post=5482"},{"taxonomy":"product_brand","embeddable":true,"href":"https:\/\/insektenliebe.com\/de\/wp-json\/wp\/v2\/product_brand?post=5482"},{"taxonomy":"product_cat","embeddable":true,"href":"https:\/\/insektenliebe.com\/de\/wp-json\/wp\/v2\/product_cat?post=5482"},{"taxonomy":"product_tag","embeddable":true,"href":"https:\/\/insektenliebe.com\/de\/wp-json\/wp\/v2\/product_tag?post=5482"},{"taxonomy":"lce-checkout-addons","embeddable":true,"href":"https:\/\/insektenliebe.com\/de\/wp-json\/wp\/v2\/lce-checkout-addons?post=5482"}],"curies":[{"name":"wp","href":"https:\/\/api.w.org\/{rel}","templated":true}]}}