{"id":5444,"date":"2022-12-01T11:39:36","date_gmt":"2022-12-01T09:39:36","guid":{"rendered":"http:\/\/localhost\/ins-test\/?post_type=product&#038;p=5444"},"modified":"2026-03-27T21:59:03","modified_gmt":"2026-03-27T20:59:03","slug":"exo-terra-jungle-tree","status":"publish","type":"product","link":"https:\/\/insektenliebe.com\/de\/shop\/produkt\/exo-terra-jungle-tree\/","title":{"rendered":"Exo Terra Jungle Tree"},"content":{"rendered":"<h3><span class=\"s1\" style=\"color: #99cc33;\">Exo Terra Jungle Tree \u2013 Biegsam und individuell anpassbar<\/span><\/h3>\n<p class=\"p1\"><span class=\"s1\">Der <\/span><strong><span class=\"s2\">Exo Terra Jungle Tree<\/span><\/strong><span class=\"s1\"> erweitert dein Terrarium um eine wertvolle dritte Dimension. W\u00e4hrend viele Setups haupts\u00e4chlich Bodenfl\u00e4che bieten, schafft dieser biegsame Terrarienbaum zus\u00e4tzliche erh\u00f6hte Ebenen. Dadurch entstehen neue Sonnenpl\u00e4tze, Ruhebereiche und Aussichtspunkte, die deine Tiere aktiv nutzen.<\/span><\/p>\n<p class=\"p1\"><span class=\"s1\">Durch seine flexible Konstruktion passt sich der Jungle Tree nahezu jeder Terrariengr\u00f6\u00dfe an. Du kannst ihn biegen, formen und gezielt platzieren. So bringst du deine Tiere n\u00e4her an W\u00e4rme- und UV-Lampen heran. Diese geringere Distanz verbessert die UV-Aufnahme und unterst\u00fctzt gleichzeitig eine effektive Thermoregulierung. Besonders Reptilien profitieren davon, da sie ihre K\u00f6rpertemperatur aktiv steuern.<\/span><\/p>\n<p class=\"p1\"><span class=\"s1\">Gleichzeitig bietet die erh\u00f6hte Position einen sicheren Schlafplatz. Viele Tiere suchen nachts gesch\u00fctzte, h\u00f6her gelegene Bereiche auf. Dadurch f\u00fchlen sie sich sicherer und bauen Stress ab. Cham\u00e4leons, Eidechsen, Schlangen oder Laubfr\u00f6sche nutzen solche Strukturen intensiv. Doch auch Spinnen, Asseln oder Tausendf\u00fc\u00dfer profitieren von zus\u00e4tzlichen Kletter- und R\u00fcckzugsm\u00f6glichkeiten.<\/span><\/p>\n<p class=\"p1\"><span class=\"s1\">Die Oberfl\u00e4che des Jungle Tree ist weich und griffig. Dadurch erhalten Tiere sicheren Halt, selbst wenn die Luftfeuchtigkeit hoch ist. Gleichzeitig wirkt die Struktur nat\u00fcrlich und f\u00fcgt sich harmonisch in tropische oder halbfeuchte Setups ein.<\/span><\/p>\n<p class=\"p1\"><span class=\"s1\">Ein weiterer Vorteil liegt in der dreidimensionalen Gestaltung. Dein Terrarium wirkt lebendiger und strukturierter. Tiere bewegen sich aktiver, weil sie verschiedene Ebenen nutzen k\u00f6nnen. Dadurch f\u00f6rderst du ihr nat\u00fcrliches Verhalten und schaffst abwechslungsreiche Reviere.<\/span><\/p>\n<p class=\"p1\"><span class=\"s1\">Der <\/span><strong><span class=\"s2\">Exo Terra Jungle Tree<\/span><\/strong><span class=\"s1\"> kombiniert Flexibilit\u00e4t, Funktionalit\u00e4t und naturnahe Optik. Er schafft Sonnenpl\u00e4tze, reduziert Stress und erweitert den Lebensraum sinnvoll. Wer sein Terrarium artgerecht und dynamisch gestalten m\u00f6chte, erh\u00e4lt hier ein vielseitiges und durchdachtes Struktur-Element.<\/span><\/p>\n","protected":false},"excerpt":{"rendered":"<p>Exo Terra Jungle Tree \u2013 Biegsam und individuell anpassbar Der Exo Terra Jungle Tree erweitert dein Terrarium um eine wertvolle dritte Dimension. W\u00e4hrend viele Setups haupts\u00e4chlich Bodenfl\u00e4che bieten, schafft dieser biegsame Terrarienbaum zus\u00e4tzliche erh\u00f6hte Ebenen. Dadurch entstehen neue Sonnenpl\u00e4tze, Ruhebereiche und Aussichtspunkte, die deine Tiere aktiv nutzen. Durch seine flexible Konstruktion passt sich der Jungle [&hellip;]<\/p>\n","protected":false},"featured_media":5473,"template":"","meta":{"_acf_changed":false},"product-supplier":[2554],"product_brand":[639],"product_cat":[253,463],"product_tag":[],"lce-checkout-addons":[],"class_list":{"0":"post-5444","1":"product","2":"type-product","3":"status-publish","4":"has-post-thumbnail","6":"product_brand-exo-terra","7":"product_cat-einrichtung-dekoration","8":"product_cat-kunstpflanzen","9":"product_shipping_class-equipment-shipping","11":"first","12":"instock","13":"sale","14":"taxable","15":"shipping-taxable","16":"purchasable","17":"product-type-variable"},"acf":[],"yoast_head":"<!-- This site is optimized with the Yoast SEO plugin v27.3 - https:\/\/yoast.com\/product\/yoast-seo-wordpress\/ -->\n<title>Exo Terra Jungle Tree - Insektenliebe<\/title>\n<meta name=\"description\" content=\"Exo Terra Jungle Tree \u2013 biegsamer Terrarienbaum f\u00fcr Sonnenpl\u00e4tze, UV-N\u00e4he und mehr Struktur und Kletterm\u00f6glichkeiten im Lebensraum deiner Tiere.\" \/>\n<meta name=\"robots\" content=\"index, follow, max-snippet:-1, max-image-preview:large, max-video-preview:-1\" \/>\n<link rel=\"canonical\" href=\"https:\/\/insektenliebe.com\/de\/shop\/produkt\/exo-terra-jungle-tree\/\" \/>\n<meta property=\"og:locale\" content=\"de_DE\" \/>\n<meta property=\"og:type\" content=\"article\" \/>\n<meta property=\"og:title\" content=\"Exo Terra Jungle Tree - Insektenliebe\" \/>\n<meta property=\"og:description\" content=\"Exo Terra Jungle Tree \u2013 biegsamer Terrarienbaum f\u00fcr Sonnenpl\u00e4tze, UV-N\u00e4he und mehr Struktur und Kletterm\u00f6glichkeiten im Lebensraum deiner Tiere.\" \/>\n<meta property=\"og:url\" content=\"https:\/\/insektenliebe.com\/de\/shop\/produkt\/exo-terra-jungle-tree\/\" \/>\n<meta property=\"og:site_name\" content=\"Insektenliebe\" \/>\n<meta property=\"article:modified_time\" content=\"2026-03-27T20:59:03+00:00\" \/>\n<meta property=\"og:image\" content=\"https:\/\/insektenliebe.com\/wp-content\/uploads\/2025\/05\/Exo-Terra-Jungle-Tree-Produktbild-2.jpg\" \/>\n\t<meta property=\"og:image:width\" content=\"820\" \/>\n\t<meta property=\"og:image:height\" content=\"820\" \/>\n\t<meta property=\"og:image:type\" content=\"image\/jpeg\" \/>\n<meta name=\"twitter:card\" content=\"summary_large_image\" \/>\n<meta name=\"twitter:label1\" content=\"Gesch\u00e4tzte Lesezeit\" \/>\n\t<meta name=\"twitter:data1\" content=\"2\u00a0Minuten\" \/>\n<script type=\"application\/ld+json\" class=\"yoast-schema-graph\">{\"@context\":\"https:\\\/\\\/schema.org\",\"@graph\":[{\"@type\":\"WebPage\",\"@id\":\"https:\\\/\\\/insektenliebe.com\\\/de\\\/shop\\\/produkt\\\/exo-terra-jungle-tree\\\/\",\"url\":\"https:\\\/\\\/insektenliebe.com\\\/de\\\/shop\\\/produkt\\\/exo-terra-jungle-tree\\\/\",\"name\":\"Exo Terra Jungle Tree - Insektenliebe\",\"isPartOf\":{\"@id\":\"https:\\\/\\\/insektenliebe.com\\\/de\\\/#website\"},\"primaryImageOfPage\":{\"@id\":\"https:\\\/\\\/insektenliebe.com\\\/de\\\/shop\\\/produkt\\\/exo-terra-jungle-tree\\\/#primaryimage\"},\"image\":{\"@id\":\"https:\\\/\\\/insektenliebe.com\\\/de\\\/shop\\\/produkt\\\/exo-terra-jungle-tree\\\/#primaryimage\"},\"thumbnailUrl\":\"https:\\\/\\\/insektenliebe.com\\\/wp-content\\\/uploads\\\/2025\\\/05\\\/Exo-Terra-Jungle-Tree-Produktbild-2.jpg\",\"datePublished\":\"2022-12-01T09:39:36+00:00\",\"dateModified\":\"2026-03-27T20:59:03+00:00\",\"description\":\"Exo Terra Jungle Tree \u2013 biegsamer Terrarienbaum f\u00fcr Sonnenpl\u00e4tze, UV-N\u00e4he und mehr Struktur und Kletterm\u00f6glichkeiten im Lebensraum deiner Tiere.\",\"breadcrumb\":{\"@id\":\"https:\\\/\\\/insektenliebe.com\\\/de\\\/shop\\\/produkt\\\/exo-terra-jungle-tree\\\/#breadcrumb\"},\"inLanguage\":\"de\",\"potentialAction\":[{\"@type\":\"ReadAction\",\"target\":[\"https:\\\/\\\/insektenliebe.com\\\/de\\\/shop\\\/produkt\\\/exo-terra-jungle-tree\\\/\"]}]},{\"@type\":\"ImageObject\",\"inLanguage\":\"de\",\"@id\":\"https:\\\/\\\/insektenliebe.com\\\/de\\\/shop\\\/produkt\\\/exo-terra-jungle-tree\\\/#primaryimage\",\"url\":\"https:\\\/\\\/insektenliebe.com\\\/wp-content\\\/uploads\\\/2025\\\/05\\\/Exo-Terra-Jungle-Tree-Produktbild-2.jpg\",\"contentUrl\":\"https:\\\/\\\/insektenliebe.com\\\/wp-content\\\/uploads\\\/2025\\\/05\\\/Exo-Terra-Jungle-Tree-Produktbild-2.jpg\",\"width\":820,\"height\":820,\"caption\":\"Exo-Terra-Jungle-Tree-Produktbild-2.jpg\"},{\"@type\":\"BreadcrumbList\",\"@id\":\"https:\\\/\\\/insektenliebe.com\\\/de\\\/shop\\\/produkt\\\/exo-terra-jungle-tree\\\/#breadcrumb\",\"itemListElement\":[{\"@type\":\"ListItem\",\"position\":1,\"name\":\"Startseite\",\"item\":\"https:\\\/\\\/insektenliebe.com\\\/de\\\/\"},{\"@type\":\"ListItem\",\"position\":2,\"name\":\"Shop\",\"item\":\"https:\\\/\\\/insektenliebe.com\\\/de\\\/shop\\\/\"},{\"@type\":\"ListItem\",\"position\":3,\"name\":\"Exo Terra Jungle Tree\"}]},{\"@type\":\"WebSite\",\"@id\":\"https:\\\/\\\/insektenliebe.com\\\/de\\\/#website\",\"url\":\"https:\\\/\\\/insektenliebe.com\\\/de\\\/\",\"name\":\"Insektenliebe\",\"description\":\"Dein Zuhause f\u00fcr die kleinen Lebewesen\",\"publisher\":{\"@id\":\"https:\\\/\\\/insektenliebe.com\\\/de\\\/#organization\"},\"potentialAction\":[{\"@type\":\"SearchAction\",\"target\":{\"@type\":\"EntryPoint\",\"urlTemplate\":\"https:\\\/\\\/insektenliebe.com\\\/de\\\/?s={search_term_string}\"},\"query-input\":{\"@type\":\"PropertyValueSpecification\",\"valueRequired\":true,\"valueName\":\"search_term_string\"}}],\"inLanguage\":\"de\"},{\"@type\":\"Organization\",\"@id\":\"https:\\\/\\\/insektenliebe.com\\\/de\\\/#organization\",\"name\":\"Insektenliebe\",\"url\":\"https:\\\/\\\/insektenliebe.com\\\/de\\\/\",\"logo\":{\"@type\":\"ImageObject\",\"inLanguage\":\"de\",\"@id\":\"https:\\\/\\\/insektenliebe.com\\\/de\\\/#\\\/schema\\\/logo\\\/image\\\/\",\"url\":\"https:\\\/\\\/insektenliebe.com\\\/wp-content\\\/uploads\\\/2025\\\/03\\\/logo-white.png\",\"contentUrl\":\"https:\\\/\\\/insektenliebe.com\\\/wp-content\\\/uploads\\\/2025\\\/03\\\/logo-white.png\",\"width\":288,\"height\":188,\"caption\":\"Insektenliebe\"},\"image\":{\"@id\":\"https:\\\/\\\/insektenliebe.com\\\/de\\\/#\\\/schema\\\/logo\\\/image\\\/\"}}]}<\/script>\n<!-- \/ Yoast SEO plugin. -->","yoast_head_json":{"title":"Exo Terra Jungle Tree - Insektenliebe","description":"Exo Terra Jungle Tree \u2013 biegsamer Terrarienbaum f\u00fcr Sonnenpl\u00e4tze, UV-N\u00e4he und mehr Struktur und Kletterm\u00f6glichkeiten im Lebensraum deiner Tiere.","robots":{"index":"index","follow":"follow","max-snippet":"max-snippet:-1","max-image-preview":"max-image-preview:large","max-video-preview":"max-video-preview:-1"},"canonical":"https:\/\/insektenliebe.com\/de\/shop\/produkt\/exo-terra-jungle-tree\/","og_locale":"de_DE","og_type":"article","og_title":"Exo Terra Jungle Tree - Insektenliebe","og_description":"Exo Terra Jungle Tree \u2013 biegsamer Terrarienbaum f\u00fcr Sonnenpl\u00e4tze, UV-N\u00e4he und mehr Struktur und Kletterm\u00f6glichkeiten im Lebensraum deiner Tiere.","og_url":"https:\/\/insektenliebe.com\/de\/shop\/produkt\/exo-terra-jungle-tree\/","og_site_name":"Insektenliebe","article_modified_time":"2026-03-27T20:59:03+00:00","og_image":[{"width":820,"height":820,"url":"https:\/\/insektenliebe.com\/wp-content\/uploads\/2025\/05\/Exo-Terra-Jungle-Tree-Produktbild-2.jpg","type":"image\/jpeg"}],"twitter_card":"summary_large_image","twitter_misc":{"Gesch\u00e4tzte Lesezeit":"2\u00a0Minuten"},"schema":{"@context":"https:\/\/schema.org","@graph":[{"@type":"WebPage","@id":"https:\/\/insektenliebe.com\/de\/shop\/produkt\/exo-terra-jungle-tree\/","url":"https:\/\/insektenliebe.com\/de\/shop\/produkt\/exo-terra-jungle-tree\/","name":"Exo Terra Jungle Tree - Insektenliebe","isPartOf":{"@id":"https:\/\/insektenliebe.com\/de\/#website"},"primaryImageOfPage":{"@id":"https:\/\/insektenliebe.com\/de\/shop\/produkt\/exo-terra-jungle-tree\/#primaryimage"},"image":{"@id":"https:\/\/insektenliebe.com\/de\/shop\/produkt\/exo-terra-jungle-tree\/#primaryimage"},"thumbnailUrl":"https:\/\/insektenliebe.com\/wp-content\/uploads\/2025\/05\/Exo-Terra-Jungle-Tree-Produktbild-2.jpg","datePublished":"2022-12-01T09:39:36+00:00","dateModified":"2026-03-27T20:59:03+00:00","description":"Exo Terra Jungle Tree \u2013 biegsamer Terrarienbaum f\u00fcr Sonnenpl\u00e4tze, UV-N\u00e4he und mehr Struktur und Kletterm\u00f6glichkeiten im Lebensraum deiner Tiere.","breadcrumb":{"@id":"https:\/\/insektenliebe.com\/de\/shop\/produkt\/exo-terra-jungle-tree\/#breadcrumb"},"inLanguage":"de","potentialAction":[{"@type":"ReadAction","target":["https:\/\/insektenliebe.com\/de\/shop\/produkt\/exo-terra-jungle-tree\/"]}]},{"@type":"ImageObject","inLanguage":"de","@id":"https:\/\/insektenliebe.com\/de\/shop\/produkt\/exo-terra-jungle-tree\/#primaryimage","url":"https:\/\/insektenliebe.com\/wp-content\/uploads\/2025\/05\/Exo-Terra-Jungle-Tree-Produktbild-2.jpg","contentUrl":"https:\/\/insektenliebe.com\/wp-content\/uploads\/2025\/05\/Exo-Terra-Jungle-Tree-Produktbild-2.jpg","width":820,"height":820,"caption":"Exo-Terra-Jungle-Tree-Produktbild-2.jpg"},{"@type":"BreadcrumbList","@id":"https:\/\/insektenliebe.com\/de\/shop\/produkt\/exo-terra-jungle-tree\/#breadcrumb","itemListElement":[{"@type":"ListItem","position":1,"name":"Startseite","item":"https:\/\/insektenliebe.com\/de\/"},{"@type":"ListItem","position":2,"name":"Shop","item":"https:\/\/insektenliebe.com\/de\/shop\/"},{"@type":"ListItem","position":3,"name":"Exo Terra Jungle Tree"}]},{"@type":"WebSite","@id":"https:\/\/insektenliebe.com\/de\/#website","url":"https:\/\/insektenliebe.com\/de\/","name":"Insektenliebe","description":"Dein Zuhause f\u00fcr die kleinen Lebewesen","publisher":{"@id":"https:\/\/insektenliebe.com\/de\/#organization"},"potentialAction":[{"@type":"SearchAction","target":{"@type":"EntryPoint","urlTemplate":"https:\/\/insektenliebe.com\/de\/?s={search_term_string}"},"query-input":{"@type":"PropertyValueSpecification","valueRequired":true,"valueName":"search_term_string"}}],"inLanguage":"de"},{"@type":"Organization","@id":"https:\/\/insektenliebe.com\/de\/#organization","name":"Insektenliebe","url":"https:\/\/insektenliebe.com\/de\/","logo":{"@type":"ImageObject","inLanguage":"de","@id":"https:\/\/insektenliebe.com\/de\/#\/schema\/logo\/image\/","url":"https:\/\/insektenliebe.com\/wp-content\/uploads\/2025\/03\/logo-white.png","contentUrl":"https:\/\/insektenliebe.com\/wp-content\/uploads\/2025\/03\/logo-white.png","width":288,"height":188,"caption":"Insektenliebe"},"image":{"@id":"https:\/\/insektenliebe.com\/de\/#\/schema\/logo\/image\/"}}]}},"_links":{"self":[{"href":"https:\/\/insektenliebe.com\/de\/wp-json\/wp\/v2\/product\/5444","targetHints":{"allow":["GET"]}}],"collection":[{"href":"https:\/\/insektenliebe.com\/de\/wp-json\/wp\/v2\/product"}],"about":[{"href":"https:\/\/insektenliebe.com\/de\/wp-json\/wp\/v2\/types\/product"}],"wp:featuredmedia":[{"embeddable":true,"href":"https:\/\/insektenliebe.com\/de\/wp-json\/wp\/v2\/media\/5473"}],"wp:attachment":[{"href":"https:\/\/insektenliebe.com\/de\/wp-json\/wp\/v2\/media?parent=5444"}],"wp:term":[{"taxonomy":"product-supplier","embeddable":true,"href":"https:\/\/insektenliebe.com\/de\/wp-json\/wp\/v2\/product-supplier?post=5444"},{"taxonomy":"product_brand","embeddable":true,"href":"https:\/\/insektenliebe.com\/de\/wp-json\/wp\/v2\/product_brand?post=5444"},{"taxonomy":"product_cat","embeddable":true,"href":"https:\/\/insektenliebe.com\/de\/wp-json\/wp\/v2\/product_cat?post=5444"},{"taxonomy":"product_tag","embeddable":true,"href":"https:\/\/insektenliebe.com\/de\/wp-json\/wp\/v2\/product_tag?post=5444"},{"taxonomy":"lce-checkout-addons","embeddable":true,"href":"https:\/\/insektenliebe.com\/de\/wp-json\/wp\/v2\/lce-checkout-addons?post=5444"}],"curies":[{"name":"wp","href":"https:\/\/api.w.org\/{rel}","templated":true}]}}