{"id":5441,"date":"2022-11-30T09:12:00","date_gmt":"2022-11-30T07:12:00","guid":{"rendered":"http:\/\/localhost\/ins-test\/?post_type=product&#038;p=5441"},"modified":"2026-04-01T11:27:18","modified_gmt":"2026-04-01T09:27:18","slug":"exo-terra-ficus","status":"publish","type":"product","link":"https:\/\/insektenliebe.com\/de\/shop\/produkt\/exo-terra-ficus\/","title":{"rendered":"Exo Terra Ficus"},"content":{"rendered":"<h3><span class=\"s1\" style=\"color: #99cc33;\">Exo Terra Ficus \u2013 Tropisches Ambiente dauerhaft sch\u00f6n<\/span><\/h3>\n<p class=\"p1\"><span class=\"s1\">Der <\/span><strong><span class=\"s2\">Exo Terra Ficus<\/span><\/strong><span class=\"s1\"> bringt tropische Atmosph\u00e4re in dein Terrarium und erweitert gleichzeitig den nutzbaren Lebensraum deiner Tiere. Diese k\u00fcnstliche Rankpflanze \u00fcberzeugt durch ihre realistische Gestaltung, ihre flexible Einsetzbarkeit und ihre robuste Verarbeitung.<\/span><\/p>\n<p class=\"p1\"><span class=\"s1\">Nicht in jedem Terrarium wachsen echte Pflanzen zuverl\u00e4ssig. Manche Bereiche sind zu warm oder zu trocken, w\u00e4hrend andere zu wenig Licht erhalten. Zudem fressen einige Tiere lebende Pflanzen oder besch\u00e4digen sie dauerhaft. Genau deshalb bietet der Ficus eine pflegeleichte Alternative. Er sieht t\u00e4uschend echt aus, ben\u00f6tigt jedoch weder Bew\u00e4sserung noch spezielles Licht.<\/span><\/p>\n<p class=\"p1\"><span class=\"s1\">Mit einer H\u00f6he von bis zu 70 cm eignet sich der <strong>Exo Terra Ficus<\/strong> besonders f\u00fcr gr\u00f6\u00dfere Terrarien. Er schafft vertikale Strukturen, die den Lebensraum optisch und funktional erweitern. Reptilien, Amphibien und Wirbellose nutzen die stabilen Bl\u00e4tter und Ranken gerne als zus\u00e4tzliche Kletterfl\u00e4che. Dadurch f\u00f6rderst du Bewegung und nat\u00fcrliches Verhalten, w\u00e4hrend gleichzeitig neue R\u00fcckzugsm\u00f6glichkeiten entstehen.<\/span><\/p>\n<p class=\"p1\"><span class=\"s1\">Au\u00dferdem kannst du den <strong>Exo Terra Ficus<\/strong> gezielt einsetzen, um technische Elemente zu verdecken. Kabel, Schl\u00e4uche oder Sensoren verschwinden im dichten Blattwerk und st\u00f6ren das Gesamtbild nicht mehr. So wirkt dein Terrarium harmonischer und nat\u00fcrlicher.<\/span><\/p>\n<p class=\"p1\"><span class=\"s1\">In Kombination mit echten Pflanzen entsteht ein ausgewogenes Gesamtbild. W\u00e4hrend lebende Gew\u00e4chse biologische Prozesse unterst\u00fctzen, sorgt die k\u00fcnstliche Rankpflanze dort f\u00fcr Struktur, wo nat\u00fcrliche Pflanzen an ihre Grenzen sto\u00dfen. Selbst in besonders hei\u00dfen oder trockenen Bereichen beh\u00e4lt der Ficus seine Form und Farbe. Deshalb eignet er sich auch ideal f\u00fcr Quarant\u00e4ne-Terrarien oder sterilere Einrichtungen.<\/span><\/p>\n<p class=\"p1\"><span class=\"s1\">Die hochwertige Verarbeitung sorgt f\u00fcr Langlebigkeit und einfache Reinigung. Du kannst die Pflanze bei Bedarf problemlos absp\u00fclen. Sie bleibt formstabil und verliert weder Farbe noch Struktur.<\/span><\/p>\n<p class=\"p1\"><span class=\"s1\">Der <\/span><strong><span class=\"s2\">Exo Terra Ficus<\/span><\/strong><span class=\"s1\"> verbindet nat\u00fcrliche Optik mit praktischer Funktion. Wer seinem Terrarium mehr H\u00f6he, Struktur und tropisches Flair verleihen m\u00f6chte, erh\u00e4lt hier eine langlebige und vielseitige Gestaltungsl\u00f6sung \u2013 ganz ohne Pflegeaufwand.<\/span><\/p>\n","protected":false},"excerpt":{"rendered":"<p>Exo Terra Ficus \u2013 Tropisches Ambiente dauerhaft sch\u00f6n Der Exo Terra Ficus bringt tropische Atmosph\u00e4re in dein Terrarium und erweitert gleichzeitig den nutzbaren Lebensraum deiner Tiere. Diese k\u00fcnstliche Rankpflanze \u00fcberzeugt durch ihre realistische Gestaltung, ihre flexible Einsetzbarkeit und ihre robuste Verarbeitung. Nicht in jedem Terrarium wachsen echte Pflanzen zuverl\u00e4ssig. Manche Bereiche sind zu warm oder [&hellip;]<\/p>\n","protected":false},"featured_media":5470,"template":"","meta":{"_acf_changed":false},"product-supplier":[2554],"product_brand":[639],"product_cat":[463],"product_tag":[],"lce-checkout-addons":[],"class_list":{"0":"post-5441","1":"product","2":"type-product","3":"status-publish","4":"has-post-thumbnail","6":"product_brand-exo-terra","7":"product_cat-kunstpflanzen","8":"product_shipping_class-equipment-shipping","10":"first","11":"instock","12":"sale","13":"taxable","14":"shipping-taxable","15":"purchasable","16":"product-type-variable"},"acf":[],"yoast_head":"<!-- This site is optimized with the Yoast SEO plugin v27.3 - https:\/\/yoast.com\/product\/yoast-seo-wordpress\/ -->\n<title>Exo Terra Ficus - Insektenliebe<\/title>\n<meta name=\"description\" content=\"G\u00fcnstiger Exo Terra Ficus direkt online kaufen. Der Exo Terra Ficus\u00a0bietet die gleichen Vorteile wie eine lebende Pflanze. Ranke bis 70 cm lang!\" \/>\n<meta name=\"robots\" content=\"index, follow, max-snippet:-1, max-image-preview:large, max-video-preview:-1\" \/>\n<link rel=\"canonical\" href=\"https:\/\/insektenliebe.com\/de\/shop\/produkt\/exo-terra-ficus\/\" \/>\n<meta property=\"og:locale\" content=\"de_DE\" \/>\n<meta property=\"og:type\" content=\"article\" \/>\n<meta property=\"og:title\" content=\"Exo Terra Ficus - Insektenliebe\" \/>\n<meta property=\"og:description\" content=\"G\u00fcnstiger Exo Terra Ficus direkt online kaufen. Der Exo Terra Ficus\u00a0bietet die gleichen Vorteile wie eine lebende Pflanze. Ranke bis 70 cm lang!\" \/>\n<meta property=\"og:url\" content=\"https:\/\/insektenliebe.com\/de\/shop\/produkt\/exo-terra-ficus\/\" \/>\n<meta property=\"og:site_name\" content=\"Insektenliebe\" \/>\n<meta property=\"article:modified_time\" content=\"2026-04-01T09:27:18+00:00\" \/>\n<meta property=\"og:image\" content=\"https:\/\/insektenliebe.com\/wp-content\/uploads\/2025\/05\/Exo-Terra-Ficus-2.jpg\" \/>\n\t<meta property=\"og:image:width\" content=\"820\" \/>\n\t<meta property=\"og:image:height\" content=\"820\" \/>\n\t<meta property=\"og:image:type\" content=\"image\/jpeg\" \/>\n<meta name=\"twitter:card\" content=\"summary_large_image\" \/>\n<meta name=\"twitter:label1\" content=\"Gesch\u00e4tzte Lesezeit\" \/>\n\t<meta name=\"twitter:data1\" content=\"2\u00a0Minuten\" \/>\n<script type=\"application\/ld+json\" class=\"yoast-schema-graph\">{\"@context\":\"https:\\\/\\\/schema.org\",\"@graph\":[{\"@type\":\"WebPage\",\"@id\":\"https:\\\/\\\/insektenliebe.com\\\/de\\\/shop\\\/produkt\\\/exo-terra-ficus\\\/\",\"url\":\"https:\\\/\\\/insektenliebe.com\\\/de\\\/shop\\\/produkt\\\/exo-terra-ficus\\\/\",\"name\":\"Exo Terra Ficus - Insektenliebe\",\"isPartOf\":{\"@id\":\"https:\\\/\\\/insektenliebe.com\\\/de\\\/#website\"},\"primaryImageOfPage\":{\"@id\":\"https:\\\/\\\/insektenliebe.com\\\/de\\\/shop\\\/produkt\\\/exo-terra-ficus\\\/#primaryimage\"},\"image\":{\"@id\":\"https:\\\/\\\/insektenliebe.com\\\/de\\\/shop\\\/produkt\\\/exo-terra-ficus\\\/#primaryimage\"},\"thumbnailUrl\":\"https:\\\/\\\/insektenliebe.com\\\/wp-content\\\/uploads\\\/2025\\\/05\\\/Exo-Terra-Ficus-2.jpg\",\"datePublished\":\"2022-11-30T07:12:00+00:00\",\"dateModified\":\"2026-04-01T09:27:18+00:00\",\"description\":\"G\u00fcnstiger Exo Terra Ficus direkt online kaufen. Der Exo Terra Ficus\u00a0bietet die gleichen Vorteile wie eine lebende Pflanze. Ranke bis 70 cm lang!\",\"breadcrumb\":{\"@id\":\"https:\\\/\\\/insektenliebe.com\\\/de\\\/shop\\\/produkt\\\/exo-terra-ficus\\\/#breadcrumb\"},\"inLanguage\":\"de\",\"potentialAction\":[{\"@type\":\"ReadAction\",\"target\":[\"https:\\\/\\\/insektenliebe.com\\\/de\\\/shop\\\/produkt\\\/exo-terra-ficus\\\/\"]}]},{\"@type\":\"ImageObject\",\"inLanguage\":\"de\",\"@id\":\"https:\\\/\\\/insektenliebe.com\\\/de\\\/shop\\\/produkt\\\/exo-terra-ficus\\\/#primaryimage\",\"url\":\"https:\\\/\\\/insektenliebe.com\\\/wp-content\\\/uploads\\\/2025\\\/05\\\/Exo-Terra-Ficus-2.jpg\",\"contentUrl\":\"https:\\\/\\\/insektenliebe.com\\\/wp-content\\\/uploads\\\/2025\\\/05\\\/Exo-Terra-Ficus-2.jpg\",\"width\":820,\"height\":820,\"caption\":\"Exo-Terra-Ficus-2.jpg\"},{\"@type\":\"BreadcrumbList\",\"@id\":\"https:\\\/\\\/insektenliebe.com\\\/de\\\/shop\\\/produkt\\\/exo-terra-ficus\\\/#breadcrumb\",\"itemListElement\":[{\"@type\":\"ListItem\",\"position\":1,\"name\":\"Startseite\",\"item\":\"https:\\\/\\\/insektenliebe.com\\\/de\\\/\"},{\"@type\":\"ListItem\",\"position\":2,\"name\":\"Shop\",\"item\":\"https:\\\/\\\/insektenliebe.com\\\/de\\\/shop\\\/\"},{\"@type\":\"ListItem\",\"position\":3,\"name\":\"Exo Terra Ficus\"}]},{\"@type\":\"WebSite\",\"@id\":\"https:\\\/\\\/insektenliebe.com\\\/de\\\/#website\",\"url\":\"https:\\\/\\\/insektenliebe.com\\\/de\\\/\",\"name\":\"Insektenliebe\",\"description\":\"Dein Zuhause f\u00fcr die kleinen Lebewesen\",\"publisher\":{\"@id\":\"https:\\\/\\\/insektenliebe.com\\\/de\\\/#organization\"},\"potentialAction\":[{\"@type\":\"SearchAction\",\"target\":{\"@type\":\"EntryPoint\",\"urlTemplate\":\"https:\\\/\\\/insektenliebe.com\\\/de\\\/?s={search_term_string}\"},\"query-input\":{\"@type\":\"PropertyValueSpecification\",\"valueRequired\":true,\"valueName\":\"search_term_string\"}}],\"inLanguage\":\"de\"},{\"@type\":\"Organization\",\"@id\":\"https:\\\/\\\/insektenliebe.com\\\/de\\\/#organization\",\"name\":\"Insektenliebe\",\"url\":\"https:\\\/\\\/insektenliebe.com\\\/de\\\/\",\"logo\":{\"@type\":\"ImageObject\",\"inLanguage\":\"de\",\"@id\":\"https:\\\/\\\/insektenliebe.com\\\/de\\\/#\\\/schema\\\/logo\\\/image\\\/\",\"url\":\"https:\\\/\\\/insektenliebe.com\\\/wp-content\\\/uploads\\\/2025\\\/03\\\/logo-white.png\",\"contentUrl\":\"https:\\\/\\\/insektenliebe.com\\\/wp-content\\\/uploads\\\/2025\\\/03\\\/logo-white.png\",\"width\":288,\"height\":188,\"caption\":\"Insektenliebe\"},\"image\":{\"@id\":\"https:\\\/\\\/insektenliebe.com\\\/de\\\/#\\\/schema\\\/logo\\\/image\\\/\"}}]}<\/script>\n<!-- \/ Yoast SEO plugin. -->","yoast_head_json":{"title":"Exo Terra Ficus - Insektenliebe","description":"G\u00fcnstiger Exo Terra Ficus direkt online kaufen. Der Exo Terra Ficus\u00a0bietet die gleichen Vorteile wie eine lebende Pflanze. Ranke bis 70 cm lang!","robots":{"index":"index","follow":"follow","max-snippet":"max-snippet:-1","max-image-preview":"max-image-preview:large","max-video-preview":"max-video-preview:-1"},"canonical":"https:\/\/insektenliebe.com\/de\/shop\/produkt\/exo-terra-ficus\/","og_locale":"de_DE","og_type":"article","og_title":"Exo Terra Ficus - Insektenliebe","og_description":"G\u00fcnstiger Exo Terra Ficus direkt online kaufen. Der Exo Terra Ficus\u00a0bietet die gleichen Vorteile wie eine lebende Pflanze. Ranke bis 70 cm lang!","og_url":"https:\/\/insektenliebe.com\/de\/shop\/produkt\/exo-terra-ficus\/","og_site_name":"Insektenliebe","article_modified_time":"2026-04-01T09:27:18+00:00","og_image":[{"width":820,"height":820,"url":"https:\/\/insektenliebe.com\/wp-content\/uploads\/2025\/05\/Exo-Terra-Ficus-2.jpg","type":"image\/jpeg"}],"twitter_card":"summary_large_image","twitter_misc":{"Gesch\u00e4tzte Lesezeit":"2\u00a0Minuten"},"schema":{"@context":"https:\/\/schema.org","@graph":[{"@type":"WebPage","@id":"https:\/\/insektenliebe.com\/de\/shop\/produkt\/exo-terra-ficus\/","url":"https:\/\/insektenliebe.com\/de\/shop\/produkt\/exo-terra-ficus\/","name":"Exo Terra Ficus - Insektenliebe","isPartOf":{"@id":"https:\/\/insektenliebe.com\/de\/#website"},"primaryImageOfPage":{"@id":"https:\/\/insektenliebe.com\/de\/shop\/produkt\/exo-terra-ficus\/#primaryimage"},"image":{"@id":"https:\/\/insektenliebe.com\/de\/shop\/produkt\/exo-terra-ficus\/#primaryimage"},"thumbnailUrl":"https:\/\/insektenliebe.com\/wp-content\/uploads\/2025\/05\/Exo-Terra-Ficus-2.jpg","datePublished":"2022-11-30T07:12:00+00:00","dateModified":"2026-04-01T09:27:18+00:00","description":"G\u00fcnstiger Exo Terra Ficus direkt online kaufen. Der Exo Terra Ficus\u00a0bietet die gleichen Vorteile wie eine lebende Pflanze. Ranke bis 70 cm lang!","breadcrumb":{"@id":"https:\/\/insektenliebe.com\/de\/shop\/produkt\/exo-terra-ficus\/#breadcrumb"},"inLanguage":"de","potentialAction":[{"@type":"ReadAction","target":["https:\/\/insektenliebe.com\/de\/shop\/produkt\/exo-terra-ficus\/"]}]},{"@type":"ImageObject","inLanguage":"de","@id":"https:\/\/insektenliebe.com\/de\/shop\/produkt\/exo-terra-ficus\/#primaryimage","url":"https:\/\/insektenliebe.com\/wp-content\/uploads\/2025\/05\/Exo-Terra-Ficus-2.jpg","contentUrl":"https:\/\/insektenliebe.com\/wp-content\/uploads\/2025\/05\/Exo-Terra-Ficus-2.jpg","width":820,"height":820,"caption":"Exo-Terra-Ficus-2.jpg"},{"@type":"BreadcrumbList","@id":"https:\/\/insektenliebe.com\/de\/shop\/produkt\/exo-terra-ficus\/#breadcrumb","itemListElement":[{"@type":"ListItem","position":1,"name":"Startseite","item":"https:\/\/insektenliebe.com\/de\/"},{"@type":"ListItem","position":2,"name":"Shop","item":"https:\/\/insektenliebe.com\/de\/shop\/"},{"@type":"ListItem","position":3,"name":"Exo Terra Ficus"}]},{"@type":"WebSite","@id":"https:\/\/insektenliebe.com\/de\/#website","url":"https:\/\/insektenliebe.com\/de\/","name":"Insektenliebe","description":"Dein Zuhause f\u00fcr die kleinen Lebewesen","publisher":{"@id":"https:\/\/insektenliebe.com\/de\/#organization"},"potentialAction":[{"@type":"SearchAction","target":{"@type":"EntryPoint","urlTemplate":"https:\/\/insektenliebe.com\/de\/?s={search_term_string}"},"query-input":{"@type":"PropertyValueSpecification","valueRequired":true,"valueName":"search_term_string"}}],"inLanguage":"de"},{"@type":"Organization","@id":"https:\/\/insektenliebe.com\/de\/#organization","name":"Insektenliebe","url":"https:\/\/insektenliebe.com\/de\/","logo":{"@type":"ImageObject","inLanguage":"de","@id":"https:\/\/insektenliebe.com\/de\/#\/schema\/logo\/image\/","url":"https:\/\/insektenliebe.com\/wp-content\/uploads\/2025\/03\/logo-white.png","contentUrl":"https:\/\/insektenliebe.com\/wp-content\/uploads\/2025\/03\/logo-white.png","width":288,"height":188,"caption":"Insektenliebe"},"image":{"@id":"https:\/\/insektenliebe.com\/de\/#\/schema\/logo\/image\/"}}]}},"_links":{"self":[{"href":"https:\/\/insektenliebe.com\/de\/wp-json\/wp\/v2\/product\/5441","targetHints":{"allow":["GET"]}}],"collection":[{"href":"https:\/\/insektenliebe.com\/de\/wp-json\/wp\/v2\/product"}],"about":[{"href":"https:\/\/insektenliebe.com\/de\/wp-json\/wp\/v2\/types\/product"}],"wp:featuredmedia":[{"embeddable":true,"href":"https:\/\/insektenliebe.com\/de\/wp-json\/wp\/v2\/media\/5470"}],"wp:attachment":[{"href":"https:\/\/insektenliebe.com\/de\/wp-json\/wp\/v2\/media?parent=5441"}],"wp:term":[{"taxonomy":"product-supplier","embeddable":true,"href":"https:\/\/insektenliebe.com\/de\/wp-json\/wp\/v2\/product-supplier?post=5441"},{"taxonomy":"product_brand","embeddable":true,"href":"https:\/\/insektenliebe.com\/de\/wp-json\/wp\/v2\/product_brand?post=5441"},{"taxonomy":"product_cat","embeddable":true,"href":"https:\/\/insektenliebe.com\/de\/wp-json\/wp\/v2\/product_cat?post=5441"},{"taxonomy":"product_tag","embeddable":true,"href":"https:\/\/insektenliebe.com\/de\/wp-json\/wp\/v2\/product_tag?post=5441"},{"taxonomy":"lce-checkout-addons","embeddable":true,"href":"https:\/\/insektenliebe.com\/de\/wp-json\/wp\/v2\/lce-checkout-addons?post=5441"}],"curies":[{"name":"wp","href":"https:\/\/api.w.org\/{rel}","templated":true}]}}