{"id":5433,"date":"2022-11-28T14:13:56","date_gmt":"2022-11-28T12:13:56","guid":{"rendered":"http:\/\/localhost\/ins-test\/?post_type=product&#038;p=5433"},"modified":"2026-03-19T01:57:56","modified_gmt":"2026-03-19T00:57:56","slug":"skylight-mid-30-intense","status":"publish","type":"product","link":"https:\/\/insektenliebe.com\/de\/shop\/produkt\/skylight-mid-30-intense\/","title":{"rendered":"Skylight MID-30 Intense"},"content":{"rendered":"<p>Die Lampe <strong>Skylight MID-30 Intense<\/strong> wurde ganz anders konstruiert als andere Beleuchtungsprodukte fu\u0308r Terrarien. Die meisten verfu\u0308gbaren Terrariumlampen sind auf eine hohe Helligkeit ausgerichtet. Bei einigen anderen fortgeschritteneren Lampen ist die Helligkeit fu\u0308r einen hohen Farbwiedergabe (CRI) etwas beeintr\u00e4chtigt. Bei der <strong>Skylight MID-30 Intense<\/strong> werden beide oben genannten Parameter kompromittiert, um ein Endziel zu erreichen - lebendige, intensive Farben. Ein gro\u00dfer Teil des tiefroten Lichts im Spektrum l\u00f6st die Phytochrome von Pflanzen aus, um bunte Schutzpigmente zu produzieren. W\u00e4hrend das RGB-basierte Spektrum der Lampe es dem Benutzer erm\u00f6glicht, sein bepflanztes Terrarium mit einer tieferen, intensiveren F\u00e4rbung zu sehen. Zus\u00e4tzlich wurde die seitliche Blendung in diesem Produkt auf ein Minimum reduziert, sodass das Betrachten deines Terrariums ein reines Vergnu\u0308gen ist!<\/p>\n<p><strong>Ausf\u00fchrung Skylight MID-30 Intense: Inklusive Standf\u00fc\u00dfe<\/strong><\/p>\n<p>Die Parameter zeigen dir die technischen Daten der <strong>Skylight MID-30 Intense<\/strong>\u00a0und die Abmessungen der Lampe. Anhand des Farbspektrums erkennst du das Potenzial der Lampe.<\/p>\n<p>Zur Erkl\u00e4rung, Pflanzen ben\u00f6tigen \u00fcberwiegend blaues Licht mit einer Wellenl\u00e4nge von rund 400 bis 490 nm sowie rotes Licht mit rund 640 bis 700 nm f\u00fcr die\u00a0Fotosynthese und um Energie zu erzeugen. Dieses Farbspektrum ist perfekt abgedeckt und das wirst du auch sehr schnell am Pflanzenwuchs und am Erscheinungsbild deiner Pflanzen und Tiere erkennen.<\/p>\n","protected":false},"excerpt":{"rendered":"<p>Die Lampe Skylight MID-30 Intense wurde ganz anders konstruiert als andere Beleuchtungsprodukte fu\u0308r Terrarien. Die meisten verfu\u0308gbaren Terrariumlampen sind auf eine hohe Helligkeit ausgerichtet. Bei einigen anderen fortgeschritteneren Lampen ist die Helligkeit fu\u0308r einen hohen Farbwiedergabe (CRI) etwas beeintr\u00e4chtigt. Bei der Skylight MID-30 Intense werden beide oben genannten Parameter kompromittiert, um ein Endziel zu erreichen [&hellip;]<\/p>\n","protected":false},"featured_media":5462,"template":"","meta":{"_acf_changed":false},"product-supplier":[],"product_brand":[93],"product_cat":[299],"product_tag":[],"lce-checkout-addons":[],"class_list":{"0":"post-5433","1":"product","2":"type-product","3":"status-publish","4":"has-post-thumbnail","6":"product_brand-skylight","7":"product_cat-beleuchtung-klima","8":"product_shipping_class-equipment-shipping","10":"first","11":"instock","12":"taxable","13":"shipping-taxable","14":"purchasable","15":"product-type-variable"},"acf":[],"yoast_head":"<!-- This site is optimized with the Yoast SEO plugin v27.3 - https:\/\/yoast.com\/product\/yoast-seo-wordpress\/ -->\n<title>Skylight MID-30 Intense - Insektenliebe<\/title>\n<meta name=\"description\" content=\"G\u00fcnstige Skylight MID-30 Intense online kaufen. Die perfekte Terrarienlampe f\u00fcr deine Pflanzen und Tiere in unterschiedlichen Sets erh\u00e4ltlich.\" \/>\n<meta name=\"robots\" content=\"index, follow, max-snippet:-1, max-image-preview:large, max-video-preview:-1\" \/>\n<link rel=\"canonical\" href=\"https:\/\/insektenliebe.com\/de\/shop\/produkt\/skylight-mid-30-intense\/\" \/>\n<meta property=\"og:locale\" content=\"de_DE\" \/>\n<meta property=\"og:type\" content=\"article\" \/>\n<meta property=\"og:title\" content=\"Skylight MID-30 Intense - Insektenliebe\" \/>\n<meta property=\"og:description\" content=\"G\u00fcnstige Skylight MID-30 Intense online kaufen. Die perfekte Terrarienlampe f\u00fcr deine Pflanzen und Tiere in unterschiedlichen Sets erh\u00e4ltlich.\" \/>\n<meta property=\"og:url\" content=\"https:\/\/insektenliebe.com\/de\/shop\/produkt\/skylight-mid-30-intense\/\" \/>\n<meta property=\"og:site_name\" content=\"Insektenliebe\" \/>\n<meta property=\"article:modified_time\" content=\"2026-03-19T00:57:56+00:00\" \/>\n<meta property=\"og:image\" content=\"https:\/\/insektenliebe.com\/wp-content\/uploads\/2025\/05\/Skylight-MID-30-Intense-2.jpg\" \/>\n\t<meta property=\"og:image:width\" content=\"820\" \/>\n\t<meta property=\"og:image:height\" content=\"820\" \/>\n\t<meta property=\"og:image:type\" content=\"image\/jpeg\" \/>\n<meta name=\"twitter:card\" content=\"summary_large_image\" \/>\n<meta name=\"twitter:label1\" content=\"Gesch\u00e4tzte Lesezeit\" \/>\n\t<meta name=\"twitter:data1\" content=\"2\u00a0Minuten\" \/>\n<script type=\"application\/ld+json\" class=\"yoast-schema-graph\">{\"@context\":\"https:\\\/\\\/schema.org\",\"@graph\":[{\"@type\":\"WebPage\",\"@id\":\"https:\\\/\\\/insektenliebe.com\\\/de\\\/shop\\\/produkt\\\/skylight-mid-30-intense\\\/\",\"url\":\"https:\\\/\\\/insektenliebe.com\\\/de\\\/shop\\\/produkt\\\/skylight-mid-30-intense\\\/\",\"name\":\"Skylight MID-30 Intense - Insektenliebe\",\"isPartOf\":{\"@id\":\"https:\\\/\\\/insektenliebe.com\\\/de\\\/#website\"},\"primaryImageOfPage\":{\"@id\":\"https:\\\/\\\/insektenliebe.com\\\/de\\\/shop\\\/produkt\\\/skylight-mid-30-intense\\\/#primaryimage\"},\"image\":{\"@id\":\"https:\\\/\\\/insektenliebe.com\\\/de\\\/shop\\\/produkt\\\/skylight-mid-30-intense\\\/#primaryimage\"},\"thumbnailUrl\":\"https:\\\/\\\/insektenliebe.com\\\/wp-content\\\/uploads\\\/2025\\\/05\\\/Skylight-MID-30-Intense-2.jpg\",\"datePublished\":\"2022-11-28T12:13:56+00:00\",\"dateModified\":\"2026-03-19T00:57:56+00:00\",\"description\":\"G\u00fcnstige Skylight MID-30 Intense online kaufen. Die perfekte Terrarienlampe f\u00fcr deine Pflanzen und Tiere in unterschiedlichen Sets erh\u00e4ltlich.\",\"breadcrumb\":{\"@id\":\"https:\\\/\\\/insektenliebe.com\\\/de\\\/shop\\\/produkt\\\/skylight-mid-30-intense\\\/#breadcrumb\"},\"inLanguage\":\"de\",\"potentialAction\":[{\"@type\":\"ReadAction\",\"target\":[\"https:\\\/\\\/insektenliebe.com\\\/de\\\/shop\\\/produkt\\\/skylight-mid-30-intense\\\/\"]}]},{\"@type\":\"ImageObject\",\"inLanguage\":\"de\",\"@id\":\"https:\\\/\\\/insektenliebe.com\\\/de\\\/shop\\\/produkt\\\/skylight-mid-30-intense\\\/#primaryimage\",\"url\":\"https:\\\/\\\/insektenliebe.com\\\/wp-content\\\/uploads\\\/2025\\\/05\\\/Skylight-MID-30-Intense-2.jpg\",\"contentUrl\":\"https:\\\/\\\/insektenliebe.com\\\/wp-content\\\/uploads\\\/2025\\\/05\\\/Skylight-MID-30-Intense-2.jpg\",\"width\":820,\"height\":820,\"caption\":\"Skylight-MID-30-Intense-2.jpg\"},{\"@type\":\"BreadcrumbList\",\"@id\":\"https:\\\/\\\/insektenliebe.com\\\/de\\\/shop\\\/produkt\\\/skylight-mid-30-intense\\\/#breadcrumb\",\"itemListElement\":[{\"@type\":\"ListItem\",\"position\":1,\"name\":\"Startseite\",\"item\":\"https:\\\/\\\/insektenliebe.com\\\/de\\\/\"},{\"@type\":\"ListItem\",\"position\":2,\"name\":\"Shop\",\"item\":\"https:\\\/\\\/insektenliebe.com\\\/de\\\/shop\\\/\"},{\"@type\":\"ListItem\",\"position\":3,\"name\":\"Skylight MID-30 Intense\"}]},{\"@type\":\"WebSite\",\"@id\":\"https:\\\/\\\/insektenliebe.com\\\/de\\\/#website\",\"url\":\"https:\\\/\\\/insektenliebe.com\\\/de\\\/\",\"name\":\"Insektenliebe\",\"description\":\"Dein Zuhause f\u00fcr die kleinen Lebewesen\",\"publisher\":{\"@id\":\"https:\\\/\\\/insektenliebe.com\\\/de\\\/#organization\"},\"potentialAction\":[{\"@type\":\"SearchAction\",\"target\":{\"@type\":\"EntryPoint\",\"urlTemplate\":\"https:\\\/\\\/insektenliebe.com\\\/de\\\/?s={search_term_string}\"},\"query-input\":{\"@type\":\"PropertyValueSpecification\",\"valueRequired\":true,\"valueName\":\"search_term_string\"}}],\"inLanguage\":\"de\"},{\"@type\":\"Organization\",\"@id\":\"https:\\\/\\\/insektenliebe.com\\\/de\\\/#organization\",\"name\":\"Insektenliebe\",\"url\":\"https:\\\/\\\/insektenliebe.com\\\/de\\\/\",\"logo\":{\"@type\":\"ImageObject\",\"inLanguage\":\"de\",\"@id\":\"https:\\\/\\\/insektenliebe.com\\\/de\\\/#\\\/schema\\\/logo\\\/image\\\/\",\"url\":\"https:\\\/\\\/insektenliebe.com\\\/wp-content\\\/uploads\\\/2025\\\/03\\\/logo-white.png\",\"contentUrl\":\"https:\\\/\\\/insektenliebe.com\\\/wp-content\\\/uploads\\\/2025\\\/03\\\/logo-white.png\",\"width\":288,\"height\":188,\"caption\":\"Insektenliebe\"},\"image\":{\"@id\":\"https:\\\/\\\/insektenliebe.com\\\/de\\\/#\\\/schema\\\/logo\\\/image\\\/\"}}]}<\/script>\n<!-- \/ Yoast SEO plugin. -->","yoast_head_json":{"title":"Skylight MID-30 Intense - Insektenliebe","description":"G\u00fcnstige Skylight MID-30 Intense online kaufen. Die perfekte Terrarienlampe f\u00fcr deine Pflanzen und Tiere in unterschiedlichen Sets erh\u00e4ltlich.","robots":{"index":"index","follow":"follow","max-snippet":"max-snippet:-1","max-image-preview":"max-image-preview:large","max-video-preview":"max-video-preview:-1"},"canonical":"https:\/\/insektenliebe.com\/de\/shop\/produkt\/skylight-mid-30-intense\/","og_locale":"de_DE","og_type":"article","og_title":"Skylight MID-30 Intense - Insektenliebe","og_description":"G\u00fcnstige Skylight MID-30 Intense online kaufen. Die perfekte Terrarienlampe f\u00fcr deine Pflanzen und Tiere in unterschiedlichen Sets erh\u00e4ltlich.","og_url":"https:\/\/insektenliebe.com\/de\/shop\/produkt\/skylight-mid-30-intense\/","og_site_name":"Insektenliebe","article_modified_time":"2026-03-19T00:57:56+00:00","og_image":[{"width":820,"height":820,"url":"https:\/\/insektenliebe.com\/wp-content\/uploads\/2025\/05\/Skylight-MID-30-Intense-2.jpg","type":"image\/jpeg"}],"twitter_card":"summary_large_image","twitter_misc":{"Gesch\u00e4tzte Lesezeit":"2\u00a0Minuten"},"schema":{"@context":"https:\/\/schema.org","@graph":[{"@type":"WebPage","@id":"https:\/\/insektenliebe.com\/de\/shop\/produkt\/skylight-mid-30-intense\/","url":"https:\/\/insektenliebe.com\/de\/shop\/produkt\/skylight-mid-30-intense\/","name":"Skylight MID-30 Intense - Insektenliebe","isPartOf":{"@id":"https:\/\/insektenliebe.com\/de\/#website"},"primaryImageOfPage":{"@id":"https:\/\/insektenliebe.com\/de\/shop\/produkt\/skylight-mid-30-intense\/#primaryimage"},"image":{"@id":"https:\/\/insektenliebe.com\/de\/shop\/produkt\/skylight-mid-30-intense\/#primaryimage"},"thumbnailUrl":"https:\/\/insektenliebe.com\/wp-content\/uploads\/2025\/05\/Skylight-MID-30-Intense-2.jpg","datePublished":"2022-11-28T12:13:56+00:00","dateModified":"2026-03-19T00:57:56+00:00","description":"G\u00fcnstige Skylight MID-30 Intense online kaufen. Die perfekte Terrarienlampe f\u00fcr deine Pflanzen und Tiere in unterschiedlichen Sets erh\u00e4ltlich.","breadcrumb":{"@id":"https:\/\/insektenliebe.com\/de\/shop\/produkt\/skylight-mid-30-intense\/#breadcrumb"},"inLanguage":"de","potentialAction":[{"@type":"ReadAction","target":["https:\/\/insektenliebe.com\/de\/shop\/produkt\/skylight-mid-30-intense\/"]}]},{"@type":"ImageObject","inLanguage":"de","@id":"https:\/\/insektenliebe.com\/de\/shop\/produkt\/skylight-mid-30-intense\/#primaryimage","url":"https:\/\/insektenliebe.com\/wp-content\/uploads\/2025\/05\/Skylight-MID-30-Intense-2.jpg","contentUrl":"https:\/\/insektenliebe.com\/wp-content\/uploads\/2025\/05\/Skylight-MID-30-Intense-2.jpg","width":820,"height":820,"caption":"Skylight-MID-30-Intense-2.jpg"},{"@type":"BreadcrumbList","@id":"https:\/\/insektenliebe.com\/de\/shop\/produkt\/skylight-mid-30-intense\/#breadcrumb","itemListElement":[{"@type":"ListItem","position":1,"name":"Startseite","item":"https:\/\/insektenliebe.com\/de\/"},{"@type":"ListItem","position":2,"name":"Shop","item":"https:\/\/insektenliebe.com\/de\/shop\/"},{"@type":"ListItem","position":3,"name":"Skylight MID-30 Intense"}]},{"@type":"WebSite","@id":"https:\/\/insektenliebe.com\/de\/#website","url":"https:\/\/insektenliebe.com\/de\/","name":"Insektenliebe","description":"Dein Zuhause f\u00fcr die kleinen Lebewesen","publisher":{"@id":"https:\/\/insektenliebe.com\/de\/#organization"},"potentialAction":[{"@type":"SearchAction","target":{"@type":"EntryPoint","urlTemplate":"https:\/\/insektenliebe.com\/de\/?s={search_term_string}"},"query-input":{"@type":"PropertyValueSpecification","valueRequired":true,"valueName":"search_term_string"}}],"inLanguage":"de"},{"@type":"Organization","@id":"https:\/\/insektenliebe.com\/de\/#organization","name":"Insektenliebe","url":"https:\/\/insektenliebe.com\/de\/","logo":{"@type":"ImageObject","inLanguage":"de","@id":"https:\/\/insektenliebe.com\/de\/#\/schema\/logo\/image\/","url":"https:\/\/insektenliebe.com\/wp-content\/uploads\/2025\/03\/logo-white.png","contentUrl":"https:\/\/insektenliebe.com\/wp-content\/uploads\/2025\/03\/logo-white.png","width":288,"height":188,"caption":"Insektenliebe"},"image":{"@id":"https:\/\/insektenliebe.com\/de\/#\/schema\/logo\/image\/"}}]}},"_links":{"self":[{"href":"https:\/\/insektenliebe.com\/de\/wp-json\/wp\/v2\/product\/5433","targetHints":{"allow":["GET"]}}],"collection":[{"href":"https:\/\/insektenliebe.com\/de\/wp-json\/wp\/v2\/product"}],"about":[{"href":"https:\/\/insektenliebe.com\/de\/wp-json\/wp\/v2\/types\/product"}],"wp:featuredmedia":[{"embeddable":true,"href":"https:\/\/insektenliebe.com\/de\/wp-json\/wp\/v2\/media\/5462"}],"wp:attachment":[{"href":"https:\/\/insektenliebe.com\/de\/wp-json\/wp\/v2\/media?parent=5433"}],"wp:term":[{"taxonomy":"product-supplier","embeddable":true,"href":"https:\/\/insektenliebe.com\/de\/wp-json\/wp\/v2\/product-supplier?post=5433"},{"taxonomy":"product_brand","embeddable":true,"href":"https:\/\/insektenliebe.com\/de\/wp-json\/wp\/v2\/product_brand?post=5433"},{"taxonomy":"product_cat","embeddable":true,"href":"https:\/\/insektenliebe.com\/de\/wp-json\/wp\/v2\/product_cat?post=5433"},{"taxonomy":"product_tag","embeddable":true,"href":"https:\/\/insektenliebe.com\/de\/wp-json\/wp\/v2\/product_tag?post=5433"},{"taxonomy":"lce-checkout-addons","embeddable":true,"href":"https:\/\/insektenliebe.com\/de\/wp-json\/wp\/v2\/lce-checkout-addons?post=5433"}],"curies":[{"name":"wp","href":"https:\/\/api.w.org\/{rel}","templated":true}]}}