{"id":5411,"date":"2022-11-24T13:23:18","date_gmt":"2022-11-24T11:23:18","guid":{"rendered":"http:\/\/localhost\/ins-test\/?post_type=product&#038;p=5411"},"modified":"2026-02-23T17:04:35","modified_gmt":"2026-02-23T16:04:35","slug":"dupla-osmoseanlage","status":"publish","type":"product","link":"https:\/\/insektenliebe.com\/de\/shop\/produkt\/dupla-osmoseanlage\/","title":{"rendered":"Dupla Osmoseanlage"},"content":{"rendered":"<div>Die <strong>Dupla Osmoseanlage<\/strong> schafft nicht nur ein optimales Ausgangswasser f\u00fcr Meer- und S\u00fc\u00dfwasseraquarien. Auch in der Terraristik l\u00f6st sie die Probleme bei Beregnungsanlagen. Kalk verstopft oftmals die Beregnungsd\u00fcsen und sorgt f\u00fcr eine erh\u00f6hte Wartung der D\u00fcsen. Auch reagieren Regenwaldpflanzen sehr empfindlich gegen\u00fcber Kalk. Zudem zerst\u00f6ren die unansehnlichen Kalkflecken an den Glasscheiben das Regenwaldfeeling.<\/div>\n<div><\/div>\n<div>H\u00e4ufig lassen sich viele Wasserprobleme erst durch die Verwendung von <strong>Dupla Osmoseanlage<\/strong> l\u00f6sen. Umkehrosmoseanlagen arbeiten nach dem Prinzip der physikalischen Filterung. Bei einer Umkehrosmoseanlage werden Schadstoffe (z. B. Silikat, Nitrat) und H\u00e4rtebildner wie Kalk physikalisch dem Wasser entzogen. Das Wasser l\u00e4uft in der Umkehrosmoseanlage durch den in haushalts\u00fcblichen Wasserleitungen vorhandenen Druck von 2 \u2212 max. 6 bar durch eine halbdurchl\u00e4ssige Membran. Die im Wasser gel\u00f6sten Substanzen (Schadstoffe, Salze oder Kalk) k\u00f6nnen hierbei die kleine Gitterstruktur der Membran nicht passieren und bleiben im Restwasser zur\u00fcck. Dieses Restwasser wird als Konzentrat abgeleitet und kann bedenkenlos als Putz- oder Gebrauchswasser verwendet werden. Die<strong> Dupla Osmoseanlage<\/strong> habt eine R\u00fcckhaltequote von maximal 95 \u2212 98 % aller Schadstoffe im Leitungswasser.<\/div>\n<p>RO 200 komplett montiert mit Sedimetfilter (5 \u00b5m Feinfilter), Carbonfilter und Membrane<br \/>\n3 x 2 m Schlauch<br \/>\n3\/4 Zoll Wasserhahnanschluss<br \/>\nDurchflussmengenbegrenzer mit integriertem Sp\u00fclventil<br \/>\nVerbindungsklammern f\u00fcr Vorfilter- und Membrangeh\u00e4use<br \/>\nWandhalterung<br \/>\nSchlauchstopfen<br \/>\nGeh\u00e4useschl\u00fcssel f\u00fcr Membrangeh\u00e4use<br \/>\nBedienungsanleitung<\/p>\n<p><strong>Technische Daten:<\/strong><\/p>\n<p>Max. Leistung 200 l \/ Tag, abh\u00e4ngig von der Qualit\u00e4t des Ausgangswassers<br \/>\nDurchschnittliche Leistung 120 \u2212 200 l \/ Tag bei 8 \u2212 15\u00b0 C und 3 \u2212 5 bar Druck<br \/>\nDurchschnittliche R\u00fcckhaltequote 95 \u2212 98 %<br \/>\nAluminium 97 \u2212 98 %<br \/>\nCadmium 95 \u2212 98 %<br \/>\nBakterien 99 %<br \/>\nNitrate max. 90 %<br \/>\nSilikate max. 90 %Sulfate 97 \u2212 98 %<br \/>\nH\u00e4rtebildner 95 \u2212 98 %<\/p>\n<p><strong>Verh\u00e4ltnis Konzentrat: 4 : 1 \/ 3 : 1 abh\u00e4ngig von der Qualit\u00e4t und Druckes des Ausgangswassers.<\/strong><\/p>\n<p>RO 300 komplett montiert mit Sedimentfilter (5 \u00b5m Feinfilter), Carbonfilter und Membrane<br \/>\n3 x 2 m Schlauch<br \/>\n3\/4 Zoll Wasserhahnanschluss<br \/>\nDurchflussmengenbegrenzer mit integriertem Sp\u00fclventil<br \/>\nWandhalterung<br \/>\nSchlauchstopfen<br \/>\nGeh\u00e4useschl\u00fcssel f\u00fcr Filter- und Membrangeh\u00e4use<br \/>\nBedienungsanleitung<\/p>\n<p><strong>Technische Daten:<\/strong><\/p>\n<p>Max. Leistung 300 l \/ Tag, abh\u00e4ngig von der Qualit\u00e4t des Ausgangswassers<br \/>\nDurchschnittliche Leistung 220 -300 l \/ Tag bei 8 \u2212 15\u00b0 C und 3 \u2212 6 bar Druck<br \/>\nDurchschnittliche R\u00fcckhaltequote 95 \u2212 98 %<br \/>\nAluminium 97 \u2212 98 %<br \/>\nCadmium 95 \u2212 98 %<br \/>\nBakterien 99 %<br \/>\nNitrate max. 90 %<br \/>\nSilikate max. 90 %<br \/>\nSulfate 97 \u2212 98 %<br \/>\nH\u00e4rtebildner 95 \u2212 98 %<\/p>\n<p><strong>Verh\u00e4ltnis Konzentrat: 4 : 1 \/ 3 : 1 abh\u00e4ngig von der Qualit\u00e4t und Druckes des Ausgangswassers.<\/strong><\/p>\n<p>RO 600 gebrauchsf\u00e4hig montiert mit Sedimentfilter (5 \u00b5m Feinfilter) , Carbonfilter , Membrane und Reinstwasserfilter<br \/>\nPWT (digitaler Pure Water Tester) Reinstwassertester<br \/>\n3 x 2 m Schlauch<br \/>\n3\/4 Zoll Wasserhahnanschluss<br \/>\nDurchflussmengenbegrenzer mit integriertem Sp\u00fclventil<br \/>\nWandhalterung<br \/>\nSchlauchstopfen<br \/>\nGeh\u00e4useschl\u00fcssel f\u00fcr Filter- und Membrangeh\u00e4use<br \/>\nBedienungsanleitung<\/p>\n<p><strong>Technische Daten:<\/strong><\/p>\n<p>Leistung ca. 600 l \/ Tag, abh\u00e4ngig von der Qualit\u00e4t und Druckes des Ausgangswassers<br \/>\nDurchschnittliche Leistung: 500 - 650 l \/ Tag bei 8 - 15\u00b0 C und 3 \u2212 6 bar Druck<br \/>\nDie durchschnittliche R\u00fcckhaltequote der Membrane betr\u00e4gt 90 \u2212 98 %<br \/>\nAluminium 97 \u2212 98 %<br \/>\nCadmium 95 \u2212 98 %<br \/>\nBakterien 99 %<br \/>\nNitrate max. 90 %<br \/>\nSilikate max. 90 %<br \/>\nSulfate 97 \u2212 98 %<br \/>\nH\u00e4rtebildner 95 \u2212 98 %<br \/>\nDurch die zus\u00e4tzliche Reinstwasserfilterung werden die restlichen belastenden Stoffe im Permeat noch einmal zu 99 % reduziert. Der \u00fcber den PWT (Pure Water Tester) gemessene Ausgangswert, sollte bei Verwendung eines neuen<br \/>\nReinstwasserharzes 000 ppm betragen.<\/p>\n","protected":false},"excerpt":{"rendered":"<p>Die Dupla Osmoseanlage schafft nicht nur ein optimales Ausgangswasser f\u00fcr Meer- und S\u00fc\u00dfwasseraquarien. Auch in der Terraristik l\u00f6st sie die Probleme bei Beregnungsanlagen. Kalk verstopft oftmals die Beregnungsd\u00fcsen und sorgt f\u00fcr eine erh\u00f6hte Wartung der D\u00fcsen. Auch reagieren Regenwaldpflanzen sehr empfindlich gegen\u00fcber Kalk. Zudem zerst\u00f6ren die unansehnlichen Kalkflecken an den Glasscheiben das Regenwaldfeeling. H\u00e4ufig lassen [&hellip;]<\/p>\n","protected":false},"featured_media":5456,"template":"","meta":{"_acf_changed":false},"product-supplier":[],"product_brand":[],"product_cat":[299],"product_tag":[],"lce-checkout-addons":[],"class_list":{"0":"post-5411","1":"product","2":"type-product","3":"status-publish","4":"has-post-thumbnail","6":"product_cat-beleuchtung-klima","7":"product_shipping_class-equipment-shipping","9":"first","10":"instock","11":"sale","12":"taxable","13":"shipping-taxable","14":"purchasable","15":"product-type-variable"},"acf":[],"yoast_head":"<!-- This site is optimized with the Yoast SEO plugin v27.3 - https:\/\/yoast.com\/product\/yoast-seo-wordpress\/ -->\n<title>Dupla Osmoseanlage - Insektenliebe<\/title>\n<meta name=\"description\" content=\"G\u00fcnstige Dupla Osmoseanlage direkt online kaufen. Die Umkehrosmoseanlage wird an das Wassersystem angeschlossen und sorgt f\u00fcr gereinigtes Osmosewasser\" \/>\n<meta name=\"robots\" content=\"index, follow, max-snippet:-1, max-image-preview:large, max-video-preview:-1\" \/>\n<link rel=\"canonical\" href=\"https:\/\/insektenliebe.com\/de\/shop\/produkt\/dupla-osmoseanlage\/\" \/>\n<meta property=\"og:locale\" content=\"de_DE\" \/>\n<meta property=\"og:type\" content=\"article\" \/>\n<meta property=\"og:title\" content=\"Dupla Osmoseanlage - Insektenliebe\" \/>\n<meta property=\"og:description\" content=\"G\u00fcnstige Dupla Osmoseanlage direkt online kaufen. Die Umkehrosmoseanlage wird an das Wassersystem angeschlossen und sorgt f\u00fcr gereinigtes Osmosewasser\" \/>\n<meta property=\"og:url\" content=\"https:\/\/insektenliebe.com\/de\/shop\/produkt\/dupla-osmoseanlage\/\" \/>\n<meta property=\"og:site_name\" content=\"Insektenliebe\" \/>\n<meta property=\"article:modified_time\" content=\"2026-02-23T16:04:35+00:00\" \/>\n<meta property=\"og:image\" content=\"https:\/\/insektenliebe.com\/wp-content\/uploads\/2025\/05\/Dupla-Osmoseanlage-RO-200-2.jpg\" \/>\n\t<meta property=\"og:image:width\" content=\"820\" \/>\n\t<meta property=\"og:image:height\" content=\"820\" \/>\n\t<meta property=\"og:image:type\" content=\"image\/jpeg\" \/>\n<meta name=\"twitter:card\" content=\"summary_large_image\" \/>\n<meta name=\"twitter:label1\" content=\"Gesch\u00e4tzte Lesezeit\" \/>\n\t<meta name=\"twitter:data1\" content=\"4\u00a0Minuten\" \/>\n<script type=\"application\/ld+json\" class=\"yoast-schema-graph\">{\"@context\":\"https:\\\/\\\/schema.org\",\"@graph\":[{\"@type\":\"WebPage\",\"@id\":\"https:\\\/\\\/insektenliebe.com\\\/de\\\/shop\\\/produkt\\\/dupla-osmoseanlage\\\/\",\"url\":\"https:\\\/\\\/insektenliebe.com\\\/de\\\/shop\\\/produkt\\\/dupla-osmoseanlage\\\/\",\"name\":\"Dupla Osmoseanlage - Insektenliebe\",\"isPartOf\":{\"@id\":\"https:\\\/\\\/insektenliebe.com\\\/de\\\/#website\"},\"primaryImageOfPage\":{\"@id\":\"https:\\\/\\\/insektenliebe.com\\\/de\\\/shop\\\/produkt\\\/dupla-osmoseanlage\\\/#primaryimage\"},\"image\":{\"@id\":\"https:\\\/\\\/insektenliebe.com\\\/de\\\/shop\\\/produkt\\\/dupla-osmoseanlage\\\/#primaryimage\"},\"thumbnailUrl\":\"https:\\\/\\\/insektenliebe.com\\\/wp-content\\\/uploads\\\/2025\\\/05\\\/Dupla-Osmoseanlage-RO-200-2.jpg\",\"datePublished\":\"2022-11-24T11:23:18+00:00\",\"dateModified\":\"2026-02-23T16:04:35+00:00\",\"description\":\"G\u00fcnstige Dupla Osmoseanlage direkt online kaufen. Die Umkehrosmoseanlage wird an das Wassersystem angeschlossen und sorgt f\u00fcr gereinigtes Osmosewasser\",\"breadcrumb\":{\"@id\":\"https:\\\/\\\/insektenliebe.com\\\/de\\\/shop\\\/produkt\\\/dupla-osmoseanlage\\\/#breadcrumb\"},\"inLanguage\":\"de\",\"potentialAction\":[{\"@type\":\"ReadAction\",\"target\":[\"https:\\\/\\\/insektenliebe.com\\\/de\\\/shop\\\/produkt\\\/dupla-osmoseanlage\\\/\"]}]},{\"@type\":\"ImageObject\",\"inLanguage\":\"de\",\"@id\":\"https:\\\/\\\/insektenliebe.com\\\/de\\\/shop\\\/produkt\\\/dupla-osmoseanlage\\\/#primaryimage\",\"url\":\"https:\\\/\\\/insektenliebe.com\\\/wp-content\\\/uploads\\\/2025\\\/05\\\/Dupla-Osmoseanlage-RO-200-2.jpg\",\"contentUrl\":\"https:\\\/\\\/insektenliebe.com\\\/wp-content\\\/uploads\\\/2025\\\/05\\\/Dupla-Osmoseanlage-RO-200-2.jpg\",\"width\":820,\"height\":820,\"caption\":\"Dupla-Osmoseanlage-RO-200-2.jpg\"},{\"@type\":\"BreadcrumbList\",\"@id\":\"https:\\\/\\\/insektenliebe.com\\\/de\\\/shop\\\/produkt\\\/dupla-osmoseanlage\\\/#breadcrumb\",\"itemListElement\":[{\"@type\":\"ListItem\",\"position\":1,\"name\":\"Startseite\",\"item\":\"https:\\\/\\\/insektenliebe.com\\\/de\\\/\"},{\"@type\":\"ListItem\",\"position\":2,\"name\":\"Shop\",\"item\":\"https:\\\/\\\/insektenliebe.com\\\/de\\\/shop\\\/\"},{\"@type\":\"ListItem\",\"position\":3,\"name\":\"Dupla Osmoseanlage\"}]},{\"@type\":\"WebSite\",\"@id\":\"https:\\\/\\\/insektenliebe.com\\\/de\\\/#website\",\"url\":\"https:\\\/\\\/insektenliebe.com\\\/de\\\/\",\"name\":\"Insektenliebe\",\"description\":\"Dein Zuhause f\u00fcr die kleinen Lebewesen\",\"publisher\":{\"@id\":\"https:\\\/\\\/insektenliebe.com\\\/de\\\/#organization\"},\"potentialAction\":[{\"@type\":\"SearchAction\",\"target\":{\"@type\":\"EntryPoint\",\"urlTemplate\":\"https:\\\/\\\/insektenliebe.com\\\/de\\\/?s={search_term_string}\"},\"query-input\":{\"@type\":\"PropertyValueSpecification\",\"valueRequired\":true,\"valueName\":\"search_term_string\"}}],\"inLanguage\":\"de\"},{\"@type\":\"Organization\",\"@id\":\"https:\\\/\\\/insektenliebe.com\\\/de\\\/#organization\",\"name\":\"Insektenliebe\",\"url\":\"https:\\\/\\\/insektenliebe.com\\\/de\\\/\",\"logo\":{\"@type\":\"ImageObject\",\"inLanguage\":\"de\",\"@id\":\"https:\\\/\\\/insektenliebe.com\\\/de\\\/#\\\/schema\\\/logo\\\/image\\\/\",\"url\":\"https:\\\/\\\/insektenliebe.com\\\/wp-content\\\/uploads\\\/2025\\\/03\\\/logo-white.png\",\"contentUrl\":\"https:\\\/\\\/insektenliebe.com\\\/wp-content\\\/uploads\\\/2025\\\/03\\\/logo-white.png\",\"width\":288,\"height\":188,\"caption\":\"Insektenliebe\"},\"image\":{\"@id\":\"https:\\\/\\\/insektenliebe.com\\\/de\\\/#\\\/schema\\\/logo\\\/image\\\/\"}}]}<\/script>\n<!-- \/ Yoast SEO plugin. -->","yoast_head_json":{"title":"Dupla Osmoseanlage - Insektenliebe","description":"G\u00fcnstige Dupla Osmoseanlage direkt online kaufen. Die Umkehrosmoseanlage wird an das Wassersystem angeschlossen und sorgt f\u00fcr gereinigtes Osmosewasser","robots":{"index":"index","follow":"follow","max-snippet":"max-snippet:-1","max-image-preview":"max-image-preview:large","max-video-preview":"max-video-preview:-1"},"canonical":"https:\/\/insektenliebe.com\/de\/shop\/produkt\/dupla-osmoseanlage\/","og_locale":"de_DE","og_type":"article","og_title":"Dupla Osmoseanlage - Insektenliebe","og_description":"G\u00fcnstige Dupla Osmoseanlage direkt online kaufen. Die Umkehrosmoseanlage wird an das Wassersystem angeschlossen und sorgt f\u00fcr gereinigtes Osmosewasser","og_url":"https:\/\/insektenliebe.com\/de\/shop\/produkt\/dupla-osmoseanlage\/","og_site_name":"Insektenliebe","article_modified_time":"2026-02-23T16:04:35+00:00","og_image":[{"width":820,"height":820,"url":"https:\/\/insektenliebe.com\/wp-content\/uploads\/2025\/05\/Dupla-Osmoseanlage-RO-200-2.jpg","type":"image\/jpeg"}],"twitter_card":"summary_large_image","twitter_misc":{"Gesch\u00e4tzte Lesezeit":"4\u00a0Minuten"},"schema":{"@context":"https:\/\/schema.org","@graph":[{"@type":"WebPage","@id":"https:\/\/insektenliebe.com\/de\/shop\/produkt\/dupla-osmoseanlage\/","url":"https:\/\/insektenliebe.com\/de\/shop\/produkt\/dupla-osmoseanlage\/","name":"Dupla Osmoseanlage - Insektenliebe","isPartOf":{"@id":"https:\/\/insektenliebe.com\/de\/#website"},"primaryImageOfPage":{"@id":"https:\/\/insektenliebe.com\/de\/shop\/produkt\/dupla-osmoseanlage\/#primaryimage"},"image":{"@id":"https:\/\/insektenliebe.com\/de\/shop\/produkt\/dupla-osmoseanlage\/#primaryimage"},"thumbnailUrl":"https:\/\/insektenliebe.com\/wp-content\/uploads\/2025\/05\/Dupla-Osmoseanlage-RO-200-2.jpg","datePublished":"2022-11-24T11:23:18+00:00","dateModified":"2026-02-23T16:04:35+00:00","description":"G\u00fcnstige Dupla Osmoseanlage direkt online kaufen. Die Umkehrosmoseanlage wird an das Wassersystem angeschlossen und sorgt f\u00fcr gereinigtes Osmosewasser","breadcrumb":{"@id":"https:\/\/insektenliebe.com\/de\/shop\/produkt\/dupla-osmoseanlage\/#breadcrumb"},"inLanguage":"de","potentialAction":[{"@type":"ReadAction","target":["https:\/\/insektenliebe.com\/de\/shop\/produkt\/dupla-osmoseanlage\/"]}]},{"@type":"ImageObject","inLanguage":"de","@id":"https:\/\/insektenliebe.com\/de\/shop\/produkt\/dupla-osmoseanlage\/#primaryimage","url":"https:\/\/insektenliebe.com\/wp-content\/uploads\/2025\/05\/Dupla-Osmoseanlage-RO-200-2.jpg","contentUrl":"https:\/\/insektenliebe.com\/wp-content\/uploads\/2025\/05\/Dupla-Osmoseanlage-RO-200-2.jpg","width":820,"height":820,"caption":"Dupla-Osmoseanlage-RO-200-2.jpg"},{"@type":"BreadcrumbList","@id":"https:\/\/insektenliebe.com\/de\/shop\/produkt\/dupla-osmoseanlage\/#breadcrumb","itemListElement":[{"@type":"ListItem","position":1,"name":"Startseite","item":"https:\/\/insektenliebe.com\/de\/"},{"@type":"ListItem","position":2,"name":"Shop","item":"https:\/\/insektenliebe.com\/de\/shop\/"},{"@type":"ListItem","position":3,"name":"Dupla Osmoseanlage"}]},{"@type":"WebSite","@id":"https:\/\/insektenliebe.com\/de\/#website","url":"https:\/\/insektenliebe.com\/de\/","name":"Insektenliebe","description":"Dein Zuhause f\u00fcr die kleinen Lebewesen","publisher":{"@id":"https:\/\/insektenliebe.com\/de\/#organization"},"potentialAction":[{"@type":"SearchAction","target":{"@type":"EntryPoint","urlTemplate":"https:\/\/insektenliebe.com\/de\/?s={search_term_string}"},"query-input":{"@type":"PropertyValueSpecification","valueRequired":true,"valueName":"search_term_string"}}],"inLanguage":"de"},{"@type":"Organization","@id":"https:\/\/insektenliebe.com\/de\/#organization","name":"Insektenliebe","url":"https:\/\/insektenliebe.com\/de\/","logo":{"@type":"ImageObject","inLanguage":"de","@id":"https:\/\/insektenliebe.com\/de\/#\/schema\/logo\/image\/","url":"https:\/\/insektenliebe.com\/wp-content\/uploads\/2025\/03\/logo-white.png","contentUrl":"https:\/\/insektenliebe.com\/wp-content\/uploads\/2025\/03\/logo-white.png","width":288,"height":188,"caption":"Insektenliebe"},"image":{"@id":"https:\/\/insektenliebe.com\/de\/#\/schema\/logo\/image\/"}}]}},"_links":{"self":[{"href":"https:\/\/insektenliebe.com\/de\/wp-json\/wp\/v2\/product\/5411","targetHints":{"allow":["GET"]}}],"collection":[{"href":"https:\/\/insektenliebe.com\/de\/wp-json\/wp\/v2\/product"}],"about":[{"href":"https:\/\/insektenliebe.com\/de\/wp-json\/wp\/v2\/types\/product"}],"wp:featuredmedia":[{"embeddable":true,"href":"https:\/\/insektenliebe.com\/de\/wp-json\/wp\/v2\/media\/5456"}],"wp:attachment":[{"href":"https:\/\/insektenliebe.com\/de\/wp-json\/wp\/v2\/media?parent=5411"}],"wp:term":[{"taxonomy":"product-supplier","embeddable":true,"href":"https:\/\/insektenliebe.com\/de\/wp-json\/wp\/v2\/product-supplier?post=5411"},{"taxonomy":"product_brand","embeddable":true,"href":"https:\/\/insektenliebe.com\/de\/wp-json\/wp\/v2\/product_brand?post=5411"},{"taxonomy":"product_cat","embeddable":true,"href":"https:\/\/insektenliebe.com\/de\/wp-json\/wp\/v2\/product_cat?post=5411"},{"taxonomy":"product_tag","embeddable":true,"href":"https:\/\/insektenliebe.com\/de\/wp-json\/wp\/v2\/product_tag?post=5411"},{"taxonomy":"lce-checkout-addons","embeddable":true,"href":"https:\/\/insektenliebe.com\/de\/wp-json\/wp\/v2\/lce-checkout-addons?post=5411"}],"curies":[{"name":"wp","href":"https:\/\/api.w.org\/{rel}","templated":true}]}}