{"id":5408,"date":"2022-10-28T11:58:00","date_gmt":"2022-10-28T09:58:00","guid":{"rendered":"http:\/\/localhost\/ins-test\/?post_type=product&#038;p=5408"},"modified":"2026-04-17T22:11:39","modified_gmt":"2026-04-17T20:11:39","slug":"biorb-earth-125","status":"publish","type":"product","link":"https:\/\/insektenliebe.com\/de\/shop\/produkt\/biorb-earth-125\/","title":{"rendered":"biOrb EARTH 125"},"content":{"rendered":"<p>Entdecke das erste und einzige Terrarium, das so sch\u00f6n ist wie die Tiere, die darin gehalten werden. Bei traditionellen Terrarien ben\u00f6tigst du verschiedene Stecker, zum Beispiel f\u00fcr jedes Licht, f\u00fcr die Beregnungsanlage usw.<br \/>\n<strong>biOrb EARTH 125<\/strong> braucht nur einen Stecker und ein Kabel.<\/p>\n<p>Unansehnlicher Kabelsalat oder gr\u00e4ssliche Mehrfachsteckdosen sind verschwunden. An ihre Stelle tritt ein einzelnes Kabel mit Stecker. Die Technik\u00a0ist bequem via APP zu steuern. Temperatur, Luftfeuchtigkeit, Tageslichtstunden, Regen und vieles mehr k\u00f6nnen gesteuert werden.<\/p>\n<p><a href=\"https:\/\/insektenliebe.com\/wp-content\/uploads\/2022\/10\/DOK_PRD_GA_87136-Online-GA-biOrb-EARTH-125-01.pdf\">DOK_PRD_GA_87136-Online-GA-biOrb-EARTH-125-01<\/a><\/p>\n<ul>\n<li>Komplettl\u00f6sung<\/li>\n<li>Einzigartig - l\u00e4sst alle anderen Terrarien altmodisch erscheinen<\/li>\n<li>Ansprechendes Design - geeignet f\u00fcr den Wohnraum und nicht f\u00fcr einen Hinterraum\/Garage\/Schuppen<\/li>\n<li>M\u00f6glichst naturnahe Bedingungen<\/li>\n<li>Ideal f\u00fcr Anf\u00e4nger bis Experten<\/li>\n<li>App steuerbar<\/li>\n<li>W\u00e4rmeverl\u00e4ufe - genau wie in der Natur<\/li>\n<li>Regend\u00fcsen zur Erzeugung von Feuchtigkeit<\/li>\n<li>Nebel f\u00fcr Luftfeuchtigkeit<\/li>\n<li>Ger\u00e4usche f\u00fcr mehr Realismus<\/li>\n<li>Kohlefilter zur Geruchsreduzierung<\/li>\n<li>Vollst\u00e4ndiges Lichtspektrum<\/li>\n<li>\u00d6ffnungen zur F\u00fctterung<\/li>\n<li>Trichter zum Nachf\u00fcllen von Wasser<\/li>\n<\/ul>\n<p><strong>Au\u00dfenma\u00df:\u00a0<\/strong>57,1 x 50,0 x 56,7 cm<strong><br \/>\n<\/strong><strong>Innenma\u00df:\u00a0<\/strong>50,0 x 50,0 x 50,0 cm<\/p>\n<p>&nbsp;<\/p>\n<p>Das ist nur ein kleiner Ausschnitt aus den vielen Vorteilen. Umfangreiche Details findest du bei der ausf\u00fchrlichen Produktinformation.<\/p>\n","protected":false},"excerpt":{"rendered":"<p>Entdecke das erste und einzige Terrarium, das so sch\u00f6n ist wie die Tiere, die darin gehalten werden. Bei traditionellen Terrarien ben\u00f6tigst du verschiedene Stecker, zum Beispiel f\u00fcr jedes Licht, f\u00fcr die Beregnungsanlage usw. biOrb EARTH 125 braucht nur einen Stecker und ein Kabel. Unansehnlicher Kabelsalat oder gr\u00e4ssliche Mehrfachsteckdosen sind verschwunden. An ihre Stelle tritt ein [&hellip;]<\/p>\n","protected":false},"featured_media":5453,"template":"","meta":{"_acf_changed":false},"product-supplier":[],"product_brand":[962],"product_cat":[130],"product_tag":[],"lce-checkout-addons":[],"class_list":{"0":"post-5408","1":"product","2":"type-product","3":"status-publish","4":"has-post-thumbnail","6":"product_brand-biorb","7":"product_cat-terrarien-behaelter","8":"product_shipping_class-equipment-shipping","10":"first","11":"instock","12":"sale","13":"taxable","14":"shipping-taxable","15":"purchasable","16":"product-type-simple"},"acf":[],"yoast_head":"<!-- This site is optimized with the Yoast SEO plugin v27.3 - https:\/\/yoast.com\/product\/yoast-seo-wordpress\/ -->\n<title>biOrb EARTH 125 - Insektenliebe<\/title>\n<meta name=\"description\" content=\"G\u00fcnstiges biOrb EARTH 125 direkt online kaufen. Einzigartiges Terrarium, das nach modernster Technologie entwickelt wurde. Versandkostenfrei!\" \/>\n<meta name=\"robots\" content=\"index, follow, max-snippet:-1, max-image-preview:large, max-video-preview:-1\" \/>\n<link rel=\"canonical\" href=\"https:\/\/insektenliebe.com\/de\/shop\/produkt\/biorb-earth-125\/\" \/>\n<meta property=\"og:locale\" content=\"de_DE\" \/>\n<meta property=\"og:type\" content=\"article\" \/>\n<meta property=\"og:title\" content=\"biOrb EARTH 125 - Insektenliebe\" \/>\n<meta property=\"og:description\" content=\"G\u00fcnstiges biOrb EARTH 125 direkt online kaufen. Einzigartiges Terrarium, das nach modernster Technologie entwickelt wurde. Versandkostenfrei!\" \/>\n<meta property=\"og:url\" content=\"https:\/\/insektenliebe.com\/de\/shop\/produkt\/biorb-earth-125\/\" \/>\n<meta property=\"og:site_name\" content=\"Insektenliebe\" \/>\n<meta property=\"article:modified_time\" content=\"2026-04-17T20:11:39+00:00\" \/>\n<meta property=\"og:image\" content=\"https:\/\/insektenliebe.com\/wp-content\/uploads\/2025\/05\/biOrb-EARTH-Schwarz-Regenwald-2.jpeg\" \/>\n\t<meta property=\"og:image:width\" content=\"700\" \/>\n\t<meta property=\"og:image:height\" content=\"650\" \/>\n\t<meta property=\"og:image:type\" content=\"image\/jpeg\" \/>\n<meta name=\"twitter:card\" content=\"summary_large_image\" \/>\n<meta name=\"twitter:label1\" content=\"Gesch\u00e4tzte Lesezeit\" \/>\n\t<meta name=\"twitter:data1\" content=\"2\u00a0Minuten\" \/>\n<script type=\"application\/ld+json\" class=\"yoast-schema-graph\">{\"@context\":\"https:\\\/\\\/schema.org\",\"@graph\":[{\"@type\":\"WebPage\",\"@id\":\"https:\\\/\\\/insektenliebe.com\\\/de\\\/shop\\\/produkt\\\/biorb-earth-125\\\/\",\"url\":\"https:\\\/\\\/insektenliebe.com\\\/de\\\/shop\\\/produkt\\\/biorb-earth-125\\\/\",\"name\":\"biOrb EARTH 125 - Insektenliebe\",\"isPartOf\":{\"@id\":\"https:\\\/\\\/insektenliebe.com\\\/de\\\/#website\"},\"primaryImageOfPage\":{\"@id\":\"https:\\\/\\\/insektenliebe.com\\\/de\\\/shop\\\/produkt\\\/biorb-earth-125\\\/#primaryimage\"},\"image\":{\"@id\":\"https:\\\/\\\/insektenliebe.com\\\/de\\\/shop\\\/produkt\\\/biorb-earth-125\\\/#primaryimage\"},\"thumbnailUrl\":\"https:\\\/\\\/insektenliebe.com\\\/wp-content\\\/uploads\\\/2025\\\/05\\\/biOrb-EARTH-Schwarz-Regenwald-2.jpeg\",\"datePublished\":\"2022-10-28T09:58:00+00:00\",\"dateModified\":\"2026-04-17T20:11:39+00:00\",\"description\":\"G\u00fcnstiges biOrb EARTH 125 direkt online kaufen. Einzigartiges Terrarium, das nach modernster Technologie entwickelt wurde. Versandkostenfrei!\",\"breadcrumb\":{\"@id\":\"https:\\\/\\\/insektenliebe.com\\\/de\\\/shop\\\/produkt\\\/biorb-earth-125\\\/#breadcrumb\"},\"inLanguage\":\"de\",\"potentialAction\":[{\"@type\":\"ReadAction\",\"target\":[\"https:\\\/\\\/insektenliebe.com\\\/de\\\/shop\\\/produkt\\\/biorb-earth-125\\\/\"]}]},{\"@type\":\"ImageObject\",\"inLanguage\":\"de\",\"@id\":\"https:\\\/\\\/insektenliebe.com\\\/de\\\/shop\\\/produkt\\\/biorb-earth-125\\\/#primaryimage\",\"url\":\"https:\\\/\\\/insektenliebe.com\\\/wp-content\\\/uploads\\\/2025\\\/05\\\/biOrb-EARTH-Schwarz-Regenwald-2.jpeg\",\"contentUrl\":\"https:\\\/\\\/insektenliebe.com\\\/wp-content\\\/uploads\\\/2025\\\/05\\\/biOrb-EARTH-Schwarz-Regenwald-2.jpeg\",\"width\":700,\"height\":650,\"caption\":\"biOrb-EARTH-Schwarz-Regenwald-2.jpeg\"},{\"@type\":\"BreadcrumbList\",\"@id\":\"https:\\\/\\\/insektenliebe.com\\\/de\\\/shop\\\/produkt\\\/biorb-earth-125\\\/#breadcrumb\",\"itemListElement\":[{\"@type\":\"ListItem\",\"position\":1,\"name\":\"Startseite\",\"item\":\"https:\\\/\\\/insektenliebe.com\\\/de\\\/\"},{\"@type\":\"ListItem\",\"position\":2,\"name\":\"Shop\",\"item\":\"https:\\\/\\\/insektenliebe.com\\\/de\\\/shop\\\/\"},{\"@type\":\"ListItem\",\"position\":3,\"name\":\"biOrb EARTH 125\"}]},{\"@type\":\"WebSite\",\"@id\":\"https:\\\/\\\/insektenliebe.com\\\/de\\\/#website\",\"url\":\"https:\\\/\\\/insektenliebe.com\\\/de\\\/\",\"name\":\"Insektenliebe\",\"description\":\"Dein Zuhause f\u00fcr die kleinen Lebewesen\",\"publisher\":{\"@id\":\"https:\\\/\\\/insektenliebe.com\\\/de\\\/#organization\"},\"potentialAction\":[{\"@type\":\"SearchAction\",\"target\":{\"@type\":\"EntryPoint\",\"urlTemplate\":\"https:\\\/\\\/insektenliebe.com\\\/de\\\/?s={search_term_string}\"},\"query-input\":{\"@type\":\"PropertyValueSpecification\",\"valueRequired\":true,\"valueName\":\"search_term_string\"}}],\"inLanguage\":\"de\"},{\"@type\":\"Organization\",\"@id\":\"https:\\\/\\\/insektenliebe.com\\\/de\\\/#organization\",\"name\":\"Insektenliebe\",\"url\":\"https:\\\/\\\/insektenliebe.com\\\/de\\\/\",\"logo\":{\"@type\":\"ImageObject\",\"inLanguage\":\"de\",\"@id\":\"https:\\\/\\\/insektenliebe.com\\\/de\\\/#\\\/schema\\\/logo\\\/image\\\/\",\"url\":\"https:\\\/\\\/insektenliebe.com\\\/wp-content\\\/uploads\\\/2025\\\/03\\\/logo-white.png\",\"contentUrl\":\"https:\\\/\\\/insektenliebe.com\\\/wp-content\\\/uploads\\\/2025\\\/03\\\/logo-white.png\",\"width\":288,\"height\":188,\"caption\":\"Insektenliebe\"},\"image\":{\"@id\":\"https:\\\/\\\/insektenliebe.com\\\/de\\\/#\\\/schema\\\/logo\\\/image\\\/\"}}]}<\/script>\n<!-- \/ Yoast SEO plugin. -->","yoast_head_json":{"title":"biOrb EARTH 125 - Insektenliebe","description":"G\u00fcnstiges biOrb EARTH 125 direkt online kaufen. Einzigartiges Terrarium, das nach modernster Technologie entwickelt wurde. Versandkostenfrei!","robots":{"index":"index","follow":"follow","max-snippet":"max-snippet:-1","max-image-preview":"max-image-preview:large","max-video-preview":"max-video-preview:-1"},"canonical":"https:\/\/insektenliebe.com\/de\/shop\/produkt\/biorb-earth-125\/","og_locale":"de_DE","og_type":"article","og_title":"biOrb EARTH 125 - Insektenliebe","og_description":"G\u00fcnstiges biOrb EARTH 125 direkt online kaufen. Einzigartiges Terrarium, das nach modernster Technologie entwickelt wurde. Versandkostenfrei!","og_url":"https:\/\/insektenliebe.com\/de\/shop\/produkt\/biorb-earth-125\/","og_site_name":"Insektenliebe","article_modified_time":"2026-04-17T20:11:39+00:00","og_image":[{"width":700,"height":650,"url":"https:\/\/insektenliebe.com\/wp-content\/uploads\/2025\/05\/biOrb-EARTH-Schwarz-Regenwald-2.jpeg","type":"image\/jpeg"}],"twitter_card":"summary_large_image","twitter_misc":{"Gesch\u00e4tzte Lesezeit":"2\u00a0Minuten"},"schema":{"@context":"https:\/\/schema.org","@graph":[{"@type":"WebPage","@id":"https:\/\/insektenliebe.com\/de\/shop\/produkt\/biorb-earth-125\/","url":"https:\/\/insektenliebe.com\/de\/shop\/produkt\/biorb-earth-125\/","name":"biOrb EARTH 125 - Insektenliebe","isPartOf":{"@id":"https:\/\/insektenliebe.com\/de\/#website"},"primaryImageOfPage":{"@id":"https:\/\/insektenliebe.com\/de\/shop\/produkt\/biorb-earth-125\/#primaryimage"},"image":{"@id":"https:\/\/insektenliebe.com\/de\/shop\/produkt\/biorb-earth-125\/#primaryimage"},"thumbnailUrl":"https:\/\/insektenliebe.com\/wp-content\/uploads\/2025\/05\/biOrb-EARTH-Schwarz-Regenwald-2.jpeg","datePublished":"2022-10-28T09:58:00+00:00","dateModified":"2026-04-17T20:11:39+00:00","description":"G\u00fcnstiges biOrb EARTH 125 direkt online kaufen. Einzigartiges Terrarium, das nach modernster Technologie entwickelt wurde. Versandkostenfrei!","breadcrumb":{"@id":"https:\/\/insektenliebe.com\/de\/shop\/produkt\/biorb-earth-125\/#breadcrumb"},"inLanguage":"de","potentialAction":[{"@type":"ReadAction","target":["https:\/\/insektenliebe.com\/de\/shop\/produkt\/biorb-earth-125\/"]}]},{"@type":"ImageObject","inLanguage":"de","@id":"https:\/\/insektenliebe.com\/de\/shop\/produkt\/biorb-earth-125\/#primaryimage","url":"https:\/\/insektenliebe.com\/wp-content\/uploads\/2025\/05\/biOrb-EARTH-Schwarz-Regenwald-2.jpeg","contentUrl":"https:\/\/insektenliebe.com\/wp-content\/uploads\/2025\/05\/biOrb-EARTH-Schwarz-Regenwald-2.jpeg","width":700,"height":650,"caption":"biOrb-EARTH-Schwarz-Regenwald-2.jpeg"},{"@type":"BreadcrumbList","@id":"https:\/\/insektenliebe.com\/de\/shop\/produkt\/biorb-earth-125\/#breadcrumb","itemListElement":[{"@type":"ListItem","position":1,"name":"Startseite","item":"https:\/\/insektenliebe.com\/de\/"},{"@type":"ListItem","position":2,"name":"Shop","item":"https:\/\/insektenliebe.com\/de\/shop\/"},{"@type":"ListItem","position":3,"name":"biOrb EARTH 125"}]},{"@type":"WebSite","@id":"https:\/\/insektenliebe.com\/de\/#website","url":"https:\/\/insektenliebe.com\/de\/","name":"Insektenliebe","description":"Dein Zuhause f\u00fcr die kleinen Lebewesen","publisher":{"@id":"https:\/\/insektenliebe.com\/de\/#organization"},"potentialAction":[{"@type":"SearchAction","target":{"@type":"EntryPoint","urlTemplate":"https:\/\/insektenliebe.com\/de\/?s={search_term_string}"},"query-input":{"@type":"PropertyValueSpecification","valueRequired":true,"valueName":"search_term_string"}}],"inLanguage":"de"},{"@type":"Organization","@id":"https:\/\/insektenliebe.com\/de\/#organization","name":"Insektenliebe","url":"https:\/\/insektenliebe.com\/de\/","logo":{"@type":"ImageObject","inLanguage":"de","@id":"https:\/\/insektenliebe.com\/de\/#\/schema\/logo\/image\/","url":"https:\/\/insektenliebe.com\/wp-content\/uploads\/2025\/03\/logo-white.png","contentUrl":"https:\/\/insektenliebe.com\/wp-content\/uploads\/2025\/03\/logo-white.png","width":288,"height":188,"caption":"Insektenliebe"},"image":{"@id":"https:\/\/insektenliebe.com\/de\/#\/schema\/logo\/image\/"}}]}},"_links":{"self":[{"href":"https:\/\/insektenliebe.com\/de\/wp-json\/wp\/v2\/product\/5408","targetHints":{"allow":["GET"]}}],"collection":[{"href":"https:\/\/insektenliebe.com\/de\/wp-json\/wp\/v2\/product"}],"about":[{"href":"https:\/\/insektenliebe.com\/de\/wp-json\/wp\/v2\/types\/product"}],"wp:featuredmedia":[{"embeddable":true,"href":"https:\/\/insektenliebe.com\/de\/wp-json\/wp\/v2\/media\/5453"}],"wp:attachment":[{"href":"https:\/\/insektenliebe.com\/de\/wp-json\/wp\/v2\/media?parent=5408"}],"wp:term":[{"taxonomy":"product-supplier","embeddable":true,"href":"https:\/\/insektenliebe.com\/de\/wp-json\/wp\/v2\/product-supplier?post=5408"},{"taxonomy":"product_brand","embeddable":true,"href":"https:\/\/insektenliebe.com\/de\/wp-json\/wp\/v2\/product_brand?post=5408"},{"taxonomy":"product_cat","embeddable":true,"href":"https:\/\/insektenliebe.com\/de\/wp-json\/wp\/v2\/product_cat?post=5408"},{"taxonomy":"product_tag","embeddable":true,"href":"https:\/\/insektenliebe.com\/de\/wp-json\/wp\/v2\/product_tag?post=5408"},{"taxonomy":"lce-checkout-addons","embeddable":true,"href":"https:\/\/insektenliebe.com\/de\/wp-json\/wp\/v2\/lce-checkout-addons?post=5408"}],"curies":[{"name":"wp","href":"https:\/\/api.w.org\/{rel}","templated":true}]}}