{"id":5407,"date":"2022-10-27T13:06:00","date_gmt":"2022-10-27T11:06:00","guid":{"rendered":"http:\/\/localhost\/ins-test\/?post_type=product&#038;p=5407"},"modified":"2026-03-05T19:05:08","modified_gmt":"2026-03-05T18:05:08","slug":"entdecke-die-spinnen","status":"publish","type":"product","link":"https:\/\/insektenliebe.com\/de\/shop\/produkt\/entdecke-die-spinnen\/","title":{"rendered":"Entdecke die Spinnen"},"content":{"rendered":"<div id=\"hikashop_product_bottom_part\" class=\"hikashop_product_bottom_part\">\n<div id=\"hikashop_product_description_main\" class=\"hikashop_product_description_main\">\n<p>Keine andere Tiergruppe zeigt so vielf\u00e4ltige und faszinierende Verhaltensweisen wie die Spinnen. Ihre raffinierten Jagdstrategien und ihre unglaublichen F\u00e4higkeiten werden auch Dich in ihren Bann ziehen! In dieser v\u00f6llig neu und spektakul\u00e4r gestalteten\u00a0<strong>Neuauflage<\/strong> erf\u00e4hrst Du \u00fcber 64 Seiten alles rund um die beeindruckenden Tiere und ihre spannende Lebensweise: Eine aufregende und kurzweilige Entdeckungsreise durch die Welt der Spinnen die auch sehr gut f\u00fcr Kinder und Jugendliche geeignet ist!<\/p>\n<p><b>Aus dem Inhalt:<\/b><\/p>\n<ul>\n<li>K\u00f6rperbau: so funktionieren Spinnen<\/li>\n<li>Die Supersinne der Spinnen<\/li>\n<li>Wie Spinnen jagen und fressen<\/li>\n<li>Das Spinnennetz: woraus es besteht und wie es funktioniert<\/li>\n<li>Einzelg\u00e4nger und Gemeinschaftswesen<\/li>\n<li>Giftspinnen<\/li>\n<li>Fliegende Spinnen<\/li>\n<li>Rekorde und Au\u00dfergew\u00f6hnliches<\/li>\n<li><strong>Extra:\u00a0<\/strong>Spinnen beobachten; mit spannenden Experimenten<\/li>\n<li><strong>Extra:\u00a0<\/strong>Gro\u00dfes Spinnen-Quiz<\/li>\n<\/ul>\n<p><strong>\u00dcber den Autor:<\/strong><\/p>\n<p>Kriton Kunz liebt Spinnen seit seiner Kindheit. Er beobachtet und fotografiert sie in der Natur und erforscht ihre Lebensweise. Bei Besuchen in Kinderg\u00e4rten und Schulen bringt er Kindern diese wundervollen Tiere n\u00e4her.<\/p>\n<\/div>\n<\/div>\n","protected":false},"excerpt":{"rendered":"<p>Keine andere Tiergruppe zeigt so vielf\u00e4ltige und faszinierende Verhaltensweisen wie die Spinnen. Ihre raffinierten Jagdstrategien und ihre unglaublichen F\u00e4higkeiten werden auch Dich in ihren Bann ziehen! In dieser v\u00f6llig neu und spektakul\u00e4r gestalteten\u00a0Neuauflage erf\u00e4hrst Du \u00fcber 64 Seiten alles rund um die beeindruckenden Tiere und ihre spannende Lebensweise: Eine aufregende und kurzweilige Entdeckungsreise durch die [&hellip;]<\/p>\n","protected":false},"featured_media":5451,"template":"","meta":{"_acf_changed":false},"product-supplier":[],"product_brand":[],"product_cat":[183],"product_tag":[],"lce-checkout-addons":[],"class_list":{"0":"post-5407","1":"product","2":"type-product","3":"status-publish","4":"has-post-thumbnail","6":"product_cat-merchandising-literatur","7":"product_shipping_class-equipment-shipping","9":"first","10":"instock","11":"taxable","12":"shipping-taxable","13":"purchasable","14":"product-type-simple"},"acf":[],"yoast_head":"<!-- This site is optimized with the Yoast SEO plugin v27.3 - https:\/\/yoast.com\/product\/yoast-seo-wordpress\/ -->\n<title>Entdecke die Spinnen - Insektenliebe<\/title>\n<meta name=\"description\" content=\"Hier k\u00f6nnen sie das Buch Entdecke die Spinnen direkt online kaufen. Das Buch ist auch f\u00fcr Kinder und Jugendliche geeignet.\" \/>\n<meta name=\"robots\" content=\"index, follow, max-snippet:-1, max-image-preview:large, max-video-preview:-1\" \/>\n<link rel=\"canonical\" href=\"https:\/\/insektenliebe.com\/de\/shop\/produkt\/entdecke-die-spinnen\/\" \/>\n<meta property=\"og:locale\" content=\"de_DE\" \/>\n<meta property=\"og:type\" content=\"article\" \/>\n<meta property=\"og:title\" content=\"Entdecke die Spinnen - Insektenliebe\" \/>\n<meta property=\"og:description\" content=\"Hier k\u00f6nnen sie das Buch Entdecke die Spinnen direkt online kaufen. Das Buch ist auch f\u00fcr Kinder und Jugendliche geeignet.\" \/>\n<meta property=\"og:url\" content=\"https:\/\/insektenliebe.com\/de\/shop\/produkt\/entdecke-die-spinnen\/\" \/>\n<meta property=\"og:site_name\" content=\"Insektenliebe\" \/>\n<meta property=\"article:modified_time\" content=\"2026-03-05T18:05:08+00:00\" \/>\n<meta property=\"og:image\" content=\"https:\/\/insektenliebe.com\/wp-content\/uploads\/2025\/05\/Entdecke-die-Spinnen-COVER-2.jpg\" \/>\n\t<meta property=\"og:image:width\" content=\"820\" \/>\n\t<meta property=\"og:image:height\" content=\"820\" \/>\n\t<meta property=\"og:image:type\" content=\"image\/jpeg\" \/>\n<meta name=\"twitter:card\" content=\"summary_large_image\" \/>\n<meta name=\"twitter:label1\" content=\"Gesch\u00e4tzte Lesezeit\" \/>\n\t<meta name=\"twitter:data1\" content=\"2\u00a0Minuten\" \/>\n<script type=\"application\/ld+json\" class=\"yoast-schema-graph\">{\"@context\":\"https:\\\/\\\/schema.org\",\"@graph\":[{\"@type\":\"WebPage\",\"@id\":\"https:\\\/\\\/insektenliebe.com\\\/de\\\/shop\\\/produkt\\\/entdecke-die-spinnen\\\/\",\"url\":\"https:\\\/\\\/insektenliebe.com\\\/de\\\/shop\\\/produkt\\\/entdecke-die-spinnen\\\/\",\"name\":\"Entdecke die Spinnen - Insektenliebe\",\"isPartOf\":{\"@id\":\"https:\\\/\\\/insektenliebe.com\\\/de\\\/#website\"},\"primaryImageOfPage\":{\"@id\":\"https:\\\/\\\/insektenliebe.com\\\/de\\\/shop\\\/produkt\\\/entdecke-die-spinnen\\\/#primaryimage\"},\"image\":{\"@id\":\"https:\\\/\\\/insektenliebe.com\\\/de\\\/shop\\\/produkt\\\/entdecke-die-spinnen\\\/#primaryimage\"},\"thumbnailUrl\":\"https:\\\/\\\/insektenliebe.com\\\/wp-content\\\/uploads\\\/2025\\\/05\\\/Entdecke-die-Spinnen-COVER-2.jpg\",\"datePublished\":\"2022-10-27T11:06:00+00:00\",\"dateModified\":\"2026-03-05T18:05:08+00:00\",\"description\":\"Hier k\u00f6nnen sie das Buch Entdecke die Spinnen direkt online kaufen. Das Buch ist auch f\u00fcr Kinder und Jugendliche geeignet.\",\"breadcrumb\":{\"@id\":\"https:\\\/\\\/insektenliebe.com\\\/de\\\/shop\\\/produkt\\\/entdecke-die-spinnen\\\/#breadcrumb\"},\"inLanguage\":\"de\",\"potentialAction\":[{\"@type\":\"ReadAction\",\"target\":[\"https:\\\/\\\/insektenliebe.com\\\/de\\\/shop\\\/produkt\\\/entdecke-die-spinnen\\\/\"]}]},{\"@type\":\"ImageObject\",\"inLanguage\":\"de\",\"@id\":\"https:\\\/\\\/insektenliebe.com\\\/de\\\/shop\\\/produkt\\\/entdecke-die-spinnen\\\/#primaryimage\",\"url\":\"https:\\\/\\\/insektenliebe.com\\\/wp-content\\\/uploads\\\/2025\\\/05\\\/Entdecke-die-Spinnen-COVER-2.jpg\",\"contentUrl\":\"https:\\\/\\\/insektenliebe.com\\\/wp-content\\\/uploads\\\/2025\\\/05\\\/Entdecke-die-Spinnen-COVER-2.jpg\",\"width\":820,\"height\":820,\"caption\":\"Entdecke-die-Spinnen-COVER-2.jpg\"},{\"@type\":\"BreadcrumbList\",\"@id\":\"https:\\\/\\\/insektenliebe.com\\\/de\\\/shop\\\/produkt\\\/entdecke-die-spinnen\\\/#breadcrumb\",\"itemListElement\":[{\"@type\":\"ListItem\",\"position\":1,\"name\":\"Startseite\",\"item\":\"https:\\\/\\\/insektenliebe.com\\\/de\\\/\"},{\"@type\":\"ListItem\",\"position\":2,\"name\":\"Shop\",\"item\":\"https:\\\/\\\/insektenliebe.com\\\/de\\\/shop\\\/\"},{\"@type\":\"ListItem\",\"position\":3,\"name\":\"Entdecke die Spinnen\"}]},{\"@type\":\"WebSite\",\"@id\":\"https:\\\/\\\/insektenliebe.com\\\/de\\\/#website\",\"url\":\"https:\\\/\\\/insektenliebe.com\\\/de\\\/\",\"name\":\"Insektenliebe\",\"description\":\"Dein Zuhause f\u00fcr die kleinen Lebewesen\",\"publisher\":{\"@id\":\"https:\\\/\\\/insektenliebe.com\\\/de\\\/#organization\"},\"potentialAction\":[{\"@type\":\"SearchAction\",\"target\":{\"@type\":\"EntryPoint\",\"urlTemplate\":\"https:\\\/\\\/insektenliebe.com\\\/de\\\/?s={search_term_string}\"},\"query-input\":{\"@type\":\"PropertyValueSpecification\",\"valueRequired\":true,\"valueName\":\"search_term_string\"}}],\"inLanguage\":\"de\"},{\"@type\":\"Organization\",\"@id\":\"https:\\\/\\\/insektenliebe.com\\\/de\\\/#organization\",\"name\":\"Insektenliebe\",\"url\":\"https:\\\/\\\/insektenliebe.com\\\/de\\\/\",\"logo\":{\"@type\":\"ImageObject\",\"inLanguage\":\"de\",\"@id\":\"https:\\\/\\\/insektenliebe.com\\\/de\\\/#\\\/schema\\\/logo\\\/image\\\/\",\"url\":\"https:\\\/\\\/insektenliebe.com\\\/wp-content\\\/uploads\\\/2025\\\/03\\\/logo-white.png\",\"contentUrl\":\"https:\\\/\\\/insektenliebe.com\\\/wp-content\\\/uploads\\\/2025\\\/03\\\/logo-white.png\",\"width\":288,\"height\":188,\"caption\":\"Insektenliebe\"},\"image\":{\"@id\":\"https:\\\/\\\/insektenliebe.com\\\/de\\\/#\\\/schema\\\/logo\\\/image\\\/\"}}]}<\/script>\n<!-- \/ Yoast SEO plugin. -->","yoast_head_json":{"title":"Entdecke die Spinnen - Insektenliebe","description":"Hier k\u00f6nnen sie das Buch Entdecke die Spinnen direkt online kaufen. Das Buch ist auch f\u00fcr Kinder und Jugendliche geeignet.","robots":{"index":"index","follow":"follow","max-snippet":"max-snippet:-1","max-image-preview":"max-image-preview:large","max-video-preview":"max-video-preview:-1"},"canonical":"https:\/\/insektenliebe.com\/de\/shop\/produkt\/entdecke-die-spinnen\/","og_locale":"de_DE","og_type":"article","og_title":"Entdecke die Spinnen - Insektenliebe","og_description":"Hier k\u00f6nnen sie das Buch Entdecke die Spinnen direkt online kaufen. Das Buch ist auch f\u00fcr Kinder und Jugendliche geeignet.","og_url":"https:\/\/insektenliebe.com\/de\/shop\/produkt\/entdecke-die-spinnen\/","og_site_name":"Insektenliebe","article_modified_time":"2026-03-05T18:05:08+00:00","og_image":[{"width":820,"height":820,"url":"https:\/\/insektenliebe.com\/wp-content\/uploads\/2025\/05\/Entdecke-die-Spinnen-COVER-2.jpg","type":"image\/jpeg"}],"twitter_card":"summary_large_image","twitter_misc":{"Gesch\u00e4tzte Lesezeit":"2\u00a0Minuten"},"schema":{"@context":"https:\/\/schema.org","@graph":[{"@type":"WebPage","@id":"https:\/\/insektenliebe.com\/de\/shop\/produkt\/entdecke-die-spinnen\/","url":"https:\/\/insektenliebe.com\/de\/shop\/produkt\/entdecke-die-spinnen\/","name":"Entdecke die Spinnen - Insektenliebe","isPartOf":{"@id":"https:\/\/insektenliebe.com\/de\/#website"},"primaryImageOfPage":{"@id":"https:\/\/insektenliebe.com\/de\/shop\/produkt\/entdecke-die-spinnen\/#primaryimage"},"image":{"@id":"https:\/\/insektenliebe.com\/de\/shop\/produkt\/entdecke-die-spinnen\/#primaryimage"},"thumbnailUrl":"https:\/\/insektenliebe.com\/wp-content\/uploads\/2025\/05\/Entdecke-die-Spinnen-COVER-2.jpg","datePublished":"2022-10-27T11:06:00+00:00","dateModified":"2026-03-05T18:05:08+00:00","description":"Hier k\u00f6nnen sie das Buch Entdecke die Spinnen direkt online kaufen. Das Buch ist auch f\u00fcr Kinder und Jugendliche geeignet.","breadcrumb":{"@id":"https:\/\/insektenliebe.com\/de\/shop\/produkt\/entdecke-die-spinnen\/#breadcrumb"},"inLanguage":"de","potentialAction":[{"@type":"ReadAction","target":["https:\/\/insektenliebe.com\/de\/shop\/produkt\/entdecke-die-spinnen\/"]}]},{"@type":"ImageObject","inLanguage":"de","@id":"https:\/\/insektenliebe.com\/de\/shop\/produkt\/entdecke-die-spinnen\/#primaryimage","url":"https:\/\/insektenliebe.com\/wp-content\/uploads\/2025\/05\/Entdecke-die-Spinnen-COVER-2.jpg","contentUrl":"https:\/\/insektenliebe.com\/wp-content\/uploads\/2025\/05\/Entdecke-die-Spinnen-COVER-2.jpg","width":820,"height":820,"caption":"Entdecke-die-Spinnen-COVER-2.jpg"},{"@type":"BreadcrumbList","@id":"https:\/\/insektenliebe.com\/de\/shop\/produkt\/entdecke-die-spinnen\/#breadcrumb","itemListElement":[{"@type":"ListItem","position":1,"name":"Startseite","item":"https:\/\/insektenliebe.com\/de\/"},{"@type":"ListItem","position":2,"name":"Shop","item":"https:\/\/insektenliebe.com\/de\/shop\/"},{"@type":"ListItem","position":3,"name":"Entdecke die Spinnen"}]},{"@type":"WebSite","@id":"https:\/\/insektenliebe.com\/de\/#website","url":"https:\/\/insektenliebe.com\/de\/","name":"Insektenliebe","description":"Dein Zuhause f\u00fcr die kleinen Lebewesen","publisher":{"@id":"https:\/\/insektenliebe.com\/de\/#organization"},"potentialAction":[{"@type":"SearchAction","target":{"@type":"EntryPoint","urlTemplate":"https:\/\/insektenliebe.com\/de\/?s={search_term_string}"},"query-input":{"@type":"PropertyValueSpecification","valueRequired":true,"valueName":"search_term_string"}}],"inLanguage":"de"},{"@type":"Organization","@id":"https:\/\/insektenliebe.com\/de\/#organization","name":"Insektenliebe","url":"https:\/\/insektenliebe.com\/de\/","logo":{"@type":"ImageObject","inLanguage":"de","@id":"https:\/\/insektenliebe.com\/de\/#\/schema\/logo\/image\/","url":"https:\/\/insektenliebe.com\/wp-content\/uploads\/2025\/03\/logo-white.png","contentUrl":"https:\/\/insektenliebe.com\/wp-content\/uploads\/2025\/03\/logo-white.png","width":288,"height":188,"caption":"Insektenliebe"},"image":{"@id":"https:\/\/insektenliebe.com\/de\/#\/schema\/logo\/image\/"}}]}},"_links":{"self":[{"href":"https:\/\/insektenliebe.com\/de\/wp-json\/wp\/v2\/product\/5407","targetHints":{"allow":["GET"]}}],"collection":[{"href":"https:\/\/insektenliebe.com\/de\/wp-json\/wp\/v2\/product"}],"about":[{"href":"https:\/\/insektenliebe.com\/de\/wp-json\/wp\/v2\/types\/product"}],"wp:featuredmedia":[{"embeddable":true,"href":"https:\/\/insektenliebe.com\/de\/wp-json\/wp\/v2\/media\/5451"}],"wp:attachment":[{"href":"https:\/\/insektenliebe.com\/de\/wp-json\/wp\/v2\/media?parent=5407"}],"wp:term":[{"taxonomy":"product-supplier","embeddable":true,"href":"https:\/\/insektenliebe.com\/de\/wp-json\/wp\/v2\/product-supplier?post=5407"},{"taxonomy":"product_brand","embeddable":true,"href":"https:\/\/insektenliebe.com\/de\/wp-json\/wp\/v2\/product_brand?post=5407"},{"taxonomy":"product_cat","embeddable":true,"href":"https:\/\/insektenliebe.com\/de\/wp-json\/wp\/v2\/product_cat?post=5407"},{"taxonomy":"product_tag","embeddable":true,"href":"https:\/\/insektenliebe.com\/de\/wp-json\/wp\/v2\/product_tag?post=5407"},{"taxonomy":"lce-checkout-addons","embeddable":true,"href":"https:\/\/insektenliebe.com\/de\/wp-json\/wp\/v2\/lce-checkout-addons?post=5407"}],"curies":[{"name":"wp","href":"https:\/\/api.w.org\/{rel}","templated":true}]}}