{"id":5406,"date":"2022-10-27T09:32:57","date_gmt":"2022-10-27T07:32:57","guid":{"rendered":"http:\/\/localhost\/ins-test\/?post_type=product&#038;p=5406"},"modified":"2026-02-10T20:42:07","modified_gmt":"2026-02-10T19:42:07","slug":"riesenvogelspinnen-theraphosa-blondi-theraphosa-apophysis","status":"publish","type":"product","link":"https:\/\/insektenliebe.com\/de\/shop\/produkt\/riesenvogelspinnen-theraphosa-blondi-theraphosa-apophysis\/","title":{"rendered":"Riesenvogelspinnen: Theraphosa blondi &amp; Theraphosa apophysis"},"content":{"rendered":"<div id=\"hikashop_product_bottom_part\" class=\"hikashop_product_bottom_part\">\n<div id=\"hikashop_product_description_main\" class=\"hikashop_product_description_main\">\n<p>Riesenvogelspinnen\u00a0sind die typischen, d\u00fcsteren Vogelspinnen der Filmbranche schlechthin. Dass aber die Vogelspinnen der Gattung Theraphosa\u00a0dieses Image zu Unrecht haben und es sich bei ihnen um sehr interessante Terrarientiere handelt, m\u00f6chte\u00a0Boris F. Striffler\u00a0mit diesem Buch zeigen. Ein weiteres Anliegen ist es dem Autor, darzulegen, dass Theraphosa keineswegs nur dem erfahrenen Halter vorbehalten sein muss. Auch dem Anf\u00e4nger sind diese Spinnen bei Beachtung einiger wichtiger Grunds\u00e4tze sehr dankbare Pfleglinge.<\/p>\n<p><strong>Aus dem Inhalt:<\/strong><\/p>\n<ul>\n<li>Systematik und K\u00f6rperbau<\/li>\n<li>Die faszinierende Biologie: Aus dem Leben der Riesenvogelspinnen<\/li>\n<li>Alle Informationen zur artgerechten Haltung \u00fcber 61 Seiten: Vom geeigneten Terrarium \u00fcber Einrichtung und Technik bis hin zur F\u00fctterung<\/li>\n<li>Erfolgreich nachz\u00fcchten: Paarungsstimulation, verschiedene Methoden zur Eizeitigung und Aufzucht der Jungtiere<\/li>\n<li>Probleml\u00f6sungen: Wie man die h\u00e4ufigsten Fehler bei der Pflege vermeidet, und wie man kranken Tieren helfen kann<\/li>\n<li>Brillante Fotos<\/li>\n<\/ul>\n<\/div>\n<\/div>\n","protected":false},"excerpt":{"rendered":"<p>Riesenvogelspinnen\u00a0sind die typischen, d\u00fcsteren Vogelspinnen der Filmbranche schlechthin. Dass aber die Vogelspinnen der Gattung Theraphosa\u00a0dieses Image zu Unrecht haben und es sich bei ihnen um sehr interessante Terrarientiere handelt, m\u00f6chte\u00a0Boris F. Striffler\u00a0mit diesem Buch zeigen. Ein weiteres Anliegen ist es dem Autor, darzulegen, dass Theraphosa keineswegs nur dem erfahrenen Halter vorbehalten sein muss. Auch dem [&hellip;]<\/p>\n","protected":false},"featured_media":5449,"template":"","meta":{"_acf_changed":false},"product-supplier":[],"product_brand":[],"product_cat":[183],"product_tag":[],"lce-checkout-addons":[],"class_list":{"0":"post-5406","1":"product","2":"type-product","3":"status-publish","4":"has-post-thumbnail","6":"product_cat-merchandising-literatur","7":"product_shipping_class-equipment-shipping","9":"first","10":"instock","11":"taxable","12":"shipping-taxable","13":"purchasable","14":"product-type-simple"},"acf":[],"yoast_head":"<!-- This site is optimized with the Yoast SEO Premium plugin v26.8 (Yoast SEO v27.3) - https:\/\/yoast.com\/product\/yoast-seo-premium-wordpress\/ -->\n<title>Riesenvogelspinnen: Theraphosa blondi &amp; Theraphosa apophysis - Insektenliebe<\/title>\n<meta name=\"description\" content=\"Hier k\u00f6nnen sie das Buch Riesenvogelspinnen: Theraphosa blondi &amp; Theraphosa apophysis direkt online kaufen.\" \/>\n<meta name=\"robots\" content=\"index, follow, max-snippet:-1, max-image-preview:large, max-video-preview:-1\" \/>\n<link rel=\"canonical\" href=\"https:\/\/insektenliebe.com\/de\/shop\/produkt\/riesenvogelspinnen-theraphosa-blondi-theraphosa-apophysis\/\" \/>\n<meta property=\"og:locale\" content=\"de_DE\" \/>\n<meta property=\"og:type\" content=\"article\" \/>\n<meta property=\"og:title\" content=\"Riesenvogelspinnen: Theraphosa blondi &amp; Theraphosa apophysis\" \/>\n<meta property=\"og:description\" content=\"Hier k\u00f6nnen sie das Buch Riesenvogelspinnen: Theraphosa blondi &amp; Theraphosa apophysis direkt online kaufen.\" \/>\n<meta property=\"og:url\" content=\"https:\/\/insektenliebe.com\/de\/shop\/produkt\/riesenvogelspinnen-theraphosa-blondi-theraphosa-apophysis\/\" \/>\n<meta property=\"og:site_name\" content=\"Insektenliebe\" \/>\n<meta property=\"article:modified_time\" content=\"2026-02-10T19:42:07+00:00\" \/>\n<meta property=\"og:image\" content=\"https:\/\/insektenliebe.com\/wp-content\/uploads\/2025\/05\/Riesenvogelspinnen-Theraphosa-blondi-Theraphosa-apophysis-COVER-2.jpg\" \/>\n\t<meta property=\"og:image:width\" content=\"820\" \/>\n\t<meta property=\"og:image:height\" content=\"820\" \/>\n\t<meta property=\"og:image:type\" content=\"image\/jpeg\" \/>\n<meta name=\"twitter:card\" content=\"summary_large_image\" \/>\n<meta name=\"twitter:label1\" content=\"Preis\" \/>\n\t<meta name=\"twitter:data1\" content=\"16,80&nbsp;&euro; inkl. MwSt. zzgl. Versand\" \/>\n\t<meta name=\"twitter:label2\" content=\"Verf\u00fcgbarkeit\" \/>\n\t<meta name=\"twitter:data2\" content=\"Auf Lager\" \/>\n<script type=\"application\/ld+json\" class=\"yoast-schema-graph\">{\"@context\":\"https:\\\/\\\/schema.org\",\"@graph\":[{\"@type\":\"WebPage\",\"@id\":\"https:\\\/\\\/insektenliebe.com\\\/de\\\/shop\\\/produkt\\\/riesenvogelspinnen-theraphosa-blondi-theraphosa-apophysis\\\/\",\"url\":\"https:\\\/\\\/insektenliebe.com\\\/de\\\/shop\\\/produkt\\\/riesenvogelspinnen-theraphosa-blondi-theraphosa-apophysis\\\/\",\"name\":\"Riesenvogelspinnen: Theraphosa blondi &amp; Theraphosa apophysis - Insektenliebe\",\"isPartOf\":{\"@id\":\"https:\\\/\\\/insektenliebe.com\\\/de\\\/#website\"},\"primaryImageOfPage\":{\"@id\":\"https:\\\/\\\/insektenliebe.com\\\/de\\\/shop\\\/produkt\\\/riesenvogelspinnen-theraphosa-blondi-theraphosa-apophysis\\\/#primaryimage\"},\"image\":{\"@id\":\"https:\\\/\\\/insektenliebe.com\\\/de\\\/shop\\\/produkt\\\/riesenvogelspinnen-theraphosa-blondi-theraphosa-apophysis\\\/#primaryimage\"},\"thumbnailUrl\":\"https:\\\/\\\/insektenliebe.com\\\/wp-content\\\/uploads\\\/2025\\\/05\\\/Riesenvogelspinnen-Theraphosa-blondi-Theraphosa-apophysis-COVER-2.jpg\",\"datePublished\":\"2022-10-27T07:32:57+00:00\",\"dateModified\":\"2026-02-10T19:42:07+00:00\",\"description\":\"Hier k\u00f6nnen sie das Buch Riesenvogelspinnen: Theraphosa blondi & Theraphosa apophysis direkt online kaufen.\",\"breadcrumb\":{\"@id\":\"https:\\\/\\\/insektenliebe.com\\\/de\\\/shop\\\/produkt\\\/riesenvogelspinnen-theraphosa-blondi-theraphosa-apophysis\\\/#breadcrumb\"},\"inLanguage\":\"de\",\"potentialAction\":[{\"@type\":\"ReadAction\",\"target\":[\"https:\\\/\\\/insektenliebe.com\\\/de\\\/shop\\\/produkt\\\/riesenvogelspinnen-theraphosa-blondi-theraphosa-apophysis\\\/\"]}]},{\"@type\":\"ImageObject\",\"inLanguage\":\"de\",\"@id\":\"https:\\\/\\\/insektenliebe.com\\\/de\\\/shop\\\/produkt\\\/riesenvogelspinnen-theraphosa-blondi-theraphosa-apophysis\\\/#primaryimage\",\"url\":\"https:\\\/\\\/insektenliebe.com\\\/wp-content\\\/uploads\\\/2025\\\/05\\\/Riesenvogelspinnen-Theraphosa-blondi-Theraphosa-apophysis-COVER-2.jpg\",\"contentUrl\":\"https:\\\/\\\/insektenliebe.com\\\/wp-content\\\/uploads\\\/2025\\\/05\\\/Riesenvogelspinnen-Theraphosa-blondi-Theraphosa-apophysis-COVER-2.jpg\",\"width\":820,\"height\":820,\"caption\":\"Riesenvogelspinnen-Theraphosa-blondi-Theraphosa-apophysis-COVER-2.jpg\"},{\"@type\":\"BreadcrumbList\",\"@id\":\"https:\\\/\\\/insektenliebe.com\\\/de\\\/shop\\\/produkt\\\/riesenvogelspinnen-theraphosa-blondi-theraphosa-apophysis\\\/#breadcrumb\",\"itemListElement\":[{\"@type\":\"ListItem\",\"position\":1,\"name\":\"Startseite\",\"item\":\"https:\\\/\\\/insektenliebe.com\\\/de\\\/\"},{\"@type\":\"ListItem\",\"position\":2,\"name\":\"Shop\",\"item\":\"https:\\\/\\\/insektenliebe.com\\\/de\\\/shop\\\/\"},{\"@type\":\"ListItem\",\"position\":3,\"name\":\"Riesenvogelspinnen: Theraphosa blondi &amp; Theraphosa apophysis\"}]},{\"@type\":\"WebSite\",\"@id\":\"https:\\\/\\\/insektenliebe.com\\\/de\\\/#website\",\"url\":\"https:\\\/\\\/insektenliebe.com\\\/de\\\/\",\"name\":\"Insektenliebe\",\"description\":\"Dein Zuhause f\u00fcr die kleinen Lebewesen\",\"publisher\":{\"@id\":\"https:\\\/\\\/insektenliebe.com\\\/de\\\/#organization\"},\"potentialAction\":[{\"@type\":\"SearchAction\",\"target\":{\"@type\":\"EntryPoint\",\"urlTemplate\":\"https:\\\/\\\/insektenliebe.com\\\/de\\\/?s={search_term_string}\"},\"query-input\":{\"@type\":\"PropertyValueSpecification\",\"valueRequired\":true,\"valueName\":\"search_term_string\"}}],\"inLanguage\":\"de\"},{\"@type\":\"Organization\",\"@id\":\"https:\\\/\\\/insektenliebe.com\\\/de\\\/#organization\",\"name\":\"Insektenliebe\",\"url\":\"https:\\\/\\\/insektenliebe.com\\\/de\\\/\",\"logo\":{\"@type\":\"ImageObject\",\"inLanguage\":\"de\",\"@id\":\"https:\\\/\\\/insektenliebe.com\\\/de\\\/#\\\/schema\\\/logo\\\/image\\\/\",\"url\":\"https:\\\/\\\/insektenliebe.com\\\/wp-content\\\/uploads\\\/2025\\\/03\\\/logo-white.png\",\"contentUrl\":\"https:\\\/\\\/insektenliebe.com\\\/wp-content\\\/uploads\\\/2025\\\/03\\\/logo-white.png\",\"width\":288,\"height\":188,\"caption\":\"Insektenliebe\"},\"image\":{\"@id\":\"https:\\\/\\\/insektenliebe.com\\\/de\\\/#\\\/schema\\\/logo\\\/image\\\/\"}}]}<\/script>\n<meta property=\"product:price:amount\" content=\"16.80\" \/>\n<meta property=\"product:price:currency\" content=\"EUR\" \/>\n<meta property=\"og:availability\" content=\"instock\" \/>\n<meta property=\"product:availability\" content=\"instock\" \/>\n<meta property=\"product:retailer_item_id\" content=\"432\" \/>\n<meta property=\"product:condition\" content=\"new\" \/>\n<!-- \/ Yoast SEO Premium plugin. -->","yoast_head_json":{"title":"Riesenvogelspinnen: Theraphosa blondi &amp; Theraphosa apophysis - Insektenliebe","description":"Hier k\u00f6nnen sie das Buch Riesenvogelspinnen: Theraphosa blondi & Theraphosa apophysis direkt online kaufen.","robots":{"index":"index","follow":"follow","max-snippet":"max-snippet:-1","max-image-preview":"max-image-preview:large","max-video-preview":"max-video-preview:-1"},"canonical":"https:\/\/insektenliebe.com\/de\/shop\/produkt\/riesenvogelspinnen-theraphosa-blondi-theraphosa-apophysis\/","og_locale":"de_DE","og_type":"article","og_title":"Riesenvogelspinnen: Theraphosa blondi &amp; Theraphosa apophysis","og_description":"Hier k\u00f6nnen sie das Buch Riesenvogelspinnen: Theraphosa blondi & Theraphosa apophysis direkt online kaufen.","og_url":"https:\/\/insektenliebe.com\/de\/shop\/produkt\/riesenvogelspinnen-theraphosa-blondi-theraphosa-apophysis\/","og_site_name":"Insektenliebe","article_modified_time":"2026-02-10T19:42:07+00:00","og_image":[{"width":820,"height":820,"url":"https:\/\/insektenliebe.com\/wp-content\/uploads\/2025\/05\/Riesenvogelspinnen-Theraphosa-blondi-Theraphosa-apophysis-COVER-2.jpg","type":"image\/jpeg"}],"twitter_card":"summary_large_image","twitter_misc":{"Preis":"16,80&nbsp;&euro; inkl. MwSt. zzgl. Versand","Verf\u00fcgbarkeit":"Auf Lager"},"schema":{"@context":"https:\/\/schema.org","@graph":[{"@type":"WebPage","@id":"https:\/\/insektenliebe.com\/de\/shop\/produkt\/riesenvogelspinnen-theraphosa-blondi-theraphosa-apophysis\/","url":"https:\/\/insektenliebe.com\/de\/shop\/produkt\/riesenvogelspinnen-theraphosa-blondi-theraphosa-apophysis\/","name":"Riesenvogelspinnen: Theraphosa blondi &amp; Theraphosa apophysis - Insektenliebe","isPartOf":{"@id":"https:\/\/insektenliebe.com\/de\/#website"},"primaryImageOfPage":{"@id":"https:\/\/insektenliebe.com\/de\/shop\/produkt\/riesenvogelspinnen-theraphosa-blondi-theraphosa-apophysis\/#primaryimage"},"image":{"@id":"https:\/\/insektenliebe.com\/de\/shop\/produkt\/riesenvogelspinnen-theraphosa-blondi-theraphosa-apophysis\/#primaryimage"},"thumbnailUrl":"https:\/\/insektenliebe.com\/wp-content\/uploads\/2025\/05\/Riesenvogelspinnen-Theraphosa-blondi-Theraphosa-apophysis-COVER-2.jpg","datePublished":"2022-10-27T07:32:57+00:00","dateModified":"2026-02-10T19:42:07+00:00","description":"Hier k\u00f6nnen sie das Buch Riesenvogelspinnen: Theraphosa blondi & Theraphosa apophysis direkt online kaufen.","breadcrumb":{"@id":"https:\/\/insektenliebe.com\/de\/shop\/produkt\/riesenvogelspinnen-theraphosa-blondi-theraphosa-apophysis\/#breadcrumb"},"inLanguage":"de","potentialAction":[{"@type":"ReadAction","target":["https:\/\/insektenliebe.com\/de\/shop\/produkt\/riesenvogelspinnen-theraphosa-blondi-theraphosa-apophysis\/"]}]},{"@type":"ImageObject","inLanguage":"de","@id":"https:\/\/insektenliebe.com\/de\/shop\/produkt\/riesenvogelspinnen-theraphosa-blondi-theraphosa-apophysis\/#primaryimage","url":"https:\/\/insektenliebe.com\/wp-content\/uploads\/2025\/05\/Riesenvogelspinnen-Theraphosa-blondi-Theraphosa-apophysis-COVER-2.jpg","contentUrl":"https:\/\/insektenliebe.com\/wp-content\/uploads\/2025\/05\/Riesenvogelspinnen-Theraphosa-blondi-Theraphosa-apophysis-COVER-2.jpg","width":820,"height":820,"caption":"Riesenvogelspinnen-Theraphosa-blondi-Theraphosa-apophysis-COVER-2.jpg"},{"@type":"BreadcrumbList","@id":"https:\/\/insektenliebe.com\/de\/shop\/produkt\/riesenvogelspinnen-theraphosa-blondi-theraphosa-apophysis\/#breadcrumb","itemListElement":[{"@type":"ListItem","position":1,"name":"Startseite","item":"https:\/\/insektenliebe.com\/de\/"},{"@type":"ListItem","position":2,"name":"Shop","item":"https:\/\/insektenliebe.com\/de\/shop\/"},{"@type":"ListItem","position":3,"name":"Riesenvogelspinnen: Theraphosa blondi &amp; Theraphosa apophysis"}]},{"@type":"WebSite","@id":"https:\/\/insektenliebe.com\/de\/#website","url":"https:\/\/insektenliebe.com\/de\/","name":"Insektenliebe","description":"Dein Zuhause f\u00fcr die kleinen Lebewesen","publisher":{"@id":"https:\/\/insektenliebe.com\/de\/#organization"},"potentialAction":[{"@type":"SearchAction","target":{"@type":"EntryPoint","urlTemplate":"https:\/\/insektenliebe.com\/de\/?s={search_term_string}"},"query-input":{"@type":"PropertyValueSpecification","valueRequired":true,"valueName":"search_term_string"}}],"inLanguage":"de"},{"@type":"Organization","@id":"https:\/\/insektenliebe.com\/de\/#organization","name":"Insektenliebe","url":"https:\/\/insektenliebe.com\/de\/","logo":{"@type":"ImageObject","inLanguage":"de","@id":"https:\/\/insektenliebe.com\/de\/#\/schema\/logo\/image\/","url":"https:\/\/insektenliebe.com\/wp-content\/uploads\/2025\/03\/logo-white.png","contentUrl":"https:\/\/insektenliebe.com\/wp-content\/uploads\/2025\/03\/logo-white.png","width":288,"height":188,"caption":"Insektenliebe"},"image":{"@id":"https:\/\/insektenliebe.com\/de\/#\/schema\/logo\/image\/"}}]},"product_price_amount":"16.80","product_price_currency":"EUR","og_availability":"instock","product_availability":"instock","product_retailer_item_id":"432","product_condition":"new"},"_links":{"self":[{"href":"https:\/\/insektenliebe.com\/de\/wp-json\/wp\/v2\/product\/5406","targetHints":{"allow":["GET"]}}],"collection":[{"href":"https:\/\/insektenliebe.com\/de\/wp-json\/wp\/v2\/product"}],"about":[{"href":"https:\/\/insektenliebe.com\/de\/wp-json\/wp\/v2\/types\/product"}],"wp:featuredmedia":[{"embeddable":true,"href":"https:\/\/insektenliebe.com\/de\/wp-json\/wp\/v2\/media\/5449"}],"wp:attachment":[{"href":"https:\/\/insektenliebe.com\/de\/wp-json\/wp\/v2\/media?parent=5406"}],"wp:term":[{"taxonomy":"product-supplier","embeddable":true,"href":"https:\/\/insektenliebe.com\/de\/wp-json\/wp\/v2\/product-supplier?post=5406"},{"taxonomy":"product_brand","embeddable":true,"href":"https:\/\/insektenliebe.com\/de\/wp-json\/wp\/v2\/product_brand?post=5406"},{"taxonomy":"product_cat","embeddable":true,"href":"https:\/\/insektenliebe.com\/de\/wp-json\/wp\/v2\/product_cat?post=5406"},{"taxonomy":"product_tag","embeddable":true,"href":"https:\/\/insektenliebe.com\/de\/wp-json\/wp\/v2\/product_tag?post=5406"},{"taxonomy":"lce-checkout-addons","embeddable":true,"href":"https:\/\/insektenliebe.com\/de\/wp-json\/wp\/v2\/lce-checkout-addons?post=5406"}],"curies":[{"name":"wp","href":"https:\/\/api.w.org\/{rel}","templated":true}]}}