{"id":5404,"date":"2022-10-19T14:27:36","date_gmt":"2022-10-19T12:27:36","guid":{"rendered":"http:\/\/localhost\/ins-test\/?post_type=product&#038;p=5404"},"modified":"2026-04-21T07:37:07","modified_gmt":"2026-04-21T05:37:07","slug":"xenesthis-intermedia","status":"publish","type":"product","link":"https:\/\/insektenliebe.com\/de\/shop\/produkt\/xenesthis-intermedia\/","title":{"rendered":"Xenesthis intermedia"},"content":{"rendered":"<h3 class=\"p1\"><span style=\"color: #99cc33\"><strong><span class=\"s1\">Xenesthis intermedia \u2013 Farbintensive Riesen-Vogelspinne mit violettem Schimmer<\/span><\/strong><\/span><\/h3>\n<div><strong>Xenesthis intermedia<\/strong> ist wohl eine der am auff\u00e4lligsten gef\u00e4rbte Vogelspinne im Hobby. Diese Art gr\u00e4bt Erdh\u00f6hlen aus und nutzt diese als Schutz, daher sollte als Substrat ein Waldhumus-Sand Gemisch mit dem Verh\u00e4ltnis 3:1 und einer Einf\u00fcllh\u00f6he von 15 bis 20 cm gew\u00e4hlt werden. Das hilft auch, die Luftfeuchtigkeit von 75 bis 85 % aufrechtzuerhalten, ohne dass Staun\u00e4sse entsteht. Als Erdh\u00f6hlenbewohner ist sie trotzdem relativ h\u00e4ufig zu sehen und somit auch pr\u00e4sent im Terrarium. Die angebotenen Spinnen kann man in einer BraPlast Dose oder in einem Aufzuchtterrarium gro\u00dfgeziehen und sp\u00e4ter in ein Terrarium setzen.<\/div>\n<div><\/div>\n<div>Die Terrariengr\u00f6\u00dfe ist mit 40 \u00d7 30 \u00d7 30 cm gut gew\u00e4hlt. Einrichtungsgegenst\u00e4nde k\u00f6nnen je nach Geschmack mit H\u00f6lzer und oder Steine gew\u00e4hlt werden. Ein Wassernapf darf bei <strong>Xenesthis intermedia<\/strong> nicht fehlen. Futtertiere werden gierig angenommen und alles was \u00fcberw\u00e4ltigt werden kann, wird gefressen. Die recht gro\u00df werdende Art w\u00e4chst z\u00fcgig und ist mit ca. 3 Jahren adult. Wie bei vielen neuweltlichen Vogelspinnenarten besitzt auch <strong>Xenesthis intermedia<\/strong> Brennhaare, die zur Abwehr abgestreift werden. Die Brennhaare verursachen ein leichtes Jucken an der Haut und sind nicht weiter bedenklich.<\/div>\n<div><\/div>\n<div><strong>Xenesthis intermedia<\/strong> ist eine auffallend sch\u00f6ne Vogelspinne, die sich auch f\u00fcr Anf\u00e4nger in der Spinnenhaltung eignet. Sie gehen problemlos an s\u00e4mtliche Futtertiere und verzeihen auch kurzfristige Haltungsfehler.<\/div>\n","protected":false},"excerpt":{"rendered":"<p>Xenesthis intermedia \u2013 Farbintensive Riesen-Vogelspinne mit violettem Schimmer Xenesthis intermedia ist wohl eine der am auff\u00e4lligsten gef\u00e4rbte Vogelspinne im Hobby. Diese Art gr\u00e4bt Erdh\u00f6hlen aus und nutzt diese als Schutz, daher sollte als Substrat ein Waldhumus-Sand Gemisch mit dem Verh\u00e4ltnis 3:1 und einer Einf\u00fcllh\u00f6he von 15 bis 20 cm gew\u00e4hlt werden. Das hilft auch, die [&hellip;]<\/p>\n","protected":false},"featured_media":162243,"template":"","meta":{"_acf_changed":false},"product-supplier":[],"product_brand":[],"product_cat":[626,48],"product_tag":[],"lce-checkout-addons":[1202],"class_list":{"0":"post-5404","1":"product","2":"type-product","3":"status-publish","4":"has-post-thumbnail","6":"product_cat-spinnen","7":"product_cat-vogelspinnen","8":"product_shipping_class-animal-shipping","9":"pa_geschlecht-maennlich","10":"pa_geschlecht-unbestimmt","11":"pa_geschlecht-weiblich","12":"pa_herkunft-venezuela","13":"pa_kontinent-suedamerika","14":"lce-checkout-addons-winterverpackung","16":"first","17":"instock","18":"sale","19":"taxable","20":"shipping-taxable","21":"purchasable","22":"product-type-variable"},"acf":[],"yoast_head":"<!-- This site is optimized with the Yoast SEO Premium plugin v26.8 (Yoast SEO v27.3) - https:\/\/yoast.com\/product\/yoast-seo-premium-wordpress\/ -->\n<title>Xenesthis intermedia - Insektenliebe<\/title>\n<meta name=\"description\" content=\"G\u00fcnstige Xenesthis\u00a0intermedia direkt direkt online kaufen! Xenesthis intermedia, eine der am auff\u00e4lligsten gef\u00e4rbte Vogelspinne im Hobby!\" \/>\n<meta name=\"robots\" content=\"index, follow, max-snippet:-1, max-image-preview:large, max-video-preview:-1\" \/>\n<link rel=\"canonical\" href=\"https:\/\/insektenliebe.com\/de\/shop\/produkt\/xenesthis-intermedia\/\" \/>\n<meta property=\"og:locale\" content=\"de_DE\" \/>\n<meta property=\"og:type\" content=\"article\" \/>\n<meta property=\"og:title\" content=\"Xenesthis intermedia\" \/>\n<meta property=\"og:description\" content=\"G\u00fcnstige Xenesthis\u00a0intermedia direkt direkt online kaufen! Xenesthis intermedia, eine der am auff\u00e4lligsten gef\u00e4rbte Vogelspinne im Hobby!\" \/>\n<meta property=\"og:url\" content=\"https:\/\/insektenliebe.com\/de\/shop\/produkt\/xenesthis-intermedia\/\" \/>\n<meta property=\"og:site_name\" content=\"Insektenliebe\" \/>\n<meta property=\"article:modified_time\" content=\"2026-04-21T05:37:07+00:00\" \/>\n<meta property=\"og:image\" content=\"https:\/\/insektenliebe.com\/wp-content\/uploads\/2022\/10\/Xenesthis-intermedia-2.jpg\" \/>\n\t<meta property=\"og:image:width\" content=\"820\" \/>\n\t<meta property=\"og:image:height\" content=\"820\" \/>\n\t<meta property=\"og:image:type\" content=\"image\/jpeg\" \/>\n<meta name=\"twitter:card\" content=\"summary_large_image\" \/>\n<meta name=\"twitter:label1\" content=\"Verf\u00fcgbarkeit\" \/>\n\t<meta name=\"twitter:data1\" content=\"Auf Lager\" \/>\n<script type=\"application\/ld+json\" class=\"yoast-schema-graph\">{\"@context\":\"https:\\\/\\\/schema.org\",\"@graph\":[{\"@type\":\"WebPage\",\"@id\":\"https:\\\/\\\/insektenliebe.com\\\/de\\\/shop\\\/produkt\\\/xenesthis-intermedia\\\/\",\"url\":\"https:\\\/\\\/insektenliebe.com\\\/de\\\/shop\\\/produkt\\\/xenesthis-intermedia\\\/\",\"name\":\"Xenesthis intermedia - Insektenliebe\",\"isPartOf\":{\"@id\":\"https:\\\/\\\/insektenliebe.com\\\/de\\\/#website\"},\"primaryImageOfPage\":{\"@id\":\"https:\\\/\\\/insektenliebe.com\\\/de\\\/shop\\\/produkt\\\/xenesthis-intermedia\\\/#primaryimage\"},\"image\":{\"@id\":\"https:\\\/\\\/insektenliebe.com\\\/de\\\/shop\\\/produkt\\\/xenesthis-intermedia\\\/#primaryimage\"},\"thumbnailUrl\":\"https:\\\/\\\/insektenliebe.com\\\/wp-content\\\/uploads\\\/2022\\\/10\\\/Xenesthis-intermedia-2.jpg\",\"datePublished\":\"2022-10-19T12:27:36+00:00\",\"dateModified\":\"2026-04-21T05:37:07+00:00\",\"description\":\"G\u00fcnstige Xenesthis\u00a0intermedia direkt direkt online kaufen! Xenesthis intermedia, eine der am auff\u00e4lligsten gef\u00e4rbte Vogelspinne im Hobby!\",\"breadcrumb\":{\"@id\":\"https:\\\/\\\/insektenliebe.com\\\/de\\\/shop\\\/produkt\\\/xenesthis-intermedia\\\/#breadcrumb\"},\"inLanguage\":\"de\",\"potentialAction\":[{\"@type\":\"ReadAction\",\"target\":[\"https:\\\/\\\/insektenliebe.com\\\/de\\\/shop\\\/produkt\\\/xenesthis-intermedia\\\/\"]}]},{\"@type\":\"ImageObject\",\"inLanguage\":\"de\",\"@id\":\"https:\\\/\\\/insektenliebe.com\\\/de\\\/shop\\\/produkt\\\/xenesthis-intermedia\\\/#primaryimage\",\"url\":\"https:\\\/\\\/insektenliebe.com\\\/wp-content\\\/uploads\\\/2022\\\/10\\\/Xenesthis-intermedia-2.jpg\",\"contentUrl\":\"https:\\\/\\\/insektenliebe.com\\\/wp-content\\\/uploads\\\/2022\\\/10\\\/Xenesthis-intermedia-2.jpg\",\"width\":820,\"height\":820,\"caption\":\"Xenesthis intermedia\"},{\"@type\":\"BreadcrumbList\",\"@id\":\"https:\\\/\\\/insektenliebe.com\\\/de\\\/shop\\\/produkt\\\/xenesthis-intermedia\\\/#breadcrumb\",\"itemListElement\":[{\"@type\":\"ListItem\",\"position\":1,\"name\":\"Startseite\",\"item\":\"https:\\\/\\\/insektenliebe.com\\\/de\\\/\"},{\"@type\":\"ListItem\",\"position\":2,\"name\":\"Shop\",\"item\":\"https:\\\/\\\/insektenliebe.com\\\/de\\\/shop\\\/\"},{\"@type\":\"ListItem\",\"position\":3,\"name\":\"Xenesthis intermedia\"}]},{\"@type\":\"WebSite\",\"@id\":\"https:\\\/\\\/insektenliebe.com\\\/de\\\/#website\",\"url\":\"https:\\\/\\\/insektenliebe.com\\\/de\\\/\",\"name\":\"Insektenliebe\",\"description\":\"Dein Zuhause f\u00fcr die kleinen Lebewesen\",\"publisher\":{\"@id\":\"https:\\\/\\\/insektenliebe.com\\\/de\\\/#organization\"},\"potentialAction\":[{\"@type\":\"SearchAction\",\"target\":{\"@type\":\"EntryPoint\",\"urlTemplate\":\"https:\\\/\\\/insektenliebe.com\\\/de\\\/?s={search_term_string}\"},\"query-input\":{\"@type\":\"PropertyValueSpecification\",\"valueRequired\":true,\"valueName\":\"search_term_string\"}}],\"inLanguage\":\"de\"},{\"@type\":\"Organization\",\"@id\":\"https:\\\/\\\/insektenliebe.com\\\/de\\\/#organization\",\"name\":\"Insektenliebe\",\"url\":\"https:\\\/\\\/insektenliebe.com\\\/de\\\/\",\"logo\":{\"@type\":\"ImageObject\",\"inLanguage\":\"de\",\"@id\":\"https:\\\/\\\/insektenliebe.com\\\/de\\\/#\\\/schema\\\/logo\\\/image\\\/\",\"url\":\"https:\\\/\\\/insektenliebe.com\\\/wp-content\\\/uploads\\\/2025\\\/03\\\/logo-white.png\",\"contentUrl\":\"https:\\\/\\\/insektenliebe.com\\\/wp-content\\\/uploads\\\/2025\\\/03\\\/logo-white.png\",\"width\":288,\"height\":188,\"caption\":\"Insektenliebe\"},\"image\":{\"@id\":\"https:\\\/\\\/insektenliebe.com\\\/de\\\/#\\\/schema\\\/logo\\\/image\\\/\"}}]}<\/script>\n<meta property=\"og:availability\" content=\"instock\" \/>\n<meta property=\"product:availability\" content=\"instock\" \/>\n<meta property=\"product:retailer_item_id\" content=\"430\" \/>\n<meta property=\"product:condition\" content=\"new\" \/>\n<!-- \/ Yoast SEO Premium plugin. -->","yoast_head_json":{"title":"Xenesthis intermedia - Insektenliebe","description":"G\u00fcnstige Xenesthis\u00a0intermedia direkt direkt online kaufen! Xenesthis intermedia, eine der am auff\u00e4lligsten gef\u00e4rbte Vogelspinne im Hobby!","robots":{"index":"index","follow":"follow","max-snippet":"max-snippet:-1","max-image-preview":"max-image-preview:large","max-video-preview":"max-video-preview:-1"},"canonical":"https:\/\/insektenliebe.com\/de\/shop\/produkt\/xenesthis-intermedia\/","og_locale":"de_DE","og_type":"article","og_title":"Xenesthis intermedia","og_description":"G\u00fcnstige Xenesthis\u00a0intermedia direkt direkt online kaufen! Xenesthis intermedia, eine der am auff\u00e4lligsten gef\u00e4rbte Vogelspinne im Hobby!","og_url":"https:\/\/insektenliebe.com\/de\/shop\/produkt\/xenesthis-intermedia\/","og_site_name":"Insektenliebe","article_modified_time":"2026-04-21T05:37:07+00:00","og_image":[{"width":820,"height":820,"url":"https:\/\/insektenliebe.com\/wp-content\/uploads\/2022\/10\/Xenesthis-intermedia-2.jpg","type":"image\/jpeg"}],"twitter_card":"summary_large_image","twitter_misc":{"Verf\u00fcgbarkeit":"Auf Lager"},"schema":{"@context":"https:\/\/schema.org","@graph":[{"@type":"WebPage","@id":"https:\/\/insektenliebe.com\/de\/shop\/produkt\/xenesthis-intermedia\/","url":"https:\/\/insektenliebe.com\/de\/shop\/produkt\/xenesthis-intermedia\/","name":"Xenesthis intermedia - Insektenliebe","isPartOf":{"@id":"https:\/\/insektenliebe.com\/de\/#website"},"primaryImageOfPage":{"@id":"https:\/\/insektenliebe.com\/de\/shop\/produkt\/xenesthis-intermedia\/#primaryimage"},"image":{"@id":"https:\/\/insektenliebe.com\/de\/shop\/produkt\/xenesthis-intermedia\/#primaryimage"},"thumbnailUrl":"https:\/\/insektenliebe.com\/wp-content\/uploads\/2022\/10\/Xenesthis-intermedia-2.jpg","datePublished":"2022-10-19T12:27:36+00:00","dateModified":"2026-04-21T05:37:07+00:00","description":"G\u00fcnstige Xenesthis\u00a0intermedia direkt direkt online kaufen! Xenesthis intermedia, eine der am auff\u00e4lligsten gef\u00e4rbte Vogelspinne im Hobby!","breadcrumb":{"@id":"https:\/\/insektenliebe.com\/de\/shop\/produkt\/xenesthis-intermedia\/#breadcrumb"},"inLanguage":"de","potentialAction":[{"@type":"ReadAction","target":["https:\/\/insektenliebe.com\/de\/shop\/produkt\/xenesthis-intermedia\/"]}]},{"@type":"ImageObject","inLanguage":"de","@id":"https:\/\/insektenliebe.com\/de\/shop\/produkt\/xenesthis-intermedia\/#primaryimage","url":"https:\/\/insektenliebe.com\/wp-content\/uploads\/2022\/10\/Xenesthis-intermedia-2.jpg","contentUrl":"https:\/\/insektenliebe.com\/wp-content\/uploads\/2022\/10\/Xenesthis-intermedia-2.jpg","width":820,"height":820,"caption":"Xenesthis intermedia"},{"@type":"BreadcrumbList","@id":"https:\/\/insektenliebe.com\/de\/shop\/produkt\/xenesthis-intermedia\/#breadcrumb","itemListElement":[{"@type":"ListItem","position":1,"name":"Startseite","item":"https:\/\/insektenliebe.com\/de\/"},{"@type":"ListItem","position":2,"name":"Shop","item":"https:\/\/insektenliebe.com\/de\/shop\/"},{"@type":"ListItem","position":3,"name":"Xenesthis intermedia"}]},{"@type":"WebSite","@id":"https:\/\/insektenliebe.com\/de\/#website","url":"https:\/\/insektenliebe.com\/de\/","name":"Insektenliebe","description":"Dein Zuhause f\u00fcr die kleinen Lebewesen","publisher":{"@id":"https:\/\/insektenliebe.com\/de\/#organization"},"potentialAction":[{"@type":"SearchAction","target":{"@type":"EntryPoint","urlTemplate":"https:\/\/insektenliebe.com\/de\/?s={search_term_string}"},"query-input":{"@type":"PropertyValueSpecification","valueRequired":true,"valueName":"search_term_string"}}],"inLanguage":"de"},{"@type":"Organization","@id":"https:\/\/insektenliebe.com\/de\/#organization","name":"Insektenliebe","url":"https:\/\/insektenliebe.com\/de\/","logo":{"@type":"ImageObject","inLanguage":"de","@id":"https:\/\/insektenliebe.com\/de\/#\/schema\/logo\/image\/","url":"https:\/\/insektenliebe.com\/wp-content\/uploads\/2025\/03\/logo-white.png","contentUrl":"https:\/\/insektenliebe.com\/wp-content\/uploads\/2025\/03\/logo-white.png","width":288,"height":188,"caption":"Insektenliebe"},"image":{"@id":"https:\/\/insektenliebe.com\/de\/#\/schema\/logo\/image\/"}}]},"og_availability":"instock","product_availability":"instock","product_retailer_item_id":"430","product_condition":"new"},"_links":{"self":[{"href":"https:\/\/insektenliebe.com\/de\/wp-json\/wp\/v2\/product\/5404","targetHints":{"allow":["GET"]}}],"collection":[{"href":"https:\/\/insektenliebe.com\/de\/wp-json\/wp\/v2\/product"}],"about":[{"href":"https:\/\/insektenliebe.com\/de\/wp-json\/wp\/v2\/types\/product"}],"wp:featuredmedia":[{"embeddable":true,"href":"https:\/\/insektenliebe.com\/de\/wp-json\/wp\/v2\/media\/162243"}],"wp:attachment":[{"href":"https:\/\/insektenliebe.com\/de\/wp-json\/wp\/v2\/media?parent=5404"}],"wp:term":[{"taxonomy":"product-supplier","embeddable":true,"href":"https:\/\/insektenliebe.com\/de\/wp-json\/wp\/v2\/product-supplier?post=5404"},{"taxonomy":"product_brand","embeddable":true,"href":"https:\/\/insektenliebe.com\/de\/wp-json\/wp\/v2\/product_brand?post=5404"},{"taxonomy":"product_cat","embeddable":true,"href":"https:\/\/insektenliebe.com\/de\/wp-json\/wp\/v2\/product_cat?post=5404"},{"taxonomy":"product_tag","embeddable":true,"href":"https:\/\/insektenliebe.com\/de\/wp-json\/wp\/v2\/product_tag?post=5404"},{"taxonomy":"lce-checkout-addons","embeddable":true,"href":"https:\/\/insektenliebe.com\/de\/wp-json\/wp\/v2\/lce-checkout-addons?post=5404"}],"curies":[{"name":"wp","href":"https:\/\/api.w.org\/{rel}","templated":true}]}}