{"id":5402,"date":"2022-10-06T16:07:05","date_gmt":"2022-10-06T14:07:05","guid":{"rendered":"http:\/\/localhost\/ins-test\/?post_type=product&#038;p=5402"},"modified":"2026-02-07T21:51:38","modified_gmt":"2026-02-07T20:51:38","slug":"alienostreptus-bicoloripes","status":"publish","type":"product","link":"https:\/\/insektenliebe.com\/de\/shop\/produkt\/alienostreptus-bicoloripes\/","title":{"rendered":"Alienostreptus bicoloripes"},"content":{"rendered":"<h3><span style=\"color: #99cc33\">Kurzbeschreibung f\u00fcr Alienostreptus bicoloripes:<\/span><\/h3>\n<p><strong>Alienostreptus bicoloripes<\/strong> ist eine neue gro\u00dfe Tausendf\u00fcsser-Art aus der Unterfamilie Rhynchoproctinae mit auffallenden zweifarbigen, rot-gelben Beinen im Kontrast zu einem schwarzen K\u00f6rper.<\/p>\n<p>Diese Art stammt aus dem Naturschutzgebiet Kon Chu Rang. Man trifft sie dort sowohl tags\u00fcber als auch nachts an. Die von ihnen bewohnten Gebiete sind sehr durchn\u00e4sst, und nach h\u00e4ufigen Regenf\u00e4llen steigt der Wasserspiegel an und bedeckt den gr\u00f6\u00dften Teil des Lebensraums. Jungtiere leben ein sehr unauff\u00e4lliges und verstecktes Leben. Die erwachsenen Tiere sind \u00fcber ein breites Spektrum von Lebensr\u00e4umen verteilt, von der Talsohle bis zu den trockenen Bergr\u00fccken mit Nadelwald, was f\u00fcr Tausendf\u00fc\u00dfer eher untypisch ist.<\/p>\n<p>Die Haltung sollten den Gegebenheiten angepasst werden und man bietet ihnen am besten sehr feuchte, aber auch trockenere Stellen im Terrarium an. <strong>Alienostreptus bicoloripes<\/strong> ist kein Futterspezialist und nimmt wei\u00dffaules Holz, Futterlaub, aber auch Pilze, Obst und Gem\u00fcse problemlos an.<br \/>\nDie Terrariengr\u00f6\u00dfe w\u00e4re mit 80 \u00d7 60 \u00d7 60 cm gro\u00df genug f\u00fcr diese Zuchtgruppe. Wir bieten nur eine komplette Zuchtgruppe, bestehend aus einem M\u00e4nnchen und acht Weibchen an. Paarungen konnten bereits beobachtet werden und wir hoffen, dass die Zucht gelingen wird und uns diese wundersch\u00f6ne Art im Hobby erhalten bleibt.<\/p>\n","protected":false},"excerpt":{"rendered":"<p>Schwarzer K\u00f6rper mit rot-gelben Beinen!<\/p>\n","protected":false},"featured_media":5429,"template":"","meta":{"_acf_changed":false},"product-supplier":[],"product_brand":[],"product_cat":[144],"product_tag":[],"lce-checkout-addons":[1202],"class_list":{"0":"post-5402","1":"product","2":"type-product","3":"status-publish","4":"has-post-thumbnail","6":"product_cat-tausendfuesser","7":"product_shipping_class-animal-shipping","8":"pa_herkunft-vietnam","9":"pa_kontinent-asien","10":"lce-checkout-addons-winterverpackung","12":"first","13":"outofstock","14":"taxable","15":"shipping-taxable","16":"purchasable","17":"product-type-simple"},"acf":[],"yoast_head":"<!-- This site is optimized with the Yoast SEO Premium plugin v26.8 (Yoast SEO v27.5) - https:\/\/yoast.com\/product\/yoast-seo-premium-wordpress\/ -->\n<title>Alienostreptus bicoloripes - Insektenliebe<\/title>\n<meta name=\"description\" content=\"G\u00fcnstige Alienostreptus bicoloripes direkt online kaufen. Eine sehr gro\u00dfe Art schwarz-gl\u00e4nzende Tausendf\u00fcsser-Art.\" \/>\n<meta name=\"robots\" content=\"index, follow, max-snippet:-1, max-image-preview:large, max-video-preview:-1\" \/>\n<link rel=\"canonical\" href=\"https:\/\/insektenliebe.com\/de\/shop\/produkt\/alienostreptus-bicoloripes\/\" \/>\n<meta property=\"og:locale\" content=\"de_DE\" \/>\n<meta property=\"og:type\" content=\"article\" \/>\n<meta property=\"og:title\" content=\"Alienostreptus bicoloripes\" \/>\n<meta property=\"og:description\" content=\"G\u00fcnstige Alienostreptus bicoloripes direkt online kaufen. Eine sehr gro\u00dfe Art schwarz-gl\u00e4nzende Tausendf\u00fcsser-Art.\" \/>\n<meta property=\"og:url\" content=\"https:\/\/insektenliebe.com\/de\/shop\/produkt\/alienostreptus-bicoloripes\/\" \/>\n<meta property=\"og:site_name\" content=\"Insektenliebe\" \/>\n<meta property=\"article:modified_time\" content=\"2026-02-07T20:51:38+00:00\" \/>\n<meta property=\"og:image\" content=\"https:\/\/insektenliebe.com\/wp-content\/uploads\/2025\/05\/Alienostreptus-bicoloripes-scaled-3.jpg\" \/>\n\t<meta property=\"og:image:width\" content=\"2560\" \/>\n\t<meta property=\"og:image:height\" content=\"2560\" \/>\n\t<meta property=\"og:image:type\" content=\"image\/jpeg\" \/>\n<meta name=\"twitter:card\" content=\"summary_large_image\" \/>\n<meta name=\"twitter:label1\" content=\"Preis\" \/>\n\t<meta name=\"twitter:data1\" content=\"27,99&nbsp;&euro; inkl. MwSt. zzgl. Versand\" \/>\n\t<meta name=\"twitter:label2\" content=\"Verf\u00fcgbarkeit\" \/>\n\t<meta name=\"twitter:data2\" content=\"ausverkauft\" \/>\n<script type=\"application\/ld+json\" class=\"yoast-schema-graph\">{\"@context\":\"https:\\\/\\\/schema.org\",\"@graph\":[{\"@type\":\"WebPage\",\"@id\":\"https:\\\/\\\/insektenliebe.com\\\/de\\\/shop\\\/produkt\\\/alienostreptus-bicoloripes\\\/\",\"url\":\"https:\\\/\\\/insektenliebe.com\\\/de\\\/shop\\\/produkt\\\/alienostreptus-bicoloripes\\\/\",\"name\":\"Alienostreptus bicoloripes - Insektenliebe\",\"isPartOf\":{\"@id\":\"https:\\\/\\\/insektenliebe.com\\\/de\\\/#website\"},\"primaryImageOfPage\":{\"@id\":\"https:\\\/\\\/insektenliebe.com\\\/de\\\/shop\\\/produkt\\\/alienostreptus-bicoloripes\\\/#primaryimage\"},\"image\":{\"@id\":\"https:\\\/\\\/insektenliebe.com\\\/de\\\/shop\\\/produkt\\\/alienostreptus-bicoloripes\\\/#primaryimage\"},\"thumbnailUrl\":\"https:\\\/\\\/insektenliebe.com\\\/wp-content\\\/uploads\\\/2025\\\/05\\\/Alienostreptus-bicoloripes-scaled-3.jpg\",\"datePublished\":\"2022-10-06T14:07:05+00:00\",\"dateModified\":\"2026-02-07T20:51:38+00:00\",\"description\":\"G\u00fcnstige Alienostreptus bicoloripes direkt online kaufen. Eine sehr gro\u00dfe Art schwarz-gl\u00e4nzende Tausendf\u00fcsser-Art.\",\"breadcrumb\":{\"@id\":\"https:\\\/\\\/insektenliebe.com\\\/de\\\/shop\\\/produkt\\\/alienostreptus-bicoloripes\\\/#breadcrumb\"},\"inLanguage\":\"de\",\"potentialAction\":[{\"@type\":\"ReadAction\",\"target\":[\"https:\\\/\\\/insektenliebe.com\\\/de\\\/shop\\\/produkt\\\/alienostreptus-bicoloripes\\\/\"]}]},{\"@type\":\"ImageObject\",\"inLanguage\":\"de\",\"@id\":\"https:\\\/\\\/insektenliebe.com\\\/de\\\/shop\\\/produkt\\\/alienostreptus-bicoloripes\\\/#primaryimage\",\"url\":\"https:\\\/\\\/insektenliebe.com\\\/wp-content\\\/uploads\\\/2025\\\/05\\\/Alienostreptus-bicoloripes-scaled-3.jpg\",\"contentUrl\":\"https:\\\/\\\/insektenliebe.com\\\/wp-content\\\/uploads\\\/2025\\\/05\\\/Alienostreptus-bicoloripes-scaled-3.jpg\",\"width\":2560,\"height\":2560,\"caption\":\"Alienostreptus-bicoloripes-scaled-3.jpg\"},{\"@type\":\"BreadcrumbList\",\"@id\":\"https:\\\/\\\/insektenliebe.com\\\/de\\\/shop\\\/produkt\\\/alienostreptus-bicoloripes\\\/#breadcrumb\",\"itemListElement\":[{\"@type\":\"ListItem\",\"position\":1,\"name\":\"Startseite\",\"item\":\"https:\\\/\\\/insektenliebe.com\\\/de\\\/\"},{\"@type\":\"ListItem\",\"position\":2,\"name\":\"Shop\",\"item\":\"https:\\\/\\\/insektenliebe.com\\\/de\\\/shop\\\/\"},{\"@type\":\"ListItem\",\"position\":3,\"name\":\"Alienostreptus bicoloripes\"}]},{\"@type\":\"WebSite\",\"@id\":\"https:\\\/\\\/insektenliebe.com\\\/de\\\/#website\",\"url\":\"https:\\\/\\\/insektenliebe.com\\\/de\\\/\",\"name\":\"Insektenliebe\",\"description\":\"Dein Zuhause f\u00fcr die kleinen Lebewesen\",\"publisher\":{\"@id\":\"https:\\\/\\\/insektenliebe.com\\\/de\\\/#organization\"},\"potentialAction\":[{\"@type\":\"SearchAction\",\"target\":{\"@type\":\"EntryPoint\",\"urlTemplate\":\"https:\\\/\\\/insektenliebe.com\\\/de\\\/?s={search_term_string}\"},\"query-input\":{\"@type\":\"PropertyValueSpecification\",\"valueRequired\":true,\"valueName\":\"search_term_string\"}}],\"inLanguage\":\"de\"},{\"@type\":\"Organization\",\"@id\":\"https:\\\/\\\/insektenliebe.com\\\/de\\\/#organization\",\"name\":\"Insektenliebe\",\"url\":\"https:\\\/\\\/insektenliebe.com\\\/de\\\/\",\"logo\":{\"@type\":\"ImageObject\",\"inLanguage\":\"de\",\"@id\":\"https:\\\/\\\/insektenliebe.com\\\/de\\\/#\\\/schema\\\/logo\\\/image\\\/\",\"url\":\"https:\\\/\\\/insektenliebe.com\\\/wp-content\\\/uploads\\\/2025\\\/03\\\/logo-white.png\",\"contentUrl\":\"https:\\\/\\\/insektenliebe.com\\\/wp-content\\\/uploads\\\/2025\\\/03\\\/logo-white.png\",\"width\":288,\"height\":188,\"caption\":\"Insektenliebe\"},\"image\":{\"@id\":\"https:\\\/\\\/insektenliebe.com\\\/de\\\/#\\\/schema\\\/logo\\\/image\\\/\"}}]}<\/script>\n<meta property=\"product:price:amount\" content=\"27.99\" \/>\n<meta property=\"product:price:currency\" content=\"EUR\" \/>\n<meta property=\"og:availability\" content=\"out of stock\" \/>\n<meta property=\"product:availability\" content=\"out of stock\" \/>\n<meta property=\"product:retailer_item_id\" content=\"428\" \/>\n<meta property=\"product:condition\" content=\"new\" \/>\n<!-- \/ Yoast SEO Premium plugin. -->","yoast_head_json":{"title":"Alienostreptus bicoloripes - Insektenliebe","description":"G\u00fcnstige Alienostreptus bicoloripes direkt online kaufen. Eine sehr gro\u00dfe Art schwarz-gl\u00e4nzende Tausendf\u00fcsser-Art.","robots":{"index":"index","follow":"follow","max-snippet":"max-snippet:-1","max-image-preview":"max-image-preview:large","max-video-preview":"max-video-preview:-1"},"canonical":"https:\/\/insektenliebe.com\/de\/shop\/produkt\/alienostreptus-bicoloripes\/","og_locale":"de_DE","og_type":"article","og_title":"Alienostreptus bicoloripes","og_description":"G\u00fcnstige Alienostreptus bicoloripes direkt online kaufen. Eine sehr gro\u00dfe Art schwarz-gl\u00e4nzende Tausendf\u00fcsser-Art.","og_url":"https:\/\/insektenliebe.com\/de\/shop\/produkt\/alienostreptus-bicoloripes\/","og_site_name":"Insektenliebe","article_modified_time":"2026-02-07T20:51:38+00:00","og_image":[{"width":2560,"height":2560,"url":"https:\/\/insektenliebe.com\/wp-content\/uploads\/2025\/05\/Alienostreptus-bicoloripes-scaled-3.jpg","type":"image\/jpeg"}],"twitter_card":"summary_large_image","twitter_misc":{"Preis":"27,99&nbsp;&euro; inkl. MwSt. zzgl. Versand","Verf\u00fcgbarkeit":"ausverkauft"},"schema":{"@context":"https:\/\/schema.org","@graph":[{"@type":"WebPage","@id":"https:\/\/insektenliebe.com\/de\/shop\/produkt\/alienostreptus-bicoloripes\/","url":"https:\/\/insektenliebe.com\/de\/shop\/produkt\/alienostreptus-bicoloripes\/","name":"Alienostreptus bicoloripes - Insektenliebe","isPartOf":{"@id":"https:\/\/insektenliebe.com\/de\/#website"},"primaryImageOfPage":{"@id":"https:\/\/insektenliebe.com\/de\/shop\/produkt\/alienostreptus-bicoloripes\/#primaryimage"},"image":{"@id":"https:\/\/insektenliebe.com\/de\/shop\/produkt\/alienostreptus-bicoloripes\/#primaryimage"},"thumbnailUrl":"https:\/\/insektenliebe.com\/wp-content\/uploads\/2025\/05\/Alienostreptus-bicoloripes-scaled-3.jpg","datePublished":"2022-10-06T14:07:05+00:00","dateModified":"2026-02-07T20:51:38+00:00","description":"G\u00fcnstige Alienostreptus bicoloripes direkt online kaufen. Eine sehr gro\u00dfe Art schwarz-gl\u00e4nzende Tausendf\u00fcsser-Art.","breadcrumb":{"@id":"https:\/\/insektenliebe.com\/de\/shop\/produkt\/alienostreptus-bicoloripes\/#breadcrumb"},"inLanguage":"de","potentialAction":[{"@type":"ReadAction","target":["https:\/\/insektenliebe.com\/de\/shop\/produkt\/alienostreptus-bicoloripes\/"]}]},{"@type":"ImageObject","inLanguage":"de","@id":"https:\/\/insektenliebe.com\/de\/shop\/produkt\/alienostreptus-bicoloripes\/#primaryimage","url":"https:\/\/insektenliebe.com\/wp-content\/uploads\/2025\/05\/Alienostreptus-bicoloripes-scaled-3.jpg","contentUrl":"https:\/\/insektenliebe.com\/wp-content\/uploads\/2025\/05\/Alienostreptus-bicoloripes-scaled-3.jpg","width":2560,"height":2560,"caption":"Alienostreptus-bicoloripes-scaled-3.jpg"},{"@type":"BreadcrumbList","@id":"https:\/\/insektenliebe.com\/de\/shop\/produkt\/alienostreptus-bicoloripes\/#breadcrumb","itemListElement":[{"@type":"ListItem","position":1,"name":"Startseite","item":"https:\/\/insektenliebe.com\/de\/"},{"@type":"ListItem","position":2,"name":"Shop","item":"https:\/\/insektenliebe.com\/de\/shop\/"},{"@type":"ListItem","position":3,"name":"Alienostreptus bicoloripes"}]},{"@type":"WebSite","@id":"https:\/\/insektenliebe.com\/de\/#website","url":"https:\/\/insektenliebe.com\/de\/","name":"Insektenliebe","description":"Dein Zuhause f\u00fcr die kleinen Lebewesen","publisher":{"@id":"https:\/\/insektenliebe.com\/de\/#organization"},"potentialAction":[{"@type":"SearchAction","target":{"@type":"EntryPoint","urlTemplate":"https:\/\/insektenliebe.com\/de\/?s={search_term_string}"},"query-input":{"@type":"PropertyValueSpecification","valueRequired":true,"valueName":"search_term_string"}}],"inLanguage":"de"},{"@type":"Organization","@id":"https:\/\/insektenliebe.com\/de\/#organization","name":"Insektenliebe","url":"https:\/\/insektenliebe.com\/de\/","logo":{"@type":"ImageObject","inLanguage":"de","@id":"https:\/\/insektenliebe.com\/de\/#\/schema\/logo\/image\/","url":"https:\/\/insektenliebe.com\/wp-content\/uploads\/2025\/03\/logo-white.png","contentUrl":"https:\/\/insektenliebe.com\/wp-content\/uploads\/2025\/03\/logo-white.png","width":288,"height":188,"caption":"Insektenliebe"},"image":{"@id":"https:\/\/insektenliebe.com\/de\/#\/schema\/logo\/image\/"}}]},"product_price_amount":"27.99","product_price_currency":"EUR","og_availability":"out of stock","product_availability":"out of stock","product_retailer_item_id":"428","product_condition":"new"},"_links":{"self":[{"href":"https:\/\/insektenliebe.com\/de\/wp-json\/wp\/v2\/product\/5402","targetHints":{"allow":["GET"]}}],"collection":[{"href":"https:\/\/insektenliebe.com\/de\/wp-json\/wp\/v2\/product"}],"about":[{"href":"https:\/\/insektenliebe.com\/de\/wp-json\/wp\/v2\/types\/product"}],"wp:featuredmedia":[{"embeddable":true,"href":"https:\/\/insektenliebe.com\/de\/wp-json\/wp\/v2\/media\/5429"}],"wp:attachment":[{"href":"https:\/\/insektenliebe.com\/de\/wp-json\/wp\/v2\/media?parent=5402"}],"wp:term":[{"taxonomy":"product-supplier","embeddable":true,"href":"https:\/\/insektenliebe.com\/de\/wp-json\/wp\/v2\/product-supplier?post=5402"},{"taxonomy":"product_brand","embeddable":true,"href":"https:\/\/insektenliebe.com\/de\/wp-json\/wp\/v2\/product_brand?post=5402"},{"taxonomy":"product_cat","embeddable":true,"href":"https:\/\/insektenliebe.com\/de\/wp-json\/wp\/v2\/product_cat?post=5402"},{"taxonomy":"product_tag","embeddable":true,"href":"https:\/\/insektenliebe.com\/de\/wp-json\/wp\/v2\/product_tag?post=5402"},{"taxonomy":"lce-checkout-addons","embeddable":true,"href":"https:\/\/insektenliebe.com\/de\/wp-json\/wp\/v2\/lce-checkout-addons?post=5402"}],"curies":[{"name":"wp","href":"https:\/\/api.w.org\/{rel}","templated":true}]}}