{"id":5401,"date":"2022-10-13T10:17:00","date_gmt":"2022-10-13T08:17:00","guid":{"rendered":"http:\/\/localhost\/ins-test\/?post_type=product&#038;p=5401"},"modified":"2026-01-24T22:13:06","modified_gmt":"2026-01-24T21:13:06","slug":"merulanella-spec-bicolor","status":"publish","type":"product","link":"https:\/\/insektenliebe.com\/de\/shop\/produkt\/merulanella-spec-bicolor\/","title":{"rendered":"Merulanella spec. \"Bicolor\""},"content":{"rendered":"<h3><span style=\"color: #99cc33\">Kurzbeschreibung Merulanella spec. \"Bicolor\":<\/span><\/h3>\n<p><strong><span class=\"hiddenSpellError\">Merulanella<\/span>\u00a0<span class=\"hiddenSpellError\">spec<\/span>.\u00a0<span class=\"hiddenGrammarError\">\u201c<\/span><span class=\"hiddenSpellError\">Bicolor<\/span><span class=\"hiddenGrammarError\">\u201c<\/span><\/strong>\u00a0\u00e4hnelt von ihrer Gr\u00f6\u00dfe und K\u00f6rperform\u00a0<span class=\"hiddenSpellError\">Merulanella<\/span>\u00a0<span class=\"hiddenSpellError\">spec<\/span>.\u00a0<span class=\"hiddenGrammarError\">\u201c<\/span><span class=\"hiddenSpellError\">Tricolour<\/span><span class=\"hiddenGrammarError\">\u201c<\/span>. Sie besitzt auch an den gleichen Stellen ihre Farbflecken. Im Gegensatz zu den\u00a0<span class=\"hiddenGrammarError\">\"<\/span><span class=\"hiddenSpellError\">Tricolours<\/span><span class=\"hiddenGrammarError\">\"<\/span>\u00a0besteht die Farbe ausschlie\u00dflich aus Orange, das teilweise auch etwas verwaschen ist. Diese Art ist sehr aktiv und dadurch auch interessant zum Beobachten. Durch ihre erh\u00f6hte Aktivit\u00e4t\u00a0kann man ihnen vermehrt Kletterm\u00f6glichkeiten anbieten.<br \/>\nDie Einrichtung des Terrariums entspricht der gleichen, wie bei allen\u00a0<span class=\"hiddenSpellError\">Merulanella<\/span>\u00a0und\u00a0<span class=\"hiddenSpellError\">Cubaris<\/span>\u00a0Arten.<\/p>\n<p>Wir erh\u00f6hen die\u00a0<span class=\"hiddenSpellError\">Substrath\u00f6he<\/span>\u00a0des Waldhumus auf 10\u201315 cm. Durch die relativ hohe Luftfeuchtigkeit von 80 % ist es sinnvoll, mehr Substrat zu verwenden, das \u00fcberfl\u00fcssiges Wasser aufnehmen kann. Auch eine Drainageschicht aus Bl\u00e4hton ist eine M\u00f6glichkeit, um Staun\u00e4sse zu vermeiden.<\/p>\n<p>Eine gro\u00dfz\u00fcgige Laubschicht wird gerne als Versteckm\u00f6glichkeit und zur Futteraufnahme von den Tieren genutzt. Ein Kalklochstein dient als Versteckm\u00f6glichkeit und zur zus\u00e4tzlichen Kalkaufnahme. Sepia sollte aber trotzdem angeboten werden. <strong>Merulanella spec.\u00a0<span class=\"hiddenGrammarError\">\u201c<\/span><span class=\"hiddenSpellError\">Bicolor<\/span><span class=\"hiddenGrammarError\">\u201c<\/span><\/strong>\u00a0und auch andere\u00a0<span class=\"hiddenSpellError\">Merulanella<\/span>\u00a0Arten stillen fortlaufend ihren Kalkbedarf. Vielleicht liegt es an der Gr\u00f6\u00dfe und sie ben\u00f6tigen einfach mehr Kalk, im Vergleich zu anderen Arten ist es auf jeden Fall auffallend viel.<\/p>\n<p><strong>Merulanella spec.\u00a0<span class=\"hiddenGrammarError\">\u201c<\/span><span class=\"hiddenSpellError\">Bicolor<\/span><span class=\"hiddenGrammarError\">\u201c<\/span><\/strong>\u00a0sind wie bereits erw\u00e4hnt gute Kletterer und schon kleine Kalkr\u00fcckst\u00e4nde an den W\u00e4nden reichen aus, dass sie daran klettern. Daher achtet darauf, dass der Deckel fest schlie\u00dft. Zudem sollte die Unterbringung dicht sein, damit der Nachwuchs nicht einfach aus dem Terrarium wandern kann.\u00a0<span class=\"hiddenSpellError\">Fensterisolierungsb\u00e4nder<\/span>\u00a0eignen sich zum Abdichten der problematischen Stellen ganz gut.<\/p>\n","protected":false},"excerpt":{"rendered":"<p>Zweifarbige Merulanella!<\/p>\n","protected":false},"featured_media":5428,"template":"","meta":{"_acf_changed":false},"product-supplier":[],"product_brand":[],"product_cat":[627,125],"product_tag":[],"lce-checkout-addons":[1202],"class_list":{"0":"post-5401","1":"product","2":"type-product","3":"status-publish","4":"has-post-thumbnail","6":"product_cat-asseln","7":"product_cat-sonstige-asseln-merulanella-uvm","8":"product_shipping_class-animal-shipping","9":"pa_herkunft-vietnam","10":"pa_kontinent-asien","11":"lce-checkout-addons-winterverpackung","13":"first","14":"outofstock","15":"sale","16":"taxable","17":"shipping-taxable","18":"purchasable","19":"product-type-variable"},"acf":[],"yoast_head":"<!-- This site is optimized with the Yoast SEO Premium plugin v26.8 (Yoast SEO v27.5) - https:\/\/yoast.com\/product\/yoast-seo-premium-wordpress\/ -->\n<title>Merulanella spec. &quot;Bicolor&quot; - Insektenliebe<\/title>\n<meta name=\"description\" content=\"G\u00fcnstige Merulanella spec. &quot;Bicolor&quot; direkt online kaufen. Nachzuchten der wundersch\u00f6nen Assel-Art direkt vom Z\u00fcchter kaufen.\" \/>\n<meta name=\"robots\" content=\"index, follow, max-snippet:-1, max-image-preview:large, max-video-preview:-1\" \/>\n<link rel=\"canonical\" href=\"https:\/\/insektenliebe.com\/de\/shop\/produkt\/merulanella-spec-bicolor\/\" \/>\n<meta property=\"og:locale\" content=\"de_DE\" \/>\n<meta property=\"og:type\" content=\"article\" \/>\n<meta property=\"og:title\" content=\"Merulanella spec. &quot;Bicolor&quot;\" \/>\n<meta property=\"og:description\" content=\"G\u00fcnstige Merulanella spec. &quot;Bicolor&quot; direkt online kaufen. Nachzuchten der wundersch\u00f6nen Assel-Art direkt vom Z\u00fcchter kaufen.\" \/>\n<meta property=\"og:url\" content=\"https:\/\/insektenliebe.com\/de\/shop\/produkt\/merulanella-spec-bicolor\/\" \/>\n<meta property=\"og:site_name\" content=\"Insektenliebe\" \/>\n<meta property=\"article:modified_time\" content=\"2026-01-24T21:13:06+00:00\" \/>\n<meta property=\"og:image\" content=\"https:\/\/insektenliebe.com\/wp-content\/uploads\/2025\/05\/Merulanella-spec.-22Bicolor22-scaled-3.jpg\" \/>\n\t<meta property=\"og:image:width\" content=\"2560\" \/>\n\t<meta property=\"og:image:height\" content=\"2560\" \/>\n\t<meta property=\"og:image:type\" content=\"image\/jpeg\" \/>\n<meta name=\"twitter:card\" content=\"summary_large_image\" \/>\n<meta name=\"twitter:label1\" content=\"Verf\u00fcgbarkeit\" \/>\n\t<meta name=\"twitter:data1\" content=\"ausverkauft\" \/>\n<script type=\"application\/ld+json\" class=\"yoast-schema-graph\">{\"@context\":\"https:\\\/\\\/schema.org\",\"@graph\":[{\"@type\":\"WebPage\",\"@id\":\"https:\\\/\\\/insektenliebe.com\\\/de\\\/shop\\\/produkt\\\/merulanella-spec-bicolor\\\/\",\"url\":\"https:\\\/\\\/insektenliebe.com\\\/de\\\/shop\\\/produkt\\\/merulanella-spec-bicolor\\\/\",\"name\":\"Merulanella spec. \\\"Bicolor\\\" - Insektenliebe\",\"isPartOf\":{\"@id\":\"https:\\\/\\\/insektenliebe.com\\\/de\\\/#website\"},\"primaryImageOfPage\":{\"@id\":\"https:\\\/\\\/insektenliebe.com\\\/de\\\/shop\\\/produkt\\\/merulanella-spec-bicolor\\\/#primaryimage\"},\"image\":{\"@id\":\"https:\\\/\\\/insektenliebe.com\\\/de\\\/shop\\\/produkt\\\/merulanella-spec-bicolor\\\/#primaryimage\"},\"thumbnailUrl\":\"https:\\\/\\\/insektenliebe.com\\\/wp-content\\\/uploads\\\/2025\\\/05\\\/Merulanella-spec.-22Bicolor22-scaled-3.jpg\",\"datePublished\":\"2022-10-13T08:17:00+00:00\",\"dateModified\":\"2026-01-24T21:13:06+00:00\",\"description\":\"G\u00fcnstige Merulanella spec. \\\"Bicolor\\\" direkt online kaufen. Nachzuchten der wundersch\u00f6nen Assel-Art direkt vom Z\u00fcchter kaufen.\",\"breadcrumb\":{\"@id\":\"https:\\\/\\\/insektenliebe.com\\\/de\\\/shop\\\/produkt\\\/merulanella-spec-bicolor\\\/#breadcrumb\"},\"inLanguage\":\"de\",\"potentialAction\":[{\"@type\":\"ReadAction\",\"target\":[\"https:\\\/\\\/insektenliebe.com\\\/de\\\/shop\\\/produkt\\\/merulanella-spec-bicolor\\\/\"]}]},{\"@type\":\"ImageObject\",\"inLanguage\":\"de\",\"@id\":\"https:\\\/\\\/insektenliebe.com\\\/de\\\/shop\\\/produkt\\\/merulanella-spec-bicolor\\\/#primaryimage\",\"url\":\"https:\\\/\\\/insektenliebe.com\\\/wp-content\\\/uploads\\\/2025\\\/05\\\/Merulanella-spec.-22Bicolor22-scaled-3.jpg\",\"contentUrl\":\"https:\\\/\\\/insektenliebe.com\\\/wp-content\\\/uploads\\\/2025\\\/05\\\/Merulanella-spec.-22Bicolor22-scaled-3.jpg\",\"width\":2560,\"height\":2560,\"caption\":\"Merulanella-spec.-22Bicolor22-scaled-3.jpg\"},{\"@type\":\"BreadcrumbList\",\"@id\":\"https:\\\/\\\/insektenliebe.com\\\/de\\\/shop\\\/produkt\\\/merulanella-spec-bicolor\\\/#breadcrumb\",\"itemListElement\":[{\"@type\":\"ListItem\",\"position\":1,\"name\":\"Startseite\",\"item\":\"https:\\\/\\\/insektenliebe.com\\\/de\\\/\"},{\"@type\":\"ListItem\",\"position\":2,\"name\":\"Shop\",\"item\":\"https:\\\/\\\/insektenliebe.com\\\/de\\\/shop\\\/\"},{\"@type\":\"ListItem\",\"position\":3,\"name\":\"Merulanella spec. &#8222;Bicolor&#8220;\"}]},{\"@type\":\"WebSite\",\"@id\":\"https:\\\/\\\/insektenliebe.com\\\/de\\\/#website\",\"url\":\"https:\\\/\\\/insektenliebe.com\\\/de\\\/\",\"name\":\"Insektenliebe\",\"description\":\"Dein Zuhause f\u00fcr die kleinen Lebewesen\",\"publisher\":{\"@id\":\"https:\\\/\\\/insektenliebe.com\\\/de\\\/#organization\"},\"potentialAction\":[{\"@type\":\"SearchAction\",\"target\":{\"@type\":\"EntryPoint\",\"urlTemplate\":\"https:\\\/\\\/insektenliebe.com\\\/de\\\/?s={search_term_string}\"},\"query-input\":{\"@type\":\"PropertyValueSpecification\",\"valueRequired\":true,\"valueName\":\"search_term_string\"}}],\"inLanguage\":\"de\"},{\"@type\":\"Organization\",\"@id\":\"https:\\\/\\\/insektenliebe.com\\\/de\\\/#organization\",\"name\":\"Insektenliebe\",\"url\":\"https:\\\/\\\/insektenliebe.com\\\/de\\\/\",\"logo\":{\"@type\":\"ImageObject\",\"inLanguage\":\"de\",\"@id\":\"https:\\\/\\\/insektenliebe.com\\\/de\\\/#\\\/schema\\\/logo\\\/image\\\/\",\"url\":\"https:\\\/\\\/insektenliebe.com\\\/wp-content\\\/uploads\\\/2025\\\/03\\\/logo-white.png\",\"contentUrl\":\"https:\\\/\\\/insektenliebe.com\\\/wp-content\\\/uploads\\\/2025\\\/03\\\/logo-white.png\",\"width\":288,\"height\":188,\"caption\":\"Insektenliebe\"},\"image\":{\"@id\":\"https:\\\/\\\/insektenliebe.com\\\/de\\\/#\\\/schema\\\/logo\\\/image\\\/\"}}]}<\/script>\n<meta property=\"og:availability\" content=\"out of stock\" \/>\n<meta property=\"product:availability\" content=\"out of stock\" \/>\n<meta property=\"product:retailer_item_id\" content=\"427\" \/>\n<meta property=\"product:condition\" content=\"new\" \/>\n<!-- \/ Yoast SEO Premium plugin. -->","yoast_head_json":{"title":"Merulanella spec. \"Bicolor\" - Insektenliebe","description":"G\u00fcnstige Merulanella spec. \"Bicolor\" direkt online kaufen. Nachzuchten der wundersch\u00f6nen Assel-Art direkt vom Z\u00fcchter kaufen.","robots":{"index":"index","follow":"follow","max-snippet":"max-snippet:-1","max-image-preview":"max-image-preview:large","max-video-preview":"max-video-preview:-1"},"canonical":"https:\/\/insektenliebe.com\/de\/shop\/produkt\/merulanella-spec-bicolor\/","og_locale":"de_DE","og_type":"article","og_title":"Merulanella spec. \"Bicolor\"","og_description":"G\u00fcnstige Merulanella spec. \"Bicolor\" direkt online kaufen. Nachzuchten der wundersch\u00f6nen Assel-Art direkt vom Z\u00fcchter kaufen.","og_url":"https:\/\/insektenliebe.com\/de\/shop\/produkt\/merulanella-spec-bicolor\/","og_site_name":"Insektenliebe","article_modified_time":"2026-01-24T21:13:06+00:00","og_image":[{"width":2560,"height":2560,"url":"https:\/\/insektenliebe.com\/wp-content\/uploads\/2025\/05\/Merulanella-spec.-22Bicolor22-scaled-3.jpg","type":"image\/jpeg"}],"twitter_card":"summary_large_image","twitter_misc":{"Verf\u00fcgbarkeit":"ausverkauft"},"schema":{"@context":"https:\/\/schema.org","@graph":[{"@type":"WebPage","@id":"https:\/\/insektenliebe.com\/de\/shop\/produkt\/merulanella-spec-bicolor\/","url":"https:\/\/insektenliebe.com\/de\/shop\/produkt\/merulanella-spec-bicolor\/","name":"Merulanella spec. \"Bicolor\" - Insektenliebe","isPartOf":{"@id":"https:\/\/insektenliebe.com\/de\/#website"},"primaryImageOfPage":{"@id":"https:\/\/insektenliebe.com\/de\/shop\/produkt\/merulanella-spec-bicolor\/#primaryimage"},"image":{"@id":"https:\/\/insektenliebe.com\/de\/shop\/produkt\/merulanella-spec-bicolor\/#primaryimage"},"thumbnailUrl":"https:\/\/insektenliebe.com\/wp-content\/uploads\/2025\/05\/Merulanella-spec.-22Bicolor22-scaled-3.jpg","datePublished":"2022-10-13T08:17:00+00:00","dateModified":"2026-01-24T21:13:06+00:00","description":"G\u00fcnstige Merulanella spec. \"Bicolor\" direkt online kaufen. Nachzuchten der wundersch\u00f6nen Assel-Art direkt vom Z\u00fcchter kaufen.","breadcrumb":{"@id":"https:\/\/insektenliebe.com\/de\/shop\/produkt\/merulanella-spec-bicolor\/#breadcrumb"},"inLanguage":"de","potentialAction":[{"@type":"ReadAction","target":["https:\/\/insektenliebe.com\/de\/shop\/produkt\/merulanella-spec-bicolor\/"]}]},{"@type":"ImageObject","inLanguage":"de","@id":"https:\/\/insektenliebe.com\/de\/shop\/produkt\/merulanella-spec-bicolor\/#primaryimage","url":"https:\/\/insektenliebe.com\/wp-content\/uploads\/2025\/05\/Merulanella-spec.-22Bicolor22-scaled-3.jpg","contentUrl":"https:\/\/insektenliebe.com\/wp-content\/uploads\/2025\/05\/Merulanella-spec.-22Bicolor22-scaled-3.jpg","width":2560,"height":2560,"caption":"Merulanella-spec.-22Bicolor22-scaled-3.jpg"},{"@type":"BreadcrumbList","@id":"https:\/\/insektenliebe.com\/de\/shop\/produkt\/merulanella-spec-bicolor\/#breadcrumb","itemListElement":[{"@type":"ListItem","position":1,"name":"Startseite","item":"https:\/\/insektenliebe.com\/de\/"},{"@type":"ListItem","position":2,"name":"Shop","item":"https:\/\/insektenliebe.com\/de\/shop\/"},{"@type":"ListItem","position":3,"name":"Merulanella spec. &#8222;Bicolor&#8220;"}]},{"@type":"WebSite","@id":"https:\/\/insektenliebe.com\/de\/#website","url":"https:\/\/insektenliebe.com\/de\/","name":"Insektenliebe","description":"Dein Zuhause f\u00fcr die kleinen Lebewesen","publisher":{"@id":"https:\/\/insektenliebe.com\/de\/#organization"},"potentialAction":[{"@type":"SearchAction","target":{"@type":"EntryPoint","urlTemplate":"https:\/\/insektenliebe.com\/de\/?s={search_term_string}"},"query-input":{"@type":"PropertyValueSpecification","valueRequired":true,"valueName":"search_term_string"}}],"inLanguage":"de"},{"@type":"Organization","@id":"https:\/\/insektenliebe.com\/de\/#organization","name":"Insektenliebe","url":"https:\/\/insektenliebe.com\/de\/","logo":{"@type":"ImageObject","inLanguage":"de","@id":"https:\/\/insektenliebe.com\/de\/#\/schema\/logo\/image\/","url":"https:\/\/insektenliebe.com\/wp-content\/uploads\/2025\/03\/logo-white.png","contentUrl":"https:\/\/insektenliebe.com\/wp-content\/uploads\/2025\/03\/logo-white.png","width":288,"height":188,"caption":"Insektenliebe"},"image":{"@id":"https:\/\/insektenliebe.com\/de\/#\/schema\/logo\/image\/"}}]},"og_availability":"out of stock","product_availability":"out of stock","product_retailer_item_id":"427","product_condition":"new"},"_links":{"self":[{"href":"https:\/\/insektenliebe.com\/de\/wp-json\/wp\/v2\/product\/5401","targetHints":{"allow":["GET"]}}],"collection":[{"href":"https:\/\/insektenliebe.com\/de\/wp-json\/wp\/v2\/product"}],"about":[{"href":"https:\/\/insektenliebe.com\/de\/wp-json\/wp\/v2\/types\/product"}],"wp:featuredmedia":[{"embeddable":true,"href":"https:\/\/insektenliebe.com\/de\/wp-json\/wp\/v2\/media\/5428"}],"wp:attachment":[{"href":"https:\/\/insektenliebe.com\/de\/wp-json\/wp\/v2\/media?parent=5401"}],"wp:term":[{"taxonomy":"product-supplier","embeddable":true,"href":"https:\/\/insektenliebe.com\/de\/wp-json\/wp\/v2\/product-supplier?post=5401"},{"taxonomy":"product_brand","embeddable":true,"href":"https:\/\/insektenliebe.com\/de\/wp-json\/wp\/v2\/product_brand?post=5401"},{"taxonomy":"product_cat","embeddable":true,"href":"https:\/\/insektenliebe.com\/de\/wp-json\/wp\/v2\/product_cat?post=5401"},{"taxonomy":"product_tag","embeddable":true,"href":"https:\/\/insektenliebe.com\/de\/wp-json\/wp\/v2\/product_tag?post=5401"},{"taxonomy":"lce-checkout-addons","embeddable":true,"href":"https:\/\/insektenliebe.com\/de\/wp-json\/wp\/v2\/lce-checkout-addons?post=5401"}],"curies":[{"name":"wp","href":"https:\/\/api.w.org\/{rel}","templated":true}]}}