{"id":5400,"date":"2022-10-13T07:55:26","date_gmt":"2022-10-13T05:55:26","guid":{"rendered":"http:\/\/localhost\/ins-test\/?post_type=product&#038;p=5400"},"modified":"2026-01-24T22:22:06","modified_gmt":"2026-01-24T21:22:06","slug":"merulanella-spec-black-hole","status":"publish","type":"product","link":"https:\/\/insektenliebe.com\/de\/shop\/produkt\/merulanella-spec-black-hole\/","title":{"rendered":"Merulanella spec. \"Black Hole\""},"content":{"rendered":"<h3><span style=\"color: #99cc33\"><strong>Kurzbeschreibung zu Merulanella spec. \"Black Hole\"<\/strong><\/span><span style=\"color: #99cc33\"><strong>!<\/strong><\/span><\/h3>\n<div>\n<p><strong><span class=\"hiddenSpellError\">Merulanella<\/span>\u00a0<span class=\"hiddenSpellError\">spec<\/span>.\u00a0<span class=\"hiddenGrammarError\">\"<\/span>Black Hole<span class=\"hiddenGrammarError\">\"<\/span><\/strong>\u00a0\u00e4hnelt von ihrer Gr\u00f6\u00dfe und K\u00f6rperform\u00a0<span class=\"hiddenSpellError\">Merulanella<\/span>\u00a0<span class=\"hiddenSpellError\">spec<\/span>.\u00a0<span class=\"hiddenGrammarError\">\"<\/span><span class=\"hiddenSpellError\">Ember<\/span>\u00a0<span class=\"hiddenSpellError\">Bee<\/span><span class=\"hiddenGrammarError\">\"<\/span>\u00a0und\u00a0<span class=\"hiddenGrammarError\">\"Lava\"<\/span>. Das Schwarz ist dunkel, matt und tief, wie es bisher bei keiner anderen\u00a0<span class=\"hiddenSpellError\">Asselart<\/span>\u00a0in Erscheinung tritt.<br \/>\nWir erh\u00f6hen die\u00a0<span class=\"hiddenSpellError\">Substrath\u00f6he<\/span>\u00a0des Waldhumus bei allen\u00a0<span class=\"hiddenSpellError\">Merulanella<\/span>\u00a0Arten auf 10\u201315 cm. Durch die relativ hohe Luftfeuchtigkeit von 80 % ist es sinnvoll, mehr Substrat zu verwenden, das \u00fcberfl\u00fcssiges Wasser aufnehmen kann. Auch eine Drainageschicht aus Bl\u00e4hton ist eine M\u00f6glichkeit, um Staun\u00e4sse zu vermeiden.<\/p>\n<p>Eine gro\u00dfz\u00fcgige Laubschicht wird gerne als Versteckm\u00f6glichkeit und zur Futteraufnahme von den Tieren genutzt. Ein Kalklochstein dient als Versteckm\u00f6glichkeit und zur zus\u00e4tzlichen Kalkaufnahme. Sepia sollte aber trotzdem angeboten werden. <strong>Merulanella spec.\u00a0<span class=\"hiddenGrammarError\">\"<\/span>Black Hole<span class=\"hiddenGrammarError\">\"<\/span><\/strong>\u00a0und auch andere\u00a0<span class=\"hiddenSpellError\">Merulanella<\/span>\u00a0Arten stillen fortlaufend ihren Kalkbedarf. Vielleicht liegt es an der Gr\u00f6\u00dfe und sie ben\u00f6tigen einfach mehr Kalk, im Vergleich zu anderen Arten ist es auf jeden Fall auffallend viel.<\/p>\n<p><strong>Merulanella spec.\u00a0<span class=\"hiddenGrammarError\">\"<\/span>Black Hole<span class=\"hiddenGrammarError\">\"<\/span><\/strong>\u00a0sind gute Kletterer und schon kleine Kalkr\u00fcckst\u00e4nde an den W\u00e4nden reichen aus, dass sie daran klettern. Daher achtet darauf, dass der Deckel fest schlie\u00dft. Zudem sollte die Unterbringung dicht sein, damit der Nachwuchs nicht einfach aus dem Terrarium wandern kann.\u00a0<span class=\"hiddenSpellError\">Fensterisolierungsb\u00e4nder<\/span> eignen sich zum Abdichten der problematischen Stellen ganz gut.<\/p>\n<\/div>\n","protected":false},"excerpt":{"rendered":"<p>Ich brauch&#8216; es schwarz, schwarz wie die Nacht!<\/p>\n","protected":false},"featured_media":5427,"template":"","meta":{"_acf_changed":false},"product-supplier":[],"product_brand":[],"product_cat":[627,125],"product_tag":[],"lce-checkout-addons":[1202],"class_list":{"0":"post-5400","1":"product","2":"type-product","3":"status-publish","4":"has-post-thumbnail","6":"product_cat-asseln","7":"product_cat-sonstige-asseln-merulanella-uvm","8":"product_shipping_class-animal-shipping","9":"pa_herkunft-vietnam","10":"pa_kontinent-asien","11":"lce-checkout-addons-winterverpackung","13":"first","14":"outofstock","15":"sale","16":"taxable","17":"shipping-taxable","18":"purchasable","19":"product-type-variable"},"acf":[],"yoast_head":"<!-- This site is optimized with the Yoast SEO plugin v27.3 - https:\/\/yoast.com\/product\/yoast-seo-wordpress\/ -->\n<title>Merulanella spec. &quot;Black Hole&quot; - Insektenliebe<\/title>\n<meta name=\"description\" content=\"G\u00fcnstige Merulanella spec. &quot;Black Hole&quot; online kaufen. Eine neue schwarze Asselart aus dem Vietnam die durch ihre Gr\u00f6\u00dfe beeindruckt.\" \/>\n<meta name=\"robots\" content=\"index, follow, max-snippet:-1, max-image-preview:large, max-video-preview:-1\" \/>\n<link rel=\"canonical\" href=\"https:\/\/insektenliebe.com\/de\/shop\/produkt\/merulanella-spec-black-hole\/\" \/>\n<meta property=\"og:locale\" content=\"de_DE\" \/>\n<meta property=\"og:type\" content=\"article\" \/>\n<meta property=\"og:title\" content=\"Merulanella spec. &quot;Black Hole&quot; - Insektenliebe\" \/>\n<meta property=\"og:description\" content=\"G\u00fcnstige Merulanella spec. &quot;Black Hole&quot; online kaufen. Eine neue schwarze Asselart aus dem Vietnam die durch ihre Gr\u00f6\u00dfe beeindruckt.\" \/>\n<meta property=\"og:url\" content=\"https:\/\/insektenliebe.com\/de\/shop\/produkt\/merulanella-spec-black-hole\/\" \/>\n<meta property=\"og:site_name\" content=\"Insektenliebe\" \/>\n<meta property=\"article:modified_time\" content=\"2026-01-24T21:22:06+00:00\" \/>\n<meta property=\"og:image\" content=\"https:\/\/insektenliebe.com\/wp-content\/uploads\/2025\/05\/Merulanella-spec.-22Black-Hole22-1-2.jpg\" \/>\n\t<meta property=\"og:image:width\" content=\"820\" \/>\n\t<meta property=\"og:image:height\" content=\"820\" \/>\n\t<meta property=\"og:image:type\" content=\"image\/jpeg\" \/>\n<meta name=\"twitter:card\" content=\"summary_large_image\" \/>\n<meta name=\"twitter:label1\" content=\"Gesch\u00e4tzte Lesezeit\" \/>\n\t<meta name=\"twitter:data1\" content=\"2\u00a0Minuten\" \/>\n<script type=\"application\/ld+json\" class=\"yoast-schema-graph\">{\"@context\":\"https:\\\/\\\/schema.org\",\"@graph\":[{\"@type\":\"WebPage\",\"@id\":\"https:\\\/\\\/insektenliebe.com\\\/de\\\/shop\\\/produkt\\\/merulanella-spec-black-hole\\\/\",\"url\":\"https:\\\/\\\/insektenliebe.com\\\/de\\\/shop\\\/produkt\\\/merulanella-spec-black-hole\\\/\",\"name\":\"Merulanella spec. \\\"Black Hole\\\" - Insektenliebe\",\"isPartOf\":{\"@id\":\"https:\\\/\\\/insektenliebe.com\\\/de\\\/#website\"},\"primaryImageOfPage\":{\"@id\":\"https:\\\/\\\/insektenliebe.com\\\/de\\\/shop\\\/produkt\\\/merulanella-spec-black-hole\\\/#primaryimage\"},\"image\":{\"@id\":\"https:\\\/\\\/insektenliebe.com\\\/de\\\/shop\\\/produkt\\\/merulanella-spec-black-hole\\\/#primaryimage\"},\"thumbnailUrl\":\"https:\\\/\\\/insektenliebe.com\\\/wp-content\\\/uploads\\\/2025\\\/05\\\/Merulanella-spec.-22Black-Hole22-1-2.jpg\",\"datePublished\":\"2022-10-13T05:55:26+00:00\",\"dateModified\":\"2026-01-24T21:22:06+00:00\",\"description\":\"G\u00fcnstige Merulanella spec. \\\"Black Hole\\\" online kaufen. Eine neue schwarze Asselart aus dem Vietnam die durch ihre Gr\u00f6\u00dfe beeindruckt.\",\"breadcrumb\":{\"@id\":\"https:\\\/\\\/insektenliebe.com\\\/de\\\/shop\\\/produkt\\\/merulanella-spec-black-hole\\\/#breadcrumb\"},\"inLanguage\":\"de\",\"potentialAction\":[{\"@type\":\"ReadAction\",\"target\":[\"https:\\\/\\\/insektenliebe.com\\\/de\\\/shop\\\/produkt\\\/merulanella-spec-black-hole\\\/\"]}]},{\"@type\":\"ImageObject\",\"inLanguage\":\"de\",\"@id\":\"https:\\\/\\\/insektenliebe.com\\\/de\\\/shop\\\/produkt\\\/merulanella-spec-black-hole\\\/#primaryimage\",\"url\":\"https:\\\/\\\/insektenliebe.com\\\/wp-content\\\/uploads\\\/2025\\\/05\\\/Merulanella-spec.-22Black-Hole22-1-2.jpg\",\"contentUrl\":\"https:\\\/\\\/insektenliebe.com\\\/wp-content\\\/uploads\\\/2025\\\/05\\\/Merulanella-spec.-22Black-Hole22-1-2.jpg\",\"width\":820,\"height\":820,\"caption\":\"Merulanella-spec.-22Black-Hole22-1-2.jpg\"},{\"@type\":\"BreadcrumbList\",\"@id\":\"https:\\\/\\\/insektenliebe.com\\\/de\\\/shop\\\/produkt\\\/merulanella-spec-black-hole\\\/#breadcrumb\",\"itemListElement\":[{\"@type\":\"ListItem\",\"position\":1,\"name\":\"Startseite\",\"item\":\"https:\\\/\\\/insektenliebe.com\\\/de\\\/\"},{\"@type\":\"ListItem\",\"position\":2,\"name\":\"Shop\",\"item\":\"https:\\\/\\\/insektenliebe.com\\\/de\\\/shop\\\/\"},{\"@type\":\"ListItem\",\"position\":3,\"name\":\"Merulanella spec. &#8222;Black Hole&#8220;\"}]},{\"@type\":\"WebSite\",\"@id\":\"https:\\\/\\\/insektenliebe.com\\\/de\\\/#website\",\"url\":\"https:\\\/\\\/insektenliebe.com\\\/de\\\/\",\"name\":\"Insektenliebe\",\"description\":\"Dein Zuhause f\u00fcr die kleinen Lebewesen\",\"publisher\":{\"@id\":\"https:\\\/\\\/insektenliebe.com\\\/de\\\/#organization\"},\"potentialAction\":[{\"@type\":\"SearchAction\",\"target\":{\"@type\":\"EntryPoint\",\"urlTemplate\":\"https:\\\/\\\/insektenliebe.com\\\/de\\\/?s={search_term_string}\"},\"query-input\":{\"@type\":\"PropertyValueSpecification\",\"valueRequired\":true,\"valueName\":\"search_term_string\"}}],\"inLanguage\":\"de\"},{\"@type\":\"Organization\",\"@id\":\"https:\\\/\\\/insektenliebe.com\\\/de\\\/#organization\",\"name\":\"Insektenliebe\",\"url\":\"https:\\\/\\\/insektenliebe.com\\\/de\\\/\",\"logo\":{\"@type\":\"ImageObject\",\"inLanguage\":\"de\",\"@id\":\"https:\\\/\\\/insektenliebe.com\\\/de\\\/#\\\/schema\\\/logo\\\/image\\\/\",\"url\":\"https:\\\/\\\/insektenliebe.com\\\/wp-content\\\/uploads\\\/2025\\\/03\\\/logo-white.png\",\"contentUrl\":\"https:\\\/\\\/insektenliebe.com\\\/wp-content\\\/uploads\\\/2025\\\/03\\\/logo-white.png\",\"width\":288,\"height\":188,\"caption\":\"Insektenliebe\"},\"image\":{\"@id\":\"https:\\\/\\\/insektenliebe.com\\\/de\\\/#\\\/schema\\\/logo\\\/image\\\/\"}}]}<\/script>\n<!-- \/ Yoast SEO plugin. -->","yoast_head_json":{"title":"Merulanella spec. \"Black Hole\" - Insektenliebe","description":"G\u00fcnstige Merulanella spec. \"Black Hole\" online kaufen. Eine neue schwarze Asselart aus dem Vietnam die durch ihre Gr\u00f6\u00dfe beeindruckt.","robots":{"index":"index","follow":"follow","max-snippet":"max-snippet:-1","max-image-preview":"max-image-preview:large","max-video-preview":"max-video-preview:-1"},"canonical":"https:\/\/insektenliebe.com\/de\/shop\/produkt\/merulanella-spec-black-hole\/","og_locale":"de_DE","og_type":"article","og_title":"Merulanella spec. \"Black Hole\" - Insektenliebe","og_description":"G\u00fcnstige Merulanella spec. \"Black Hole\" online kaufen. Eine neue schwarze Asselart aus dem Vietnam die durch ihre Gr\u00f6\u00dfe beeindruckt.","og_url":"https:\/\/insektenliebe.com\/de\/shop\/produkt\/merulanella-spec-black-hole\/","og_site_name":"Insektenliebe","article_modified_time":"2026-01-24T21:22:06+00:00","og_image":[{"width":820,"height":820,"url":"https:\/\/insektenliebe.com\/wp-content\/uploads\/2025\/05\/Merulanella-spec.-22Black-Hole22-1-2.jpg","type":"image\/jpeg"}],"twitter_card":"summary_large_image","twitter_misc":{"Gesch\u00e4tzte Lesezeit":"2\u00a0Minuten"},"schema":{"@context":"https:\/\/schema.org","@graph":[{"@type":"WebPage","@id":"https:\/\/insektenliebe.com\/de\/shop\/produkt\/merulanella-spec-black-hole\/","url":"https:\/\/insektenliebe.com\/de\/shop\/produkt\/merulanella-spec-black-hole\/","name":"Merulanella spec. \"Black Hole\" - Insektenliebe","isPartOf":{"@id":"https:\/\/insektenliebe.com\/de\/#website"},"primaryImageOfPage":{"@id":"https:\/\/insektenliebe.com\/de\/shop\/produkt\/merulanella-spec-black-hole\/#primaryimage"},"image":{"@id":"https:\/\/insektenliebe.com\/de\/shop\/produkt\/merulanella-spec-black-hole\/#primaryimage"},"thumbnailUrl":"https:\/\/insektenliebe.com\/wp-content\/uploads\/2025\/05\/Merulanella-spec.-22Black-Hole22-1-2.jpg","datePublished":"2022-10-13T05:55:26+00:00","dateModified":"2026-01-24T21:22:06+00:00","description":"G\u00fcnstige Merulanella spec. \"Black Hole\" online kaufen. Eine neue schwarze Asselart aus dem Vietnam die durch ihre Gr\u00f6\u00dfe beeindruckt.","breadcrumb":{"@id":"https:\/\/insektenliebe.com\/de\/shop\/produkt\/merulanella-spec-black-hole\/#breadcrumb"},"inLanguage":"de","potentialAction":[{"@type":"ReadAction","target":["https:\/\/insektenliebe.com\/de\/shop\/produkt\/merulanella-spec-black-hole\/"]}]},{"@type":"ImageObject","inLanguage":"de","@id":"https:\/\/insektenliebe.com\/de\/shop\/produkt\/merulanella-spec-black-hole\/#primaryimage","url":"https:\/\/insektenliebe.com\/wp-content\/uploads\/2025\/05\/Merulanella-spec.-22Black-Hole22-1-2.jpg","contentUrl":"https:\/\/insektenliebe.com\/wp-content\/uploads\/2025\/05\/Merulanella-spec.-22Black-Hole22-1-2.jpg","width":820,"height":820,"caption":"Merulanella-spec.-22Black-Hole22-1-2.jpg"},{"@type":"BreadcrumbList","@id":"https:\/\/insektenliebe.com\/de\/shop\/produkt\/merulanella-spec-black-hole\/#breadcrumb","itemListElement":[{"@type":"ListItem","position":1,"name":"Startseite","item":"https:\/\/insektenliebe.com\/de\/"},{"@type":"ListItem","position":2,"name":"Shop","item":"https:\/\/insektenliebe.com\/de\/shop\/"},{"@type":"ListItem","position":3,"name":"Merulanella spec. &#8222;Black Hole&#8220;"}]},{"@type":"WebSite","@id":"https:\/\/insektenliebe.com\/de\/#website","url":"https:\/\/insektenliebe.com\/de\/","name":"Insektenliebe","description":"Dein Zuhause f\u00fcr die kleinen Lebewesen","publisher":{"@id":"https:\/\/insektenliebe.com\/de\/#organization"},"potentialAction":[{"@type":"SearchAction","target":{"@type":"EntryPoint","urlTemplate":"https:\/\/insektenliebe.com\/de\/?s={search_term_string}"},"query-input":{"@type":"PropertyValueSpecification","valueRequired":true,"valueName":"search_term_string"}}],"inLanguage":"de"},{"@type":"Organization","@id":"https:\/\/insektenliebe.com\/de\/#organization","name":"Insektenliebe","url":"https:\/\/insektenliebe.com\/de\/","logo":{"@type":"ImageObject","inLanguage":"de","@id":"https:\/\/insektenliebe.com\/de\/#\/schema\/logo\/image\/","url":"https:\/\/insektenliebe.com\/wp-content\/uploads\/2025\/03\/logo-white.png","contentUrl":"https:\/\/insektenliebe.com\/wp-content\/uploads\/2025\/03\/logo-white.png","width":288,"height":188,"caption":"Insektenliebe"},"image":{"@id":"https:\/\/insektenliebe.com\/de\/#\/schema\/logo\/image\/"}}]}},"_links":{"self":[{"href":"https:\/\/insektenliebe.com\/de\/wp-json\/wp\/v2\/product\/5400","targetHints":{"allow":["GET"]}}],"collection":[{"href":"https:\/\/insektenliebe.com\/de\/wp-json\/wp\/v2\/product"}],"about":[{"href":"https:\/\/insektenliebe.com\/de\/wp-json\/wp\/v2\/types\/product"}],"wp:featuredmedia":[{"embeddable":true,"href":"https:\/\/insektenliebe.com\/de\/wp-json\/wp\/v2\/media\/5427"}],"wp:attachment":[{"href":"https:\/\/insektenliebe.com\/de\/wp-json\/wp\/v2\/media?parent=5400"}],"wp:term":[{"taxonomy":"product-supplier","embeddable":true,"href":"https:\/\/insektenliebe.com\/de\/wp-json\/wp\/v2\/product-supplier?post=5400"},{"taxonomy":"product_brand","embeddable":true,"href":"https:\/\/insektenliebe.com\/de\/wp-json\/wp\/v2\/product_brand?post=5400"},{"taxonomy":"product_cat","embeddable":true,"href":"https:\/\/insektenliebe.com\/de\/wp-json\/wp\/v2\/product_cat?post=5400"},{"taxonomy":"product_tag","embeddable":true,"href":"https:\/\/insektenliebe.com\/de\/wp-json\/wp\/v2\/product_tag?post=5400"},{"taxonomy":"lce-checkout-addons","embeddable":true,"href":"https:\/\/insektenliebe.com\/de\/wp-json\/wp\/v2\/lce-checkout-addons?post=5400"}],"curies":[{"name":"wp","href":"https:\/\/api.w.org\/{rel}","templated":true}]}}