{"id":5399,"date":"2022-10-14T15:08:52","date_gmt":"2022-10-14T13:08:52","guid":{"rendered":"http:\/\/localhost\/ins-test\/?post_type=product&#038;p=5399"},"modified":"2026-03-06T18:36:03","modified_gmt":"2026-03-06T17:36:03","slug":"ornithoctoninae-spec-vietnam-silver","status":"publish","type":"product","link":"https:\/\/insektenliebe.com\/de\/shop\/produkt\/ornithoctoninae-spec-vietnam-silver\/","title":{"rendered":"Ornithoctoninae spec. \u201eVietnam Silver\u201d"},"content":{"rendered":"<h3>Mittel<\/h3>\n<h3>Vietnam<\/h3>\n<h3>6 CM<\/h3>\n<h3>24-28 \u00b0C<\/h3>\n<h3><span style=\"color: #99cc33;\">Kurzbeschreibung Ornithoctoninae spec. \u201eVietnam Silver\u201d:<\/span><\/h3>\n<p><strong>Ornithoctoninae spec. \u201eVietnam Silver\u201d<\/strong> ist eine neue und sehr spezielle und einzigartige Vogelspinne im Hobby. Die schimmernde, silberfarbene Grundf\u00e4rbung macht das Tier zum absoluten Schmuckst\u00fcck. Leider transportieren unseren Fotos die Farbe nicht so spektakul\u00e4r wieder. Durch ihre gelbe Behaarung am Abdomen (Hinterleib) und an ihren Beinen sticht noch eine zus\u00e4tzliche Farbkomponente ins Auge. Die m\u00e4nnlichen Tiere haben eine unspektakul\u00e4re beige Grundf\u00e4rbung mit einem Streifenmuster auf dem Abdomen (Hinterleib). Die angebotenen Jungtiere haben eine braune Grundf\u00e4rbung mit roten Beinchen.<\/p>\n<p><strong>Ornithoctoninae spec. \u201eVietnam Silver\u201d<\/strong> lebt in der Natur unter Rindenst\u00fccken oder in Erdh\u00f6hlen. Sie spinnt dabei ihren Wohnraum ein und stabilisiert ihn zus\u00e4tzlich. Die Substratfeuchtigkeit sollte nicht zu nass sein. Am besten bietet man ihr zwei unterschiedliche Feuchtigkeitszonen an und legt ein Rindenst\u00fcck quer dar\u00fcber. So kann sie sich den geeigneten Platz aussuchen. Zwei bis dreimal w\u00f6chentlich spr\u00fchen reicht aus, um eine Luftfeuchtigkeit um die 80 % zu erreichen. Als <span class=\"hiddenSpellError\">Terrariumgr\u00f6\u00dfe<\/span>\u00a0eignet sich f\u00fcr ein ausgewachsenes Tier ein 30 \u00d7 30\u00a0\u00d7 30 cm W\u00fcrfel.<\/p>\n<h3><span style=\"color: #99cc33;\"><strong>Produkte f\u00fcr Ornithoctoninae spec. \u201eVietnam Silver\u201d!<\/strong><\/span><\/h3>\n<p><img decoding=\"async\" src=\"https:\/\/insektenliebe.com\/wp-content\/uploads\/2022\/10\/Ornithoctoninae-sp.-\u201eVietnam-Silver-Nahaufnahme-2.jpg\" alt=\"Ornithoctoninae sp. \u201eVietnam Silver\u201d Nahaufnahme\" \/><\/p>\n","protected":false},"excerpt":{"rendered":"<p>Mittel Vietnam 6 CM 24-28 \u00b0C Kurzbeschreibung Ornithoctoninae spec. \u201eVietnam Silver\u201d: Ornithoctoninae spec. \u201eVietnam Silver\u201d ist eine neue und sehr spezielle und einzigartige Vogelspinne im Hobby. Die schimmernde, silberfarbene Grundf\u00e4rbung macht das Tier zum absoluten Schmuckst\u00fcck. Leider transportieren unseren Fotos die Farbe nicht so spektakul\u00e4r wieder. Durch ihre gelbe Behaarung am Abdomen (Hinterleib) und an [&hellip;]<\/p>\n","protected":false},"featured_media":5426,"template":"","meta":{"_acf_changed":false},"product-supplier":[],"product_brand":[],"product_cat":[626,48],"product_tag":[],"lce-checkout-addons":[1202],"class_list":{"0":"post-5399","1":"product","2":"type-product","3":"status-publish","4":"has-post-thumbnail","6":"product_cat-spinnen","7":"product_cat-vogelspinnen","8":"product_shipping_class-animal-shipping","9":"lce-checkout-addons-winterverpackung","11":"first","12":"outofstock","13":"taxable","14":"shipping-taxable","15":"product-type-variable"},"acf":[],"yoast_head":"<!-- This site is optimized with the Yoast SEO plugin v27.3 - https:\/\/yoast.com\/product\/yoast-seo-wordpress\/ -->\n<title>Ornithoctoninae spec. \u201eVietnam Silver\u201d - Insektenliebe<\/title>\n<meta name=\"description\" content=\"G\u00fcnstige Ornithoctoninae spec. \u201eVietnam Silver\u201d direkt direkt online kaufen! Eine silberne Rarit\u00e4t, die auch f\u00fcr Anf\u00e4nger geeignet ist!\" \/>\n<meta name=\"robots\" content=\"index, follow, max-snippet:-1, max-image-preview:large, max-video-preview:-1\" \/>\n<link rel=\"canonical\" href=\"https:\/\/insektenliebe.com\/de\/shop\/produkt\/ornithoctoninae-spec-vietnam-silver\/\" \/>\n<meta property=\"og:locale\" content=\"de_DE\" \/>\n<meta property=\"og:type\" content=\"article\" \/>\n<meta property=\"og:title\" content=\"Ornithoctoninae spec. \u201eVietnam Silver\u201d - Insektenliebe\" \/>\n<meta property=\"og:description\" content=\"G\u00fcnstige Ornithoctoninae spec. \u201eVietnam Silver\u201d direkt direkt online kaufen! Eine silberne Rarit\u00e4t, die auch f\u00fcr Anf\u00e4nger geeignet ist!\" \/>\n<meta property=\"og:url\" content=\"https:\/\/insektenliebe.com\/de\/shop\/produkt\/ornithoctoninae-spec-vietnam-silver\/\" \/>\n<meta property=\"og:site_name\" content=\"Insektenliebe\" \/>\n<meta property=\"article:modified_time\" content=\"2026-03-06T17:36:03+00:00\" \/>\n<meta property=\"og:image\" content=\"https:\/\/insektenliebe.com\/wp-content\/uploads\/2025\/05\/Ornithoctoninae-spec.-\u201eVietnam-Silver-1-scaled-3.jpg\" \/>\n\t<meta property=\"og:image:width\" content=\"2560\" \/>\n\t<meta property=\"og:image:height\" content=\"2560\" \/>\n\t<meta property=\"og:image:type\" content=\"image\/jpeg\" \/>\n<meta name=\"twitter:card\" content=\"summary_large_image\" \/>\n<meta name=\"twitter:label1\" content=\"Gesch\u00e4tzte Lesezeit\" \/>\n\t<meta name=\"twitter:data1\" content=\"2\u00a0Minuten\" \/>\n<script type=\"application\/ld+json\" class=\"yoast-schema-graph\">{\"@context\":\"https:\\\/\\\/schema.org\",\"@graph\":[{\"@type\":\"WebPage\",\"@id\":\"https:\\\/\\\/insektenliebe.com\\\/de\\\/shop\\\/produkt\\\/ornithoctoninae-spec-vietnam-silver\\\/\",\"url\":\"https:\\\/\\\/insektenliebe.com\\\/de\\\/shop\\\/produkt\\\/ornithoctoninae-spec-vietnam-silver\\\/\",\"name\":\"Ornithoctoninae spec. \u201eVietnam Silver\u201d - Insektenliebe\",\"isPartOf\":{\"@id\":\"https:\\\/\\\/insektenliebe.com\\\/de\\\/#website\"},\"primaryImageOfPage\":{\"@id\":\"https:\\\/\\\/insektenliebe.com\\\/de\\\/shop\\\/produkt\\\/ornithoctoninae-spec-vietnam-silver\\\/#primaryimage\"},\"image\":{\"@id\":\"https:\\\/\\\/insektenliebe.com\\\/de\\\/shop\\\/produkt\\\/ornithoctoninae-spec-vietnam-silver\\\/#primaryimage\"},\"thumbnailUrl\":\"https:\\\/\\\/insektenliebe.com\\\/wp-content\\\/uploads\\\/2025\\\/05\\\/Ornithoctoninae-spec.-\u201eVietnam-Silver-1-scaled-3.jpg\",\"datePublished\":\"2022-10-14T13:08:52+00:00\",\"dateModified\":\"2026-03-06T17:36:03+00:00\",\"description\":\"G\u00fcnstige Ornithoctoninae spec. \u201eVietnam Silver\u201d direkt direkt online kaufen! Eine silberne Rarit\u00e4t, die auch f\u00fcr Anf\u00e4nger geeignet ist!\",\"breadcrumb\":{\"@id\":\"https:\\\/\\\/insektenliebe.com\\\/de\\\/shop\\\/produkt\\\/ornithoctoninae-spec-vietnam-silver\\\/#breadcrumb\"},\"inLanguage\":\"de\",\"potentialAction\":[{\"@type\":\"ReadAction\",\"target\":[\"https:\\\/\\\/insektenliebe.com\\\/de\\\/shop\\\/produkt\\\/ornithoctoninae-spec-vietnam-silver\\\/\"]}]},{\"@type\":\"ImageObject\",\"inLanguage\":\"de\",\"@id\":\"https:\\\/\\\/insektenliebe.com\\\/de\\\/shop\\\/produkt\\\/ornithoctoninae-spec-vietnam-silver\\\/#primaryimage\",\"url\":\"https:\\\/\\\/insektenliebe.com\\\/wp-content\\\/uploads\\\/2025\\\/05\\\/Ornithoctoninae-spec.-\u201eVietnam-Silver-1-scaled-3.jpg\",\"contentUrl\":\"https:\\\/\\\/insektenliebe.com\\\/wp-content\\\/uploads\\\/2025\\\/05\\\/Ornithoctoninae-spec.-\u201eVietnam-Silver-1-scaled-3.jpg\",\"width\":2560,\"height\":2560,\"caption\":\"Ornithoctoninae-spec.-\u201eVietnam-Silver-1-scaled-3.jpg\"},{\"@type\":\"BreadcrumbList\",\"@id\":\"https:\\\/\\\/insektenliebe.com\\\/de\\\/shop\\\/produkt\\\/ornithoctoninae-spec-vietnam-silver\\\/#breadcrumb\",\"itemListElement\":[{\"@type\":\"ListItem\",\"position\":1,\"name\":\"Startseite\",\"item\":\"https:\\\/\\\/insektenliebe.com\\\/de\\\/\"},{\"@type\":\"ListItem\",\"position\":2,\"name\":\"Shop\",\"item\":\"https:\\\/\\\/insektenliebe.com\\\/de\\\/shop\\\/\"},{\"@type\":\"ListItem\",\"position\":3,\"name\":\"Ornithoctoninae spec. \u201eVietnam Silver\u201d\"}]},{\"@type\":\"WebSite\",\"@id\":\"https:\\\/\\\/insektenliebe.com\\\/de\\\/#website\",\"url\":\"https:\\\/\\\/insektenliebe.com\\\/de\\\/\",\"name\":\"Insektenliebe\",\"description\":\"Dein Zuhause f\u00fcr die kleinen Lebewesen\",\"publisher\":{\"@id\":\"https:\\\/\\\/insektenliebe.com\\\/de\\\/#organization\"},\"potentialAction\":[{\"@type\":\"SearchAction\",\"target\":{\"@type\":\"EntryPoint\",\"urlTemplate\":\"https:\\\/\\\/insektenliebe.com\\\/de\\\/?s={search_term_string}\"},\"query-input\":{\"@type\":\"PropertyValueSpecification\",\"valueRequired\":true,\"valueName\":\"search_term_string\"}}],\"inLanguage\":\"de\"},{\"@type\":\"Organization\",\"@id\":\"https:\\\/\\\/insektenliebe.com\\\/de\\\/#organization\",\"name\":\"Insektenliebe\",\"url\":\"https:\\\/\\\/insektenliebe.com\\\/de\\\/\",\"logo\":{\"@type\":\"ImageObject\",\"inLanguage\":\"de\",\"@id\":\"https:\\\/\\\/insektenliebe.com\\\/de\\\/#\\\/schema\\\/logo\\\/image\\\/\",\"url\":\"https:\\\/\\\/insektenliebe.com\\\/wp-content\\\/uploads\\\/2025\\\/03\\\/logo-white.png\",\"contentUrl\":\"https:\\\/\\\/insektenliebe.com\\\/wp-content\\\/uploads\\\/2025\\\/03\\\/logo-white.png\",\"width\":288,\"height\":188,\"caption\":\"Insektenliebe\"},\"image\":{\"@id\":\"https:\\\/\\\/insektenliebe.com\\\/de\\\/#\\\/schema\\\/logo\\\/image\\\/\"}}]}<\/script>\n<!-- \/ Yoast SEO plugin. -->","yoast_head_json":{"title":"Ornithoctoninae spec. \u201eVietnam Silver\u201d - Insektenliebe","description":"G\u00fcnstige Ornithoctoninae spec. \u201eVietnam Silver\u201d direkt direkt online kaufen! Eine silberne Rarit\u00e4t, die auch f\u00fcr Anf\u00e4nger geeignet ist!","robots":{"index":"index","follow":"follow","max-snippet":"max-snippet:-1","max-image-preview":"max-image-preview:large","max-video-preview":"max-video-preview:-1"},"canonical":"https:\/\/insektenliebe.com\/de\/shop\/produkt\/ornithoctoninae-spec-vietnam-silver\/","og_locale":"de_DE","og_type":"article","og_title":"Ornithoctoninae spec. \u201eVietnam Silver\u201d - Insektenliebe","og_description":"G\u00fcnstige Ornithoctoninae spec. \u201eVietnam Silver\u201d direkt direkt online kaufen! Eine silberne Rarit\u00e4t, die auch f\u00fcr Anf\u00e4nger geeignet ist!","og_url":"https:\/\/insektenliebe.com\/de\/shop\/produkt\/ornithoctoninae-spec-vietnam-silver\/","og_site_name":"Insektenliebe","article_modified_time":"2026-03-06T17:36:03+00:00","og_image":[{"width":2560,"height":2560,"url":"https:\/\/insektenliebe.com\/wp-content\/uploads\/2025\/05\/Ornithoctoninae-spec.-\u201eVietnam-Silver-1-scaled-3.jpg","type":"image\/jpeg"}],"twitter_card":"summary_large_image","twitter_misc":{"Gesch\u00e4tzte Lesezeit":"2\u00a0Minuten"},"schema":{"@context":"https:\/\/schema.org","@graph":[{"@type":"WebPage","@id":"https:\/\/insektenliebe.com\/de\/shop\/produkt\/ornithoctoninae-spec-vietnam-silver\/","url":"https:\/\/insektenliebe.com\/de\/shop\/produkt\/ornithoctoninae-spec-vietnam-silver\/","name":"Ornithoctoninae spec. \u201eVietnam Silver\u201d - Insektenliebe","isPartOf":{"@id":"https:\/\/insektenliebe.com\/de\/#website"},"primaryImageOfPage":{"@id":"https:\/\/insektenliebe.com\/de\/shop\/produkt\/ornithoctoninae-spec-vietnam-silver\/#primaryimage"},"image":{"@id":"https:\/\/insektenliebe.com\/de\/shop\/produkt\/ornithoctoninae-spec-vietnam-silver\/#primaryimage"},"thumbnailUrl":"https:\/\/insektenliebe.com\/wp-content\/uploads\/2025\/05\/Ornithoctoninae-spec.-\u201eVietnam-Silver-1-scaled-3.jpg","datePublished":"2022-10-14T13:08:52+00:00","dateModified":"2026-03-06T17:36:03+00:00","description":"G\u00fcnstige Ornithoctoninae spec. \u201eVietnam Silver\u201d direkt direkt online kaufen! Eine silberne Rarit\u00e4t, die auch f\u00fcr Anf\u00e4nger geeignet ist!","breadcrumb":{"@id":"https:\/\/insektenliebe.com\/de\/shop\/produkt\/ornithoctoninae-spec-vietnam-silver\/#breadcrumb"},"inLanguage":"de","potentialAction":[{"@type":"ReadAction","target":["https:\/\/insektenliebe.com\/de\/shop\/produkt\/ornithoctoninae-spec-vietnam-silver\/"]}]},{"@type":"ImageObject","inLanguage":"de","@id":"https:\/\/insektenliebe.com\/de\/shop\/produkt\/ornithoctoninae-spec-vietnam-silver\/#primaryimage","url":"https:\/\/insektenliebe.com\/wp-content\/uploads\/2025\/05\/Ornithoctoninae-spec.-\u201eVietnam-Silver-1-scaled-3.jpg","contentUrl":"https:\/\/insektenliebe.com\/wp-content\/uploads\/2025\/05\/Ornithoctoninae-spec.-\u201eVietnam-Silver-1-scaled-3.jpg","width":2560,"height":2560,"caption":"Ornithoctoninae-spec.-\u201eVietnam-Silver-1-scaled-3.jpg"},{"@type":"BreadcrumbList","@id":"https:\/\/insektenliebe.com\/de\/shop\/produkt\/ornithoctoninae-spec-vietnam-silver\/#breadcrumb","itemListElement":[{"@type":"ListItem","position":1,"name":"Startseite","item":"https:\/\/insektenliebe.com\/de\/"},{"@type":"ListItem","position":2,"name":"Shop","item":"https:\/\/insektenliebe.com\/de\/shop\/"},{"@type":"ListItem","position":3,"name":"Ornithoctoninae spec. \u201eVietnam Silver\u201d"}]},{"@type":"WebSite","@id":"https:\/\/insektenliebe.com\/de\/#website","url":"https:\/\/insektenliebe.com\/de\/","name":"Insektenliebe","description":"Dein Zuhause f\u00fcr die kleinen Lebewesen","publisher":{"@id":"https:\/\/insektenliebe.com\/de\/#organization"},"potentialAction":[{"@type":"SearchAction","target":{"@type":"EntryPoint","urlTemplate":"https:\/\/insektenliebe.com\/de\/?s={search_term_string}"},"query-input":{"@type":"PropertyValueSpecification","valueRequired":true,"valueName":"search_term_string"}}],"inLanguage":"de"},{"@type":"Organization","@id":"https:\/\/insektenliebe.com\/de\/#organization","name":"Insektenliebe","url":"https:\/\/insektenliebe.com\/de\/","logo":{"@type":"ImageObject","inLanguage":"de","@id":"https:\/\/insektenliebe.com\/de\/#\/schema\/logo\/image\/","url":"https:\/\/insektenliebe.com\/wp-content\/uploads\/2025\/03\/logo-white.png","contentUrl":"https:\/\/insektenliebe.com\/wp-content\/uploads\/2025\/03\/logo-white.png","width":288,"height":188,"caption":"Insektenliebe"},"image":{"@id":"https:\/\/insektenliebe.com\/de\/#\/schema\/logo\/image\/"}}]}},"_links":{"self":[{"href":"https:\/\/insektenliebe.com\/de\/wp-json\/wp\/v2\/product\/5399","targetHints":{"allow":["GET"]}}],"collection":[{"href":"https:\/\/insektenliebe.com\/de\/wp-json\/wp\/v2\/product"}],"about":[{"href":"https:\/\/insektenliebe.com\/de\/wp-json\/wp\/v2\/types\/product"}],"wp:featuredmedia":[{"embeddable":true,"href":"https:\/\/insektenliebe.com\/de\/wp-json\/wp\/v2\/media\/5426"}],"wp:attachment":[{"href":"https:\/\/insektenliebe.com\/de\/wp-json\/wp\/v2\/media?parent=5399"}],"wp:term":[{"taxonomy":"product-supplier","embeddable":true,"href":"https:\/\/insektenliebe.com\/de\/wp-json\/wp\/v2\/product-supplier?post=5399"},{"taxonomy":"product_brand","embeddable":true,"href":"https:\/\/insektenliebe.com\/de\/wp-json\/wp\/v2\/product_brand?post=5399"},{"taxonomy":"product_cat","embeddable":true,"href":"https:\/\/insektenliebe.com\/de\/wp-json\/wp\/v2\/product_cat?post=5399"},{"taxonomy":"product_tag","embeddable":true,"href":"https:\/\/insektenliebe.com\/de\/wp-json\/wp\/v2\/product_tag?post=5399"},{"taxonomy":"lce-checkout-addons","embeddable":true,"href":"https:\/\/insektenliebe.com\/de\/wp-json\/wp\/v2\/lce-checkout-addons?post=5399"}],"curies":[{"name":"wp","href":"https:\/\/api.w.org\/{rel}","templated":true}]}}