{"id":5398,"date":"2022-10-13T03:20:59","date_gmt":"2022-10-13T01:20:59","guid":{"rendered":"http:\/\/localhost\/ins-test\/?post_type=product&#038;p=5398"},"modified":"2026-03-06T18:36:14","modified_gmt":"2026-03-06T17:36:14","slug":"haplopelma-spec-bach-ma","status":"publish","type":"product","link":"https:\/\/insektenliebe.com\/de\/shop\/produkt\/haplopelma-spec-bach-ma\/","title":{"rendered":"Haplopelma spec. \u201cBach Ma\u201d"},"content":{"rendered":"<h3>Leicht<\/h3>\n<h3>Vietnam<\/h3>\n<h3>6 CM<\/h3>\n<h3>21-24 \u00b0C<\/h3>\n<h3><span style=\"color: #99cc33;\">Kurzbeschreibung Haplopelma spec. \u201cBach Ma\u201d:<\/span><\/h3>\n<p>Das Verbreitungsgebiet von\u00a0<strong><span class=\"hiddenSpellError\">Haplopelma<\/span>\u00a0<span class=\"hiddenSpellError\">spec<\/span>.\u00a0<span class=\"hiddenGrammarError\">\u201c<\/span>Bach\u00a0<span class=\"hiddenSpellError\">Ma<\/span><span class=\"hiddenGrammarError\">\u201d<\/span><\/strong>\u00a0liegt etwas mehr als vierzig Kilometer von\u00a0<span class=\"hiddenSpellError\">Hue<\/span>\u00a0entfernt und umfasst 22 000 Hektar. Der Bach\u00a0<span class=\"hiddenSpellError\">Ma<\/span>\u00a0Park beinhaltet unterschiedliche Vegetationszonen, angefangen von einfacher K\u00fcstenebene bis hin zu hohen Berggipfeln. Diese Art lebt dort ca. 18 km vom Meer entfernt in 1400 m H\u00f6he. Die Temperatur sollte nicht dauerhaft \u00fcber 28 \u00b0C liegen, da dies nicht ihrer\u00a0nat\u00fcrlichen klimatischen Bedingung entspricht.<\/p>\n<p><strong>Haplopelma spec. \u201cBach Ma\u201d<\/strong> lebt in der Natur unter Rindenst\u00fccken oder in Erdh\u00f6hlen. Sie spinnt dabei ihren Wohnraum ein und stabilisiert ihn zus\u00e4tzlich. Die Substratfeuchtigkeit sollte nicht zu nass sein. Am besten bietet man ihr zwei unterschiedliche Feuchtigkeitszonen an und legt ein Rindenst\u00fcck quer dar\u00fcber. So kann sie sich den geeigneten Platz aussuchen. Zwei bis dreimal w\u00f6chentlich spr\u00fchen reicht aus. Als\u00a0<span class=\"hiddenSpellError\">Terrariumgr\u00f6\u00dfe<\/span>\u00a0eignet sich f\u00fcr ein ausgewachsenes Tier ein 30 \u00d7 30\u00a0\u00d7 30 cm W\u00fcrfel.<\/p>\n<p>Die Tiere gehen gerne in Angriffsstellung \u00fcber und strecken sich dabei in die H\u00f6he. Trotzdem bleiben sie relativ ruhig und rennen nicht davon. Daher ist der Umgang mit ihnen relativ einfach.<br \/>\n<strong><span class=\"hiddenSpellError\">Haplopelma<\/span>\u00a0<span class=\"hiddenSpellError\">spec<\/span>.\u00a0<span class=\"hiddenGrammarError\">\u201c<\/span>Bach\u00a0<span class=\"hiddenSpellError\">Ma<\/span><\/strong><span class=\"hiddenGrammarError\"><strong>\u201d<\/strong> ist in der Haltung nicht sehr anspruchsvoll und eignet sich auch f\u00fcr Anf\u00e4nger, da diese Art den ein oder anderen Haltungsfehler verzeiht.\u00a0<\/span><\/p>\n<h3><span style=\"color: #99cc33;\"><strong>Produkte f\u00fcr Haplopelma spec. \u201cBach Ma\u201d!<\/strong><\/span><\/h3>\n<p><img decoding=\"async\" src=\"https:\/\/insektenliebe.com\/wp-content\/uploads\/2022\/10\/Ornithoctoninae-spec.-22Bachma22-Nahaufnahme.jpg\" alt=\"Haplopelma spec. \u201cBach Ma\u201d\" \/><\/p>\n","protected":false},"excerpt":{"rendered":"<p>Leicht Vietnam 6 CM 21-24 \u00b0C Kurzbeschreibung Haplopelma spec. \u201cBach Ma\u201d: Das Verbreitungsgebiet von\u00a0Haplopelma\u00a0spec.\u00a0\u201cBach\u00a0Ma\u201d\u00a0liegt etwas mehr als vierzig Kilometer von\u00a0Hue\u00a0entfernt und umfasst 22 000 Hektar. Der Bach\u00a0Ma\u00a0Park beinhaltet unterschiedliche Vegetationszonen, angefangen von einfacher K\u00fcstenebene bis hin zu hohen Berggipfeln. Diese Art lebt dort ca. 18 km vom Meer entfernt in 1400 m H\u00f6he. Die Temperatur [&hellip;]<\/p>\n","protected":false},"featured_media":5425,"template":"","meta":{"_acf_changed":false},"product-supplier":[],"product_brand":[],"product_cat":[626,48],"product_tag":[],"lce-checkout-addons":[1202],"class_list":{"0":"post-5398","1":"product","2":"type-product","3":"status-publish","4":"has-post-thumbnail","6":"product_cat-spinnen","7":"product_cat-vogelspinnen","8":"product_shipping_class-animal-shipping","9":"lce-checkout-addons-winterverpackung","11":"first","12":"outofstock","13":"taxable","14":"shipping-taxable","15":"product-type-variable"},"acf":[],"yoast_head":"<!-- This site is optimized with the Yoast SEO Premium plugin v26.8 (Yoast SEO v27.3) - https:\/\/yoast.com\/product\/yoast-seo-premium-wordpress\/ -->\n<title>Haplopelma spec. \u201cBach Ma\u201d - Insektenliebe<\/title>\n<meta name=\"description\" content=\"G\u00fcnstige Haplopelma spec. \u201cBach Ma\u201d direkt direkt online kaufen! Eine Rarit\u00e4t, die auch f\u00fcr Anf\u00e4nger geeignet ist!\" \/>\n<meta name=\"robots\" content=\"index, follow, max-snippet:-1, max-image-preview:large, max-video-preview:-1\" \/>\n<link rel=\"canonical\" href=\"https:\/\/insektenliebe.com\/de\/shop\/produkt\/haplopelma-spec-bach-ma\/\" \/>\n<meta property=\"og:locale\" content=\"de_DE\" \/>\n<meta property=\"og:type\" content=\"article\" \/>\n<meta property=\"og:title\" content=\"Haplopelma spec. \u201cBach Ma\u201d\" \/>\n<meta property=\"og:description\" content=\"G\u00fcnstige Haplopelma spec. \u201cBach Ma\u201d direkt direkt online kaufen! Eine Rarit\u00e4t, die auch f\u00fcr Anf\u00e4nger geeignet ist!\" \/>\n<meta property=\"og:url\" content=\"https:\/\/insektenliebe.com\/de\/shop\/produkt\/haplopelma-spec-bach-ma\/\" \/>\n<meta property=\"og:site_name\" content=\"Insektenliebe\" \/>\n<meta property=\"article:modified_time\" content=\"2026-03-06T17:36:14+00:00\" \/>\n<meta property=\"og:image\" content=\"https:\/\/insektenliebe.com\/wp-content\/uploads\/2025\/05\/Ornithoctoninae-spec.-22Bachma22-scaled-3.jpg\" \/>\n\t<meta property=\"og:image:width\" content=\"2560\" \/>\n\t<meta property=\"og:image:height\" content=\"2560\" \/>\n\t<meta property=\"og:image:type\" content=\"image\/jpeg\" \/>\n<meta name=\"twitter:card\" content=\"summary_large_image\" \/>\n<meta name=\"twitter:label1\" content=\"Verf\u00fcgbarkeit\" \/>\n\t<meta name=\"twitter:data1\" content=\"ausverkauft\" \/>\n<script type=\"application\/ld+json\" class=\"yoast-schema-graph\">{\"@context\":\"https:\\\/\\\/schema.org\",\"@graph\":[{\"@type\":\"WebPage\",\"@id\":\"https:\\\/\\\/insektenliebe.com\\\/de\\\/shop\\\/produkt\\\/haplopelma-spec-bach-ma\\\/\",\"url\":\"https:\\\/\\\/insektenliebe.com\\\/de\\\/shop\\\/produkt\\\/haplopelma-spec-bach-ma\\\/\",\"name\":\"Haplopelma spec. \u201cBach Ma\u201d - Insektenliebe\",\"isPartOf\":{\"@id\":\"https:\\\/\\\/insektenliebe.com\\\/de\\\/#website\"},\"primaryImageOfPage\":{\"@id\":\"https:\\\/\\\/insektenliebe.com\\\/de\\\/shop\\\/produkt\\\/haplopelma-spec-bach-ma\\\/#primaryimage\"},\"image\":{\"@id\":\"https:\\\/\\\/insektenliebe.com\\\/de\\\/shop\\\/produkt\\\/haplopelma-spec-bach-ma\\\/#primaryimage\"},\"thumbnailUrl\":\"https:\\\/\\\/insektenliebe.com\\\/wp-content\\\/uploads\\\/2025\\\/05\\\/Ornithoctoninae-spec.-22Bachma22-scaled-3.jpg\",\"datePublished\":\"2022-10-13T01:20:59+00:00\",\"dateModified\":\"2026-03-06T17:36:14+00:00\",\"description\":\"G\u00fcnstige Haplopelma spec. \u201cBach Ma\u201d direkt direkt online kaufen! Eine Rarit\u00e4t, die auch f\u00fcr Anf\u00e4nger geeignet ist!\",\"breadcrumb\":{\"@id\":\"https:\\\/\\\/insektenliebe.com\\\/de\\\/shop\\\/produkt\\\/haplopelma-spec-bach-ma\\\/#breadcrumb\"},\"inLanguage\":\"de\",\"potentialAction\":[{\"@type\":\"ReadAction\",\"target\":[\"https:\\\/\\\/insektenliebe.com\\\/de\\\/shop\\\/produkt\\\/haplopelma-spec-bach-ma\\\/\"]}]},{\"@type\":\"ImageObject\",\"inLanguage\":\"de\",\"@id\":\"https:\\\/\\\/insektenliebe.com\\\/de\\\/shop\\\/produkt\\\/haplopelma-spec-bach-ma\\\/#primaryimage\",\"url\":\"https:\\\/\\\/insektenliebe.com\\\/wp-content\\\/uploads\\\/2025\\\/05\\\/Ornithoctoninae-spec.-22Bachma22-scaled-3.jpg\",\"contentUrl\":\"https:\\\/\\\/insektenliebe.com\\\/wp-content\\\/uploads\\\/2025\\\/05\\\/Ornithoctoninae-spec.-22Bachma22-scaled-3.jpg\",\"width\":2560,\"height\":2560,\"caption\":\"Ornithoctoninae-spec.-22Bachma22-scaled-3.jpg\"},{\"@type\":\"BreadcrumbList\",\"@id\":\"https:\\\/\\\/insektenliebe.com\\\/de\\\/shop\\\/produkt\\\/haplopelma-spec-bach-ma\\\/#breadcrumb\",\"itemListElement\":[{\"@type\":\"ListItem\",\"position\":1,\"name\":\"Startseite\",\"item\":\"https:\\\/\\\/insektenliebe.com\\\/de\\\/\"},{\"@type\":\"ListItem\",\"position\":2,\"name\":\"Shop\",\"item\":\"https:\\\/\\\/insektenliebe.com\\\/de\\\/shop\\\/\"},{\"@type\":\"ListItem\",\"position\":3,\"name\":\"Haplopelma spec. \u201cBach Ma\u201d\"}]},{\"@type\":\"WebSite\",\"@id\":\"https:\\\/\\\/insektenliebe.com\\\/de\\\/#website\",\"url\":\"https:\\\/\\\/insektenliebe.com\\\/de\\\/\",\"name\":\"Insektenliebe\",\"description\":\"Dein Zuhause f\u00fcr die kleinen Lebewesen\",\"publisher\":{\"@id\":\"https:\\\/\\\/insektenliebe.com\\\/de\\\/#organization\"},\"potentialAction\":[{\"@type\":\"SearchAction\",\"target\":{\"@type\":\"EntryPoint\",\"urlTemplate\":\"https:\\\/\\\/insektenliebe.com\\\/de\\\/?s={search_term_string}\"},\"query-input\":{\"@type\":\"PropertyValueSpecification\",\"valueRequired\":true,\"valueName\":\"search_term_string\"}}],\"inLanguage\":\"de\"},{\"@type\":\"Organization\",\"@id\":\"https:\\\/\\\/insektenliebe.com\\\/de\\\/#organization\",\"name\":\"Insektenliebe\",\"url\":\"https:\\\/\\\/insektenliebe.com\\\/de\\\/\",\"logo\":{\"@type\":\"ImageObject\",\"inLanguage\":\"de\",\"@id\":\"https:\\\/\\\/insektenliebe.com\\\/de\\\/#\\\/schema\\\/logo\\\/image\\\/\",\"url\":\"https:\\\/\\\/insektenliebe.com\\\/wp-content\\\/uploads\\\/2025\\\/03\\\/logo-white.png\",\"contentUrl\":\"https:\\\/\\\/insektenliebe.com\\\/wp-content\\\/uploads\\\/2025\\\/03\\\/logo-white.png\",\"width\":288,\"height\":188,\"caption\":\"Insektenliebe\"},\"image\":{\"@id\":\"https:\\\/\\\/insektenliebe.com\\\/de\\\/#\\\/schema\\\/logo\\\/image\\\/\"}}]}<\/script>\n<meta property=\"og:availability\" content=\"out of stock\" \/>\n<meta property=\"product:availability\" content=\"out of stock\" \/>\n<meta property=\"product:retailer_item_id\" content=\"423\" \/>\n<meta property=\"product:condition\" content=\"new\" \/>\n<!-- \/ Yoast SEO Premium plugin. -->","yoast_head_json":{"title":"Haplopelma spec. \u201cBach Ma\u201d - Insektenliebe","description":"G\u00fcnstige Haplopelma spec. \u201cBach Ma\u201d direkt direkt online kaufen! Eine Rarit\u00e4t, die auch f\u00fcr Anf\u00e4nger geeignet ist!","robots":{"index":"index","follow":"follow","max-snippet":"max-snippet:-1","max-image-preview":"max-image-preview:large","max-video-preview":"max-video-preview:-1"},"canonical":"https:\/\/insektenliebe.com\/de\/shop\/produkt\/haplopelma-spec-bach-ma\/","og_locale":"de_DE","og_type":"article","og_title":"Haplopelma spec. \u201cBach Ma\u201d","og_description":"G\u00fcnstige Haplopelma spec. \u201cBach Ma\u201d direkt direkt online kaufen! Eine Rarit\u00e4t, die auch f\u00fcr Anf\u00e4nger geeignet ist!","og_url":"https:\/\/insektenliebe.com\/de\/shop\/produkt\/haplopelma-spec-bach-ma\/","og_site_name":"Insektenliebe","article_modified_time":"2026-03-06T17:36:14+00:00","og_image":[{"width":2560,"height":2560,"url":"https:\/\/insektenliebe.com\/wp-content\/uploads\/2025\/05\/Ornithoctoninae-spec.-22Bachma22-scaled-3.jpg","type":"image\/jpeg"}],"twitter_card":"summary_large_image","twitter_misc":{"Verf\u00fcgbarkeit":"ausverkauft"},"schema":{"@context":"https:\/\/schema.org","@graph":[{"@type":"WebPage","@id":"https:\/\/insektenliebe.com\/de\/shop\/produkt\/haplopelma-spec-bach-ma\/","url":"https:\/\/insektenliebe.com\/de\/shop\/produkt\/haplopelma-spec-bach-ma\/","name":"Haplopelma spec. \u201cBach Ma\u201d - Insektenliebe","isPartOf":{"@id":"https:\/\/insektenliebe.com\/de\/#website"},"primaryImageOfPage":{"@id":"https:\/\/insektenliebe.com\/de\/shop\/produkt\/haplopelma-spec-bach-ma\/#primaryimage"},"image":{"@id":"https:\/\/insektenliebe.com\/de\/shop\/produkt\/haplopelma-spec-bach-ma\/#primaryimage"},"thumbnailUrl":"https:\/\/insektenliebe.com\/wp-content\/uploads\/2025\/05\/Ornithoctoninae-spec.-22Bachma22-scaled-3.jpg","datePublished":"2022-10-13T01:20:59+00:00","dateModified":"2026-03-06T17:36:14+00:00","description":"G\u00fcnstige Haplopelma spec. \u201cBach Ma\u201d direkt direkt online kaufen! Eine Rarit\u00e4t, die auch f\u00fcr Anf\u00e4nger geeignet ist!","breadcrumb":{"@id":"https:\/\/insektenliebe.com\/de\/shop\/produkt\/haplopelma-spec-bach-ma\/#breadcrumb"},"inLanguage":"de","potentialAction":[{"@type":"ReadAction","target":["https:\/\/insektenliebe.com\/de\/shop\/produkt\/haplopelma-spec-bach-ma\/"]}]},{"@type":"ImageObject","inLanguage":"de","@id":"https:\/\/insektenliebe.com\/de\/shop\/produkt\/haplopelma-spec-bach-ma\/#primaryimage","url":"https:\/\/insektenliebe.com\/wp-content\/uploads\/2025\/05\/Ornithoctoninae-spec.-22Bachma22-scaled-3.jpg","contentUrl":"https:\/\/insektenliebe.com\/wp-content\/uploads\/2025\/05\/Ornithoctoninae-spec.-22Bachma22-scaled-3.jpg","width":2560,"height":2560,"caption":"Ornithoctoninae-spec.-22Bachma22-scaled-3.jpg"},{"@type":"BreadcrumbList","@id":"https:\/\/insektenliebe.com\/de\/shop\/produkt\/haplopelma-spec-bach-ma\/#breadcrumb","itemListElement":[{"@type":"ListItem","position":1,"name":"Startseite","item":"https:\/\/insektenliebe.com\/de\/"},{"@type":"ListItem","position":2,"name":"Shop","item":"https:\/\/insektenliebe.com\/de\/shop\/"},{"@type":"ListItem","position":3,"name":"Haplopelma spec. \u201cBach Ma\u201d"}]},{"@type":"WebSite","@id":"https:\/\/insektenliebe.com\/de\/#website","url":"https:\/\/insektenliebe.com\/de\/","name":"Insektenliebe","description":"Dein Zuhause f\u00fcr die kleinen Lebewesen","publisher":{"@id":"https:\/\/insektenliebe.com\/de\/#organization"},"potentialAction":[{"@type":"SearchAction","target":{"@type":"EntryPoint","urlTemplate":"https:\/\/insektenliebe.com\/de\/?s={search_term_string}"},"query-input":{"@type":"PropertyValueSpecification","valueRequired":true,"valueName":"search_term_string"}}],"inLanguage":"de"},{"@type":"Organization","@id":"https:\/\/insektenliebe.com\/de\/#organization","name":"Insektenliebe","url":"https:\/\/insektenliebe.com\/de\/","logo":{"@type":"ImageObject","inLanguage":"de","@id":"https:\/\/insektenliebe.com\/de\/#\/schema\/logo\/image\/","url":"https:\/\/insektenliebe.com\/wp-content\/uploads\/2025\/03\/logo-white.png","contentUrl":"https:\/\/insektenliebe.com\/wp-content\/uploads\/2025\/03\/logo-white.png","width":288,"height":188,"caption":"Insektenliebe"},"image":{"@id":"https:\/\/insektenliebe.com\/de\/#\/schema\/logo\/image\/"}}]},"og_availability":"out of stock","product_availability":"out of stock","product_retailer_item_id":"423","product_condition":"new"},"_links":{"self":[{"href":"https:\/\/insektenliebe.com\/de\/wp-json\/wp\/v2\/product\/5398","targetHints":{"allow":["GET"]}}],"collection":[{"href":"https:\/\/insektenliebe.com\/de\/wp-json\/wp\/v2\/product"}],"about":[{"href":"https:\/\/insektenliebe.com\/de\/wp-json\/wp\/v2\/types\/product"}],"wp:featuredmedia":[{"embeddable":true,"href":"https:\/\/insektenliebe.com\/de\/wp-json\/wp\/v2\/media\/5425"}],"wp:attachment":[{"href":"https:\/\/insektenliebe.com\/de\/wp-json\/wp\/v2\/media?parent=5398"}],"wp:term":[{"taxonomy":"product-supplier","embeddable":true,"href":"https:\/\/insektenliebe.com\/de\/wp-json\/wp\/v2\/product-supplier?post=5398"},{"taxonomy":"product_brand","embeddable":true,"href":"https:\/\/insektenliebe.com\/de\/wp-json\/wp\/v2\/product_brand?post=5398"},{"taxonomy":"product_cat","embeddable":true,"href":"https:\/\/insektenliebe.com\/de\/wp-json\/wp\/v2\/product_cat?post=5398"},{"taxonomy":"product_tag","embeddable":true,"href":"https:\/\/insektenliebe.com\/de\/wp-json\/wp\/v2\/product_tag?post=5398"},{"taxonomy":"lce-checkout-addons","embeddable":true,"href":"https:\/\/insektenliebe.com\/de\/wp-json\/wp\/v2\/lce-checkout-addons?post=5398"}],"curies":[{"name":"wp","href":"https:\/\/api.w.org\/{rel}","templated":true}]}}