{"id":5397,"date":"2022-10-08T20:38:02","date_gmt":"2022-10-08T18:38:02","guid":{"rendered":"http:\/\/localhost\/ins-test\/?post_type=product&#038;p=5397"},"modified":"2026-01-31T13:53:02","modified_gmt":"2026-01-31T12:53:02","slug":"cyclocosmia-ricketti","status":"publish","type":"product","link":"https:\/\/insektenliebe.com\/de\/shop\/produkt\/cyclocosmia-ricketti\/","title":{"rendered":"Cyclocosmia ricketti"},"content":{"rendered":"<h3>Mittel<\/h3>\n<h3>China<\/h3>\n<h3>6-8 CM<\/h3>\n<h3>22-28 \u00b0C<\/h3>\n<h3><span style=\"color: #99cc33\">Kurzbeschreibung Cyclocosmia ricketti:<\/span><\/h3>\n<div><strong>Cyclocosmia ricketti<\/strong> ist eine Fallt\u00fcrspinne aus China. Das abgeschnittene Abdomen mit der Zeichnung macht sie zu einer ganz besonderen Spinne. Diese Rarit\u00e4ten h\u00e4lt man am besten in einem Terrarium mit einer Substrath\u00f6he von min. 20 cm. Man kann schon vorab ein Loch mit dem Zeigefinger gestalten und setzt das Tier in die N\u00e4he. Oft wird dieser Vorbau angenommen und weiter gestaltet. Sie gestaltet ihre H\u00f6hle gerne mit umliegenden Materialien wie Laub oder Moos. Das hat den Effekt, dass ihre H\u00f6hle sich perfekt in die umgehende Landschaft einbindet und gut getarnt ist. Bei Gefahr verschlie\u00dft sie ihren Bau mit ihrem Abdomen, der an der Maserung verh\u00e4rtet ist und ihr guten Schutz bietet.<\/div>\n<div><\/div>\n<div>Am besten bietet man ihr ein Substratgemisch aus Waldhumus und grabf\u00e4higen Sand im Verh\u00e4ltnis 4:1 an. Das Gemisch verleiht ihrem Bau die n\u00f6tige Stabilit\u00e4t und nimmt trotzdem die Feuchtigkeit gut an.<\/div>\n<div>Das Terrarium sollte eine Grundfl\u00e4che von min. 20 \u00d7 30 cm haben. Die H\u00f6he spielt dabei keine Rolle. Ein Wassernapf sollte selbstverst\u00e4ndlich angeboten werden. Die Luftfeuchtigkeit sollte bei <strong>Cyclocosmia ricketti<\/strong> zwischen 70 und 80 % betragen.<\/div>\n<p><strong>Aktuelle Gr\u00f6\u00dfe:<br \/>\n<\/strong>Adulte Weibchen<\/p>\n<p><strong style=\"color: #99cc33;font-size: 20.16px\">Produkte f\u00fcr <\/strong><strong><span style=\"color: #99cc33;font-size: 20.16px\">Cyclocosmia ricketti<\/span><\/strong><strong style=\"color: #99cc33;font-size: 20.16px\">!<\/strong><\/p>\n<p><img decoding=\"async\" src=\"https:\/\/insektenliebe.com\/wp-content\/uploads\/2022\/10\/Cyclocosmia-spec..jpg\" alt=\"Cyclocosmia ricketti\" \/><\/p>\n<p><img decoding=\"async\" src=\"https:\/\/insektenliebe.com\/wp-content\/uploads\/2022\/10\/Cyclocosmia-spec.-Seitenansicht.jpg\" alt=\"Cyclocosmia ricketti Seitenansicht\" \/><\/p>\n","protected":false},"excerpt":{"rendered":"<p>Eine der skurrilsten Fallt\u00fcrspinne mit Stempelabdomen!<\/p>\n","protected":false},"featured_media":5424,"template":"","meta":{"_acf_changed":false},"product-supplier":[],"product_brand":[],"product_cat":[79,626],"product_tag":[],"lce-checkout-addons":[1202],"class_list":{"0":"post-5397","1":"product","2":"type-product","3":"status-publish","4":"has-post-thumbnail","6":"product_cat-sonstige-spinnen","7":"product_cat-spinnen","8":"product_shipping_class-animal-shipping","9":"lce-checkout-addons-winterverpackung","11":"first","12":"outofstock","13":"taxable","14":"shipping-taxable","15":"purchasable","16":"product-type-simple"},"acf":[],"yoast_head":"<!-- This site is optimized with the Yoast SEO Premium plugin v26.8 (Yoast SEO v27.3) - https:\/\/yoast.com\/product\/yoast-seo-premium-wordpress\/ -->\n<title>Cyclocosmia ricketti - Insektenliebe<\/title>\n<meta name=\"description\" content=\"G\u00fcnstige Cyclocosmia ricketti direkt online kaufen! Eine der skurrilsten Fallt\u00fcrspinne mit Stempelabdomen. Rarit\u00e4t!\" \/>\n<meta name=\"robots\" content=\"index, follow, max-snippet:-1, max-image-preview:large, max-video-preview:-1\" \/>\n<link rel=\"canonical\" href=\"https:\/\/insektenliebe.com\/de\/shop\/produkt\/cyclocosmia-ricketti\/\" \/>\n<meta property=\"og:locale\" content=\"de_DE\" \/>\n<meta property=\"og:type\" content=\"article\" \/>\n<meta property=\"og:title\" content=\"Cyclocosmia ricketti\" \/>\n<meta property=\"og:description\" content=\"G\u00fcnstige Cyclocosmia ricketti direkt online kaufen! Eine der skurrilsten Fallt\u00fcrspinne mit Stempelabdomen. Rarit\u00e4t!\" \/>\n<meta property=\"og:url\" content=\"https:\/\/insektenliebe.com\/de\/shop\/produkt\/cyclocosmia-ricketti\/\" \/>\n<meta property=\"og:site_name\" content=\"Insektenliebe\" \/>\n<meta property=\"article:modified_time\" content=\"2026-01-31T12:53:02+00:00\" \/>\n<meta property=\"og:image\" content=\"https:\/\/insektenliebe.com\/wp-content\/uploads\/2025\/05\/Cyclocosmia-spec.-Hinteransicht-scaled-3.jpg\" \/>\n\t<meta property=\"og:image:width\" content=\"2560\" \/>\n\t<meta property=\"og:image:height\" content=\"2560\" \/>\n\t<meta property=\"og:image:type\" content=\"image\/jpeg\" \/>\n<meta name=\"twitter:card\" content=\"summary_large_image\" \/>\n<meta name=\"twitter:label1\" content=\"Preis\" \/>\n\t<meta name=\"twitter:data1\" content=\"89,00&nbsp;&euro; inkl. MwSt. zzgl. Versand\" \/>\n\t<meta name=\"twitter:label2\" content=\"Verf\u00fcgbarkeit\" \/>\n\t<meta name=\"twitter:data2\" content=\"ausverkauft\" \/>\n<script type=\"application\/ld+json\" class=\"yoast-schema-graph\">{\"@context\":\"https:\\\/\\\/schema.org\",\"@graph\":[{\"@type\":\"WebPage\",\"@id\":\"https:\\\/\\\/insektenliebe.com\\\/de\\\/shop\\\/produkt\\\/cyclocosmia-ricketti\\\/\",\"url\":\"https:\\\/\\\/insektenliebe.com\\\/de\\\/shop\\\/produkt\\\/cyclocosmia-ricketti\\\/\",\"name\":\"Cyclocosmia ricketti - Insektenliebe\",\"isPartOf\":{\"@id\":\"https:\\\/\\\/insektenliebe.com\\\/de\\\/#website\"},\"primaryImageOfPage\":{\"@id\":\"https:\\\/\\\/insektenliebe.com\\\/de\\\/shop\\\/produkt\\\/cyclocosmia-ricketti\\\/#primaryimage\"},\"image\":{\"@id\":\"https:\\\/\\\/insektenliebe.com\\\/de\\\/shop\\\/produkt\\\/cyclocosmia-ricketti\\\/#primaryimage\"},\"thumbnailUrl\":\"https:\\\/\\\/insektenliebe.com\\\/wp-content\\\/uploads\\\/2025\\\/05\\\/Cyclocosmia-spec.-Hinteransicht-scaled-3.jpg\",\"datePublished\":\"2022-10-08T18:38:02+00:00\",\"dateModified\":\"2026-01-31T12:53:02+00:00\",\"description\":\"G\u00fcnstige Cyclocosmia ricketti direkt online kaufen! Eine der skurrilsten Fallt\u00fcrspinne mit Stempelabdomen. Rarit\u00e4t!\",\"breadcrumb\":{\"@id\":\"https:\\\/\\\/insektenliebe.com\\\/de\\\/shop\\\/produkt\\\/cyclocosmia-ricketti\\\/#breadcrumb\"},\"inLanguage\":\"de\",\"potentialAction\":[{\"@type\":\"ReadAction\",\"target\":[\"https:\\\/\\\/insektenliebe.com\\\/de\\\/shop\\\/produkt\\\/cyclocosmia-ricketti\\\/\"]}]},{\"@type\":\"ImageObject\",\"inLanguage\":\"de\",\"@id\":\"https:\\\/\\\/insektenliebe.com\\\/de\\\/shop\\\/produkt\\\/cyclocosmia-ricketti\\\/#primaryimage\",\"url\":\"https:\\\/\\\/insektenliebe.com\\\/wp-content\\\/uploads\\\/2025\\\/05\\\/Cyclocosmia-spec.-Hinteransicht-scaled-3.jpg\",\"contentUrl\":\"https:\\\/\\\/insektenliebe.com\\\/wp-content\\\/uploads\\\/2025\\\/05\\\/Cyclocosmia-spec.-Hinteransicht-scaled-3.jpg\",\"width\":2560,\"height\":2560,\"caption\":\"Cyclocosmia-spec.-Hinteransicht-scaled-3.jpg\"},{\"@type\":\"BreadcrumbList\",\"@id\":\"https:\\\/\\\/insektenliebe.com\\\/de\\\/shop\\\/produkt\\\/cyclocosmia-ricketti\\\/#breadcrumb\",\"itemListElement\":[{\"@type\":\"ListItem\",\"position\":1,\"name\":\"Startseite\",\"item\":\"https:\\\/\\\/insektenliebe.com\\\/de\\\/\"},{\"@type\":\"ListItem\",\"position\":2,\"name\":\"Shop\",\"item\":\"https:\\\/\\\/insektenliebe.com\\\/de\\\/shop\\\/\"},{\"@type\":\"ListItem\",\"position\":3,\"name\":\"Cyclocosmia ricketti\"}]},{\"@type\":\"WebSite\",\"@id\":\"https:\\\/\\\/insektenliebe.com\\\/de\\\/#website\",\"url\":\"https:\\\/\\\/insektenliebe.com\\\/de\\\/\",\"name\":\"Insektenliebe\",\"description\":\"Dein Zuhause f\u00fcr die kleinen Lebewesen\",\"publisher\":{\"@id\":\"https:\\\/\\\/insektenliebe.com\\\/de\\\/#organization\"},\"potentialAction\":[{\"@type\":\"SearchAction\",\"target\":{\"@type\":\"EntryPoint\",\"urlTemplate\":\"https:\\\/\\\/insektenliebe.com\\\/de\\\/?s={search_term_string}\"},\"query-input\":{\"@type\":\"PropertyValueSpecification\",\"valueRequired\":true,\"valueName\":\"search_term_string\"}}],\"inLanguage\":\"de\"},{\"@type\":\"Organization\",\"@id\":\"https:\\\/\\\/insektenliebe.com\\\/de\\\/#organization\",\"name\":\"Insektenliebe\",\"url\":\"https:\\\/\\\/insektenliebe.com\\\/de\\\/\",\"logo\":{\"@type\":\"ImageObject\",\"inLanguage\":\"de\",\"@id\":\"https:\\\/\\\/insektenliebe.com\\\/de\\\/#\\\/schema\\\/logo\\\/image\\\/\",\"url\":\"https:\\\/\\\/insektenliebe.com\\\/wp-content\\\/uploads\\\/2025\\\/03\\\/logo-white.png\",\"contentUrl\":\"https:\\\/\\\/insektenliebe.com\\\/wp-content\\\/uploads\\\/2025\\\/03\\\/logo-white.png\",\"width\":288,\"height\":188,\"caption\":\"Insektenliebe\"},\"image\":{\"@id\":\"https:\\\/\\\/insektenliebe.com\\\/de\\\/#\\\/schema\\\/logo\\\/image\\\/\"}}]}<\/script>\n<meta property=\"product:price:amount\" content=\"89.00\" \/>\n<meta property=\"product:price:currency\" content=\"EUR\" \/>\n<meta property=\"og:availability\" content=\"out of stock\" \/>\n<meta property=\"product:availability\" content=\"out of stock\" \/>\n<meta property=\"product:retailer_item_id\" content=\"422\" \/>\n<meta property=\"product:condition\" content=\"new\" \/>\n<!-- \/ Yoast SEO Premium plugin. -->","yoast_head_json":{"title":"Cyclocosmia ricketti - Insektenliebe","description":"G\u00fcnstige Cyclocosmia ricketti direkt online kaufen! Eine der skurrilsten Fallt\u00fcrspinne mit Stempelabdomen. Rarit\u00e4t!","robots":{"index":"index","follow":"follow","max-snippet":"max-snippet:-1","max-image-preview":"max-image-preview:large","max-video-preview":"max-video-preview:-1"},"canonical":"https:\/\/insektenliebe.com\/de\/shop\/produkt\/cyclocosmia-ricketti\/","og_locale":"de_DE","og_type":"article","og_title":"Cyclocosmia ricketti","og_description":"G\u00fcnstige Cyclocosmia ricketti direkt online kaufen! Eine der skurrilsten Fallt\u00fcrspinne mit Stempelabdomen. Rarit\u00e4t!","og_url":"https:\/\/insektenliebe.com\/de\/shop\/produkt\/cyclocosmia-ricketti\/","og_site_name":"Insektenliebe","article_modified_time":"2026-01-31T12:53:02+00:00","og_image":[{"width":2560,"height":2560,"url":"https:\/\/insektenliebe.com\/wp-content\/uploads\/2025\/05\/Cyclocosmia-spec.-Hinteransicht-scaled-3.jpg","type":"image\/jpeg"}],"twitter_card":"summary_large_image","twitter_misc":{"Preis":"89,00&nbsp;&euro; inkl. MwSt. zzgl. Versand","Verf\u00fcgbarkeit":"ausverkauft"},"schema":{"@context":"https:\/\/schema.org","@graph":[{"@type":"WebPage","@id":"https:\/\/insektenliebe.com\/de\/shop\/produkt\/cyclocosmia-ricketti\/","url":"https:\/\/insektenliebe.com\/de\/shop\/produkt\/cyclocosmia-ricketti\/","name":"Cyclocosmia ricketti - Insektenliebe","isPartOf":{"@id":"https:\/\/insektenliebe.com\/de\/#website"},"primaryImageOfPage":{"@id":"https:\/\/insektenliebe.com\/de\/shop\/produkt\/cyclocosmia-ricketti\/#primaryimage"},"image":{"@id":"https:\/\/insektenliebe.com\/de\/shop\/produkt\/cyclocosmia-ricketti\/#primaryimage"},"thumbnailUrl":"https:\/\/insektenliebe.com\/wp-content\/uploads\/2025\/05\/Cyclocosmia-spec.-Hinteransicht-scaled-3.jpg","datePublished":"2022-10-08T18:38:02+00:00","dateModified":"2026-01-31T12:53:02+00:00","description":"G\u00fcnstige Cyclocosmia ricketti direkt online kaufen! Eine der skurrilsten Fallt\u00fcrspinne mit Stempelabdomen. Rarit\u00e4t!","breadcrumb":{"@id":"https:\/\/insektenliebe.com\/de\/shop\/produkt\/cyclocosmia-ricketti\/#breadcrumb"},"inLanguage":"de","potentialAction":[{"@type":"ReadAction","target":["https:\/\/insektenliebe.com\/de\/shop\/produkt\/cyclocosmia-ricketti\/"]}]},{"@type":"ImageObject","inLanguage":"de","@id":"https:\/\/insektenliebe.com\/de\/shop\/produkt\/cyclocosmia-ricketti\/#primaryimage","url":"https:\/\/insektenliebe.com\/wp-content\/uploads\/2025\/05\/Cyclocosmia-spec.-Hinteransicht-scaled-3.jpg","contentUrl":"https:\/\/insektenliebe.com\/wp-content\/uploads\/2025\/05\/Cyclocosmia-spec.-Hinteransicht-scaled-3.jpg","width":2560,"height":2560,"caption":"Cyclocosmia-spec.-Hinteransicht-scaled-3.jpg"},{"@type":"BreadcrumbList","@id":"https:\/\/insektenliebe.com\/de\/shop\/produkt\/cyclocosmia-ricketti\/#breadcrumb","itemListElement":[{"@type":"ListItem","position":1,"name":"Startseite","item":"https:\/\/insektenliebe.com\/de\/"},{"@type":"ListItem","position":2,"name":"Shop","item":"https:\/\/insektenliebe.com\/de\/shop\/"},{"@type":"ListItem","position":3,"name":"Cyclocosmia ricketti"}]},{"@type":"WebSite","@id":"https:\/\/insektenliebe.com\/de\/#website","url":"https:\/\/insektenliebe.com\/de\/","name":"Insektenliebe","description":"Dein Zuhause f\u00fcr die kleinen Lebewesen","publisher":{"@id":"https:\/\/insektenliebe.com\/de\/#organization"},"potentialAction":[{"@type":"SearchAction","target":{"@type":"EntryPoint","urlTemplate":"https:\/\/insektenliebe.com\/de\/?s={search_term_string}"},"query-input":{"@type":"PropertyValueSpecification","valueRequired":true,"valueName":"search_term_string"}}],"inLanguage":"de"},{"@type":"Organization","@id":"https:\/\/insektenliebe.com\/de\/#organization","name":"Insektenliebe","url":"https:\/\/insektenliebe.com\/de\/","logo":{"@type":"ImageObject","inLanguage":"de","@id":"https:\/\/insektenliebe.com\/de\/#\/schema\/logo\/image\/","url":"https:\/\/insektenliebe.com\/wp-content\/uploads\/2025\/03\/logo-white.png","contentUrl":"https:\/\/insektenliebe.com\/wp-content\/uploads\/2025\/03\/logo-white.png","width":288,"height":188,"caption":"Insektenliebe"},"image":{"@id":"https:\/\/insektenliebe.com\/de\/#\/schema\/logo\/image\/"}}]},"product_price_amount":"89.00","product_price_currency":"EUR","og_availability":"out of stock","product_availability":"out of stock","product_retailer_item_id":"422","product_condition":"new"},"_links":{"self":[{"href":"https:\/\/insektenliebe.com\/de\/wp-json\/wp\/v2\/product\/5397","targetHints":{"allow":["GET"]}}],"collection":[{"href":"https:\/\/insektenliebe.com\/de\/wp-json\/wp\/v2\/product"}],"about":[{"href":"https:\/\/insektenliebe.com\/de\/wp-json\/wp\/v2\/types\/product"}],"wp:featuredmedia":[{"embeddable":true,"href":"https:\/\/insektenliebe.com\/de\/wp-json\/wp\/v2\/media\/5424"}],"wp:attachment":[{"href":"https:\/\/insektenliebe.com\/de\/wp-json\/wp\/v2\/media?parent=5397"}],"wp:term":[{"taxonomy":"product-supplier","embeddable":true,"href":"https:\/\/insektenliebe.com\/de\/wp-json\/wp\/v2\/product-supplier?post=5397"},{"taxonomy":"product_brand","embeddable":true,"href":"https:\/\/insektenliebe.com\/de\/wp-json\/wp\/v2\/product_brand?post=5397"},{"taxonomy":"product_cat","embeddable":true,"href":"https:\/\/insektenliebe.com\/de\/wp-json\/wp\/v2\/product_cat?post=5397"},{"taxonomy":"product_tag","embeddable":true,"href":"https:\/\/insektenliebe.com\/de\/wp-json\/wp\/v2\/product_tag?post=5397"},{"taxonomy":"lce-checkout-addons","embeddable":true,"href":"https:\/\/insektenliebe.com\/de\/wp-json\/wp\/v2\/lce-checkout-addons?post=5397"}],"curies":[{"name":"wp","href":"https:\/\/api.w.org\/{rel}","templated":true}]}}