{"id":5393,"date":"2022-09-22T12:04:35","date_gmt":"2022-09-22T10:04:35","guid":{"rendered":"http:\/\/localhost\/ins-test\/?post_type=product&#038;p=5393"},"modified":"2026-02-10T14:07:16","modified_gmt":"2026-02-10T13:07:16","slug":"springspinnen-komplettset","status":"publish","type":"product","link":"https:\/\/insektenliebe.com\/de\/shop\/produkt\/springspinnen-komplettset\/","title":{"rendered":"Springspinnen Komplettset"},"content":{"rendered":"<h3 class=\"p1\"><span style=\"color: #99cc33\"><strong><span class=\"s1\">Alles drin f\u00fcr deinen Einstieg \u2013 das Rundum-sorglos-Set f\u00fcr Springspinnen<\/span><\/strong><\/span><\/h3>\n<p class=\"p1\"><span class=\"s1\">Mit dem <\/span><strong><span class=\"s2\">Springspinnen Komplettset<\/span><\/strong><span class=\"s1\"> von Insektenliebe bekommst du alles, was du f\u00fcr einen erfolgreichen Start in die Haltung dieser neugierigen Achtbeiner brauchst \u2013 kompakt, durchdacht und sofort einsatzbereit. Perfekt f\u00fcr Einsteiger und Fortgeschrittene, die Wert auf Qualit\u00e4t und Tierwohl legen.<\/span><\/p>\n<p class=\"p1\"><span class=\"s1\">Das Herzst\u00fcck bildet das <\/span><span class=\"s2\">Exo Terra Terrarium in der Gr\u00f6\u00dfe 20 x 20 x 30 cm<\/span><span class=\"s1\">, das mit seiner optimalen Bel\u00fcftung und der praktischen Front\u00f6ffnung ideal f\u00fcr Springspinnen geeignet ist. In Kombination mit dem <\/span><span class=\"s2\">Exo Terra Compact Top 20<\/span><span class=\"s1\"> hast du gleich die passende Beleuchtungseinheit, in der die mitgelieferte <\/span><span class=\"s2\">Exo Terra Daytime Heat Lamp mit 15 Watt<\/span><span class=\"s1\"> perfekt Platz findet. So sorgst du f\u00fcr ein angenehmes Mikroklima mit ausreichend Licht und Temperatur.<\/span><\/p>\n<p class=\"p1\"><span class=\"s1\">Damit du stets den \u00dcberblick \u00fcber die Bedingungen im Terrarium hast, ist ein <\/span><span class=\"s2\">analoges Thermometer von Exo Terra<\/span><span class=\"s1\"> ebenfalls mit im Set. F\u00fcr die Bodengrundgestaltung erh\u00e4ltst du <\/span><span class=\"s2\">1 Liter sterilisierten Waldhumus<\/span><span class=\"s1\">, der als Grundsubstrat dient, sowie einen Block <\/span><span class=\"s2\">Insektenliebe Terrarium Moos<\/span><span class=\"s1\">, das nach dem Einweichen nicht nur die Luftfeuchtigkeit reguliert, sondern auch eine naturnahe Optik schafft.<\/span><\/p>\n<p class=\"p1\"><span class=\"s1\">Zur Strukturierung und Dekoration enth\u00e4lt das Set ein wundersch\u00f6n verzweigtes St\u00fcck <\/span><span class=\"s2\">HOBBY Fingerwood Shadow<\/span><span class=\"s1\">, ideal als Kletterelement oder R\u00fcckzugsort f\u00fcr deine Spinne. Zus\u00e4tzlich sorgt ein echter, geschnittener <\/span><span class=\"s2\">Kalkstein<\/span><span class=\"s1\"> f\u00fcr Abwechslung in der Landschaftsgestaltung und bietet Mikroorganismen oder Springschw\u00e4nzen eine ideale Oberfl\u00e4che.<\/span><\/p>\n<p class=\"p1\"><span class=\"s1\">Besonders praktisch: Ein <\/span><span class=\"s2\">selbstklebendes Dichtband<\/span><span class=\"s1\"> ist im Lieferumfang enthalten, um potenzielle Schlupfl\u00f6cher im Terrarium zuverl\u00e4ssig zu verschlie\u00dfen \u2013 speziell bei der Haltung von Jungspinnen oder Arten, die Drosophila als Futtertiere bekommen.<\/span><\/p>\n<p class=\"p1\"><span class=\"s1\">Dieses Set ist durchdacht bis ins Detail, funktional und sofort startklar \u2013 du musst es nur noch einrichten und deine Springspinne einziehen lassen.<\/span><\/p>\n","protected":false},"excerpt":{"rendered":"<p>Alles drin f\u00fcr deinen Einstieg \u2013 das Rundum-sorglos-Set f\u00fcr Springspinnen Mit dem Springspinnen Komplettset von Insektenliebe bekommst du alles, was du f\u00fcr einen erfolgreichen Start in die Haltung dieser neugierigen Achtbeiner brauchst \u2013 kompakt, durchdacht und sofort einsatzbereit. Perfekt f\u00fcr Einsteiger und Fortgeschrittene, die Wert auf Qualit\u00e4t und Tierwohl legen. Das Herzst\u00fcck bildet das Exo [&hellip;]<\/p>\n","protected":false},"featured_media":5420,"template":"","meta":{"_acf_changed":false},"product-supplier":[2554],"product_brand":[639],"product_cat":[2656],"product_tag":[],"lce-checkout-addons":[],"class_list":{"0":"post-5393","1":"product","2":"type-product","3":"status-publish","4":"has-post-thumbnail","6":"product_brand-exo-terra","7":"product_cat-komplettsets","8":"product_shipping_class-equipment-shipping","10":"first","11":"instock","12":"taxable","13":"shipping-taxable","14":"purchasable","15":"product-type-bundle"},"acf":[],"yoast_head":"<!-- This site is optimized with the Yoast SEO plugin v27.3 - https:\/\/yoast.com\/product\/yoast-seo-wordpress\/ -->\n<title>Springspinnen Komplettset - Insektenliebe<\/title>\n<meta name=\"description\" content=\"G\u00fcnstiges Springspinnen Komplettset direkt online kaufen. Wir haben ein sorgenfreies Komplettset f\u00fcr deine Springspinne zusammengestellt.\" \/>\n<meta name=\"robots\" content=\"index, follow, max-snippet:-1, max-image-preview:large, max-video-preview:-1\" \/>\n<link rel=\"canonical\" href=\"https:\/\/insektenliebe.com\/de\/shop\/produkt\/springspinnen-komplettset\/\" \/>\n<meta property=\"og:locale\" content=\"de_DE\" \/>\n<meta property=\"og:type\" content=\"article\" \/>\n<meta property=\"og:title\" content=\"Springspinnen Komplettset - Insektenliebe\" \/>\n<meta property=\"og:description\" content=\"G\u00fcnstiges Springspinnen Komplettset direkt online kaufen. Wir haben ein sorgenfreies Komplettset f\u00fcr deine Springspinne zusammengestellt.\" \/>\n<meta property=\"og:url\" content=\"https:\/\/insektenliebe.com\/de\/shop\/produkt\/springspinnen-komplettset\/\" \/>\n<meta property=\"og:site_name\" content=\"Insektenliebe\" \/>\n<meta property=\"article:modified_time\" content=\"2026-02-10T13:07:16+00:00\" \/>\n<meta property=\"og:image\" content=\"https:\/\/insektenliebe.com\/wp-content\/uploads\/2025\/05\/Springspinnen-Komplettset-scaled-3.jpg\" \/>\n\t<meta property=\"og:image:width\" content=\"2560\" \/>\n\t<meta property=\"og:image:height\" content=\"2560\" \/>\n\t<meta property=\"og:image:type\" content=\"image\/jpeg\" \/>\n<meta name=\"twitter:card\" content=\"summary_large_image\" \/>\n<meta name=\"twitter:label1\" content=\"Gesch\u00e4tzte Lesezeit\" \/>\n\t<meta name=\"twitter:data1\" content=\"2\u00a0Minuten\" \/>\n<script type=\"application\/ld+json\" class=\"yoast-schema-graph\">{\"@context\":\"https:\\\/\\\/schema.org\",\"@graph\":[{\"@type\":\"WebPage\",\"@id\":\"https:\\\/\\\/insektenliebe.com\\\/de\\\/shop\\\/produkt\\\/springspinnen-komplettset\\\/\",\"url\":\"https:\\\/\\\/insektenliebe.com\\\/de\\\/shop\\\/produkt\\\/springspinnen-komplettset\\\/\",\"name\":\"Springspinnen Komplettset - Insektenliebe\",\"isPartOf\":{\"@id\":\"https:\\\/\\\/insektenliebe.com\\\/de\\\/#website\"},\"primaryImageOfPage\":{\"@id\":\"https:\\\/\\\/insektenliebe.com\\\/de\\\/shop\\\/produkt\\\/springspinnen-komplettset\\\/#primaryimage\"},\"image\":{\"@id\":\"https:\\\/\\\/insektenliebe.com\\\/de\\\/shop\\\/produkt\\\/springspinnen-komplettset\\\/#primaryimage\"},\"thumbnailUrl\":\"https:\\\/\\\/insektenliebe.com\\\/wp-content\\\/uploads\\\/2025\\\/05\\\/Springspinnen-Komplettset-scaled-3.jpg\",\"datePublished\":\"2022-09-22T10:04:35+00:00\",\"dateModified\":\"2026-02-10T13:07:16+00:00\",\"description\":\"G\u00fcnstiges Springspinnen Komplettset direkt online kaufen. Wir haben ein sorgenfreies Komplettset f\u00fcr deine Springspinne zusammengestellt.\",\"breadcrumb\":{\"@id\":\"https:\\\/\\\/insektenliebe.com\\\/de\\\/shop\\\/produkt\\\/springspinnen-komplettset\\\/#breadcrumb\"},\"inLanguage\":\"de\",\"potentialAction\":[{\"@type\":\"ReadAction\",\"target\":[\"https:\\\/\\\/insektenliebe.com\\\/de\\\/shop\\\/produkt\\\/springspinnen-komplettset\\\/\"]}]},{\"@type\":\"ImageObject\",\"inLanguage\":\"de\",\"@id\":\"https:\\\/\\\/insektenliebe.com\\\/de\\\/shop\\\/produkt\\\/springspinnen-komplettset\\\/#primaryimage\",\"url\":\"https:\\\/\\\/insektenliebe.com\\\/wp-content\\\/uploads\\\/2025\\\/05\\\/Springspinnen-Komplettset-scaled-3.jpg\",\"contentUrl\":\"https:\\\/\\\/insektenliebe.com\\\/wp-content\\\/uploads\\\/2025\\\/05\\\/Springspinnen-Komplettset-scaled-3.jpg\",\"width\":2560,\"height\":2560,\"caption\":\"Springspinnen-Komplettset-scaled-3.jpg\"},{\"@type\":\"BreadcrumbList\",\"@id\":\"https:\\\/\\\/insektenliebe.com\\\/de\\\/shop\\\/produkt\\\/springspinnen-komplettset\\\/#breadcrumb\",\"itemListElement\":[{\"@type\":\"ListItem\",\"position\":1,\"name\":\"Startseite\",\"item\":\"https:\\\/\\\/insektenliebe.com\\\/de\\\/\"},{\"@type\":\"ListItem\",\"position\":2,\"name\":\"Shop\",\"item\":\"https:\\\/\\\/insektenliebe.com\\\/de\\\/shop\\\/\"},{\"@type\":\"ListItem\",\"position\":3,\"name\":\"Springspinnen Komplettset\"}]},{\"@type\":\"WebSite\",\"@id\":\"https:\\\/\\\/insektenliebe.com\\\/de\\\/#website\",\"url\":\"https:\\\/\\\/insektenliebe.com\\\/de\\\/\",\"name\":\"Insektenliebe\",\"description\":\"Dein Zuhause f\u00fcr die kleinen Lebewesen\",\"publisher\":{\"@id\":\"https:\\\/\\\/insektenliebe.com\\\/de\\\/#organization\"},\"potentialAction\":[{\"@type\":\"SearchAction\",\"target\":{\"@type\":\"EntryPoint\",\"urlTemplate\":\"https:\\\/\\\/insektenliebe.com\\\/de\\\/?s={search_term_string}\"},\"query-input\":{\"@type\":\"PropertyValueSpecification\",\"valueRequired\":true,\"valueName\":\"search_term_string\"}}],\"inLanguage\":\"de\"},{\"@type\":\"Organization\",\"@id\":\"https:\\\/\\\/insektenliebe.com\\\/de\\\/#organization\",\"name\":\"Insektenliebe\",\"url\":\"https:\\\/\\\/insektenliebe.com\\\/de\\\/\",\"logo\":{\"@type\":\"ImageObject\",\"inLanguage\":\"de\",\"@id\":\"https:\\\/\\\/insektenliebe.com\\\/de\\\/#\\\/schema\\\/logo\\\/image\\\/\",\"url\":\"https:\\\/\\\/insektenliebe.com\\\/wp-content\\\/uploads\\\/2025\\\/03\\\/logo-white.png\",\"contentUrl\":\"https:\\\/\\\/insektenliebe.com\\\/wp-content\\\/uploads\\\/2025\\\/03\\\/logo-white.png\",\"width\":288,\"height\":188,\"caption\":\"Insektenliebe\"},\"image\":{\"@id\":\"https:\\\/\\\/insektenliebe.com\\\/de\\\/#\\\/schema\\\/logo\\\/image\\\/\"}}]}<\/script>\n<!-- \/ Yoast SEO plugin. -->","yoast_head_json":{"title":"Springspinnen Komplettset - Insektenliebe","description":"G\u00fcnstiges Springspinnen Komplettset direkt online kaufen. Wir haben ein sorgenfreies Komplettset f\u00fcr deine Springspinne zusammengestellt.","robots":{"index":"index","follow":"follow","max-snippet":"max-snippet:-1","max-image-preview":"max-image-preview:large","max-video-preview":"max-video-preview:-1"},"canonical":"https:\/\/insektenliebe.com\/de\/shop\/produkt\/springspinnen-komplettset\/","og_locale":"de_DE","og_type":"article","og_title":"Springspinnen Komplettset - Insektenliebe","og_description":"G\u00fcnstiges Springspinnen Komplettset direkt online kaufen. Wir haben ein sorgenfreies Komplettset f\u00fcr deine Springspinne zusammengestellt.","og_url":"https:\/\/insektenliebe.com\/de\/shop\/produkt\/springspinnen-komplettset\/","og_site_name":"Insektenliebe","article_modified_time":"2026-02-10T13:07:16+00:00","og_image":[{"width":2560,"height":2560,"url":"https:\/\/insektenliebe.com\/wp-content\/uploads\/2025\/05\/Springspinnen-Komplettset-scaled-3.jpg","type":"image\/jpeg"}],"twitter_card":"summary_large_image","twitter_misc":{"Gesch\u00e4tzte Lesezeit":"2\u00a0Minuten"},"schema":{"@context":"https:\/\/schema.org","@graph":[{"@type":"WebPage","@id":"https:\/\/insektenliebe.com\/de\/shop\/produkt\/springspinnen-komplettset\/","url":"https:\/\/insektenliebe.com\/de\/shop\/produkt\/springspinnen-komplettset\/","name":"Springspinnen Komplettset - Insektenliebe","isPartOf":{"@id":"https:\/\/insektenliebe.com\/de\/#website"},"primaryImageOfPage":{"@id":"https:\/\/insektenliebe.com\/de\/shop\/produkt\/springspinnen-komplettset\/#primaryimage"},"image":{"@id":"https:\/\/insektenliebe.com\/de\/shop\/produkt\/springspinnen-komplettset\/#primaryimage"},"thumbnailUrl":"https:\/\/insektenliebe.com\/wp-content\/uploads\/2025\/05\/Springspinnen-Komplettset-scaled-3.jpg","datePublished":"2022-09-22T10:04:35+00:00","dateModified":"2026-02-10T13:07:16+00:00","description":"G\u00fcnstiges Springspinnen Komplettset direkt online kaufen. Wir haben ein sorgenfreies Komplettset f\u00fcr deine Springspinne zusammengestellt.","breadcrumb":{"@id":"https:\/\/insektenliebe.com\/de\/shop\/produkt\/springspinnen-komplettset\/#breadcrumb"},"inLanguage":"de","potentialAction":[{"@type":"ReadAction","target":["https:\/\/insektenliebe.com\/de\/shop\/produkt\/springspinnen-komplettset\/"]}]},{"@type":"ImageObject","inLanguage":"de","@id":"https:\/\/insektenliebe.com\/de\/shop\/produkt\/springspinnen-komplettset\/#primaryimage","url":"https:\/\/insektenliebe.com\/wp-content\/uploads\/2025\/05\/Springspinnen-Komplettset-scaled-3.jpg","contentUrl":"https:\/\/insektenliebe.com\/wp-content\/uploads\/2025\/05\/Springspinnen-Komplettset-scaled-3.jpg","width":2560,"height":2560,"caption":"Springspinnen-Komplettset-scaled-3.jpg"},{"@type":"BreadcrumbList","@id":"https:\/\/insektenliebe.com\/de\/shop\/produkt\/springspinnen-komplettset\/#breadcrumb","itemListElement":[{"@type":"ListItem","position":1,"name":"Startseite","item":"https:\/\/insektenliebe.com\/de\/"},{"@type":"ListItem","position":2,"name":"Shop","item":"https:\/\/insektenliebe.com\/de\/shop\/"},{"@type":"ListItem","position":3,"name":"Springspinnen Komplettset"}]},{"@type":"WebSite","@id":"https:\/\/insektenliebe.com\/de\/#website","url":"https:\/\/insektenliebe.com\/de\/","name":"Insektenliebe","description":"Dein Zuhause f\u00fcr die kleinen Lebewesen","publisher":{"@id":"https:\/\/insektenliebe.com\/de\/#organization"},"potentialAction":[{"@type":"SearchAction","target":{"@type":"EntryPoint","urlTemplate":"https:\/\/insektenliebe.com\/de\/?s={search_term_string}"},"query-input":{"@type":"PropertyValueSpecification","valueRequired":true,"valueName":"search_term_string"}}],"inLanguage":"de"},{"@type":"Organization","@id":"https:\/\/insektenliebe.com\/de\/#organization","name":"Insektenliebe","url":"https:\/\/insektenliebe.com\/de\/","logo":{"@type":"ImageObject","inLanguage":"de","@id":"https:\/\/insektenliebe.com\/de\/#\/schema\/logo\/image\/","url":"https:\/\/insektenliebe.com\/wp-content\/uploads\/2025\/03\/logo-white.png","contentUrl":"https:\/\/insektenliebe.com\/wp-content\/uploads\/2025\/03\/logo-white.png","width":288,"height":188,"caption":"Insektenliebe"},"image":{"@id":"https:\/\/insektenliebe.com\/de\/#\/schema\/logo\/image\/"}}]}},"_links":{"self":[{"href":"https:\/\/insektenliebe.com\/de\/wp-json\/wp\/v2\/product\/5393","targetHints":{"allow":["GET"]}}],"collection":[{"href":"https:\/\/insektenliebe.com\/de\/wp-json\/wp\/v2\/product"}],"about":[{"href":"https:\/\/insektenliebe.com\/de\/wp-json\/wp\/v2\/types\/product"}],"wp:featuredmedia":[{"embeddable":true,"href":"https:\/\/insektenliebe.com\/de\/wp-json\/wp\/v2\/media\/5420"}],"wp:attachment":[{"href":"https:\/\/insektenliebe.com\/de\/wp-json\/wp\/v2\/media?parent=5393"}],"wp:term":[{"taxonomy":"product-supplier","embeddable":true,"href":"https:\/\/insektenliebe.com\/de\/wp-json\/wp\/v2\/product-supplier?post=5393"},{"taxonomy":"product_brand","embeddable":true,"href":"https:\/\/insektenliebe.com\/de\/wp-json\/wp\/v2\/product_brand?post=5393"},{"taxonomy":"product_cat","embeddable":true,"href":"https:\/\/insektenliebe.com\/de\/wp-json\/wp\/v2\/product_cat?post=5393"},{"taxonomy":"product_tag","embeddable":true,"href":"https:\/\/insektenliebe.com\/de\/wp-json\/wp\/v2\/product_tag?post=5393"},{"taxonomy":"lce-checkout-addons","embeddable":true,"href":"https:\/\/insektenliebe.com\/de\/wp-json\/wp\/v2\/lce-checkout-addons?post=5393"}],"curies":[{"name":"wp","href":"https:\/\/api.w.org\/{rel}","templated":true}]}}