{"id":5388,"date":"2022-08-14T14:40:00","date_gmt":"2022-08-14T12:40:00","guid":{"rendered":"http:\/\/localhost\/ins-test\/?post_type=product&#038;p=5388"},"modified":"2025-12-27T21:07:32","modified_gmt":"2025-12-27T20:07:32","slug":"ficus-scandens-quercifolia","status":"publish","type":"product","link":"https:\/\/insektenliebe.com\/de\/shop\/produkt\/ficus-scandens-quercifolia\/","title":{"rendered":"Ficus scandens quercifolia"},"content":{"rendered":"<h3><span style=\"color: #99cc33\">Kurzbeschreibung:<\/span><\/h3>\n<p>Die aus Kolumbien stammende Pflanzenart eignet sich hervorragend als Bodendecker im Terrarium. <strong>Ficus scandens quercifolia<\/strong> schafft nicht nur eine nat\u00fcrliche Umgebung im Terrarium, sondern erh\u00f6ht gleichzeitig die Luftfeuchtigkeit. Sie klettert auch an Dekorationsgegenst\u00e4nden wie Korkrinde oder Wurzeln hoch und verwandelt euer Terrarium in eine naturgetreue Landschaft.<\/p>\n<p>Im Gegensatz zu Ficus pumila, die auch oft in unterschiedlichen Gartencentern angeboten werden, sind die Bl\u00e4tter nur halb so gro\u00df.<br \/>\n<strong>Ficus scandens quercifolia<\/strong> ist nicht schwierig zu vermehren. Man schneidet einfach einen Trieb ab und kann ihn direkt in ein anderes Terrarium einpflanzen.<\/p>\n<p>Die Lichtanspr\u00fcche dieser Pflanzenart sind relativ gering und man ben\u00f6tigt keine LED Beleuchtung, sondern nur einen hellen Standort.<\/p>\n","protected":false},"excerpt":{"rendered":"<p>Kurzbeschreibung: Die aus Kolumbien stammende Pflanzenart eignet sich hervorragend als Bodendecker im Terrarium. Ficus scandens quercifolia schafft nicht nur eine nat\u00fcrliche Umgebung im Terrarium, sondern erh\u00f6ht gleichzeitig die Luftfeuchtigkeit. Sie klettert auch an Dekorationsgegenst\u00e4nden wie Korkrinde oder Wurzeln hoch und verwandelt euer Terrarium in eine naturgetreue Landschaft. Im Gegensatz zu Ficus pumila, die auch oft [&hellip;]<\/p>\n","protected":false},"featured_media":5415,"template":"","meta":{"_acf_changed":false},"product-supplier":[],"product_brand":[],"product_cat":[414],"product_tag":[],"lce-checkout-addons":[1202],"class_list":{"0":"post-5388","1":"product","2":"type-product","3":"status-publish","4":"has-post-thumbnail","6":"product_cat-terrarienpflanzen","7":"product_shipping_class-equipment-shipping","8":"pa_herkunft-kolumbien","9":"lce-checkout-addons-winterverpackung","11":"first","12":"outofstock","13":"taxable","14":"shipping-taxable","15":"purchasable","16":"product-type-simple"},"acf":[],"yoast_head":"<!-- This site is optimized with the Yoast SEO plugin v27.3 - https:\/\/yoast.com\/product\/yoast-seo-wordpress\/ -->\n<title>Ficus scandens quercifolia - Insektenliebe<\/title>\n<meta name=\"description\" content=\"G\u00fcnstige Ficus scandens quercifolia direkt online kaufen. Der perfekte Bodendecker f\u00fcr das Terrarium. Pflanze mit geringen Anspr\u00fcchen.\" \/>\n<meta name=\"robots\" content=\"index, follow, max-snippet:-1, max-image-preview:large, max-video-preview:-1\" \/>\n<link rel=\"canonical\" href=\"https:\/\/insektenliebe.com\/de\/shop\/produkt\/ficus-scandens-quercifolia\/\" \/>\n<meta property=\"og:locale\" content=\"de_DE\" \/>\n<meta property=\"og:type\" content=\"article\" \/>\n<meta property=\"og:title\" content=\"Ficus scandens quercifolia - Insektenliebe\" \/>\n<meta property=\"og:description\" content=\"G\u00fcnstige Ficus scandens quercifolia direkt online kaufen. Der perfekte Bodendecker f\u00fcr das Terrarium. Pflanze mit geringen Anspr\u00fcchen.\" \/>\n<meta property=\"og:url\" content=\"https:\/\/insektenliebe.com\/de\/shop\/produkt\/ficus-scandens-quercifolia\/\" \/>\n<meta property=\"og:site_name\" content=\"Insektenliebe\" \/>\n<meta property=\"article:modified_time\" content=\"2025-12-27T20:07:32+00:00\" \/>\n<meta property=\"og:image\" content=\"https:\/\/insektenliebe.com\/wp-content\/uploads\/2025\/05\/Ficus-scandens-quercifolia-2.jpg\" \/>\n\t<meta property=\"og:image:width\" content=\"820\" \/>\n\t<meta property=\"og:image:height\" content=\"820\" \/>\n\t<meta property=\"og:image:type\" content=\"image\/jpeg\" \/>\n<meta name=\"twitter:card\" content=\"summary_large_image\" \/>\n<meta name=\"twitter:label1\" content=\"Gesch\u00e4tzte Lesezeit\" \/>\n\t<meta name=\"twitter:data1\" content=\"1\u00a0Minute\" \/>\n<script type=\"application\/ld+json\" class=\"yoast-schema-graph\">{\"@context\":\"https:\\\/\\\/schema.org\",\"@graph\":[{\"@type\":\"WebPage\",\"@id\":\"https:\\\/\\\/insektenliebe.com\\\/de\\\/shop\\\/produkt\\\/ficus-scandens-quercifolia\\\/\",\"url\":\"https:\\\/\\\/insektenliebe.com\\\/de\\\/shop\\\/produkt\\\/ficus-scandens-quercifolia\\\/\",\"name\":\"Ficus scandens quercifolia - Insektenliebe\",\"isPartOf\":{\"@id\":\"https:\\\/\\\/insektenliebe.com\\\/de\\\/#website\"},\"primaryImageOfPage\":{\"@id\":\"https:\\\/\\\/insektenliebe.com\\\/de\\\/shop\\\/produkt\\\/ficus-scandens-quercifolia\\\/#primaryimage\"},\"image\":{\"@id\":\"https:\\\/\\\/insektenliebe.com\\\/de\\\/shop\\\/produkt\\\/ficus-scandens-quercifolia\\\/#primaryimage\"},\"thumbnailUrl\":\"https:\\\/\\\/insektenliebe.com\\\/wp-content\\\/uploads\\\/2025\\\/05\\\/Ficus-scandens-quercifolia-2.jpg\",\"datePublished\":\"2022-08-14T12:40:00+00:00\",\"dateModified\":\"2025-12-27T20:07:32+00:00\",\"description\":\"G\u00fcnstige Ficus scandens quercifolia direkt online kaufen. Der perfekte Bodendecker f\u00fcr das Terrarium. Pflanze mit geringen Anspr\u00fcchen.\",\"breadcrumb\":{\"@id\":\"https:\\\/\\\/insektenliebe.com\\\/de\\\/shop\\\/produkt\\\/ficus-scandens-quercifolia\\\/#breadcrumb\"},\"inLanguage\":\"de\",\"potentialAction\":[{\"@type\":\"ReadAction\",\"target\":[\"https:\\\/\\\/insektenliebe.com\\\/de\\\/shop\\\/produkt\\\/ficus-scandens-quercifolia\\\/\"]}]},{\"@type\":\"ImageObject\",\"inLanguage\":\"de\",\"@id\":\"https:\\\/\\\/insektenliebe.com\\\/de\\\/shop\\\/produkt\\\/ficus-scandens-quercifolia\\\/#primaryimage\",\"url\":\"https:\\\/\\\/insektenliebe.com\\\/wp-content\\\/uploads\\\/2025\\\/05\\\/Ficus-scandens-quercifolia-2.jpg\",\"contentUrl\":\"https:\\\/\\\/insektenliebe.com\\\/wp-content\\\/uploads\\\/2025\\\/05\\\/Ficus-scandens-quercifolia-2.jpg\",\"width\":820,\"height\":820,\"caption\":\"Ficus-scandens-quercifolia-2.jpg\"},{\"@type\":\"BreadcrumbList\",\"@id\":\"https:\\\/\\\/insektenliebe.com\\\/de\\\/shop\\\/produkt\\\/ficus-scandens-quercifolia\\\/#breadcrumb\",\"itemListElement\":[{\"@type\":\"ListItem\",\"position\":1,\"name\":\"Startseite\",\"item\":\"https:\\\/\\\/insektenliebe.com\\\/de\\\/\"},{\"@type\":\"ListItem\",\"position\":2,\"name\":\"Shop\",\"item\":\"https:\\\/\\\/insektenliebe.com\\\/de\\\/shop\\\/\"},{\"@type\":\"ListItem\",\"position\":3,\"name\":\"Ficus scandens quercifolia\"}]},{\"@type\":\"WebSite\",\"@id\":\"https:\\\/\\\/insektenliebe.com\\\/de\\\/#website\",\"url\":\"https:\\\/\\\/insektenliebe.com\\\/de\\\/\",\"name\":\"Insektenliebe\",\"description\":\"Dein Zuhause f\u00fcr die kleinen Lebewesen\",\"publisher\":{\"@id\":\"https:\\\/\\\/insektenliebe.com\\\/de\\\/#organization\"},\"potentialAction\":[{\"@type\":\"SearchAction\",\"target\":{\"@type\":\"EntryPoint\",\"urlTemplate\":\"https:\\\/\\\/insektenliebe.com\\\/de\\\/?s={search_term_string}\"},\"query-input\":{\"@type\":\"PropertyValueSpecification\",\"valueRequired\":true,\"valueName\":\"search_term_string\"}}],\"inLanguage\":\"de\"},{\"@type\":\"Organization\",\"@id\":\"https:\\\/\\\/insektenliebe.com\\\/de\\\/#organization\",\"name\":\"Insektenliebe\",\"url\":\"https:\\\/\\\/insektenliebe.com\\\/de\\\/\",\"logo\":{\"@type\":\"ImageObject\",\"inLanguage\":\"de\",\"@id\":\"https:\\\/\\\/insektenliebe.com\\\/de\\\/#\\\/schema\\\/logo\\\/image\\\/\",\"url\":\"https:\\\/\\\/insektenliebe.com\\\/wp-content\\\/uploads\\\/2025\\\/03\\\/logo-white.png\",\"contentUrl\":\"https:\\\/\\\/insektenliebe.com\\\/wp-content\\\/uploads\\\/2025\\\/03\\\/logo-white.png\",\"width\":288,\"height\":188,\"caption\":\"Insektenliebe\"},\"image\":{\"@id\":\"https:\\\/\\\/insektenliebe.com\\\/de\\\/#\\\/schema\\\/logo\\\/image\\\/\"}}]}<\/script>\n<!-- \/ Yoast SEO plugin. -->","yoast_head_json":{"title":"Ficus scandens quercifolia - Insektenliebe","description":"G\u00fcnstige Ficus scandens quercifolia direkt online kaufen. Der perfekte Bodendecker f\u00fcr das Terrarium. Pflanze mit geringen Anspr\u00fcchen.","robots":{"index":"index","follow":"follow","max-snippet":"max-snippet:-1","max-image-preview":"max-image-preview:large","max-video-preview":"max-video-preview:-1"},"canonical":"https:\/\/insektenliebe.com\/de\/shop\/produkt\/ficus-scandens-quercifolia\/","og_locale":"de_DE","og_type":"article","og_title":"Ficus scandens quercifolia - Insektenliebe","og_description":"G\u00fcnstige Ficus scandens quercifolia direkt online kaufen. Der perfekte Bodendecker f\u00fcr das Terrarium. Pflanze mit geringen Anspr\u00fcchen.","og_url":"https:\/\/insektenliebe.com\/de\/shop\/produkt\/ficus-scandens-quercifolia\/","og_site_name":"Insektenliebe","article_modified_time":"2025-12-27T20:07:32+00:00","og_image":[{"width":820,"height":820,"url":"https:\/\/insektenliebe.com\/wp-content\/uploads\/2025\/05\/Ficus-scandens-quercifolia-2.jpg","type":"image\/jpeg"}],"twitter_card":"summary_large_image","twitter_misc":{"Gesch\u00e4tzte Lesezeit":"1\u00a0Minute"},"schema":{"@context":"https:\/\/schema.org","@graph":[{"@type":"WebPage","@id":"https:\/\/insektenliebe.com\/de\/shop\/produkt\/ficus-scandens-quercifolia\/","url":"https:\/\/insektenliebe.com\/de\/shop\/produkt\/ficus-scandens-quercifolia\/","name":"Ficus scandens quercifolia - Insektenliebe","isPartOf":{"@id":"https:\/\/insektenliebe.com\/de\/#website"},"primaryImageOfPage":{"@id":"https:\/\/insektenliebe.com\/de\/shop\/produkt\/ficus-scandens-quercifolia\/#primaryimage"},"image":{"@id":"https:\/\/insektenliebe.com\/de\/shop\/produkt\/ficus-scandens-quercifolia\/#primaryimage"},"thumbnailUrl":"https:\/\/insektenliebe.com\/wp-content\/uploads\/2025\/05\/Ficus-scandens-quercifolia-2.jpg","datePublished":"2022-08-14T12:40:00+00:00","dateModified":"2025-12-27T20:07:32+00:00","description":"G\u00fcnstige Ficus scandens quercifolia direkt online kaufen. Der perfekte Bodendecker f\u00fcr das Terrarium. Pflanze mit geringen Anspr\u00fcchen.","breadcrumb":{"@id":"https:\/\/insektenliebe.com\/de\/shop\/produkt\/ficus-scandens-quercifolia\/#breadcrumb"},"inLanguage":"de","potentialAction":[{"@type":"ReadAction","target":["https:\/\/insektenliebe.com\/de\/shop\/produkt\/ficus-scandens-quercifolia\/"]}]},{"@type":"ImageObject","inLanguage":"de","@id":"https:\/\/insektenliebe.com\/de\/shop\/produkt\/ficus-scandens-quercifolia\/#primaryimage","url":"https:\/\/insektenliebe.com\/wp-content\/uploads\/2025\/05\/Ficus-scandens-quercifolia-2.jpg","contentUrl":"https:\/\/insektenliebe.com\/wp-content\/uploads\/2025\/05\/Ficus-scandens-quercifolia-2.jpg","width":820,"height":820,"caption":"Ficus-scandens-quercifolia-2.jpg"},{"@type":"BreadcrumbList","@id":"https:\/\/insektenliebe.com\/de\/shop\/produkt\/ficus-scandens-quercifolia\/#breadcrumb","itemListElement":[{"@type":"ListItem","position":1,"name":"Startseite","item":"https:\/\/insektenliebe.com\/de\/"},{"@type":"ListItem","position":2,"name":"Shop","item":"https:\/\/insektenliebe.com\/de\/shop\/"},{"@type":"ListItem","position":3,"name":"Ficus scandens quercifolia"}]},{"@type":"WebSite","@id":"https:\/\/insektenliebe.com\/de\/#website","url":"https:\/\/insektenliebe.com\/de\/","name":"Insektenliebe","description":"Dein Zuhause f\u00fcr die kleinen Lebewesen","publisher":{"@id":"https:\/\/insektenliebe.com\/de\/#organization"},"potentialAction":[{"@type":"SearchAction","target":{"@type":"EntryPoint","urlTemplate":"https:\/\/insektenliebe.com\/de\/?s={search_term_string}"},"query-input":{"@type":"PropertyValueSpecification","valueRequired":true,"valueName":"search_term_string"}}],"inLanguage":"de"},{"@type":"Organization","@id":"https:\/\/insektenliebe.com\/de\/#organization","name":"Insektenliebe","url":"https:\/\/insektenliebe.com\/de\/","logo":{"@type":"ImageObject","inLanguage":"de","@id":"https:\/\/insektenliebe.com\/de\/#\/schema\/logo\/image\/","url":"https:\/\/insektenliebe.com\/wp-content\/uploads\/2025\/03\/logo-white.png","contentUrl":"https:\/\/insektenliebe.com\/wp-content\/uploads\/2025\/03\/logo-white.png","width":288,"height":188,"caption":"Insektenliebe"},"image":{"@id":"https:\/\/insektenliebe.com\/de\/#\/schema\/logo\/image\/"}}]}},"_links":{"self":[{"href":"https:\/\/insektenliebe.com\/de\/wp-json\/wp\/v2\/product\/5388","targetHints":{"allow":["GET"]}}],"collection":[{"href":"https:\/\/insektenliebe.com\/de\/wp-json\/wp\/v2\/product"}],"about":[{"href":"https:\/\/insektenliebe.com\/de\/wp-json\/wp\/v2\/types\/product"}],"wp:featuredmedia":[{"embeddable":true,"href":"https:\/\/insektenliebe.com\/de\/wp-json\/wp\/v2\/media\/5415"}],"wp:attachment":[{"href":"https:\/\/insektenliebe.com\/de\/wp-json\/wp\/v2\/media?parent=5388"}],"wp:term":[{"taxonomy":"product-supplier","embeddable":true,"href":"https:\/\/insektenliebe.com\/de\/wp-json\/wp\/v2\/product-supplier?post=5388"},{"taxonomy":"product_brand","embeddable":true,"href":"https:\/\/insektenliebe.com\/de\/wp-json\/wp\/v2\/product_brand?post=5388"},{"taxonomy":"product_cat","embeddable":true,"href":"https:\/\/insektenliebe.com\/de\/wp-json\/wp\/v2\/product_cat?post=5388"},{"taxonomy":"product_tag","embeddable":true,"href":"https:\/\/insektenliebe.com\/de\/wp-json\/wp\/v2\/product_tag?post=5388"},{"taxonomy":"lce-checkout-addons","embeddable":true,"href":"https:\/\/insektenliebe.com\/de\/wp-json\/wp\/v2\/lce-checkout-addons?post=5388"}],"curies":[{"name":"wp","href":"https:\/\/api.w.org\/{rel}","templated":true}]}}