{"id":5356,"date":"2022-09-10T10:56:52","date_gmt":"2022-09-10T08:56:52","guid":{"rendered":"http:\/\/localhost\/ins-test\/?post_type=product&#038;p=5356"},"modified":"2026-03-06T18:41:13","modified_gmt":"2026-03-06T17:41:13","slug":"thrixopelma-pruriens","status":"publish","type":"product","link":"https:\/\/insektenliebe.com\/de\/shop\/produkt\/thrixopelma-pruriens\/","title":{"rendered":"Thrixopelma pruriens"},"content":{"rendered":"<h3>Leicht<\/h3>\n<h3>Peru<\/h3>\n<h3>7 CM<\/h3>\n<h3>24-27 \u00b0C<\/h3>\n<h3><span style=\"color: #99cc33;\">Kurzbeschreibung zu Thrixopelma pruriens:<\/span><\/h3>\n<div class=\"MuiGrid-root MuiGrid-item MuiGrid-grid-xs-12 MuiGrid-grid-sm-6\">\n<div><strong>Thrixopelma pruriens<\/strong> ist optisch eine sehr ansprechende Vogelspinne. Der Carapax\/Prosoma (Vorderk\u00f6rper) hat eine gl\u00e4nzende olivgr\u00fcne bis goldene Farbe und steht in einem tollen Kontrast zu den roten Haaren, die sich auf dem Abdomen (Hinterleib) befinden.<\/div>\n<div>Das Terrarium f\u00fcr eine adulte <strong>Thrixopelma pruriens<\/strong> sollte mindestens die Ma\u00dfe 40 \u00d7 30 \u00d7 30 cm haben. Jungspinnen h\u00e4lt man am besten in ausbruchsicheren Dosen. Ab FH5 kann man die Jungspinnen in ihr Endterrarium setzen und vorher nochmal das Terrarium genau auf Kabelschlitze und generelle Angebote zum Ausbrechen durchsuchen. Bei dieser Art sollte man mehr auf die Grundfl\u00e4che achten und nicht so auf die H\u00f6he, da <strong>Thrixopelma pruriens<\/strong>\u00a0nicht klettern. Eigentlich ist eher das Gegenteil der Fall. Sie graben sich gerne H\u00f6hlen und daher sollte man dieser Art eine\u00a0<span class=\"hiddenSpellError\">Substrath\u00f6he<\/span> von mindestens 10 cm anbieten. Gerne graben sie ihren Bau unter einer Korkrinde oder Wurzel, die man als Dekoration anbieten kann. Das Substrat sollte in der einer <span class=\"hiddenSpellError\">Terrariumh\u00e4lfte<\/span> feucht sein und in der anderen trocken. Sprich, man feuchtet immer nur eine Seite an und erreicht dadurch eine Luftfeuchtigkeit von 60-70%. Pflanzen sorgen zus\u00e4tzlich f\u00fcr ein gutes Klima und helfen einem dabei, Staun\u00e4sse zu vermeiden.<\/div>\n<\/div>\n<p><img decoding=\"async\" src=\"https:\/\/insektenliebe.com\/wp-content\/uploads\/2022\/09\/Thrixopelma-pruriens-Prosoma.jpg\" alt=\"Thrixopelma pruriens-Prosoma\" \/><\/p>\n<p><img decoding=\"async\" src=\"https:\/\/insektenliebe.com\/wp-content\/uploads\/2022\/09\/Thrixopelma-pruriens-Abdomen.jpg\" alt=\"Thrixopelma pruriens-Abdomen\" \/><\/p>\n<div class=\"MuiGrid-root MuiGrid-item MuiGrid-grid-xs-12 MuiGrid-grid-sm-6\">\n<div>Ein Wassernapf sollte auch bei dieser Art nicht fehlen. Sie nehmen nicht nur Wasser aus dem Napf auf, sondern benutzen diesen auch gerne als Toilette. F\u00fcr viele ist das unverst\u00e4ndlich, klar wer macht sein Gesch\u00e4ft in sein Trinkgef\u00e4\u00df? Und das ist nicht nur bei <strong>Thrixopelma pruriens<\/strong>\u00a0der Fall, sondern generell bei vielen bodenbewohnenden Vogelspinnen. Wasser bedeutet f\u00fcr Vogelspinnen auch Entsorgung, da sie von einem flie\u00dfendem Gew\u00e4sser ausgehen. Nicht selten, transportieren sie auch nach einer H\u00e4utung ihre Haut in den Wassernapf.<\/div>\n<div><strong>Thrixopelma pruriens<\/strong> sitzt tags\u00fcber in ihrer H\u00f6hle und kommt abends raus<span class=\"hiddenGrammarError\">\u00a0um<\/span>\u00a0Futter zu suchen oder Wasser aufzunehmen. Dieses Verhalten kann man als normale Lebensweise\u00a0<span class=\"hiddenGrammarError\">ansehen sobald<\/span>\u00a0sich das Tier eingelebt hat. Sobald sie tags\u00fcber fast rastlos unterwegs ist, stimmt bei der eurer Haltung irgendetwas nicht und ihr solltet nochmal alle Parameter \u00fcberpr\u00fcfen.<br \/>\nDiese Art ist unkompliziert in der Haltung und geht gierig an jedes Futtertier. Daher w\u00e4chst diese Art auch schnell und man hat sehr schnell, eine interessante und gro\u00dfe Vogelspinne in seinem Terrarium.<\/div>\n<div><\/div>\n<\/div>\n<p><strong>Aktuelle Gr\u00f6\u00dfe: FH2\/FH3<br \/>\nSchlupfdatum: 07\/2022<\/strong><\/p>\n<h3><span style=\"color: #99cc33;\"><strong>Produkte f\u00fcr Thrixopelma pruriens:<\/strong><\/span><\/h3>\n","protected":false},"excerpt":{"rendered":"<p>Leicht Peru 7 CM 24-27 \u00b0C Kurzbeschreibung zu Thrixopelma pruriens: Thrixopelma pruriens ist optisch eine sehr ansprechende Vogelspinne. Der Carapax\/Prosoma (Vorderk\u00f6rper) hat eine gl\u00e4nzende olivgr\u00fcne bis goldene Farbe und steht in einem tollen Kontrast zu den roten Haaren, die sich auf dem Abdomen (Hinterleib) befinden. Das Terrarium f\u00fcr eine adulte Thrixopelma pruriens sollte mindestens die [&hellip;]<\/p>\n","protected":false},"featured_media":5386,"template":"","meta":{"_acf_changed":false},"product-supplier":[],"product_brand":[],"product_cat":[626,48],"product_tag":[],"lce-checkout-addons":[1202],"class_list":{"0":"post-5356","1":"product","2":"type-product","3":"status-publish","4":"has-post-thumbnail","6":"product_cat-spinnen","7":"product_cat-vogelspinnen","8":"product_shipping_class-animal-shipping","9":"lce-checkout-addons-winterverpackung","11":"first","12":"outofstock","13":"taxable","14":"shipping-taxable","15":"purchasable","16":"product-type-simple"},"acf":[],"yoast_head":"<!-- This site is optimized with the Yoast SEO plugin v27.3 - https:\/\/yoast.com\/product\/yoast-seo-wordpress\/ -->\n<title>Thrixopelma pruriens - Insektenliebe<\/title>\n<meta name=\"description\" content=\"G\u00fcnstige Thrixopelma pruriens direkt online kaufen. Einfach in der Haltung und interessant zum Beobachten.\" \/>\n<meta name=\"robots\" content=\"index, follow, max-snippet:-1, max-image-preview:large, max-video-preview:-1\" \/>\n<link rel=\"canonical\" href=\"https:\/\/insektenliebe.com\/de\/shop\/produkt\/thrixopelma-pruriens\/\" \/>\n<meta property=\"og:locale\" content=\"de_DE\" \/>\n<meta property=\"og:type\" content=\"article\" \/>\n<meta property=\"og:title\" content=\"Thrixopelma pruriens - Insektenliebe\" \/>\n<meta property=\"og:description\" content=\"G\u00fcnstige Thrixopelma pruriens direkt online kaufen. Einfach in der Haltung und interessant zum Beobachten.\" \/>\n<meta property=\"og:url\" content=\"https:\/\/insektenliebe.com\/de\/shop\/produkt\/thrixopelma-pruriens\/\" \/>\n<meta property=\"og:site_name\" content=\"Insektenliebe\" \/>\n<meta property=\"article:modified_time\" content=\"2026-03-06T17:41:13+00:00\" \/>\n<meta property=\"og:image\" content=\"https:\/\/insektenliebe.com\/wp-content\/uploads\/2025\/05\/Thrixopelma-pruriens-1-2.jpg\" \/>\n\t<meta property=\"og:image:width\" content=\"1096\" \/>\n\t<meta property=\"og:image:height\" content=\"1096\" \/>\n\t<meta property=\"og:image:type\" content=\"image\/jpeg\" \/>\n<meta name=\"twitter:card\" content=\"summary_large_image\" \/>\n<meta name=\"twitter:label1\" content=\"Gesch\u00e4tzte Lesezeit\" \/>\n\t<meta name=\"twitter:data1\" content=\"3\u00a0Minuten\" \/>\n<script type=\"application\/ld+json\" class=\"yoast-schema-graph\">{\"@context\":\"https:\\\/\\\/schema.org\",\"@graph\":[{\"@type\":\"WebPage\",\"@id\":\"https:\\\/\\\/insektenliebe.com\\\/de\\\/shop\\\/produkt\\\/thrixopelma-pruriens\\\/\",\"url\":\"https:\\\/\\\/insektenliebe.com\\\/de\\\/shop\\\/produkt\\\/thrixopelma-pruriens\\\/\",\"name\":\"Thrixopelma pruriens - Insektenliebe\",\"isPartOf\":{\"@id\":\"https:\\\/\\\/insektenliebe.com\\\/de\\\/#website\"},\"primaryImageOfPage\":{\"@id\":\"https:\\\/\\\/insektenliebe.com\\\/de\\\/shop\\\/produkt\\\/thrixopelma-pruriens\\\/#primaryimage\"},\"image\":{\"@id\":\"https:\\\/\\\/insektenliebe.com\\\/de\\\/shop\\\/produkt\\\/thrixopelma-pruriens\\\/#primaryimage\"},\"thumbnailUrl\":\"https:\\\/\\\/insektenliebe.com\\\/wp-content\\\/uploads\\\/2025\\\/05\\\/Thrixopelma-pruriens-1-2.jpg\",\"datePublished\":\"2022-09-10T08:56:52+00:00\",\"dateModified\":\"2026-03-06T17:41:13+00:00\",\"description\":\"G\u00fcnstige Thrixopelma pruriens direkt online kaufen. Einfach in der Haltung und interessant zum Beobachten.\",\"breadcrumb\":{\"@id\":\"https:\\\/\\\/insektenliebe.com\\\/de\\\/shop\\\/produkt\\\/thrixopelma-pruriens\\\/#breadcrumb\"},\"inLanguage\":\"de\",\"potentialAction\":[{\"@type\":\"ReadAction\",\"target\":[\"https:\\\/\\\/insektenliebe.com\\\/de\\\/shop\\\/produkt\\\/thrixopelma-pruriens\\\/\"]}]},{\"@type\":\"ImageObject\",\"inLanguage\":\"de\",\"@id\":\"https:\\\/\\\/insektenliebe.com\\\/de\\\/shop\\\/produkt\\\/thrixopelma-pruriens\\\/#primaryimage\",\"url\":\"https:\\\/\\\/insektenliebe.com\\\/wp-content\\\/uploads\\\/2025\\\/05\\\/Thrixopelma-pruriens-1-2.jpg\",\"contentUrl\":\"https:\\\/\\\/insektenliebe.com\\\/wp-content\\\/uploads\\\/2025\\\/05\\\/Thrixopelma-pruriens-1-2.jpg\",\"width\":1096,\"height\":1096,\"caption\":\"Thrixopelma-pruriens-1-2.jpg\"},{\"@type\":\"BreadcrumbList\",\"@id\":\"https:\\\/\\\/insektenliebe.com\\\/de\\\/shop\\\/produkt\\\/thrixopelma-pruriens\\\/#breadcrumb\",\"itemListElement\":[{\"@type\":\"ListItem\",\"position\":1,\"name\":\"Startseite\",\"item\":\"https:\\\/\\\/insektenliebe.com\\\/de\\\/\"},{\"@type\":\"ListItem\",\"position\":2,\"name\":\"Shop\",\"item\":\"https:\\\/\\\/insektenliebe.com\\\/de\\\/shop\\\/\"},{\"@type\":\"ListItem\",\"position\":3,\"name\":\"Thrixopelma pruriens\"}]},{\"@type\":\"WebSite\",\"@id\":\"https:\\\/\\\/insektenliebe.com\\\/de\\\/#website\",\"url\":\"https:\\\/\\\/insektenliebe.com\\\/de\\\/\",\"name\":\"Insektenliebe\",\"description\":\"Dein Zuhause f\u00fcr die kleinen Lebewesen\",\"publisher\":{\"@id\":\"https:\\\/\\\/insektenliebe.com\\\/de\\\/#organization\"},\"potentialAction\":[{\"@type\":\"SearchAction\",\"target\":{\"@type\":\"EntryPoint\",\"urlTemplate\":\"https:\\\/\\\/insektenliebe.com\\\/de\\\/?s={search_term_string}\"},\"query-input\":{\"@type\":\"PropertyValueSpecification\",\"valueRequired\":true,\"valueName\":\"search_term_string\"}}],\"inLanguage\":\"de\"},{\"@type\":\"Organization\",\"@id\":\"https:\\\/\\\/insektenliebe.com\\\/de\\\/#organization\",\"name\":\"Insektenliebe\",\"url\":\"https:\\\/\\\/insektenliebe.com\\\/de\\\/\",\"logo\":{\"@type\":\"ImageObject\",\"inLanguage\":\"de\",\"@id\":\"https:\\\/\\\/insektenliebe.com\\\/de\\\/#\\\/schema\\\/logo\\\/image\\\/\",\"url\":\"https:\\\/\\\/insektenliebe.com\\\/wp-content\\\/uploads\\\/2025\\\/03\\\/logo-white.png\",\"contentUrl\":\"https:\\\/\\\/insektenliebe.com\\\/wp-content\\\/uploads\\\/2025\\\/03\\\/logo-white.png\",\"width\":288,\"height\":188,\"caption\":\"Insektenliebe\"},\"image\":{\"@id\":\"https:\\\/\\\/insektenliebe.com\\\/de\\\/#\\\/schema\\\/logo\\\/image\\\/\"}}]}<\/script>\n<!-- \/ Yoast SEO plugin. -->","yoast_head_json":{"title":"Thrixopelma pruriens - Insektenliebe","description":"G\u00fcnstige Thrixopelma pruriens direkt online kaufen. Einfach in der Haltung und interessant zum Beobachten.","robots":{"index":"index","follow":"follow","max-snippet":"max-snippet:-1","max-image-preview":"max-image-preview:large","max-video-preview":"max-video-preview:-1"},"canonical":"https:\/\/insektenliebe.com\/de\/shop\/produkt\/thrixopelma-pruriens\/","og_locale":"de_DE","og_type":"article","og_title":"Thrixopelma pruriens - Insektenliebe","og_description":"G\u00fcnstige Thrixopelma pruriens direkt online kaufen. Einfach in der Haltung und interessant zum Beobachten.","og_url":"https:\/\/insektenliebe.com\/de\/shop\/produkt\/thrixopelma-pruriens\/","og_site_name":"Insektenliebe","article_modified_time":"2026-03-06T17:41:13+00:00","og_image":[{"width":1096,"height":1096,"url":"https:\/\/insektenliebe.com\/wp-content\/uploads\/2025\/05\/Thrixopelma-pruriens-1-2.jpg","type":"image\/jpeg"}],"twitter_card":"summary_large_image","twitter_misc":{"Gesch\u00e4tzte Lesezeit":"3\u00a0Minuten"},"schema":{"@context":"https:\/\/schema.org","@graph":[{"@type":"WebPage","@id":"https:\/\/insektenliebe.com\/de\/shop\/produkt\/thrixopelma-pruriens\/","url":"https:\/\/insektenliebe.com\/de\/shop\/produkt\/thrixopelma-pruriens\/","name":"Thrixopelma pruriens - Insektenliebe","isPartOf":{"@id":"https:\/\/insektenliebe.com\/de\/#website"},"primaryImageOfPage":{"@id":"https:\/\/insektenliebe.com\/de\/shop\/produkt\/thrixopelma-pruriens\/#primaryimage"},"image":{"@id":"https:\/\/insektenliebe.com\/de\/shop\/produkt\/thrixopelma-pruriens\/#primaryimage"},"thumbnailUrl":"https:\/\/insektenliebe.com\/wp-content\/uploads\/2025\/05\/Thrixopelma-pruriens-1-2.jpg","datePublished":"2022-09-10T08:56:52+00:00","dateModified":"2026-03-06T17:41:13+00:00","description":"G\u00fcnstige Thrixopelma pruriens direkt online kaufen. Einfach in der Haltung und interessant zum Beobachten.","breadcrumb":{"@id":"https:\/\/insektenliebe.com\/de\/shop\/produkt\/thrixopelma-pruriens\/#breadcrumb"},"inLanguage":"de","potentialAction":[{"@type":"ReadAction","target":["https:\/\/insektenliebe.com\/de\/shop\/produkt\/thrixopelma-pruriens\/"]}]},{"@type":"ImageObject","inLanguage":"de","@id":"https:\/\/insektenliebe.com\/de\/shop\/produkt\/thrixopelma-pruriens\/#primaryimage","url":"https:\/\/insektenliebe.com\/wp-content\/uploads\/2025\/05\/Thrixopelma-pruriens-1-2.jpg","contentUrl":"https:\/\/insektenliebe.com\/wp-content\/uploads\/2025\/05\/Thrixopelma-pruriens-1-2.jpg","width":1096,"height":1096,"caption":"Thrixopelma-pruriens-1-2.jpg"},{"@type":"BreadcrumbList","@id":"https:\/\/insektenliebe.com\/de\/shop\/produkt\/thrixopelma-pruriens\/#breadcrumb","itemListElement":[{"@type":"ListItem","position":1,"name":"Startseite","item":"https:\/\/insektenliebe.com\/de\/"},{"@type":"ListItem","position":2,"name":"Shop","item":"https:\/\/insektenliebe.com\/de\/shop\/"},{"@type":"ListItem","position":3,"name":"Thrixopelma pruriens"}]},{"@type":"WebSite","@id":"https:\/\/insektenliebe.com\/de\/#website","url":"https:\/\/insektenliebe.com\/de\/","name":"Insektenliebe","description":"Dein Zuhause f\u00fcr die kleinen Lebewesen","publisher":{"@id":"https:\/\/insektenliebe.com\/de\/#organization"},"potentialAction":[{"@type":"SearchAction","target":{"@type":"EntryPoint","urlTemplate":"https:\/\/insektenliebe.com\/de\/?s={search_term_string}"},"query-input":{"@type":"PropertyValueSpecification","valueRequired":true,"valueName":"search_term_string"}}],"inLanguage":"de"},{"@type":"Organization","@id":"https:\/\/insektenliebe.com\/de\/#organization","name":"Insektenliebe","url":"https:\/\/insektenliebe.com\/de\/","logo":{"@type":"ImageObject","inLanguage":"de","@id":"https:\/\/insektenliebe.com\/de\/#\/schema\/logo\/image\/","url":"https:\/\/insektenliebe.com\/wp-content\/uploads\/2025\/03\/logo-white.png","contentUrl":"https:\/\/insektenliebe.com\/wp-content\/uploads\/2025\/03\/logo-white.png","width":288,"height":188,"caption":"Insektenliebe"},"image":{"@id":"https:\/\/insektenliebe.com\/de\/#\/schema\/logo\/image\/"}}]}},"_links":{"self":[{"href":"https:\/\/insektenliebe.com\/de\/wp-json\/wp\/v2\/product\/5356","targetHints":{"allow":["GET"]}}],"collection":[{"href":"https:\/\/insektenliebe.com\/de\/wp-json\/wp\/v2\/product"}],"about":[{"href":"https:\/\/insektenliebe.com\/de\/wp-json\/wp\/v2\/types\/product"}],"wp:featuredmedia":[{"embeddable":true,"href":"https:\/\/insektenliebe.com\/de\/wp-json\/wp\/v2\/media\/5386"}],"wp:attachment":[{"href":"https:\/\/insektenliebe.com\/de\/wp-json\/wp\/v2\/media?parent=5356"}],"wp:term":[{"taxonomy":"product-supplier","embeddable":true,"href":"https:\/\/insektenliebe.com\/de\/wp-json\/wp\/v2\/product-supplier?post=5356"},{"taxonomy":"product_brand","embeddable":true,"href":"https:\/\/insektenliebe.com\/de\/wp-json\/wp\/v2\/product_brand?post=5356"},{"taxonomy":"product_cat","embeddable":true,"href":"https:\/\/insektenliebe.com\/de\/wp-json\/wp\/v2\/product_cat?post=5356"},{"taxonomy":"product_tag","embeddable":true,"href":"https:\/\/insektenliebe.com\/de\/wp-json\/wp\/v2\/product_tag?post=5356"},{"taxonomy":"lce-checkout-addons","embeddable":true,"href":"https:\/\/insektenliebe.com\/de\/wp-json\/wp\/v2\/lce-checkout-addons?post=5356"}],"curies":[{"name":"wp","href":"https:\/\/api.w.org\/{rel}","templated":true}]}}