{"id":5351,"date":"2022-08-12T01:16:00","date_gmt":"2022-08-11T23:16:00","guid":{"rendered":"http:\/\/localhost\/ins-test\/?post_type=product&#038;p=5351"},"modified":"2026-03-03T20:00:23","modified_gmt":"2026-03-03T19:00:23","slug":"hobby-fingerwood-shadow","status":"publish","type":"product","link":"https:\/\/insektenliebe.com\/de\/shop\/produkt\/hobby-fingerwood-shadow\/","title":{"rendered":"HOBBY Fingerwood Shadow"},"content":{"rendered":"<div class=\"vc_row wpb_row vc_row-fluid prrow\">\n<div class=\"wpb_column vc_column_container vc_col-sm-3\">\n<div class=\"vc_column-inner \">\n<div class=\"wpb_wrapper\">\n<div class=\"wpb_text_column wpb_content_element \">\n<h3><span class=\"s1\" style=\"color: #99cc33;\">HOBBY Fingerwood Shadow \u2013 nat\u00fcrlicher Blickfang mit dunklem Kontrast<\/span><\/h3>\n<p class=\"p1\"><span class=\"s1\">Die <\/span><strong><span class=\"s2\">HOBBY Fingerwood Shadow<\/span><\/strong><span class=\"s1\"> ist eine sandgestrahlte Naturwurzel, die deinem Terrarium sofort mehr Tiefe und Struktur verleiht. Durch ihre markante Form sowie die dunkle, kontrastreiche F\u00e4rbung setzt sie starke optische Akzente. Besonders in bepflanzten Terrarien entsteht dadurch ein harmonisches Zusammenspiel zwischen Holz und Gr\u00fcn.<\/span><\/p>\n<p class=\"p1\"><span class=\"s1\">Dank der glatten Unterseite steht die Wurzel stabil und sicher im Terrarium. Du kannst sie direkt auf dem Bodengrund platzieren, ohne dass sie kippt oder verrutscht. Dadurch eignet sie sich ideal f\u00fcr strukturreiche Landschaftsgestaltungen.<\/span><\/p>\n<p class=\"p1\"><span class=\"s1\">Neben der dekorativen Wirkung bietet die Fingerwood Shadow auch funktionale Vorteile. Unter der Wurzel entstehen gesch\u00fctzte Bereiche, die Asseln, Tausendf\u00fc\u00dfern oder Skorpionen als R\u00fcckzugsort dienen. Gleichzeitig nutzen Springspinnen oder baumbewohnende Vogelspinnen die verzweigten Strukturen gerne als Kletterelement. So entsteht zus\u00e4tzlicher vertikaler Lebensraum.<\/span><\/p>\n<p class=\"p1\"><span class=\"s1\">Gerade in bioaktiven Terrarien sorgt die Wurzel f\u00fcr mehr Ebenen und nat\u00fcrliche \u00dcberg\u00e4nge. Tiere k\u00f6nnen sich verstecken, klettern oder erh\u00f6hte Ruhepl\u00e4tze aufsuchen. Dadurch unterst\u00fctzt die Struktur das nat\u00fcrliche Verhalten und reduziert Stress.<\/span><\/p>\n<p class=\"p1\"><span class=\"s1\">Die sandgestrahlte Oberfl\u00e4che wirkt besonders authentisch und bringt die nat\u00fcrliche Maserung des Holzes deutlich zur Geltung. Gleichzeitig f\u00fchlt sich die Struktur angenehm griffig an, sodass auch kleinere Arten sicheren Halt finden.<\/span><\/p>\n<p class=\"p1\"><span class=\"s1\">Da es sich um ein reines Naturprodukt handelt, ist jede Fingerwood Shadow ein Unikat. Form, Verzweigung und Farbnuancen variieren leicht. Genau diese Individualit\u00e4t macht jedes Terrarium einzigartig.<\/span><\/p>\n<p class=\"p1\"><span class=\"s1\">Mit der <\/span><strong><span class=\"s2\">HOBBY Fingerwood Shadow<\/span><\/strong><span class=\"s1\"> kombinierst du \u00e4sthetische Nat\u00fcrlichkeit mit praktischem Nutzen. Sie schafft Struktur, Kontrast und gesch\u00fctzte Bereiche \u2013 und wird damit zu einem zentralen Gestaltungselement in deinem Terrarium.<\/span><\/p>\n<\/div>\n<\/div>\n<\/div>\n<\/div>\n<\/div>\n","protected":false},"excerpt":{"rendered":"<p>HOBBY Fingerwood Shadow \u2013 nat\u00fcrlicher Blickfang mit dunklem Kontrast Die HOBBY Fingerwood Shadow ist eine sandgestrahlte Naturwurzel, die deinem Terrarium sofort mehr Tiefe und Struktur verleiht. Durch ihre markante Form sowie die dunkle, kontrastreiche F\u00e4rbung setzt sie starke optische Akzente. Besonders in bepflanzten Terrarien entsteht dadurch ein harmonisches Zusammenspiel zwischen Holz und Gr\u00fcn. Dank der [&hellip;]<\/p>\n","protected":false},"featured_media":5381,"template":"","meta":{"_acf_changed":false},"product-supplier":[2555],"product_brand":[92],"product_cat":[253],"product_tag":[],"lce-checkout-addons":[],"class_list":{"0":"post-5351","1":"product","2":"type-product","3":"status-publish","4":"has-post-thumbnail","6":"product_brand-hobby-terraristik","7":"product_cat-einrichtung-dekoration","8":"product_shipping_class-equipment-shipping","10":"first","11":"instock","12":"taxable","13":"shipping-taxable","14":"purchasable","15":"product-type-simple"},"acf":[],"yoast_head":"<!-- This site is optimized with the Yoast SEO plugin v27.3 - https:\/\/yoast.com\/product\/yoast-seo-wordpress\/ -->\n<title>HOBBY Fingerwood Shadow - Insektenliebe<\/title>\n<meta name=\"description\" content=\"G\u00fcnstiger HOBBY Fingerwood Shadow direkt online kaufen. Die nat\u00fcrliche unbehandelte Holzdekoration setzt in jedem Aquarium\/Terrarium Akzente!\" \/>\n<meta name=\"robots\" content=\"index, follow, max-snippet:-1, max-image-preview:large, max-video-preview:-1\" \/>\n<link rel=\"canonical\" href=\"https:\/\/insektenliebe.com\/de\/shop\/produkt\/hobby-fingerwood-shadow\/\" \/>\n<meta property=\"og:locale\" content=\"de_DE\" \/>\n<meta property=\"og:type\" content=\"article\" \/>\n<meta property=\"og:title\" content=\"HOBBY Fingerwood Shadow - Insektenliebe\" \/>\n<meta property=\"og:description\" content=\"G\u00fcnstiger HOBBY Fingerwood Shadow direkt online kaufen. Die nat\u00fcrliche unbehandelte Holzdekoration setzt in jedem Aquarium\/Terrarium Akzente!\" \/>\n<meta property=\"og:url\" content=\"https:\/\/insektenliebe.com\/de\/shop\/produkt\/hobby-fingerwood-shadow\/\" \/>\n<meta property=\"og:site_name\" content=\"Insektenliebe\" \/>\n<meta property=\"article:modified_time\" content=\"2026-03-03T19:00:23+00:00\" \/>\n<meta property=\"og:image\" content=\"https:\/\/insektenliebe.com\/wp-content\/uploads\/2025\/05\/Hobby-Fingerwood-Shadow-2.jpg\" \/>\n\t<meta property=\"og:image:width\" content=\"820\" \/>\n\t<meta property=\"og:image:height\" content=\"820\" \/>\n\t<meta property=\"og:image:type\" content=\"image\/jpeg\" \/>\n<meta name=\"twitter:card\" content=\"summary_large_image\" \/>\n<meta name=\"twitter:label1\" content=\"Gesch\u00e4tzte Lesezeit\" \/>\n\t<meta name=\"twitter:data1\" content=\"2\u00a0Minuten\" \/>\n<script type=\"application\/ld+json\" class=\"yoast-schema-graph\">{\"@context\":\"https:\\\/\\\/schema.org\",\"@graph\":[{\"@type\":\"WebPage\",\"@id\":\"https:\\\/\\\/insektenliebe.com\\\/de\\\/shop\\\/produkt\\\/hobby-fingerwood-shadow\\\/\",\"url\":\"https:\\\/\\\/insektenliebe.com\\\/de\\\/shop\\\/produkt\\\/hobby-fingerwood-shadow\\\/\",\"name\":\"HOBBY Fingerwood Shadow - Insektenliebe\",\"isPartOf\":{\"@id\":\"https:\\\/\\\/insektenliebe.com\\\/de\\\/#website\"},\"primaryImageOfPage\":{\"@id\":\"https:\\\/\\\/insektenliebe.com\\\/de\\\/shop\\\/produkt\\\/hobby-fingerwood-shadow\\\/#primaryimage\"},\"image\":{\"@id\":\"https:\\\/\\\/insektenliebe.com\\\/de\\\/shop\\\/produkt\\\/hobby-fingerwood-shadow\\\/#primaryimage\"},\"thumbnailUrl\":\"https:\\\/\\\/insektenliebe.com\\\/wp-content\\\/uploads\\\/2025\\\/05\\\/Hobby-Fingerwood-Shadow-2.jpg\",\"datePublished\":\"2022-08-11T23:16:00+00:00\",\"dateModified\":\"2026-03-03T19:00:23+00:00\",\"description\":\"G\u00fcnstiger HOBBY Fingerwood Shadow direkt online kaufen. Die nat\u00fcrliche unbehandelte Holzdekoration setzt in jedem Aquarium\\\/Terrarium Akzente!\",\"breadcrumb\":{\"@id\":\"https:\\\/\\\/insektenliebe.com\\\/de\\\/shop\\\/produkt\\\/hobby-fingerwood-shadow\\\/#breadcrumb\"},\"inLanguage\":\"de\",\"potentialAction\":[{\"@type\":\"ReadAction\",\"target\":[\"https:\\\/\\\/insektenliebe.com\\\/de\\\/shop\\\/produkt\\\/hobby-fingerwood-shadow\\\/\"]}]},{\"@type\":\"ImageObject\",\"inLanguage\":\"de\",\"@id\":\"https:\\\/\\\/insektenliebe.com\\\/de\\\/shop\\\/produkt\\\/hobby-fingerwood-shadow\\\/#primaryimage\",\"url\":\"https:\\\/\\\/insektenliebe.com\\\/wp-content\\\/uploads\\\/2025\\\/05\\\/Hobby-Fingerwood-Shadow-2.jpg\",\"contentUrl\":\"https:\\\/\\\/insektenliebe.com\\\/wp-content\\\/uploads\\\/2025\\\/05\\\/Hobby-Fingerwood-Shadow-2.jpg\",\"width\":820,\"height\":820,\"caption\":\"Hobby-Fingerwood-Shadow-2.jpg\"},{\"@type\":\"BreadcrumbList\",\"@id\":\"https:\\\/\\\/insektenliebe.com\\\/de\\\/shop\\\/produkt\\\/hobby-fingerwood-shadow\\\/#breadcrumb\",\"itemListElement\":[{\"@type\":\"ListItem\",\"position\":1,\"name\":\"Startseite\",\"item\":\"https:\\\/\\\/insektenliebe.com\\\/de\\\/\"},{\"@type\":\"ListItem\",\"position\":2,\"name\":\"Shop\",\"item\":\"https:\\\/\\\/insektenliebe.com\\\/de\\\/shop\\\/\"},{\"@type\":\"ListItem\",\"position\":3,\"name\":\"HOBBY Fingerwood Shadow\"}]},{\"@type\":\"WebSite\",\"@id\":\"https:\\\/\\\/insektenliebe.com\\\/de\\\/#website\",\"url\":\"https:\\\/\\\/insektenliebe.com\\\/de\\\/\",\"name\":\"Insektenliebe\",\"description\":\"Dein Zuhause f\u00fcr die kleinen Lebewesen\",\"publisher\":{\"@id\":\"https:\\\/\\\/insektenliebe.com\\\/de\\\/#organization\"},\"potentialAction\":[{\"@type\":\"SearchAction\",\"target\":{\"@type\":\"EntryPoint\",\"urlTemplate\":\"https:\\\/\\\/insektenliebe.com\\\/de\\\/?s={search_term_string}\"},\"query-input\":{\"@type\":\"PropertyValueSpecification\",\"valueRequired\":true,\"valueName\":\"search_term_string\"}}],\"inLanguage\":\"de\"},{\"@type\":\"Organization\",\"@id\":\"https:\\\/\\\/insektenliebe.com\\\/de\\\/#organization\",\"name\":\"Insektenliebe\",\"url\":\"https:\\\/\\\/insektenliebe.com\\\/de\\\/\",\"logo\":{\"@type\":\"ImageObject\",\"inLanguage\":\"de\",\"@id\":\"https:\\\/\\\/insektenliebe.com\\\/de\\\/#\\\/schema\\\/logo\\\/image\\\/\",\"url\":\"https:\\\/\\\/insektenliebe.com\\\/wp-content\\\/uploads\\\/2025\\\/03\\\/logo-white.png\",\"contentUrl\":\"https:\\\/\\\/insektenliebe.com\\\/wp-content\\\/uploads\\\/2025\\\/03\\\/logo-white.png\",\"width\":288,\"height\":188,\"caption\":\"Insektenliebe\"},\"image\":{\"@id\":\"https:\\\/\\\/insektenliebe.com\\\/de\\\/#\\\/schema\\\/logo\\\/image\\\/\"}}]}<\/script>\n<!-- \/ Yoast SEO plugin. -->","yoast_head_json":{"title":"HOBBY Fingerwood Shadow - Insektenliebe","description":"G\u00fcnstiger HOBBY Fingerwood Shadow direkt online kaufen. Die nat\u00fcrliche unbehandelte Holzdekoration setzt in jedem Aquarium\/Terrarium Akzente!","robots":{"index":"index","follow":"follow","max-snippet":"max-snippet:-1","max-image-preview":"max-image-preview:large","max-video-preview":"max-video-preview:-1"},"canonical":"https:\/\/insektenliebe.com\/de\/shop\/produkt\/hobby-fingerwood-shadow\/","og_locale":"de_DE","og_type":"article","og_title":"HOBBY Fingerwood Shadow - Insektenliebe","og_description":"G\u00fcnstiger HOBBY Fingerwood Shadow direkt online kaufen. Die nat\u00fcrliche unbehandelte Holzdekoration setzt in jedem Aquarium\/Terrarium Akzente!","og_url":"https:\/\/insektenliebe.com\/de\/shop\/produkt\/hobby-fingerwood-shadow\/","og_site_name":"Insektenliebe","article_modified_time":"2026-03-03T19:00:23+00:00","og_image":[{"width":820,"height":820,"url":"https:\/\/insektenliebe.com\/wp-content\/uploads\/2025\/05\/Hobby-Fingerwood-Shadow-2.jpg","type":"image\/jpeg"}],"twitter_card":"summary_large_image","twitter_misc":{"Gesch\u00e4tzte Lesezeit":"2\u00a0Minuten"},"schema":{"@context":"https:\/\/schema.org","@graph":[{"@type":"WebPage","@id":"https:\/\/insektenliebe.com\/de\/shop\/produkt\/hobby-fingerwood-shadow\/","url":"https:\/\/insektenliebe.com\/de\/shop\/produkt\/hobby-fingerwood-shadow\/","name":"HOBBY Fingerwood Shadow - Insektenliebe","isPartOf":{"@id":"https:\/\/insektenliebe.com\/de\/#website"},"primaryImageOfPage":{"@id":"https:\/\/insektenliebe.com\/de\/shop\/produkt\/hobby-fingerwood-shadow\/#primaryimage"},"image":{"@id":"https:\/\/insektenliebe.com\/de\/shop\/produkt\/hobby-fingerwood-shadow\/#primaryimage"},"thumbnailUrl":"https:\/\/insektenliebe.com\/wp-content\/uploads\/2025\/05\/Hobby-Fingerwood-Shadow-2.jpg","datePublished":"2022-08-11T23:16:00+00:00","dateModified":"2026-03-03T19:00:23+00:00","description":"G\u00fcnstiger HOBBY Fingerwood Shadow direkt online kaufen. Die nat\u00fcrliche unbehandelte Holzdekoration setzt in jedem Aquarium\/Terrarium Akzente!","breadcrumb":{"@id":"https:\/\/insektenliebe.com\/de\/shop\/produkt\/hobby-fingerwood-shadow\/#breadcrumb"},"inLanguage":"de","potentialAction":[{"@type":"ReadAction","target":["https:\/\/insektenliebe.com\/de\/shop\/produkt\/hobby-fingerwood-shadow\/"]}]},{"@type":"ImageObject","inLanguage":"de","@id":"https:\/\/insektenliebe.com\/de\/shop\/produkt\/hobby-fingerwood-shadow\/#primaryimage","url":"https:\/\/insektenliebe.com\/wp-content\/uploads\/2025\/05\/Hobby-Fingerwood-Shadow-2.jpg","contentUrl":"https:\/\/insektenliebe.com\/wp-content\/uploads\/2025\/05\/Hobby-Fingerwood-Shadow-2.jpg","width":820,"height":820,"caption":"Hobby-Fingerwood-Shadow-2.jpg"},{"@type":"BreadcrumbList","@id":"https:\/\/insektenliebe.com\/de\/shop\/produkt\/hobby-fingerwood-shadow\/#breadcrumb","itemListElement":[{"@type":"ListItem","position":1,"name":"Startseite","item":"https:\/\/insektenliebe.com\/de\/"},{"@type":"ListItem","position":2,"name":"Shop","item":"https:\/\/insektenliebe.com\/de\/shop\/"},{"@type":"ListItem","position":3,"name":"HOBBY Fingerwood Shadow"}]},{"@type":"WebSite","@id":"https:\/\/insektenliebe.com\/de\/#website","url":"https:\/\/insektenliebe.com\/de\/","name":"Insektenliebe","description":"Dein Zuhause f\u00fcr die kleinen Lebewesen","publisher":{"@id":"https:\/\/insektenliebe.com\/de\/#organization"},"potentialAction":[{"@type":"SearchAction","target":{"@type":"EntryPoint","urlTemplate":"https:\/\/insektenliebe.com\/de\/?s={search_term_string}"},"query-input":{"@type":"PropertyValueSpecification","valueRequired":true,"valueName":"search_term_string"}}],"inLanguage":"de"},{"@type":"Organization","@id":"https:\/\/insektenliebe.com\/de\/#organization","name":"Insektenliebe","url":"https:\/\/insektenliebe.com\/de\/","logo":{"@type":"ImageObject","inLanguage":"de","@id":"https:\/\/insektenliebe.com\/de\/#\/schema\/logo\/image\/","url":"https:\/\/insektenliebe.com\/wp-content\/uploads\/2025\/03\/logo-white.png","contentUrl":"https:\/\/insektenliebe.com\/wp-content\/uploads\/2025\/03\/logo-white.png","width":288,"height":188,"caption":"Insektenliebe"},"image":{"@id":"https:\/\/insektenliebe.com\/de\/#\/schema\/logo\/image\/"}}]}},"_links":{"self":[{"href":"https:\/\/insektenliebe.com\/de\/wp-json\/wp\/v2\/product\/5351","targetHints":{"allow":["GET"]}}],"collection":[{"href":"https:\/\/insektenliebe.com\/de\/wp-json\/wp\/v2\/product"}],"about":[{"href":"https:\/\/insektenliebe.com\/de\/wp-json\/wp\/v2\/types\/product"}],"wp:featuredmedia":[{"embeddable":true,"href":"https:\/\/insektenliebe.com\/de\/wp-json\/wp\/v2\/media\/5381"}],"wp:attachment":[{"href":"https:\/\/insektenliebe.com\/de\/wp-json\/wp\/v2\/media?parent=5351"}],"wp:term":[{"taxonomy":"product-supplier","embeddable":true,"href":"https:\/\/insektenliebe.com\/de\/wp-json\/wp\/v2\/product-supplier?post=5351"},{"taxonomy":"product_brand","embeddable":true,"href":"https:\/\/insektenliebe.com\/de\/wp-json\/wp\/v2\/product_brand?post=5351"},{"taxonomy":"product_cat","embeddable":true,"href":"https:\/\/insektenliebe.com\/de\/wp-json\/wp\/v2\/product_cat?post=5351"},{"taxonomy":"product_tag","embeddable":true,"href":"https:\/\/insektenliebe.com\/de\/wp-json\/wp\/v2\/product_tag?post=5351"},{"taxonomy":"lce-checkout-addons","embeddable":true,"href":"https:\/\/insektenliebe.com\/de\/wp-json\/wp\/v2\/lce-checkout-addons?post=5351"}],"curies":[{"name":"wp","href":"https:\/\/api.w.org\/{rel}","templated":true}]}}