{"id":5346,"date":"2022-07-28T06:32:00","date_gmt":"2022-07-28T04:32:00","guid":{"rendered":"http:\/\/localhost\/ins-test\/?post_type=product&#038;p=5346"},"modified":"2026-03-03T20:36:06","modified_gmt":"2026-03-03T19:36:06","slug":"hobby-biotherm-ii","status":"publish","type":"product","link":"https:\/\/insektenliebe.com\/de\/shop\/produkt\/hobby-biotherm-ii\/","title":{"rendered":"Hobby Biotherm II"},"content":{"rendered":"<h3><span class=\"s1\" style=\"color: #99cc33;\">Hobby Biotherm II \u2013 Pr\u00e4zise Temperaturkontrolle im Terrarium<\/span><\/h3>\n<p class=\"p1\"><span class=\"s1\">Der <\/span><strong><span class=\"s2\">Hobby Biotherm II<\/span><\/strong><span class=\"s1\"> bietet dir eine pr\u00e4zise und zuverl\u00e4ssige Temperaturregelung f\u00fcr dein Terrarium. Gerade bei empfindlichen Reptilien, Amphibien oder Wirbellosen entscheidet eine stabile Temperatur \u00fcber Gesundheit und Aktivit\u00e4t. Deshalb steuert dieses digitale Mess- und Regelger\u00e4t sowohl Heizung als auch K\u00fchlung getrennt voneinander.<\/span><\/p>\n<p class=\"p1\"><span class=\"s1\">Du regelst die Temperatur exakt in 0,1 \u00b0C Schritten. Dadurch passt du die Werte sehr fein an die Bed\u00fcrfnisse deiner Tiere an. Zus\u00e4tzlich kannst du die Zeitsteuerung im Sekundentakt einstellen, was besonders bei sensiblen Setups oder saisonalen Simulationen von Vorteil ist.<\/span><\/p>\n<p class=\"p1\"><span class=\"s1\">Die enthaltene Regelleiste verf\u00fcgt \u00fcber zwei Steckpl\u00e4tze. So betreibst du gleichzeitig eine W\u00e4rmequelle und ein K\u00fchlger\u00e4t. Zwei integrierte Hochleistungs-Relais sorgen dabei f\u00fcr eine pr\u00e4zise Schaltung. Dank des eingebauten Smart-Chips h\u00e4lt der Biotherm II die Temperatur konstant und verhindert starke Schwankungen.<\/span><\/p>\n<p class=\"p1\"><span class=\"s1\">Das beleuchtete Display zeigt dir jederzeit alle Soll- und Istwerte \u00fcbersichtlich an. Gleichzeitig informiert dich eine LED-Aktivit\u00e4tsanzeige \u00fcber den aktuellen Betriebsstatus. F\u00fcr zus\u00e4tzliche Sicherheit kannst du einen optischen sowie akustischen Alarm aktivieren. Dieser warnt dich sofort, wenn die Temperatur den gew\u00fcnschten Bereich verl\u00e4sst.<\/span><\/p>\n<p class=\"p1\"><span class=\"s1\">Der wasserfeste Temperatursensor ist mit einem Quick-Connect-Verbinder ausgestattet. Dadurch installierst du ihn schnell und unkompliziert im Terrarium. Nach dem Anschlie\u00dfen ist das Ger\u00e4t direkt betriebsbereit. Du packst es aus, verbindest die Technik und programmierst deine Wunschwerte.<\/span><\/p>\n<p class=\"p1\"><span class=\"s1\">Der <strong>Hobby Biotherm II<\/strong> eignet sich nicht nur f\u00fcr Terrarien, sondern auch f\u00fcr Aquarien, Paludarien, Gew\u00e4chsh\u00e4user oder Volieren. \u00dcberall dort, wo eine konstante Temperaturkontrolle notwendig ist, liefert er stabile Ergebnisse.<\/span><\/p>\n<p class=\"p1\"><span class=\"s1\">Mit dem <\/span><strong><span class=\"s2\">Hobby Biotherm II<\/span><\/strong><span class=\"s1\"> erh\u00e4ltst du eine leistungsstarke, sichere und flexible L\u00f6sung f\u00fcr eine professionelle Temperatursteuerung.<\/span><\/p>\n<p><strong>Technische Daten:<\/strong><br \/>\nBetriebsspannung: 100 - 240 V ~ 50 \/ 60 Hz<br \/>\nAnschlussleistung je Schaltplatz: max. 600 W (Ohmsche Belastung)<br \/>\nAnschlussleistung gesamt der Schaltplatzleiste: max. 1.200 W (Ohmsche Belastung)<br \/>\nTemperatur Anzeigebereich: -\u200630\u00b0\u2006C bis +\u200690\u00b0\u2006C<br \/>\nTemperatur Regelbereich: 0,0\u00b0 C bis +\u200660,0\u00b0 C<br \/>\nTemperatur Alarmbereich: +\u20060,0\u00b0 C bis +\u200615,0\u00b0 C<br \/>\nTemperatur Anzeigegenauigkeit: +\u20060,1\u00b0 C<br \/>\nTemperatur Regelgenauigkeit: +\u20060,1\u00b0 C<br \/>\nL\u00e4nge Anschlusskabel: 1,4 m<br \/>\nL\u00e4nge Sensorkabel: 1,8 m<br \/>\nL\u00e4nge Kabel Bedienteil-Regelleiste: 1,5 m<br \/>\nAlle Angaben sind Circa Angaben. Technische \u00c4nderungen bleiben vorbehalten.<\/p>\n<p>&nbsp;<\/p>\n","protected":false},"excerpt":{"rendered":"<p>Hobby Biotherm II \u2013 Pr\u00e4zise Temperaturkontrolle im Terrarium Der Hobby Biotherm II bietet dir eine pr\u00e4zise und zuverl\u00e4ssige Temperaturregelung f\u00fcr dein Terrarium. Gerade bei empfindlichen Reptilien, Amphibien oder Wirbellosen entscheidet eine stabile Temperatur \u00fcber Gesundheit und Aktivit\u00e4t. Deshalb steuert dieses digitale Mess- und Regelger\u00e4t sowohl Heizung als auch K\u00fchlung getrennt voneinander. Du regelst die Temperatur [&hellip;]<\/p>\n","protected":false},"featured_media":5376,"template":"","meta":{"_acf_changed":false},"product-supplier":[2555],"product_brand":[92],"product_cat":[299],"product_tag":[],"lce-checkout-addons":[],"class_list":{"0":"post-5346","1":"product","2":"type-product","3":"status-publish","4":"has-post-thumbnail","6":"product_brand-hobby-terraristik","7":"product_cat-beleuchtung-klima","8":"product_shipping_class-equipment-shipping","10":"first","11":"instock","12":"sale","13":"taxable","14":"shipping-taxable","15":"purchasable","16":"product-type-simple"},"acf":[],"yoast_head":"<!-- This site is optimized with the Yoast SEO plugin v27.3 - https:\/\/yoast.com\/product\/yoast-seo-wordpress\/ -->\n<title>Hobby Biotherm II - Insektenliebe<\/title>\n<meta name=\"description\" content=\"G\u00fcnstige Hobby Biotherm II direkt online kaufen. Der Hobby\u00a0Biotherm\u00a0II ist ein zuverl\u00e4ssiger digitaler Temperaturregler f\u00fcr Terrarien.\" \/>\n<meta name=\"robots\" content=\"index, follow, max-snippet:-1, max-image-preview:large, max-video-preview:-1\" \/>\n<link rel=\"canonical\" href=\"https:\/\/insektenliebe.com\/de\/shop\/produkt\/hobby-biotherm-ii\/\" \/>\n<meta property=\"og:locale\" content=\"de_DE\" \/>\n<meta property=\"og:type\" content=\"article\" \/>\n<meta property=\"og:title\" content=\"Hobby Biotherm II - Insektenliebe\" \/>\n<meta property=\"og:description\" content=\"G\u00fcnstige Hobby Biotherm II direkt online kaufen. Der Hobby\u00a0Biotherm\u00a0II ist ein zuverl\u00e4ssiger digitaler Temperaturregler f\u00fcr Terrarien.\" \/>\n<meta property=\"og:url\" content=\"https:\/\/insektenliebe.com\/de\/shop\/produkt\/hobby-biotherm-ii\/\" \/>\n<meta property=\"og:site_name\" content=\"Insektenliebe\" \/>\n<meta property=\"article:modified_time\" content=\"2026-03-03T19:36:06+00:00\" \/>\n<meta property=\"og:image\" content=\"https:\/\/insektenliebe.com\/wp-content\/uploads\/2025\/05\/Hobby-Biotherm-II-2.jpg\" \/>\n\t<meta property=\"og:image:width\" content=\"820\" \/>\n\t<meta property=\"og:image:height\" content=\"820\" \/>\n\t<meta property=\"og:image:type\" content=\"image\/jpeg\" \/>\n<meta name=\"twitter:card\" content=\"summary_large_image\" \/>\n<meta name=\"twitter:label1\" content=\"Gesch\u00e4tzte Lesezeit\" \/>\n\t<meta name=\"twitter:data1\" content=\"3\u00a0Minuten\" \/>\n<script type=\"application\/ld+json\" class=\"yoast-schema-graph\">{\"@context\":\"https:\\\/\\\/schema.org\",\"@graph\":[{\"@type\":\"WebPage\",\"@id\":\"https:\\\/\\\/insektenliebe.com\\\/de\\\/shop\\\/produkt\\\/hobby-biotherm-ii\\\/\",\"url\":\"https:\\\/\\\/insektenliebe.com\\\/de\\\/shop\\\/produkt\\\/hobby-biotherm-ii\\\/\",\"name\":\"Hobby Biotherm II - Insektenliebe\",\"isPartOf\":{\"@id\":\"https:\\\/\\\/insektenliebe.com\\\/de\\\/#website\"},\"primaryImageOfPage\":{\"@id\":\"https:\\\/\\\/insektenliebe.com\\\/de\\\/shop\\\/produkt\\\/hobby-biotherm-ii\\\/#primaryimage\"},\"image\":{\"@id\":\"https:\\\/\\\/insektenliebe.com\\\/de\\\/shop\\\/produkt\\\/hobby-biotherm-ii\\\/#primaryimage\"},\"thumbnailUrl\":\"https:\\\/\\\/insektenliebe.com\\\/wp-content\\\/uploads\\\/2025\\\/05\\\/Hobby-Biotherm-II-2.jpg\",\"datePublished\":\"2022-07-28T04:32:00+00:00\",\"dateModified\":\"2026-03-03T19:36:06+00:00\",\"description\":\"G\u00fcnstige Hobby Biotherm II direkt online kaufen. Der Hobby\u00a0Biotherm\u00a0II ist ein zuverl\u00e4ssiger digitaler Temperaturregler f\u00fcr Terrarien.\",\"breadcrumb\":{\"@id\":\"https:\\\/\\\/insektenliebe.com\\\/de\\\/shop\\\/produkt\\\/hobby-biotherm-ii\\\/#breadcrumb\"},\"inLanguage\":\"de\",\"potentialAction\":[{\"@type\":\"ReadAction\",\"target\":[\"https:\\\/\\\/insektenliebe.com\\\/de\\\/shop\\\/produkt\\\/hobby-biotherm-ii\\\/\"]}]},{\"@type\":\"ImageObject\",\"inLanguage\":\"de\",\"@id\":\"https:\\\/\\\/insektenliebe.com\\\/de\\\/shop\\\/produkt\\\/hobby-biotherm-ii\\\/#primaryimage\",\"url\":\"https:\\\/\\\/insektenliebe.com\\\/wp-content\\\/uploads\\\/2025\\\/05\\\/Hobby-Biotherm-II-2.jpg\",\"contentUrl\":\"https:\\\/\\\/insektenliebe.com\\\/wp-content\\\/uploads\\\/2025\\\/05\\\/Hobby-Biotherm-II-2.jpg\",\"width\":820,\"height\":820,\"caption\":\"Hobby-Biotherm-II-2.jpg\"},{\"@type\":\"BreadcrumbList\",\"@id\":\"https:\\\/\\\/insektenliebe.com\\\/de\\\/shop\\\/produkt\\\/hobby-biotherm-ii\\\/#breadcrumb\",\"itemListElement\":[{\"@type\":\"ListItem\",\"position\":1,\"name\":\"Startseite\",\"item\":\"https:\\\/\\\/insektenliebe.com\\\/de\\\/\"},{\"@type\":\"ListItem\",\"position\":2,\"name\":\"Shop\",\"item\":\"https:\\\/\\\/insektenliebe.com\\\/de\\\/shop\\\/\"},{\"@type\":\"ListItem\",\"position\":3,\"name\":\"Hobby Biotherm II\"}]},{\"@type\":\"WebSite\",\"@id\":\"https:\\\/\\\/insektenliebe.com\\\/de\\\/#website\",\"url\":\"https:\\\/\\\/insektenliebe.com\\\/de\\\/\",\"name\":\"Insektenliebe\",\"description\":\"Dein Zuhause f\u00fcr die kleinen Lebewesen\",\"publisher\":{\"@id\":\"https:\\\/\\\/insektenliebe.com\\\/de\\\/#organization\"},\"potentialAction\":[{\"@type\":\"SearchAction\",\"target\":{\"@type\":\"EntryPoint\",\"urlTemplate\":\"https:\\\/\\\/insektenliebe.com\\\/de\\\/?s={search_term_string}\"},\"query-input\":{\"@type\":\"PropertyValueSpecification\",\"valueRequired\":true,\"valueName\":\"search_term_string\"}}],\"inLanguage\":\"de\"},{\"@type\":\"Organization\",\"@id\":\"https:\\\/\\\/insektenliebe.com\\\/de\\\/#organization\",\"name\":\"Insektenliebe\",\"url\":\"https:\\\/\\\/insektenliebe.com\\\/de\\\/\",\"logo\":{\"@type\":\"ImageObject\",\"inLanguage\":\"de\",\"@id\":\"https:\\\/\\\/insektenliebe.com\\\/de\\\/#\\\/schema\\\/logo\\\/image\\\/\",\"url\":\"https:\\\/\\\/insektenliebe.com\\\/wp-content\\\/uploads\\\/2025\\\/03\\\/logo-white.png\",\"contentUrl\":\"https:\\\/\\\/insektenliebe.com\\\/wp-content\\\/uploads\\\/2025\\\/03\\\/logo-white.png\",\"width\":288,\"height\":188,\"caption\":\"Insektenliebe\"},\"image\":{\"@id\":\"https:\\\/\\\/insektenliebe.com\\\/de\\\/#\\\/schema\\\/logo\\\/image\\\/\"}}]}<\/script>\n<!-- \/ Yoast SEO plugin. -->","yoast_head_json":{"title":"Hobby Biotherm II - Insektenliebe","description":"G\u00fcnstige Hobby Biotherm II direkt online kaufen. Der Hobby\u00a0Biotherm\u00a0II ist ein zuverl\u00e4ssiger digitaler Temperaturregler f\u00fcr Terrarien.","robots":{"index":"index","follow":"follow","max-snippet":"max-snippet:-1","max-image-preview":"max-image-preview:large","max-video-preview":"max-video-preview:-1"},"canonical":"https:\/\/insektenliebe.com\/de\/shop\/produkt\/hobby-biotherm-ii\/","og_locale":"de_DE","og_type":"article","og_title":"Hobby Biotherm II - Insektenliebe","og_description":"G\u00fcnstige Hobby Biotherm II direkt online kaufen. Der Hobby\u00a0Biotherm\u00a0II ist ein zuverl\u00e4ssiger digitaler Temperaturregler f\u00fcr Terrarien.","og_url":"https:\/\/insektenliebe.com\/de\/shop\/produkt\/hobby-biotherm-ii\/","og_site_name":"Insektenliebe","article_modified_time":"2026-03-03T19:36:06+00:00","og_image":[{"width":820,"height":820,"url":"https:\/\/insektenliebe.com\/wp-content\/uploads\/2025\/05\/Hobby-Biotherm-II-2.jpg","type":"image\/jpeg"}],"twitter_card":"summary_large_image","twitter_misc":{"Gesch\u00e4tzte Lesezeit":"3\u00a0Minuten"},"schema":{"@context":"https:\/\/schema.org","@graph":[{"@type":"WebPage","@id":"https:\/\/insektenliebe.com\/de\/shop\/produkt\/hobby-biotherm-ii\/","url":"https:\/\/insektenliebe.com\/de\/shop\/produkt\/hobby-biotherm-ii\/","name":"Hobby Biotherm II - Insektenliebe","isPartOf":{"@id":"https:\/\/insektenliebe.com\/de\/#website"},"primaryImageOfPage":{"@id":"https:\/\/insektenliebe.com\/de\/shop\/produkt\/hobby-biotherm-ii\/#primaryimage"},"image":{"@id":"https:\/\/insektenliebe.com\/de\/shop\/produkt\/hobby-biotherm-ii\/#primaryimage"},"thumbnailUrl":"https:\/\/insektenliebe.com\/wp-content\/uploads\/2025\/05\/Hobby-Biotherm-II-2.jpg","datePublished":"2022-07-28T04:32:00+00:00","dateModified":"2026-03-03T19:36:06+00:00","description":"G\u00fcnstige Hobby Biotherm II direkt online kaufen. Der Hobby\u00a0Biotherm\u00a0II ist ein zuverl\u00e4ssiger digitaler Temperaturregler f\u00fcr Terrarien.","breadcrumb":{"@id":"https:\/\/insektenliebe.com\/de\/shop\/produkt\/hobby-biotherm-ii\/#breadcrumb"},"inLanguage":"de","potentialAction":[{"@type":"ReadAction","target":["https:\/\/insektenliebe.com\/de\/shop\/produkt\/hobby-biotherm-ii\/"]}]},{"@type":"ImageObject","inLanguage":"de","@id":"https:\/\/insektenliebe.com\/de\/shop\/produkt\/hobby-biotherm-ii\/#primaryimage","url":"https:\/\/insektenliebe.com\/wp-content\/uploads\/2025\/05\/Hobby-Biotherm-II-2.jpg","contentUrl":"https:\/\/insektenliebe.com\/wp-content\/uploads\/2025\/05\/Hobby-Biotherm-II-2.jpg","width":820,"height":820,"caption":"Hobby-Biotherm-II-2.jpg"},{"@type":"BreadcrumbList","@id":"https:\/\/insektenliebe.com\/de\/shop\/produkt\/hobby-biotherm-ii\/#breadcrumb","itemListElement":[{"@type":"ListItem","position":1,"name":"Startseite","item":"https:\/\/insektenliebe.com\/de\/"},{"@type":"ListItem","position":2,"name":"Shop","item":"https:\/\/insektenliebe.com\/de\/shop\/"},{"@type":"ListItem","position":3,"name":"Hobby Biotherm II"}]},{"@type":"WebSite","@id":"https:\/\/insektenliebe.com\/de\/#website","url":"https:\/\/insektenliebe.com\/de\/","name":"Insektenliebe","description":"Dein Zuhause f\u00fcr die kleinen Lebewesen","publisher":{"@id":"https:\/\/insektenliebe.com\/de\/#organization"},"potentialAction":[{"@type":"SearchAction","target":{"@type":"EntryPoint","urlTemplate":"https:\/\/insektenliebe.com\/de\/?s={search_term_string}"},"query-input":{"@type":"PropertyValueSpecification","valueRequired":true,"valueName":"search_term_string"}}],"inLanguage":"de"},{"@type":"Organization","@id":"https:\/\/insektenliebe.com\/de\/#organization","name":"Insektenliebe","url":"https:\/\/insektenliebe.com\/de\/","logo":{"@type":"ImageObject","inLanguage":"de","@id":"https:\/\/insektenliebe.com\/de\/#\/schema\/logo\/image\/","url":"https:\/\/insektenliebe.com\/wp-content\/uploads\/2025\/03\/logo-white.png","contentUrl":"https:\/\/insektenliebe.com\/wp-content\/uploads\/2025\/03\/logo-white.png","width":288,"height":188,"caption":"Insektenliebe"},"image":{"@id":"https:\/\/insektenliebe.com\/de\/#\/schema\/logo\/image\/"}}]}},"_links":{"self":[{"href":"https:\/\/insektenliebe.com\/de\/wp-json\/wp\/v2\/product\/5346","targetHints":{"allow":["GET"]}}],"collection":[{"href":"https:\/\/insektenliebe.com\/de\/wp-json\/wp\/v2\/product"}],"about":[{"href":"https:\/\/insektenliebe.com\/de\/wp-json\/wp\/v2\/types\/product"}],"wp:featuredmedia":[{"embeddable":true,"href":"https:\/\/insektenliebe.com\/de\/wp-json\/wp\/v2\/media\/5376"}],"wp:attachment":[{"href":"https:\/\/insektenliebe.com\/de\/wp-json\/wp\/v2\/media?parent=5346"}],"wp:term":[{"taxonomy":"product-supplier","embeddable":true,"href":"https:\/\/insektenliebe.com\/de\/wp-json\/wp\/v2\/product-supplier?post=5346"},{"taxonomy":"product_brand","embeddable":true,"href":"https:\/\/insektenliebe.com\/de\/wp-json\/wp\/v2\/product_brand?post=5346"},{"taxonomy":"product_cat","embeddable":true,"href":"https:\/\/insektenliebe.com\/de\/wp-json\/wp\/v2\/product_cat?post=5346"},{"taxonomy":"product_tag","embeddable":true,"href":"https:\/\/insektenliebe.com\/de\/wp-json\/wp\/v2\/product_tag?post=5346"},{"taxonomy":"lce-checkout-addons","embeddable":true,"href":"https:\/\/insektenliebe.com\/de\/wp-json\/wp\/v2\/lce-checkout-addons?post=5346"}],"curies":[{"name":"wp","href":"https:\/\/api.w.org\/{rel}","templated":true}]}}