{"id":5345,"date":"2022-07-12T16:15:24","date_gmt":"2022-07-12T14:15:24","guid":{"rendered":"http:\/\/localhost\/ins-test\/?post_type=product&#038;p=5345"},"modified":"2026-03-31T19:41:52","modified_gmt":"2026-03-31T17:41:52","slug":"phidippus-regius-sierra-de-bahoruco","status":"publish","type":"product","link":"https:\/\/insektenliebe.com\/de\/shop\/produkt\/phidippus-regius-sierra-de-bahoruco\/","title":{"rendered":"Phidippus regius \"Sierra de Bahoruco\""},"content":{"rendered":"<h3><span style=\"color: #99cc33\">Kurzbeschreibung:<\/span><\/h3>\n<p><strong><span class=\"hiddenSpellError\">Phidippus<\/span>\u00a0<span class=\"hiddenSpellError\">regius<\/span>\u00a0<span class=\"hiddenGrammarError\">\"<\/span>Sierra de\u00a0<span class=\"hiddenSpellError\">Bahoruco<\/span><span class=\"hiddenGrammarError\">\"<\/span><\/strong>\u00a0ist die erste Springspinne aus der Dominikanischen Republik, die in unser Hobby gefunden hat. Die Dominikanische Republik ist ein\u00a0Karibikstaat, der bekannt f\u00fcr seine Str\u00e4nde, Urlaubsorte und Golfpl\u00e4tze ist. Das Landschaftsbild reicht von Regenw\u00e4ldern \u00fcber Savannen bis zum Hochland mit dem\u00a0<span class=\"hiddenSpellError\">Pico<\/span>\u00a0<span class=\"hiddenSpellError\">Duarte<\/span>, dem h\u00f6chsten Berg der Karibik. Der Nationalpark Sierra de\u00a0<span class=\"hiddenSpellError\">Bahoruco<\/span> besitzt eine fast unglaubliche Palette an unterschiedlichen Waldarten. Von den Trockenw\u00e4ldern bis zum Regenwald in 2000 m H\u00f6he. Die Springspinne\u00a0hat sich in der Klimazone angesiedelt, die f\u00fcr Springspinnen typisch ist. Mit einer Tagestemperatur bis zu 28 \u00b0C und einer relativen Luftfeuchtigkeit bis 70 % ist sie wahrlich kein Ausrei\u00dfer in der Springspinnenhaltung.<\/p>\n<p>Wie die meisten Springspinnen jagt auch\u00a0<strong><span class=\"hiddenSpellError\">Phidippus<\/span>\u00a0<span class=\"hiddenSpellError\">regius<\/span>\u00a0<span class=\"hiddenGrammarError\">\"<\/span>Sierra de\u00a0<span class=\"hiddenSpellError\">Bahoruco<\/span><span class=\"hiddenGrammarError\">\"<\/span><\/strong>\u00a0tags\u00fcber. Sie beobachtet ihre Beute aktiv mit ihrem scharfen Blick. Dann schleicht sie sich an ihre Beute heran und st\u00fcrzt sich auf das Futtertier. Wenn Springspinnen springen, spinnen sie zur Sicherheit eine Reihe F\u00e4den. Dadurch wird sichergestellt, dass die Spinne im Falle eines missgl\u00fcckten Sprungs von einer Sicherheitsleine aufgefangen wird, bevor sie f\u00e4llt. Springspinnen haben ein viel besseres Sehverm\u00f6gen als andere Spinnen und sind immer auf der Hut vor Beute und Raubtieren. Dadurch entsteht der Eindruck beim Betrachten der Tiere, dass sie sehr aufgeweckt sind und ihre Umgebung ausgiebig beobachten.<\/p>\n<p>Ein Weibchen kann bis zu 6 Gelege mit jeweils 30\u2013170 Eiern produzieren. Die durchschnittliche Gesamtgelegegr\u00f6\u00dfe liegt bei etwa 200 Eiern pro Weibchen. Sp\u00e4tere Gelege sind in der Regel kleiner als fr\u00fchere Gelege.\u00a0<strong><span class=\"hiddenSpellError\">Phidippus<\/span>\u00a0<span class=\"hiddenSpellError\">regius<\/span>\u00a0<span class=\"hiddenGrammarError\">\"<\/span>Sierra de\u00a0<span class=\"hiddenSpellError\">Bahoruco<\/span><span class=\"hiddenGrammarError\">\"<\/span><\/strong>\u00a0ben\u00f6tigt keine hohe Luftfeuchtigkeit. 60-70 % sind dabei v\u00f6llig ausreichend. Lieber etwas trockener halten als zu feucht. Dabei reicht es aus, wenn man zweimal in der Woche ein bisschen Wasser an eine Scheibe spritzt. Bei Bedarf geht die Spinne an einen Wassertropfen und stillt ihren Durst. Ein Wassernapf ist nicht n\u00f6tig.<\/p>\n","protected":false},"excerpt":{"rendered":"<p>Kurzbeschreibung: Phidippus\u00a0regius\u00a0\"Sierra de\u00a0Bahoruco\"\u00a0ist die erste Springspinne aus der Dominikanischen Republik, die in unser Hobby gefunden hat. Die Dominikanische Republik ist ein\u00a0Karibikstaat, der bekannt f\u00fcr seine Str\u00e4nde, Urlaubsorte und Golfpl\u00e4tze ist. Das Landschaftsbild reicht von Regenw\u00e4ldern \u00fcber Savannen bis zum Hochland mit dem\u00a0Pico\u00a0Duarte, dem h\u00f6chsten Berg der Karibik. Der Nationalpark Sierra de\u00a0Bahoruco besitzt eine fast unglaubliche [&hellip;]<\/p>\n","protected":false},"featured_media":5375,"template":"","meta":{"_acf_changed":false},"product-supplier":[],"product_brand":[],"product_cat":[626,49],"product_tag":[],"lce-checkout-addons":[1202],"class_list":{"0":"post-5345","1":"product","2":"type-product","3":"status-publish","4":"has-post-thumbnail","6":"product_cat-spinnen","7":"product_cat-springspinnen","8":"product_shipping_class-animal-shipping","9":"pa_geschlecht-maennlich","10":"pa_geschlecht-unbestimmt","11":"pa_geschlecht-weiblich","12":"pa_herkunft-dominikanische-republik","13":"pa_kontinent-nordamerika","14":"lce-checkout-addons-winterverpackung","16":"first","17":"instock","18":"sale","19":"taxable","20":"shipping-taxable","21":"purchasable","22":"product-type-variable"},"acf":[],"yoast_head":"<!-- This site is optimized with the Yoast SEO plugin v27.3 - https:\/\/yoast.com\/product\/yoast-seo-wordpress\/ -->\n<title>Phidippus regius &quot;Sierra de Bahoruco&quot; - Insektenliebe<\/title>\n<meta name=\"description\" content=\"G\u00fcnstige Phidippus regius &quot;Sierra de Bahoruco&quot; direkt online kaufen! Wundersch\u00f6ne Springspinne die man hier direkt vom Z\u00fcchter kaufen kann.\" \/>\n<meta name=\"robots\" content=\"index, follow, max-snippet:-1, max-image-preview:large, max-video-preview:-1\" \/>\n<link rel=\"canonical\" href=\"https:\/\/insektenliebe.com\/de\/shop\/produkt\/phidippus-regius-sierra-de-bahoruco\/\" \/>\n<meta property=\"og:locale\" content=\"de_DE\" \/>\n<meta property=\"og:type\" content=\"article\" \/>\n<meta property=\"og:title\" content=\"Phidippus regius &quot;Sierra de Bahoruco&quot; - Insektenliebe\" \/>\n<meta property=\"og:description\" content=\"G\u00fcnstige Phidippus regius &quot;Sierra de Bahoruco&quot; direkt online kaufen! Wundersch\u00f6ne Springspinne die man hier direkt vom Z\u00fcchter kaufen kann.\" \/>\n<meta property=\"og:url\" content=\"https:\/\/insektenliebe.com\/de\/shop\/produkt\/phidippus-regius-sierra-de-bahoruco\/\" \/>\n<meta property=\"og:site_name\" content=\"Insektenliebe\" \/>\n<meta property=\"article:modified_time\" content=\"2026-03-31T17:41:52+00:00\" \/>\n<meta property=\"og:image\" content=\"https:\/\/insektenliebe.com\/wp-content\/uploads\/2025\/05\/Phidippus-regius-22Sierra-de-Barouco22-2.jpg\" \/>\n\t<meta property=\"og:image:width\" content=\"820\" \/>\n\t<meta property=\"og:image:height\" content=\"820\" \/>\n\t<meta property=\"og:image:type\" content=\"image\/jpeg\" \/>\n<meta name=\"twitter:card\" content=\"summary_large_image\" \/>\n<meta name=\"twitter:label1\" content=\"Gesch\u00e4tzte Lesezeit\" \/>\n\t<meta name=\"twitter:data1\" content=\"2\u00a0Minuten\" \/>\n<script type=\"application\/ld+json\" class=\"yoast-schema-graph\">{\"@context\":\"https:\\\/\\\/schema.org\",\"@graph\":[{\"@type\":\"WebPage\",\"@id\":\"https:\\\/\\\/insektenliebe.com\\\/de\\\/shop\\\/produkt\\\/phidippus-regius-sierra-de-bahoruco\\\/\",\"url\":\"https:\\\/\\\/insektenliebe.com\\\/de\\\/shop\\\/produkt\\\/phidippus-regius-sierra-de-bahoruco\\\/\",\"name\":\"Phidippus regius \\\"Sierra de Bahoruco\\\" - Insektenliebe\",\"isPartOf\":{\"@id\":\"https:\\\/\\\/insektenliebe.com\\\/de\\\/#website\"},\"primaryImageOfPage\":{\"@id\":\"https:\\\/\\\/insektenliebe.com\\\/de\\\/shop\\\/produkt\\\/phidippus-regius-sierra-de-bahoruco\\\/#primaryimage\"},\"image\":{\"@id\":\"https:\\\/\\\/insektenliebe.com\\\/de\\\/shop\\\/produkt\\\/phidippus-regius-sierra-de-bahoruco\\\/#primaryimage\"},\"thumbnailUrl\":\"https:\\\/\\\/insektenliebe.com\\\/wp-content\\\/uploads\\\/2025\\\/05\\\/Phidippus-regius-22Sierra-de-Barouco22-2.jpg\",\"datePublished\":\"2022-07-12T14:15:24+00:00\",\"dateModified\":\"2026-03-31T17:41:52+00:00\",\"description\":\"G\u00fcnstige Phidippus regius \\\"Sierra de Bahoruco\\\" direkt online kaufen! Wundersch\u00f6ne Springspinne die man hier direkt vom Z\u00fcchter kaufen kann.\",\"breadcrumb\":{\"@id\":\"https:\\\/\\\/insektenliebe.com\\\/de\\\/shop\\\/produkt\\\/phidippus-regius-sierra-de-bahoruco\\\/#breadcrumb\"},\"inLanguage\":\"de\",\"potentialAction\":[{\"@type\":\"ReadAction\",\"target\":[\"https:\\\/\\\/insektenliebe.com\\\/de\\\/shop\\\/produkt\\\/phidippus-regius-sierra-de-bahoruco\\\/\"]}]},{\"@type\":\"ImageObject\",\"inLanguage\":\"de\",\"@id\":\"https:\\\/\\\/insektenliebe.com\\\/de\\\/shop\\\/produkt\\\/phidippus-regius-sierra-de-bahoruco\\\/#primaryimage\",\"url\":\"https:\\\/\\\/insektenliebe.com\\\/wp-content\\\/uploads\\\/2025\\\/05\\\/Phidippus-regius-22Sierra-de-Barouco22-2.jpg\",\"contentUrl\":\"https:\\\/\\\/insektenliebe.com\\\/wp-content\\\/uploads\\\/2025\\\/05\\\/Phidippus-regius-22Sierra-de-Barouco22-2.jpg\",\"width\":820,\"height\":820,\"caption\":\"Phidippus-regius-22Sierra-de-Barouco22-2.jpg\"},{\"@type\":\"BreadcrumbList\",\"@id\":\"https:\\\/\\\/insektenliebe.com\\\/de\\\/shop\\\/produkt\\\/phidippus-regius-sierra-de-bahoruco\\\/#breadcrumb\",\"itemListElement\":[{\"@type\":\"ListItem\",\"position\":1,\"name\":\"Startseite\",\"item\":\"https:\\\/\\\/insektenliebe.com\\\/de\\\/\"},{\"@type\":\"ListItem\",\"position\":2,\"name\":\"Shop\",\"item\":\"https:\\\/\\\/insektenliebe.com\\\/de\\\/shop\\\/\"},{\"@type\":\"ListItem\",\"position\":3,\"name\":\"Phidippus regius &#8222;Sierra de Bahoruco&#8220;\"}]},{\"@type\":\"WebSite\",\"@id\":\"https:\\\/\\\/insektenliebe.com\\\/de\\\/#website\",\"url\":\"https:\\\/\\\/insektenliebe.com\\\/de\\\/\",\"name\":\"Insektenliebe\",\"description\":\"Dein Zuhause f\u00fcr die kleinen Lebewesen\",\"publisher\":{\"@id\":\"https:\\\/\\\/insektenliebe.com\\\/de\\\/#organization\"},\"potentialAction\":[{\"@type\":\"SearchAction\",\"target\":{\"@type\":\"EntryPoint\",\"urlTemplate\":\"https:\\\/\\\/insektenliebe.com\\\/de\\\/?s={search_term_string}\"},\"query-input\":{\"@type\":\"PropertyValueSpecification\",\"valueRequired\":true,\"valueName\":\"search_term_string\"}}],\"inLanguage\":\"de\"},{\"@type\":\"Organization\",\"@id\":\"https:\\\/\\\/insektenliebe.com\\\/de\\\/#organization\",\"name\":\"Insektenliebe\",\"url\":\"https:\\\/\\\/insektenliebe.com\\\/de\\\/\",\"logo\":{\"@type\":\"ImageObject\",\"inLanguage\":\"de\",\"@id\":\"https:\\\/\\\/insektenliebe.com\\\/de\\\/#\\\/schema\\\/logo\\\/image\\\/\",\"url\":\"https:\\\/\\\/insektenliebe.com\\\/wp-content\\\/uploads\\\/2025\\\/03\\\/logo-white.png\",\"contentUrl\":\"https:\\\/\\\/insektenliebe.com\\\/wp-content\\\/uploads\\\/2025\\\/03\\\/logo-white.png\",\"width\":288,\"height\":188,\"caption\":\"Insektenliebe\"},\"image\":{\"@id\":\"https:\\\/\\\/insektenliebe.com\\\/de\\\/#\\\/schema\\\/logo\\\/image\\\/\"}}]}<\/script>\n<!-- \/ Yoast SEO plugin. -->","yoast_head_json":{"title":"Phidippus regius \"Sierra de Bahoruco\" - Insektenliebe","description":"G\u00fcnstige Phidippus regius \"Sierra de Bahoruco\" direkt online kaufen! Wundersch\u00f6ne Springspinne die man hier direkt vom Z\u00fcchter kaufen kann.","robots":{"index":"index","follow":"follow","max-snippet":"max-snippet:-1","max-image-preview":"max-image-preview:large","max-video-preview":"max-video-preview:-1"},"canonical":"https:\/\/insektenliebe.com\/de\/shop\/produkt\/phidippus-regius-sierra-de-bahoruco\/","og_locale":"de_DE","og_type":"article","og_title":"Phidippus regius \"Sierra de Bahoruco\" - Insektenliebe","og_description":"G\u00fcnstige Phidippus regius \"Sierra de Bahoruco\" direkt online kaufen! Wundersch\u00f6ne Springspinne die man hier direkt vom Z\u00fcchter kaufen kann.","og_url":"https:\/\/insektenliebe.com\/de\/shop\/produkt\/phidippus-regius-sierra-de-bahoruco\/","og_site_name":"Insektenliebe","article_modified_time":"2026-03-31T17:41:52+00:00","og_image":[{"width":820,"height":820,"url":"https:\/\/insektenliebe.com\/wp-content\/uploads\/2025\/05\/Phidippus-regius-22Sierra-de-Barouco22-2.jpg","type":"image\/jpeg"}],"twitter_card":"summary_large_image","twitter_misc":{"Gesch\u00e4tzte Lesezeit":"2\u00a0Minuten"},"schema":{"@context":"https:\/\/schema.org","@graph":[{"@type":"WebPage","@id":"https:\/\/insektenliebe.com\/de\/shop\/produkt\/phidippus-regius-sierra-de-bahoruco\/","url":"https:\/\/insektenliebe.com\/de\/shop\/produkt\/phidippus-regius-sierra-de-bahoruco\/","name":"Phidippus regius \"Sierra de Bahoruco\" - Insektenliebe","isPartOf":{"@id":"https:\/\/insektenliebe.com\/de\/#website"},"primaryImageOfPage":{"@id":"https:\/\/insektenliebe.com\/de\/shop\/produkt\/phidippus-regius-sierra-de-bahoruco\/#primaryimage"},"image":{"@id":"https:\/\/insektenliebe.com\/de\/shop\/produkt\/phidippus-regius-sierra-de-bahoruco\/#primaryimage"},"thumbnailUrl":"https:\/\/insektenliebe.com\/wp-content\/uploads\/2025\/05\/Phidippus-regius-22Sierra-de-Barouco22-2.jpg","datePublished":"2022-07-12T14:15:24+00:00","dateModified":"2026-03-31T17:41:52+00:00","description":"G\u00fcnstige Phidippus regius \"Sierra de Bahoruco\" direkt online kaufen! Wundersch\u00f6ne Springspinne die man hier direkt vom Z\u00fcchter kaufen kann.","breadcrumb":{"@id":"https:\/\/insektenliebe.com\/de\/shop\/produkt\/phidippus-regius-sierra-de-bahoruco\/#breadcrumb"},"inLanguage":"de","potentialAction":[{"@type":"ReadAction","target":["https:\/\/insektenliebe.com\/de\/shop\/produkt\/phidippus-regius-sierra-de-bahoruco\/"]}]},{"@type":"ImageObject","inLanguage":"de","@id":"https:\/\/insektenliebe.com\/de\/shop\/produkt\/phidippus-regius-sierra-de-bahoruco\/#primaryimage","url":"https:\/\/insektenliebe.com\/wp-content\/uploads\/2025\/05\/Phidippus-regius-22Sierra-de-Barouco22-2.jpg","contentUrl":"https:\/\/insektenliebe.com\/wp-content\/uploads\/2025\/05\/Phidippus-regius-22Sierra-de-Barouco22-2.jpg","width":820,"height":820,"caption":"Phidippus-regius-22Sierra-de-Barouco22-2.jpg"},{"@type":"BreadcrumbList","@id":"https:\/\/insektenliebe.com\/de\/shop\/produkt\/phidippus-regius-sierra-de-bahoruco\/#breadcrumb","itemListElement":[{"@type":"ListItem","position":1,"name":"Startseite","item":"https:\/\/insektenliebe.com\/de\/"},{"@type":"ListItem","position":2,"name":"Shop","item":"https:\/\/insektenliebe.com\/de\/shop\/"},{"@type":"ListItem","position":3,"name":"Phidippus regius &#8222;Sierra de Bahoruco&#8220;"}]},{"@type":"WebSite","@id":"https:\/\/insektenliebe.com\/de\/#website","url":"https:\/\/insektenliebe.com\/de\/","name":"Insektenliebe","description":"Dein Zuhause f\u00fcr die kleinen Lebewesen","publisher":{"@id":"https:\/\/insektenliebe.com\/de\/#organization"},"potentialAction":[{"@type":"SearchAction","target":{"@type":"EntryPoint","urlTemplate":"https:\/\/insektenliebe.com\/de\/?s={search_term_string}"},"query-input":{"@type":"PropertyValueSpecification","valueRequired":true,"valueName":"search_term_string"}}],"inLanguage":"de"},{"@type":"Organization","@id":"https:\/\/insektenliebe.com\/de\/#organization","name":"Insektenliebe","url":"https:\/\/insektenliebe.com\/de\/","logo":{"@type":"ImageObject","inLanguage":"de","@id":"https:\/\/insektenliebe.com\/de\/#\/schema\/logo\/image\/","url":"https:\/\/insektenliebe.com\/wp-content\/uploads\/2025\/03\/logo-white.png","contentUrl":"https:\/\/insektenliebe.com\/wp-content\/uploads\/2025\/03\/logo-white.png","width":288,"height":188,"caption":"Insektenliebe"},"image":{"@id":"https:\/\/insektenliebe.com\/de\/#\/schema\/logo\/image\/"}}]}},"_links":{"self":[{"href":"https:\/\/insektenliebe.com\/de\/wp-json\/wp\/v2\/product\/5345","targetHints":{"allow":["GET"]}}],"collection":[{"href":"https:\/\/insektenliebe.com\/de\/wp-json\/wp\/v2\/product"}],"about":[{"href":"https:\/\/insektenliebe.com\/de\/wp-json\/wp\/v2\/types\/product"}],"wp:featuredmedia":[{"embeddable":true,"href":"https:\/\/insektenliebe.com\/de\/wp-json\/wp\/v2\/media\/5375"}],"wp:attachment":[{"href":"https:\/\/insektenliebe.com\/de\/wp-json\/wp\/v2\/media?parent=5345"}],"wp:term":[{"taxonomy":"product-supplier","embeddable":true,"href":"https:\/\/insektenliebe.com\/de\/wp-json\/wp\/v2\/product-supplier?post=5345"},{"taxonomy":"product_brand","embeddable":true,"href":"https:\/\/insektenliebe.com\/de\/wp-json\/wp\/v2\/product_brand?post=5345"},{"taxonomy":"product_cat","embeddable":true,"href":"https:\/\/insektenliebe.com\/de\/wp-json\/wp\/v2\/product_cat?post=5345"},{"taxonomy":"product_tag","embeddable":true,"href":"https:\/\/insektenliebe.com\/de\/wp-json\/wp\/v2\/product_tag?post=5345"},{"taxonomy":"lce-checkout-addons","embeddable":true,"href":"https:\/\/insektenliebe.com\/de\/wp-json\/wp\/v2\/lce-checkout-addons?post=5345"}],"curies":[{"name":"wp","href":"https:\/\/api.w.org\/{rel}","templated":true}]}}