{"id":5340,"date":"2022-06-24T10:35:00","date_gmt":"2022-06-24T08:35:00","guid":{"rendered":"http:\/\/localhost\/ins-test\/?post_type=product&#038;p=5340"},"modified":"2026-01-29T21:03:37","modified_gmt":"2026-01-29T20:03:37","slug":"goldfliegen","status":"publish","type":"product","link":"https:\/\/insektenliebe.com\/de\/shop\/produkt\/goldfliegen\/","title":{"rendered":"Goldfliegen"},"content":{"rendered":"<p>Goldfliegen sind das ideale Futter f\u00fcr Springspinnen ab FH5 bis FH7, <span class=\"hiddenSpellError\">Mantiden<\/span>\u00a0und auch\u00a0<span class=\"hiddenSpellError\">Vogelspinnenspiderlinge<\/span>. Sie sind nicht nur eine nat\u00fcrliche Futterquelle, sondern auch perfekt zum\u00a0Lagern und dosieren.<br \/>\nDie Pinky Maden lassen sich \u00fcber mehrere Wochen im K\u00fchlschrank aufbewahren. Durch die niedrige Temperatur entwickeln sich die Pinky Maden nur sehr langsam. Zur Verf\u00fctterung kann man die gew\u00fcnschte Anzahl an Pinky Maden einfach mit einer Pinzette in das Terrarium geben. So kann zum Beispiel die Springspinne bei Bedarf direkt die Made fressen oder falls sie keinen Hunger hat entwickelt sich nach ein paar Tagen eine Fliege und die Springspinne hat dann nochmal die Gelegenheit zur Futteraufnahme. Zur Aufwertung und Verl\u00e4ngerung der Lebensdauer der geschl\u00fcpften Fliegen, k\u00f6nnen diese mit Honig oder Zucker angef\u00fcttert werden.<\/p>\n<p>Goldfliegen und auch die Pinky Maden sind unbedenklich f\u00fcr die Pfleglinge. Selbst in der kritischen <span class=\"hiddenSpellError\">H\u00e4utungsphase<\/span>\u00a0st\u00f6ren die Fliegen oder die Maden die Tiere nicht.<\/p>\n","protected":false},"excerpt":{"rendered":"<p>Goldfliegen sind das ideale Futter f\u00fcr Springspinnen ab FH5 bis FH7, Mantiden\u00a0und auch\u00a0Vogelspinnenspiderlinge. Sie sind nicht nur eine nat\u00fcrliche Futterquelle, sondern auch perfekt zum\u00a0Lagern und dosieren. Die Pinky Maden lassen sich \u00fcber mehrere Wochen im K\u00fchlschrank aufbewahren. Durch die niedrige Temperatur entwickeln sich die Pinky Maden nur sehr langsam. Zur Verf\u00fctterung kann man die gew\u00fcnschte [&hellip;]<\/p>\n","protected":false},"featured_media":5370,"template":"","meta":{"_acf_changed":false},"product-supplier":[],"product_brand":[],"product_cat":[2351],"product_tag":[],"lce-checkout-addons":[],"class_list":{"0":"post-5340","1":"product","2":"type-product","3":"status-publish","4":"has-post-thumbnail","6":"product_cat-futtertiere","7":"product_shipping_class-equipment-shipping","9":"first","10":"instock","11":"taxable","12":"shipping-taxable","13":"purchasable","14":"product-type-variable"},"acf":[],"yoast_head":"<!-- This site is optimized with the Yoast SEO plugin v27.3 - https:\/\/yoast.com\/product\/yoast-seo-wordpress\/ -->\n<title>Goldfliegen - Insektenliebe<\/title>\n<meta name=\"description\" content=\"G\u00fcnstige Goldfliegen direkt online kaufen! Hier bekommst du 80 Pinky Maden in einer Aufbewahrungsbox. Ideal zum verf\u00fcttern!\" \/>\n<meta name=\"robots\" content=\"index, follow, max-snippet:-1, max-image-preview:large, max-video-preview:-1\" \/>\n<link rel=\"canonical\" href=\"https:\/\/insektenliebe.com\/de\/shop\/produkt\/goldfliegen\/\" \/>\n<meta property=\"og:locale\" content=\"de_DE\" \/>\n<meta property=\"og:type\" content=\"article\" \/>\n<meta property=\"og:title\" content=\"Goldfliegen - Insektenliebe\" \/>\n<meta property=\"og:description\" content=\"G\u00fcnstige Goldfliegen direkt online kaufen! Hier bekommst du 80 Pinky Maden in einer Aufbewahrungsbox. Ideal zum verf\u00fcttern!\" \/>\n<meta property=\"og:url\" content=\"https:\/\/insektenliebe.com\/de\/shop\/produkt\/goldfliegen\/\" \/>\n<meta property=\"og:site_name\" content=\"Insektenliebe\" \/>\n<meta property=\"article:modified_time\" content=\"2026-01-29T20:03:37+00:00\" \/>\n<meta property=\"og:image\" content=\"https:\/\/insektenliebe.com\/wp-content\/uploads\/2025\/05\/Goldfliegen-5-2.jpg\" \/>\n\t<meta property=\"og:image:width\" content=\"820\" \/>\n\t<meta property=\"og:image:height\" content=\"820\" \/>\n\t<meta property=\"og:image:type\" content=\"image\/jpeg\" \/>\n<meta name=\"twitter:card\" content=\"summary_large_image\" \/>\n<meta name=\"twitter:label1\" content=\"Gesch\u00e4tzte Lesezeit\" \/>\n\t<meta name=\"twitter:data1\" content=\"2\u00a0Minuten\" \/>\n<script type=\"application\/ld+json\" class=\"yoast-schema-graph\">{\"@context\":\"https:\\\/\\\/schema.org\",\"@graph\":[{\"@type\":\"WebPage\",\"@id\":\"https:\\\/\\\/insektenliebe.com\\\/de\\\/shop\\\/produkt\\\/goldfliegen\\\/\",\"url\":\"https:\\\/\\\/insektenliebe.com\\\/de\\\/shop\\\/produkt\\\/goldfliegen\\\/\",\"name\":\"Goldfliegen - Insektenliebe\",\"isPartOf\":{\"@id\":\"https:\\\/\\\/insektenliebe.com\\\/de\\\/#website\"},\"primaryImageOfPage\":{\"@id\":\"https:\\\/\\\/insektenliebe.com\\\/de\\\/shop\\\/produkt\\\/goldfliegen\\\/#primaryimage\"},\"image\":{\"@id\":\"https:\\\/\\\/insektenliebe.com\\\/de\\\/shop\\\/produkt\\\/goldfliegen\\\/#primaryimage\"},\"thumbnailUrl\":\"https:\\\/\\\/insektenliebe.com\\\/wp-content\\\/uploads\\\/2025\\\/05\\\/Goldfliegen-5-2.jpg\",\"datePublished\":\"2022-06-24T08:35:00+00:00\",\"dateModified\":\"2026-01-29T20:03:37+00:00\",\"description\":\"G\u00fcnstige Goldfliegen direkt online kaufen! Hier bekommst du 80 Pinky Maden in einer Aufbewahrungsbox. Ideal zum verf\u00fcttern!\",\"breadcrumb\":{\"@id\":\"https:\\\/\\\/insektenliebe.com\\\/de\\\/shop\\\/produkt\\\/goldfliegen\\\/#breadcrumb\"},\"inLanguage\":\"de\",\"potentialAction\":[{\"@type\":\"ReadAction\",\"target\":[\"https:\\\/\\\/insektenliebe.com\\\/de\\\/shop\\\/produkt\\\/goldfliegen\\\/\"]}]},{\"@type\":\"ImageObject\",\"inLanguage\":\"de\",\"@id\":\"https:\\\/\\\/insektenliebe.com\\\/de\\\/shop\\\/produkt\\\/goldfliegen\\\/#primaryimage\",\"url\":\"https:\\\/\\\/insektenliebe.com\\\/wp-content\\\/uploads\\\/2025\\\/05\\\/Goldfliegen-5-2.jpg\",\"contentUrl\":\"https:\\\/\\\/insektenliebe.com\\\/wp-content\\\/uploads\\\/2025\\\/05\\\/Goldfliegen-5-2.jpg\",\"width\":820,\"height\":820,\"caption\":\"Goldfliegen-5-2.jpg\"},{\"@type\":\"BreadcrumbList\",\"@id\":\"https:\\\/\\\/insektenliebe.com\\\/de\\\/shop\\\/produkt\\\/goldfliegen\\\/#breadcrumb\",\"itemListElement\":[{\"@type\":\"ListItem\",\"position\":1,\"name\":\"Startseite\",\"item\":\"https:\\\/\\\/insektenliebe.com\\\/de\\\/\"},{\"@type\":\"ListItem\",\"position\":2,\"name\":\"Shop\",\"item\":\"https:\\\/\\\/insektenliebe.com\\\/de\\\/shop\\\/\"},{\"@type\":\"ListItem\",\"position\":3,\"name\":\"Goldfliegen\"}]},{\"@type\":\"WebSite\",\"@id\":\"https:\\\/\\\/insektenliebe.com\\\/de\\\/#website\",\"url\":\"https:\\\/\\\/insektenliebe.com\\\/de\\\/\",\"name\":\"Insektenliebe\",\"description\":\"Dein Zuhause f\u00fcr die kleinen Lebewesen\",\"publisher\":{\"@id\":\"https:\\\/\\\/insektenliebe.com\\\/de\\\/#organization\"},\"potentialAction\":[{\"@type\":\"SearchAction\",\"target\":{\"@type\":\"EntryPoint\",\"urlTemplate\":\"https:\\\/\\\/insektenliebe.com\\\/de\\\/?s={search_term_string}\"},\"query-input\":{\"@type\":\"PropertyValueSpecification\",\"valueRequired\":true,\"valueName\":\"search_term_string\"}}],\"inLanguage\":\"de\"},{\"@type\":\"Organization\",\"@id\":\"https:\\\/\\\/insektenliebe.com\\\/de\\\/#organization\",\"name\":\"Insektenliebe\",\"url\":\"https:\\\/\\\/insektenliebe.com\\\/de\\\/\",\"logo\":{\"@type\":\"ImageObject\",\"inLanguage\":\"de\",\"@id\":\"https:\\\/\\\/insektenliebe.com\\\/de\\\/#\\\/schema\\\/logo\\\/image\\\/\",\"url\":\"https:\\\/\\\/insektenliebe.com\\\/wp-content\\\/uploads\\\/2025\\\/03\\\/logo-white.png\",\"contentUrl\":\"https:\\\/\\\/insektenliebe.com\\\/wp-content\\\/uploads\\\/2025\\\/03\\\/logo-white.png\",\"width\":288,\"height\":188,\"caption\":\"Insektenliebe\"},\"image\":{\"@id\":\"https:\\\/\\\/insektenliebe.com\\\/de\\\/#\\\/schema\\\/logo\\\/image\\\/\"}}]}<\/script>\n<!-- \/ Yoast SEO plugin. -->","yoast_head_json":{"title":"Goldfliegen - Insektenliebe","description":"G\u00fcnstige Goldfliegen direkt online kaufen! Hier bekommst du 80 Pinky Maden in einer Aufbewahrungsbox. Ideal zum verf\u00fcttern!","robots":{"index":"index","follow":"follow","max-snippet":"max-snippet:-1","max-image-preview":"max-image-preview:large","max-video-preview":"max-video-preview:-1"},"canonical":"https:\/\/insektenliebe.com\/de\/shop\/produkt\/goldfliegen\/","og_locale":"de_DE","og_type":"article","og_title":"Goldfliegen - Insektenliebe","og_description":"G\u00fcnstige Goldfliegen direkt online kaufen! Hier bekommst du 80 Pinky Maden in einer Aufbewahrungsbox. Ideal zum verf\u00fcttern!","og_url":"https:\/\/insektenliebe.com\/de\/shop\/produkt\/goldfliegen\/","og_site_name":"Insektenliebe","article_modified_time":"2026-01-29T20:03:37+00:00","og_image":[{"width":820,"height":820,"url":"https:\/\/insektenliebe.com\/wp-content\/uploads\/2025\/05\/Goldfliegen-5-2.jpg","type":"image\/jpeg"}],"twitter_card":"summary_large_image","twitter_misc":{"Gesch\u00e4tzte Lesezeit":"2\u00a0Minuten"},"schema":{"@context":"https:\/\/schema.org","@graph":[{"@type":"WebPage","@id":"https:\/\/insektenliebe.com\/de\/shop\/produkt\/goldfliegen\/","url":"https:\/\/insektenliebe.com\/de\/shop\/produkt\/goldfliegen\/","name":"Goldfliegen - Insektenliebe","isPartOf":{"@id":"https:\/\/insektenliebe.com\/de\/#website"},"primaryImageOfPage":{"@id":"https:\/\/insektenliebe.com\/de\/shop\/produkt\/goldfliegen\/#primaryimage"},"image":{"@id":"https:\/\/insektenliebe.com\/de\/shop\/produkt\/goldfliegen\/#primaryimage"},"thumbnailUrl":"https:\/\/insektenliebe.com\/wp-content\/uploads\/2025\/05\/Goldfliegen-5-2.jpg","datePublished":"2022-06-24T08:35:00+00:00","dateModified":"2026-01-29T20:03:37+00:00","description":"G\u00fcnstige Goldfliegen direkt online kaufen! Hier bekommst du 80 Pinky Maden in einer Aufbewahrungsbox. Ideal zum verf\u00fcttern!","breadcrumb":{"@id":"https:\/\/insektenliebe.com\/de\/shop\/produkt\/goldfliegen\/#breadcrumb"},"inLanguage":"de","potentialAction":[{"@type":"ReadAction","target":["https:\/\/insektenliebe.com\/de\/shop\/produkt\/goldfliegen\/"]}]},{"@type":"ImageObject","inLanguage":"de","@id":"https:\/\/insektenliebe.com\/de\/shop\/produkt\/goldfliegen\/#primaryimage","url":"https:\/\/insektenliebe.com\/wp-content\/uploads\/2025\/05\/Goldfliegen-5-2.jpg","contentUrl":"https:\/\/insektenliebe.com\/wp-content\/uploads\/2025\/05\/Goldfliegen-5-2.jpg","width":820,"height":820,"caption":"Goldfliegen-5-2.jpg"},{"@type":"BreadcrumbList","@id":"https:\/\/insektenliebe.com\/de\/shop\/produkt\/goldfliegen\/#breadcrumb","itemListElement":[{"@type":"ListItem","position":1,"name":"Startseite","item":"https:\/\/insektenliebe.com\/de\/"},{"@type":"ListItem","position":2,"name":"Shop","item":"https:\/\/insektenliebe.com\/de\/shop\/"},{"@type":"ListItem","position":3,"name":"Goldfliegen"}]},{"@type":"WebSite","@id":"https:\/\/insektenliebe.com\/de\/#website","url":"https:\/\/insektenliebe.com\/de\/","name":"Insektenliebe","description":"Dein Zuhause f\u00fcr die kleinen Lebewesen","publisher":{"@id":"https:\/\/insektenliebe.com\/de\/#organization"},"potentialAction":[{"@type":"SearchAction","target":{"@type":"EntryPoint","urlTemplate":"https:\/\/insektenliebe.com\/de\/?s={search_term_string}"},"query-input":{"@type":"PropertyValueSpecification","valueRequired":true,"valueName":"search_term_string"}}],"inLanguage":"de"},{"@type":"Organization","@id":"https:\/\/insektenliebe.com\/de\/#organization","name":"Insektenliebe","url":"https:\/\/insektenliebe.com\/de\/","logo":{"@type":"ImageObject","inLanguage":"de","@id":"https:\/\/insektenliebe.com\/de\/#\/schema\/logo\/image\/","url":"https:\/\/insektenliebe.com\/wp-content\/uploads\/2025\/03\/logo-white.png","contentUrl":"https:\/\/insektenliebe.com\/wp-content\/uploads\/2025\/03\/logo-white.png","width":288,"height":188,"caption":"Insektenliebe"},"image":{"@id":"https:\/\/insektenliebe.com\/de\/#\/schema\/logo\/image\/"}}]}},"_links":{"self":[{"href":"https:\/\/insektenliebe.com\/de\/wp-json\/wp\/v2\/product\/5340","targetHints":{"allow":["GET"]}}],"collection":[{"href":"https:\/\/insektenliebe.com\/de\/wp-json\/wp\/v2\/product"}],"about":[{"href":"https:\/\/insektenliebe.com\/de\/wp-json\/wp\/v2\/types\/product"}],"wp:featuredmedia":[{"embeddable":true,"href":"https:\/\/insektenliebe.com\/de\/wp-json\/wp\/v2\/media\/5370"}],"wp:attachment":[{"href":"https:\/\/insektenliebe.com\/de\/wp-json\/wp\/v2\/media?parent=5340"}],"wp:term":[{"taxonomy":"product-supplier","embeddable":true,"href":"https:\/\/insektenliebe.com\/de\/wp-json\/wp\/v2\/product-supplier?post=5340"},{"taxonomy":"product_brand","embeddable":true,"href":"https:\/\/insektenliebe.com\/de\/wp-json\/wp\/v2\/product_brand?post=5340"},{"taxonomy":"product_cat","embeddable":true,"href":"https:\/\/insektenliebe.com\/de\/wp-json\/wp\/v2\/product_cat?post=5340"},{"taxonomy":"product_tag","embeddable":true,"href":"https:\/\/insektenliebe.com\/de\/wp-json\/wp\/v2\/product_tag?post=5340"},{"taxonomy":"lce-checkout-addons","embeddable":true,"href":"https:\/\/insektenliebe.com\/de\/wp-json\/wp\/v2\/lce-checkout-addons?post=5340"}],"curies":[{"name":"wp","href":"https:\/\/api.w.org\/{rel}","templated":true}]}}