{"id":5338,"date":"2022-06-24T04:14:05","date_gmt":"2022-06-24T02:14:05","guid":{"rendered":"http:\/\/localhost\/ins-test\/?post_type=product&#038;p=5338"},"modified":"2026-02-12T21:22:46","modified_gmt":"2026-02-12T20:22:46","slug":"lucky-reptile-critter-box","status":"publish","type":"product","link":"https:\/\/insektenliebe.com\/de\/shop\/produkt\/lucky-reptile-critter-box\/","title":{"rendered":"Lucky Reptile Critter Box"},"content":{"rendered":"<p><strong>Lucky Reptile Critter Box:\u00a0<\/strong>11 cm hoch, \u00d8 6 cm<br \/>\n<strong>Lucky Reptile Critter Box XL:\u00a0<\/strong>19 cm hoch, \u00d8 11cm<\/p>\n<p>Ein immer wiederkehrendes Problem: Es m\u00fcssen zahlreiche Jungtiere aufgezogen werden, die aber aus kannibalistischen Gr\u00fcnden nur einzeln sitzen d\u00fcrfen. Die Lucky Reptile Critter Box ist genau daf\u00fcr gedacht, sie ist ideal f\u00fcr die Aufzucht von Vogelspinnen, Springspinnen und Mantiden. Durch die spezielle Futterluke sind auch gr\u00f6\u00dfere Mengen von diesen Kleinstterrarien mit wenig Zeitaufwand zu versorgen und man zerst\u00f6rt beim \u00f6ffnen der Dose nicht das Gespinst bei Baumvogelspinnen und Springspinnen. Die Twist and Lock Funktion erlaubt ihrerseits ein schnelles Arbeiten und sicheren Verschluss des Beh\u00e4lters. Gleichzeitig l\u00e4sst sich die Bel\u00fcftung entsprechend justieren. Das hohe, dosenf\u00f6rmige Oberteil minimiert die Fluchtgefahr der Tiere deutlich, denn Mantiden, Baumvogelspinnen oder Springspinnen fl\u00fcchten eher nach oben. Dies reduziert den Stress f\u00fcr die Pfleglinge deutlich.<\/p>\n<ul>\n<li>Gummistopfen zur einfachen unkomplizierten Versorgung der Tiere<\/li>\n<li>justierbare Bel\u00fcftung<\/li>\n<li>sehr beliebt bei Z\u00fcchter<\/li>\n<li>absolut klare und freie Sicht<\/li>\n<li>ein Highlight in der Springspinnen-, Mantiden- und Vogelspinnenszene<\/li>\n<\/ul>\n<p><strong>Lieferung:<\/strong><\/p>\n<p>Die Lucky Reptile Critter Boxen werden ohne Umverpackung geliefert.<\/p>\n","protected":false},"excerpt":{"rendered":"<p>Lucky Reptile Critter Box:\u00a011 cm hoch, \u00d8 6 cm Lucky Reptile Critter Box XL:\u00a019 cm hoch, \u00d8 11cm Ein immer wiederkehrendes Problem: Es m\u00fcssen zahlreiche Jungtiere aufgezogen werden, die aber aus kannibalistischen Gr\u00fcnden nur einzeln sitzen d\u00fcrfen. Die Lucky Reptile Critter Box ist genau daf\u00fcr gedacht, sie ist ideal f\u00fcr die Aufzucht von Vogelspinnen, Springspinnen [&hellip;]<\/p>\n","protected":false},"featured_media":5368,"template":"","meta":{"_acf_changed":false},"product-supplier":[],"product_brand":[1239],"product_cat":[130],"product_tag":[],"lce-checkout-addons":[],"class_list":{"0":"post-5338","1":"product","2":"type-product","3":"status-publish","4":"has-post-thumbnail","6":"product_brand-lucky-reptile","7":"product_cat-terrarien-behaelter","8":"product_shipping_class-equipment-shipping","10":"first","11":"instock","12":"taxable","13":"shipping-taxable","14":"purchasable","15":"product-type-variable"},"acf":[],"yoast_head":"<!-- This site is optimized with the Yoast SEO plugin v27.3 - https:\/\/yoast.com\/product\/yoast-seo-wordpress\/ -->\n<title>Lucky Reptile Critter Box - Insektenliebe<\/title>\n<meta name=\"description\" content=\"G\u00fcnstige Lucky Reptile Critter Box direkt online kaufen. Perfekt f\u00fcr die Aufzucht vieler Wirbellosen und kleinen Exoten.\" \/>\n<meta name=\"robots\" content=\"index, follow, max-snippet:-1, max-image-preview:large, max-video-preview:-1\" \/>\n<link rel=\"canonical\" href=\"https:\/\/insektenliebe.com\/de\/shop\/produkt\/lucky-reptile-critter-box\/\" \/>\n<meta property=\"og:locale\" content=\"de_DE\" \/>\n<meta property=\"og:type\" content=\"article\" \/>\n<meta property=\"og:title\" content=\"Lucky Reptile Critter Box - Insektenliebe\" \/>\n<meta property=\"og:description\" content=\"G\u00fcnstige Lucky Reptile Critter Box direkt online kaufen. Perfekt f\u00fcr die Aufzucht vieler Wirbellosen und kleinen Exoten.\" \/>\n<meta property=\"og:url\" content=\"https:\/\/insektenliebe.com\/de\/shop\/produkt\/lucky-reptile-critter-box\/\" \/>\n<meta property=\"og:site_name\" content=\"Insektenliebe\" \/>\n<meta property=\"article:modified_time\" content=\"2026-02-12T20:22:46+00:00\" \/>\n<meta property=\"og:image\" content=\"https:\/\/insektenliebe.com\/wp-content\/uploads\/2025\/05\/Lucky-Reptile-Critter-Box-2.jpg\" \/>\n\t<meta property=\"og:image:width\" content=\"820\" \/>\n\t<meta property=\"og:image:height\" content=\"820\" \/>\n\t<meta property=\"og:image:type\" content=\"image\/jpeg\" \/>\n<meta name=\"twitter:card\" content=\"summary_large_image\" \/>\n<meta name=\"twitter:label1\" content=\"Gesch\u00e4tzte Lesezeit\" \/>\n\t<meta name=\"twitter:data1\" content=\"2\u00a0Minuten\" \/>\n<script type=\"application\/ld+json\" class=\"yoast-schema-graph\">{\"@context\":\"https:\\\/\\\/schema.org\",\"@graph\":[{\"@type\":\"WebPage\",\"@id\":\"https:\\\/\\\/insektenliebe.com\\\/de\\\/shop\\\/produkt\\\/lucky-reptile-critter-box\\\/\",\"url\":\"https:\\\/\\\/insektenliebe.com\\\/de\\\/shop\\\/produkt\\\/lucky-reptile-critter-box\\\/\",\"name\":\"Lucky Reptile Critter Box - Insektenliebe\",\"isPartOf\":{\"@id\":\"https:\\\/\\\/insektenliebe.com\\\/de\\\/#website\"},\"primaryImageOfPage\":{\"@id\":\"https:\\\/\\\/insektenliebe.com\\\/de\\\/shop\\\/produkt\\\/lucky-reptile-critter-box\\\/#primaryimage\"},\"image\":{\"@id\":\"https:\\\/\\\/insektenliebe.com\\\/de\\\/shop\\\/produkt\\\/lucky-reptile-critter-box\\\/#primaryimage\"},\"thumbnailUrl\":\"https:\\\/\\\/insektenliebe.com\\\/wp-content\\\/uploads\\\/2025\\\/05\\\/Lucky-Reptile-Critter-Box-2.jpg\",\"datePublished\":\"2022-06-24T02:14:05+00:00\",\"dateModified\":\"2026-02-12T20:22:46+00:00\",\"description\":\"G\u00fcnstige Lucky Reptile Critter Box direkt online kaufen. Perfekt f\u00fcr die Aufzucht vieler Wirbellosen und kleinen Exoten.\",\"breadcrumb\":{\"@id\":\"https:\\\/\\\/insektenliebe.com\\\/de\\\/shop\\\/produkt\\\/lucky-reptile-critter-box\\\/#breadcrumb\"},\"inLanguage\":\"de\",\"potentialAction\":[{\"@type\":\"ReadAction\",\"target\":[\"https:\\\/\\\/insektenliebe.com\\\/de\\\/shop\\\/produkt\\\/lucky-reptile-critter-box\\\/\"]}]},{\"@type\":\"ImageObject\",\"inLanguage\":\"de\",\"@id\":\"https:\\\/\\\/insektenliebe.com\\\/de\\\/shop\\\/produkt\\\/lucky-reptile-critter-box\\\/#primaryimage\",\"url\":\"https:\\\/\\\/insektenliebe.com\\\/wp-content\\\/uploads\\\/2025\\\/05\\\/Lucky-Reptile-Critter-Box-2.jpg\",\"contentUrl\":\"https:\\\/\\\/insektenliebe.com\\\/wp-content\\\/uploads\\\/2025\\\/05\\\/Lucky-Reptile-Critter-Box-2.jpg\",\"width\":820,\"height\":820,\"caption\":\"Lucky-Reptile-Critter-Box-2.jpg\"},{\"@type\":\"BreadcrumbList\",\"@id\":\"https:\\\/\\\/insektenliebe.com\\\/de\\\/shop\\\/produkt\\\/lucky-reptile-critter-box\\\/#breadcrumb\",\"itemListElement\":[{\"@type\":\"ListItem\",\"position\":1,\"name\":\"Startseite\",\"item\":\"https:\\\/\\\/insektenliebe.com\\\/de\\\/\"},{\"@type\":\"ListItem\",\"position\":2,\"name\":\"Shop\",\"item\":\"https:\\\/\\\/insektenliebe.com\\\/de\\\/shop\\\/\"},{\"@type\":\"ListItem\",\"position\":3,\"name\":\"Lucky Reptile Critter Box\"}]},{\"@type\":\"WebSite\",\"@id\":\"https:\\\/\\\/insektenliebe.com\\\/de\\\/#website\",\"url\":\"https:\\\/\\\/insektenliebe.com\\\/de\\\/\",\"name\":\"Insektenliebe\",\"description\":\"Dein Zuhause f\u00fcr die kleinen Lebewesen\",\"publisher\":{\"@id\":\"https:\\\/\\\/insektenliebe.com\\\/de\\\/#organization\"},\"potentialAction\":[{\"@type\":\"SearchAction\",\"target\":{\"@type\":\"EntryPoint\",\"urlTemplate\":\"https:\\\/\\\/insektenliebe.com\\\/de\\\/?s={search_term_string}\"},\"query-input\":{\"@type\":\"PropertyValueSpecification\",\"valueRequired\":true,\"valueName\":\"search_term_string\"}}],\"inLanguage\":\"de\"},{\"@type\":\"Organization\",\"@id\":\"https:\\\/\\\/insektenliebe.com\\\/de\\\/#organization\",\"name\":\"Insektenliebe\",\"url\":\"https:\\\/\\\/insektenliebe.com\\\/de\\\/\",\"logo\":{\"@type\":\"ImageObject\",\"inLanguage\":\"de\",\"@id\":\"https:\\\/\\\/insektenliebe.com\\\/de\\\/#\\\/schema\\\/logo\\\/image\\\/\",\"url\":\"https:\\\/\\\/insektenliebe.com\\\/wp-content\\\/uploads\\\/2025\\\/03\\\/logo-white.png\",\"contentUrl\":\"https:\\\/\\\/insektenliebe.com\\\/wp-content\\\/uploads\\\/2025\\\/03\\\/logo-white.png\",\"width\":288,\"height\":188,\"caption\":\"Insektenliebe\"},\"image\":{\"@id\":\"https:\\\/\\\/insektenliebe.com\\\/de\\\/#\\\/schema\\\/logo\\\/image\\\/\"}}]}<\/script>\n<!-- \/ Yoast SEO plugin. -->","yoast_head_json":{"title":"Lucky Reptile Critter Box - Insektenliebe","description":"G\u00fcnstige Lucky Reptile Critter Box direkt online kaufen. Perfekt f\u00fcr die Aufzucht vieler Wirbellosen und kleinen Exoten.","robots":{"index":"index","follow":"follow","max-snippet":"max-snippet:-1","max-image-preview":"max-image-preview:large","max-video-preview":"max-video-preview:-1"},"canonical":"https:\/\/insektenliebe.com\/de\/shop\/produkt\/lucky-reptile-critter-box\/","og_locale":"de_DE","og_type":"article","og_title":"Lucky Reptile Critter Box - Insektenliebe","og_description":"G\u00fcnstige Lucky Reptile Critter Box direkt online kaufen. Perfekt f\u00fcr die Aufzucht vieler Wirbellosen und kleinen Exoten.","og_url":"https:\/\/insektenliebe.com\/de\/shop\/produkt\/lucky-reptile-critter-box\/","og_site_name":"Insektenliebe","article_modified_time":"2026-02-12T20:22:46+00:00","og_image":[{"width":820,"height":820,"url":"https:\/\/insektenliebe.com\/wp-content\/uploads\/2025\/05\/Lucky-Reptile-Critter-Box-2.jpg","type":"image\/jpeg"}],"twitter_card":"summary_large_image","twitter_misc":{"Gesch\u00e4tzte Lesezeit":"2\u00a0Minuten"},"schema":{"@context":"https:\/\/schema.org","@graph":[{"@type":"WebPage","@id":"https:\/\/insektenliebe.com\/de\/shop\/produkt\/lucky-reptile-critter-box\/","url":"https:\/\/insektenliebe.com\/de\/shop\/produkt\/lucky-reptile-critter-box\/","name":"Lucky Reptile Critter Box - Insektenliebe","isPartOf":{"@id":"https:\/\/insektenliebe.com\/de\/#website"},"primaryImageOfPage":{"@id":"https:\/\/insektenliebe.com\/de\/shop\/produkt\/lucky-reptile-critter-box\/#primaryimage"},"image":{"@id":"https:\/\/insektenliebe.com\/de\/shop\/produkt\/lucky-reptile-critter-box\/#primaryimage"},"thumbnailUrl":"https:\/\/insektenliebe.com\/wp-content\/uploads\/2025\/05\/Lucky-Reptile-Critter-Box-2.jpg","datePublished":"2022-06-24T02:14:05+00:00","dateModified":"2026-02-12T20:22:46+00:00","description":"G\u00fcnstige Lucky Reptile Critter Box direkt online kaufen. Perfekt f\u00fcr die Aufzucht vieler Wirbellosen und kleinen Exoten.","breadcrumb":{"@id":"https:\/\/insektenliebe.com\/de\/shop\/produkt\/lucky-reptile-critter-box\/#breadcrumb"},"inLanguage":"de","potentialAction":[{"@type":"ReadAction","target":["https:\/\/insektenliebe.com\/de\/shop\/produkt\/lucky-reptile-critter-box\/"]}]},{"@type":"ImageObject","inLanguage":"de","@id":"https:\/\/insektenliebe.com\/de\/shop\/produkt\/lucky-reptile-critter-box\/#primaryimage","url":"https:\/\/insektenliebe.com\/wp-content\/uploads\/2025\/05\/Lucky-Reptile-Critter-Box-2.jpg","contentUrl":"https:\/\/insektenliebe.com\/wp-content\/uploads\/2025\/05\/Lucky-Reptile-Critter-Box-2.jpg","width":820,"height":820,"caption":"Lucky-Reptile-Critter-Box-2.jpg"},{"@type":"BreadcrumbList","@id":"https:\/\/insektenliebe.com\/de\/shop\/produkt\/lucky-reptile-critter-box\/#breadcrumb","itemListElement":[{"@type":"ListItem","position":1,"name":"Startseite","item":"https:\/\/insektenliebe.com\/de\/"},{"@type":"ListItem","position":2,"name":"Shop","item":"https:\/\/insektenliebe.com\/de\/shop\/"},{"@type":"ListItem","position":3,"name":"Lucky Reptile Critter Box"}]},{"@type":"WebSite","@id":"https:\/\/insektenliebe.com\/de\/#website","url":"https:\/\/insektenliebe.com\/de\/","name":"Insektenliebe","description":"Dein Zuhause f\u00fcr die kleinen Lebewesen","publisher":{"@id":"https:\/\/insektenliebe.com\/de\/#organization"},"potentialAction":[{"@type":"SearchAction","target":{"@type":"EntryPoint","urlTemplate":"https:\/\/insektenliebe.com\/de\/?s={search_term_string}"},"query-input":{"@type":"PropertyValueSpecification","valueRequired":true,"valueName":"search_term_string"}}],"inLanguage":"de"},{"@type":"Organization","@id":"https:\/\/insektenliebe.com\/de\/#organization","name":"Insektenliebe","url":"https:\/\/insektenliebe.com\/de\/","logo":{"@type":"ImageObject","inLanguage":"de","@id":"https:\/\/insektenliebe.com\/de\/#\/schema\/logo\/image\/","url":"https:\/\/insektenliebe.com\/wp-content\/uploads\/2025\/03\/logo-white.png","contentUrl":"https:\/\/insektenliebe.com\/wp-content\/uploads\/2025\/03\/logo-white.png","width":288,"height":188,"caption":"Insektenliebe"},"image":{"@id":"https:\/\/insektenliebe.com\/de\/#\/schema\/logo\/image\/"}}]}},"_links":{"self":[{"href":"https:\/\/insektenliebe.com\/de\/wp-json\/wp\/v2\/product\/5338","targetHints":{"allow":["GET"]}}],"collection":[{"href":"https:\/\/insektenliebe.com\/de\/wp-json\/wp\/v2\/product"}],"about":[{"href":"https:\/\/insektenliebe.com\/de\/wp-json\/wp\/v2\/types\/product"}],"wp:featuredmedia":[{"embeddable":true,"href":"https:\/\/insektenliebe.com\/de\/wp-json\/wp\/v2\/media\/5368"}],"wp:attachment":[{"href":"https:\/\/insektenliebe.com\/de\/wp-json\/wp\/v2\/media?parent=5338"}],"wp:term":[{"taxonomy":"product-supplier","embeddable":true,"href":"https:\/\/insektenliebe.com\/de\/wp-json\/wp\/v2\/product-supplier?post=5338"},{"taxonomy":"product_brand","embeddable":true,"href":"https:\/\/insektenliebe.com\/de\/wp-json\/wp\/v2\/product_brand?post=5338"},{"taxonomy":"product_cat","embeddable":true,"href":"https:\/\/insektenliebe.com\/de\/wp-json\/wp\/v2\/product_cat?post=5338"},{"taxonomy":"product_tag","embeddable":true,"href":"https:\/\/insektenliebe.com\/de\/wp-json\/wp\/v2\/product_tag?post=5338"},{"taxonomy":"lce-checkout-addons","embeddable":true,"href":"https:\/\/insektenliebe.com\/de\/wp-json\/wp\/v2\/lce-checkout-addons?post=5338"}],"curies":[{"name":"wp","href":"https:\/\/api.w.org\/{rel}","templated":true}]}}