{"id":5334,"date":"2022-06-23T11:41:43","date_gmt":"2022-06-23T09:41:43","guid":{"rendered":"http:\/\/localhost\/ins-test\/?post_type=product&#038;p=5334"},"modified":"2026-01-29T08:24:40","modified_gmt":"2026-01-29T07:24:40","slug":"ergaula-capucina","status":"publish","type":"product","link":"https:\/\/insektenliebe.com\/de\/shop\/produkt\/ergaula-capucina\/","title":{"rendered":"Ergaula capucina"},"content":{"rendered":"<h3><span style=\"color: #99cc33\">Kurzbeschreibung:<\/span><\/h3>\n<div>Ergaula capucina ist eine Schabenart aus Thailand und Myanmar. Die Tiere haben eine dunkelbraune Grundf\u00e4rbung und sind mittig auf der Oberseite mit einer ockerfarbene Wellenlinie geschm\u00fcckt. Dazu kommt noch als Besonderheit ihr Verhalten. Wir haben noch nie eine so ruhige und gelassene Art erlebt. Man kann sie minutenlang auf die Hand setzen oder positionieren ohne das sie sich gest\u00f6rt f\u00fchlt oder gar fl\u00fcchtet.<\/div>\n<div>Ergaula capucina Nymphen halten sich gerne im Bodensubstrat auf und daher eignet sich f\u00fcr die Tiere hervorragend Flake Soil oder eine Mischung aus einem Teil Waldhumus und einem Teil wei\u00dffaulem Holz als Bodengrund. Zus\u00e4tzlich kann Moos untergemischt werden, damit sich die Feuchtigkeit besser und konstanter h\u00e4lt. Die Substrath\u00f6he ist mit 15 cm optimal und muss nicht \u00fcberschritten werden, da die Tiere nicht tiefer in das Substrat tauchen. Das Substrat sollte immer leicht feucht gehalten werden und darf nie austrocknen, daher sollte einmal w\u00f6chentlich nachgew\u00e4ssert werden. Eine Deckschicht mit Futterlaub h\u00e4lt die Feuchtigkeit besser im Substrat und wird auch gerne gefressen. Der Bodengrund bietet den Tieren auch gleichzeitig das Grundnahrungsmittel. Ergaula capucina nimmt als Zusatzfutter gerne alles an, was \u00fcbrig bleibt an Gem\u00fcse, Obst oder sonstigen organischen Resten. \u00c4ste mit Bl\u00e4tter werden gerne angenommen und versorgt die Tiere gleichzeitig mit Fl\u00fcssigkeit. Auch sollte Proteinfutter angeboten werden, da die Tiere sich ansonsten gerne an den Fl\u00fcgel anknabbern. Das ist kein Grund zur Sorge, sieht aber unsch\u00f6n aus und kann vermieden werden.<\/div>\n<div><\/div>\n<div>Die Zucht gestaltet sich problemlos und ist auch interessant f\u00fcr Halter, die hin und wieder Insekten verf\u00fcttern m\u00fcssen. Spinnen und Skorpione nehmen die Nymphen gerne als Futter an und man muss sich keine Sorgen \u00fcber eventuell entwichene Tiere machen, da diese nach k\u00fcrzester Zeit vertrocknen. Die Nymphen und die adulten Weibchen sind keine Scheibenl\u00e4ufer im Gegensatz zu den adulten M\u00e4nnchen. Daher eignet sich ein offener Beh\u00e4lter f\u00fcr die Unterbringung nicht. Wir empfehlen ein Terrarium mit Fallt\u00fcre oder unser Tausendf\u00fcsser Komplettset als leere Box, Flake Soil als Bodengrund und eine individuelle Dekoration als Kletterm\u00f6glichkeit und Unterschlupf f\u00fcr die Tiere.<\/div>\n","protected":false},"excerpt":{"rendered":"<p>H\u00fcbsch und einfach zu halten!<\/p>\n","protected":false},"featured_media":5364,"template":"","meta":{"_acf_changed":false},"product-supplier":[],"product_brand":[],"product_cat":[214],"product_tag":[],"lce-checkout-addons":[1202],"class_list":{"0":"post-5334","1":"product","2":"type-product","3":"status-publish","4":"has-post-thumbnail","6":"product_cat-schaben","7":"product_shipping_class-animal-shipping","8":"pa_herkunft-thailand","9":"pa_kontinent-asien","10":"lce-checkout-addons-winterverpackung","12":"first","13":"outofstock","14":"taxable","15":"shipping-taxable","16":"product-type-variable","17":"has-default-attributes"},"acf":[],"yoast_head":"<!-- This site is optimized with the Yoast SEO plugin v27.3 - https:\/\/yoast.com\/product\/yoast-seo-wordpress\/ -->\n<title>Ergaula capucina - Insektenliebe<\/title>\n<meta name=\"description\" content=\"G\u00fcnstige Ergaula capucina direkt online kaufen. Diese wundersch\u00f6n gezeichnete exotische Schabenart, kann man hier direkt vom Z\u00fcchter kaufen.\" \/>\n<meta name=\"robots\" content=\"index, follow, max-snippet:-1, max-image-preview:large, max-video-preview:-1\" \/>\n<link rel=\"canonical\" href=\"https:\/\/insektenliebe.com\/de\/shop\/produkt\/ergaula-capucina\/\" \/>\n<meta property=\"og:locale\" content=\"de_DE\" \/>\n<meta property=\"og:type\" content=\"article\" \/>\n<meta property=\"og:title\" content=\"Ergaula capucina - Insektenliebe\" \/>\n<meta property=\"og:description\" content=\"G\u00fcnstige Ergaula capucina direkt online kaufen. Diese wundersch\u00f6n gezeichnete exotische Schabenart, kann man hier direkt vom Z\u00fcchter kaufen.\" \/>\n<meta property=\"og:url\" content=\"https:\/\/insektenliebe.com\/de\/shop\/produkt\/ergaula-capucina\/\" \/>\n<meta property=\"og:site_name\" content=\"Insektenliebe\" \/>\n<meta property=\"article:modified_time\" content=\"2026-01-29T07:24:40+00:00\" \/>\n<meta property=\"og:image\" content=\"https:\/\/insektenliebe.com\/wp-content\/uploads\/2025\/05\/Ergaula-capucina-2.jpg\" \/>\n\t<meta property=\"og:image:width\" content=\"820\" \/>\n\t<meta property=\"og:image:height\" content=\"820\" \/>\n\t<meta property=\"og:image:type\" content=\"image\/jpeg\" \/>\n<meta name=\"twitter:card\" content=\"summary_large_image\" \/>\n<meta name=\"twitter:label1\" content=\"Gesch\u00e4tzte Lesezeit\" \/>\n\t<meta name=\"twitter:data1\" content=\"3\u00a0Minuten\" \/>\n<script type=\"application\/ld+json\" class=\"yoast-schema-graph\">{\"@context\":\"https:\\\/\\\/schema.org\",\"@graph\":[{\"@type\":\"WebPage\",\"@id\":\"https:\\\/\\\/insektenliebe.com\\\/de\\\/shop\\\/produkt\\\/ergaula-capucina\\\/\",\"url\":\"https:\\\/\\\/insektenliebe.com\\\/de\\\/shop\\\/produkt\\\/ergaula-capucina\\\/\",\"name\":\"Ergaula capucina - Insektenliebe\",\"isPartOf\":{\"@id\":\"https:\\\/\\\/insektenliebe.com\\\/de\\\/#website\"},\"primaryImageOfPage\":{\"@id\":\"https:\\\/\\\/insektenliebe.com\\\/de\\\/shop\\\/produkt\\\/ergaula-capucina\\\/#primaryimage\"},\"image\":{\"@id\":\"https:\\\/\\\/insektenliebe.com\\\/de\\\/shop\\\/produkt\\\/ergaula-capucina\\\/#primaryimage\"},\"thumbnailUrl\":\"https:\\\/\\\/insektenliebe.com\\\/wp-content\\\/uploads\\\/2025\\\/05\\\/Ergaula-capucina-2.jpg\",\"datePublished\":\"2022-06-23T09:41:43+00:00\",\"dateModified\":\"2026-01-29T07:24:40+00:00\",\"description\":\"G\u00fcnstige Ergaula capucina direkt online kaufen. Diese wundersch\u00f6n gezeichnete exotische Schabenart, kann man hier direkt vom Z\u00fcchter kaufen.\",\"breadcrumb\":{\"@id\":\"https:\\\/\\\/insektenliebe.com\\\/de\\\/shop\\\/produkt\\\/ergaula-capucina\\\/#breadcrumb\"},\"inLanguage\":\"de\",\"potentialAction\":[{\"@type\":\"ReadAction\",\"target\":[\"https:\\\/\\\/insektenliebe.com\\\/de\\\/shop\\\/produkt\\\/ergaula-capucina\\\/\"]}]},{\"@type\":\"ImageObject\",\"inLanguage\":\"de\",\"@id\":\"https:\\\/\\\/insektenliebe.com\\\/de\\\/shop\\\/produkt\\\/ergaula-capucina\\\/#primaryimage\",\"url\":\"https:\\\/\\\/insektenliebe.com\\\/wp-content\\\/uploads\\\/2025\\\/05\\\/Ergaula-capucina-2.jpg\",\"contentUrl\":\"https:\\\/\\\/insektenliebe.com\\\/wp-content\\\/uploads\\\/2025\\\/05\\\/Ergaula-capucina-2.jpg\",\"width\":820,\"height\":820,\"caption\":\"Ergaula-capucina-2.jpg\"},{\"@type\":\"BreadcrumbList\",\"@id\":\"https:\\\/\\\/insektenliebe.com\\\/de\\\/shop\\\/produkt\\\/ergaula-capucina\\\/#breadcrumb\",\"itemListElement\":[{\"@type\":\"ListItem\",\"position\":1,\"name\":\"Startseite\",\"item\":\"https:\\\/\\\/insektenliebe.com\\\/de\\\/\"},{\"@type\":\"ListItem\",\"position\":2,\"name\":\"Shop\",\"item\":\"https:\\\/\\\/insektenliebe.com\\\/de\\\/shop\\\/\"},{\"@type\":\"ListItem\",\"position\":3,\"name\":\"Ergaula capucina\"}]},{\"@type\":\"WebSite\",\"@id\":\"https:\\\/\\\/insektenliebe.com\\\/de\\\/#website\",\"url\":\"https:\\\/\\\/insektenliebe.com\\\/de\\\/\",\"name\":\"Insektenliebe\",\"description\":\"Dein Zuhause f\u00fcr die kleinen Lebewesen\",\"publisher\":{\"@id\":\"https:\\\/\\\/insektenliebe.com\\\/de\\\/#organization\"},\"potentialAction\":[{\"@type\":\"SearchAction\",\"target\":{\"@type\":\"EntryPoint\",\"urlTemplate\":\"https:\\\/\\\/insektenliebe.com\\\/de\\\/?s={search_term_string}\"},\"query-input\":{\"@type\":\"PropertyValueSpecification\",\"valueRequired\":true,\"valueName\":\"search_term_string\"}}],\"inLanguage\":\"de\"},{\"@type\":\"Organization\",\"@id\":\"https:\\\/\\\/insektenliebe.com\\\/de\\\/#organization\",\"name\":\"Insektenliebe\",\"url\":\"https:\\\/\\\/insektenliebe.com\\\/de\\\/\",\"logo\":{\"@type\":\"ImageObject\",\"inLanguage\":\"de\",\"@id\":\"https:\\\/\\\/insektenliebe.com\\\/de\\\/#\\\/schema\\\/logo\\\/image\\\/\",\"url\":\"https:\\\/\\\/insektenliebe.com\\\/wp-content\\\/uploads\\\/2025\\\/03\\\/logo-white.png\",\"contentUrl\":\"https:\\\/\\\/insektenliebe.com\\\/wp-content\\\/uploads\\\/2025\\\/03\\\/logo-white.png\",\"width\":288,\"height\":188,\"caption\":\"Insektenliebe\"},\"image\":{\"@id\":\"https:\\\/\\\/insektenliebe.com\\\/de\\\/#\\\/schema\\\/logo\\\/image\\\/\"}}]}<\/script>\n<!-- \/ Yoast SEO plugin. -->","yoast_head_json":{"title":"Ergaula capucina - Insektenliebe","description":"G\u00fcnstige Ergaula capucina direkt online kaufen. Diese wundersch\u00f6n gezeichnete exotische Schabenart, kann man hier direkt vom Z\u00fcchter kaufen.","robots":{"index":"index","follow":"follow","max-snippet":"max-snippet:-1","max-image-preview":"max-image-preview:large","max-video-preview":"max-video-preview:-1"},"canonical":"https:\/\/insektenliebe.com\/de\/shop\/produkt\/ergaula-capucina\/","og_locale":"de_DE","og_type":"article","og_title":"Ergaula capucina - Insektenliebe","og_description":"G\u00fcnstige Ergaula capucina direkt online kaufen. Diese wundersch\u00f6n gezeichnete exotische Schabenart, kann man hier direkt vom Z\u00fcchter kaufen.","og_url":"https:\/\/insektenliebe.com\/de\/shop\/produkt\/ergaula-capucina\/","og_site_name":"Insektenliebe","article_modified_time":"2026-01-29T07:24:40+00:00","og_image":[{"width":820,"height":820,"url":"https:\/\/insektenliebe.com\/wp-content\/uploads\/2025\/05\/Ergaula-capucina-2.jpg","type":"image\/jpeg"}],"twitter_card":"summary_large_image","twitter_misc":{"Gesch\u00e4tzte Lesezeit":"3\u00a0Minuten"},"schema":{"@context":"https:\/\/schema.org","@graph":[{"@type":"WebPage","@id":"https:\/\/insektenliebe.com\/de\/shop\/produkt\/ergaula-capucina\/","url":"https:\/\/insektenliebe.com\/de\/shop\/produkt\/ergaula-capucina\/","name":"Ergaula capucina - Insektenliebe","isPartOf":{"@id":"https:\/\/insektenliebe.com\/de\/#website"},"primaryImageOfPage":{"@id":"https:\/\/insektenliebe.com\/de\/shop\/produkt\/ergaula-capucina\/#primaryimage"},"image":{"@id":"https:\/\/insektenliebe.com\/de\/shop\/produkt\/ergaula-capucina\/#primaryimage"},"thumbnailUrl":"https:\/\/insektenliebe.com\/wp-content\/uploads\/2025\/05\/Ergaula-capucina-2.jpg","datePublished":"2022-06-23T09:41:43+00:00","dateModified":"2026-01-29T07:24:40+00:00","description":"G\u00fcnstige Ergaula capucina direkt online kaufen. Diese wundersch\u00f6n gezeichnete exotische Schabenart, kann man hier direkt vom Z\u00fcchter kaufen.","breadcrumb":{"@id":"https:\/\/insektenliebe.com\/de\/shop\/produkt\/ergaula-capucina\/#breadcrumb"},"inLanguage":"de","potentialAction":[{"@type":"ReadAction","target":["https:\/\/insektenliebe.com\/de\/shop\/produkt\/ergaula-capucina\/"]}]},{"@type":"ImageObject","inLanguage":"de","@id":"https:\/\/insektenliebe.com\/de\/shop\/produkt\/ergaula-capucina\/#primaryimage","url":"https:\/\/insektenliebe.com\/wp-content\/uploads\/2025\/05\/Ergaula-capucina-2.jpg","contentUrl":"https:\/\/insektenliebe.com\/wp-content\/uploads\/2025\/05\/Ergaula-capucina-2.jpg","width":820,"height":820,"caption":"Ergaula-capucina-2.jpg"},{"@type":"BreadcrumbList","@id":"https:\/\/insektenliebe.com\/de\/shop\/produkt\/ergaula-capucina\/#breadcrumb","itemListElement":[{"@type":"ListItem","position":1,"name":"Startseite","item":"https:\/\/insektenliebe.com\/de\/"},{"@type":"ListItem","position":2,"name":"Shop","item":"https:\/\/insektenliebe.com\/de\/shop\/"},{"@type":"ListItem","position":3,"name":"Ergaula capucina"}]},{"@type":"WebSite","@id":"https:\/\/insektenliebe.com\/de\/#website","url":"https:\/\/insektenliebe.com\/de\/","name":"Insektenliebe","description":"Dein Zuhause f\u00fcr die kleinen Lebewesen","publisher":{"@id":"https:\/\/insektenliebe.com\/de\/#organization"},"potentialAction":[{"@type":"SearchAction","target":{"@type":"EntryPoint","urlTemplate":"https:\/\/insektenliebe.com\/de\/?s={search_term_string}"},"query-input":{"@type":"PropertyValueSpecification","valueRequired":true,"valueName":"search_term_string"}}],"inLanguage":"de"},{"@type":"Organization","@id":"https:\/\/insektenliebe.com\/de\/#organization","name":"Insektenliebe","url":"https:\/\/insektenliebe.com\/de\/","logo":{"@type":"ImageObject","inLanguage":"de","@id":"https:\/\/insektenliebe.com\/de\/#\/schema\/logo\/image\/","url":"https:\/\/insektenliebe.com\/wp-content\/uploads\/2025\/03\/logo-white.png","contentUrl":"https:\/\/insektenliebe.com\/wp-content\/uploads\/2025\/03\/logo-white.png","width":288,"height":188,"caption":"Insektenliebe"},"image":{"@id":"https:\/\/insektenliebe.com\/de\/#\/schema\/logo\/image\/"}}]}},"_links":{"self":[{"href":"https:\/\/insektenliebe.com\/de\/wp-json\/wp\/v2\/product\/5334","targetHints":{"allow":["GET"]}}],"collection":[{"href":"https:\/\/insektenliebe.com\/de\/wp-json\/wp\/v2\/product"}],"about":[{"href":"https:\/\/insektenliebe.com\/de\/wp-json\/wp\/v2\/types\/product"}],"wp:featuredmedia":[{"embeddable":true,"href":"https:\/\/insektenliebe.com\/de\/wp-json\/wp\/v2\/media\/5364"}],"wp:attachment":[{"href":"https:\/\/insektenliebe.com\/de\/wp-json\/wp\/v2\/media?parent=5334"}],"wp:term":[{"taxonomy":"product-supplier","embeddable":true,"href":"https:\/\/insektenliebe.com\/de\/wp-json\/wp\/v2\/product-supplier?post=5334"},{"taxonomy":"product_brand","embeddable":true,"href":"https:\/\/insektenliebe.com\/de\/wp-json\/wp\/v2\/product_brand?post=5334"},{"taxonomy":"product_cat","embeddable":true,"href":"https:\/\/insektenliebe.com\/de\/wp-json\/wp\/v2\/product_cat?post=5334"},{"taxonomy":"product_tag","embeddable":true,"href":"https:\/\/insektenliebe.com\/de\/wp-json\/wp\/v2\/product_tag?post=5334"},{"taxonomy":"lce-checkout-addons","embeddable":true,"href":"https:\/\/insektenliebe.com\/de\/wp-json\/wp\/v2\/lce-checkout-addons?post=5334"}],"curies":[{"name":"wp","href":"https:\/\/api.w.org\/{rel}","templated":true}]}}