{"id":5333,"date":"2022-06-19T12:17:13","date_gmt":"2022-06-19T10:17:13","guid":{"rendered":"http:\/\/localhost\/ins-test\/?post_type=product&#038;p=5333"},"modified":"2026-03-03T20:51:06","modified_gmt":"2026-03-03T19:51:06","slug":"hobby-dupla-silent-power-pump-ssp-1-200","status":"publish","type":"product","link":"https:\/\/insektenliebe.com\/de\/shop\/produkt\/hobby-dupla-silent-power-pump-ssp-1-200\/","title":{"rendered":"Hobby Dupla Silent Power Pump SSP 1.200"},"content":{"rendered":"<h3><span style=\"color: #99cc33;\"><span class=\"s1\">Hobby Dupla Silent Power Pump SSP 1.200 \u2013 <\/span><span class=\"s1\">Perfekt f\u00fcr Wasserf\u00e4lle &amp; Bachl\u00e4ufe<\/span><\/span><\/h3>\n<p>Viele tr\u00e4umen in der Terraristik von einem Wasserfall in ihrem Paludarium. In einem Paludarium treffen \u00fcbrigens Aquarium und Terrarium aufeinander, weshalb es auch als Aquaterrarium bezeichnet wird. Der Name Paludarium leitet sich von dem lateinischen Wort \u201epalus\u201c ab, das \u00fcbersetzt Sumpf bedeutet. \u00c4hnlich wie in einer echten Sumpflandschaft gibt es in der Miniaturversion ein dicht bepflanztes Ufer und einen Teil, der sich unter der Wasseroberfl\u00e4che befindet. Liegt der Fokus eher auf dem Wasserbereich als auf dem Landteil des Aquaterrariums, spricht man \u00fcbrigens von einem Riparium. Hier ist das Ziel, die Uferzone von Seen oder Fl\u00fcssen nachzustellen und den Bereich \u00fcber Wasser nur anzudeuten.<\/p>\n<p>Die <strong>Hobby Dupla Silent Power Pump SSP 1.200\u00a0<\/strong>eignet sich perfekt als Pumpe f\u00fcr einen Wasserfall. Die zu transportierende Wassermenge l\u00e4sst sich bei dieser Pumpe regulieren und man erreicht somit kinderleicht den gew\u00fcnschten Wasserbetrieb.<\/p>\n<p>Die <strong>Hobby Dupla Silent Power Pump SSP 1.200<\/strong> ist aber auch sowohl im Meerwasseraquarium als auch im S\u00fc\u00dfwasseraquarium vielseitig einsetzbar. Die b\u00fcrstenlosen (Brushless- Tecnology), 6-poligen Synchronmotoren zeichnen sich durch eine extreme Laufruhe aus und lassen sich durch unterschiedliche Leistungsstufen den jeweiligen Bed\u00fcrfnissen des Aquariums optimal anpassen. Wenn die Pumpe als Str\u00f6mungspumpe eingesetzt werden soll, kann ebenfalls eine Wellensimulation programmiert werden. Alle Silent Power Pumpen besitzen eine Abschaltfunktion zum Schutz der Pumpen vor Trockenlauf oder durch Verstopfen von Fremdk\u00f6rpern. Die Verwendung von Keramikachsen erh\u00f6ht die Lebensdauer der Pumpen und Motoren und verhindert die Rostbildung durch das Salzwasser. Die Silent Power Pumpen gibt es in sechs unterschiedlichen Gr\u00f6\u00dfen mit einer Leistung von 1.200 l\/h - 12.000 l\/h.<\/p>\n<ul>\n<li>hocheffizientes Pumpendesign<\/li>\n<li>regelbare Leistungsstufen<\/li>\n<li>programmierbare Wellensimulation<\/li>\n<li>langlebige Keramikachse der Laufeinheit<\/li>\n<li>6-poliger Synchronmotor f\u00fcr extreme Laufruhe<\/li>\n<li>10 min. Abschaltfunktion f\u00fcr F\u00fctterungspause<\/li>\n<li>inklusive verschiedener Schlauchanschl\u00fcsse<\/li>\n<\/ul>\n<p><strong>Achtung:<\/strong><br \/>\nDie F\u00f6rderpumpen k\u00f6nnen nur unter Wasser, z.B. im Filtersumpf oder im Aquarium als Str\u00f6mungspumpen betrieben werden. Ein Trockenanschluss oder Trockenaufstellung der Pumpen ist nicht m\u00f6glich.<\/p>\n","protected":false},"excerpt":{"rendered":"<p>Hobby Dupla Silent Power Pump SSP 1.200 \u2013 Perfekt f\u00fcr Wasserf\u00e4lle &amp; Bachl\u00e4ufe Viele tr\u00e4umen in der Terraristik von einem Wasserfall in ihrem Paludarium. In einem Paludarium treffen \u00fcbrigens Aquarium und Terrarium aufeinander, weshalb es auch als Aquaterrarium bezeichnet wird. Der Name Paludarium leitet sich von dem lateinischen Wort \u201epalus\u201c ab, das \u00fcbersetzt Sumpf bedeutet. [&hellip;]<\/p>\n","protected":false},"featured_media":5363,"template":"","meta":{"_acf_changed":false},"product-supplier":[2555],"product_brand":[92],"product_cat":[299],"product_tag":[],"lce-checkout-addons":[],"class_list":{"0":"post-5333","1":"product","2":"type-product","3":"status-publish","4":"has-post-thumbnail","6":"product_brand-hobby-terraristik","7":"product_cat-beleuchtung-klima","8":"product_shipping_class-equipment-shipping","10":"first","11":"instock","12":"sale","13":"taxable","14":"shipping-taxable","15":"purchasable","16":"product-type-simple"},"acf":[],"yoast_head":"<!-- This site is optimized with the Yoast SEO plugin v27.3 - https:\/\/yoast.com\/product\/yoast-seo-wordpress\/ -->\n<title>Hobby Dupla Silent Power Pump SSP 1.200 - Insektenliebe<\/title>\n<meta name=\"description\" content=\"G\u00fcnstige Hobby Dupla Silent Power Pump SSP 1.200 direkt online kaufen. Die perfekte Pumpe mit regulierbarem Wasserdurchlauf.\" \/>\n<meta name=\"robots\" content=\"index, follow, max-snippet:-1, max-image-preview:large, max-video-preview:-1\" \/>\n<link rel=\"canonical\" href=\"https:\/\/insektenliebe.com\/de\/shop\/produkt\/hobby-dupla-silent-power-pump-ssp-1-200\/\" \/>\n<meta property=\"og:locale\" content=\"de_DE\" \/>\n<meta property=\"og:type\" content=\"article\" \/>\n<meta property=\"og:title\" content=\"Hobby Dupla Silent Power Pump SSP 1.200 - Insektenliebe\" \/>\n<meta property=\"og:description\" content=\"G\u00fcnstige Hobby Dupla Silent Power Pump SSP 1.200 direkt online kaufen. Die perfekte Pumpe mit regulierbarem Wasserdurchlauf.\" \/>\n<meta property=\"og:url\" content=\"https:\/\/insektenliebe.com\/de\/shop\/produkt\/hobby-dupla-silent-power-pump-ssp-1-200\/\" \/>\n<meta property=\"og:site_name\" content=\"Insektenliebe\" \/>\n<meta property=\"article:modified_time\" content=\"2026-03-03T19:51:06+00:00\" \/>\n<meta property=\"og:image\" content=\"https:\/\/insektenliebe.com\/wp-content\/uploads\/2025\/05\/Hobby-Dupla-Silent-Power-Pump-SSP-1.200-2.jpg\" \/>\n\t<meta property=\"og:image:width\" content=\"820\" \/>\n\t<meta property=\"og:image:height\" content=\"820\" \/>\n\t<meta property=\"og:image:type\" content=\"image\/jpeg\" \/>\n<meta name=\"twitter:card\" content=\"summary_large_image\" \/>\n<meta name=\"twitter:label1\" content=\"Gesch\u00e4tzte Lesezeit\" \/>\n\t<meta name=\"twitter:data1\" content=\"2\u00a0Minuten\" \/>\n<script type=\"application\/ld+json\" class=\"yoast-schema-graph\">{\"@context\":\"https:\\\/\\\/schema.org\",\"@graph\":[{\"@type\":\"WebPage\",\"@id\":\"https:\\\/\\\/insektenliebe.com\\\/de\\\/shop\\\/produkt\\\/hobby-dupla-silent-power-pump-ssp-1-200\\\/\",\"url\":\"https:\\\/\\\/insektenliebe.com\\\/de\\\/shop\\\/produkt\\\/hobby-dupla-silent-power-pump-ssp-1-200\\\/\",\"name\":\"Hobby Dupla Silent Power Pump SSP 1.200 - Insektenliebe\",\"isPartOf\":{\"@id\":\"https:\\\/\\\/insektenliebe.com\\\/de\\\/#website\"},\"primaryImageOfPage\":{\"@id\":\"https:\\\/\\\/insektenliebe.com\\\/de\\\/shop\\\/produkt\\\/hobby-dupla-silent-power-pump-ssp-1-200\\\/#primaryimage\"},\"image\":{\"@id\":\"https:\\\/\\\/insektenliebe.com\\\/de\\\/shop\\\/produkt\\\/hobby-dupla-silent-power-pump-ssp-1-200\\\/#primaryimage\"},\"thumbnailUrl\":\"https:\\\/\\\/insektenliebe.com\\\/wp-content\\\/uploads\\\/2025\\\/05\\\/Hobby-Dupla-Silent-Power-Pump-SSP-1.200-2.jpg\",\"datePublished\":\"2022-06-19T10:17:13+00:00\",\"dateModified\":\"2026-03-03T19:51:06+00:00\",\"description\":\"G\u00fcnstige Hobby Dupla Silent Power Pump SSP 1.200 direkt online kaufen. Die perfekte Pumpe mit regulierbarem Wasserdurchlauf.\",\"breadcrumb\":{\"@id\":\"https:\\\/\\\/insektenliebe.com\\\/de\\\/shop\\\/produkt\\\/hobby-dupla-silent-power-pump-ssp-1-200\\\/#breadcrumb\"},\"inLanguage\":\"de\",\"potentialAction\":[{\"@type\":\"ReadAction\",\"target\":[\"https:\\\/\\\/insektenliebe.com\\\/de\\\/shop\\\/produkt\\\/hobby-dupla-silent-power-pump-ssp-1-200\\\/\"]}]},{\"@type\":\"ImageObject\",\"inLanguage\":\"de\",\"@id\":\"https:\\\/\\\/insektenliebe.com\\\/de\\\/shop\\\/produkt\\\/hobby-dupla-silent-power-pump-ssp-1-200\\\/#primaryimage\",\"url\":\"https:\\\/\\\/insektenliebe.com\\\/wp-content\\\/uploads\\\/2025\\\/05\\\/Hobby-Dupla-Silent-Power-Pump-SSP-1.200-2.jpg\",\"contentUrl\":\"https:\\\/\\\/insektenliebe.com\\\/wp-content\\\/uploads\\\/2025\\\/05\\\/Hobby-Dupla-Silent-Power-Pump-SSP-1.200-2.jpg\",\"width\":820,\"height\":820,\"caption\":\"Hobby-Dupla-Silent-Power-Pump-SSP-1.200-2.jpg\"},{\"@type\":\"BreadcrumbList\",\"@id\":\"https:\\\/\\\/insektenliebe.com\\\/de\\\/shop\\\/produkt\\\/hobby-dupla-silent-power-pump-ssp-1-200\\\/#breadcrumb\",\"itemListElement\":[{\"@type\":\"ListItem\",\"position\":1,\"name\":\"Startseite\",\"item\":\"https:\\\/\\\/insektenliebe.com\\\/de\\\/\"},{\"@type\":\"ListItem\",\"position\":2,\"name\":\"Shop\",\"item\":\"https:\\\/\\\/insektenliebe.com\\\/de\\\/shop\\\/\"},{\"@type\":\"ListItem\",\"position\":3,\"name\":\"Hobby Dupla Silent Power Pump SSP 1.200\"}]},{\"@type\":\"WebSite\",\"@id\":\"https:\\\/\\\/insektenliebe.com\\\/de\\\/#website\",\"url\":\"https:\\\/\\\/insektenliebe.com\\\/de\\\/\",\"name\":\"Insektenliebe\",\"description\":\"Dein Zuhause f\u00fcr die kleinen Lebewesen\",\"publisher\":{\"@id\":\"https:\\\/\\\/insektenliebe.com\\\/de\\\/#organization\"},\"potentialAction\":[{\"@type\":\"SearchAction\",\"target\":{\"@type\":\"EntryPoint\",\"urlTemplate\":\"https:\\\/\\\/insektenliebe.com\\\/de\\\/?s={search_term_string}\"},\"query-input\":{\"@type\":\"PropertyValueSpecification\",\"valueRequired\":true,\"valueName\":\"search_term_string\"}}],\"inLanguage\":\"de\"},{\"@type\":\"Organization\",\"@id\":\"https:\\\/\\\/insektenliebe.com\\\/de\\\/#organization\",\"name\":\"Insektenliebe\",\"url\":\"https:\\\/\\\/insektenliebe.com\\\/de\\\/\",\"logo\":{\"@type\":\"ImageObject\",\"inLanguage\":\"de\",\"@id\":\"https:\\\/\\\/insektenliebe.com\\\/de\\\/#\\\/schema\\\/logo\\\/image\\\/\",\"url\":\"https:\\\/\\\/insektenliebe.com\\\/wp-content\\\/uploads\\\/2025\\\/03\\\/logo-white.png\",\"contentUrl\":\"https:\\\/\\\/insektenliebe.com\\\/wp-content\\\/uploads\\\/2025\\\/03\\\/logo-white.png\",\"width\":288,\"height\":188,\"caption\":\"Insektenliebe\"},\"image\":{\"@id\":\"https:\\\/\\\/insektenliebe.com\\\/de\\\/#\\\/schema\\\/logo\\\/image\\\/\"}}]}<\/script>\n<!-- \/ Yoast SEO plugin. -->","yoast_head_json":{"title":"Hobby Dupla Silent Power Pump SSP 1.200 - Insektenliebe","description":"G\u00fcnstige Hobby Dupla Silent Power Pump SSP 1.200 direkt online kaufen. Die perfekte Pumpe mit regulierbarem Wasserdurchlauf.","robots":{"index":"index","follow":"follow","max-snippet":"max-snippet:-1","max-image-preview":"max-image-preview:large","max-video-preview":"max-video-preview:-1"},"canonical":"https:\/\/insektenliebe.com\/de\/shop\/produkt\/hobby-dupla-silent-power-pump-ssp-1-200\/","og_locale":"de_DE","og_type":"article","og_title":"Hobby Dupla Silent Power Pump SSP 1.200 - Insektenliebe","og_description":"G\u00fcnstige Hobby Dupla Silent Power Pump SSP 1.200 direkt online kaufen. Die perfekte Pumpe mit regulierbarem Wasserdurchlauf.","og_url":"https:\/\/insektenliebe.com\/de\/shop\/produkt\/hobby-dupla-silent-power-pump-ssp-1-200\/","og_site_name":"Insektenliebe","article_modified_time":"2026-03-03T19:51:06+00:00","og_image":[{"width":820,"height":820,"url":"https:\/\/insektenliebe.com\/wp-content\/uploads\/2025\/05\/Hobby-Dupla-Silent-Power-Pump-SSP-1.200-2.jpg","type":"image\/jpeg"}],"twitter_card":"summary_large_image","twitter_misc":{"Gesch\u00e4tzte Lesezeit":"2\u00a0Minuten"},"schema":{"@context":"https:\/\/schema.org","@graph":[{"@type":"WebPage","@id":"https:\/\/insektenliebe.com\/de\/shop\/produkt\/hobby-dupla-silent-power-pump-ssp-1-200\/","url":"https:\/\/insektenliebe.com\/de\/shop\/produkt\/hobby-dupla-silent-power-pump-ssp-1-200\/","name":"Hobby Dupla Silent Power Pump SSP 1.200 - Insektenliebe","isPartOf":{"@id":"https:\/\/insektenliebe.com\/de\/#website"},"primaryImageOfPage":{"@id":"https:\/\/insektenliebe.com\/de\/shop\/produkt\/hobby-dupla-silent-power-pump-ssp-1-200\/#primaryimage"},"image":{"@id":"https:\/\/insektenliebe.com\/de\/shop\/produkt\/hobby-dupla-silent-power-pump-ssp-1-200\/#primaryimage"},"thumbnailUrl":"https:\/\/insektenliebe.com\/wp-content\/uploads\/2025\/05\/Hobby-Dupla-Silent-Power-Pump-SSP-1.200-2.jpg","datePublished":"2022-06-19T10:17:13+00:00","dateModified":"2026-03-03T19:51:06+00:00","description":"G\u00fcnstige Hobby Dupla Silent Power Pump SSP 1.200 direkt online kaufen. Die perfekte Pumpe mit regulierbarem Wasserdurchlauf.","breadcrumb":{"@id":"https:\/\/insektenliebe.com\/de\/shop\/produkt\/hobby-dupla-silent-power-pump-ssp-1-200\/#breadcrumb"},"inLanguage":"de","potentialAction":[{"@type":"ReadAction","target":["https:\/\/insektenliebe.com\/de\/shop\/produkt\/hobby-dupla-silent-power-pump-ssp-1-200\/"]}]},{"@type":"ImageObject","inLanguage":"de","@id":"https:\/\/insektenliebe.com\/de\/shop\/produkt\/hobby-dupla-silent-power-pump-ssp-1-200\/#primaryimage","url":"https:\/\/insektenliebe.com\/wp-content\/uploads\/2025\/05\/Hobby-Dupla-Silent-Power-Pump-SSP-1.200-2.jpg","contentUrl":"https:\/\/insektenliebe.com\/wp-content\/uploads\/2025\/05\/Hobby-Dupla-Silent-Power-Pump-SSP-1.200-2.jpg","width":820,"height":820,"caption":"Hobby-Dupla-Silent-Power-Pump-SSP-1.200-2.jpg"},{"@type":"BreadcrumbList","@id":"https:\/\/insektenliebe.com\/de\/shop\/produkt\/hobby-dupla-silent-power-pump-ssp-1-200\/#breadcrumb","itemListElement":[{"@type":"ListItem","position":1,"name":"Startseite","item":"https:\/\/insektenliebe.com\/de\/"},{"@type":"ListItem","position":2,"name":"Shop","item":"https:\/\/insektenliebe.com\/de\/shop\/"},{"@type":"ListItem","position":3,"name":"Hobby Dupla Silent Power Pump SSP 1.200"}]},{"@type":"WebSite","@id":"https:\/\/insektenliebe.com\/de\/#website","url":"https:\/\/insektenliebe.com\/de\/","name":"Insektenliebe","description":"Dein Zuhause f\u00fcr die kleinen Lebewesen","publisher":{"@id":"https:\/\/insektenliebe.com\/de\/#organization"},"potentialAction":[{"@type":"SearchAction","target":{"@type":"EntryPoint","urlTemplate":"https:\/\/insektenliebe.com\/de\/?s={search_term_string}"},"query-input":{"@type":"PropertyValueSpecification","valueRequired":true,"valueName":"search_term_string"}}],"inLanguage":"de"},{"@type":"Organization","@id":"https:\/\/insektenliebe.com\/de\/#organization","name":"Insektenliebe","url":"https:\/\/insektenliebe.com\/de\/","logo":{"@type":"ImageObject","inLanguage":"de","@id":"https:\/\/insektenliebe.com\/de\/#\/schema\/logo\/image\/","url":"https:\/\/insektenliebe.com\/wp-content\/uploads\/2025\/03\/logo-white.png","contentUrl":"https:\/\/insektenliebe.com\/wp-content\/uploads\/2025\/03\/logo-white.png","width":288,"height":188,"caption":"Insektenliebe"},"image":{"@id":"https:\/\/insektenliebe.com\/de\/#\/schema\/logo\/image\/"}}]}},"_links":{"self":[{"href":"https:\/\/insektenliebe.com\/de\/wp-json\/wp\/v2\/product\/5333","targetHints":{"allow":["GET"]}}],"collection":[{"href":"https:\/\/insektenliebe.com\/de\/wp-json\/wp\/v2\/product"}],"about":[{"href":"https:\/\/insektenliebe.com\/de\/wp-json\/wp\/v2\/types\/product"}],"wp:featuredmedia":[{"embeddable":true,"href":"https:\/\/insektenliebe.com\/de\/wp-json\/wp\/v2\/media\/5363"}],"wp:attachment":[{"href":"https:\/\/insektenliebe.com\/de\/wp-json\/wp\/v2\/media?parent=5333"}],"wp:term":[{"taxonomy":"product-supplier","embeddable":true,"href":"https:\/\/insektenliebe.com\/de\/wp-json\/wp\/v2\/product-supplier?post=5333"},{"taxonomy":"product_brand","embeddable":true,"href":"https:\/\/insektenliebe.com\/de\/wp-json\/wp\/v2\/product_brand?post=5333"},{"taxonomy":"product_cat","embeddable":true,"href":"https:\/\/insektenliebe.com\/de\/wp-json\/wp\/v2\/product_cat?post=5333"},{"taxonomy":"product_tag","embeddable":true,"href":"https:\/\/insektenliebe.com\/de\/wp-json\/wp\/v2\/product_tag?post=5333"},{"taxonomy":"lce-checkout-addons","embeddable":true,"href":"https:\/\/insektenliebe.com\/de\/wp-json\/wp\/v2\/lce-checkout-addons?post=5333"}],"curies":[{"name":"wp","href":"https:\/\/api.w.org\/{rel}","templated":true}]}}