{"id":5295,"date":"2022-03-24T10:52:09","date_gmt":"2022-03-24T08:52:09","guid":{"rendered":"http:\/\/localhost\/ins-test\/?post_type=product&#038;p=5295"},"modified":"2026-01-31T21:19:40","modified_gmt":"2026-01-31T20:19:40","slug":"heteropoda-lunula","status":"publish","type":"product","link":"https:\/\/insektenliebe.com\/de\/shop\/produkt\/heteropoda-lunula\/","title":{"rendered":"Heteropoda lunula"},"content":{"rendered":"<h3>Leicht<\/h3>\n<h3>Myanmar, Indien, Vietnam, Malaysia, Java, Sumatra, Borneo<\/h3>\n<h3>3 CM<\/h3>\n<h3>23-26 \u00b0C<\/h3>\n<h3><span style=\"color: #99cc33\">Kurzbeschreibung zu Heteropoda lunula:<\/span><\/h3>\n<div class=\"MuiGrid-root MuiGrid-item MuiGrid-grid-xs-12 MuiGrid-grid-sm-6\">\n<div>\n<div>Heteropoda lunula sieht auf den ersten Blick sehr gro\u00df aus, was aber vor allem an ihrer Beinspanne liegt. Wie bei allen Riesenkrabbenspinnen sind ihre Beine d\u00fcnn und f\u00fcr schnelle Bewegungen perfekt gebaut. Wie fast alle Riesenkrabbenspinnen f\u00fchrt sie ein r\u00e4uberisches Leben. Es werden keine Netze gesponnen und die Beute wird in der Jagd get\u00f6tet. Ihre Augen sind nicht f\u00fcr die v\u00f6llige Dunkelheit geeignet. Das deutet darauf hin, dass Heteropoda lunula nicht nur in der Dunkelheit tief in H\u00f6hlen leben, sondern auch besonders an H\u00f6hleneing\u00e4ngen und sogar im Freien anzutreffen sind. Neben der visuellen Wahrnehmung verfolgen sie ihre Beute vor allem durch die von ihr induzierten Vibrationen. Wie alle Spinnen ist auch Heteropoda lunula giftig und sie nutzt ihre Cheliceren (Kieferkrallen), um ihre Beute zu bei\u00dfen. Die immobilisierte Beute wird dann von der Spinne gefressen. Sie sind jedoch nicht giftig genug, um einen Menschen ernsthaft zu sch\u00e4digen. Daher gilt sie als unbedenklich f\u00fcr den Menschen. Es gab auch keine gemeldeten Bisse in der Gegend, in der sie lebten, da sie eher fliehen w\u00fcrden.<\/div>\n<div><\/div>\n<div>Das Terrarium f\u00fcr eine ausgewachsene Spinne ist mit 30 \u00d7 30 \u00d7 30 cm gro\u00df genug. Als Bodensubstrat eignet sich Waldhumus und etwas Sphagnum Moos. Dadurch speichert der Bodengrund das Wasser gut und gibt es langsam an die Umgebung ab. Eine Luftfeuchtigkeit von 70 bis 80 % ist damit spielend erreichbar. Die Dekoration sollte so eingerichtet werden, dass es f\u00fcr einer baumbewohnenden Spinne gen\u00fcgend Kletterm\u00f6glichkeiten gibt, aber auch Verstecke, in denen sie sich tags\u00fcber aufhalten kann. Ein Wassernapf darf selbstverst\u00e4ndlich nicht fehlen. Angebotene Futtertiere sollten in etwa halb so gro\u00df wie die Spinne sein.<\/div>\n<div><\/div>\n<div><strong>Aktuelle Gr\u00f6\u00dfe: FH2<\/strong><\/div>\n<\/div>\n<\/div>\n<h3><\/h3>\n<h3><span style=\"color: #99cc33\"><strong>Produkte f\u00fcr Heteropoda lunula:<\/strong><\/span><\/h3>\n<p><img decoding=\"async\" src=\"https:\/\/insektenliebe.com\/wp-content\/uploads\/2022\/03\/Heteropoda-lunula-Nahaufnahme.jpg\" alt=\"Heteropoda lunula Nahaufnahme\" \/><\/p>\n","protected":false},"excerpt":{"rendered":"<p>Riesenkrabbenspinne mit Jagdtrieb!<\/p>\n","protected":false},"featured_media":5324,"template":"","meta":{"_acf_changed":false},"product-supplier":[],"product_brand":[],"product_cat":[79,626],"product_tag":[],"lce-checkout-addons":[1202],"class_list":{"0":"post-5295","1":"product","2":"type-product","3":"status-publish","4":"has-post-thumbnail","6":"product_cat-sonstige-spinnen","7":"product_cat-spinnen","8":"product_shipping_class-animal-shipping","9":"lce-checkout-addons-winterverpackung","11":"first","12":"outofstock","13":"taxable","14":"shipping-taxable","15":"purchasable","16":"product-type-simple"},"acf":[],"yoast_head":"<!-- This site is optimized with the Yoast SEO Premium plugin v26.8 (Yoast SEO v27.3) - https:\/\/yoast.com\/product\/yoast-seo-premium-wordpress\/ -->\n<title>Heteropoda lunula - Insektenliebe<\/title>\n<meta name=\"description\" content=\"G\u00fcnstige Heteropoda lunula direkt online kaufen. Eine Riesenkrabbenspinne mit ausgepr\u00e4gtem Jagdtrieb direkt beim Z\u00fcchter kaufen!\" \/>\n<meta name=\"robots\" content=\"index, follow, max-snippet:-1, max-image-preview:large, max-video-preview:-1\" \/>\n<link rel=\"canonical\" href=\"https:\/\/insektenliebe.com\/de\/shop\/produkt\/heteropoda-lunula\/\" \/>\n<meta property=\"og:locale\" content=\"de_DE\" \/>\n<meta property=\"og:type\" content=\"article\" \/>\n<meta property=\"og:title\" content=\"Heteropoda lunula\" \/>\n<meta property=\"og:description\" content=\"G\u00fcnstige Heteropoda lunula direkt online kaufen. Eine Riesenkrabbenspinne mit ausgepr\u00e4gtem Jagdtrieb direkt beim Z\u00fcchter kaufen!\" \/>\n<meta property=\"og:url\" content=\"https:\/\/insektenliebe.com\/de\/shop\/produkt\/heteropoda-lunula\/\" \/>\n<meta property=\"og:site_name\" content=\"Insektenliebe\" \/>\n<meta property=\"article:modified_time\" content=\"2026-01-31T20:19:40+00:00\" \/>\n<meta property=\"og:image\" content=\"https:\/\/insektenliebe.com\/wp-content\/uploads\/2025\/05\/Heteropoda-lunula-2.jpg\" \/>\n\t<meta property=\"og:image:width\" content=\"820\" \/>\n\t<meta property=\"og:image:height\" content=\"820\" \/>\n\t<meta property=\"og:image:type\" content=\"image\/jpeg\" \/>\n<meta name=\"twitter:card\" content=\"summary_large_image\" \/>\n<meta name=\"twitter:label1\" content=\"Preis\" \/>\n\t<meta name=\"twitter:data1\" content=\"14,90&nbsp;&euro; inkl. MwSt. zzgl. Versand\" \/>\n\t<meta name=\"twitter:label2\" content=\"Verf\u00fcgbarkeit\" \/>\n\t<meta name=\"twitter:data2\" content=\"ausverkauft\" \/>\n<script type=\"application\/ld+json\" class=\"yoast-schema-graph\">{\"@context\":\"https:\\\/\\\/schema.org\",\"@graph\":[{\"@type\":\"WebPage\",\"@id\":\"https:\\\/\\\/insektenliebe.com\\\/de\\\/shop\\\/produkt\\\/heteropoda-lunula\\\/\",\"url\":\"https:\\\/\\\/insektenliebe.com\\\/de\\\/shop\\\/produkt\\\/heteropoda-lunula\\\/\",\"name\":\"Heteropoda lunula - Insektenliebe\",\"isPartOf\":{\"@id\":\"https:\\\/\\\/insektenliebe.com\\\/de\\\/#website\"},\"primaryImageOfPage\":{\"@id\":\"https:\\\/\\\/insektenliebe.com\\\/de\\\/shop\\\/produkt\\\/heteropoda-lunula\\\/#primaryimage\"},\"image\":{\"@id\":\"https:\\\/\\\/insektenliebe.com\\\/de\\\/shop\\\/produkt\\\/heteropoda-lunula\\\/#primaryimage\"},\"thumbnailUrl\":\"https:\\\/\\\/insektenliebe.com\\\/wp-content\\\/uploads\\\/2025\\\/05\\\/Heteropoda-lunula-2.jpg\",\"datePublished\":\"2022-03-24T08:52:09+00:00\",\"dateModified\":\"2026-01-31T20:19:40+00:00\",\"description\":\"G\u00fcnstige Heteropoda lunula direkt online kaufen. Eine Riesenkrabbenspinne mit ausgepr\u00e4gtem Jagdtrieb direkt beim Z\u00fcchter kaufen!\",\"breadcrumb\":{\"@id\":\"https:\\\/\\\/insektenliebe.com\\\/de\\\/shop\\\/produkt\\\/heteropoda-lunula\\\/#breadcrumb\"},\"inLanguage\":\"de\",\"potentialAction\":[{\"@type\":\"ReadAction\",\"target\":[\"https:\\\/\\\/insektenliebe.com\\\/de\\\/shop\\\/produkt\\\/heteropoda-lunula\\\/\"]}]},{\"@type\":\"ImageObject\",\"inLanguage\":\"de\",\"@id\":\"https:\\\/\\\/insektenliebe.com\\\/de\\\/shop\\\/produkt\\\/heteropoda-lunula\\\/#primaryimage\",\"url\":\"https:\\\/\\\/insektenliebe.com\\\/wp-content\\\/uploads\\\/2025\\\/05\\\/Heteropoda-lunula-2.jpg\",\"contentUrl\":\"https:\\\/\\\/insektenliebe.com\\\/wp-content\\\/uploads\\\/2025\\\/05\\\/Heteropoda-lunula-2.jpg\",\"width\":820,\"height\":820,\"caption\":\"Heteropoda-lunula-2.jpg\"},{\"@type\":\"BreadcrumbList\",\"@id\":\"https:\\\/\\\/insektenliebe.com\\\/de\\\/shop\\\/produkt\\\/heteropoda-lunula\\\/#breadcrumb\",\"itemListElement\":[{\"@type\":\"ListItem\",\"position\":1,\"name\":\"Startseite\",\"item\":\"https:\\\/\\\/insektenliebe.com\\\/de\\\/\"},{\"@type\":\"ListItem\",\"position\":2,\"name\":\"Shop\",\"item\":\"https:\\\/\\\/insektenliebe.com\\\/de\\\/shop\\\/\"},{\"@type\":\"ListItem\",\"position\":3,\"name\":\"Heteropoda lunula\"}]},{\"@type\":\"WebSite\",\"@id\":\"https:\\\/\\\/insektenliebe.com\\\/de\\\/#website\",\"url\":\"https:\\\/\\\/insektenliebe.com\\\/de\\\/\",\"name\":\"Insektenliebe\",\"description\":\"Dein Zuhause f\u00fcr die kleinen Lebewesen\",\"publisher\":{\"@id\":\"https:\\\/\\\/insektenliebe.com\\\/de\\\/#organization\"},\"potentialAction\":[{\"@type\":\"SearchAction\",\"target\":{\"@type\":\"EntryPoint\",\"urlTemplate\":\"https:\\\/\\\/insektenliebe.com\\\/de\\\/?s={search_term_string}\"},\"query-input\":{\"@type\":\"PropertyValueSpecification\",\"valueRequired\":true,\"valueName\":\"search_term_string\"}}],\"inLanguage\":\"de\"},{\"@type\":\"Organization\",\"@id\":\"https:\\\/\\\/insektenliebe.com\\\/de\\\/#organization\",\"name\":\"Insektenliebe\",\"url\":\"https:\\\/\\\/insektenliebe.com\\\/de\\\/\",\"logo\":{\"@type\":\"ImageObject\",\"inLanguage\":\"de\",\"@id\":\"https:\\\/\\\/insektenliebe.com\\\/de\\\/#\\\/schema\\\/logo\\\/image\\\/\",\"url\":\"https:\\\/\\\/insektenliebe.com\\\/wp-content\\\/uploads\\\/2025\\\/03\\\/logo-white.png\",\"contentUrl\":\"https:\\\/\\\/insektenliebe.com\\\/wp-content\\\/uploads\\\/2025\\\/03\\\/logo-white.png\",\"width\":288,\"height\":188,\"caption\":\"Insektenliebe\"},\"image\":{\"@id\":\"https:\\\/\\\/insektenliebe.com\\\/de\\\/#\\\/schema\\\/logo\\\/image\\\/\"}}]}<\/script>\n<meta property=\"product:price:amount\" content=\"14.90\" \/>\n<meta property=\"product:price:currency\" content=\"EUR\" \/>\n<meta property=\"og:availability\" content=\"out of stock\" \/>\n<meta property=\"product:availability\" content=\"out of stock\" \/>\n<meta property=\"product:retailer_item_id\" content=\"399\" \/>\n<meta property=\"product:condition\" content=\"new\" \/>\n<!-- \/ Yoast SEO Premium plugin. -->","yoast_head_json":{"title":"Heteropoda lunula - Insektenliebe","description":"G\u00fcnstige Heteropoda lunula direkt online kaufen. Eine Riesenkrabbenspinne mit ausgepr\u00e4gtem Jagdtrieb direkt beim Z\u00fcchter kaufen!","robots":{"index":"index","follow":"follow","max-snippet":"max-snippet:-1","max-image-preview":"max-image-preview:large","max-video-preview":"max-video-preview:-1"},"canonical":"https:\/\/insektenliebe.com\/de\/shop\/produkt\/heteropoda-lunula\/","og_locale":"de_DE","og_type":"article","og_title":"Heteropoda lunula","og_description":"G\u00fcnstige Heteropoda lunula direkt online kaufen. Eine Riesenkrabbenspinne mit ausgepr\u00e4gtem Jagdtrieb direkt beim Z\u00fcchter kaufen!","og_url":"https:\/\/insektenliebe.com\/de\/shop\/produkt\/heteropoda-lunula\/","og_site_name":"Insektenliebe","article_modified_time":"2026-01-31T20:19:40+00:00","og_image":[{"width":820,"height":820,"url":"https:\/\/insektenliebe.com\/wp-content\/uploads\/2025\/05\/Heteropoda-lunula-2.jpg","type":"image\/jpeg"}],"twitter_card":"summary_large_image","twitter_misc":{"Preis":"14,90&nbsp;&euro; inkl. MwSt. zzgl. Versand","Verf\u00fcgbarkeit":"ausverkauft"},"schema":{"@context":"https:\/\/schema.org","@graph":[{"@type":"WebPage","@id":"https:\/\/insektenliebe.com\/de\/shop\/produkt\/heteropoda-lunula\/","url":"https:\/\/insektenliebe.com\/de\/shop\/produkt\/heteropoda-lunula\/","name":"Heteropoda lunula - Insektenliebe","isPartOf":{"@id":"https:\/\/insektenliebe.com\/de\/#website"},"primaryImageOfPage":{"@id":"https:\/\/insektenliebe.com\/de\/shop\/produkt\/heteropoda-lunula\/#primaryimage"},"image":{"@id":"https:\/\/insektenliebe.com\/de\/shop\/produkt\/heteropoda-lunula\/#primaryimage"},"thumbnailUrl":"https:\/\/insektenliebe.com\/wp-content\/uploads\/2025\/05\/Heteropoda-lunula-2.jpg","datePublished":"2022-03-24T08:52:09+00:00","dateModified":"2026-01-31T20:19:40+00:00","description":"G\u00fcnstige Heteropoda lunula direkt online kaufen. Eine Riesenkrabbenspinne mit ausgepr\u00e4gtem Jagdtrieb direkt beim Z\u00fcchter kaufen!","breadcrumb":{"@id":"https:\/\/insektenliebe.com\/de\/shop\/produkt\/heteropoda-lunula\/#breadcrumb"},"inLanguage":"de","potentialAction":[{"@type":"ReadAction","target":["https:\/\/insektenliebe.com\/de\/shop\/produkt\/heteropoda-lunula\/"]}]},{"@type":"ImageObject","inLanguage":"de","@id":"https:\/\/insektenliebe.com\/de\/shop\/produkt\/heteropoda-lunula\/#primaryimage","url":"https:\/\/insektenliebe.com\/wp-content\/uploads\/2025\/05\/Heteropoda-lunula-2.jpg","contentUrl":"https:\/\/insektenliebe.com\/wp-content\/uploads\/2025\/05\/Heteropoda-lunula-2.jpg","width":820,"height":820,"caption":"Heteropoda-lunula-2.jpg"},{"@type":"BreadcrumbList","@id":"https:\/\/insektenliebe.com\/de\/shop\/produkt\/heteropoda-lunula\/#breadcrumb","itemListElement":[{"@type":"ListItem","position":1,"name":"Startseite","item":"https:\/\/insektenliebe.com\/de\/"},{"@type":"ListItem","position":2,"name":"Shop","item":"https:\/\/insektenliebe.com\/de\/shop\/"},{"@type":"ListItem","position":3,"name":"Heteropoda lunula"}]},{"@type":"WebSite","@id":"https:\/\/insektenliebe.com\/de\/#website","url":"https:\/\/insektenliebe.com\/de\/","name":"Insektenliebe","description":"Dein Zuhause f\u00fcr die kleinen Lebewesen","publisher":{"@id":"https:\/\/insektenliebe.com\/de\/#organization"},"potentialAction":[{"@type":"SearchAction","target":{"@type":"EntryPoint","urlTemplate":"https:\/\/insektenliebe.com\/de\/?s={search_term_string}"},"query-input":{"@type":"PropertyValueSpecification","valueRequired":true,"valueName":"search_term_string"}}],"inLanguage":"de"},{"@type":"Organization","@id":"https:\/\/insektenliebe.com\/de\/#organization","name":"Insektenliebe","url":"https:\/\/insektenliebe.com\/de\/","logo":{"@type":"ImageObject","inLanguage":"de","@id":"https:\/\/insektenliebe.com\/de\/#\/schema\/logo\/image\/","url":"https:\/\/insektenliebe.com\/wp-content\/uploads\/2025\/03\/logo-white.png","contentUrl":"https:\/\/insektenliebe.com\/wp-content\/uploads\/2025\/03\/logo-white.png","width":288,"height":188,"caption":"Insektenliebe"},"image":{"@id":"https:\/\/insektenliebe.com\/de\/#\/schema\/logo\/image\/"}}]},"product_price_amount":"14.90","product_price_currency":"EUR","og_availability":"out of stock","product_availability":"out of stock","product_retailer_item_id":"399","product_condition":"new"},"_links":{"self":[{"href":"https:\/\/insektenliebe.com\/de\/wp-json\/wp\/v2\/product\/5295","targetHints":{"allow":["GET"]}}],"collection":[{"href":"https:\/\/insektenliebe.com\/de\/wp-json\/wp\/v2\/product"}],"about":[{"href":"https:\/\/insektenliebe.com\/de\/wp-json\/wp\/v2\/types\/product"}],"wp:featuredmedia":[{"embeddable":true,"href":"https:\/\/insektenliebe.com\/de\/wp-json\/wp\/v2\/media\/5324"}],"wp:attachment":[{"href":"https:\/\/insektenliebe.com\/de\/wp-json\/wp\/v2\/media?parent=5295"}],"wp:term":[{"taxonomy":"product-supplier","embeddable":true,"href":"https:\/\/insektenliebe.com\/de\/wp-json\/wp\/v2\/product-supplier?post=5295"},{"taxonomy":"product_brand","embeddable":true,"href":"https:\/\/insektenliebe.com\/de\/wp-json\/wp\/v2\/product_brand?post=5295"},{"taxonomy":"product_cat","embeddable":true,"href":"https:\/\/insektenliebe.com\/de\/wp-json\/wp\/v2\/product_cat?post=5295"},{"taxonomy":"product_tag","embeddable":true,"href":"https:\/\/insektenliebe.com\/de\/wp-json\/wp\/v2\/product_tag?post=5295"},{"taxonomy":"lce-checkout-addons","embeddable":true,"href":"https:\/\/insektenliebe.com\/de\/wp-json\/wp\/v2\/lce-checkout-addons?post=5295"}],"curies":[{"name":"wp","href":"https:\/\/api.w.org\/{rel}","templated":true}]}}