{"id":5292,"date":"2022-02-24T20:14:30","date_gmt":"2022-02-24T18:14:30","guid":{"rendered":"http:\/\/localhost\/ins-test\/?post_type=product&#038;p=5292"},"modified":"2026-01-31T21:21:11","modified_gmt":"2026-01-31T20:21:11","slug":"damon-diadema-geisselspinne","status":"publish","type":"product","link":"https:\/\/insektenliebe.com\/de\/shop\/produkt\/damon-diadema-geisselspinne\/","title":{"rendered":"Damon diadema \"Gei\u00dfelspinne\""},"content":{"rendered":"<h3>Leicht<\/h3>\n<h3>Tansania, Kenia<\/h3>\n<h3>4-5 CM<\/h3>\n<h3>25-30 \u00b0C<\/h3>\n<h3><span style=\"color: #99cc33\">Kurzbeschreibung Damon diadema \"Gei\u00dfelspinne\":<\/span><\/h3>\n<p><strong>Damon diadema \"Gei\u00dfelspinne\"<\/strong> ist zwar sozial und man kann sie in Gruppen halten, aber bei dieser Art kann es zu Revierk\u00e4mpfen bei M\u00e4nnchen und Weibchen kommen. Daher sollte man ihnen gen\u00fcgend Platz und Versteckm\u00f6glichkeiten anbieten. Typisch f\u00fcr Gei\u00dfelspinnen hat auch <strong>Damon diadema \"Gei\u00dfelspinne\"<\/strong> einen relativ flachen K\u00f6rper. Dadurch passt sie in jede Ritze und genau das macht sie auch an liebsten. Es ist faszinierend, wenn die nachtaktive Gei\u00dfelspinnen-Art mit ihren Gei\u00dfeln ihre Umgebung abtastet und sich dabei seitw\u00e4rts bewegt. Dabei sollte man auch darauf achten, dass sie gen\u00fcgend Platz im Terrarium haben, damit sie sich frei bewegen k\u00f6nnen. Die Lauffl\u00e4che kann man mit geschichteter Korkrinde oder geh\u00e4uften Lavasteinen erh\u00f6hen. Letztere speichern gleichzeitig die Feuchtigkeit gut und geben sie langsam an die Umgebung wieder ab. Die Tiere sollten bei 25\u201330 \u00b0C und einer konstant hohen Luftfeuchtigkeit (80-95%) gehalten werden. Eine flache Wasserschale mit Steinen anzubieten ist ebenfalls sinnvoll, da wir \u00f6fter beobachten konnte, dass die Tiere auch tats\u00e4chlich diese annehmen und daraus trinken.<\/p>\n<p>Als Bodengrund verwenden wir ein Waldhumus, wei\u00dffaules Holz und Laub Gemisch. Dieses haben wir mit Springschw\u00e4nzen angeimpft und als Bodenpolizei und gleichzeitige Futterquelle haben wir Porcellionides pruinosus (Kubanische Asseln) im Einsatz. Diese weichschalige Asselart wird von den <strong>Damon diadema \"Gei\u00dfelspinne\"<\/strong> sehr gut angenommen und man hat eine Art autarke Symbiose im Terrarium.<\/p>\n<p><strong style=\"color: #99cc33;font-size: 20.16px\">Produkte f\u00fcr Damon diadema \"Gei\u00dfelspinne\"!<\/strong><\/p>\n","protected":false},"excerpt":{"rendered":"<p>Leicht Tansania, Kenia 4-5 CM 25-30 \u00b0C Kurzbeschreibung Damon diadema \"Gei\u00dfelspinne\": Damon diadema \"Gei\u00dfelspinne\" ist zwar sozial und man kann sie in Gruppen halten, aber bei dieser Art kann es zu Revierk\u00e4mpfen bei M\u00e4nnchen und Weibchen kommen. Daher sollte man ihnen gen\u00fcgend Platz und Versteckm\u00f6glichkeiten anbieten. Typisch f\u00fcr Gei\u00dfelspinnen hat auch Damon diadema \"Gei\u00dfelspinne\" einen [&hellip;]<\/p>\n","protected":false},"featured_media":5321,"template":"","meta":{"_acf_changed":false},"product-supplier":[],"product_brand":[],"product_cat":[79,626],"product_tag":[],"lce-checkout-addons":[1202],"class_list":{"0":"post-5292","1":"product","2":"type-product","3":"status-publish","4":"has-post-thumbnail","6":"product_cat-sonstige-spinnen","7":"product_cat-spinnen","8":"product_shipping_class-animal-shipping","9":"lce-checkout-addons-winterverpackung","11":"first","12":"outofstock","13":"taxable","14":"shipping-taxable","15":"purchasable","16":"product-type-simple"},"acf":[],"yoast_head":"<!-- This site is optimized with the Yoast SEO Premium plugin v26.8 (Yoast SEO v27.3) - https:\/\/yoast.com\/product\/yoast-seo-premium-wordpress\/ -->\n<title>Damon diadema &quot;Gei\u00dfelspinne&quot; - Insektenliebe<\/title>\n<meta name=\"description\" content=\"G\u00fcnstige Damon diadema &quot;Gei\u00dfelspinne&quot; Nachzuchten direkt online kaufen! Mit ausf\u00fchrlicher Haltungsbeschreibung!\" \/>\n<meta name=\"robots\" content=\"index, follow, max-snippet:-1, max-image-preview:large, max-video-preview:-1\" \/>\n<link rel=\"canonical\" href=\"https:\/\/insektenliebe.com\/de\/shop\/produkt\/damon-diadema-geisselspinne\/\" \/>\n<meta property=\"og:locale\" content=\"de_DE\" \/>\n<meta property=\"og:type\" content=\"article\" \/>\n<meta property=\"og:title\" content=\"Damon diadema &quot;Gei\u00dfelspinne&quot;\" \/>\n<meta property=\"og:description\" content=\"G\u00fcnstige Damon diadema &quot;Gei\u00dfelspinne&quot; Nachzuchten direkt online kaufen! Mit ausf\u00fchrlicher Haltungsbeschreibung!\" \/>\n<meta property=\"og:url\" content=\"https:\/\/insektenliebe.com\/de\/shop\/produkt\/damon-diadema-geisselspinne\/\" \/>\n<meta property=\"og:site_name\" content=\"Insektenliebe\" \/>\n<meta property=\"article:modified_time\" content=\"2026-01-31T20:21:11+00:00\" \/>\n<meta property=\"og:image\" content=\"https:\/\/insektenliebe.com\/wp-content\/uploads\/2025\/05\/Damon-diadema-22Geisselspinne22-2.jpg\" \/>\n\t<meta property=\"og:image:width\" content=\"820\" \/>\n\t<meta property=\"og:image:height\" content=\"820\" \/>\n\t<meta property=\"og:image:type\" content=\"image\/jpeg\" \/>\n<meta name=\"twitter:card\" content=\"summary_large_image\" \/>\n<meta name=\"twitter:label1\" content=\"Preis\" \/>\n\t<meta name=\"twitter:data1\" content=\"24,00&nbsp;&euro; inkl. MwSt. zzgl. Versand\" \/>\n\t<meta name=\"twitter:label2\" content=\"Verf\u00fcgbarkeit\" \/>\n\t<meta name=\"twitter:data2\" content=\"ausverkauft\" \/>\n<script type=\"application\/ld+json\" class=\"yoast-schema-graph\">{\"@context\":\"https:\\\/\\\/schema.org\",\"@graph\":[{\"@type\":\"WebPage\",\"@id\":\"https:\\\/\\\/insektenliebe.com\\\/de\\\/shop\\\/produkt\\\/damon-diadema-geisselspinne\\\/\",\"url\":\"https:\\\/\\\/insektenliebe.com\\\/de\\\/shop\\\/produkt\\\/damon-diadema-geisselspinne\\\/\",\"name\":\"Damon diadema \\\"Gei\u00dfelspinne\\\" - Insektenliebe\",\"isPartOf\":{\"@id\":\"https:\\\/\\\/insektenliebe.com\\\/de\\\/#website\"},\"primaryImageOfPage\":{\"@id\":\"https:\\\/\\\/insektenliebe.com\\\/de\\\/shop\\\/produkt\\\/damon-diadema-geisselspinne\\\/#primaryimage\"},\"image\":{\"@id\":\"https:\\\/\\\/insektenliebe.com\\\/de\\\/shop\\\/produkt\\\/damon-diadema-geisselspinne\\\/#primaryimage\"},\"thumbnailUrl\":\"https:\\\/\\\/insektenliebe.com\\\/wp-content\\\/uploads\\\/2025\\\/05\\\/Damon-diadema-22Geisselspinne22-2.jpg\",\"datePublished\":\"2022-02-24T18:14:30+00:00\",\"dateModified\":\"2026-01-31T20:21:11+00:00\",\"description\":\"G\u00fcnstige Damon diadema \\\"Gei\u00dfelspinne\\\" Nachzuchten direkt online kaufen! Mit ausf\u00fchrlicher Haltungsbeschreibung!\",\"breadcrumb\":{\"@id\":\"https:\\\/\\\/insektenliebe.com\\\/de\\\/shop\\\/produkt\\\/damon-diadema-geisselspinne\\\/#breadcrumb\"},\"inLanguage\":\"de\",\"potentialAction\":[{\"@type\":\"ReadAction\",\"target\":[\"https:\\\/\\\/insektenliebe.com\\\/de\\\/shop\\\/produkt\\\/damon-diadema-geisselspinne\\\/\"]}]},{\"@type\":\"ImageObject\",\"inLanguage\":\"de\",\"@id\":\"https:\\\/\\\/insektenliebe.com\\\/de\\\/shop\\\/produkt\\\/damon-diadema-geisselspinne\\\/#primaryimage\",\"url\":\"https:\\\/\\\/insektenliebe.com\\\/wp-content\\\/uploads\\\/2025\\\/05\\\/Damon-diadema-22Geisselspinne22-2.jpg\",\"contentUrl\":\"https:\\\/\\\/insektenliebe.com\\\/wp-content\\\/uploads\\\/2025\\\/05\\\/Damon-diadema-22Geisselspinne22-2.jpg\",\"width\":820,\"height\":820,\"caption\":\"Damon-diadema-22Geisselspinne22-2.jpg\"},{\"@type\":\"BreadcrumbList\",\"@id\":\"https:\\\/\\\/insektenliebe.com\\\/de\\\/shop\\\/produkt\\\/damon-diadema-geisselspinne\\\/#breadcrumb\",\"itemListElement\":[{\"@type\":\"ListItem\",\"position\":1,\"name\":\"Startseite\",\"item\":\"https:\\\/\\\/insektenliebe.com\\\/de\\\/\"},{\"@type\":\"ListItem\",\"position\":2,\"name\":\"Shop\",\"item\":\"https:\\\/\\\/insektenliebe.com\\\/de\\\/shop\\\/\"},{\"@type\":\"ListItem\",\"position\":3,\"name\":\"Damon diadema &#8222;Gei\u00dfelspinne&#8220;\"}]},{\"@type\":\"WebSite\",\"@id\":\"https:\\\/\\\/insektenliebe.com\\\/de\\\/#website\",\"url\":\"https:\\\/\\\/insektenliebe.com\\\/de\\\/\",\"name\":\"Insektenliebe\",\"description\":\"Dein Zuhause f\u00fcr die kleinen Lebewesen\",\"publisher\":{\"@id\":\"https:\\\/\\\/insektenliebe.com\\\/de\\\/#organization\"},\"potentialAction\":[{\"@type\":\"SearchAction\",\"target\":{\"@type\":\"EntryPoint\",\"urlTemplate\":\"https:\\\/\\\/insektenliebe.com\\\/de\\\/?s={search_term_string}\"},\"query-input\":{\"@type\":\"PropertyValueSpecification\",\"valueRequired\":true,\"valueName\":\"search_term_string\"}}],\"inLanguage\":\"de\"},{\"@type\":\"Organization\",\"@id\":\"https:\\\/\\\/insektenliebe.com\\\/de\\\/#organization\",\"name\":\"Insektenliebe\",\"url\":\"https:\\\/\\\/insektenliebe.com\\\/de\\\/\",\"logo\":{\"@type\":\"ImageObject\",\"inLanguage\":\"de\",\"@id\":\"https:\\\/\\\/insektenliebe.com\\\/de\\\/#\\\/schema\\\/logo\\\/image\\\/\",\"url\":\"https:\\\/\\\/insektenliebe.com\\\/wp-content\\\/uploads\\\/2025\\\/03\\\/logo-white.png\",\"contentUrl\":\"https:\\\/\\\/insektenliebe.com\\\/wp-content\\\/uploads\\\/2025\\\/03\\\/logo-white.png\",\"width\":288,\"height\":188,\"caption\":\"Insektenliebe\"},\"image\":{\"@id\":\"https:\\\/\\\/insektenliebe.com\\\/de\\\/#\\\/schema\\\/logo\\\/image\\\/\"}}]}<\/script>\n<meta property=\"product:price:amount\" content=\"24.00\" \/>\n<meta property=\"product:price:currency\" content=\"EUR\" \/>\n<meta property=\"og:availability\" content=\"out of stock\" \/>\n<meta property=\"product:availability\" content=\"out of stock\" \/>\n<meta property=\"product:retailer_item_id\" content=\"396\" \/>\n<meta property=\"product:condition\" content=\"new\" \/>\n<!-- \/ Yoast SEO Premium plugin. -->","yoast_head_json":{"title":"Damon diadema \"Gei\u00dfelspinne\" - Insektenliebe","description":"G\u00fcnstige Damon diadema \"Gei\u00dfelspinne\" Nachzuchten direkt online kaufen! Mit ausf\u00fchrlicher Haltungsbeschreibung!","robots":{"index":"index","follow":"follow","max-snippet":"max-snippet:-1","max-image-preview":"max-image-preview:large","max-video-preview":"max-video-preview:-1"},"canonical":"https:\/\/insektenliebe.com\/de\/shop\/produkt\/damon-diadema-geisselspinne\/","og_locale":"de_DE","og_type":"article","og_title":"Damon diadema \"Gei\u00dfelspinne\"","og_description":"G\u00fcnstige Damon diadema \"Gei\u00dfelspinne\" Nachzuchten direkt online kaufen! Mit ausf\u00fchrlicher Haltungsbeschreibung!","og_url":"https:\/\/insektenliebe.com\/de\/shop\/produkt\/damon-diadema-geisselspinne\/","og_site_name":"Insektenliebe","article_modified_time":"2026-01-31T20:21:11+00:00","og_image":[{"width":820,"height":820,"url":"https:\/\/insektenliebe.com\/wp-content\/uploads\/2025\/05\/Damon-diadema-22Geisselspinne22-2.jpg","type":"image\/jpeg"}],"twitter_card":"summary_large_image","twitter_misc":{"Preis":"24,00&nbsp;&euro; inkl. MwSt. zzgl. Versand","Verf\u00fcgbarkeit":"ausverkauft"},"schema":{"@context":"https:\/\/schema.org","@graph":[{"@type":"WebPage","@id":"https:\/\/insektenliebe.com\/de\/shop\/produkt\/damon-diadema-geisselspinne\/","url":"https:\/\/insektenliebe.com\/de\/shop\/produkt\/damon-diadema-geisselspinne\/","name":"Damon diadema \"Gei\u00dfelspinne\" - Insektenliebe","isPartOf":{"@id":"https:\/\/insektenliebe.com\/de\/#website"},"primaryImageOfPage":{"@id":"https:\/\/insektenliebe.com\/de\/shop\/produkt\/damon-diadema-geisselspinne\/#primaryimage"},"image":{"@id":"https:\/\/insektenliebe.com\/de\/shop\/produkt\/damon-diadema-geisselspinne\/#primaryimage"},"thumbnailUrl":"https:\/\/insektenliebe.com\/wp-content\/uploads\/2025\/05\/Damon-diadema-22Geisselspinne22-2.jpg","datePublished":"2022-02-24T18:14:30+00:00","dateModified":"2026-01-31T20:21:11+00:00","description":"G\u00fcnstige Damon diadema \"Gei\u00dfelspinne\" Nachzuchten direkt online kaufen! Mit ausf\u00fchrlicher Haltungsbeschreibung!","breadcrumb":{"@id":"https:\/\/insektenliebe.com\/de\/shop\/produkt\/damon-diadema-geisselspinne\/#breadcrumb"},"inLanguage":"de","potentialAction":[{"@type":"ReadAction","target":["https:\/\/insektenliebe.com\/de\/shop\/produkt\/damon-diadema-geisselspinne\/"]}]},{"@type":"ImageObject","inLanguage":"de","@id":"https:\/\/insektenliebe.com\/de\/shop\/produkt\/damon-diadema-geisselspinne\/#primaryimage","url":"https:\/\/insektenliebe.com\/wp-content\/uploads\/2025\/05\/Damon-diadema-22Geisselspinne22-2.jpg","contentUrl":"https:\/\/insektenliebe.com\/wp-content\/uploads\/2025\/05\/Damon-diadema-22Geisselspinne22-2.jpg","width":820,"height":820,"caption":"Damon-diadema-22Geisselspinne22-2.jpg"},{"@type":"BreadcrumbList","@id":"https:\/\/insektenliebe.com\/de\/shop\/produkt\/damon-diadema-geisselspinne\/#breadcrumb","itemListElement":[{"@type":"ListItem","position":1,"name":"Startseite","item":"https:\/\/insektenliebe.com\/de\/"},{"@type":"ListItem","position":2,"name":"Shop","item":"https:\/\/insektenliebe.com\/de\/shop\/"},{"@type":"ListItem","position":3,"name":"Damon diadema &#8222;Gei\u00dfelspinne&#8220;"}]},{"@type":"WebSite","@id":"https:\/\/insektenliebe.com\/de\/#website","url":"https:\/\/insektenliebe.com\/de\/","name":"Insektenliebe","description":"Dein Zuhause f\u00fcr die kleinen Lebewesen","publisher":{"@id":"https:\/\/insektenliebe.com\/de\/#organization"},"potentialAction":[{"@type":"SearchAction","target":{"@type":"EntryPoint","urlTemplate":"https:\/\/insektenliebe.com\/de\/?s={search_term_string}"},"query-input":{"@type":"PropertyValueSpecification","valueRequired":true,"valueName":"search_term_string"}}],"inLanguage":"de"},{"@type":"Organization","@id":"https:\/\/insektenliebe.com\/de\/#organization","name":"Insektenliebe","url":"https:\/\/insektenliebe.com\/de\/","logo":{"@type":"ImageObject","inLanguage":"de","@id":"https:\/\/insektenliebe.com\/de\/#\/schema\/logo\/image\/","url":"https:\/\/insektenliebe.com\/wp-content\/uploads\/2025\/03\/logo-white.png","contentUrl":"https:\/\/insektenliebe.com\/wp-content\/uploads\/2025\/03\/logo-white.png","width":288,"height":188,"caption":"Insektenliebe"},"image":{"@id":"https:\/\/insektenliebe.com\/de\/#\/schema\/logo\/image\/"}}]},"product_price_amount":"24.00","product_price_currency":"EUR","og_availability":"out of stock","product_availability":"out of stock","product_retailer_item_id":"396","product_condition":"new"},"_links":{"self":[{"href":"https:\/\/insektenliebe.com\/de\/wp-json\/wp\/v2\/product\/5292","targetHints":{"allow":["GET"]}}],"collection":[{"href":"https:\/\/insektenliebe.com\/de\/wp-json\/wp\/v2\/product"}],"about":[{"href":"https:\/\/insektenliebe.com\/de\/wp-json\/wp\/v2\/types\/product"}],"wp:featuredmedia":[{"embeddable":true,"href":"https:\/\/insektenliebe.com\/de\/wp-json\/wp\/v2\/media\/5321"}],"wp:attachment":[{"href":"https:\/\/insektenliebe.com\/de\/wp-json\/wp\/v2\/media?parent=5292"}],"wp:term":[{"taxonomy":"product-supplier","embeddable":true,"href":"https:\/\/insektenliebe.com\/de\/wp-json\/wp\/v2\/product-supplier?post=5292"},{"taxonomy":"product_brand","embeddable":true,"href":"https:\/\/insektenliebe.com\/de\/wp-json\/wp\/v2\/product_brand?post=5292"},{"taxonomy":"product_cat","embeddable":true,"href":"https:\/\/insektenliebe.com\/de\/wp-json\/wp\/v2\/product_cat?post=5292"},{"taxonomy":"product_tag","embeddable":true,"href":"https:\/\/insektenliebe.com\/de\/wp-json\/wp\/v2\/product_tag?post=5292"},{"taxonomy":"lce-checkout-addons","embeddable":true,"href":"https:\/\/insektenliebe.com\/de\/wp-json\/wp\/v2\/lce-checkout-addons?post=5292"}],"curies":[{"name":"wp","href":"https:\/\/api.w.org\/{rel}","templated":true}]}}