{"id":5282,"date":"2022-10-27T10:11:51","date_gmt":"2022-10-27T08:11:51","guid":{"rendered":"http:\/\/localhost\/ins-test\/?post_type=product&#038;p=5282"},"modified":"2026-02-10T20:41:17","modified_gmt":"2026-02-10T19:41:17","slug":"zwergvogelspinnen","status":"publish","type":"product","link":"https:\/\/insektenliebe.com\/de\/shop\/produkt\/zwergvogelspinnen\/","title":{"rendered":"Zwergvogelspinnen"},"content":{"rendered":"<div id=\"hikashop_product_bottom_part\" class=\"hikashop_product_bottom_part\">\n<div id=\"hikashop_product_description_main\" class=\"hikashop_product_description_main\">\n<p><strong>Lebensraum, Haltung, Nachzucht - mit umfangreichem Artenteil!<\/strong><\/p>\n<p>Wer sich mit Zwergvogelspinnen, also sehr klein-bleibenden Arten besch\u00e4ftigt, hat das gro\u00dfe Los gezogen: Gerade unter diesen Winzlingen finden sich einige der spannendsten, spektakul\u00e4rsten und farbenpr\u00e4chtigsten Spezies \u00fcberhaupt!<\/p>\n<p>Dazu kommt, dass der Spinnenfreund auf kleinstem Raum eine Vielzahl unterschiedlichster Baum- und Bodenbewohner pflegen und beobachten kann. Und langweilig wird dieser Hobbyzweig ohnehin nie, denn st\u00e4ndig werden neue, wundervolle Arten entdeckt und in die Terraristik eingef\u00fchrt.<\/p>\n<p><strong>Aus dem Inhalt:<\/strong><\/p>\n<ul>\n<li>Lebensr\u00e4ume und Haltung<\/li>\n<li>Haltung im Terrarium<\/li>\n<li>Erfolgreiche Nachzucht<\/li>\n<li>Probleme erkennen und l\u00f6sen<\/li>\n<li>Umfangreicher Artenteil mit rund 50 Portr\u00e4ts auf 159 Seiten geeigneter Spezies aus den Gattungen:<br \/>\n<em>Acanthoscurria, Ami, Avicularia, Bonnetina,<br \/>\nChaetopelma, <\/em><em>Cyclosternum, Cyriocosmus,<br \/>\nEphebopus, Euathlus, Hapalopus,\u00a0<\/em><br \/>\n<em>Haplocosmia, Harpactirella,\u00a0Heterothele,<br \/>\nHolothele,\u00a0Idiothele,\u00a0Ischnocolus,\u00a0<\/em><br \/>\n<em>Maraca, Metriopelma,\u00a0Reversopelma<br \/>\nund\u00a0Tapinauchenius<\/em><\/li>\n<\/ul>\n<p><strong>\u00dcber den Autor:<\/strong><\/p>\n<p>Hans-Werner Auer ist Spezialist f\u00fcr solch kleine Vogelspinnen, hat viele Arten in ihren Lebensr\u00e4umen studiert, erstmals nachgezogen und somit f\u00fcr die Haltung zug\u00e4nglich gemacht. In diesem Buch stellt er alle terraristisch geeigneten Zwergvogelspinnen ausf\u00fchrlich in Wort und Bild vor und bietet s\u00e4mtliche Informationen, die zu ihrer erfolgreichen Pflege und Zucht n\u00f6tig sind.<\/p>\n<\/div>\n<\/div>\n<p>&nbsp;<\/p>\n<p>&nbsp;<\/p>\n","protected":false},"excerpt":{"rendered":"<p>Lebensraum, Haltung, Nachzucht - mit umfangreichem Artenteil! Wer sich mit Zwergvogelspinnen, also sehr klein-bleibenden Arten besch\u00e4ftigt, hat das gro\u00dfe Los gezogen: Gerade unter diesen Winzlingen finden sich einige der spannendsten, spektakul\u00e4rsten und farbenpr\u00e4chtigsten Spezies \u00fcberhaupt! Dazu kommt, dass der Spinnenfreund auf kleinstem Raum eine Vielzahl unterschiedlichster Baum- und Bodenbewohner pflegen und beobachten kann. Und langweilig [&hellip;]<\/p>\n","protected":false},"featured_media":5450,"template":"","meta":{"_acf_changed":false},"product-supplier":[],"product_brand":[],"product_cat":[183],"product_tag":[],"lce-checkout-addons":[],"class_list":{"0":"post-5282","1":"product","2":"type-product","3":"status-publish","4":"has-post-thumbnail","6":"product_cat-merchandising-literatur","7":"product_shipping_class-equipment-shipping","9":"first","10":"instock","11":"taxable","12":"shipping-taxable","13":"purchasable","14":"product-type-simple"},"acf":[],"yoast_head":"<!-- This site is optimized with the Yoast SEO plugin v27.3 - https:\/\/yoast.com\/product\/yoast-seo-wordpress\/ -->\n<title>Zwergvogelspinnen - Insektenliebe<\/title>\n<meta name=\"description\" content=\"Hier k\u00f6nnen sie das Buch Zwergvogelspinnen direkt online kaufen. Das Buch umfasst die Themen Lebensraum, Haltung und Nachzucht.\" \/>\n<meta name=\"robots\" content=\"index, follow, max-snippet:-1, max-image-preview:large, max-video-preview:-1\" \/>\n<link rel=\"canonical\" href=\"https:\/\/insektenliebe.com\/de\/shop\/produkt\/zwergvogelspinnen\/\" \/>\n<meta property=\"og:locale\" content=\"de_DE\" \/>\n<meta property=\"og:type\" content=\"article\" \/>\n<meta property=\"og:title\" content=\"Zwergvogelspinnen - Insektenliebe\" \/>\n<meta property=\"og:description\" content=\"Hier k\u00f6nnen sie das Buch Zwergvogelspinnen direkt online kaufen. Das Buch umfasst die Themen Lebensraum, Haltung und Nachzucht.\" \/>\n<meta property=\"og:url\" content=\"https:\/\/insektenliebe.com\/de\/shop\/produkt\/zwergvogelspinnen\/\" \/>\n<meta property=\"og:site_name\" content=\"Insektenliebe\" \/>\n<meta property=\"article:modified_time\" content=\"2026-02-10T19:41:17+00:00\" \/>\n<meta property=\"og:image\" content=\"https:\/\/insektenliebe.com\/wp-content\/uploads\/2025\/05\/Zwergvogelspinnen-Cover-2.jpg\" \/>\n\t<meta property=\"og:image:width\" content=\"820\" \/>\n\t<meta property=\"og:image:height\" content=\"820\" \/>\n\t<meta property=\"og:image:type\" content=\"image\/jpeg\" \/>\n<meta name=\"twitter:card\" content=\"summary_large_image\" \/>\n<meta name=\"twitter:label1\" content=\"Gesch\u00e4tzte Lesezeit\" \/>\n\t<meta name=\"twitter:data1\" content=\"2\u00a0Minuten\" \/>\n<script type=\"application\/ld+json\" class=\"yoast-schema-graph\">{\"@context\":\"https:\\\/\\\/schema.org\",\"@graph\":[{\"@type\":\"WebPage\",\"@id\":\"https:\\\/\\\/insektenliebe.com\\\/de\\\/shop\\\/produkt\\\/zwergvogelspinnen\\\/\",\"url\":\"https:\\\/\\\/insektenliebe.com\\\/de\\\/shop\\\/produkt\\\/zwergvogelspinnen\\\/\",\"name\":\"Zwergvogelspinnen - Insektenliebe\",\"isPartOf\":{\"@id\":\"https:\\\/\\\/insektenliebe.com\\\/de\\\/#website\"},\"primaryImageOfPage\":{\"@id\":\"https:\\\/\\\/insektenliebe.com\\\/de\\\/shop\\\/produkt\\\/zwergvogelspinnen\\\/#primaryimage\"},\"image\":{\"@id\":\"https:\\\/\\\/insektenliebe.com\\\/de\\\/shop\\\/produkt\\\/zwergvogelspinnen\\\/#primaryimage\"},\"thumbnailUrl\":\"https:\\\/\\\/insektenliebe.com\\\/wp-content\\\/uploads\\\/2025\\\/05\\\/Zwergvogelspinnen-Cover-2.jpg\",\"datePublished\":\"2022-10-27T08:11:51+00:00\",\"dateModified\":\"2026-02-10T19:41:17+00:00\",\"description\":\"Hier k\u00f6nnen sie das Buch Zwergvogelspinnen direkt online kaufen. Das Buch umfasst die Themen Lebensraum, Haltung und Nachzucht.\",\"breadcrumb\":{\"@id\":\"https:\\\/\\\/insektenliebe.com\\\/de\\\/shop\\\/produkt\\\/zwergvogelspinnen\\\/#breadcrumb\"},\"inLanguage\":\"de\",\"potentialAction\":[{\"@type\":\"ReadAction\",\"target\":[\"https:\\\/\\\/insektenliebe.com\\\/de\\\/shop\\\/produkt\\\/zwergvogelspinnen\\\/\"]}]},{\"@type\":\"ImageObject\",\"inLanguage\":\"de\",\"@id\":\"https:\\\/\\\/insektenliebe.com\\\/de\\\/shop\\\/produkt\\\/zwergvogelspinnen\\\/#primaryimage\",\"url\":\"https:\\\/\\\/insektenliebe.com\\\/wp-content\\\/uploads\\\/2025\\\/05\\\/Zwergvogelspinnen-Cover-2.jpg\",\"contentUrl\":\"https:\\\/\\\/insektenliebe.com\\\/wp-content\\\/uploads\\\/2025\\\/05\\\/Zwergvogelspinnen-Cover-2.jpg\",\"width\":820,\"height\":820,\"caption\":\"Zwergvogelspinnen-Cover-2.jpg\"},{\"@type\":\"BreadcrumbList\",\"@id\":\"https:\\\/\\\/insektenliebe.com\\\/de\\\/shop\\\/produkt\\\/zwergvogelspinnen\\\/#breadcrumb\",\"itemListElement\":[{\"@type\":\"ListItem\",\"position\":1,\"name\":\"Startseite\",\"item\":\"https:\\\/\\\/insektenliebe.com\\\/de\\\/\"},{\"@type\":\"ListItem\",\"position\":2,\"name\":\"Shop\",\"item\":\"https:\\\/\\\/insektenliebe.com\\\/de\\\/shop\\\/\"},{\"@type\":\"ListItem\",\"position\":3,\"name\":\"Zwergvogelspinnen\"}]},{\"@type\":\"WebSite\",\"@id\":\"https:\\\/\\\/insektenliebe.com\\\/de\\\/#website\",\"url\":\"https:\\\/\\\/insektenliebe.com\\\/de\\\/\",\"name\":\"Insektenliebe\",\"description\":\"Dein Zuhause f\u00fcr die kleinen Lebewesen\",\"publisher\":{\"@id\":\"https:\\\/\\\/insektenliebe.com\\\/de\\\/#organization\"},\"potentialAction\":[{\"@type\":\"SearchAction\",\"target\":{\"@type\":\"EntryPoint\",\"urlTemplate\":\"https:\\\/\\\/insektenliebe.com\\\/de\\\/?s={search_term_string}\"},\"query-input\":{\"@type\":\"PropertyValueSpecification\",\"valueRequired\":true,\"valueName\":\"search_term_string\"}}],\"inLanguage\":\"de\"},{\"@type\":\"Organization\",\"@id\":\"https:\\\/\\\/insektenliebe.com\\\/de\\\/#organization\",\"name\":\"Insektenliebe\",\"url\":\"https:\\\/\\\/insektenliebe.com\\\/de\\\/\",\"logo\":{\"@type\":\"ImageObject\",\"inLanguage\":\"de\",\"@id\":\"https:\\\/\\\/insektenliebe.com\\\/de\\\/#\\\/schema\\\/logo\\\/image\\\/\",\"url\":\"https:\\\/\\\/insektenliebe.com\\\/wp-content\\\/uploads\\\/2025\\\/03\\\/logo-white.png\",\"contentUrl\":\"https:\\\/\\\/insektenliebe.com\\\/wp-content\\\/uploads\\\/2025\\\/03\\\/logo-white.png\",\"width\":288,\"height\":188,\"caption\":\"Insektenliebe\"},\"image\":{\"@id\":\"https:\\\/\\\/insektenliebe.com\\\/de\\\/#\\\/schema\\\/logo\\\/image\\\/\"}}]}<\/script>\n<!-- \/ Yoast SEO plugin. -->","yoast_head_json":{"title":"Zwergvogelspinnen - Insektenliebe","description":"Hier k\u00f6nnen sie das Buch Zwergvogelspinnen direkt online kaufen. Das Buch umfasst die Themen Lebensraum, Haltung und Nachzucht.","robots":{"index":"index","follow":"follow","max-snippet":"max-snippet:-1","max-image-preview":"max-image-preview:large","max-video-preview":"max-video-preview:-1"},"canonical":"https:\/\/insektenliebe.com\/de\/shop\/produkt\/zwergvogelspinnen\/","og_locale":"de_DE","og_type":"article","og_title":"Zwergvogelspinnen - Insektenliebe","og_description":"Hier k\u00f6nnen sie das Buch Zwergvogelspinnen direkt online kaufen. Das Buch umfasst die Themen Lebensraum, Haltung und Nachzucht.","og_url":"https:\/\/insektenliebe.com\/de\/shop\/produkt\/zwergvogelspinnen\/","og_site_name":"Insektenliebe","article_modified_time":"2026-02-10T19:41:17+00:00","og_image":[{"width":820,"height":820,"url":"https:\/\/insektenliebe.com\/wp-content\/uploads\/2025\/05\/Zwergvogelspinnen-Cover-2.jpg","type":"image\/jpeg"}],"twitter_card":"summary_large_image","twitter_misc":{"Gesch\u00e4tzte Lesezeit":"2\u00a0Minuten"},"schema":{"@context":"https:\/\/schema.org","@graph":[{"@type":"WebPage","@id":"https:\/\/insektenliebe.com\/de\/shop\/produkt\/zwergvogelspinnen\/","url":"https:\/\/insektenliebe.com\/de\/shop\/produkt\/zwergvogelspinnen\/","name":"Zwergvogelspinnen - Insektenliebe","isPartOf":{"@id":"https:\/\/insektenliebe.com\/de\/#website"},"primaryImageOfPage":{"@id":"https:\/\/insektenliebe.com\/de\/shop\/produkt\/zwergvogelspinnen\/#primaryimage"},"image":{"@id":"https:\/\/insektenliebe.com\/de\/shop\/produkt\/zwergvogelspinnen\/#primaryimage"},"thumbnailUrl":"https:\/\/insektenliebe.com\/wp-content\/uploads\/2025\/05\/Zwergvogelspinnen-Cover-2.jpg","datePublished":"2022-10-27T08:11:51+00:00","dateModified":"2026-02-10T19:41:17+00:00","description":"Hier k\u00f6nnen sie das Buch Zwergvogelspinnen direkt online kaufen. Das Buch umfasst die Themen Lebensraum, Haltung und Nachzucht.","breadcrumb":{"@id":"https:\/\/insektenliebe.com\/de\/shop\/produkt\/zwergvogelspinnen\/#breadcrumb"},"inLanguage":"de","potentialAction":[{"@type":"ReadAction","target":["https:\/\/insektenliebe.com\/de\/shop\/produkt\/zwergvogelspinnen\/"]}]},{"@type":"ImageObject","inLanguage":"de","@id":"https:\/\/insektenliebe.com\/de\/shop\/produkt\/zwergvogelspinnen\/#primaryimage","url":"https:\/\/insektenliebe.com\/wp-content\/uploads\/2025\/05\/Zwergvogelspinnen-Cover-2.jpg","contentUrl":"https:\/\/insektenliebe.com\/wp-content\/uploads\/2025\/05\/Zwergvogelspinnen-Cover-2.jpg","width":820,"height":820,"caption":"Zwergvogelspinnen-Cover-2.jpg"},{"@type":"BreadcrumbList","@id":"https:\/\/insektenliebe.com\/de\/shop\/produkt\/zwergvogelspinnen\/#breadcrumb","itemListElement":[{"@type":"ListItem","position":1,"name":"Startseite","item":"https:\/\/insektenliebe.com\/de\/"},{"@type":"ListItem","position":2,"name":"Shop","item":"https:\/\/insektenliebe.com\/de\/shop\/"},{"@type":"ListItem","position":3,"name":"Zwergvogelspinnen"}]},{"@type":"WebSite","@id":"https:\/\/insektenliebe.com\/de\/#website","url":"https:\/\/insektenliebe.com\/de\/","name":"Insektenliebe","description":"Dein Zuhause f\u00fcr die kleinen Lebewesen","publisher":{"@id":"https:\/\/insektenliebe.com\/de\/#organization"},"potentialAction":[{"@type":"SearchAction","target":{"@type":"EntryPoint","urlTemplate":"https:\/\/insektenliebe.com\/de\/?s={search_term_string}"},"query-input":{"@type":"PropertyValueSpecification","valueRequired":true,"valueName":"search_term_string"}}],"inLanguage":"de"},{"@type":"Organization","@id":"https:\/\/insektenliebe.com\/de\/#organization","name":"Insektenliebe","url":"https:\/\/insektenliebe.com\/de\/","logo":{"@type":"ImageObject","inLanguage":"de","@id":"https:\/\/insektenliebe.com\/de\/#\/schema\/logo\/image\/","url":"https:\/\/insektenliebe.com\/wp-content\/uploads\/2025\/03\/logo-white.png","contentUrl":"https:\/\/insektenliebe.com\/wp-content\/uploads\/2025\/03\/logo-white.png","width":288,"height":188,"caption":"Insektenliebe"},"image":{"@id":"https:\/\/insektenliebe.com\/de\/#\/schema\/logo\/image\/"}}]}},"_links":{"self":[{"href":"https:\/\/insektenliebe.com\/de\/wp-json\/wp\/v2\/product\/5282","targetHints":{"allow":["GET"]}}],"collection":[{"href":"https:\/\/insektenliebe.com\/de\/wp-json\/wp\/v2\/product"}],"about":[{"href":"https:\/\/insektenliebe.com\/de\/wp-json\/wp\/v2\/types\/product"}],"wp:featuredmedia":[{"embeddable":true,"href":"https:\/\/insektenliebe.com\/de\/wp-json\/wp\/v2\/media\/5450"}],"wp:attachment":[{"href":"https:\/\/insektenliebe.com\/de\/wp-json\/wp\/v2\/media?parent=5282"}],"wp:term":[{"taxonomy":"product-supplier","embeddable":true,"href":"https:\/\/insektenliebe.com\/de\/wp-json\/wp\/v2\/product-supplier?post=5282"},{"taxonomy":"product_brand","embeddable":true,"href":"https:\/\/insektenliebe.com\/de\/wp-json\/wp\/v2\/product_brand?post=5282"},{"taxonomy":"product_cat","embeddable":true,"href":"https:\/\/insektenliebe.com\/de\/wp-json\/wp\/v2\/product_cat?post=5282"},{"taxonomy":"product_tag","embeddable":true,"href":"https:\/\/insektenliebe.com\/de\/wp-json\/wp\/v2\/product_tag?post=5282"},{"taxonomy":"lce-checkout-addons","embeddable":true,"href":"https:\/\/insektenliebe.com\/de\/wp-json\/wp\/v2\/lce-checkout-addons?post=5282"}],"curies":[{"name":"wp","href":"https:\/\/api.w.org\/{rel}","templated":true}]}}