{"id":5275,"date":"2022-01-29T15:56:00","date_gmt":"2022-01-29T14:56:00","guid":{"rendered":"http:\/\/localhost\/ins-test\/?post_type=product&#038;p=5275"},"modified":"2026-02-27T16:39:52","modified_gmt":"2026-02-27T15:39:52","slug":"exo-terra-saugnaepfe","status":"publish","type":"product","link":"https:\/\/insektenliebe.com\/de\/shop\/produkt\/exo-terra-saugnaepfe\/","title":{"rendered":"Exo Terra Saugn\u00e4pfe"},"content":{"rendered":"<h3><span class=\"s1\" style=\"color: #99cc33;\">Exo Terra Saugn\u00e4pfe \u2013 Stabiler Halt auf Glas und glatten Fl\u00e4chen<\/span><\/h3>\n<p class=\"p1\"><span class=\"s1\">Die <\/span><strong><span class=\"s2\">Exo Terra Saugn\u00e4pfe<\/span><\/strong><span class=\"s1\"> erm\u00f6glichen dir eine sichere und saubere Befestigung von Schl\u00e4uchen an glatten Oberfl\u00e4chen im Terrarium. Gerade bei Beregnungsanlagen, Nebelsystemen oder Luftschl\u00e4uchen sorgt eine stabile F\u00fchrung f\u00fcr mehr Sicherheit und eine aufger\u00e4umte Optik. Mit diesen Saugn\u00e4pfen fixierst du Schl\u00e4uche zuverl\u00e4ssig an Glasw\u00e4nden oder anderen glatten Fl\u00e4chen.<\/span><\/p>\n<p class=\"p1\"><span class=\"s1\">Durch ihre flexible Konstruktion passen sich die Halterungen verschiedenen Schlauchdurchmessern an. Gleichzeitig halten sie den Schlauch sicher in Position, sodass er nicht verrutscht oder herabh\u00e4ngt. Das verhindert ungewollte Bewegungen und sorgt f\u00fcr eine gleichm\u00e4\u00dfige Wasser- oder Luftverteilung im Becken.<\/span><\/p>\n<p class=\"p1\"><span class=\"s1\">Die Montage erfolgt einfach und werkzeuglos. Du dr\u00fcckst den Saugnapf auf eine saubere, glatte Oberfl\u00e4che, und schon sitzt er fest. Dadurch sparst du Zeit und vermeidest dauerhafte Ver\u00e4nderungen am Terrarium. Besonders praktisch ist, dass du die Saugn\u00e4pfe jederzeit neu positionieren kannst, wenn du dein Setup umgestaltest oder Technik austauschst.<\/span><\/p>\n<p class=\"p1\"><span class=\"s1\">Neben der Nutzung im Terrarium eignen sich die Halterungen auch f\u00fcr den Einsatz au\u00dferhalb des Beckens. So kannst du Schl\u00e4uche entlang von Seitenw\u00e4nden oder R\u00fcckw\u00e4nden sauber f\u00fchren. Dadurch entsteht ein aufger\u00e4umtes Gesamtbild, das sowohl funktional als auch optisch \u00fcberzeugt.<\/span><\/p>\n<p class=\"p1\"><span class=\"s1\">Die <strong><span class=\"s2\">Exo Terra Saugn\u00e4pfe<\/span><\/strong><\/span><span class=\"s1\">\u00a0sind eine einfache, aber \u00e4u\u00dferst effektive L\u00f6sung, um technische Komponenten sicher zu fixieren. Sie sorgen f\u00fcr Stabilit\u00e4t, verbessern die Schlauchf\u00fchrung und unterst\u00fctzen ein strukturiertes Terrariensystem. Wer Wert auf Ordnung und zuverl\u00e4ssige Befestigung legt, erg\u00e4nzt sein Setup mit diesem praktischen Zubeh\u00f6r sinnvoll und dauerhaft.<\/span><\/p>\n","protected":false},"excerpt":{"rendered":"<p>Saugn\u00e4pfe f\u00fcr die Exo Terra Beregnungsanlagen SOLO II und MULTI II<\/p>\n","protected":false},"featured_media":5305,"template":"","meta":{"_acf_changed":false},"product-supplier":[2554],"product_brand":[639],"product_cat":[299],"product_tag":[],"lce-checkout-addons":[],"class_list":{"0":"post-5275","1":"product","2":"type-product","3":"status-publish","4":"has-post-thumbnail","6":"product_brand-exo-terra","7":"product_cat-beleuchtung-klima","8":"product_shipping_class-equipment-shipping","10":"first","11":"instock","12":"sale","13":"taxable","14":"shipping-taxable","15":"purchasable","16":"product-type-simple"},"acf":[],"yoast_head":"<!-- This site is optimized with the Yoast SEO Premium plugin v26.8 (Yoast SEO v27.3) - https:\/\/yoast.com\/product\/yoast-seo-premium-wordpress\/ -->\n<title>Exo Terra Saugn\u00e4pfe - Insektenliebe<\/title>\n<meta name=\"description\" content=\"Exo Terra Saugn\u00e4pfe \u2013 sichere Schlauchbefestigung f\u00fcr Terrarium &amp; Aquarium. Stabiler Halt auf Glas und glatten Oberfl\u00e4chen.\" \/>\n<meta name=\"robots\" content=\"index, follow, max-snippet:-1, max-image-preview:large, max-video-preview:-1\" \/>\n<link rel=\"canonical\" href=\"https:\/\/insektenliebe.com\/de\/shop\/produkt\/exo-terra-saugnaepfe\/\" \/>\n<meta property=\"og:locale\" content=\"de_DE\" \/>\n<meta property=\"og:type\" content=\"article\" \/>\n<meta property=\"og:title\" content=\"Exo Terra Saugn\u00e4pfe\" \/>\n<meta property=\"og:description\" content=\"Exo Terra Saugn\u00e4pfe \u2013 sichere Schlauchbefestigung f\u00fcr Terrarium &amp; Aquarium. Stabiler Halt auf Glas und glatten Oberfl\u00e4chen.\" \/>\n<meta property=\"og:url\" content=\"https:\/\/insektenliebe.com\/de\/shop\/produkt\/exo-terra-saugnaepfe\/\" \/>\n<meta property=\"og:site_name\" content=\"Insektenliebe\" \/>\n<meta property=\"article:modified_time\" content=\"2026-02-27T15:39:52+00:00\" \/>\n<meta property=\"og:image\" content=\"https:\/\/insektenliebe.com\/wp-content\/uploads\/2025\/05\/Exo-Terra-Saugnaepfen-2.jpg\" \/>\n\t<meta property=\"og:image:width\" content=\"820\" \/>\n\t<meta property=\"og:image:height\" content=\"820\" \/>\n\t<meta property=\"og:image:type\" content=\"image\/jpeg\" \/>\n<meta name=\"twitter:card\" content=\"summary_large_image\" \/>\n<meta name=\"twitter:label1\" content=\"Preis\" \/>\n\t<meta name=\"twitter:data1\" content=\"1,99&nbsp;&euro; inkl. MwSt. zzgl. Versand\" \/>\n\t<meta name=\"twitter:label2\" content=\"Verf\u00fcgbarkeit\" \/>\n\t<meta name=\"twitter:data2\" content=\"Auf Lager\" \/>\n<script type=\"application\/ld+json\" class=\"yoast-schema-graph\">{\"@context\":\"https:\\\/\\\/schema.org\",\"@graph\":[{\"@type\":\"WebPage\",\"@id\":\"https:\\\/\\\/insektenliebe.com\\\/de\\\/shop\\\/produkt\\\/exo-terra-saugnaepfe\\\/\",\"url\":\"https:\\\/\\\/insektenliebe.com\\\/de\\\/shop\\\/produkt\\\/exo-terra-saugnaepfe\\\/\",\"name\":\"Exo Terra Saugn\u00e4pfe - Insektenliebe\",\"isPartOf\":{\"@id\":\"https:\\\/\\\/insektenliebe.com\\\/de\\\/#website\"},\"primaryImageOfPage\":{\"@id\":\"https:\\\/\\\/insektenliebe.com\\\/de\\\/shop\\\/produkt\\\/exo-terra-saugnaepfe\\\/#primaryimage\"},\"image\":{\"@id\":\"https:\\\/\\\/insektenliebe.com\\\/de\\\/shop\\\/produkt\\\/exo-terra-saugnaepfe\\\/#primaryimage\"},\"thumbnailUrl\":\"https:\\\/\\\/insektenliebe.com\\\/wp-content\\\/uploads\\\/2025\\\/05\\\/Exo-Terra-Saugnaepfen-2.jpg\",\"datePublished\":\"2022-01-29T14:56:00+00:00\",\"dateModified\":\"2026-02-27T15:39:52+00:00\",\"description\":\"Exo Terra Saugn\u00e4pfe \u2013 sichere Schlauchbefestigung f\u00fcr Terrarium & Aquarium. Stabiler Halt auf Glas und glatten Oberfl\u00e4chen.\",\"breadcrumb\":{\"@id\":\"https:\\\/\\\/insektenliebe.com\\\/de\\\/shop\\\/produkt\\\/exo-terra-saugnaepfe\\\/#breadcrumb\"},\"inLanguage\":\"de\",\"potentialAction\":[{\"@type\":\"ReadAction\",\"target\":[\"https:\\\/\\\/insektenliebe.com\\\/de\\\/shop\\\/produkt\\\/exo-terra-saugnaepfe\\\/\"]}]},{\"@type\":\"ImageObject\",\"inLanguage\":\"de\",\"@id\":\"https:\\\/\\\/insektenliebe.com\\\/de\\\/shop\\\/produkt\\\/exo-terra-saugnaepfe\\\/#primaryimage\",\"url\":\"https:\\\/\\\/insektenliebe.com\\\/wp-content\\\/uploads\\\/2025\\\/05\\\/Exo-Terra-Saugnaepfen-2.jpg\",\"contentUrl\":\"https:\\\/\\\/insektenliebe.com\\\/wp-content\\\/uploads\\\/2025\\\/05\\\/Exo-Terra-Saugnaepfen-2.jpg\",\"width\":820,\"height\":820,\"caption\":\"Exo-Terra-Saugnaepfen-2.jpg\"},{\"@type\":\"BreadcrumbList\",\"@id\":\"https:\\\/\\\/insektenliebe.com\\\/de\\\/shop\\\/produkt\\\/exo-terra-saugnaepfe\\\/#breadcrumb\",\"itemListElement\":[{\"@type\":\"ListItem\",\"position\":1,\"name\":\"Startseite\",\"item\":\"https:\\\/\\\/insektenliebe.com\\\/de\\\/\"},{\"@type\":\"ListItem\",\"position\":2,\"name\":\"Shop\",\"item\":\"https:\\\/\\\/insektenliebe.com\\\/de\\\/shop\\\/\"},{\"@type\":\"ListItem\",\"position\":3,\"name\":\"Exo Terra Saugn\u00e4pfe\"}]},{\"@type\":\"WebSite\",\"@id\":\"https:\\\/\\\/insektenliebe.com\\\/de\\\/#website\",\"url\":\"https:\\\/\\\/insektenliebe.com\\\/de\\\/\",\"name\":\"Insektenliebe\",\"description\":\"Dein Zuhause f\u00fcr die kleinen Lebewesen\",\"publisher\":{\"@id\":\"https:\\\/\\\/insektenliebe.com\\\/de\\\/#organization\"},\"potentialAction\":[{\"@type\":\"SearchAction\",\"target\":{\"@type\":\"EntryPoint\",\"urlTemplate\":\"https:\\\/\\\/insektenliebe.com\\\/de\\\/?s={search_term_string}\"},\"query-input\":{\"@type\":\"PropertyValueSpecification\",\"valueRequired\":true,\"valueName\":\"search_term_string\"}}],\"inLanguage\":\"de\"},{\"@type\":\"Organization\",\"@id\":\"https:\\\/\\\/insektenliebe.com\\\/de\\\/#organization\",\"name\":\"Insektenliebe\",\"url\":\"https:\\\/\\\/insektenliebe.com\\\/de\\\/\",\"logo\":{\"@type\":\"ImageObject\",\"inLanguage\":\"de\",\"@id\":\"https:\\\/\\\/insektenliebe.com\\\/de\\\/#\\\/schema\\\/logo\\\/image\\\/\",\"url\":\"https:\\\/\\\/insektenliebe.com\\\/wp-content\\\/uploads\\\/2025\\\/03\\\/logo-white.png\",\"contentUrl\":\"https:\\\/\\\/insektenliebe.com\\\/wp-content\\\/uploads\\\/2025\\\/03\\\/logo-white.png\",\"width\":288,\"height\":188,\"caption\":\"Insektenliebe\"},\"image\":{\"@id\":\"https:\\\/\\\/insektenliebe.com\\\/de\\\/#\\\/schema\\\/logo\\\/image\\\/\"}}]}<\/script>\n<meta property=\"product:price:amount\" content=\"1.99\" \/>\n<meta property=\"product:price:currency\" content=\"EUR\" \/>\n<meta property=\"og:availability\" content=\"instock\" \/>\n<meta property=\"product:availability\" content=\"instock\" \/>\n<meta property=\"product:retailer_item_id\" content=\"PT2502\" \/>\n<meta property=\"product:condition\" content=\"new\" \/>\n<!-- \/ Yoast SEO Premium plugin. -->","yoast_head_json":{"title":"Exo Terra Saugn\u00e4pfe - Insektenliebe","description":"Exo Terra Saugn\u00e4pfe \u2013 sichere Schlauchbefestigung f\u00fcr Terrarium & Aquarium. Stabiler Halt auf Glas und glatten Oberfl\u00e4chen.","robots":{"index":"index","follow":"follow","max-snippet":"max-snippet:-1","max-image-preview":"max-image-preview:large","max-video-preview":"max-video-preview:-1"},"canonical":"https:\/\/insektenliebe.com\/de\/shop\/produkt\/exo-terra-saugnaepfe\/","og_locale":"de_DE","og_type":"article","og_title":"Exo Terra Saugn\u00e4pfe","og_description":"Exo Terra Saugn\u00e4pfe \u2013 sichere Schlauchbefestigung f\u00fcr Terrarium & Aquarium. Stabiler Halt auf Glas und glatten Oberfl\u00e4chen.","og_url":"https:\/\/insektenliebe.com\/de\/shop\/produkt\/exo-terra-saugnaepfe\/","og_site_name":"Insektenliebe","article_modified_time":"2026-02-27T15:39:52+00:00","og_image":[{"width":820,"height":820,"url":"https:\/\/insektenliebe.com\/wp-content\/uploads\/2025\/05\/Exo-Terra-Saugnaepfen-2.jpg","type":"image\/jpeg"}],"twitter_card":"summary_large_image","twitter_misc":{"Preis":"1,99&nbsp;&euro; inkl. MwSt. zzgl. Versand","Verf\u00fcgbarkeit":"Auf Lager"},"schema":{"@context":"https:\/\/schema.org","@graph":[{"@type":"WebPage","@id":"https:\/\/insektenliebe.com\/de\/shop\/produkt\/exo-terra-saugnaepfe\/","url":"https:\/\/insektenliebe.com\/de\/shop\/produkt\/exo-terra-saugnaepfe\/","name":"Exo Terra Saugn\u00e4pfe - Insektenliebe","isPartOf":{"@id":"https:\/\/insektenliebe.com\/de\/#website"},"primaryImageOfPage":{"@id":"https:\/\/insektenliebe.com\/de\/shop\/produkt\/exo-terra-saugnaepfe\/#primaryimage"},"image":{"@id":"https:\/\/insektenliebe.com\/de\/shop\/produkt\/exo-terra-saugnaepfe\/#primaryimage"},"thumbnailUrl":"https:\/\/insektenliebe.com\/wp-content\/uploads\/2025\/05\/Exo-Terra-Saugnaepfen-2.jpg","datePublished":"2022-01-29T14:56:00+00:00","dateModified":"2026-02-27T15:39:52+00:00","description":"Exo Terra Saugn\u00e4pfe \u2013 sichere Schlauchbefestigung f\u00fcr Terrarium & Aquarium. Stabiler Halt auf Glas und glatten Oberfl\u00e4chen.","breadcrumb":{"@id":"https:\/\/insektenliebe.com\/de\/shop\/produkt\/exo-terra-saugnaepfe\/#breadcrumb"},"inLanguage":"de","potentialAction":[{"@type":"ReadAction","target":["https:\/\/insektenliebe.com\/de\/shop\/produkt\/exo-terra-saugnaepfe\/"]}]},{"@type":"ImageObject","inLanguage":"de","@id":"https:\/\/insektenliebe.com\/de\/shop\/produkt\/exo-terra-saugnaepfe\/#primaryimage","url":"https:\/\/insektenliebe.com\/wp-content\/uploads\/2025\/05\/Exo-Terra-Saugnaepfen-2.jpg","contentUrl":"https:\/\/insektenliebe.com\/wp-content\/uploads\/2025\/05\/Exo-Terra-Saugnaepfen-2.jpg","width":820,"height":820,"caption":"Exo-Terra-Saugnaepfen-2.jpg"},{"@type":"BreadcrumbList","@id":"https:\/\/insektenliebe.com\/de\/shop\/produkt\/exo-terra-saugnaepfe\/#breadcrumb","itemListElement":[{"@type":"ListItem","position":1,"name":"Startseite","item":"https:\/\/insektenliebe.com\/de\/"},{"@type":"ListItem","position":2,"name":"Shop","item":"https:\/\/insektenliebe.com\/de\/shop\/"},{"@type":"ListItem","position":3,"name":"Exo Terra Saugn\u00e4pfe"}]},{"@type":"WebSite","@id":"https:\/\/insektenliebe.com\/de\/#website","url":"https:\/\/insektenliebe.com\/de\/","name":"Insektenliebe","description":"Dein Zuhause f\u00fcr die kleinen Lebewesen","publisher":{"@id":"https:\/\/insektenliebe.com\/de\/#organization"},"potentialAction":[{"@type":"SearchAction","target":{"@type":"EntryPoint","urlTemplate":"https:\/\/insektenliebe.com\/de\/?s={search_term_string}"},"query-input":{"@type":"PropertyValueSpecification","valueRequired":true,"valueName":"search_term_string"}}],"inLanguage":"de"},{"@type":"Organization","@id":"https:\/\/insektenliebe.com\/de\/#organization","name":"Insektenliebe","url":"https:\/\/insektenliebe.com\/de\/","logo":{"@type":"ImageObject","inLanguage":"de","@id":"https:\/\/insektenliebe.com\/de\/#\/schema\/logo\/image\/","url":"https:\/\/insektenliebe.com\/wp-content\/uploads\/2025\/03\/logo-white.png","contentUrl":"https:\/\/insektenliebe.com\/wp-content\/uploads\/2025\/03\/logo-white.png","width":288,"height":188,"caption":"Insektenliebe"},"image":{"@id":"https:\/\/insektenliebe.com\/de\/#\/schema\/logo\/image\/"}}]},"product_price_amount":"1.99","product_price_currency":"EUR","og_availability":"instock","product_availability":"instock","product_retailer_item_id":"PT2502","product_condition":"new"},"_links":{"self":[{"href":"https:\/\/insektenliebe.com\/de\/wp-json\/wp\/v2\/product\/5275","targetHints":{"allow":["GET"]}}],"collection":[{"href":"https:\/\/insektenliebe.com\/de\/wp-json\/wp\/v2\/product"}],"about":[{"href":"https:\/\/insektenliebe.com\/de\/wp-json\/wp\/v2\/types\/product"}],"wp:featuredmedia":[{"embeddable":true,"href":"https:\/\/insektenliebe.com\/de\/wp-json\/wp\/v2\/media\/5305"}],"wp:attachment":[{"href":"https:\/\/insektenliebe.com\/de\/wp-json\/wp\/v2\/media?parent=5275"}],"wp:term":[{"taxonomy":"product-supplier","embeddable":true,"href":"https:\/\/insektenliebe.com\/de\/wp-json\/wp\/v2\/product-supplier?post=5275"},{"taxonomy":"product_brand","embeddable":true,"href":"https:\/\/insektenliebe.com\/de\/wp-json\/wp\/v2\/product_brand?post=5275"},{"taxonomy":"product_cat","embeddable":true,"href":"https:\/\/insektenliebe.com\/de\/wp-json\/wp\/v2\/product_cat?post=5275"},{"taxonomy":"product_tag","embeddable":true,"href":"https:\/\/insektenliebe.com\/de\/wp-json\/wp\/v2\/product_tag?post=5275"},{"taxonomy":"lce-checkout-addons","embeddable":true,"href":"https:\/\/insektenliebe.com\/de\/wp-json\/wp\/v2\/lce-checkout-addons?post=5275"}],"curies":[{"name":"wp","href":"https:\/\/api.w.org\/{rel}","templated":true}]}}