{"id":5268,"date":"2022-01-23T12:46:00","date_gmt":"2022-01-23T11:46:00","guid":{"rendered":"http:\/\/localhost\/ins-test\/?post_type=product&#038;p=5268"},"modified":"2026-02-25T19:02:44","modified_gmt":"2026-02-25T18:02:44","slug":"exo-terra-monsoon-multi-ii-beregnungsanlage","status":"publish","type":"product","link":"https:\/\/insektenliebe.com\/de\/shop\/produkt\/exo-terra-monsoon-multi-ii-beregnungsanlage\/","title":{"rendered":"Exo Terra Monsoon Multi II Beregnungsanlage"},"content":{"rendered":"<div>\n<p class=\"t15\">Die <strong>Exo Terra Monsoon MULTI II Beregnungsanlage<\/strong> ist ein programmierbares Verneblungssystem, die f\u00fcr alle Terrarien und Gew\u00e4chsh\u00e4user geeignet ist. Dieses System tr\u00e4gt dazu bei, die optimale Feuchtigkeit beizubehalten, indem Niederschlag zu den programmierten Zeiten erzeugt wird. Die Dauer und H\u00e4ufigkeit des Niederschlages kann den Bed\u00fcrfnissen der gehaltenen Tiere oder den Pflanzen einfach angepasst werden. H\u00e4ufiger Niederschlag tr\u00e4gt zur Stimulierung des Brutverhaltens bei. Au\u00dferdem ist er notwendig, wenn Sie lebende tropische Pflanzen, wie z.B. Bromelien, Orchideen, Moose usw. halten.<\/p>\n<\/div>\n<p>Das System kann so programmiert werden, dass es mehrmals innerhalb von 24 Stunden regnet und \u00fcber einen Zeitraum von jeweils 2 Sekunden bis zu 2 Minuten. Das gro\u00dfe 8-Liter Reservoir gew\u00e4hrleistet einen ununterbrochenen Betrieb f\u00fcr mehrere Tage, ohne dass Wasser nachgef\u00fcllt werden muss (ideal f\u00fcr die Urlaubszeit). Au\u00dferdem kann das Reservoir einfach wieder aufgef\u00fcllt werden, ohne dass das gesamte System auseinander genommen werden muss.<\/p>\n<div>\n<p class=\"t15\">Die <strong>Exo Terra Monsoon MULTI II Beregnungsanlage<\/strong> ist ein programmierbares Verneblungssystem, die f\u00fcr alle Terrarien und Gew\u00e4chsh\u00e4user geeignet ist. Dieses System tr\u00e4gt dazu bei, die optimale Feuchtigkeit beizubehalten, indem Niederschlag zu den programmierten Zeiten erzeugt wird. Die Dauer und H\u00e4ufigkeit des Niederschlages kann den Bed\u00fcrfnissen der gehaltenen Tiere oder den Pflanzen einfach angepasst werden. H\u00e4ufiger Niederschlag tr\u00e4gt zur Stimulierung des Brutverhaltens bei. Au\u00dferdem ist er notwendig, wenn Sie lebende tropische Pflanzen, wie z.B. Bromelien, Orchideen, Moose usw. halten.<\/p>\n<\/div>\n<p>Das System kann so programmiert werden, dass es mehrmals innerhalb von 24 Stunden regnet und \u00fcber einen Zeitraum von jeweils 2 Sekunden bis zu 2 Minuten. Das gro\u00dfe 8-Liter Reservoir gew\u00e4hrleistet einen ununterbrochenen Betrieb f\u00fcr mehrere Tage, ohne dass Wasser nachgef\u00fcllt werden muss (ideal f\u00fcr die Urlaubszeit). Au\u00dferdem kann das Reservoir einfach wieder aufgef\u00fcllt werden, ohne dass das gesamte System auseinander genommen werden muss.<\/p>\n<p>Die <strong>Exo Terra Monsoon MULTI II Beregnungsanlage<\/strong> ist mit zwei einfach zu installierenden Spr\u00fchd\u00fcsen ausger\u00fcstet, aber das System kann erweitert werden und kann mit bis zu 6 Spr\u00fchd\u00fcsen ausgestattet werden. So ist es ideal f\u00fcr mehrere Terrarien. (Bitte beachtet, dass jede zus\u00e4tzliche D\u00fcse weniger Leistung an jeder einzelnen D\u00fcse bedeutet.) Der von den speziell konzipierten Spr\u00fchd\u00fcsen erzeugte Regen ist extrem fein und schafft einen nebelartigen Effekt im Terrarium oder Gew\u00e4chshaus. Die extralangen Schl\u00e4uche machen es m\u00f6glich, die Anlage in einem Ablagebereich oder in einem Schrank unter dem Terrarium zu verstecken.<\/p>\n<ul class=\"numbered\">\n<li>Kann einfach in jedem Terrarium oder Gew\u00e4chshaus installiert werden<\/li>\n<li>Flexible Spr\u00fchd\u00fcsen k\u00f6nnen in jede Richtung ausgerichtet werden<\/li>\n<li>Einfach zu installierender Schlauch. Passt durch die verschlie\u00dfbaren Schlauchkan\u00e4le (die an jedem Exo Terra Terrarium vorhanden sind)<\/li>\n<li>Abgeschr\u00e4gtes Top: Leckagefreie Verbindung<\/li>\n<li>Zyklus-Schaltuhr<\/li>\n<li>Abgeschr\u00e4gtes Top: Einfach zu bef\u00fcllen<\/li>\n<\/ul>\n<p>Der Inhalt der Monsoon Multi II Beregnungsanlage reicht also aus um 1 Terrarium mit 2 Beregnungsd\u00fcsen auszustatten und zu betreiben. Um weitere Terrarien anzuschlie\u00dfen ben\u00f6tigt ihr weiteres Zubeh\u00f6r.<\/p>\n","protected":false},"excerpt":{"rendered":"<p>Die Exo Terra Monsoon MULTI II Beregnungsanlage ist ein programmierbares Verneblungssystem, die f\u00fcr alle Terrarien und Gew\u00e4chsh\u00e4user geeignet ist. Dieses System tr\u00e4gt dazu bei, die optimale Feuchtigkeit beizubehalten, indem Niederschlag zu den programmierten Zeiten erzeugt wird. Die Dauer und H\u00e4ufigkeit des Niederschlages kann den Bed\u00fcrfnissen der gehaltenen Tiere oder den Pflanzen einfach angepasst werden. H\u00e4ufiger [&hellip;]<\/p>\n","protected":false},"featured_media":5298,"template":"","meta":{"_acf_changed":false},"product-supplier":[2554],"product_brand":[639],"product_cat":[299],"product_tag":[],"lce-checkout-addons":[],"class_list":{"0":"post-5268","1":"product","2":"type-product","3":"status-publish","4":"has-post-thumbnail","6":"product_brand-exo-terra","7":"product_cat-beleuchtung-klima","8":"product_shipping_class-equipment-shipping","10":"first","11":"instock","12":"sale","13":"taxable","14":"shipping-taxable","15":"purchasable","16":"product-type-simple"},"acf":[],"yoast_head":"<!-- This site is optimized with the Yoast SEO Premium plugin v26.8 (Yoast SEO v27.3) - https:\/\/yoast.com\/product\/yoast-seo-premium-wordpress\/ -->\n<title>Exo Terra Monsoon Multi II Beregnungsanlage - Insektenliebe<\/title>\n<meta name=\"description\" content=\"G\u00fcnstige Exo Terra Monsoon Multi II Beregnungsanlage direkt online kaufen. Die kompakte Beregnungsanlage ist bis zu 6 Terrarien geeignet!\" \/>\n<meta name=\"robots\" content=\"index, follow, max-snippet:-1, max-image-preview:large, max-video-preview:-1\" \/>\n<link rel=\"canonical\" href=\"https:\/\/insektenliebe.com\/de\/shop\/produkt\/exo-terra-monsoon-multi-ii-beregnungsanlage\/\" \/>\n<meta property=\"og:locale\" content=\"de_DE\" \/>\n<meta property=\"og:type\" content=\"article\" \/>\n<meta property=\"og:title\" content=\"Exo Terra Monsoon Multi II Beregnungsanlage\" \/>\n<meta property=\"og:description\" content=\"G\u00fcnstige Exo Terra Monsoon Multi II Beregnungsanlage direkt online kaufen. Die kompakte Beregnungsanlage ist bis zu 6 Terrarien geeignet!\" \/>\n<meta property=\"og:url\" content=\"https:\/\/insektenliebe.com\/de\/shop\/produkt\/exo-terra-monsoon-multi-ii-beregnungsanlage\/\" \/>\n<meta property=\"og:site_name\" content=\"Insektenliebe\" \/>\n<meta property=\"article:modified_time\" content=\"2026-02-25T18:02:44+00:00\" \/>\n<meta property=\"og:image\" content=\"https:\/\/insektenliebe.com\/wp-content\/uploads\/2025\/05\/Exo-Terra-Monsoon-Multi-II-Beregnungsanlage-1-2.jpg\" \/>\n\t<meta property=\"og:image:width\" content=\"820\" \/>\n\t<meta property=\"og:image:height\" content=\"820\" \/>\n\t<meta property=\"og:image:type\" content=\"image\/jpeg\" \/>\n<meta name=\"twitter:card\" content=\"summary_large_image\" \/>\n<meta name=\"twitter:label1\" content=\"Preis\" \/>\n\t<meta name=\"twitter:data1\" content=\"119,99&nbsp;&euro; inkl. MwSt. zzgl. Versand\" \/>\n\t<meta name=\"twitter:label2\" content=\"Verf\u00fcgbarkeit\" \/>\n\t<meta name=\"twitter:data2\" content=\"Auf Lager\" \/>\n<script type=\"application\/ld+json\" class=\"yoast-schema-graph\">{\"@context\":\"https:\\\/\\\/schema.org\",\"@graph\":[{\"@type\":\"WebPage\",\"@id\":\"https:\\\/\\\/insektenliebe.com\\\/de\\\/shop\\\/produkt\\\/exo-terra-monsoon-multi-ii-beregnungsanlage\\\/\",\"url\":\"https:\\\/\\\/insektenliebe.com\\\/de\\\/shop\\\/produkt\\\/exo-terra-monsoon-multi-ii-beregnungsanlage\\\/\",\"name\":\"Exo Terra Monsoon Multi II Beregnungsanlage - Insektenliebe\",\"isPartOf\":{\"@id\":\"https:\\\/\\\/insektenliebe.com\\\/de\\\/#website\"},\"primaryImageOfPage\":{\"@id\":\"https:\\\/\\\/insektenliebe.com\\\/de\\\/shop\\\/produkt\\\/exo-terra-monsoon-multi-ii-beregnungsanlage\\\/#primaryimage\"},\"image\":{\"@id\":\"https:\\\/\\\/insektenliebe.com\\\/de\\\/shop\\\/produkt\\\/exo-terra-monsoon-multi-ii-beregnungsanlage\\\/#primaryimage\"},\"thumbnailUrl\":\"https:\\\/\\\/insektenliebe.com\\\/wp-content\\\/uploads\\\/2025\\\/05\\\/Exo-Terra-Monsoon-Multi-II-Beregnungsanlage-1-2.jpg\",\"datePublished\":\"2022-01-23T11:46:00+00:00\",\"dateModified\":\"2026-02-25T18:02:44+00:00\",\"description\":\"G\u00fcnstige Exo Terra Monsoon Multi II Beregnungsanlage direkt online kaufen. Die kompakte Beregnungsanlage ist bis zu 6 Terrarien geeignet!\",\"breadcrumb\":{\"@id\":\"https:\\\/\\\/insektenliebe.com\\\/de\\\/shop\\\/produkt\\\/exo-terra-monsoon-multi-ii-beregnungsanlage\\\/#breadcrumb\"},\"inLanguage\":\"de\",\"potentialAction\":[{\"@type\":\"ReadAction\",\"target\":[\"https:\\\/\\\/insektenliebe.com\\\/de\\\/shop\\\/produkt\\\/exo-terra-monsoon-multi-ii-beregnungsanlage\\\/\"]}]},{\"@type\":\"ImageObject\",\"inLanguage\":\"de\",\"@id\":\"https:\\\/\\\/insektenliebe.com\\\/de\\\/shop\\\/produkt\\\/exo-terra-monsoon-multi-ii-beregnungsanlage\\\/#primaryimage\",\"url\":\"https:\\\/\\\/insektenliebe.com\\\/wp-content\\\/uploads\\\/2025\\\/05\\\/Exo-Terra-Monsoon-Multi-II-Beregnungsanlage-1-2.jpg\",\"contentUrl\":\"https:\\\/\\\/insektenliebe.com\\\/wp-content\\\/uploads\\\/2025\\\/05\\\/Exo-Terra-Monsoon-Multi-II-Beregnungsanlage-1-2.jpg\",\"width\":820,\"height\":820,\"caption\":\"Exo-Terra-Monsoon-Multi-II-Beregnungsanlage-1-2.jpg\"},{\"@type\":\"BreadcrumbList\",\"@id\":\"https:\\\/\\\/insektenliebe.com\\\/de\\\/shop\\\/produkt\\\/exo-terra-monsoon-multi-ii-beregnungsanlage\\\/#breadcrumb\",\"itemListElement\":[{\"@type\":\"ListItem\",\"position\":1,\"name\":\"Startseite\",\"item\":\"https:\\\/\\\/insektenliebe.com\\\/de\\\/\"},{\"@type\":\"ListItem\",\"position\":2,\"name\":\"Shop\",\"item\":\"https:\\\/\\\/insektenliebe.com\\\/de\\\/shop\\\/\"},{\"@type\":\"ListItem\",\"position\":3,\"name\":\"Exo Terra Monsoon Multi II Beregnungsanlage\"}]},{\"@type\":\"WebSite\",\"@id\":\"https:\\\/\\\/insektenliebe.com\\\/de\\\/#website\",\"url\":\"https:\\\/\\\/insektenliebe.com\\\/de\\\/\",\"name\":\"Insektenliebe\",\"description\":\"Dein Zuhause f\u00fcr die kleinen Lebewesen\",\"publisher\":{\"@id\":\"https:\\\/\\\/insektenliebe.com\\\/de\\\/#organization\"},\"potentialAction\":[{\"@type\":\"SearchAction\",\"target\":{\"@type\":\"EntryPoint\",\"urlTemplate\":\"https:\\\/\\\/insektenliebe.com\\\/de\\\/?s={search_term_string}\"},\"query-input\":{\"@type\":\"PropertyValueSpecification\",\"valueRequired\":true,\"valueName\":\"search_term_string\"}}],\"inLanguage\":\"de\"},{\"@type\":\"Organization\",\"@id\":\"https:\\\/\\\/insektenliebe.com\\\/de\\\/#organization\",\"name\":\"Insektenliebe\",\"url\":\"https:\\\/\\\/insektenliebe.com\\\/de\\\/\",\"logo\":{\"@type\":\"ImageObject\",\"inLanguage\":\"de\",\"@id\":\"https:\\\/\\\/insektenliebe.com\\\/de\\\/#\\\/schema\\\/logo\\\/image\\\/\",\"url\":\"https:\\\/\\\/insektenliebe.com\\\/wp-content\\\/uploads\\\/2025\\\/03\\\/logo-white.png\",\"contentUrl\":\"https:\\\/\\\/insektenliebe.com\\\/wp-content\\\/uploads\\\/2025\\\/03\\\/logo-white.png\",\"width\":288,\"height\":188,\"caption\":\"Insektenliebe\"},\"image\":{\"@id\":\"https:\\\/\\\/insektenliebe.com\\\/de\\\/#\\\/schema\\\/logo\\\/image\\\/\"}}]}<\/script>\n<meta property=\"product:price:amount\" content=\"119.99\" \/>\n<meta property=\"product:price:currency\" content=\"EUR\" \/>\n<meta property=\"og:availability\" content=\"instock\" \/>\n<meta property=\"product:availability\" content=\"instock\" \/>\n<meta property=\"product:retailer_item_id\" content=\"PT4201\" \/>\n<meta property=\"product:condition\" content=\"new\" \/>\n<!-- \/ Yoast SEO Premium plugin. -->","yoast_head_json":{"title":"Exo Terra Monsoon Multi II Beregnungsanlage - Insektenliebe","description":"G\u00fcnstige Exo Terra Monsoon Multi II Beregnungsanlage direkt online kaufen. Die kompakte Beregnungsanlage ist bis zu 6 Terrarien geeignet!","robots":{"index":"index","follow":"follow","max-snippet":"max-snippet:-1","max-image-preview":"max-image-preview:large","max-video-preview":"max-video-preview:-1"},"canonical":"https:\/\/insektenliebe.com\/de\/shop\/produkt\/exo-terra-monsoon-multi-ii-beregnungsanlage\/","og_locale":"de_DE","og_type":"article","og_title":"Exo Terra Monsoon Multi II Beregnungsanlage","og_description":"G\u00fcnstige Exo Terra Monsoon Multi II Beregnungsanlage direkt online kaufen. Die kompakte Beregnungsanlage ist bis zu 6 Terrarien geeignet!","og_url":"https:\/\/insektenliebe.com\/de\/shop\/produkt\/exo-terra-monsoon-multi-ii-beregnungsanlage\/","og_site_name":"Insektenliebe","article_modified_time":"2026-02-25T18:02:44+00:00","og_image":[{"width":820,"height":820,"url":"https:\/\/insektenliebe.com\/wp-content\/uploads\/2025\/05\/Exo-Terra-Monsoon-Multi-II-Beregnungsanlage-1-2.jpg","type":"image\/jpeg"}],"twitter_card":"summary_large_image","twitter_misc":{"Preis":"119,99&nbsp;&euro; inkl. MwSt. zzgl. Versand","Verf\u00fcgbarkeit":"Auf Lager"},"schema":{"@context":"https:\/\/schema.org","@graph":[{"@type":"WebPage","@id":"https:\/\/insektenliebe.com\/de\/shop\/produkt\/exo-terra-monsoon-multi-ii-beregnungsanlage\/","url":"https:\/\/insektenliebe.com\/de\/shop\/produkt\/exo-terra-monsoon-multi-ii-beregnungsanlage\/","name":"Exo Terra Monsoon Multi II Beregnungsanlage - Insektenliebe","isPartOf":{"@id":"https:\/\/insektenliebe.com\/de\/#website"},"primaryImageOfPage":{"@id":"https:\/\/insektenliebe.com\/de\/shop\/produkt\/exo-terra-monsoon-multi-ii-beregnungsanlage\/#primaryimage"},"image":{"@id":"https:\/\/insektenliebe.com\/de\/shop\/produkt\/exo-terra-monsoon-multi-ii-beregnungsanlage\/#primaryimage"},"thumbnailUrl":"https:\/\/insektenliebe.com\/wp-content\/uploads\/2025\/05\/Exo-Terra-Monsoon-Multi-II-Beregnungsanlage-1-2.jpg","datePublished":"2022-01-23T11:46:00+00:00","dateModified":"2026-02-25T18:02:44+00:00","description":"G\u00fcnstige Exo Terra Monsoon Multi II Beregnungsanlage direkt online kaufen. Die kompakte Beregnungsanlage ist bis zu 6 Terrarien geeignet!","breadcrumb":{"@id":"https:\/\/insektenliebe.com\/de\/shop\/produkt\/exo-terra-monsoon-multi-ii-beregnungsanlage\/#breadcrumb"},"inLanguage":"de","potentialAction":[{"@type":"ReadAction","target":["https:\/\/insektenliebe.com\/de\/shop\/produkt\/exo-terra-monsoon-multi-ii-beregnungsanlage\/"]}]},{"@type":"ImageObject","inLanguage":"de","@id":"https:\/\/insektenliebe.com\/de\/shop\/produkt\/exo-terra-monsoon-multi-ii-beregnungsanlage\/#primaryimage","url":"https:\/\/insektenliebe.com\/wp-content\/uploads\/2025\/05\/Exo-Terra-Monsoon-Multi-II-Beregnungsanlage-1-2.jpg","contentUrl":"https:\/\/insektenliebe.com\/wp-content\/uploads\/2025\/05\/Exo-Terra-Monsoon-Multi-II-Beregnungsanlage-1-2.jpg","width":820,"height":820,"caption":"Exo-Terra-Monsoon-Multi-II-Beregnungsanlage-1-2.jpg"},{"@type":"BreadcrumbList","@id":"https:\/\/insektenliebe.com\/de\/shop\/produkt\/exo-terra-monsoon-multi-ii-beregnungsanlage\/#breadcrumb","itemListElement":[{"@type":"ListItem","position":1,"name":"Startseite","item":"https:\/\/insektenliebe.com\/de\/"},{"@type":"ListItem","position":2,"name":"Shop","item":"https:\/\/insektenliebe.com\/de\/shop\/"},{"@type":"ListItem","position":3,"name":"Exo Terra Monsoon Multi II Beregnungsanlage"}]},{"@type":"WebSite","@id":"https:\/\/insektenliebe.com\/de\/#website","url":"https:\/\/insektenliebe.com\/de\/","name":"Insektenliebe","description":"Dein Zuhause f\u00fcr die kleinen Lebewesen","publisher":{"@id":"https:\/\/insektenliebe.com\/de\/#organization"},"potentialAction":[{"@type":"SearchAction","target":{"@type":"EntryPoint","urlTemplate":"https:\/\/insektenliebe.com\/de\/?s={search_term_string}"},"query-input":{"@type":"PropertyValueSpecification","valueRequired":true,"valueName":"search_term_string"}}],"inLanguage":"de"},{"@type":"Organization","@id":"https:\/\/insektenliebe.com\/de\/#organization","name":"Insektenliebe","url":"https:\/\/insektenliebe.com\/de\/","logo":{"@type":"ImageObject","inLanguage":"de","@id":"https:\/\/insektenliebe.com\/de\/#\/schema\/logo\/image\/","url":"https:\/\/insektenliebe.com\/wp-content\/uploads\/2025\/03\/logo-white.png","contentUrl":"https:\/\/insektenliebe.com\/wp-content\/uploads\/2025\/03\/logo-white.png","width":288,"height":188,"caption":"Insektenliebe"},"image":{"@id":"https:\/\/insektenliebe.com\/de\/#\/schema\/logo\/image\/"}}]},"product_price_amount":"119.99","product_price_currency":"EUR","og_availability":"instock","product_availability":"instock","product_retailer_item_id":"PT4201","product_condition":"new"},"_links":{"self":[{"href":"https:\/\/insektenliebe.com\/de\/wp-json\/wp\/v2\/product\/5268","targetHints":{"allow":["GET"]}}],"collection":[{"href":"https:\/\/insektenliebe.com\/de\/wp-json\/wp\/v2\/product"}],"about":[{"href":"https:\/\/insektenliebe.com\/de\/wp-json\/wp\/v2\/types\/product"}],"wp:featuredmedia":[{"embeddable":true,"href":"https:\/\/insektenliebe.com\/de\/wp-json\/wp\/v2\/media\/5298"}],"wp:attachment":[{"href":"https:\/\/insektenliebe.com\/de\/wp-json\/wp\/v2\/media?parent=5268"}],"wp:term":[{"taxonomy":"product-supplier","embeddable":true,"href":"https:\/\/insektenliebe.com\/de\/wp-json\/wp\/v2\/product-supplier?post=5268"},{"taxonomy":"product_brand","embeddable":true,"href":"https:\/\/insektenliebe.com\/de\/wp-json\/wp\/v2\/product_brand?post=5268"},{"taxonomy":"product_cat","embeddable":true,"href":"https:\/\/insektenliebe.com\/de\/wp-json\/wp\/v2\/product_cat?post=5268"},{"taxonomy":"product_tag","embeddable":true,"href":"https:\/\/insektenliebe.com\/de\/wp-json\/wp\/v2\/product_tag?post=5268"},{"taxonomy":"lce-checkout-addons","embeddable":true,"href":"https:\/\/insektenliebe.com\/de\/wp-json\/wp\/v2\/lce-checkout-addons?post=5268"}],"curies":[{"name":"wp","href":"https:\/\/api.w.org\/{rel}","templated":true}]}}