{"id":5240,"date":"2022-01-15T13:19:05","date_gmt":"2022-01-15T11:19:05","guid":{"rendered":"http:\/\/localhost\/ins-test\/?post_type=product&#038;p=5240"},"modified":"2026-04-03T23:40:05","modified_gmt":"2026-04-03T21:40:05","slug":"exo-terra-frog-pond","status":"publish","type":"product","link":"https:\/\/insektenliebe.com\/de\/shop\/produkt\/exo-terra-frog-pond\/","title":{"rendered":"Exo Terra Frog Pond"},"content":{"rendered":"<h3><span class=\"s1\" style=\"color: #99cc33;\">Exo Terra Frog Pond \u2013 Nat\u00fcrliches Kieselstein-Design<\/span><\/h3>\n<p class=\"p1\"><span class=\"s1\">Der <\/span><strong><span class=\"s2\">Exo Terra Frog Pond<\/span><\/strong><span class=\"s1\"> ist eine durchdachte Wasserschale im nat\u00fcrlichen Kieselstein-Design und eignet sich ideal f\u00fcr kleinere Terrarientiere. Die detailreiche Nachbildung eines flachen Gew\u00e4ssers f\u00fcgt sich harmonisch in tropische, subtropische oder naturnahe Terrarien ein. Gleichzeitig bietet sie eine sichere und praktische Wasserquelle.<\/span><\/p>\n<p class=\"p1\"><span class=\"s1\">Die wasserdichte Konstruktion erlaubt eine flexible Nutzung als Wasser- oder Futternapf. Du kannst die Schale teilweise in das Bodensubstrat einlassen, wodurch ein besonders nat\u00fcrlicher \u00dcbergang entsteht. Dadurch erhalten deine Tiere einen leichten und barrierefreien Zugang zum Wasser. Vor allem bodenbewohnende Arten profitieren von dieser flachen Bauweise.<\/span><\/p>\n<p class=\"p1\"><span class=\"s1\">Ein entscheidender Vorteil des Pond sind die integrierten Stufen. Diese verhindern effektiv, dass Tiere im Wasser ertrinken. Amphibien, kleine Reptilien, Asseln oder Schnecken k\u00f6nnen jederzeit selbstst\u00e4ndig wieder aus der Schale herausklettern. Gerade bei kleineren Arten oder der sogenannten \u201eBodenpolizei\u201c erh\u00f6ht das die Sicherheit im Terrarium erheblich.<\/span><\/p>\n<p class=\"p1\"><span class=\"s1\">Durch das seichte Design eignet sich der Frog Pond auch hervorragend als Badeschale f\u00fcr kleine Schneckenarten. Sie k\u00f6nnen problemlos Wasser aufnehmen oder baden, ohne dass ein Risiko entsteht. Gleichzeitig bleibt das Mikroklima stabil, da keine unn\u00f6tige Staun\u00e4sse entsteht.<\/span><\/p>\n<p class=\"p1\"><span class=\"s1\">Die Oberfl\u00e4che besteht aus lebensmittelunbedenklichem Harz. Sie ist glatt, nicht por\u00f6s und daher besonders hygienisch. Schmutz oder Futterreste lassen sich einfach entfernen, sodass du den Napf schnell reinigen kannst. Das robuste Material bleibt auch bei dauerhaft hoher Luftfeuchtigkeit formstabil.<\/span><\/p>\n<p class=\"p1\"><span class=\"s1\">Optisch \u00fcberzeugt der <strong>Exo Terra Frog Pond<\/strong> durch sein realistisches Kieselstein-Design. Er wirkt wie ein nat\u00fcrlicher Bestandteil der Landschaft und f\u00fcgt sich perfekt zwischen Moos, Wurzeln und Pflanzen ein.<\/span><\/p>\n<p class=\"p1\"><span class=\"s1\">Der <\/span><strong><span class=\"s2\">Exo Terra Frog Pond<\/span><\/strong><span class=\"s1\"> kombiniert Sicherheit, Funktionalit\u00e4t und nat\u00fcrliche Optik. Wer eine flache, stabile und tiergerechte Wasserschale sucht, erh\u00e4lt hier eine zuverl\u00e4ssige L\u00f6sung f\u00fcr Amphibien, Wirbellose und kleine Reptilien.<\/span><\/p>\n<p><strong>S: 14 x 13 x 5,5 cm<\/strong><br \/>\n<strong>L: 17 x 14 x 6 cm<\/strong><\/p>\n","protected":false},"excerpt":{"rendered":"<p>Exo Terra Frog Pond \u2013 Nat\u00fcrliches Kieselstein-Design Der Exo Terra Frog Pond ist eine durchdachte Wasserschale im nat\u00fcrlichen Kieselstein-Design und eignet sich ideal f\u00fcr kleinere Terrarientiere. Die detailreiche Nachbildung eines flachen Gew\u00e4ssers f\u00fcgt sich harmonisch in tropische, subtropische oder naturnahe Terrarien ein. Gleichzeitig bietet sie eine sichere und praktische Wasserquelle. Die wasserdichte Konstruktion erlaubt eine [&hellip;]<\/p>\n","protected":false},"featured_media":191778,"template":"","meta":{"_acf_changed":false},"product-supplier":[2554],"product_brand":[639],"product_cat":[253],"product_tag":[],"lce-checkout-addons":[],"class_list":{"0":"post-5240","1":"product","2":"type-product","3":"status-publish","4":"has-post-thumbnail","6":"product_brand-exo-terra","7":"product_cat-einrichtung-dekoration","8":"product_shipping_class-equipment-shipping","10":"first","11":"instock","12":"taxable","13":"shipping-taxable","14":"purchasable","15":"product-type-variable"},"acf":[],"yoast_head":"<!-- This site is optimized with the Yoast SEO plugin v27.3 - https:\/\/yoast.com\/product\/yoast-seo-wordpress\/ -->\n<title>Exo Terra Frog Pond - Insektenliebe<\/title>\n<meta name=\"description\" content=\"G\u00fcnstige Exo Terra Frog Pond direkt online kaufen. Kieselstein Wassernapf mit integrierten Stufen zur Sicherheit vor dem Ertrinken.\" \/>\n<meta name=\"robots\" content=\"index, follow, max-snippet:-1, max-image-preview:large, max-video-preview:-1\" \/>\n<link rel=\"canonical\" href=\"https:\/\/insektenliebe.com\/de\/shop\/produkt\/exo-terra-frog-pond\/\" \/>\n<meta property=\"og:locale\" content=\"de_DE\" \/>\n<meta property=\"og:type\" content=\"article\" \/>\n<meta property=\"og:title\" content=\"Exo Terra Frog Pond - Insektenliebe\" \/>\n<meta property=\"og:description\" content=\"G\u00fcnstige Exo Terra Frog Pond direkt online kaufen. Kieselstein Wassernapf mit integrierten Stufen zur Sicherheit vor dem Ertrinken.\" \/>\n<meta property=\"og:url\" content=\"https:\/\/insektenliebe.com\/de\/shop\/produkt\/exo-terra-frog-pond\/\" \/>\n<meta property=\"og:site_name\" content=\"Insektenliebe\" \/>\n<meta property=\"article:modified_time\" content=\"2026-04-03T21:40:05+00:00\" \/>\n<meta property=\"og:image\" content=\"https:\/\/insektenliebe.com\/wp-content\/uploads\/2022\/01\/Exo-Terra-Frog-Pond-Large.jpg\" \/>\n\t<meta property=\"og:image:width\" content=\"820\" \/>\n\t<meta property=\"og:image:height\" content=\"820\" \/>\n\t<meta property=\"og:image:type\" content=\"image\/jpeg\" \/>\n<meta name=\"twitter:card\" content=\"summary_large_image\" \/>\n<meta name=\"twitter:label1\" content=\"Gesch\u00e4tzte Lesezeit\" \/>\n\t<meta name=\"twitter:data1\" content=\"2\u00a0Minuten\" \/>\n<script type=\"application\/ld+json\" class=\"yoast-schema-graph\">{\"@context\":\"https:\\\/\\\/schema.org\",\"@graph\":[{\"@type\":\"WebPage\",\"@id\":\"https:\\\/\\\/insektenliebe.com\\\/de\\\/shop\\\/produkt\\\/exo-terra-frog-pond\\\/\",\"url\":\"https:\\\/\\\/insektenliebe.com\\\/de\\\/shop\\\/produkt\\\/exo-terra-frog-pond\\\/\",\"name\":\"Exo Terra Frog Pond - Insektenliebe\",\"isPartOf\":{\"@id\":\"https:\\\/\\\/insektenliebe.com\\\/de\\\/#website\"},\"primaryImageOfPage\":{\"@id\":\"https:\\\/\\\/insektenliebe.com\\\/de\\\/shop\\\/produkt\\\/exo-terra-frog-pond\\\/#primaryimage\"},\"image\":{\"@id\":\"https:\\\/\\\/insektenliebe.com\\\/de\\\/shop\\\/produkt\\\/exo-terra-frog-pond\\\/#primaryimage\"},\"thumbnailUrl\":\"https:\\\/\\\/insektenliebe.com\\\/wp-content\\\/uploads\\\/2022\\\/01\\\/Exo-Terra-Frog-Pond-Large.jpg\",\"datePublished\":\"2022-01-15T11:19:05+00:00\",\"dateModified\":\"2026-04-03T21:40:05+00:00\",\"description\":\"G\u00fcnstige Exo Terra Frog Pond direkt online kaufen. Kieselstein Wassernapf mit integrierten Stufen zur Sicherheit vor dem Ertrinken.\",\"breadcrumb\":{\"@id\":\"https:\\\/\\\/insektenliebe.com\\\/de\\\/shop\\\/produkt\\\/exo-terra-frog-pond\\\/#breadcrumb\"},\"inLanguage\":\"de\",\"potentialAction\":[{\"@type\":\"ReadAction\",\"target\":[\"https:\\\/\\\/insektenliebe.com\\\/de\\\/shop\\\/produkt\\\/exo-terra-frog-pond\\\/\"]}]},{\"@type\":\"ImageObject\",\"inLanguage\":\"de\",\"@id\":\"https:\\\/\\\/insektenliebe.com\\\/de\\\/shop\\\/produkt\\\/exo-terra-frog-pond\\\/#primaryimage\",\"url\":\"https:\\\/\\\/insektenliebe.com\\\/wp-content\\\/uploads\\\/2022\\\/01\\\/Exo-Terra-Frog-Pond-Large.jpg\",\"contentUrl\":\"https:\\\/\\\/insektenliebe.com\\\/wp-content\\\/uploads\\\/2022\\\/01\\\/Exo-Terra-Frog-Pond-Large.jpg\",\"width\":820,\"height\":820,\"caption\":\"Exo Terra Frog Pond-Large\"},{\"@type\":\"BreadcrumbList\",\"@id\":\"https:\\\/\\\/insektenliebe.com\\\/de\\\/shop\\\/produkt\\\/exo-terra-frog-pond\\\/#breadcrumb\",\"itemListElement\":[{\"@type\":\"ListItem\",\"position\":1,\"name\":\"Startseite\",\"item\":\"https:\\\/\\\/insektenliebe.com\\\/de\\\/\"},{\"@type\":\"ListItem\",\"position\":2,\"name\":\"Shop\",\"item\":\"https:\\\/\\\/insektenliebe.com\\\/de\\\/shop\\\/\"},{\"@type\":\"ListItem\",\"position\":3,\"name\":\"Exo Terra Frog Pond\"}]},{\"@type\":\"WebSite\",\"@id\":\"https:\\\/\\\/insektenliebe.com\\\/de\\\/#website\",\"url\":\"https:\\\/\\\/insektenliebe.com\\\/de\\\/\",\"name\":\"Insektenliebe\",\"description\":\"Dein Zuhause f\u00fcr die kleinen Lebewesen\",\"publisher\":{\"@id\":\"https:\\\/\\\/insektenliebe.com\\\/de\\\/#organization\"},\"potentialAction\":[{\"@type\":\"SearchAction\",\"target\":{\"@type\":\"EntryPoint\",\"urlTemplate\":\"https:\\\/\\\/insektenliebe.com\\\/de\\\/?s={search_term_string}\"},\"query-input\":{\"@type\":\"PropertyValueSpecification\",\"valueRequired\":true,\"valueName\":\"search_term_string\"}}],\"inLanguage\":\"de\"},{\"@type\":\"Organization\",\"@id\":\"https:\\\/\\\/insektenliebe.com\\\/de\\\/#organization\",\"name\":\"Insektenliebe\",\"url\":\"https:\\\/\\\/insektenliebe.com\\\/de\\\/\",\"logo\":{\"@type\":\"ImageObject\",\"inLanguage\":\"de\",\"@id\":\"https:\\\/\\\/insektenliebe.com\\\/de\\\/#\\\/schema\\\/logo\\\/image\\\/\",\"url\":\"https:\\\/\\\/insektenliebe.com\\\/wp-content\\\/uploads\\\/2025\\\/03\\\/logo-white.png\",\"contentUrl\":\"https:\\\/\\\/insektenliebe.com\\\/wp-content\\\/uploads\\\/2025\\\/03\\\/logo-white.png\",\"width\":288,\"height\":188,\"caption\":\"Insektenliebe\"},\"image\":{\"@id\":\"https:\\\/\\\/insektenliebe.com\\\/de\\\/#\\\/schema\\\/logo\\\/image\\\/\"}}]}<\/script>\n<!-- \/ Yoast SEO plugin. -->","yoast_head_json":{"title":"Exo Terra Frog Pond - Insektenliebe","description":"G\u00fcnstige Exo Terra Frog Pond direkt online kaufen. Kieselstein Wassernapf mit integrierten Stufen zur Sicherheit vor dem Ertrinken.","robots":{"index":"index","follow":"follow","max-snippet":"max-snippet:-1","max-image-preview":"max-image-preview:large","max-video-preview":"max-video-preview:-1"},"canonical":"https:\/\/insektenliebe.com\/de\/shop\/produkt\/exo-terra-frog-pond\/","og_locale":"de_DE","og_type":"article","og_title":"Exo Terra Frog Pond - Insektenliebe","og_description":"G\u00fcnstige Exo Terra Frog Pond direkt online kaufen. Kieselstein Wassernapf mit integrierten Stufen zur Sicherheit vor dem Ertrinken.","og_url":"https:\/\/insektenliebe.com\/de\/shop\/produkt\/exo-terra-frog-pond\/","og_site_name":"Insektenliebe","article_modified_time":"2026-04-03T21:40:05+00:00","og_image":[{"width":820,"height":820,"url":"https:\/\/insektenliebe.com\/wp-content\/uploads\/2022\/01\/Exo-Terra-Frog-Pond-Large.jpg","type":"image\/jpeg"}],"twitter_card":"summary_large_image","twitter_misc":{"Gesch\u00e4tzte Lesezeit":"2\u00a0Minuten"},"schema":{"@context":"https:\/\/schema.org","@graph":[{"@type":"WebPage","@id":"https:\/\/insektenliebe.com\/de\/shop\/produkt\/exo-terra-frog-pond\/","url":"https:\/\/insektenliebe.com\/de\/shop\/produkt\/exo-terra-frog-pond\/","name":"Exo Terra Frog Pond - Insektenliebe","isPartOf":{"@id":"https:\/\/insektenliebe.com\/de\/#website"},"primaryImageOfPage":{"@id":"https:\/\/insektenliebe.com\/de\/shop\/produkt\/exo-terra-frog-pond\/#primaryimage"},"image":{"@id":"https:\/\/insektenliebe.com\/de\/shop\/produkt\/exo-terra-frog-pond\/#primaryimage"},"thumbnailUrl":"https:\/\/insektenliebe.com\/wp-content\/uploads\/2022\/01\/Exo-Terra-Frog-Pond-Large.jpg","datePublished":"2022-01-15T11:19:05+00:00","dateModified":"2026-04-03T21:40:05+00:00","description":"G\u00fcnstige Exo Terra Frog Pond direkt online kaufen. Kieselstein Wassernapf mit integrierten Stufen zur Sicherheit vor dem Ertrinken.","breadcrumb":{"@id":"https:\/\/insektenliebe.com\/de\/shop\/produkt\/exo-terra-frog-pond\/#breadcrumb"},"inLanguage":"de","potentialAction":[{"@type":"ReadAction","target":["https:\/\/insektenliebe.com\/de\/shop\/produkt\/exo-terra-frog-pond\/"]}]},{"@type":"ImageObject","inLanguage":"de","@id":"https:\/\/insektenliebe.com\/de\/shop\/produkt\/exo-terra-frog-pond\/#primaryimage","url":"https:\/\/insektenliebe.com\/wp-content\/uploads\/2022\/01\/Exo-Terra-Frog-Pond-Large.jpg","contentUrl":"https:\/\/insektenliebe.com\/wp-content\/uploads\/2022\/01\/Exo-Terra-Frog-Pond-Large.jpg","width":820,"height":820,"caption":"Exo Terra Frog Pond-Large"},{"@type":"BreadcrumbList","@id":"https:\/\/insektenliebe.com\/de\/shop\/produkt\/exo-terra-frog-pond\/#breadcrumb","itemListElement":[{"@type":"ListItem","position":1,"name":"Startseite","item":"https:\/\/insektenliebe.com\/de\/"},{"@type":"ListItem","position":2,"name":"Shop","item":"https:\/\/insektenliebe.com\/de\/shop\/"},{"@type":"ListItem","position":3,"name":"Exo Terra Frog Pond"}]},{"@type":"WebSite","@id":"https:\/\/insektenliebe.com\/de\/#website","url":"https:\/\/insektenliebe.com\/de\/","name":"Insektenliebe","description":"Dein Zuhause f\u00fcr die kleinen Lebewesen","publisher":{"@id":"https:\/\/insektenliebe.com\/de\/#organization"},"potentialAction":[{"@type":"SearchAction","target":{"@type":"EntryPoint","urlTemplate":"https:\/\/insektenliebe.com\/de\/?s={search_term_string}"},"query-input":{"@type":"PropertyValueSpecification","valueRequired":true,"valueName":"search_term_string"}}],"inLanguage":"de"},{"@type":"Organization","@id":"https:\/\/insektenliebe.com\/de\/#organization","name":"Insektenliebe","url":"https:\/\/insektenliebe.com\/de\/","logo":{"@type":"ImageObject","inLanguage":"de","@id":"https:\/\/insektenliebe.com\/de\/#\/schema\/logo\/image\/","url":"https:\/\/insektenliebe.com\/wp-content\/uploads\/2025\/03\/logo-white.png","contentUrl":"https:\/\/insektenliebe.com\/wp-content\/uploads\/2025\/03\/logo-white.png","width":288,"height":188,"caption":"Insektenliebe"},"image":{"@id":"https:\/\/insektenliebe.com\/de\/#\/schema\/logo\/image\/"}}]}},"_links":{"self":[{"href":"https:\/\/insektenliebe.com\/de\/wp-json\/wp\/v2\/product\/5240","targetHints":{"allow":["GET"]}}],"collection":[{"href":"https:\/\/insektenliebe.com\/de\/wp-json\/wp\/v2\/product"}],"about":[{"href":"https:\/\/insektenliebe.com\/de\/wp-json\/wp\/v2\/types\/product"}],"wp:featuredmedia":[{"embeddable":true,"href":"https:\/\/insektenliebe.com\/de\/wp-json\/wp\/v2\/media\/191778"}],"wp:attachment":[{"href":"https:\/\/insektenliebe.com\/de\/wp-json\/wp\/v2\/media?parent=5240"}],"wp:term":[{"taxonomy":"product-supplier","embeddable":true,"href":"https:\/\/insektenliebe.com\/de\/wp-json\/wp\/v2\/product-supplier?post=5240"},{"taxonomy":"product_brand","embeddable":true,"href":"https:\/\/insektenliebe.com\/de\/wp-json\/wp\/v2\/product_brand?post=5240"},{"taxonomy":"product_cat","embeddable":true,"href":"https:\/\/insektenliebe.com\/de\/wp-json\/wp\/v2\/product_cat?post=5240"},{"taxonomy":"product_tag","embeddable":true,"href":"https:\/\/insektenliebe.com\/de\/wp-json\/wp\/v2\/product_tag?post=5240"},{"taxonomy":"lce-checkout-addons","embeddable":true,"href":"https:\/\/insektenliebe.com\/de\/wp-json\/wp\/v2\/lce-checkout-addons?post=5240"}],"curies":[{"name":"wp","href":"https:\/\/api.w.org\/{rel}","templated":true}]}}