{"id":5237,"date":"2021-12-02T13:23:00","date_gmt":"2021-12-02T12:23:00","guid":{"rendered":"http:\/\/localhost\/ins-test\/?post_type=product&#038;p=5237"},"modified":"2026-04-06T13:19:23","modified_gmt":"2026-04-06T11:19:23","slug":"hobby-jungle-cave","status":"publish","type":"product","link":"https:\/\/insektenliebe.com\/de\/shop\/produkt\/hobby-jungle-cave\/","title":{"rendered":"Hobby Jungle Cave"},"content":{"rendered":"<h3 class=\"p1\"><span style=\"color: #99cc33\"><strong><span class=\"s1\">Hobby Jungle Cave \u2013 Naturnahes Versteck f\u00fcr dein Terrarium<\/span><\/strong><\/span><\/h3>\n<p class=\"p1\"><span class=\"s1\">Die <strong>Hobby Jungle Cave<\/strong> bringt nicht nur eine nat\u00fcrliche Moosoptik in dein Terrarium, sondern erf\u00fcllt gleichzeitig eine zentrale biologische Funktion. Viele Terrarientiere ben\u00f6tigen sichere R\u00fcckzugsorte, um Stress abzubauen, sich zu h\u00e4uten oder sich tags\u00fcber vor Licht zu sch\u00fctzen. Mit dieser H\u00f6hle schaffst du genau diesen gesch\u00fctzten Bereich und unterst\u00fctzt damit aktiv das Wohlbefinden deiner Tiere.<\/span><\/p>\n<p class=\"p1\"><span class=\"s1\">Die Oberfl\u00e4che der Jungle Cave besteht aus Moos und speichert somit optimal Fechtigkeit. Dadurch f\u00fcgt sie sich harmonisch in unterschiedlichste Terrarienlandschaften ein. Ob tropisches Regenwald-Setup mit Pflanzen und Moos oder trockenes W\u00fcstenterrarium mit Sand und Steinen \u2013 die H\u00f6hle erg\u00e4nzt beide Stilrichtungen optisch und funktional. Gleichzeitig sorgt die strukturierte Au\u00dfenfl\u00e4che f\u00fcr zus\u00e4tzlichen Halt, sodass kletterfreudige Arten die Oberfl\u00e4che aktiv nutzen k\u00f6nnen.<\/span><\/p>\n<p class=\"p1\"><span class=\"s1\">Reptilien wie Geckos oder kleine Echsen ziehen sich gerne in gesch\u00fctzte H\u00f6hlen zur\u00fcck. Amphibien profitieren von den schattigen Bereichen, w\u00e4hrend Vogelspinnen oder Skorpione solche Strukturen als festen Unterschlupf annehmen. Durch das Platzieren im warmen oder etwas k\u00fchleren Bereich kannst du gezielt Temperaturzonen schaffen. So entsteht ein nat\u00fcrlicher Temperaturgradient, der den Tieren Auswahlm\u00f6glichkeiten bietet.<\/span><\/p>\n<p class=\"p1\"><span class=\"s1\">Das Material ist robust und langlebig. Es nimmt bei Bedarf Feuchtigkeit auf, ohne aufzuweichen oder instabil zu werden. Gerade in feuchteren Setups kann sich dadurch ein leicht ausgeglichenes Mikroklima im Inneren bilden. Gleichzeitig bleibt die H\u00f6hle formstabil und kippsicher.<\/span><\/p>\n<p class=\"p1\"><span class=\"s1\">Du kannst die Jungle Cave teilweise eingraben, um einen besonders nat\u00fcrlichen \u00dcbergang zum Bodengrund zu schaffen. Alternativ setzt du sie frei sichtbar als zentrales Gestaltungselement ein. In Kombination mit Wurzeln, Laub oder Kletter\u00e4sten entsteht ein strukturreiches Terrarium mit klar definierten R\u00fcckzugszonen.<\/span><\/p>\n<p class=\"p1\"><span class=\"s1\">Die <strong>Hobby Jungle Cave<\/strong> verbindet Design, Funktionalit\u00e4t und biologische Relevanz. Sie schafft Sicherheit, Struktur und visuelle Tiefe und tr\u00e4gt damit entscheidend zu einer artgerechten, stressarmen Haltung bei.<\/span><\/p>\n","protected":false},"excerpt":{"rendered":"<p>Hobby Jungle Cave \u2013 Naturnahes Versteck f\u00fcr dein Terrarium Die Hobby Jungle Cave bringt nicht nur eine nat\u00fcrliche Moosoptik in dein Terrarium, sondern erf\u00fcllt gleichzeitig eine zentrale biologische Funktion. Viele Terrarientiere ben\u00f6tigen sichere R\u00fcckzugsorte, um Stress abzubauen, sich zu h\u00e4uten oder sich tags\u00fcber vor Licht zu sch\u00fctzen. Mit dieser H\u00f6hle schaffst du genau diesen gesch\u00fctzten [&hellip;]<\/p>\n","protected":false},"featured_media":5263,"template":"","meta":{"_acf_changed":false},"product-supplier":[2555],"product_brand":[92],"product_cat":[253],"product_tag":[],"lce-checkout-addons":[],"class_list":{"0":"post-5237","1":"product","2":"type-product","3":"status-publish","4":"has-post-thumbnail","6":"product_brand-hobby-terraristik","7":"product_cat-einrichtung-dekoration","8":"product_shipping_class-equipment-shipping","10":"first","11":"instock","12":"sale","13":"taxable","14":"shipping-taxable","15":"purchasable","16":"product-type-variable"},"acf":[],"yoast_head":"<!-- This site is optimized with the Yoast SEO plugin v27.3 - https:\/\/yoast.com\/product\/yoast-seo-wordpress\/ -->\n<title>Hobby Jungle Cave - Insektenliebe<\/title>\n<meta name=\"description\" content=\"Hobby Jungle Cave \u2013 naturgetreues Terrarienversteck in Felsoptik. Ideal f\u00fcr Reptilien, Amphibien, Spinnen und Wirbellose.\" \/>\n<meta name=\"robots\" content=\"index, follow, max-snippet:-1, max-image-preview:large, max-video-preview:-1\" \/>\n<link rel=\"canonical\" href=\"https:\/\/insektenliebe.com\/de\/shop\/produkt\/hobby-jungle-cave\/\" \/>\n<meta property=\"og:locale\" content=\"de_DE\" \/>\n<meta property=\"og:type\" content=\"article\" \/>\n<meta property=\"og:title\" content=\"Hobby Jungle Cave - Insektenliebe\" \/>\n<meta property=\"og:description\" content=\"Hobby Jungle Cave \u2013 naturgetreues Terrarienversteck in Felsoptik. Ideal f\u00fcr Reptilien, Amphibien, Spinnen und Wirbellose.\" \/>\n<meta property=\"og:url\" content=\"https:\/\/insektenliebe.com\/de\/shop\/produkt\/hobby-jungle-cave\/\" \/>\n<meta property=\"og:site_name\" content=\"Insektenliebe\" \/>\n<meta property=\"article:modified_time\" content=\"2026-04-06T11:19:23+00:00\" \/>\n<meta property=\"og:image\" content=\"https:\/\/insektenliebe.com\/wp-content\/uploads\/2025\/05\/Hobby-Jungle-Cave-S-2.jpg\" \/>\n\t<meta property=\"og:image:width\" content=\"820\" \/>\n\t<meta property=\"og:image:height\" content=\"820\" \/>\n\t<meta property=\"og:image:type\" content=\"image\/jpeg\" \/>\n<meta name=\"twitter:card\" content=\"summary_large_image\" \/>\n<meta name=\"twitter:label1\" content=\"Gesch\u00e4tzte Lesezeit\" \/>\n\t<meta name=\"twitter:data1\" content=\"2\u00a0Minuten\" \/>\n<script type=\"application\/ld+json\" class=\"yoast-schema-graph\">{\"@context\":\"https:\\\/\\\/schema.org\",\"@graph\":[{\"@type\":\"WebPage\",\"@id\":\"https:\\\/\\\/insektenliebe.com\\\/de\\\/shop\\\/produkt\\\/hobby-jungle-cave\\\/\",\"url\":\"https:\\\/\\\/insektenliebe.com\\\/de\\\/shop\\\/produkt\\\/hobby-jungle-cave\\\/\",\"name\":\"Hobby Jungle Cave - Insektenliebe\",\"isPartOf\":{\"@id\":\"https:\\\/\\\/insektenliebe.com\\\/de\\\/#website\"},\"primaryImageOfPage\":{\"@id\":\"https:\\\/\\\/insektenliebe.com\\\/de\\\/shop\\\/produkt\\\/hobby-jungle-cave\\\/#primaryimage\"},\"image\":{\"@id\":\"https:\\\/\\\/insektenliebe.com\\\/de\\\/shop\\\/produkt\\\/hobby-jungle-cave\\\/#primaryimage\"},\"thumbnailUrl\":\"https:\\\/\\\/insektenliebe.com\\\/wp-content\\\/uploads\\\/2025\\\/05\\\/Hobby-Jungle-Cave-S-2.jpg\",\"datePublished\":\"2021-12-02T12:23:00+00:00\",\"dateModified\":\"2026-04-06T11:19:23+00:00\",\"description\":\"Hobby Jungle Cave \u2013 naturgetreues Terrarienversteck in Felsoptik. Ideal f\u00fcr Reptilien, Amphibien, Spinnen und Wirbellose.\",\"breadcrumb\":{\"@id\":\"https:\\\/\\\/insektenliebe.com\\\/de\\\/shop\\\/produkt\\\/hobby-jungle-cave\\\/#breadcrumb\"},\"inLanguage\":\"de\",\"potentialAction\":[{\"@type\":\"ReadAction\",\"target\":[\"https:\\\/\\\/insektenliebe.com\\\/de\\\/shop\\\/produkt\\\/hobby-jungle-cave\\\/\"]}]},{\"@type\":\"ImageObject\",\"inLanguage\":\"de\",\"@id\":\"https:\\\/\\\/insektenliebe.com\\\/de\\\/shop\\\/produkt\\\/hobby-jungle-cave\\\/#primaryimage\",\"url\":\"https:\\\/\\\/insektenliebe.com\\\/wp-content\\\/uploads\\\/2025\\\/05\\\/Hobby-Jungle-Cave-S-2.jpg\",\"contentUrl\":\"https:\\\/\\\/insektenliebe.com\\\/wp-content\\\/uploads\\\/2025\\\/05\\\/Hobby-Jungle-Cave-S-2.jpg\",\"width\":820,\"height\":820,\"caption\":\"Hobby-Jungle-Cave-S-2.jpg\"},{\"@type\":\"BreadcrumbList\",\"@id\":\"https:\\\/\\\/insektenliebe.com\\\/de\\\/shop\\\/produkt\\\/hobby-jungle-cave\\\/#breadcrumb\",\"itemListElement\":[{\"@type\":\"ListItem\",\"position\":1,\"name\":\"Startseite\",\"item\":\"https:\\\/\\\/insektenliebe.com\\\/de\\\/\"},{\"@type\":\"ListItem\",\"position\":2,\"name\":\"Shop\",\"item\":\"https:\\\/\\\/insektenliebe.com\\\/de\\\/shop\\\/\"},{\"@type\":\"ListItem\",\"position\":3,\"name\":\"Hobby Jungle Cave\"}]},{\"@type\":\"WebSite\",\"@id\":\"https:\\\/\\\/insektenliebe.com\\\/de\\\/#website\",\"url\":\"https:\\\/\\\/insektenliebe.com\\\/de\\\/\",\"name\":\"Insektenliebe\",\"description\":\"Dein Zuhause f\u00fcr die kleinen Lebewesen\",\"publisher\":{\"@id\":\"https:\\\/\\\/insektenliebe.com\\\/de\\\/#organization\"},\"potentialAction\":[{\"@type\":\"SearchAction\",\"target\":{\"@type\":\"EntryPoint\",\"urlTemplate\":\"https:\\\/\\\/insektenliebe.com\\\/de\\\/?s={search_term_string}\"},\"query-input\":{\"@type\":\"PropertyValueSpecification\",\"valueRequired\":true,\"valueName\":\"search_term_string\"}}],\"inLanguage\":\"de\"},{\"@type\":\"Organization\",\"@id\":\"https:\\\/\\\/insektenliebe.com\\\/de\\\/#organization\",\"name\":\"Insektenliebe\",\"url\":\"https:\\\/\\\/insektenliebe.com\\\/de\\\/\",\"logo\":{\"@type\":\"ImageObject\",\"inLanguage\":\"de\",\"@id\":\"https:\\\/\\\/insektenliebe.com\\\/de\\\/#\\\/schema\\\/logo\\\/image\\\/\",\"url\":\"https:\\\/\\\/insektenliebe.com\\\/wp-content\\\/uploads\\\/2025\\\/03\\\/logo-white.png\",\"contentUrl\":\"https:\\\/\\\/insektenliebe.com\\\/wp-content\\\/uploads\\\/2025\\\/03\\\/logo-white.png\",\"width\":288,\"height\":188,\"caption\":\"Insektenliebe\"},\"image\":{\"@id\":\"https:\\\/\\\/insektenliebe.com\\\/de\\\/#\\\/schema\\\/logo\\\/image\\\/\"}}]}<\/script>\n<!-- \/ Yoast SEO plugin. -->","yoast_head_json":{"title":"Hobby Jungle Cave - Insektenliebe","description":"Hobby Jungle Cave \u2013 naturgetreues Terrarienversteck in Felsoptik. Ideal f\u00fcr Reptilien, Amphibien, Spinnen und Wirbellose.","robots":{"index":"index","follow":"follow","max-snippet":"max-snippet:-1","max-image-preview":"max-image-preview:large","max-video-preview":"max-video-preview:-1"},"canonical":"https:\/\/insektenliebe.com\/de\/shop\/produkt\/hobby-jungle-cave\/","og_locale":"de_DE","og_type":"article","og_title":"Hobby Jungle Cave - Insektenliebe","og_description":"Hobby Jungle Cave \u2013 naturgetreues Terrarienversteck in Felsoptik. Ideal f\u00fcr Reptilien, Amphibien, Spinnen und Wirbellose.","og_url":"https:\/\/insektenliebe.com\/de\/shop\/produkt\/hobby-jungle-cave\/","og_site_name":"Insektenliebe","article_modified_time":"2026-04-06T11:19:23+00:00","og_image":[{"width":820,"height":820,"url":"https:\/\/insektenliebe.com\/wp-content\/uploads\/2025\/05\/Hobby-Jungle-Cave-S-2.jpg","type":"image\/jpeg"}],"twitter_card":"summary_large_image","twitter_misc":{"Gesch\u00e4tzte Lesezeit":"2\u00a0Minuten"},"schema":{"@context":"https:\/\/schema.org","@graph":[{"@type":"WebPage","@id":"https:\/\/insektenliebe.com\/de\/shop\/produkt\/hobby-jungle-cave\/","url":"https:\/\/insektenliebe.com\/de\/shop\/produkt\/hobby-jungle-cave\/","name":"Hobby Jungle Cave - Insektenliebe","isPartOf":{"@id":"https:\/\/insektenliebe.com\/de\/#website"},"primaryImageOfPage":{"@id":"https:\/\/insektenliebe.com\/de\/shop\/produkt\/hobby-jungle-cave\/#primaryimage"},"image":{"@id":"https:\/\/insektenliebe.com\/de\/shop\/produkt\/hobby-jungle-cave\/#primaryimage"},"thumbnailUrl":"https:\/\/insektenliebe.com\/wp-content\/uploads\/2025\/05\/Hobby-Jungle-Cave-S-2.jpg","datePublished":"2021-12-02T12:23:00+00:00","dateModified":"2026-04-06T11:19:23+00:00","description":"Hobby Jungle Cave \u2013 naturgetreues Terrarienversteck in Felsoptik. Ideal f\u00fcr Reptilien, Amphibien, Spinnen und Wirbellose.","breadcrumb":{"@id":"https:\/\/insektenliebe.com\/de\/shop\/produkt\/hobby-jungle-cave\/#breadcrumb"},"inLanguage":"de","potentialAction":[{"@type":"ReadAction","target":["https:\/\/insektenliebe.com\/de\/shop\/produkt\/hobby-jungle-cave\/"]}]},{"@type":"ImageObject","inLanguage":"de","@id":"https:\/\/insektenliebe.com\/de\/shop\/produkt\/hobby-jungle-cave\/#primaryimage","url":"https:\/\/insektenliebe.com\/wp-content\/uploads\/2025\/05\/Hobby-Jungle-Cave-S-2.jpg","contentUrl":"https:\/\/insektenliebe.com\/wp-content\/uploads\/2025\/05\/Hobby-Jungle-Cave-S-2.jpg","width":820,"height":820,"caption":"Hobby-Jungle-Cave-S-2.jpg"},{"@type":"BreadcrumbList","@id":"https:\/\/insektenliebe.com\/de\/shop\/produkt\/hobby-jungle-cave\/#breadcrumb","itemListElement":[{"@type":"ListItem","position":1,"name":"Startseite","item":"https:\/\/insektenliebe.com\/de\/"},{"@type":"ListItem","position":2,"name":"Shop","item":"https:\/\/insektenliebe.com\/de\/shop\/"},{"@type":"ListItem","position":3,"name":"Hobby Jungle Cave"}]},{"@type":"WebSite","@id":"https:\/\/insektenliebe.com\/de\/#website","url":"https:\/\/insektenliebe.com\/de\/","name":"Insektenliebe","description":"Dein Zuhause f\u00fcr die kleinen Lebewesen","publisher":{"@id":"https:\/\/insektenliebe.com\/de\/#organization"},"potentialAction":[{"@type":"SearchAction","target":{"@type":"EntryPoint","urlTemplate":"https:\/\/insektenliebe.com\/de\/?s={search_term_string}"},"query-input":{"@type":"PropertyValueSpecification","valueRequired":true,"valueName":"search_term_string"}}],"inLanguage":"de"},{"@type":"Organization","@id":"https:\/\/insektenliebe.com\/de\/#organization","name":"Insektenliebe","url":"https:\/\/insektenliebe.com\/de\/","logo":{"@type":"ImageObject","inLanguage":"de","@id":"https:\/\/insektenliebe.com\/de\/#\/schema\/logo\/image\/","url":"https:\/\/insektenliebe.com\/wp-content\/uploads\/2025\/03\/logo-white.png","contentUrl":"https:\/\/insektenliebe.com\/wp-content\/uploads\/2025\/03\/logo-white.png","width":288,"height":188,"caption":"Insektenliebe"},"image":{"@id":"https:\/\/insektenliebe.com\/de\/#\/schema\/logo\/image\/"}}]}},"_links":{"self":[{"href":"https:\/\/insektenliebe.com\/de\/wp-json\/wp\/v2\/product\/5237","targetHints":{"allow":["GET"]}}],"collection":[{"href":"https:\/\/insektenliebe.com\/de\/wp-json\/wp\/v2\/product"}],"about":[{"href":"https:\/\/insektenliebe.com\/de\/wp-json\/wp\/v2\/types\/product"}],"wp:featuredmedia":[{"embeddable":true,"href":"https:\/\/insektenliebe.com\/de\/wp-json\/wp\/v2\/media\/5263"}],"wp:attachment":[{"href":"https:\/\/insektenliebe.com\/de\/wp-json\/wp\/v2\/media?parent=5237"}],"wp:term":[{"taxonomy":"product-supplier","embeddable":true,"href":"https:\/\/insektenliebe.com\/de\/wp-json\/wp\/v2\/product-supplier?post=5237"},{"taxonomy":"product_brand","embeddable":true,"href":"https:\/\/insektenliebe.com\/de\/wp-json\/wp\/v2\/product_brand?post=5237"},{"taxonomy":"product_cat","embeddable":true,"href":"https:\/\/insektenliebe.com\/de\/wp-json\/wp\/v2\/product_cat?post=5237"},{"taxonomy":"product_tag","embeddable":true,"href":"https:\/\/insektenliebe.com\/de\/wp-json\/wp\/v2\/product_tag?post=5237"},{"taxonomy":"lce-checkout-addons","embeddable":true,"href":"https:\/\/insektenliebe.com\/de\/wp-json\/wp\/v2\/lce-checkout-addons?post=5237"}],"curies":[{"name":"wp","href":"https:\/\/api.w.org\/{rel}","templated":true}]}}