{"id":5236,"date":"2021-12-02T13:26:55","date_gmt":"2021-12-02T11:26:55","guid":{"rendered":"http:\/\/localhost\/ins-test\/?post_type=product&#038;p=5236"},"modified":"2026-02-10T21:13:54","modified_gmt":"2026-02-10T20:13:54","slug":"insektenliebe-aufzuchtterrarium-xl","status":"publish","type":"product","link":"https:\/\/insektenliebe.com\/de\/shop\/produkt\/insektenliebe-aufzuchtterrarium-xl\/","title":{"rendered":"Insektenliebe Aufzuchtterrarium XL"},"content":{"rendered":"<p>Das <strong>Insektenliebe Aufzuchtterrarium XL<\/strong> eignet sich perfekt f\u00fcr die Aufzucht von Mantiden, Springspinnen, Vogelspinnen, Skorpionen oder sonstigen Nachzuchten. Sie ist auch perfekt f\u00fcr die dauerhafte Unterbringung von kleinbleibenden Arten geeignet.<\/p>\n<p>Die Beh\u00e4lter k\u00f6nnen leicht \u00fcbereinander gestapelt werden, und das klare Design erm\u00f6glicht es, die Tiere sowohl von der Seite, als auch von oben zu beobachten. Der Clip-Verschluss ist mit einer Silikonlippe versehen und schlie\u00dft somit absolut dicht und l\u00e4sst sich bequem \u00f6ffnen. Allerdings ist das gar nicht n\u00f6tig, denn die vordere Bel\u00fcftung ist mit einem Schraubgewinde versehen und erm\u00f6glicht so ein schnelles \u00d6ffnen des Beh\u00e4lters, um die Tiere zu versorgen. Mit dieser Technik kann man das <strong>Insektenliebe Aufzuchtterrarium XL<\/strong> stapeln, ohne es st\u00e4ndig wieder abbauen zu m\u00fcssen. Die transparenten Bel\u00fcftungsgitter sind Trauer- und Fruchtfliegen dicht und h\u00e4lt somit alle St\u00f6renfriede aus dem Aufzuchtterrarium. Die Doppelbel\u00fcftung sorgt f\u00fcr eine nat\u00fcrliche Zirkulation im Terrarium und verhindert Staun\u00e4sse. Das Bel\u00fcftungsgitter an der R\u00fcckseite ist ohne Schraubverschluss, kann aber bei Bedarf problemlos gewechselt werden.<\/p>\n<p>Geliefert wird das <strong>Insektenliebe Aufzuchtterrarium XL<\/strong> mit 600 ml Substrat. Das Substrat wird von uns gemischt und besteht aus 70 % Waldhumus und 30 % Sphagnummoos. Dieses Gemisch speichert die Feuchtigkeit perfekt und gibt sie langsam an die Umgebung weiter. Auch kann man in dieses Substrat problemlos eine Bodenpolizei einsetzen. Zus\u00e4tzlich hat man die Auswahl zwischen einem Korkst\u00fcck mit Mini Baum, einer Flusswurzel und Cholla Wood. Alle Produkte sind von uns handverlesen und passen somit perfekt in das <strong>Insektenliebe Aufzuchtterrarium XL<\/strong>. Ein Artnamen Aufkleber ist auch dabei, so l\u00e4sst sich auf den ersten Blick erkennen, welche Art sich im Terrarium befindet.<\/p>\n<p>Falls eine W\u00e4rmequelle in Form einer Lampe ben\u00f6tige wird, empfehlen wir den Exo Terra Reptile Dome NANO mit Halterung und den Exo Terra Daylight Basking Spot Strahler. Die Temperatur im\u00a0<strong>Insektenliebe Aufzuchtterrarium XL <\/strong>sollte vorher gemessen werden und je nach Wunsch durch eine Verringerung oder Erh\u00f6hung des Abstandes angepasst werden.<\/p>\n","protected":false},"excerpt":{"rendered":"<p>Das Insektenliebe Aufzuchtterrarium XL eignet sich perfekt f\u00fcr die Aufzucht von Mantiden, Springspinnen, Vogelspinnen, Skorpionen oder sonstigen Nachzuchten. Sie ist auch perfekt f\u00fcr die dauerhafte Unterbringung von kleinbleibenden Arten geeignet. Die Beh\u00e4lter k\u00f6nnen leicht \u00fcbereinander gestapelt werden, und das klare Design erm\u00f6glicht es, die Tiere sowohl von der Seite, als auch von oben zu beobachten. [&hellip;]<\/p>\n","protected":false},"featured_media":5262,"template":"","meta":{"_acf_changed":false},"product-supplier":[],"product_brand":[1414],"product_cat":[130],"product_tag":[],"lce-checkout-addons":[],"class_list":{"0":"post-5236","1":"product","2":"type-product","3":"status-publish","4":"has-post-thumbnail","6":"product_brand-insektenliebe","7":"product_cat-terrarien-behaelter","8":"product_shipping_class-equipment-shipping","10":"first","11":"instock","12":"sale","13":"taxable","14":"shipping-taxable","15":"purchasable","16":"product-type-variable"},"acf":[],"yoast_head":"<!-- This site is optimized with the Yoast SEO plugin v27.3 - https:\/\/yoast.com\/product\/yoast-seo-wordpress\/ -->\n<title>Insektenliebe Aufzuchtterrarium XL - Insektenliebe<\/title>\n<meta name=\"description\" content=\"G\u00fcnstiges Insektenliebe Aufzuchtterrarium XL direkt online kaufen. Perfektes Terrarium f\u00fcr die Aufzucht vieler Wirbellosen und kleinen Exoten.\" \/>\n<meta name=\"robots\" content=\"index, follow, max-snippet:-1, max-image-preview:large, max-video-preview:-1\" \/>\n<link rel=\"canonical\" href=\"https:\/\/insektenliebe.com\/de\/shop\/produkt\/insektenliebe-aufzuchtterrarium-xl\/\" \/>\n<meta property=\"og:locale\" content=\"de_DE\" \/>\n<meta property=\"og:type\" content=\"article\" \/>\n<meta property=\"og:title\" content=\"Insektenliebe Aufzuchtterrarium XL - Insektenliebe\" \/>\n<meta property=\"og:description\" content=\"G\u00fcnstiges Insektenliebe Aufzuchtterrarium XL direkt online kaufen. Perfektes Terrarium f\u00fcr die Aufzucht vieler Wirbellosen und kleinen Exoten.\" \/>\n<meta property=\"og:url\" content=\"https:\/\/insektenliebe.com\/de\/shop\/produkt\/insektenliebe-aufzuchtterrarium-xl\/\" \/>\n<meta property=\"og:site_name\" content=\"Insektenliebe\" \/>\n<meta property=\"article:modified_time\" content=\"2026-02-10T20:13:54+00:00\" \/>\n<meta property=\"og:image\" content=\"https:\/\/insektenliebe.com\/wp-content\/uploads\/2025\/05\/Aufzuchtterrarium-XL-Korkrinde-Mini-Baum-2.jpg\" \/>\n\t<meta property=\"og:image:width\" content=\"820\" \/>\n\t<meta property=\"og:image:height\" content=\"820\" \/>\n\t<meta property=\"og:image:type\" content=\"image\/jpeg\" \/>\n<meta name=\"twitter:card\" content=\"summary_large_image\" \/>\n<meta name=\"twitter:label1\" content=\"Gesch\u00e4tzte Lesezeit\" \/>\n\t<meta name=\"twitter:data1\" content=\"2\u00a0Minuten\" \/>\n<script type=\"application\/ld+json\" class=\"yoast-schema-graph\">{\"@context\":\"https:\\\/\\\/schema.org\",\"@graph\":[{\"@type\":\"WebPage\",\"@id\":\"https:\\\/\\\/insektenliebe.com\\\/de\\\/shop\\\/produkt\\\/insektenliebe-aufzuchtterrarium-xl\\\/\",\"url\":\"https:\\\/\\\/insektenliebe.com\\\/de\\\/shop\\\/produkt\\\/insektenliebe-aufzuchtterrarium-xl\\\/\",\"name\":\"Insektenliebe Aufzuchtterrarium XL - Insektenliebe\",\"isPartOf\":{\"@id\":\"https:\\\/\\\/insektenliebe.com\\\/de\\\/#website\"},\"primaryImageOfPage\":{\"@id\":\"https:\\\/\\\/insektenliebe.com\\\/de\\\/shop\\\/produkt\\\/insektenliebe-aufzuchtterrarium-xl\\\/#primaryimage\"},\"image\":{\"@id\":\"https:\\\/\\\/insektenliebe.com\\\/de\\\/shop\\\/produkt\\\/insektenliebe-aufzuchtterrarium-xl\\\/#primaryimage\"},\"thumbnailUrl\":\"https:\\\/\\\/insektenliebe.com\\\/wp-content\\\/uploads\\\/2025\\\/05\\\/Aufzuchtterrarium-XL-Korkrinde-Mini-Baum-2.jpg\",\"datePublished\":\"2021-12-02T11:26:55+00:00\",\"dateModified\":\"2026-02-10T20:13:54+00:00\",\"description\":\"G\u00fcnstiges Insektenliebe Aufzuchtterrarium XL direkt online kaufen. Perfektes Terrarium f\u00fcr die Aufzucht vieler Wirbellosen und kleinen Exoten.\",\"breadcrumb\":{\"@id\":\"https:\\\/\\\/insektenliebe.com\\\/de\\\/shop\\\/produkt\\\/insektenliebe-aufzuchtterrarium-xl\\\/#breadcrumb\"},\"inLanguage\":\"de\",\"potentialAction\":[{\"@type\":\"ReadAction\",\"target\":[\"https:\\\/\\\/insektenliebe.com\\\/de\\\/shop\\\/produkt\\\/insektenliebe-aufzuchtterrarium-xl\\\/\"]}]},{\"@type\":\"ImageObject\",\"inLanguage\":\"de\",\"@id\":\"https:\\\/\\\/insektenliebe.com\\\/de\\\/shop\\\/produkt\\\/insektenliebe-aufzuchtterrarium-xl\\\/#primaryimage\",\"url\":\"https:\\\/\\\/insektenliebe.com\\\/wp-content\\\/uploads\\\/2025\\\/05\\\/Aufzuchtterrarium-XL-Korkrinde-Mini-Baum-2.jpg\",\"contentUrl\":\"https:\\\/\\\/insektenliebe.com\\\/wp-content\\\/uploads\\\/2025\\\/05\\\/Aufzuchtterrarium-XL-Korkrinde-Mini-Baum-2.jpg\",\"width\":820,\"height\":820,\"caption\":\"Aufzuchtterrarium-XL-Korkrinde-Mini-Baum-2.jpg\"},{\"@type\":\"BreadcrumbList\",\"@id\":\"https:\\\/\\\/insektenliebe.com\\\/de\\\/shop\\\/produkt\\\/insektenliebe-aufzuchtterrarium-xl\\\/#breadcrumb\",\"itemListElement\":[{\"@type\":\"ListItem\",\"position\":1,\"name\":\"Startseite\",\"item\":\"https:\\\/\\\/insektenliebe.com\\\/de\\\/\"},{\"@type\":\"ListItem\",\"position\":2,\"name\":\"Shop\",\"item\":\"https:\\\/\\\/insektenliebe.com\\\/de\\\/shop\\\/\"},{\"@type\":\"ListItem\",\"position\":3,\"name\":\"Insektenliebe Aufzuchtterrarium XL\"}]},{\"@type\":\"WebSite\",\"@id\":\"https:\\\/\\\/insektenliebe.com\\\/de\\\/#website\",\"url\":\"https:\\\/\\\/insektenliebe.com\\\/de\\\/\",\"name\":\"Insektenliebe\",\"description\":\"Dein Zuhause f\u00fcr die kleinen Lebewesen\",\"publisher\":{\"@id\":\"https:\\\/\\\/insektenliebe.com\\\/de\\\/#organization\"},\"potentialAction\":[{\"@type\":\"SearchAction\",\"target\":{\"@type\":\"EntryPoint\",\"urlTemplate\":\"https:\\\/\\\/insektenliebe.com\\\/de\\\/?s={search_term_string}\"},\"query-input\":{\"@type\":\"PropertyValueSpecification\",\"valueRequired\":true,\"valueName\":\"search_term_string\"}}],\"inLanguage\":\"de\"},{\"@type\":\"Organization\",\"@id\":\"https:\\\/\\\/insektenliebe.com\\\/de\\\/#organization\",\"name\":\"Insektenliebe\",\"url\":\"https:\\\/\\\/insektenliebe.com\\\/de\\\/\",\"logo\":{\"@type\":\"ImageObject\",\"inLanguage\":\"de\",\"@id\":\"https:\\\/\\\/insektenliebe.com\\\/de\\\/#\\\/schema\\\/logo\\\/image\\\/\",\"url\":\"https:\\\/\\\/insektenliebe.com\\\/wp-content\\\/uploads\\\/2025\\\/03\\\/logo-white.png\",\"contentUrl\":\"https:\\\/\\\/insektenliebe.com\\\/wp-content\\\/uploads\\\/2025\\\/03\\\/logo-white.png\",\"width\":288,\"height\":188,\"caption\":\"Insektenliebe\"},\"image\":{\"@id\":\"https:\\\/\\\/insektenliebe.com\\\/de\\\/#\\\/schema\\\/logo\\\/image\\\/\"}}]}<\/script>\n<!-- \/ Yoast SEO plugin. -->","yoast_head_json":{"title":"Insektenliebe Aufzuchtterrarium XL - Insektenliebe","description":"G\u00fcnstiges Insektenliebe Aufzuchtterrarium XL direkt online kaufen. Perfektes Terrarium f\u00fcr die Aufzucht vieler Wirbellosen und kleinen Exoten.","robots":{"index":"index","follow":"follow","max-snippet":"max-snippet:-1","max-image-preview":"max-image-preview:large","max-video-preview":"max-video-preview:-1"},"canonical":"https:\/\/insektenliebe.com\/de\/shop\/produkt\/insektenliebe-aufzuchtterrarium-xl\/","og_locale":"de_DE","og_type":"article","og_title":"Insektenliebe Aufzuchtterrarium XL - Insektenliebe","og_description":"G\u00fcnstiges Insektenliebe Aufzuchtterrarium XL direkt online kaufen. Perfektes Terrarium f\u00fcr die Aufzucht vieler Wirbellosen und kleinen Exoten.","og_url":"https:\/\/insektenliebe.com\/de\/shop\/produkt\/insektenliebe-aufzuchtterrarium-xl\/","og_site_name":"Insektenliebe","article_modified_time":"2026-02-10T20:13:54+00:00","og_image":[{"width":820,"height":820,"url":"https:\/\/insektenliebe.com\/wp-content\/uploads\/2025\/05\/Aufzuchtterrarium-XL-Korkrinde-Mini-Baum-2.jpg","type":"image\/jpeg"}],"twitter_card":"summary_large_image","twitter_misc":{"Gesch\u00e4tzte Lesezeit":"2\u00a0Minuten"},"schema":{"@context":"https:\/\/schema.org","@graph":[{"@type":"WebPage","@id":"https:\/\/insektenliebe.com\/de\/shop\/produkt\/insektenliebe-aufzuchtterrarium-xl\/","url":"https:\/\/insektenliebe.com\/de\/shop\/produkt\/insektenliebe-aufzuchtterrarium-xl\/","name":"Insektenliebe Aufzuchtterrarium XL - Insektenliebe","isPartOf":{"@id":"https:\/\/insektenliebe.com\/de\/#website"},"primaryImageOfPage":{"@id":"https:\/\/insektenliebe.com\/de\/shop\/produkt\/insektenliebe-aufzuchtterrarium-xl\/#primaryimage"},"image":{"@id":"https:\/\/insektenliebe.com\/de\/shop\/produkt\/insektenliebe-aufzuchtterrarium-xl\/#primaryimage"},"thumbnailUrl":"https:\/\/insektenliebe.com\/wp-content\/uploads\/2025\/05\/Aufzuchtterrarium-XL-Korkrinde-Mini-Baum-2.jpg","datePublished":"2021-12-02T11:26:55+00:00","dateModified":"2026-02-10T20:13:54+00:00","description":"G\u00fcnstiges Insektenliebe Aufzuchtterrarium XL direkt online kaufen. Perfektes Terrarium f\u00fcr die Aufzucht vieler Wirbellosen und kleinen Exoten.","breadcrumb":{"@id":"https:\/\/insektenliebe.com\/de\/shop\/produkt\/insektenliebe-aufzuchtterrarium-xl\/#breadcrumb"},"inLanguage":"de","potentialAction":[{"@type":"ReadAction","target":["https:\/\/insektenliebe.com\/de\/shop\/produkt\/insektenliebe-aufzuchtterrarium-xl\/"]}]},{"@type":"ImageObject","inLanguage":"de","@id":"https:\/\/insektenliebe.com\/de\/shop\/produkt\/insektenliebe-aufzuchtterrarium-xl\/#primaryimage","url":"https:\/\/insektenliebe.com\/wp-content\/uploads\/2025\/05\/Aufzuchtterrarium-XL-Korkrinde-Mini-Baum-2.jpg","contentUrl":"https:\/\/insektenliebe.com\/wp-content\/uploads\/2025\/05\/Aufzuchtterrarium-XL-Korkrinde-Mini-Baum-2.jpg","width":820,"height":820,"caption":"Aufzuchtterrarium-XL-Korkrinde-Mini-Baum-2.jpg"},{"@type":"BreadcrumbList","@id":"https:\/\/insektenliebe.com\/de\/shop\/produkt\/insektenliebe-aufzuchtterrarium-xl\/#breadcrumb","itemListElement":[{"@type":"ListItem","position":1,"name":"Startseite","item":"https:\/\/insektenliebe.com\/de\/"},{"@type":"ListItem","position":2,"name":"Shop","item":"https:\/\/insektenliebe.com\/de\/shop\/"},{"@type":"ListItem","position":3,"name":"Insektenliebe Aufzuchtterrarium XL"}]},{"@type":"WebSite","@id":"https:\/\/insektenliebe.com\/de\/#website","url":"https:\/\/insektenliebe.com\/de\/","name":"Insektenliebe","description":"Dein Zuhause f\u00fcr die kleinen Lebewesen","publisher":{"@id":"https:\/\/insektenliebe.com\/de\/#organization"},"potentialAction":[{"@type":"SearchAction","target":{"@type":"EntryPoint","urlTemplate":"https:\/\/insektenliebe.com\/de\/?s={search_term_string}"},"query-input":{"@type":"PropertyValueSpecification","valueRequired":true,"valueName":"search_term_string"}}],"inLanguage":"de"},{"@type":"Organization","@id":"https:\/\/insektenliebe.com\/de\/#organization","name":"Insektenliebe","url":"https:\/\/insektenliebe.com\/de\/","logo":{"@type":"ImageObject","inLanguage":"de","@id":"https:\/\/insektenliebe.com\/de\/#\/schema\/logo\/image\/","url":"https:\/\/insektenliebe.com\/wp-content\/uploads\/2025\/03\/logo-white.png","contentUrl":"https:\/\/insektenliebe.com\/wp-content\/uploads\/2025\/03\/logo-white.png","width":288,"height":188,"caption":"Insektenliebe"},"image":{"@id":"https:\/\/insektenliebe.com\/de\/#\/schema\/logo\/image\/"}}]}},"_links":{"self":[{"href":"https:\/\/insektenliebe.com\/de\/wp-json\/wp\/v2\/product\/5236","targetHints":{"allow":["GET"]}}],"collection":[{"href":"https:\/\/insektenliebe.com\/de\/wp-json\/wp\/v2\/product"}],"about":[{"href":"https:\/\/insektenliebe.com\/de\/wp-json\/wp\/v2\/types\/product"}],"wp:featuredmedia":[{"embeddable":true,"href":"https:\/\/insektenliebe.com\/de\/wp-json\/wp\/v2\/media\/5262"}],"wp:attachment":[{"href":"https:\/\/insektenliebe.com\/de\/wp-json\/wp\/v2\/media?parent=5236"}],"wp:term":[{"taxonomy":"product-supplier","embeddable":true,"href":"https:\/\/insektenliebe.com\/de\/wp-json\/wp\/v2\/product-supplier?post=5236"},{"taxonomy":"product_brand","embeddable":true,"href":"https:\/\/insektenliebe.com\/de\/wp-json\/wp\/v2\/product_brand?post=5236"},{"taxonomy":"product_cat","embeddable":true,"href":"https:\/\/insektenliebe.com\/de\/wp-json\/wp\/v2\/product_cat?post=5236"},{"taxonomy":"product_tag","embeddable":true,"href":"https:\/\/insektenliebe.com\/de\/wp-json\/wp\/v2\/product_tag?post=5236"},{"taxonomy":"lce-checkout-addons","embeddable":true,"href":"https:\/\/insektenliebe.com\/de\/wp-json\/wp\/v2\/lce-checkout-addons?post=5236"}],"curies":[{"name":"wp","href":"https:\/\/api.w.org\/{rel}","templated":true}]}}