{"id":5231,"date":"2021-11-11T15:29:59","date_gmt":"2021-11-11T13:29:59","guid":{"rendered":"http:\/\/localhost\/ins-test\/?post_type=product&#038;p=5231"},"modified":"2026-03-12T08:13:47","modified_gmt":"2026-03-12T07:13:47","slug":"kinshi","status":"publish","type":"product","link":"https:\/\/insektenliebe.com\/de\/shop\/produkt\/kinshi\/","title":{"rendered":"Kinshi"},"content":{"rendered":"<h3><span class=\"s1\" style=\"color: #99cc33;\">Kinshi \u2013 N\u00e4hrstoffreiches Pilzsubstrat f\u00fcr Terrarientiere<\/span><\/h3>\n<p class=\"p1\"><strong><span class=\"s1\">Kinshi<\/span><\/strong><span class=\"s2\"> ist ein gepresster <\/span><span class=\"s1\">Block aus Buchensp\u00e4nen<\/span><span class=\"s2\">, der urspr\u00fcnglich als Substrat f\u00fcr die Pilzzucht verwendet wird. In diesem speziellen Substrat wachsen <\/span><span class=\"s1\">Shiitake-Pilze<\/span><span class=\"s2\">, die das Holz mit ihrem Myzel durchziehen.<\/span><\/p>\n<p class=\"p1\"><span class=\"s2\">W\u00e4hrend des Wachstums bauen die Pilzmyzele die <\/span><span class=\"s1\">Cellulose der Buchensp\u00e4ne<\/span><span class=\"s2\"> ab. Dadurch entsteht eine Struktur, die stark an <\/span><span class=\"s1\">wei\u00dffaules Holz<\/span><span class=\"s2\"> erinnert. Genau dieses Material wird von vielen Terrarientieren besonders gerne gefressen.<\/span><\/p>\n<p class=\"p1\"><span class=\"s2\">Nach der Pilzernte bleibt der sogenannte <\/span><strong><span class=\"s1\">Kinshi-Block<\/span><\/strong><span class=\"s2\"> zur\u00fcck. Dieser eignet sich hervorragend als <\/span><span class=\"s1\">Futter f\u00fcr Asseln, Tausendf\u00fc\u00dfer, Springschw\u00e4nze und K\u00e4ferlarven<\/span><span class=\"s2\">. Die Tiere beginnen schnell damit, sich kleine <\/span><span class=\"s1\">G\u00e4nge durch den Block zu fressen<\/span><span class=\"s2\"> und nutzen ihn gleichzeitig als Nahrung und Struktur im Terrarium.<\/span><\/p>\n<p class=\"p1\"><span class=\"s2\">Durch die pilzbedingte Zersetzung ist das Holz bereits <\/span><span class=\"s1\">aufgeschlossen und besonders gut verwertbar<\/span><span class=\"s2\">. Deshalb wird es von vielen Bodenbewohnern sehr gerne angenommen und unterst\u00fctzt deren Wachstum und Entwicklung.<\/span><\/p>\n<p class=\"p1\"><span class=\"s2\">Der <strong>Kinshi<\/strong> in unserem Sortiment stammt von einem <\/span><span class=\"s1\">regionalen Pilzz\u00fcchter<\/span><span class=\"s2\">, der darauf Shiitake-Pilze kultiviert. Nach der Ernte wird das Substrat weiterverwendet und erh\u00e4lt so eine <\/span><span class=\"s1\">\u00f6kologisch sinnvolle Zweitnutzung im Terrarium<\/span><span class=\"s2\">.<\/span><\/p>\n<p class=\"p1\"><span class=\"s2\">Gerade in <\/span><span class=\"s1\">bioaktiven Terrarien<\/span><span class=\"s2\"> stellt er eine hervorragende Erg\u00e4nzung dar. Er dient sowohl als Nahrungsquelle f\u00fcr die Bodenpolizei als auch als Struktur im Substrat.<\/span><\/p>\n<p class=\"p1\"><span class=\"s2\">Viele Halter nutzen Kinshi au\u00dferdem als <\/span><span class=\"s1\">Alternative zu wei\u00dffaulem Holz<\/span><span class=\"s2\">, da er \u00e4hnliche Eigenschaften besitzt und von vielen Zersetzerorganismen genauso gut angenommen wird.<\/span><\/p>\n<p class=\"p1\"><span class=\"s2\">Da es sich um ein <\/span><span class=\"s1\">Naturprodukt<\/span><span class=\"s2\"> handelt, k\u00f6nnen Form, Struktur und Gr\u00f6\u00dfe der <strong>Kinshi-Bl\u00f6cke<\/strong> leicht variieren. Genau diese nat\u00fcrlichen Unterschiede machen jedes St\u00fcck einzigartig.<\/span><\/p>\n<p class=\"p1\"><span class=\"s2\">Mit <\/span><strong><span class=\"s1\">Kinshi<\/span><\/strong><span class=\"s2\"> bietest du deinen Terrarientieren ein besonders <\/span><span class=\"s1\">n\u00e4hrstoffreiches und nat\u00fcrliches Zusatzfutter<\/span><span class=\"s2\">, das gleichzeitig das \u00f6kologische Gleichgewicht im Terrarium unterst\u00fctzt.<\/span><\/p>\n","protected":false},"excerpt":{"rendered":"<p>\u00d6kologische sinnvolle Alternative zu wei\u00dffaulen Holzst\u00e4mmen!<\/p>\n","protected":false},"featured_media":5257,"template":"","meta":{"_acf_changed":false},"product-supplier":[],"product_brand":[],"product_cat":[129],"product_tag":[],"lce-checkout-addons":[],"class_list":{"0":"post-5231","1":"product","2":"type-product","3":"status-publish","4":"has-post-thumbnail","6":"product_cat-futter-kalzium","7":"product_shipping_class-equipment-shipping","9":"first","10":"instock","11":"sale","12":"taxable","13":"shipping-taxable","14":"purchasable","15":"product-type-variable"},"acf":[],"yoast_head":"<!-- This site is optimized with the Yoast SEO Premium plugin v26.8 (Yoast SEO v27.3) - https:\/\/yoast.com\/product\/yoast-seo-premium-wordpress\/ -->\n<title>Kinshi - Insektenliebe<\/title>\n<meta name=\"description\" content=\"Kinshi \u2013 Pilzsubstrat aus Buchensp\u00e4nen. Ideal als Futter f\u00fcr Asseln, Tausendf\u00fc\u00dfer, Springschw\u00e4nze und und viele K\u00e4ferlarven.\" \/>\n<meta name=\"robots\" content=\"index, follow, max-snippet:-1, max-image-preview:large, max-video-preview:-1\" \/>\n<link rel=\"canonical\" href=\"https:\/\/insektenliebe.com\/de\/shop\/produkt\/kinshi\/\" \/>\n<meta property=\"og:locale\" content=\"de_DE\" \/>\n<meta property=\"og:type\" content=\"article\" \/>\n<meta property=\"og:title\" content=\"Kinshi\" \/>\n<meta property=\"og:description\" content=\"Kinshi \u2013 Pilzsubstrat aus Buchensp\u00e4nen. Ideal als Futter f\u00fcr Asseln, Tausendf\u00fc\u00dfer, Springschw\u00e4nze und und viele K\u00e4ferlarven.\" \/>\n<meta property=\"og:url\" content=\"https:\/\/insektenliebe.com\/de\/shop\/produkt\/kinshi\/\" \/>\n<meta property=\"og:site_name\" content=\"Insektenliebe\" \/>\n<meta property=\"article:modified_time\" content=\"2026-03-12T07:13:47+00:00\" \/>\n<meta property=\"og:image\" content=\"https:\/\/insektenliebe.com\/wp-content\/uploads\/2025\/05\/kinshi-L-2.jpg\" \/>\n\t<meta property=\"og:image:width\" content=\"820\" \/>\n\t<meta property=\"og:image:height\" content=\"820\" \/>\n\t<meta property=\"og:image:type\" content=\"image\/jpeg\" \/>\n<meta name=\"twitter:card\" content=\"summary_large_image\" \/>\n<meta name=\"twitter:label1\" content=\"Verf\u00fcgbarkeit\" \/>\n\t<meta name=\"twitter:data1\" content=\"Auf Lager\" \/>\n<script type=\"application\/ld+json\" class=\"yoast-schema-graph\">{\"@context\":\"https:\\\/\\\/schema.org\",\"@graph\":[{\"@type\":\"WebPage\",\"@id\":\"https:\\\/\\\/insektenliebe.com\\\/de\\\/shop\\\/produkt\\\/kinshi\\\/\",\"url\":\"https:\\\/\\\/insektenliebe.com\\\/de\\\/shop\\\/produkt\\\/kinshi\\\/\",\"name\":\"Kinshi - Insektenliebe\",\"isPartOf\":{\"@id\":\"https:\\\/\\\/insektenliebe.com\\\/de\\\/#website\"},\"primaryImageOfPage\":{\"@id\":\"https:\\\/\\\/insektenliebe.com\\\/de\\\/shop\\\/produkt\\\/kinshi\\\/#primaryimage\"},\"image\":{\"@id\":\"https:\\\/\\\/insektenliebe.com\\\/de\\\/shop\\\/produkt\\\/kinshi\\\/#primaryimage\"},\"thumbnailUrl\":\"https:\\\/\\\/insektenliebe.com\\\/wp-content\\\/uploads\\\/2025\\\/05\\\/kinshi-L-2.jpg\",\"datePublished\":\"2021-11-11T13:29:59+00:00\",\"dateModified\":\"2026-03-12T07:13:47+00:00\",\"description\":\"Kinshi \u2013 Pilzsubstrat aus Buchensp\u00e4nen. Ideal als Futter f\u00fcr Asseln, Tausendf\u00fc\u00dfer, Springschw\u00e4nze und und viele K\u00e4ferlarven.\",\"breadcrumb\":{\"@id\":\"https:\\\/\\\/insektenliebe.com\\\/de\\\/shop\\\/produkt\\\/kinshi\\\/#breadcrumb\"},\"inLanguage\":\"de\",\"potentialAction\":[{\"@type\":\"ReadAction\",\"target\":[\"https:\\\/\\\/insektenliebe.com\\\/de\\\/shop\\\/produkt\\\/kinshi\\\/\"]}]},{\"@type\":\"ImageObject\",\"inLanguage\":\"de\",\"@id\":\"https:\\\/\\\/insektenliebe.com\\\/de\\\/shop\\\/produkt\\\/kinshi\\\/#primaryimage\",\"url\":\"https:\\\/\\\/insektenliebe.com\\\/wp-content\\\/uploads\\\/2025\\\/05\\\/kinshi-L-2.jpg\",\"contentUrl\":\"https:\\\/\\\/insektenliebe.com\\\/wp-content\\\/uploads\\\/2025\\\/05\\\/kinshi-L-2.jpg\",\"width\":820,\"height\":820,\"caption\":\"kinshi-L-2.jpg\"},{\"@type\":\"BreadcrumbList\",\"@id\":\"https:\\\/\\\/insektenliebe.com\\\/de\\\/shop\\\/produkt\\\/kinshi\\\/#breadcrumb\",\"itemListElement\":[{\"@type\":\"ListItem\",\"position\":1,\"name\":\"Startseite\",\"item\":\"https:\\\/\\\/insektenliebe.com\\\/de\\\/\"},{\"@type\":\"ListItem\",\"position\":2,\"name\":\"Shop\",\"item\":\"https:\\\/\\\/insektenliebe.com\\\/de\\\/shop\\\/\"},{\"@type\":\"ListItem\",\"position\":3,\"name\":\"Kinshi\"}]},{\"@type\":\"WebSite\",\"@id\":\"https:\\\/\\\/insektenliebe.com\\\/de\\\/#website\",\"url\":\"https:\\\/\\\/insektenliebe.com\\\/de\\\/\",\"name\":\"Insektenliebe\",\"description\":\"Dein Zuhause f\u00fcr die kleinen Lebewesen\",\"publisher\":{\"@id\":\"https:\\\/\\\/insektenliebe.com\\\/de\\\/#organization\"},\"potentialAction\":[{\"@type\":\"SearchAction\",\"target\":{\"@type\":\"EntryPoint\",\"urlTemplate\":\"https:\\\/\\\/insektenliebe.com\\\/de\\\/?s={search_term_string}\"},\"query-input\":{\"@type\":\"PropertyValueSpecification\",\"valueRequired\":true,\"valueName\":\"search_term_string\"}}],\"inLanguage\":\"de\"},{\"@type\":\"Organization\",\"@id\":\"https:\\\/\\\/insektenliebe.com\\\/de\\\/#organization\",\"name\":\"Insektenliebe\",\"url\":\"https:\\\/\\\/insektenliebe.com\\\/de\\\/\",\"logo\":{\"@type\":\"ImageObject\",\"inLanguage\":\"de\",\"@id\":\"https:\\\/\\\/insektenliebe.com\\\/de\\\/#\\\/schema\\\/logo\\\/image\\\/\",\"url\":\"https:\\\/\\\/insektenliebe.com\\\/wp-content\\\/uploads\\\/2025\\\/03\\\/logo-white.png\",\"contentUrl\":\"https:\\\/\\\/insektenliebe.com\\\/wp-content\\\/uploads\\\/2025\\\/03\\\/logo-white.png\",\"width\":288,\"height\":188,\"caption\":\"Insektenliebe\"},\"image\":{\"@id\":\"https:\\\/\\\/insektenliebe.com\\\/de\\\/#\\\/schema\\\/logo\\\/image\\\/\"}}]}<\/script>\n<meta property=\"og:availability\" content=\"instock\" \/>\n<meta property=\"product:availability\" content=\"instock\" \/>\n<meta property=\"product:retailer_item_id\" content=\"376\" \/>\n<meta property=\"product:condition\" content=\"new\" \/>\n<!-- \/ Yoast SEO Premium plugin. -->","yoast_head_json":{"title":"Kinshi - Insektenliebe","description":"Kinshi \u2013 Pilzsubstrat aus Buchensp\u00e4nen. Ideal als Futter f\u00fcr Asseln, Tausendf\u00fc\u00dfer, Springschw\u00e4nze und und viele K\u00e4ferlarven.","robots":{"index":"index","follow":"follow","max-snippet":"max-snippet:-1","max-image-preview":"max-image-preview:large","max-video-preview":"max-video-preview:-1"},"canonical":"https:\/\/insektenliebe.com\/de\/shop\/produkt\/kinshi\/","og_locale":"de_DE","og_type":"article","og_title":"Kinshi","og_description":"Kinshi \u2013 Pilzsubstrat aus Buchensp\u00e4nen. Ideal als Futter f\u00fcr Asseln, Tausendf\u00fc\u00dfer, Springschw\u00e4nze und und viele K\u00e4ferlarven.","og_url":"https:\/\/insektenliebe.com\/de\/shop\/produkt\/kinshi\/","og_site_name":"Insektenliebe","article_modified_time":"2026-03-12T07:13:47+00:00","og_image":[{"width":820,"height":820,"url":"https:\/\/insektenliebe.com\/wp-content\/uploads\/2025\/05\/kinshi-L-2.jpg","type":"image\/jpeg"}],"twitter_card":"summary_large_image","twitter_misc":{"Verf\u00fcgbarkeit":"Auf Lager"},"schema":{"@context":"https:\/\/schema.org","@graph":[{"@type":"WebPage","@id":"https:\/\/insektenliebe.com\/de\/shop\/produkt\/kinshi\/","url":"https:\/\/insektenliebe.com\/de\/shop\/produkt\/kinshi\/","name":"Kinshi - Insektenliebe","isPartOf":{"@id":"https:\/\/insektenliebe.com\/de\/#website"},"primaryImageOfPage":{"@id":"https:\/\/insektenliebe.com\/de\/shop\/produkt\/kinshi\/#primaryimage"},"image":{"@id":"https:\/\/insektenliebe.com\/de\/shop\/produkt\/kinshi\/#primaryimage"},"thumbnailUrl":"https:\/\/insektenliebe.com\/wp-content\/uploads\/2025\/05\/kinshi-L-2.jpg","datePublished":"2021-11-11T13:29:59+00:00","dateModified":"2026-03-12T07:13:47+00:00","description":"Kinshi \u2013 Pilzsubstrat aus Buchensp\u00e4nen. Ideal als Futter f\u00fcr Asseln, Tausendf\u00fc\u00dfer, Springschw\u00e4nze und und viele K\u00e4ferlarven.","breadcrumb":{"@id":"https:\/\/insektenliebe.com\/de\/shop\/produkt\/kinshi\/#breadcrumb"},"inLanguage":"de","potentialAction":[{"@type":"ReadAction","target":["https:\/\/insektenliebe.com\/de\/shop\/produkt\/kinshi\/"]}]},{"@type":"ImageObject","inLanguage":"de","@id":"https:\/\/insektenliebe.com\/de\/shop\/produkt\/kinshi\/#primaryimage","url":"https:\/\/insektenliebe.com\/wp-content\/uploads\/2025\/05\/kinshi-L-2.jpg","contentUrl":"https:\/\/insektenliebe.com\/wp-content\/uploads\/2025\/05\/kinshi-L-2.jpg","width":820,"height":820,"caption":"kinshi-L-2.jpg"},{"@type":"BreadcrumbList","@id":"https:\/\/insektenliebe.com\/de\/shop\/produkt\/kinshi\/#breadcrumb","itemListElement":[{"@type":"ListItem","position":1,"name":"Startseite","item":"https:\/\/insektenliebe.com\/de\/"},{"@type":"ListItem","position":2,"name":"Shop","item":"https:\/\/insektenliebe.com\/de\/shop\/"},{"@type":"ListItem","position":3,"name":"Kinshi"}]},{"@type":"WebSite","@id":"https:\/\/insektenliebe.com\/de\/#website","url":"https:\/\/insektenliebe.com\/de\/","name":"Insektenliebe","description":"Dein Zuhause f\u00fcr die kleinen Lebewesen","publisher":{"@id":"https:\/\/insektenliebe.com\/de\/#organization"},"potentialAction":[{"@type":"SearchAction","target":{"@type":"EntryPoint","urlTemplate":"https:\/\/insektenliebe.com\/de\/?s={search_term_string}"},"query-input":{"@type":"PropertyValueSpecification","valueRequired":true,"valueName":"search_term_string"}}],"inLanguage":"de"},{"@type":"Organization","@id":"https:\/\/insektenliebe.com\/de\/#organization","name":"Insektenliebe","url":"https:\/\/insektenliebe.com\/de\/","logo":{"@type":"ImageObject","inLanguage":"de","@id":"https:\/\/insektenliebe.com\/de\/#\/schema\/logo\/image\/","url":"https:\/\/insektenliebe.com\/wp-content\/uploads\/2025\/03\/logo-white.png","contentUrl":"https:\/\/insektenliebe.com\/wp-content\/uploads\/2025\/03\/logo-white.png","width":288,"height":188,"caption":"Insektenliebe"},"image":{"@id":"https:\/\/insektenliebe.com\/de\/#\/schema\/logo\/image\/"}}]},"og_availability":"instock","product_availability":"instock","product_retailer_item_id":"376","product_condition":"new"},"_links":{"self":[{"href":"https:\/\/insektenliebe.com\/de\/wp-json\/wp\/v2\/product\/5231","targetHints":{"allow":["GET"]}}],"collection":[{"href":"https:\/\/insektenliebe.com\/de\/wp-json\/wp\/v2\/product"}],"about":[{"href":"https:\/\/insektenliebe.com\/de\/wp-json\/wp\/v2\/types\/product"}],"wp:featuredmedia":[{"embeddable":true,"href":"https:\/\/insektenliebe.com\/de\/wp-json\/wp\/v2\/media\/5257"}],"wp:attachment":[{"href":"https:\/\/insektenliebe.com\/de\/wp-json\/wp\/v2\/media?parent=5231"}],"wp:term":[{"taxonomy":"product-supplier","embeddable":true,"href":"https:\/\/insektenliebe.com\/de\/wp-json\/wp\/v2\/product-supplier?post=5231"},{"taxonomy":"product_brand","embeddable":true,"href":"https:\/\/insektenliebe.com\/de\/wp-json\/wp\/v2\/product_brand?post=5231"},{"taxonomy":"product_cat","embeddable":true,"href":"https:\/\/insektenliebe.com\/de\/wp-json\/wp\/v2\/product_cat?post=5231"},{"taxonomy":"product_tag","embeddable":true,"href":"https:\/\/insektenliebe.com\/de\/wp-json\/wp\/v2\/product_tag?post=5231"},{"taxonomy":"lce-checkout-addons","embeddable":true,"href":"https:\/\/insektenliebe.com\/de\/wp-json\/wp\/v2\/lce-checkout-addons?post=5231"}],"curies":[{"name":"wp","href":"https:\/\/api.w.org\/{rel}","templated":true}]}}