{"id":5230,"date":"2021-11-05T10:00:55","date_gmt":"2021-11-05T08:00:55","guid":{"rendered":"http:\/\/localhost\/ins-test\/?post_type=product&#038;p=5230"},"modified":"2026-03-06T18:42:32","modified_gmt":"2026-03-06T17:42:32","slug":"ornithoctoninae-spec-ho-chi-minh","status":"publish","type":"product","link":"https:\/\/insektenliebe.com\/de\/shop\/produkt\/ornithoctoninae-spec-ho-chi-minh\/","title":{"rendered":"Ornithoctoninae spec. \u201cHo Chi Minh\u201d"},"content":{"rendered":"<h3>Einfach<\/h3>\n<h3>Vietnam<\/h3>\n<h3>15 CM<\/h3>\n<h3>27-29 \u00b0C<\/h3>\n<h3><span style=\"color: #99cc33;\">Kurzbeschreibung Ornithoctoninae spec. \u201cHo Chi Minh\u201d:<\/span><\/h3>\n<p>Das Verbreitungsgebiet von Ornithoctoninae spec. \u201cHo Chi Minh\u201d streckt sich \u00fcber Zentralvietnam bis in den Norden aus. Dabei findet man in dieser Region zwei unterschiedliche lokale Farbvarianten. Die Grenze liegt hierbei zwischen den im Norden vorkommenden Tieren und die aus Zentralvietnam. Der Unterschied liegt in der Grundf\u00e4rbung der Tiere, die aus Zentralvietnam haben ein dunkleres Erscheinungsbild als die aus dem Norden. Die hier angebotenen Tiere stammen aus Zentralvietnam. Leider gibt uns der Name Ho Chi Minh keine genaueren Aufschl\u00fcsse \u00fcber die Herkunft, sonder es handelt sich dabei um einen vietnamesischen\u00a0Revolution\u00e4r\u00a0und\u00a0kommunistischen\u00a0Politiker. Was sowas in einer Vogelspinnen Namensbezeichnung zu suchen hat, erschlie\u00dft sich uns nicht.<\/p>\n<p>Ornithoctoninae spec. \u201cHo Chi Minh\u201d lebt in der Natur unter Rindenst\u00fccken oder in Erdh\u00f6hlen. Sie spinnt dabei ihren Wohnraum ein und stabilisiert ihn zus\u00e4tzlich. Die Substratfeuchtigkeit sollte nicht zu nass sein. Am besten bietet man ihr zwei unterschiedliche Feuchtigkeitszonen an und legt ein Rindenst\u00fcck quer dar\u00fcber. So kann sie sich den geeigneten Platz aussuchen.<\/p>\n<p>Die Tiere gehen gerne in Angriffsstellung \u00fcber und strecken sich dabei in die H\u00f6he. Trotzdem bleiben sie relativ ruhig und rennen nicht davon. Daher ist der Umgang mit ihnen relativ einfach.<\/p>\n<p><strong>Aktuelle Gr\u00f6\u00dfe und Geschlecht: adulte Weibchen<\/strong><\/p>\n<h3><span style=\"color: #99cc33;\"><strong>Produkte f\u00fcr Ornithoctoninae spec. \u201cHo Chi Minh\u201d!<\/strong><\/span><\/h3>\n<p><img decoding=\"async\" src=\"https:\/\/insektenliebe.com\/wp-content\/uploads\/2021\/11\/Ornithoctoninae-sp.-Ho-Chi-Minh-2.jpg\" alt=\"Ornithoctoninae sp. \u201cHo Chi Minh\u201d 2\" \/><\/p>\n","protected":false},"excerpt":{"rendered":"<p>Einfach Vietnam 15 CM 27-29 \u00b0C Kurzbeschreibung Ornithoctoninae spec. \u201cHo Chi Minh\u201d: Das Verbreitungsgebiet von Ornithoctoninae spec. \u201cHo Chi Minh\u201d streckt sich \u00fcber Zentralvietnam bis in den Norden aus. Dabei findet man in dieser Region zwei unterschiedliche lokale Farbvarianten. Die Grenze liegt hierbei zwischen den im Norden vorkommenden Tieren und die aus Zentralvietnam. Der Unterschied [&hellip;]<\/p>\n","protected":false},"featured_media":5256,"template":"","meta":{"_acf_changed":false},"product-supplier":[],"product_brand":[],"product_cat":[626,48],"product_tag":[],"lce-checkout-addons":[1202],"class_list":{"0":"post-5230","1":"product","2":"type-product","3":"status-publish","4":"has-post-thumbnail","6":"product_cat-spinnen","7":"product_cat-vogelspinnen","8":"product_shipping_class-animal-shipping","9":"lce-checkout-addons-winterverpackung","11":"first","12":"outofstock","13":"taxable","14":"shipping-taxable","15":"purchasable","16":"product-type-simple"},"acf":[],"yoast_head":"<!-- This site is optimized with the Yoast SEO plugin v27.3 - https:\/\/yoast.com\/product\/yoast-seo-wordpress\/ -->\n<title>Ornithoctoninae spec. \u201cHo Chi Minh\u201d - Insektenliebe<\/title>\n<meta name=\"description\" content=\"G\u00fcnstige Ornithoctoninae spec. \u201cHo Chi Minh\u201d direkt direkt online kaufen! Eine der sch\u00f6nsten Vogelspinne der Welt! Direkt vom Z\u00fcchter kaufen!\" \/>\n<meta name=\"robots\" content=\"index, follow, max-snippet:-1, max-image-preview:large, max-video-preview:-1\" \/>\n<link rel=\"canonical\" href=\"https:\/\/insektenliebe.com\/de\/shop\/produkt\/ornithoctoninae-spec-ho-chi-minh\/\" \/>\n<meta property=\"og:locale\" content=\"de_DE\" \/>\n<meta property=\"og:type\" content=\"article\" \/>\n<meta property=\"og:title\" content=\"Ornithoctoninae spec. \u201cHo Chi Minh\u201d - Insektenliebe\" \/>\n<meta property=\"og:description\" content=\"G\u00fcnstige Ornithoctoninae spec. \u201cHo Chi Minh\u201d direkt direkt online kaufen! Eine der sch\u00f6nsten Vogelspinne der Welt! Direkt vom Z\u00fcchter kaufen!\" \/>\n<meta property=\"og:url\" content=\"https:\/\/insektenliebe.com\/de\/shop\/produkt\/ornithoctoninae-spec-ho-chi-minh\/\" \/>\n<meta property=\"og:site_name\" content=\"Insektenliebe\" \/>\n<meta property=\"article:modified_time\" content=\"2026-03-06T17:42:32+00:00\" \/>\n<meta property=\"og:image\" content=\"https:\/\/insektenliebe.com\/wp-content\/uploads\/2025\/05\/Ornithoctoninae-spec.-Ho-Chi-Minh-2.jpg\" \/>\n\t<meta property=\"og:image:width\" content=\"820\" \/>\n\t<meta property=\"og:image:height\" content=\"820\" \/>\n\t<meta property=\"og:image:type\" content=\"image\/jpeg\" \/>\n<meta name=\"twitter:card\" content=\"summary_large_image\" \/>\n<meta name=\"twitter:label1\" content=\"Gesch\u00e4tzte Lesezeit\" \/>\n\t<meta name=\"twitter:data1\" content=\"2\u00a0Minuten\" \/>\n<script type=\"application\/ld+json\" class=\"yoast-schema-graph\">{\"@context\":\"https:\\\/\\\/schema.org\",\"@graph\":[{\"@type\":\"WebPage\",\"@id\":\"https:\\\/\\\/insektenliebe.com\\\/de\\\/shop\\\/produkt\\\/ornithoctoninae-spec-ho-chi-minh\\\/\",\"url\":\"https:\\\/\\\/insektenliebe.com\\\/de\\\/shop\\\/produkt\\\/ornithoctoninae-spec-ho-chi-minh\\\/\",\"name\":\"Ornithoctoninae spec. \u201cHo Chi Minh\u201d - Insektenliebe\",\"isPartOf\":{\"@id\":\"https:\\\/\\\/insektenliebe.com\\\/de\\\/#website\"},\"primaryImageOfPage\":{\"@id\":\"https:\\\/\\\/insektenliebe.com\\\/de\\\/shop\\\/produkt\\\/ornithoctoninae-spec-ho-chi-minh\\\/#primaryimage\"},\"image\":{\"@id\":\"https:\\\/\\\/insektenliebe.com\\\/de\\\/shop\\\/produkt\\\/ornithoctoninae-spec-ho-chi-minh\\\/#primaryimage\"},\"thumbnailUrl\":\"https:\\\/\\\/insektenliebe.com\\\/wp-content\\\/uploads\\\/2025\\\/05\\\/Ornithoctoninae-spec.-Ho-Chi-Minh-2.jpg\",\"datePublished\":\"2021-11-05T08:00:55+00:00\",\"dateModified\":\"2026-03-06T17:42:32+00:00\",\"description\":\"G\u00fcnstige Ornithoctoninae spec. \u201cHo Chi Minh\u201d direkt direkt online kaufen! Eine der sch\u00f6nsten Vogelspinne der Welt! Direkt vom Z\u00fcchter kaufen!\",\"breadcrumb\":{\"@id\":\"https:\\\/\\\/insektenliebe.com\\\/de\\\/shop\\\/produkt\\\/ornithoctoninae-spec-ho-chi-minh\\\/#breadcrumb\"},\"inLanguage\":\"de\",\"potentialAction\":[{\"@type\":\"ReadAction\",\"target\":[\"https:\\\/\\\/insektenliebe.com\\\/de\\\/shop\\\/produkt\\\/ornithoctoninae-spec-ho-chi-minh\\\/\"]}]},{\"@type\":\"ImageObject\",\"inLanguage\":\"de\",\"@id\":\"https:\\\/\\\/insektenliebe.com\\\/de\\\/shop\\\/produkt\\\/ornithoctoninae-spec-ho-chi-minh\\\/#primaryimage\",\"url\":\"https:\\\/\\\/insektenliebe.com\\\/wp-content\\\/uploads\\\/2025\\\/05\\\/Ornithoctoninae-spec.-Ho-Chi-Minh-2.jpg\",\"contentUrl\":\"https:\\\/\\\/insektenliebe.com\\\/wp-content\\\/uploads\\\/2025\\\/05\\\/Ornithoctoninae-spec.-Ho-Chi-Minh-2.jpg\",\"width\":820,\"height\":820,\"caption\":\"Ornithoctoninae-spec.-Ho-Chi-Minh-2.jpg\"},{\"@type\":\"BreadcrumbList\",\"@id\":\"https:\\\/\\\/insektenliebe.com\\\/de\\\/shop\\\/produkt\\\/ornithoctoninae-spec-ho-chi-minh\\\/#breadcrumb\",\"itemListElement\":[{\"@type\":\"ListItem\",\"position\":1,\"name\":\"Startseite\",\"item\":\"https:\\\/\\\/insektenliebe.com\\\/de\\\/\"},{\"@type\":\"ListItem\",\"position\":2,\"name\":\"Shop\",\"item\":\"https:\\\/\\\/insektenliebe.com\\\/de\\\/shop\\\/\"},{\"@type\":\"ListItem\",\"position\":3,\"name\":\"Ornithoctoninae spec. \u201cHo Chi Minh\u201d\"}]},{\"@type\":\"WebSite\",\"@id\":\"https:\\\/\\\/insektenliebe.com\\\/de\\\/#website\",\"url\":\"https:\\\/\\\/insektenliebe.com\\\/de\\\/\",\"name\":\"Insektenliebe\",\"description\":\"Dein Zuhause f\u00fcr die kleinen Lebewesen\",\"publisher\":{\"@id\":\"https:\\\/\\\/insektenliebe.com\\\/de\\\/#organization\"},\"potentialAction\":[{\"@type\":\"SearchAction\",\"target\":{\"@type\":\"EntryPoint\",\"urlTemplate\":\"https:\\\/\\\/insektenliebe.com\\\/de\\\/?s={search_term_string}\"},\"query-input\":{\"@type\":\"PropertyValueSpecification\",\"valueRequired\":true,\"valueName\":\"search_term_string\"}}],\"inLanguage\":\"de\"},{\"@type\":\"Organization\",\"@id\":\"https:\\\/\\\/insektenliebe.com\\\/de\\\/#organization\",\"name\":\"Insektenliebe\",\"url\":\"https:\\\/\\\/insektenliebe.com\\\/de\\\/\",\"logo\":{\"@type\":\"ImageObject\",\"inLanguage\":\"de\",\"@id\":\"https:\\\/\\\/insektenliebe.com\\\/de\\\/#\\\/schema\\\/logo\\\/image\\\/\",\"url\":\"https:\\\/\\\/insektenliebe.com\\\/wp-content\\\/uploads\\\/2025\\\/03\\\/logo-white.png\",\"contentUrl\":\"https:\\\/\\\/insektenliebe.com\\\/wp-content\\\/uploads\\\/2025\\\/03\\\/logo-white.png\",\"width\":288,\"height\":188,\"caption\":\"Insektenliebe\"},\"image\":{\"@id\":\"https:\\\/\\\/insektenliebe.com\\\/de\\\/#\\\/schema\\\/logo\\\/image\\\/\"}}]}<\/script>\n<!-- \/ Yoast SEO plugin. -->","yoast_head_json":{"title":"Ornithoctoninae spec. \u201cHo Chi Minh\u201d - Insektenliebe","description":"G\u00fcnstige Ornithoctoninae spec. \u201cHo Chi Minh\u201d direkt direkt online kaufen! Eine der sch\u00f6nsten Vogelspinne der Welt! Direkt vom Z\u00fcchter kaufen!","robots":{"index":"index","follow":"follow","max-snippet":"max-snippet:-1","max-image-preview":"max-image-preview:large","max-video-preview":"max-video-preview:-1"},"canonical":"https:\/\/insektenliebe.com\/de\/shop\/produkt\/ornithoctoninae-spec-ho-chi-minh\/","og_locale":"de_DE","og_type":"article","og_title":"Ornithoctoninae spec. \u201cHo Chi Minh\u201d - Insektenliebe","og_description":"G\u00fcnstige Ornithoctoninae spec. \u201cHo Chi Minh\u201d direkt direkt online kaufen! Eine der sch\u00f6nsten Vogelspinne der Welt! Direkt vom Z\u00fcchter kaufen!","og_url":"https:\/\/insektenliebe.com\/de\/shop\/produkt\/ornithoctoninae-spec-ho-chi-minh\/","og_site_name":"Insektenliebe","article_modified_time":"2026-03-06T17:42:32+00:00","og_image":[{"width":820,"height":820,"url":"https:\/\/insektenliebe.com\/wp-content\/uploads\/2025\/05\/Ornithoctoninae-spec.-Ho-Chi-Minh-2.jpg","type":"image\/jpeg"}],"twitter_card":"summary_large_image","twitter_misc":{"Gesch\u00e4tzte Lesezeit":"2\u00a0Minuten"},"schema":{"@context":"https:\/\/schema.org","@graph":[{"@type":"WebPage","@id":"https:\/\/insektenliebe.com\/de\/shop\/produkt\/ornithoctoninae-spec-ho-chi-minh\/","url":"https:\/\/insektenliebe.com\/de\/shop\/produkt\/ornithoctoninae-spec-ho-chi-minh\/","name":"Ornithoctoninae spec. \u201cHo Chi Minh\u201d - Insektenliebe","isPartOf":{"@id":"https:\/\/insektenliebe.com\/de\/#website"},"primaryImageOfPage":{"@id":"https:\/\/insektenliebe.com\/de\/shop\/produkt\/ornithoctoninae-spec-ho-chi-minh\/#primaryimage"},"image":{"@id":"https:\/\/insektenliebe.com\/de\/shop\/produkt\/ornithoctoninae-spec-ho-chi-minh\/#primaryimage"},"thumbnailUrl":"https:\/\/insektenliebe.com\/wp-content\/uploads\/2025\/05\/Ornithoctoninae-spec.-Ho-Chi-Minh-2.jpg","datePublished":"2021-11-05T08:00:55+00:00","dateModified":"2026-03-06T17:42:32+00:00","description":"G\u00fcnstige Ornithoctoninae spec. \u201cHo Chi Minh\u201d direkt direkt online kaufen! Eine der sch\u00f6nsten Vogelspinne der Welt! Direkt vom Z\u00fcchter kaufen!","breadcrumb":{"@id":"https:\/\/insektenliebe.com\/de\/shop\/produkt\/ornithoctoninae-spec-ho-chi-minh\/#breadcrumb"},"inLanguage":"de","potentialAction":[{"@type":"ReadAction","target":["https:\/\/insektenliebe.com\/de\/shop\/produkt\/ornithoctoninae-spec-ho-chi-minh\/"]}]},{"@type":"ImageObject","inLanguage":"de","@id":"https:\/\/insektenliebe.com\/de\/shop\/produkt\/ornithoctoninae-spec-ho-chi-minh\/#primaryimage","url":"https:\/\/insektenliebe.com\/wp-content\/uploads\/2025\/05\/Ornithoctoninae-spec.-Ho-Chi-Minh-2.jpg","contentUrl":"https:\/\/insektenliebe.com\/wp-content\/uploads\/2025\/05\/Ornithoctoninae-spec.-Ho-Chi-Minh-2.jpg","width":820,"height":820,"caption":"Ornithoctoninae-spec.-Ho-Chi-Minh-2.jpg"},{"@type":"BreadcrumbList","@id":"https:\/\/insektenliebe.com\/de\/shop\/produkt\/ornithoctoninae-spec-ho-chi-minh\/#breadcrumb","itemListElement":[{"@type":"ListItem","position":1,"name":"Startseite","item":"https:\/\/insektenliebe.com\/de\/"},{"@type":"ListItem","position":2,"name":"Shop","item":"https:\/\/insektenliebe.com\/de\/shop\/"},{"@type":"ListItem","position":3,"name":"Ornithoctoninae spec. \u201cHo Chi Minh\u201d"}]},{"@type":"WebSite","@id":"https:\/\/insektenliebe.com\/de\/#website","url":"https:\/\/insektenliebe.com\/de\/","name":"Insektenliebe","description":"Dein Zuhause f\u00fcr die kleinen Lebewesen","publisher":{"@id":"https:\/\/insektenliebe.com\/de\/#organization"},"potentialAction":[{"@type":"SearchAction","target":{"@type":"EntryPoint","urlTemplate":"https:\/\/insektenliebe.com\/de\/?s={search_term_string}"},"query-input":{"@type":"PropertyValueSpecification","valueRequired":true,"valueName":"search_term_string"}}],"inLanguage":"de"},{"@type":"Organization","@id":"https:\/\/insektenliebe.com\/de\/#organization","name":"Insektenliebe","url":"https:\/\/insektenliebe.com\/de\/","logo":{"@type":"ImageObject","inLanguage":"de","@id":"https:\/\/insektenliebe.com\/de\/#\/schema\/logo\/image\/","url":"https:\/\/insektenliebe.com\/wp-content\/uploads\/2025\/03\/logo-white.png","contentUrl":"https:\/\/insektenliebe.com\/wp-content\/uploads\/2025\/03\/logo-white.png","width":288,"height":188,"caption":"Insektenliebe"},"image":{"@id":"https:\/\/insektenliebe.com\/de\/#\/schema\/logo\/image\/"}}]}},"_links":{"self":[{"href":"https:\/\/insektenliebe.com\/de\/wp-json\/wp\/v2\/product\/5230","targetHints":{"allow":["GET"]}}],"collection":[{"href":"https:\/\/insektenliebe.com\/de\/wp-json\/wp\/v2\/product"}],"about":[{"href":"https:\/\/insektenliebe.com\/de\/wp-json\/wp\/v2\/types\/product"}],"wp:featuredmedia":[{"embeddable":true,"href":"https:\/\/insektenliebe.com\/de\/wp-json\/wp\/v2\/media\/5256"}],"wp:attachment":[{"href":"https:\/\/insektenliebe.com\/de\/wp-json\/wp\/v2\/media?parent=5230"}],"wp:term":[{"taxonomy":"product-supplier","embeddable":true,"href":"https:\/\/insektenliebe.com\/de\/wp-json\/wp\/v2\/product-supplier?post=5230"},{"taxonomy":"product_brand","embeddable":true,"href":"https:\/\/insektenliebe.com\/de\/wp-json\/wp\/v2\/product_brand?post=5230"},{"taxonomy":"product_cat","embeddable":true,"href":"https:\/\/insektenliebe.com\/de\/wp-json\/wp\/v2\/product_cat?post=5230"},{"taxonomy":"product_tag","embeddable":true,"href":"https:\/\/insektenliebe.com\/de\/wp-json\/wp\/v2\/product_tag?post=5230"},{"taxonomy":"lce-checkout-addons","embeddable":true,"href":"https:\/\/insektenliebe.com\/de\/wp-json\/wp\/v2\/lce-checkout-addons?post=5230"}],"curies":[{"name":"wp","href":"https:\/\/api.w.org\/{rel}","templated":true}]}}