{"id":5220,"date":"2021-10-15T09:42:06","date_gmt":"2021-10-15T07:42:06","guid":{"rendered":"http:\/\/localhost\/ins-test\/?post_type=product&#038;p=5220"},"modified":"2026-02-07T21:51:55","modified_gmt":"2026-02-07T20:51:55","slug":"orthomorpha-spec-ao-nang","status":"publish","type":"product","link":"https:\/\/insektenliebe.com\/de\/shop\/produkt\/orthomorpha-spec-ao-nang\/","title":{"rendered":"Orthomorpha spec. \"Ao Nang\""},"content":{"rendered":"<h3><span style=\"color: #99cc33\">Kurzbeschreibung:<\/span><\/h3>\n<p>Der zu den Bandf\u00fc\u00dfer z\u00e4hlende Doppelf\u00fc\u00dfer stammt urspr\u00fcnglich aus S\u00fcdthailand. Der genaue Fundort ist Ao Nang. Kalkgestein pr\u00e4gt dort die Umgebung, in dem tropisches Monsunklima herrscht.<\/p>\n<p>Die artgerechte Haltung und Pflege von Orthomorpha spec. \"Ao Nang\" ist verh\u00e4ltnism\u00e4\u00dfig einfach. Die Exoten k\u00f6nnen im Terrarium auf eine Endgr\u00f6\u00dfe von nahezu 4 cm heranwachsen. Sie ben\u00f6tigen deshalb ein Terrarium mit den Abmessungen von mindestens 30 \u00d7 30 \u00d7 30 cm.<\/p>\n<p>In ihrem nat\u00fcrlichen Habitat sind die Orthomorpha spec. \"Ao Nang\" vor allem in Bodenn\u00e4he anzutreffen. Dies sollte bei der Terrariengestaltung unbedingt ber\u00fccksichtigt werden. Aus diesem Grund sollte die Substrath\u00f6he bei mindestens 10 cm liegen. Ein Gemisch aus Waldhumus, wei\u00dffaulem Holz, Sphagnummoos und Laub hat sich als hervorragendes Zuchtsubstrat herausgestellt. Auch Flake Soil und Futterlaub wird von den Tieren gerne angenommen. Orthomorpha spec. \"Ao Nang\" ben\u00f6tigen viel Kalk im Substrat. Aus eben diesem Grund ist es wichtig, die doppelte Menge an Kalkgranulat oder Muschelgrit in das Substart zu mischen.<\/p>\n<p>Orthomorpha spec. \"Ao Nang\" klettern gelegentlich auch gerne. Aus diesem Grund sollten Kletterm\u00f6glichkeiten angeboten werden. Gerne wird auf Lavagestein, wie im Produktfoto zu sehen ist, als Kletterm\u00f6glichkeit genutzt. Zus\u00e4tzlich speichert diese Gesteinsart auch die Feuchtigkeit und sorgt so f\u00fcr ein tropisches Klima im Terrarium.<\/p>\n<p>Orthomorpha spec. \"Ao Nang\" k\u00f6nnen problemlos paarweise oder in der Gruppe gehalten werden. Bei einer Gruppenhaltung kommt es auch regelm\u00e4\u00dfig zu Nachzuchten und man kann somit auch das Aufwachsen der kleinen Bandf\u00fc\u00dfer beobachten.<\/p>\n<p>Orthomorpha spec. \"Ao Nang\" m\u00f6gen es gerne warm und feucht. Die Temperaturwerte im Terrarium sollten zwischen 22 und 26 \u00b0C liegen. Wichtig ist eine hohe Luftfeuchtigkeit. Um die Tiere vor Trockenheit zu sch\u00fctzen, sollte das Terrarium regelm\u00e4\u00dfig gew\u00e4ssert werden.<\/p>\n<p>Die artgerechte F\u00fctterung ist nicht schwierig. Orthomorpha spec. \"Ao Nang\" nehmen wei\u00dffaules Holz, Futterlaub, Gem\u00fcse, Obst und Tausendf\u00fcsser Futter problemlos an.<\/p>\n<p>Die Haltung von Orthomorpha spec. \"Ao Nang\" ist auch f\u00fcr unerfahrene Halter geeignet und verzeiht die ein oder andere Nachl\u00e4ssigkeit oder \u00dcberbeh\u00fctung. Die Tiere lassen sich erfolgreich nachz\u00fcchten und sind mittlerweile als stabile Nachzuchten erh\u00e4ltlich.<\/p>\n","protected":false},"excerpt":{"rendered":"<p>Kurzbeschreibung: Der zu den Bandf\u00fc\u00dfer z\u00e4hlende Doppelf\u00fc\u00dfer stammt urspr\u00fcnglich aus S\u00fcdthailand. Der genaue Fundort ist Ao Nang. Kalkgestein pr\u00e4gt dort die Umgebung, in dem tropisches Monsunklima herrscht. Die artgerechte Haltung und Pflege von Orthomorpha spec. \"Ao Nang\" ist verh\u00e4ltnism\u00e4\u00dfig einfach. Die Exoten k\u00f6nnen im Terrarium auf eine Endgr\u00f6\u00dfe von nahezu 4 cm heranwachsen. Sie ben\u00f6tigen [&hellip;]<\/p>\n","protected":false},"featured_media":5246,"template":"","meta":{"_acf_changed":false},"product-supplier":[],"product_brand":[],"product_cat":[144],"product_tag":[],"lce-checkout-addons":[1202],"class_list":{"0":"post-5220","1":"product","2":"type-product","3":"status-publish","4":"has-post-thumbnail","6":"product_cat-tausendfuesser","7":"product_shipping_class-animal-shipping","8":"pa_herkunft-thailand","9":"pa_kontinent-asien","10":"lce-checkout-addons-winterverpackung","12":"first","13":"outofstock","14":"taxable","15":"shipping-taxable","16":"purchasable","17":"product-type-simple"},"acf":[],"yoast_head":"<!-- This site is optimized with the Yoast SEO plugin v27.3 - https:\/\/yoast.com\/product\/yoast-seo-wordpress\/ -->\n<title>Orthomorpha spec. &quot;Ao Nang&quot; - Insektenliebe<\/title>\n<meta name=\"description\" content=\"Wundersch\u00f6ne Orthomorpha spec. &quot;Ao Nang&quot; direkt online kaufen. Wir bieten eigene Nachzuchten dieser tollen Bandf\u00fc\u00dfer-Art an!\" \/>\n<meta name=\"robots\" content=\"index, follow, max-snippet:-1, max-image-preview:large, max-video-preview:-1\" \/>\n<link rel=\"canonical\" href=\"https:\/\/insektenliebe.com\/de\/shop\/produkt\/orthomorpha-spec-ao-nang\/\" \/>\n<meta property=\"og:locale\" content=\"de_DE\" \/>\n<meta property=\"og:type\" content=\"article\" \/>\n<meta property=\"og:title\" content=\"Orthomorpha spec. &quot;Ao Nang&quot; - Insektenliebe\" \/>\n<meta property=\"og:description\" content=\"Wundersch\u00f6ne Orthomorpha spec. &quot;Ao Nang&quot; direkt online kaufen. Wir bieten eigene Nachzuchten dieser tollen Bandf\u00fc\u00dfer-Art an!\" \/>\n<meta property=\"og:url\" content=\"https:\/\/insektenliebe.com\/de\/shop\/produkt\/orthomorpha-spec-ao-nang\/\" \/>\n<meta property=\"og:site_name\" content=\"Insektenliebe\" \/>\n<meta property=\"article:modified_time\" content=\"2026-02-07T20:51:55+00:00\" \/>\n<meta property=\"og:image\" content=\"https:\/\/insektenliebe.com\/wp-content\/uploads\/2025\/05\/Orthomorpha-spec.-22Ao-Nang22-2.jpg\" \/>\n\t<meta property=\"og:image:width\" content=\"820\" \/>\n\t<meta property=\"og:image:height\" content=\"820\" \/>\n\t<meta property=\"og:image:type\" content=\"image\/jpeg\" \/>\n<meta name=\"twitter:card\" content=\"summary_large_image\" \/>\n<meta name=\"twitter:label1\" content=\"Gesch\u00e4tzte Lesezeit\" \/>\n\t<meta name=\"twitter:data1\" content=\"3\u00a0Minuten\" \/>\n<script type=\"application\/ld+json\" class=\"yoast-schema-graph\">{\"@context\":\"https:\\\/\\\/schema.org\",\"@graph\":[{\"@type\":\"WebPage\",\"@id\":\"https:\\\/\\\/insektenliebe.com\\\/de\\\/shop\\\/produkt\\\/orthomorpha-spec-ao-nang\\\/\",\"url\":\"https:\\\/\\\/insektenliebe.com\\\/de\\\/shop\\\/produkt\\\/orthomorpha-spec-ao-nang\\\/\",\"name\":\"Orthomorpha spec. \\\"Ao Nang\\\" - Insektenliebe\",\"isPartOf\":{\"@id\":\"https:\\\/\\\/insektenliebe.com\\\/de\\\/#website\"},\"primaryImageOfPage\":{\"@id\":\"https:\\\/\\\/insektenliebe.com\\\/de\\\/shop\\\/produkt\\\/orthomorpha-spec-ao-nang\\\/#primaryimage\"},\"image\":{\"@id\":\"https:\\\/\\\/insektenliebe.com\\\/de\\\/shop\\\/produkt\\\/orthomorpha-spec-ao-nang\\\/#primaryimage\"},\"thumbnailUrl\":\"https:\\\/\\\/insektenliebe.com\\\/wp-content\\\/uploads\\\/2025\\\/05\\\/Orthomorpha-spec.-22Ao-Nang22-2.jpg\",\"datePublished\":\"2021-10-15T07:42:06+00:00\",\"dateModified\":\"2026-02-07T20:51:55+00:00\",\"description\":\"Wundersch\u00f6ne Orthomorpha spec. \\\"Ao Nang\\\" direkt online kaufen. Wir bieten eigene Nachzuchten dieser tollen Bandf\u00fc\u00dfer-Art an!\",\"breadcrumb\":{\"@id\":\"https:\\\/\\\/insektenliebe.com\\\/de\\\/shop\\\/produkt\\\/orthomorpha-spec-ao-nang\\\/#breadcrumb\"},\"inLanguage\":\"de\",\"potentialAction\":[{\"@type\":\"ReadAction\",\"target\":[\"https:\\\/\\\/insektenliebe.com\\\/de\\\/shop\\\/produkt\\\/orthomorpha-spec-ao-nang\\\/\"]}]},{\"@type\":\"ImageObject\",\"inLanguage\":\"de\",\"@id\":\"https:\\\/\\\/insektenliebe.com\\\/de\\\/shop\\\/produkt\\\/orthomorpha-spec-ao-nang\\\/#primaryimage\",\"url\":\"https:\\\/\\\/insektenliebe.com\\\/wp-content\\\/uploads\\\/2025\\\/05\\\/Orthomorpha-spec.-22Ao-Nang22-2.jpg\",\"contentUrl\":\"https:\\\/\\\/insektenliebe.com\\\/wp-content\\\/uploads\\\/2025\\\/05\\\/Orthomorpha-spec.-22Ao-Nang22-2.jpg\",\"width\":820,\"height\":820,\"caption\":\"Orthomorpha-spec.-22Ao-Nang22-2.jpg\"},{\"@type\":\"BreadcrumbList\",\"@id\":\"https:\\\/\\\/insektenliebe.com\\\/de\\\/shop\\\/produkt\\\/orthomorpha-spec-ao-nang\\\/#breadcrumb\",\"itemListElement\":[{\"@type\":\"ListItem\",\"position\":1,\"name\":\"Startseite\",\"item\":\"https:\\\/\\\/insektenliebe.com\\\/de\\\/\"},{\"@type\":\"ListItem\",\"position\":2,\"name\":\"Shop\",\"item\":\"https:\\\/\\\/insektenliebe.com\\\/de\\\/shop\\\/\"},{\"@type\":\"ListItem\",\"position\":3,\"name\":\"Orthomorpha spec. &#8222;Ao Nang&#8220;\"}]},{\"@type\":\"WebSite\",\"@id\":\"https:\\\/\\\/insektenliebe.com\\\/de\\\/#website\",\"url\":\"https:\\\/\\\/insektenliebe.com\\\/de\\\/\",\"name\":\"Insektenliebe\",\"description\":\"Dein Zuhause f\u00fcr die kleinen Lebewesen\",\"publisher\":{\"@id\":\"https:\\\/\\\/insektenliebe.com\\\/de\\\/#organization\"},\"potentialAction\":[{\"@type\":\"SearchAction\",\"target\":{\"@type\":\"EntryPoint\",\"urlTemplate\":\"https:\\\/\\\/insektenliebe.com\\\/de\\\/?s={search_term_string}\"},\"query-input\":{\"@type\":\"PropertyValueSpecification\",\"valueRequired\":true,\"valueName\":\"search_term_string\"}}],\"inLanguage\":\"de\"},{\"@type\":\"Organization\",\"@id\":\"https:\\\/\\\/insektenliebe.com\\\/de\\\/#organization\",\"name\":\"Insektenliebe\",\"url\":\"https:\\\/\\\/insektenliebe.com\\\/de\\\/\",\"logo\":{\"@type\":\"ImageObject\",\"inLanguage\":\"de\",\"@id\":\"https:\\\/\\\/insektenliebe.com\\\/de\\\/#\\\/schema\\\/logo\\\/image\\\/\",\"url\":\"https:\\\/\\\/insektenliebe.com\\\/wp-content\\\/uploads\\\/2025\\\/03\\\/logo-white.png\",\"contentUrl\":\"https:\\\/\\\/insektenliebe.com\\\/wp-content\\\/uploads\\\/2025\\\/03\\\/logo-white.png\",\"width\":288,\"height\":188,\"caption\":\"Insektenliebe\"},\"image\":{\"@id\":\"https:\\\/\\\/insektenliebe.com\\\/de\\\/#\\\/schema\\\/logo\\\/image\\\/\"}}]}<\/script>\n<!-- \/ Yoast SEO plugin. -->","yoast_head_json":{"title":"Orthomorpha spec. \"Ao Nang\" - Insektenliebe","description":"Wundersch\u00f6ne Orthomorpha spec. \"Ao Nang\" direkt online kaufen. Wir bieten eigene Nachzuchten dieser tollen Bandf\u00fc\u00dfer-Art an!","robots":{"index":"index","follow":"follow","max-snippet":"max-snippet:-1","max-image-preview":"max-image-preview:large","max-video-preview":"max-video-preview:-1"},"canonical":"https:\/\/insektenliebe.com\/de\/shop\/produkt\/orthomorpha-spec-ao-nang\/","og_locale":"de_DE","og_type":"article","og_title":"Orthomorpha spec. \"Ao Nang\" - Insektenliebe","og_description":"Wundersch\u00f6ne Orthomorpha spec. \"Ao Nang\" direkt online kaufen. Wir bieten eigene Nachzuchten dieser tollen Bandf\u00fc\u00dfer-Art an!","og_url":"https:\/\/insektenliebe.com\/de\/shop\/produkt\/orthomorpha-spec-ao-nang\/","og_site_name":"Insektenliebe","article_modified_time":"2026-02-07T20:51:55+00:00","og_image":[{"width":820,"height":820,"url":"https:\/\/insektenliebe.com\/wp-content\/uploads\/2025\/05\/Orthomorpha-spec.-22Ao-Nang22-2.jpg","type":"image\/jpeg"}],"twitter_card":"summary_large_image","twitter_misc":{"Gesch\u00e4tzte Lesezeit":"3\u00a0Minuten"},"schema":{"@context":"https:\/\/schema.org","@graph":[{"@type":"WebPage","@id":"https:\/\/insektenliebe.com\/de\/shop\/produkt\/orthomorpha-spec-ao-nang\/","url":"https:\/\/insektenliebe.com\/de\/shop\/produkt\/orthomorpha-spec-ao-nang\/","name":"Orthomorpha spec. \"Ao Nang\" - Insektenliebe","isPartOf":{"@id":"https:\/\/insektenliebe.com\/de\/#website"},"primaryImageOfPage":{"@id":"https:\/\/insektenliebe.com\/de\/shop\/produkt\/orthomorpha-spec-ao-nang\/#primaryimage"},"image":{"@id":"https:\/\/insektenliebe.com\/de\/shop\/produkt\/orthomorpha-spec-ao-nang\/#primaryimage"},"thumbnailUrl":"https:\/\/insektenliebe.com\/wp-content\/uploads\/2025\/05\/Orthomorpha-spec.-22Ao-Nang22-2.jpg","datePublished":"2021-10-15T07:42:06+00:00","dateModified":"2026-02-07T20:51:55+00:00","description":"Wundersch\u00f6ne Orthomorpha spec. \"Ao Nang\" direkt online kaufen. Wir bieten eigene Nachzuchten dieser tollen Bandf\u00fc\u00dfer-Art an!","breadcrumb":{"@id":"https:\/\/insektenliebe.com\/de\/shop\/produkt\/orthomorpha-spec-ao-nang\/#breadcrumb"},"inLanguage":"de","potentialAction":[{"@type":"ReadAction","target":["https:\/\/insektenliebe.com\/de\/shop\/produkt\/orthomorpha-spec-ao-nang\/"]}]},{"@type":"ImageObject","inLanguage":"de","@id":"https:\/\/insektenliebe.com\/de\/shop\/produkt\/orthomorpha-spec-ao-nang\/#primaryimage","url":"https:\/\/insektenliebe.com\/wp-content\/uploads\/2025\/05\/Orthomorpha-spec.-22Ao-Nang22-2.jpg","contentUrl":"https:\/\/insektenliebe.com\/wp-content\/uploads\/2025\/05\/Orthomorpha-spec.-22Ao-Nang22-2.jpg","width":820,"height":820,"caption":"Orthomorpha-spec.-22Ao-Nang22-2.jpg"},{"@type":"BreadcrumbList","@id":"https:\/\/insektenliebe.com\/de\/shop\/produkt\/orthomorpha-spec-ao-nang\/#breadcrumb","itemListElement":[{"@type":"ListItem","position":1,"name":"Startseite","item":"https:\/\/insektenliebe.com\/de\/"},{"@type":"ListItem","position":2,"name":"Shop","item":"https:\/\/insektenliebe.com\/de\/shop\/"},{"@type":"ListItem","position":3,"name":"Orthomorpha spec. &#8222;Ao Nang&#8220;"}]},{"@type":"WebSite","@id":"https:\/\/insektenliebe.com\/de\/#website","url":"https:\/\/insektenliebe.com\/de\/","name":"Insektenliebe","description":"Dein Zuhause f\u00fcr die kleinen Lebewesen","publisher":{"@id":"https:\/\/insektenliebe.com\/de\/#organization"},"potentialAction":[{"@type":"SearchAction","target":{"@type":"EntryPoint","urlTemplate":"https:\/\/insektenliebe.com\/de\/?s={search_term_string}"},"query-input":{"@type":"PropertyValueSpecification","valueRequired":true,"valueName":"search_term_string"}}],"inLanguage":"de"},{"@type":"Organization","@id":"https:\/\/insektenliebe.com\/de\/#organization","name":"Insektenliebe","url":"https:\/\/insektenliebe.com\/de\/","logo":{"@type":"ImageObject","inLanguage":"de","@id":"https:\/\/insektenliebe.com\/de\/#\/schema\/logo\/image\/","url":"https:\/\/insektenliebe.com\/wp-content\/uploads\/2025\/03\/logo-white.png","contentUrl":"https:\/\/insektenliebe.com\/wp-content\/uploads\/2025\/03\/logo-white.png","width":288,"height":188,"caption":"Insektenliebe"},"image":{"@id":"https:\/\/insektenliebe.com\/de\/#\/schema\/logo\/image\/"}}]}},"_links":{"self":[{"href":"https:\/\/insektenliebe.com\/de\/wp-json\/wp\/v2\/product\/5220","targetHints":{"allow":["GET"]}}],"collection":[{"href":"https:\/\/insektenliebe.com\/de\/wp-json\/wp\/v2\/product"}],"about":[{"href":"https:\/\/insektenliebe.com\/de\/wp-json\/wp\/v2\/types\/product"}],"wp:featuredmedia":[{"embeddable":true,"href":"https:\/\/insektenliebe.com\/de\/wp-json\/wp\/v2\/media\/5246"}],"wp:attachment":[{"href":"https:\/\/insektenliebe.com\/de\/wp-json\/wp\/v2\/media?parent=5220"}],"wp:term":[{"taxonomy":"product-supplier","embeddable":true,"href":"https:\/\/insektenliebe.com\/de\/wp-json\/wp\/v2\/product-supplier?post=5220"},{"taxonomy":"product_brand","embeddable":true,"href":"https:\/\/insektenliebe.com\/de\/wp-json\/wp\/v2\/product_brand?post=5220"},{"taxonomy":"product_cat","embeddable":true,"href":"https:\/\/insektenliebe.com\/de\/wp-json\/wp\/v2\/product_cat?post=5220"},{"taxonomy":"product_tag","embeddable":true,"href":"https:\/\/insektenliebe.com\/de\/wp-json\/wp\/v2\/product_tag?post=5220"},{"taxonomy":"lce-checkout-addons","embeddable":true,"href":"https:\/\/insektenliebe.com\/de\/wp-json\/wp\/v2\/lce-checkout-addons?post=5220"}],"curies":[{"name":"wp","href":"https:\/\/api.w.org\/{rel}","templated":true}]}}