{"id":5216,"date":"2021-09-30T11:53:48","date_gmt":"2021-09-30T09:53:48","guid":{"rendered":"http:\/\/localhost\/ins-test\/?post_type=product&#038;p=5216"},"modified":"2026-03-28T13:06:21","modified_gmt":"2026-03-28T12:06:21","slug":"arcadia-jungle-dawn-led-bar","status":"publish","type":"product","link":"https:\/\/insektenliebe.com\/de\/shop\/produkt\/arcadia-jungle-dawn-led-bar\/","title":{"rendered":"Arcadia Jungle Dawn LED BAR"},"content":{"rendered":"<p>Die Arcadia Reptile Jungle Dawn LED BAR ist schlank, k\u00fchn, leistungsstark und in der Lage, die ben\u00f6tigte Lichtmenge zu liefern, die ben\u00f6tigt wird, um Pflanzen schneller wachsen zu lassen. Das merkt man auch sofort, wenn man die Lampe in Betrieb nimmt. Die Arcadia Reptile Jungle Dawn LED BAR verwendet die allerneuesten High OutPut\"-LED-Dioden, die eine Lichtausbeute von 130+ Lumen pro Watt erzeugen.<\/p>\n<p>Die Konfiguration der LEDs in einer Lampe ist f\u00fcr das potenzielle Pflanzenwachstum und die beleuchtete Fl\u00e4che ebenso wichtig wie ihr Spektrum und ihre Leistung. Wie alles Leben sind auch Pflanzen auf die Menge und Qualit\u00e4t der Energie angewiesen, die ihnen \u00fcber eine Lichtquelle zur Verf\u00fcgung steht. Je gr\u00f6\u00dfer die Lichtmenge und je gr\u00f6\u00dfer die beleuchtete Fl\u00e4che, desto besser sind die m\u00f6glichen Ergebnisse. Eine beliebige Lichtquelle kann nur eine bestimmte Anzahl von Photonen (Energiepakete) als \"Gesamtlichtleistung\" erzeugen. Wenn sich das Licht vorw\u00e4rts bewegt, beginnt es sich auszubreiten, um einen gr\u00f6\u00dferen Bereich abzudecken. Je weiter eine Lampe entfernt ist, desto gr\u00f6\u00dfer ist der Bereich, der mit Licht abgedeckt wird. Die gemessene Energie im Licht wird jedoch schw\u00e4cher, je weiter die Lampe vom Ziel entfernt ist. Um sicherzustellen, dass die gr\u00f6\u00dftm\u00f6gliche Lichtmenge in ein Geh\u00e4use eintritt, m\u00fcssen gen\u00fcgend Dioden verwendet werden, die im richtigen Abstand zueinander und mit einem geeigneten Spektrum, einer geeigneten Farbe und einem geeigneten Lumenaussto\u00df angeordnet sind.<\/p>\n","protected":false},"excerpt":{"rendered":"<p>Die Arcadia Reptile Jungle Dawn LED BAR ist schlank, k\u00fchn, leistungsstark und in der Lage, die ben\u00f6tigte Lichtmenge zu liefern, die ben\u00f6tigt wird, um Pflanzen schneller wachsen zu lassen. Das merkt man auch sofort, wenn man die Lampe in Betrieb nimmt. Die Arcadia Reptile Jungle Dawn LED BAR verwendet die allerneuesten High OutPut\"-LED-Dioden, die eine [&hellip;]<\/p>\n","protected":false},"featured_media":5242,"template":"","meta":{"_acf_changed":false},"product-supplier":[],"product_brand":[],"product_cat":[299],"product_tag":[],"lce-checkout-addons":[],"class_list":{"0":"post-5216","1":"product","2":"type-product","3":"status-publish","4":"has-post-thumbnail","6":"product_cat-beleuchtung-klima","7":"product_shipping_class-equipment-shipping","9":"first","10":"instock","11":"sale","12":"taxable","13":"shipping-taxable","14":"purchasable","15":"product-type-variable"},"acf":[],"yoast_head":"<!-- This site is optimized with the Yoast SEO Premium plugin v26.8 (Yoast SEO v27.3) - https:\/\/yoast.com\/product\/yoast-seo-premium-wordpress\/ -->\n<title>Arcadia Jungle Dawn LED BAR - Insektenliebe<\/title>\n<meta name=\"description\" content=\"G\u00fcnstige Arcadia Jungle Dawn LED BAR direkt online kaufen. Fordert den rapiden Pflanzenwachstum durch neuste LED-Technik.\" \/>\n<meta name=\"robots\" content=\"index, follow, max-snippet:-1, max-image-preview:large, max-video-preview:-1\" \/>\n<link rel=\"canonical\" href=\"https:\/\/insektenliebe.com\/de\/shop\/produkt\/arcadia-jungle-dawn-led-bar\/\" \/>\n<meta property=\"og:locale\" content=\"de_DE\" \/>\n<meta property=\"og:type\" content=\"article\" \/>\n<meta property=\"og:title\" content=\"Arcadia Jungle Dawn LED BAR\" \/>\n<meta property=\"og:description\" content=\"G\u00fcnstige Arcadia Jungle Dawn LED BAR direkt online kaufen. Fordert den rapiden Pflanzenwachstum durch neuste LED-Technik.\" \/>\n<meta property=\"og:url\" content=\"https:\/\/insektenliebe.com\/de\/shop\/produkt\/arcadia-jungle-dawn-led-bar\/\" \/>\n<meta property=\"og:site_name\" content=\"Insektenliebe\" \/>\n<meta property=\"article:modified_time\" content=\"2026-03-28T12:06:21+00:00\" \/>\n<meta property=\"og:image\" content=\"https:\/\/insektenliebe.com\/wp-content\/uploads\/2025\/05\/Arcadia-Jungle-Dawn-LED-BAR-scaled-3.jpg\" \/>\n\t<meta property=\"og:image:width\" content=\"2560\" \/>\n\t<meta property=\"og:image:height\" content=\"2560\" \/>\n\t<meta property=\"og:image:type\" content=\"image\/jpeg\" \/>\n<meta name=\"twitter:card\" content=\"summary_large_image\" \/>\n<meta name=\"twitter:label1\" content=\"Verf\u00fcgbarkeit\" \/>\n\t<meta name=\"twitter:data1\" content=\"Auf Lager\" \/>\n<script type=\"application\/ld+json\" class=\"yoast-schema-graph\">{\"@context\":\"https:\\\/\\\/schema.org\",\"@graph\":[{\"@type\":\"WebPage\",\"@id\":\"https:\\\/\\\/insektenliebe.com\\\/de\\\/shop\\\/produkt\\\/arcadia-jungle-dawn-led-bar\\\/\",\"url\":\"https:\\\/\\\/insektenliebe.com\\\/de\\\/shop\\\/produkt\\\/arcadia-jungle-dawn-led-bar\\\/\",\"name\":\"Arcadia Jungle Dawn LED BAR - Insektenliebe\",\"isPartOf\":{\"@id\":\"https:\\\/\\\/insektenliebe.com\\\/de\\\/#website\"},\"primaryImageOfPage\":{\"@id\":\"https:\\\/\\\/insektenliebe.com\\\/de\\\/shop\\\/produkt\\\/arcadia-jungle-dawn-led-bar\\\/#primaryimage\"},\"image\":{\"@id\":\"https:\\\/\\\/insektenliebe.com\\\/de\\\/shop\\\/produkt\\\/arcadia-jungle-dawn-led-bar\\\/#primaryimage\"},\"thumbnailUrl\":\"https:\\\/\\\/insektenliebe.com\\\/wp-content\\\/uploads\\\/2025\\\/05\\\/Arcadia-Jungle-Dawn-LED-BAR-scaled-3.jpg\",\"datePublished\":\"2021-09-30T09:53:48+00:00\",\"dateModified\":\"2026-03-28T12:06:21+00:00\",\"description\":\"G\u00fcnstige Arcadia Jungle Dawn LED BAR direkt online kaufen. Fordert den rapiden Pflanzenwachstum durch neuste LED-Technik.\",\"breadcrumb\":{\"@id\":\"https:\\\/\\\/insektenliebe.com\\\/de\\\/shop\\\/produkt\\\/arcadia-jungle-dawn-led-bar\\\/#breadcrumb\"},\"inLanguage\":\"de\",\"potentialAction\":[{\"@type\":\"ReadAction\",\"target\":[\"https:\\\/\\\/insektenliebe.com\\\/de\\\/shop\\\/produkt\\\/arcadia-jungle-dawn-led-bar\\\/\"]}]},{\"@type\":\"ImageObject\",\"inLanguage\":\"de\",\"@id\":\"https:\\\/\\\/insektenliebe.com\\\/de\\\/shop\\\/produkt\\\/arcadia-jungle-dawn-led-bar\\\/#primaryimage\",\"url\":\"https:\\\/\\\/insektenliebe.com\\\/wp-content\\\/uploads\\\/2025\\\/05\\\/Arcadia-Jungle-Dawn-LED-BAR-scaled-3.jpg\",\"contentUrl\":\"https:\\\/\\\/insektenliebe.com\\\/wp-content\\\/uploads\\\/2025\\\/05\\\/Arcadia-Jungle-Dawn-LED-BAR-scaled-3.jpg\",\"width\":2560,\"height\":2560,\"caption\":\"Arcadia-Jungle-Dawn-LED-BAR-scaled-3.jpg\"},{\"@type\":\"BreadcrumbList\",\"@id\":\"https:\\\/\\\/insektenliebe.com\\\/de\\\/shop\\\/produkt\\\/arcadia-jungle-dawn-led-bar\\\/#breadcrumb\",\"itemListElement\":[{\"@type\":\"ListItem\",\"position\":1,\"name\":\"Startseite\",\"item\":\"https:\\\/\\\/insektenliebe.com\\\/de\\\/\"},{\"@type\":\"ListItem\",\"position\":2,\"name\":\"Shop\",\"item\":\"https:\\\/\\\/insektenliebe.com\\\/de\\\/shop\\\/\"},{\"@type\":\"ListItem\",\"position\":3,\"name\":\"Arcadia Jungle Dawn LED BAR\"}]},{\"@type\":\"WebSite\",\"@id\":\"https:\\\/\\\/insektenliebe.com\\\/de\\\/#website\",\"url\":\"https:\\\/\\\/insektenliebe.com\\\/de\\\/\",\"name\":\"Insektenliebe\",\"description\":\"Dein Zuhause f\u00fcr die kleinen Lebewesen\",\"publisher\":{\"@id\":\"https:\\\/\\\/insektenliebe.com\\\/de\\\/#organization\"},\"potentialAction\":[{\"@type\":\"SearchAction\",\"target\":{\"@type\":\"EntryPoint\",\"urlTemplate\":\"https:\\\/\\\/insektenliebe.com\\\/de\\\/?s={search_term_string}\"},\"query-input\":{\"@type\":\"PropertyValueSpecification\",\"valueRequired\":true,\"valueName\":\"search_term_string\"}}],\"inLanguage\":\"de\"},{\"@type\":\"Organization\",\"@id\":\"https:\\\/\\\/insektenliebe.com\\\/de\\\/#organization\",\"name\":\"Insektenliebe\",\"url\":\"https:\\\/\\\/insektenliebe.com\\\/de\\\/\",\"logo\":{\"@type\":\"ImageObject\",\"inLanguage\":\"de\",\"@id\":\"https:\\\/\\\/insektenliebe.com\\\/de\\\/#\\\/schema\\\/logo\\\/image\\\/\",\"url\":\"https:\\\/\\\/insektenliebe.com\\\/wp-content\\\/uploads\\\/2025\\\/03\\\/logo-white.png\",\"contentUrl\":\"https:\\\/\\\/insektenliebe.com\\\/wp-content\\\/uploads\\\/2025\\\/03\\\/logo-white.png\",\"width\":288,\"height\":188,\"caption\":\"Insektenliebe\"},\"image\":{\"@id\":\"https:\\\/\\\/insektenliebe.com\\\/de\\\/#\\\/schema\\\/logo\\\/image\\\/\"}}]}<\/script>\n<meta property=\"og:availability\" content=\"instock\" \/>\n<meta property=\"product:availability\" content=\"instock\" \/>\n<meta property=\"product:retailer_item_id\" content=\"360\" \/>\n<meta property=\"product:condition\" content=\"new\" \/>\n<!-- \/ Yoast SEO Premium plugin. -->","yoast_head_json":{"title":"Arcadia Jungle Dawn LED BAR - Insektenliebe","description":"G\u00fcnstige Arcadia Jungle Dawn LED BAR direkt online kaufen. Fordert den rapiden Pflanzenwachstum durch neuste LED-Technik.","robots":{"index":"index","follow":"follow","max-snippet":"max-snippet:-1","max-image-preview":"max-image-preview:large","max-video-preview":"max-video-preview:-1"},"canonical":"https:\/\/insektenliebe.com\/de\/shop\/produkt\/arcadia-jungle-dawn-led-bar\/","og_locale":"de_DE","og_type":"article","og_title":"Arcadia Jungle Dawn LED BAR","og_description":"G\u00fcnstige Arcadia Jungle Dawn LED BAR direkt online kaufen. Fordert den rapiden Pflanzenwachstum durch neuste LED-Technik.","og_url":"https:\/\/insektenliebe.com\/de\/shop\/produkt\/arcadia-jungle-dawn-led-bar\/","og_site_name":"Insektenliebe","article_modified_time":"2026-03-28T12:06:21+00:00","og_image":[{"width":2560,"height":2560,"url":"https:\/\/insektenliebe.com\/wp-content\/uploads\/2025\/05\/Arcadia-Jungle-Dawn-LED-BAR-scaled-3.jpg","type":"image\/jpeg"}],"twitter_card":"summary_large_image","twitter_misc":{"Verf\u00fcgbarkeit":"Auf Lager"},"schema":{"@context":"https:\/\/schema.org","@graph":[{"@type":"WebPage","@id":"https:\/\/insektenliebe.com\/de\/shop\/produkt\/arcadia-jungle-dawn-led-bar\/","url":"https:\/\/insektenliebe.com\/de\/shop\/produkt\/arcadia-jungle-dawn-led-bar\/","name":"Arcadia Jungle Dawn LED BAR - Insektenliebe","isPartOf":{"@id":"https:\/\/insektenliebe.com\/de\/#website"},"primaryImageOfPage":{"@id":"https:\/\/insektenliebe.com\/de\/shop\/produkt\/arcadia-jungle-dawn-led-bar\/#primaryimage"},"image":{"@id":"https:\/\/insektenliebe.com\/de\/shop\/produkt\/arcadia-jungle-dawn-led-bar\/#primaryimage"},"thumbnailUrl":"https:\/\/insektenliebe.com\/wp-content\/uploads\/2025\/05\/Arcadia-Jungle-Dawn-LED-BAR-scaled-3.jpg","datePublished":"2021-09-30T09:53:48+00:00","dateModified":"2026-03-28T12:06:21+00:00","description":"G\u00fcnstige Arcadia Jungle Dawn LED BAR direkt online kaufen. Fordert den rapiden Pflanzenwachstum durch neuste LED-Technik.","breadcrumb":{"@id":"https:\/\/insektenliebe.com\/de\/shop\/produkt\/arcadia-jungle-dawn-led-bar\/#breadcrumb"},"inLanguage":"de","potentialAction":[{"@type":"ReadAction","target":["https:\/\/insektenliebe.com\/de\/shop\/produkt\/arcadia-jungle-dawn-led-bar\/"]}]},{"@type":"ImageObject","inLanguage":"de","@id":"https:\/\/insektenliebe.com\/de\/shop\/produkt\/arcadia-jungle-dawn-led-bar\/#primaryimage","url":"https:\/\/insektenliebe.com\/wp-content\/uploads\/2025\/05\/Arcadia-Jungle-Dawn-LED-BAR-scaled-3.jpg","contentUrl":"https:\/\/insektenliebe.com\/wp-content\/uploads\/2025\/05\/Arcadia-Jungle-Dawn-LED-BAR-scaled-3.jpg","width":2560,"height":2560,"caption":"Arcadia-Jungle-Dawn-LED-BAR-scaled-3.jpg"},{"@type":"BreadcrumbList","@id":"https:\/\/insektenliebe.com\/de\/shop\/produkt\/arcadia-jungle-dawn-led-bar\/#breadcrumb","itemListElement":[{"@type":"ListItem","position":1,"name":"Startseite","item":"https:\/\/insektenliebe.com\/de\/"},{"@type":"ListItem","position":2,"name":"Shop","item":"https:\/\/insektenliebe.com\/de\/shop\/"},{"@type":"ListItem","position":3,"name":"Arcadia Jungle Dawn LED BAR"}]},{"@type":"WebSite","@id":"https:\/\/insektenliebe.com\/de\/#website","url":"https:\/\/insektenliebe.com\/de\/","name":"Insektenliebe","description":"Dein Zuhause f\u00fcr die kleinen Lebewesen","publisher":{"@id":"https:\/\/insektenliebe.com\/de\/#organization"},"potentialAction":[{"@type":"SearchAction","target":{"@type":"EntryPoint","urlTemplate":"https:\/\/insektenliebe.com\/de\/?s={search_term_string}"},"query-input":{"@type":"PropertyValueSpecification","valueRequired":true,"valueName":"search_term_string"}}],"inLanguage":"de"},{"@type":"Organization","@id":"https:\/\/insektenliebe.com\/de\/#organization","name":"Insektenliebe","url":"https:\/\/insektenliebe.com\/de\/","logo":{"@type":"ImageObject","inLanguage":"de","@id":"https:\/\/insektenliebe.com\/de\/#\/schema\/logo\/image\/","url":"https:\/\/insektenliebe.com\/wp-content\/uploads\/2025\/03\/logo-white.png","contentUrl":"https:\/\/insektenliebe.com\/wp-content\/uploads\/2025\/03\/logo-white.png","width":288,"height":188,"caption":"Insektenliebe"},"image":{"@id":"https:\/\/insektenliebe.com\/de\/#\/schema\/logo\/image\/"}}]},"og_availability":"instock","product_availability":"instock","product_retailer_item_id":"360","product_condition":"new"},"_links":{"self":[{"href":"https:\/\/insektenliebe.com\/de\/wp-json\/wp\/v2\/product\/5216","targetHints":{"allow":["GET"]}}],"collection":[{"href":"https:\/\/insektenliebe.com\/de\/wp-json\/wp\/v2\/product"}],"about":[{"href":"https:\/\/insektenliebe.com\/de\/wp-json\/wp\/v2\/types\/product"}],"wp:featuredmedia":[{"embeddable":true,"href":"https:\/\/insektenliebe.com\/de\/wp-json\/wp\/v2\/media\/5242"}],"wp:attachment":[{"href":"https:\/\/insektenliebe.com\/de\/wp-json\/wp\/v2\/media?parent=5216"}],"wp:term":[{"taxonomy":"product-supplier","embeddable":true,"href":"https:\/\/insektenliebe.com\/de\/wp-json\/wp\/v2\/product-supplier?post=5216"},{"taxonomy":"product_brand","embeddable":true,"href":"https:\/\/insektenliebe.com\/de\/wp-json\/wp\/v2\/product_brand?post=5216"},{"taxonomy":"product_cat","embeddable":true,"href":"https:\/\/insektenliebe.com\/de\/wp-json\/wp\/v2\/product_cat?post=5216"},{"taxonomy":"product_tag","embeddable":true,"href":"https:\/\/insektenliebe.com\/de\/wp-json\/wp\/v2\/product_tag?post=5216"},{"taxonomy":"lce-checkout-addons","embeddable":true,"href":"https:\/\/insektenliebe.com\/de\/wp-json\/wp\/v2\/lce-checkout-addons?post=5216"}],"curies":[{"name":"wp","href":"https:\/\/api.w.org\/{rel}","templated":true}]}}